{"id":1893,"date":"2019-02-20T15:02:57","date_gmt":"2019-02-20T15:02:57","guid":{"rendered":"https:\/\/esthetiquenovani.com\/produit\/carte-cadeau\/"},"modified":"2026-01-08T14:38:06","modified_gmt":"2026-01-08T19:38:06","slug":"carte-cadeau","status":"publish","type":"product","link":"https:\/\/esthetiquenovani.com\/en\/boutique\/carte-cadeaux-et-forfaits\/carte-cadeau\/","title":{"rendered":"Carte-Cadeau"},"content":{"rendered":"","protected":false},"excerpt":{"rendered":"<p>Les cartes-cadeaux Clinique d&#8217;Esth\u00e9tique Novani, c&#8217;est offrir ou s&#8217;offrir le bien-\u00eatre en cadeau !<br \/>\nSi vous d\u00e9sirez offrir une combinaison de soins pour r\u00e9pondre aux besoins pr\u00e9cis d&#8217;un \u00eatre cher, appelez-nous, nous composons des forfaits enti\u00e8rement personnalis\u00e9s.\u00a0 Le montant de la carte-cadeau peut-\u00eatre utilisable en tout temps et ne perd aucune valeur mon\u00e9taire au fil des ans.<\/p>\n","protected":false},"featured_media":227805,"template":"","meta":{"_et_pb_use_builder":"off","_et_pb_old_content":"","_et_gb_content_width":""},"product_brand":[],"product_cat":[43,71],"product_tag":[],"class_list":{"0":"post-1893","1":"product","2":"type-product","3":"status-publish","4":"has-post-thumbnail","6":"product_cat-carte-cadeaux-et-forfaits","7":"product_cat-promotions","9":"first","10":"instock","11":"purchasable","12":"product-type-pw-gift-card"},"yoast_head":"<!-- This site is optimized with the Yoast SEO plugin v27.5 - https:\/\/yoast.com\/product\/yoast-seo-wordpress\/ -->\n<title>Carte-cadeau | certificat-cadeau | ch\u00e8que-cadeau Esth\u00e9ticienne Longueuil<\/title>\n<meta name=\"description\" content=\"Les cartes-cadeaux Institut d&#039;Esth\u00e9tique Huguette Turcotte est id\u00e9ale pour offrir un soin, un forfait ou des produits bien-\u00eatre.\" \/>\n<meta name=\"robots\" content=\"index, follow, max-snippet:-1, max-image-preview:large, max-video-preview:-1\" \/>\n<link rel=\"canonical\" href=\"https:\/\/esthetiquenovani.com\/boutique\/carte-cadeaux-et-forfaits\/carte-cadeau\/\" \/>\n<meta property=\"og:locale\" content=\"en_US\" \/>\n<meta property=\"og:type\" content=\"article\" \/>\n<meta property=\"og:title\" content=\"Carte-cadeau | certificat-cadeau | ch\u00e8que-cadeau Esth\u00e9ticienne Longueuil\" \/>\n<meta property=\"og:description\" content=\"Les cartes-cadeaux Institut d&#039;Esth\u00e9tique Huguette Turcotte est id\u00e9ale pour offrir un soin, un forfait ou des produits bien-\u00eatre.\" \/>\n<meta property=\"og:url\" content=\"https:\/\/esthetiquenovani.com\/boutique\/carte-cadeaux-et-forfaits\/carte-cadeau\/\" \/>\n<meta property=\"og:site_name\" content=\"Clinique d&#039;Esth&eacute;tique Novani\" \/>\n<meta property=\"article:publisher\" content=\"https:\/\/www.facebook.com\/esthetiquehturcotte\" \/>\n<meta property=\"article:modified_time\" content=\"2026-01-08T19:38:06+00:00\" \/>\n<meta property=\"og:image\" content=\"https:\/\/esthetiquenovani.com\/wp-content\/uploads\/2019\/02\/Carte-cadeau-et-forfait-esthetique-Soins-corps-et-visage-a-Brossard-Longueuil-et-Chambly-Clinique-dEsthetique-Novani-1.jpg\" \/>\n\t<meta property=\"og:image:width\" content=\"659\" \/>\n\t<meta property=\"og:image:height\" content=\"659\" \/>\n\t<meta property=\"og:image:type\" content=\"image\/jpeg\" \/>\n<meta name=\"twitter:card\" content=\"summary_large_image\" \/>\n<meta name=\"twitter:label1\" content=\"Est. reading time\" \/>\n\t<meta name=\"twitter:data1\" content=\"1 minute\" \/>\n<script type=\"application\/ld+json\" class=\"yoast-schema-graph\">{\"@context\":\"https:\\\/\\\/schema.org\",\"@graph\":[{\"@type\":\"WebPage\",\"@id\":\"https:\\\/\\\/esthetiquenovani.com\\\/boutique\\\/carte-cadeaux-et-forfaits\\\/carte-cadeau\\\/\",\"url\":\"https:\\\/\\\/esthetiquenovani.com\\\/boutique\\\/carte-cadeaux-et-forfaits\\\/carte-cadeau\\\/\",\"name\":\"Carte-cadeau | certificat-cadeau | ch\u00e8que-cadeau Esth\u00e9ticienne Longueuil\",\"isPartOf\":{\"@id\":\"https:\\\/\\\/esthetiquenovani.com\\\/#website\"},\"primaryImageOfPage\":{\"@id\":\"https:\\\/\\\/esthetiquenovani.com\\\/boutique\\\/carte-cadeaux-et-forfaits\\\/carte-cadeau\\\/#primaryimage\"},\"image\":{\"@id\":\"https:\\\/\\\/esthetiquenovani.com\\\/boutique\\\/carte-cadeaux-et-forfaits\\\/carte-cadeau\\\/#primaryimage\"},\"thumbnailUrl\":\"https:\\\/\\\/esthetiquenovani.com\\\/wp-content\\\/uploads\\\/2019\\\/02\\\/Carte-cadeau-et-forfait-esthetique-Soins-corps-et-visage-a-Brossard-Longueuil-et-Chambly-Clinique-dEsthetique-Novani-1.jpg\",\"datePublished\":\"2019-02-20T15:02:57+00:00\",\"dateModified\":\"2026-01-08T19:38:06+00:00\",\"description\":\"Les cartes-cadeaux Institut d'Esth\u00e9tique Huguette Turcotte est id\u00e9ale pour offrir un soin, un forfait ou des produits bien-\u00eatre.\",\"breadcrumb\":{\"@id\":\"https:\\\/\\\/esthetiquenovani.com\\\/boutique\\\/carte-cadeaux-et-forfaits\\\/carte-cadeau\\\/#breadcrumb\"},\"inLanguage\":\"en-US\",\"potentialAction\":[{\"@type\":\"ReadAction\",\"target\":[\"https:\\\/\\\/esthetiquenovani.com\\\/boutique\\\/carte-cadeaux-et-forfaits\\\/carte-cadeau\\\/\"]}]},{\"@type\":\"ImageObject\",\"inLanguage\":\"en-US\",\"@id\":\"https:\\\/\\\/esthetiquenovani.com\\\/boutique\\\/carte-cadeaux-et-forfaits\\\/carte-cadeau\\\/#primaryimage\",\"url\":\"https:\\\/\\\/esthetiquenovani.com\\\/wp-content\\\/uploads\\\/2019\\\/02\\\/Carte-cadeau-et-forfait-esthetique-Soins-corps-et-visage-a-Brossard-Longueuil-et-Chambly-Clinique-dEsthetique-Novani-1.jpg\",\"contentUrl\":\"https:\\\/\\\/esthetiquenovani.com\\\/wp-content\\\/uploads\\\/2019\\\/02\\\/Carte-cadeau-et-forfait-esthetique-Soins-corps-et-visage-a-Brossard-Longueuil-et-Chambly-Clinique-dEsthetique-Novani-1.jpg\",\"width\":659,\"height\":659},{\"@type\":\"BreadcrumbList\",\"@id\":\"https:\\\/\\\/esthetiquenovani.com\\\/boutique\\\/carte-cadeaux-et-forfaits\\\/carte-cadeau\\\/#breadcrumb\",\"itemListElement\":[{\"@type\":\"ListItem\",\"position\":1,\"name\":\"Accueil\",\"item\":\"https:\\\/\\\/esthetiquenovani.com\\\/en\\\/\"},{\"@type\":\"ListItem\",\"position\":2,\"name\":\"Boutique\",\"item\":\"https:\\\/\\\/esthetiquenovani.com\\\/boutique\\\/\"},{\"@type\":\"ListItem\",\"position\":3,\"name\":\"Carte-Cadeau\"}]},{\"@type\":\"WebSite\",\"@id\":\"https:\\\/\\\/esthetiquenovani.com\\\/#website\",\"url\":\"https:\\\/\\\/esthetiquenovani.com\\\/\",\"name\":\"Clinique d'Esth&eacute;tique Novani\",\"description\":\"Brossard, Longueil &amp; Chambly\",\"publisher\":{\"@id\":\"https:\\\/\\\/esthetiquenovani.com\\\/#organization\"},\"potentialAction\":[{\"@type\":\"SearchAction\",\"target\":{\"@type\":\"EntryPoint\",\"urlTemplate\":\"https:\\\/\\\/esthetiquenovani.com\\\/?s={search_term_string}\"},\"query-input\":{\"@type\":\"PropertyValueSpecification\",\"valueRequired\":true,\"valueName\":\"search_term_string\"}}],\"inLanguage\":\"en-US\"},{\"@type\":\"Organization\",\"@id\":\"https:\\\/\\\/esthetiquenovani.com\\\/#organization\",\"name\":\"Esth\u00e9tique Huguette Turcotte\",\"url\":\"https:\\\/\\\/esthetiquenovani.com\\\/\",\"logo\":{\"@type\":\"ImageObject\",\"inLanguage\":\"en-US\",\"@id\":\"https:\\\/\\\/esthetiquenovani.com\\\/#\\\/schema\\\/logo\\\/image\\\/\",\"url\":\"https:\\\/\\\/esthetiquenovani.com\\\/wp-content\\\/uploads\\\/2018\\\/01\\\/qui-sommes-nous.jpg\",\"contentUrl\":\"https:\\\/\\\/esthetiquenovani.com\\\/wp-content\\\/uploads\\\/2018\\\/01\\\/qui-sommes-nous.jpg\",\"width\":637,\"height\":425,\"caption\":\"Esth\u00e9tique Huguette Turcotte\"},\"image\":{\"@id\":\"https:\\\/\\\/esthetiquenovani.com\\\/#\\\/schema\\\/logo\\\/image\\\/\"},\"sameAs\":[\"https:\\\/\\\/www.facebook.com\\\/esthetiquehturcotte\"]}]}<\/script>\n<!-- \/ Yoast SEO plugin. -->","yoast_head_json":{"title":"Carte-cadeau | certificat-cadeau | ch\u00e8que-cadeau Esth\u00e9ticienne Longueuil","description":"Les cartes-cadeaux Institut d'Esth\u00e9tique Huguette Turcotte est id\u00e9ale pour offrir un soin, un forfait ou des produits bien-\u00eatre.","robots":{"index":"index","follow":"follow","max-snippet":"max-snippet:-1","max-image-preview":"max-image-preview:large","max-video-preview":"max-video-preview:-1"},"canonical":"https:\/\/esthetiquenovani.com\/boutique\/carte-cadeaux-et-forfaits\/carte-cadeau\/","og_locale":"en_US","og_type":"article","og_title":"Carte-cadeau | certificat-cadeau | ch\u00e8que-cadeau Esth\u00e9ticienne Longueuil","og_description":"Les cartes-cadeaux Institut d'Esth\u00e9tique Huguette Turcotte est id\u00e9ale pour offrir un soin, un forfait ou des produits bien-\u00eatre.","og_url":"https:\/\/esthetiquenovani.com\/boutique\/carte-cadeaux-et-forfaits\/carte-cadeau\/","og_site_name":"Clinique d'Esth&eacute;tique Novani","article_publisher":"https:\/\/www.facebook.com\/esthetiquehturcotte","article_modified_time":"2026-01-08T19:38:06+00:00","og_image":[{"width":659,"height":659,"url":"https:\/\/esthetiquenovani.com\/wp-content\/uploads\/2019\/02\/Carte-cadeau-et-forfait-esthetique-Soins-corps-et-visage-a-Brossard-Longueuil-et-Chambly-Clinique-dEsthetique-Novani-1.jpg","type":"image\/jpeg"}],"twitter_card":"summary_large_image","twitter_misc":{"Est. reading time":"1 minute"},"schema":{"@context":"https:\/\/schema.org","@graph":[{"@type":"WebPage","@id":"https:\/\/esthetiquenovani.com\/boutique\/carte-cadeaux-et-forfaits\/carte-cadeau\/","url":"https:\/\/esthetiquenovani.com\/boutique\/carte-cadeaux-et-forfaits\/carte-cadeau\/","name":"Carte-cadeau | certificat-cadeau | ch\u00e8que-cadeau Esth\u00e9ticienne Longueuil","isPartOf":{"@id":"https:\/\/esthetiquenovani.com\/#website"},"primaryImageOfPage":{"@id":"https:\/\/esthetiquenovani.com\/boutique\/carte-cadeaux-et-forfaits\/carte-cadeau\/#primaryimage"},"image":{"@id":"https:\/\/esthetiquenovani.com\/boutique\/carte-cadeaux-et-forfaits\/carte-cadeau\/#primaryimage"},"thumbnailUrl":"https:\/\/esthetiquenovani.com\/wp-content\/uploads\/2019\/02\/Carte-cadeau-et-forfait-esthetique-Soins-corps-et-visage-a-Brossard-Longueuil-et-Chambly-Clinique-dEsthetique-Novani-1.jpg","datePublished":"2019-02-20T15:02:57+00:00","dateModified":"2026-01-08T19:38:06+00:00","description":"Les cartes-cadeaux Institut d'Esth\u00e9tique Huguette Turcotte est id\u00e9ale pour offrir un soin, un forfait ou des produits bien-\u00eatre.","breadcrumb":{"@id":"https:\/\/esthetiquenovani.com\/boutique\/carte-cadeaux-et-forfaits\/carte-cadeau\/#breadcrumb"},"inLanguage":"en-US","potentialAction":[{"@type":"ReadAction","target":["https:\/\/esthetiquenovani.com\/boutique\/carte-cadeaux-et-forfaits\/carte-cadeau\/"]}]},{"@type":"ImageObject","inLanguage":"en-US","@id":"https:\/\/esthetiquenovani.com\/boutique\/carte-cadeaux-et-forfaits\/carte-cadeau\/#primaryimage","url":"https:\/\/esthetiquenovani.com\/wp-content\/uploads\/2019\/02\/Carte-cadeau-et-forfait-esthetique-Soins-corps-et-visage-a-Brossard-Longueuil-et-Chambly-Clinique-dEsthetique-Novani-1.jpg","contentUrl":"https:\/\/esthetiquenovani.com\/wp-content\/uploads\/2019\/02\/Carte-cadeau-et-forfait-esthetique-Soins-corps-et-visage-a-Brossard-Longueuil-et-Chambly-Clinique-dEsthetique-Novani-1.jpg","width":659,"height":659},{"@type":"BreadcrumbList","@id":"https:\/\/esthetiquenovani.com\/boutique\/carte-cadeaux-et-forfaits\/carte-cadeau\/#breadcrumb","itemListElement":[{"@type":"ListItem","position":1,"name":"Accueil","item":"https:\/\/esthetiquenovani.com\/en\/"},{"@type":"ListItem","position":2,"name":"Boutique","item":"https:\/\/esthetiquenovani.com\/boutique\/"},{"@type":"ListItem","position":3,"name":"Carte-Cadeau"}]},{"@type":"WebSite","@id":"https:\/\/esthetiquenovani.com\/#website","url":"https:\/\/esthetiquenovani.com\/","name":"Clinique d'Esth&eacute;tique Novani","description":"Brossard, Longueil &amp; Chambly","publisher":{"@id":"https:\/\/esthetiquenovani.com\/#organization"},"potentialAction":[{"@type":"SearchAction","target":{"@type":"EntryPoint","urlTemplate":"https:\/\/esthetiquenovani.com\/?s={search_term_string}"},"query-input":{"@type":"PropertyValueSpecification","valueRequired":true,"valueName":"search_term_string"}}],"inLanguage":"en-US"},{"@type":"Organization","@id":"https:\/\/esthetiquenovani.com\/#organization","name":"Esth\u00e9tique Huguette Turcotte","url":"https:\/\/esthetiquenovani.com\/","logo":{"@type":"ImageObject","inLanguage":"en-US","@id":"https:\/\/esthetiquenovani.com\/#\/schema\/logo\/image\/","url":"https:\/\/esthetiquenovani.com\/wp-content\/uploads\/2018\/01\/qui-sommes-nous.jpg","contentUrl":"https:\/\/esthetiquenovani.com\/wp-content\/uploads\/2018\/01\/qui-sommes-nous.jpg","width":637,"height":425,"caption":"Esth\u00e9tique Huguette Turcotte"},"image":{"@id":"https:\/\/esthetiquenovani.com\/#\/schema\/logo\/image\/"},"sameAs":["https:\/\/www.facebook.com\/esthetiquehturcotte"]}]}},"_links":{"self":[{"href":"https:\/\/esthetiquenovani.com\/en\/wp-json\/wp\/v2\/product\/1893","targetHints":{"allow":["GET"]}}],"collection":[{"href":"https:\/\/esthetiquenovani.com\/en\/wp-json\/wp\/v2\/product"}],"about":[{"href":"https:\/\/esthetiquenovani.com\/en\/wp-json\/wp\/v2\/types\/product"}],"wp:featuredmedia":[{"embeddable":true,"href":"https:\/\/esthetiquenovani.com\/en\/wp-json\/wp\/v2\/media\/227805"}],"wp:attachment":[{"href":"https:\/\/esthetiquenovani.com\/en\/wp-json\/wp\/v2\/media?parent=1893"}],"wp:term":[{"taxonomy":"product_brand","embeddable":true,"href":"https:\/\/esthetiquenovani.com\/en\/wp-json\/wp\/v2\/product_brand?post=1893"},{"taxonomy":"product_cat","embeddable":true,"href":"https:\/\/esthetiquenovani.com\/en\/wp-json\/wp\/v2\/product_cat?post=1893"},{"taxonomy":"product_tag","embeddable":true,"href":"https:\/\/esthetiquenovani.com\/en\/wp-json\/wp\/v2\/product_tag?post=1893"}],"curies":[{"name":"wp","href":"https:\/\/api.w.org\/{rel}","templated":true}]}}