{"id":224148,"date":"2022-10-18T22:12:43","date_gmt":"2022-10-19T02:12:43","guid":{"rendered":"https:\/\/esthetiquenovani.com\/?post_type=product&#038;p=224148"},"modified":"2026-02-05T09:51:34","modified_gmt":"2026-02-05T14:51:34","slug":"dr-renaud-pure-regene-serum-multiperfection","status":"publish","type":"product","link":"https:\/\/esthetiquenovani.com\/en\/boutique\/gammes\/laboratoire-dr-renaud\/serums-2\/dr-renaud-pure-regene-serum-multiperfection\/","title":{"rendered":"Dr Renaud &#8211; PURE Re[Gene] &#8211; S\u00e9rum MultiPerfection"},"content":{"rendered":"<p>PURE Re[Gene] : Les chercheurs\u00a0Laboratoire Dr Renaud d\u00e9voilent\u00a0une strat\u00e9gie\u00a0intelligente\u00a0centr\u00e9e sur le pouvoir des cytokines\u00a0biomim\u00e9tiques.\u00a0En\u00a0r\u00e9tablissant\u00a0naturellement un niveau de\u00a0communication cellulaire\u00a0semblable \u00e0 celui\u00a0d\u2019une peau jeune, PURE\u00a0Re[Gene]\u00a0permet \u00e0 la peau\u00a0de retrouver ses m\u00e9canismes de jeunesse et rajeunit\u00a0avec succ\u00e8s la matrice cutan\u00e9e.<\/p>\n","protected":false},"excerpt":{"rendered":"<p>Le S\u00e9rum MultiPerfection Re Gene am\u00e9liore significativement la production de collag\u00e8ne et d&#8217;\u00e9lastine.<br \/>\nConstatez l&#8217;efficacit\u00e9 exceptionnelle des soins de la gamme ReGene \u00e0 la texture luxueuse et raffin\u00e9e du S\u00e9rum MultiPerfection. Il convient \u00e0 tous les types de peaux, m\u00eame les plus sensibles.<\/p>\n<ul>\n<li>Redonne de l&#8217;\u00e9clat et unifie le teint<\/li>\n<li>Nourrit et hydrate la peau en profondeur<\/li>\n<li>Repulpe les rides<\/li>\n<li>Am\u00e9liore significativement la fermet\u00e9, l\u2019\u00e9lasticit\u00e9 et la densit\u00e9 de la peau<\/li>\n<li>Sublime la texture de la peau<\/li>\n<li>Red\u00e9finit l\u2019ovale du visage<\/li>\n<\/ul>\n<p>30 Ml<\/p>\n","protected":false},"featured_media":224150,"template":"","meta":{"_et_pb_use_builder":"","_et_pb_old_content":"","_et_gb_content_width":""},"product_brand":[],"product_cat":[108,112,69,68,61,71,60,59],"product_tag":[],"class_list":{"0":"post-224148","1":"product","2":"type-product","3":"status-publish","4":"has-post-thumbnail","6":"product_cat-serums-2","7":"product_cat-7-gamme-pure-cure-visage-anti-age-brevetee","8":"product_cat-cures-jeunesse-pure-gamme-anti-age-brevetee","9":"product_cat-laboratoire-dr-renaud","10":"product_cat-peaux-matures-et-perte-de-densite","11":"product_cat-promotions","12":"product_cat-rides-installees-et-perte-de-fermete","13":"product_cat-serums","15":"first","16":"instock","17":"taxable","18":"shipping-taxable","19":"purchasable","20":"product-type-simple"},"yoast_head":"<!-- This site is optimized with the Yoast SEO plugin v27.4 - https:\/\/yoast.com\/product\/yoast-seo-wordpress\/ -->\n<title>S\u00e9rum Pure ReGene antiride | Laboratoire Dr Renaud Longueuil<\/title>\n<meta name=\"description\" content=\"Le S\u00e9rum antiride MultiPerfection Pure ReGene am\u00e9liore significativement la production de collag\u00e8ne et d&#039;\u00e9lastine. Innovation Laboratoire Dr Renaud\" \/>\n<meta name=\"robots\" content=\"index, follow, max-snippet:-1, max-image-preview:large, max-video-preview:-1\" \/>\n<link rel=\"canonical\" href=\"https:\/\/esthetiquenovani.com\/boutique\/gammes\/laboratoire-dr-renaud\/serums-2\/dr-renaud-pure-regene-serum-multiperfection\/\" \/>\n<meta property=\"og:locale\" content=\"en_US\" \/>\n<meta property=\"og:type\" content=\"article\" \/>\n<meta property=\"og:title\" content=\"S\u00e9rum Pure ReGene antiride | Laboratoire Dr Renaud Longueuil\" \/>\n<meta property=\"og:description\" content=\"Le S\u00e9rum antiride MultiPerfection Pure ReGene am\u00e9liore significativement la production de collag\u00e8ne et d&#039;\u00e9lastine. Innovation Laboratoire Dr Renaud\" \/>\n<meta property=\"og:url\" content=\"https:\/\/esthetiquenovani.com\/boutique\/gammes\/laboratoire-dr-renaud\/serums-2\/dr-renaud-pure-regene-serum-multiperfection\/\" \/>\n<meta property=\"og:site_name\" content=\"Clinique d&#039;Esth&eacute;tique Novani\" \/>\n<meta property=\"article:publisher\" content=\"https:\/\/www.facebook.com\/esthetiquehturcotte\" \/>\n<meta property=\"article:modified_time\" content=\"2026-02-05T14:51:34+00:00\" \/>\n<meta property=\"og:image\" content=\"https:\/\/esthetiquenovani.com\/wp-content\/uploads\/2022\/10\/50107176_LDR_PURE_ReGene_Multi-Perfection_Serum_30ml_590x.webp\" \/>\n\t<meta property=\"og:image:width\" content=\"590\" \/>\n\t<meta property=\"og:image:height\" content=\"590\" \/>\n\t<meta property=\"og:image:type\" content=\"image\/webp\" \/>\n<meta name=\"twitter:card\" content=\"summary_large_image\" \/>\n<meta name=\"twitter:label1\" content=\"Est. reading time\" \/>\n\t<meta name=\"twitter:data1\" content=\"1 minute\" \/>\n<script type=\"application\/ld+json\" class=\"yoast-schema-graph\">{\"@context\":\"https:\\\/\\\/schema.org\",\"@graph\":[{\"@type\":\"WebPage\",\"@id\":\"https:\\\/\\\/esthetiquenovani.com\\\/boutique\\\/gammes\\\/laboratoire-dr-renaud\\\/serums-2\\\/dr-renaud-pure-regene-serum-multiperfection\\\/\",\"url\":\"https:\\\/\\\/esthetiquenovani.com\\\/boutique\\\/gammes\\\/laboratoire-dr-renaud\\\/serums-2\\\/dr-renaud-pure-regene-serum-multiperfection\\\/\",\"name\":\"S\u00e9rum Pure ReGene antiride | Laboratoire Dr Renaud Longueuil\",\"isPartOf\":{\"@id\":\"https:\\\/\\\/esthetiquenovani.com\\\/#website\"},\"primaryImageOfPage\":{\"@id\":\"https:\\\/\\\/esthetiquenovani.com\\\/boutique\\\/gammes\\\/laboratoire-dr-renaud\\\/serums-2\\\/dr-renaud-pure-regene-serum-multiperfection\\\/#primaryimage\"},\"image\":{\"@id\":\"https:\\\/\\\/esthetiquenovani.com\\\/boutique\\\/gammes\\\/laboratoire-dr-renaud\\\/serums-2\\\/dr-renaud-pure-regene-serum-multiperfection\\\/#primaryimage\"},\"thumbnailUrl\":\"https:\\\/\\\/esthetiquenovani.com\\\/wp-content\\\/uploads\\\/2022\\\/10\\\/50107176_LDR_PURE_ReGene_Multi-Perfection_Serum_30ml_590x.webp\",\"datePublished\":\"2022-10-19T02:12:43+00:00\",\"dateModified\":\"2026-02-05T14:51:34+00:00\",\"description\":\"Le S\u00e9rum antiride MultiPerfection Pure ReGene am\u00e9liore significativement la production de collag\u00e8ne et d'\u00e9lastine. Innovation Laboratoire Dr Renaud\",\"breadcrumb\":{\"@id\":\"https:\\\/\\\/esthetiquenovani.com\\\/boutique\\\/gammes\\\/laboratoire-dr-renaud\\\/serums-2\\\/dr-renaud-pure-regene-serum-multiperfection\\\/#breadcrumb\"},\"inLanguage\":\"en-US\",\"potentialAction\":[{\"@type\":\"ReadAction\",\"target\":[\"https:\\\/\\\/esthetiquenovani.com\\\/boutique\\\/gammes\\\/laboratoire-dr-renaud\\\/serums-2\\\/dr-renaud-pure-regene-serum-multiperfection\\\/\"]}]},{\"@type\":\"ImageObject\",\"inLanguage\":\"en-US\",\"@id\":\"https:\\\/\\\/esthetiquenovani.com\\\/boutique\\\/gammes\\\/laboratoire-dr-renaud\\\/serums-2\\\/dr-renaud-pure-regene-serum-multiperfection\\\/#primaryimage\",\"url\":\"https:\\\/\\\/esthetiquenovani.com\\\/wp-content\\\/uploads\\\/2022\\\/10\\\/50107176_LDR_PURE_ReGene_Multi-Perfection_Serum_30ml_590x.webp\",\"contentUrl\":\"https:\\\/\\\/esthetiquenovani.com\\\/wp-content\\\/uploads\\\/2022\\\/10\\\/50107176_LDR_PURE_ReGene_Multi-Perfection_Serum_30ml_590x.webp\",\"width\":590,\"height\":590,\"caption\":\"S\u00e9rum ReGene Multiperfection Laboratoire Dr Renaud Longueuil\"},{\"@type\":\"BreadcrumbList\",\"@id\":\"https:\\\/\\\/esthetiquenovani.com\\\/boutique\\\/gammes\\\/laboratoire-dr-renaud\\\/serums-2\\\/dr-renaud-pure-regene-serum-multiperfection\\\/#breadcrumb\",\"itemListElement\":[{\"@type\":\"ListItem\",\"position\":1,\"name\":\"Accueil\",\"item\":\"https:\\\/\\\/esthetiquenovani.com\\\/en\\\/\"},{\"@type\":\"ListItem\",\"position\":2,\"name\":\"Boutique\",\"item\":\"https:\\\/\\\/esthetiquenovani.com\\\/boutique\\\/\"},{\"@type\":\"ListItem\",\"position\":3,\"name\":\"Dr Renaud &#8211; PURE Re[Gene] &#8211; S\u00e9rum MultiPerfection\"}]},{\"@type\":\"WebSite\",\"@id\":\"https:\\\/\\\/esthetiquenovani.com\\\/#website\",\"url\":\"https:\\\/\\\/esthetiquenovani.com\\\/\",\"name\":\"Clinique d'Esth&eacute;tique Novani\",\"description\":\"Brossard, Longueil &amp; Chambly\",\"publisher\":{\"@id\":\"https:\\\/\\\/esthetiquenovani.com\\\/#organization\"},\"potentialAction\":[{\"@type\":\"SearchAction\",\"target\":{\"@type\":\"EntryPoint\",\"urlTemplate\":\"https:\\\/\\\/esthetiquenovani.com\\\/?s={search_term_string}\"},\"query-input\":{\"@type\":\"PropertyValueSpecification\",\"valueRequired\":true,\"valueName\":\"search_term_string\"}}],\"inLanguage\":\"en-US\"},{\"@type\":\"Organization\",\"@id\":\"https:\\\/\\\/esthetiquenovani.com\\\/#organization\",\"name\":\"Esth\u00e9tique Huguette Turcotte\",\"url\":\"https:\\\/\\\/esthetiquenovani.com\\\/\",\"logo\":{\"@type\":\"ImageObject\",\"inLanguage\":\"en-US\",\"@id\":\"https:\\\/\\\/esthetiquenovani.com\\\/#\\\/schema\\\/logo\\\/image\\\/\",\"url\":\"https:\\\/\\\/esthetiquenovani.com\\\/wp-content\\\/uploads\\\/2018\\\/01\\\/qui-sommes-nous.jpg\",\"contentUrl\":\"https:\\\/\\\/esthetiquenovani.com\\\/wp-content\\\/uploads\\\/2018\\\/01\\\/qui-sommes-nous.jpg\",\"width\":637,\"height\":425,\"caption\":\"Esth\u00e9tique Huguette Turcotte\"},\"image\":{\"@id\":\"https:\\\/\\\/esthetiquenovani.com\\\/#\\\/schema\\\/logo\\\/image\\\/\"},\"sameAs\":[\"https:\\\/\\\/www.facebook.com\\\/esthetiquehturcotte\"]}]}<\/script>\n<!-- \/ Yoast SEO plugin. -->","yoast_head_json":{"title":"S\u00e9rum Pure ReGene antiride | Laboratoire Dr Renaud Longueuil","description":"Le S\u00e9rum antiride MultiPerfection Pure ReGene am\u00e9liore significativement la production de collag\u00e8ne et d'\u00e9lastine. Innovation Laboratoire Dr Renaud","robots":{"index":"index","follow":"follow","max-snippet":"max-snippet:-1","max-image-preview":"max-image-preview:large","max-video-preview":"max-video-preview:-1"},"canonical":"https:\/\/esthetiquenovani.com\/boutique\/gammes\/laboratoire-dr-renaud\/serums-2\/dr-renaud-pure-regene-serum-multiperfection\/","og_locale":"en_US","og_type":"article","og_title":"S\u00e9rum Pure ReGene antiride | Laboratoire Dr Renaud Longueuil","og_description":"Le S\u00e9rum antiride MultiPerfection Pure ReGene am\u00e9liore significativement la production de collag\u00e8ne et d'\u00e9lastine. Innovation Laboratoire Dr Renaud","og_url":"https:\/\/esthetiquenovani.com\/boutique\/gammes\/laboratoire-dr-renaud\/serums-2\/dr-renaud-pure-regene-serum-multiperfection\/","og_site_name":"Clinique d'Esth&eacute;tique Novani","article_publisher":"https:\/\/www.facebook.com\/esthetiquehturcotte","article_modified_time":"2026-02-05T14:51:34+00:00","og_image":[{"width":590,"height":590,"url":"https:\/\/esthetiquenovani.com\/wp-content\/uploads\/2022\/10\/50107176_LDR_PURE_ReGene_Multi-Perfection_Serum_30ml_590x.webp","type":"image\/webp"}],"twitter_card":"summary_large_image","twitter_misc":{"Est. reading time":"1 minute"},"schema":{"@context":"https:\/\/schema.org","@graph":[{"@type":"WebPage","@id":"https:\/\/esthetiquenovani.com\/boutique\/gammes\/laboratoire-dr-renaud\/serums-2\/dr-renaud-pure-regene-serum-multiperfection\/","url":"https:\/\/esthetiquenovani.com\/boutique\/gammes\/laboratoire-dr-renaud\/serums-2\/dr-renaud-pure-regene-serum-multiperfection\/","name":"S\u00e9rum Pure ReGene antiride | Laboratoire Dr Renaud Longueuil","isPartOf":{"@id":"https:\/\/esthetiquenovani.com\/#website"},"primaryImageOfPage":{"@id":"https:\/\/esthetiquenovani.com\/boutique\/gammes\/laboratoire-dr-renaud\/serums-2\/dr-renaud-pure-regene-serum-multiperfection\/#primaryimage"},"image":{"@id":"https:\/\/esthetiquenovani.com\/boutique\/gammes\/laboratoire-dr-renaud\/serums-2\/dr-renaud-pure-regene-serum-multiperfection\/#primaryimage"},"thumbnailUrl":"https:\/\/esthetiquenovani.com\/wp-content\/uploads\/2022\/10\/50107176_LDR_PURE_ReGene_Multi-Perfection_Serum_30ml_590x.webp","datePublished":"2022-10-19T02:12:43+00:00","dateModified":"2026-02-05T14:51:34+00:00","description":"Le S\u00e9rum antiride MultiPerfection Pure ReGene am\u00e9liore significativement la production de collag\u00e8ne et d'\u00e9lastine. Innovation Laboratoire Dr Renaud","breadcrumb":{"@id":"https:\/\/esthetiquenovani.com\/boutique\/gammes\/laboratoire-dr-renaud\/serums-2\/dr-renaud-pure-regene-serum-multiperfection\/#breadcrumb"},"inLanguage":"en-US","potentialAction":[{"@type":"ReadAction","target":["https:\/\/esthetiquenovani.com\/boutique\/gammes\/laboratoire-dr-renaud\/serums-2\/dr-renaud-pure-regene-serum-multiperfection\/"]}]},{"@type":"ImageObject","inLanguage":"en-US","@id":"https:\/\/esthetiquenovani.com\/boutique\/gammes\/laboratoire-dr-renaud\/serums-2\/dr-renaud-pure-regene-serum-multiperfection\/#primaryimage","url":"https:\/\/esthetiquenovani.com\/wp-content\/uploads\/2022\/10\/50107176_LDR_PURE_ReGene_Multi-Perfection_Serum_30ml_590x.webp","contentUrl":"https:\/\/esthetiquenovani.com\/wp-content\/uploads\/2022\/10\/50107176_LDR_PURE_ReGene_Multi-Perfection_Serum_30ml_590x.webp","width":590,"height":590,"caption":"S\u00e9rum ReGene Multiperfection Laboratoire Dr Renaud Longueuil"},{"@type":"BreadcrumbList","@id":"https:\/\/esthetiquenovani.com\/boutique\/gammes\/laboratoire-dr-renaud\/serums-2\/dr-renaud-pure-regene-serum-multiperfection\/#breadcrumb","itemListElement":[{"@type":"ListItem","position":1,"name":"Accueil","item":"https:\/\/esthetiquenovani.com\/en\/"},{"@type":"ListItem","position":2,"name":"Boutique","item":"https:\/\/esthetiquenovani.com\/boutique\/"},{"@type":"ListItem","position":3,"name":"Dr Renaud &#8211; PURE Re[Gene] &#8211; S\u00e9rum MultiPerfection"}]},{"@type":"WebSite","@id":"https:\/\/esthetiquenovani.com\/#website","url":"https:\/\/esthetiquenovani.com\/","name":"Clinique d'Esth&eacute;tique Novani","description":"Brossard, Longueil &amp; Chambly","publisher":{"@id":"https:\/\/esthetiquenovani.com\/#organization"},"potentialAction":[{"@type":"SearchAction","target":{"@type":"EntryPoint","urlTemplate":"https:\/\/esthetiquenovani.com\/?s={search_term_string}"},"query-input":{"@type":"PropertyValueSpecification","valueRequired":true,"valueName":"search_term_string"}}],"inLanguage":"en-US"},{"@type":"Organization","@id":"https:\/\/esthetiquenovani.com\/#organization","name":"Esth\u00e9tique Huguette Turcotte","url":"https:\/\/esthetiquenovani.com\/","logo":{"@type":"ImageObject","inLanguage":"en-US","@id":"https:\/\/esthetiquenovani.com\/#\/schema\/logo\/image\/","url":"https:\/\/esthetiquenovani.com\/wp-content\/uploads\/2018\/01\/qui-sommes-nous.jpg","contentUrl":"https:\/\/esthetiquenovani.com\/wp-content\/uploads\/2018\/01\/qui-sommes-nous.jpg","width":637,"height":425,"caption":"Esth\u00e9tique Huguette Turcotte"},"image":{"@id":"https:\/\/esthetiquenovani.com\/#\/schema\/logo\/image\/"},"sameAs":["https:\/\/www.facebook.com\/esthetiquehturcotte"]}]}},"_links":{"self":[{"href":"https:\/\/esthetiquenovani.com\/en\/wp-json\/wp\/v2\/product\/224148","targetHints":{"allow":["GET"]}}],"collection":[{"href":"https:\/\/esthetiquenovani.com\/en\/wp-json\/wp\/v2\/product"}],"about":[{"href":"https:\/\/esthetiquenovani.com\/en\/wp-json\/wp\/v2\/types\/product"}],"wp:featuredmedia":[{"embeddable":true,"href":"https:\/\/esthetiquenovani.com\/en\/wp-json\/wp\/v2\/media\/224150"}],"wp:attachment":[{"href":"https:\/\/esthetiquenovani.com\/en\/wp-json\/wp\/v2\/media?parent=224148"}],"wp:term":[{"taxonomy":"product_brand","embeddable":true,"href":"https:\/\/esthetiquenovani.com\/en\/wp-json\/wp\/v2\/product_brand?post=224148"},{"taxonomy":"product_cat","embeddable":true,"href":"https:\/\/esthetiquenovani.com\/en\/wp-json\/wp\/v2\/product_cat?post=224148"},{"taxonomy":"product_tag","embeddable":true,"href":"https:\/\/esthetiquenovani.com\/en\/wp-json\/wp\/v2\/product_tag?post=224148"}],"curies":[{"name":"wp","href":"https:\/\/api.w.org\/{rel}","templated":true}]}}