{"id":224189,"date":"2022-10-20T19:49:39","date_gmt":"2022-10-20T23:49:39","guid":{"rendered":"https:\/\/esthetiquenovani.com\/?post_type=product&#038;p=224189"},"modified":"2023-11-20T13:35:33","modified_gmt":"2023-11-20T18:35:33","slug":"dr-renaud-pure-kronoxyl-%e2%9e%88-duo-patches-contour-des-yeux","status":"publish","type":"product","link":"https:\/\/esthetiquenovani.com\/en\/boutique\/gammes\/laboratoire-dr-renaud\/5-cremes-contour-des-yeux\/dr-renaud-pure-kronoxyl-%e2%9e%88-duo-patches-contour-des-yeux\/","title":{"rendered":"Dr Renaud \u2013 Pure Kronoxyl-\u2788 \u2013 DUO Patches Contour Des Yeux"},"content":{"rendered":"","protected":false},"excerpt":{"rendered":"<p>Les Patches Pure Jeunesse contour des yeux en duo! Le cadeau parfait \u00e0 s&#8217;offrir ou \u00e0 offrir cette ann\u00e9e!<\/p>\n<p>Elles favorisent l\u2019obtention d\u2019un regard \u00e9clatant et rajeuni en 15 minutes gr\u00e2ce \u00e0 une formule riche en pror\u00e9tinol, en aloe vera et en vitamine K qui repulpe les traits et procure un effet <em>lifting<\/em>\u00a0imm\u00e9diat.<\/p>\n<p>Ils att\u00e9nuent visiblement rides et ridules, lissent, raffermissent et hydratent la peau tout en estompant les signes de fatigue.<\/p>\n","protected":false},"featured_media":224190,"template":"","meta":{"_et_pb_use_builder":"","_et_pb_old_content":"","_et_gb_content_width":""},"product_brand":[],"product_cat":[111,112,69,68,61,71,60,54],"product_tag":[],"class_list":{"0":"post-224189","1":"product","2":"type-product","3":"status-publish","4":"has-post-thumbnail","6":"product_cat-5-cremes-contour-des-yeux","7":"product_cat-7-gamme-pure-cure-visage-anti-age-brevetee","8":"product_cat-cures-jeunesse-pure-gamme-anti-age-brevetee","9":"product_cat-laboratoire-dr-renaud","10":"product_cat-peaux-matures-et-perte-de-densite","11":"product_cat-promotions","12":"product_cat-rides-installees-et-perte-de-fermete","13":"product_cat-yeux-cou-levres-mains","15":"first","16":"instock","17":"featured","18":"taxable","19":"shipping-taxable","20":"purchasable","21":"product-type-simple"},"yoast_head":"<!-- This site is optimized with the Yoast SEO plugin v27.4 - https:\/\/yoast.com\/product\/yoast-seo-wordpress\/ -->\n<title>Patches Jeunesse Yeux | Boutique Dr Renaud Longueuil<\/title>\n<meta name=\"description\" content=\"Les Patches Pure Jeunesse contour des yeux en duo! Le cadeau parfait \u00e0 s&#039;offrir ou \u00e0 offrir cette ann\u00e9e pour un regard \u00e9clatant et rajeuni en 15 minutes.\" \/>\n<meta name=\"robots\" content=\"index, follow, max-snippet:-1, max-image-preview:large, max-video-preview:-1\" \/>\n<link rel=\"canonical\" href=\"https:\/\/esthetiquenovani.com\/boutique\/gammes\/laboratoire-dr-renaud\/5-cremes-contour-des-yeux\/dr-renaud-pure-kronoxyl-\u2788-duo-patches-contour-des-yeux\/\" \/>\n<meta property=\"og:locale\" content=\"en_US\" \/>\n<meta property=\"og:type\" content=\"article\" \/>\n<meta property=\"og:title\" content=\"Patches Jeunesse Yeux | Boutique Dr Renaud Longueuil\" \/>\n<meta property=\"og:description\" content=\"Les Patches Pure Jeunesse contour des yeux en duo! Le cadeau parfait \u00e0 s&#039;offrir ou \u00e0 offrir cette ann\u00e9e pour un regard \u00e9clatant et rajeuni en 15 minutes.\" \/>\n<meta property=\"og:url\" content=\"https:\/\/esthetiquenovani.com\/boutique\/gammes\/laboratoire-dr-renaud\/5-cremes-contour-des-yeux\/dr-renaud-pure-kronoxyl-\u2788-duo-patches-contour-des-yeux\/\" \/>\n<meta property=\"og:site_name\" content=\"Clinique d&#039;Esth&eacute;tique Novani\" \/>\n<meta property=\"article:publisher\" content=\"https:\/\/www.facebook.com\/esthetiquehturcotte\" \/>\n<meta property=\"article:modified_time\" content=\"2023-11-20T18:35:33+00:00\" \/>\n<meta property=\"og:image\" content=\"https:\/\/esthetiquenovani.com\/wp-content\/uploads\/2022\/10\/LDR_Holiday_Sets_4_Social_1080x1080_B2B2C_FR-002.jpg\" \/>\n\t<meta property=\"og:image:width\" content=\"1080\" \/>\n\t<meta property=\"og:image:height\" content=\"1080\" \/>\n\t<meta property=\"og:image:type\" content=\"image\/jpeg\" \/>\n<meta name=\"twitter:card\" content=\"summary_large_image\" \/>\n<script type=\"application\/ld+json\" class=\"yoast-schema-graph\">{\"@context\":\"https:\\\/\\\/schema.org\",\"@graph\":[{\"@type\":\"WebPage\",\"@id\":\"https:\\\/\\\/esthetiquenovani.com\\\/boutique\\\/gammes\\\/laboratoire-dr-renaud\\\/5-cremes-contour-des-yeux\\\/dr-renaud-pure-kronoxyl-%e2%9e%88-duo-patches-contour-des-yeux\\\/\",\"url\":\"https:\\\/\\\/esthetiquenovani.com\\\/boutique\\\/gammes\\\/laboratoire-dr-renaud\\\/5-cremes-contour-des-yeux\\\/dr-renaud-pure-kronoxyl-%e2%9e%88-duo-patches-contour-des-yeux\\\/\",\"name\":\"Patches Jeunesse Yeux | Boutique Dr Renaud Longueuil\",\"isPartOf\":{\"@id\":\"https:\\\/\\\/esthetiquenovani.com\\\/#website\"},\"primaryImageOfPage\":{\"@id\":\"https:\\\/\\\/esthetiquenovani.com\\\/boutique\\\/gammes\\\/laboratoire-dr-renaud\\\/5-cremes-contour-des-yeux\\\/dr-renaud-pure-kronoxyl-%e2%9e%88-duo-patches-contour-des-yeux\\\/#primaryimage\"},\"image\":{\"@id\":\"https:\\\/\\\/esthetiquenovani.com\\\/boutique\\\/gammes\\\/laboratoire-dr-renaud\\\/5-cremes-contour-des-yeux\\\/dr-renaud-pure-kronoxyl-%e2%9e%88-duo-patches-contour-des-yeux\\\/#primaryimage\"},\"thumbnailUrl\":\"https:\\\/\\\/esthetiquenovani.com\\\/wp-content\\\/uploads\\\/2022\\\/10\\\/LDR_Holiday_Sets_4_Social_1080x1080_B2B2C_FR-002.jpg\",\"datePublished\":\"2022-10-20T23:49:39+00:00\",\"dateModified\":\"2023-11-20T18:35:33+00:00\",\"description\":\"Les Patches Pure Jeunesse contour des yeux en duo! Le cadeau parfait \u00e0 s'offrir ou \u00e0 offrir cette ann\u00e9e pour un regard \u00e9clatant et rajeuni en 15 minutes.\",\"breadcrumb\":{\"@id\":\"https:\\\/\\\/esthetiquenovani.com\\\/boutique\\\/gammes\\\/laboratoire-dr-renaud\\\/5-cremes-contour-des-yeux\\\/dr-renaud-pure-kronoxyl-%e2%9e%88-duo-patches-contour-des-yeux\\\/#breadcrumb\"},\"inLanguage\":\"en-US\",\"potentialAction\":[{\"@type\":\"ReadAction\",\"target\":[\"https:\\\/\\\/esthetiquenovani.com\\\/boutique\\\/gammes\\\/laboratoire-dr-renaud\\\/5-cremes-contour-des-yeux\\\/dr-renaud-pure-kronoxyl-%e2%9e%88-duo-patches-contour-des-yeux\\\/\"]}]},{\"@type\":\"ImageObject\",\"inLanguage\":\"en-US\",\"@id\":\"https:\\\/\\\/esthetiquenovani.com\\\/boutique\\\/gammes\\\/laboratoire-dr-renaud\\\/5-cremes-contour-des-yeux\\\/dr-renaud-pure-kronoxyl-%e2%9e%88-duo-patches-contour-des-yeux\\\/#primaryimage\",\"url\":\"https:\\\/\\\/esthetiquenovani.com\\\/wp-content\\\/uploads\\\/2022\\\/10\\\/LDR_Holiday_Sets_4_Social_1080x1080_B2B2C_FR-002.jpg\",\"contentUrl\":\"https:\\\/\\\/esthetiquenovani.com\\\/wp-content\\\/uploads\\\/2022\\\/10\\\/LDR_Holiday_Sets_4_Social_1080x1080_B2B2C_FR-002.jpg\",\"width\":1080,\"height\":1080,\"caption\":\"Pure Patches Yeux\"},{\"@type\":\"BreadcrumbList\",\"@id\":\"https:\\\/\\\/esthetiquenovani.com\\\/boutique\\\/gammes\\\/laboratoire-dr-renaud\\\/5-cremes-contour-des-yeux\\\/dr-renaud-pure-kronoxyl-%e2%9e%88-duo-patches-contour-des-yeux\\\/#breadcrumb\",\"itemListElement\":[{\"@type\":\"ListItem\",\"position\":1,\"name\":\"Accueil\",\"item\":\"https:\\\/\\\/esthetiquenovani.com\\\/en\\\/\"},{\"@type\":\"ListItem\",\"position\":2,\"name\":\"Boutique\",\"item\":\"https:\\\/\\\/esthetiquenovani.com\\\/boutique\\\/\"},{\"@type\":\"ListItem\",\"position\":3,\"name\":\"Dr Renaud \u2013 Pure Kronoxyl-\u2788 \u2013 DUO Patches Contour Des Yeux\"}]},{\"@type\":\"WebSite\",\"@id\":\"https:\\\/\\\/esthetiquenovani.com\\\/#website\",\"url\":\"https:\\\/\\\/esthetiquenovani.com\\\/\",\"name\":\"Clinique d'Esth&eacute;tique Novani\",\"description\":\"Brossard, Longueil &amp; Chambly\",\"publisher\":{\"@id\":\"https:\\\/\\\/esthetiquenovani.com\\\/#organization\"},\"potentialAction\":[{\"@type\":\"SearchAction\",\"target\":{\"@type\":\"EntryPoint\",\"urlTemplate\":\"https:\\\/\\\/esthetiquenovani.com\\\/?s={search_term_string}\"},\"query-input\":{\"@type\":\"PropertyValueSpecification\",\"valueRequired\":true,\"valueName\":\"search_term_string\"}}],\"inLanguage\":\"en-US\"},{\"@type\":\"Organization\",\"@id\":\"https:\\\/\\\/esthetiquenovani.com\\\/#organization\",\"name\":\"Esth\u00e9tique Huguette Turcotte\",\"url\":\"https:\\\/\\\/esthetiquenovani.com\\\/\",\"logo\":{\"@type\":\"ImageObject\",\"inLanguage\":\"en-US\",\"@id\":\"https:\\\/\\\/esthetiquenovani.com\\\/#\\\/schema\\\/logo\\\/image\\\/\",\"url\":\"https:\\\/\\\/esthetiquenovani.com\\\/wp-content\\\/uploads\\\/2018\\\/01\\\/qui-sommes-nous.jpg\",\"contentUrl\":\"https:\\\/\\\/esthetiquenovani.com\\\/wp-content\\\/uploads\\\/2018\\\/01\\\/qui-sommes-nous.jpg\",\"width\":637,\"height\":425,\"caption\":\"Esth\u00e9tique Huguette Turcotte\"},\"image\":{\"@id\":\"https:\\\/\\\/esthetiquenovani.com\\\/#\\\/schema\\\/logo\\\/image\\\/\"},\"sameAs\":[\"https:\\\/\\\/www.facebook.com\\\/esthetiquehturcotte\"]}]}<\/script>\n<!-- \/ Yoast SEO plugin. -->","yoast_head_json":{"title":"Patches Jeunesse Yeux | Boutique Dr Renaud Longueuil","description":"Les Patches Pure Jeunesse contour des yeux en duo! Le cadeau parfait \u00e0 s'offrir ou \u00e0 offrir cette ann\u00e9e pour un regard \u00e9clatant et rajeuni en 15 minutes.","robots":{"index":"index","follow":"follow","max-snippet":"max-snippet:-1","max-image-preview":"max-image-preview:large","max-video-preview":"max-video-preview:-1"},"canonical":"https:\/\/esthetiquenovani.com\/boutique\/gammes\/laboratoire-dr-renaud\/5-cremes-contour-des-yeux\/dr-renaud-pure-kronoxyl-\u2788-duo-patches-contour-des-yeux\/","og_locale":"en_US","og_type":"article","og_title":"Patches Jeunesse Yeux | Boutique Dr Renaud Longueuil","og_description":"Les Patches Pure Jeunesse contour des yeux en duo! Le cadeau parfait \u00e0 s'offrir ou \u00e0 offrir cette ann\u00e9e pour un regard \u00e9clatant et rajeuni en 15 minutes.","og_url":"https:\/\/esthetiquenovani.com\/boutique\/gammes\/laboratoire-dr-renaud\/5-cremes-contour-des-yeux\/dr-renaud-pure-kronoxyl-\u2788-duo-patches-contour-des-yeux\/","og_site_name":"Clinique d'Esth&eacute;tique Novani","article_publisher":"https:\/\/www.facebook.com\/esthetiquehturcotte","article_modified_time":"2023-11-20T18:35:33+00:00","og_image":[{"width":1080,"height":1080,"url":"https:\/\/esthetiquenovani.com\/wp-content\/uploads\/2022\/10\/LDR_Holiday_Sets_4_Social_1080x1080_B2B2C_FR-002.jpg","type":"image\/jpeg"}],"twitter_card":"summary_large_image","schema":{"@context":"https:\/\/schema.org","@graph":[{"@type":"WebPage","@id":"https:\/\/esthetiquenovani.com\/boutique\/gammes\/laboratoire-dr-renaud\/5-cremes-contour-des-yeux\/dr-renaud-pure-kronoxyl-%e2%9e%88-duo-patches-contour-des-yeux\/","url":"https:\/\/esthetiquenovani.com\/boutique\/gammes\/laboratoire-dr-renaud\/5-cremes-contour-des-yeux\/dr-renaud-pure-kronoxyl-%e2%9e%88-duo-patches-contour-des-yeux\/","name":"Patches Jeunesse Yeux | Boutique Dr Renaud Longueuil","isPartOf":{"@id":"https:\/\/esthetiquenovani.com\/#website"},"primaryImageOfPage":{"@id":"https:\/\/esthetiquenovani.com\/boutique\/gammes\/laboratoire-dr-renaud\/5-cremes-contour-des-yeux\/dr-renaud-pure-kronoxyl-%e2%9e%88-duo-patches-contour-des-yeux\/#primaryimage"},"image":{"@id":"https:\/\/esthetiquenovani.com\/boutique\/gammes\/laboratoire-dr-renaud\/5-cremes-contour-des-yeux\/dr-renaud-pure-kronoxyl-%e2%9e%88-duo-patches-contour-des-yeux\/#primaryimage"},"thumbnailUrl":"https:\/\/esthetiquenovani.com\/wp-content\/uploads\/2022\/10\/LDR_Holiday_Sets_4_Social_1080x1080_B2B2C_FR-002.jpg","datePublished":"2022-10-20T23:49:39+00:00","dateModified":"2023-11-20T18:35:33+00:00","description":"Les Patches Pure Jeunesse contour des yeux en duo! Le cadeau parfait \u00e0 s'offrir ou \u00e0 offrir cette ann\u00e9e pour un regard \u00e9clatant et rajeuni en 15 minutes.","breadcrumb":{"@id":"https:\/\/esthetiquenovani.com\/boutique\/gammes\/laboratoire-dr-renaud\/5-cremes-contour-des-yeux\/dr-renaud-pure-kronoxyl-%e2%9e%88-duo-patches-contour-des-yeux\/#breadcrumb"},"inLanguage":"en-US","potentialAction":[{"@type":"ReadAction","target":["https:\/\/esthetiquenovani.com\/boutique\/gammes\/laboratoire-dr-renaud\/5-cremes-contour-des-yeux\/dr-renaud-pure-kronoxyl-%e2%9e%88-duo-patches-contour-des-yeux\/"]}]},{"@type":"ImageObject","inLanguage":"en-US","@id":"https:\/\/esthetiquenovani.com\/boutique\/gammes\/laboratoire-dr-renaud\/5-cremes-contour-des-yeux\/dr-renaud-pure-kronoxyl-%e2%9e%88-duo-patches-contour-des-yeux\/#primaryimage","url":"https:\/\/esthetiquenovani.com\/wp-content\/uploads\/2022\/10\/LDR_Holiday_Sets_4_Social_1080x1080_B2B2C_FR-002.jpg","contentUrl":"https:\/\/esthetiquenovani.com\/wp-content\/uploads\/2022\/10\/LDR_Holiday_Sets_4_Social_1080x1080_B2B2C_FR-002.jpg","width":1080,"height":1080,"caption":"Pure Patches Yeux"},{"@type":"BreadcrumbList","@id":"https:\/\/esthetiquenovani.com\/boutique\/gammes\/laboratoire-dr-renaud\/5-cremes-contour-des-yeux\/dr-renaud-pure-kronoxyl-%e2%9e%88-duo-patches-contour-des-yeux\/#breadcrumb","itemListElement":[{"@type":"ListItem","position":1,"name":"Accueil","item":"https:\/\/esthetiquenovani.com\/en\/"},{"@type":"ListItem","position":2,"name":"Boutique","item":"https:\/\/esthetiquenovani.com\/boutique\/"},{"@type":"ListItem","position":3,"name":"Dr Renaud \u2013 Pure Kronoxyl-\u2788 \u2013 DUO Patches Contour Des Yeux"}]},{"@type":"WebSite","@id":"https:\/\/esthetiquenovani.com\/#website","url":"https:\/\/esthetiquenovani.com\/","name":"Clinique d'Esth&eacute;tique Novani","description":"Brossard, Longueil &amp; Chambly","publisher":{"@id":"https:\/\/esthetiquenovani.com\/#organization"},"potentialAction":[{"@type":"SearchAction","target":{"@type":"EntryPoint","urlTemplate":"https:\/\/esthetiquenovani.com\/?s={search_term_string}"},"query-input":{"@type":"PropertyValueSpecification","valueRequired":true,"valueName":"search_term_string"}}],"inLanguage":"en-US"},{"@type":"Organization","@id":"https:\/\/esthetiquenovani.com\/#organization","name":"Esth\u00e9tique Huguette Turcotte","url":"https:\/\/esthetiquenovani.com\/","logo":{"@type":"ImageObject","inLanguage":"en-US","@id":"https:\/\/esthetiquenovani.com\/#\/schema\/logo\/image\/","url":"https:\/\/esthetiquenovani.com\/wp-content\/uploads\/2018\/01\/qui-sommes-nous.jpg","contentUrl":"https:\/\/esthetiquenovani.com\/wp-content\/uploads\/2018\/01\/qui-sommes-nous.jpg","width":637,"height":425,"caption":"Esth\u00e9tique Huguette Turcotte"},"image":{"@id":"https:\/\/esthetiquenovani.com\/#\/schema\/logo\/image\/"},"sameAs":["https:\/\/www.facebook.com\/esthetiquehturcotte"]}]}},"_links":{"self":[{"href":"https:\/\/esthetiquenovani.com\/en\/wp-json\/wp\/v2\/product\/224189","targetHints":{"allow":["GET"]}}],"collection":[{"href":"https:\/\/esthetiquenovani.com\/en\/wp-json\/wp\/v2\/product"}],"about":[{"href":"https:\/\/esthetiquenovani.com\/en\/wp-json\/wp\/v2\/types\/product"}],"wp:featuredmedia":[{"embeddable":true,"href":"https:\/\/esthetiquenovani.com\/en\/wp-json\/wp\/v2\/media\/224190"}],"wp:attachment":[{"href":"https:\/\/esthetiquenovani.com\/en\/wp-json\/wp\/v2\/media?parent=224189"}],"wp:term":[{"taxonomy":"product_brand","embeddable":true,"href":"https:\/\/esthetiquenovani.com\/en\/wp-json\/wp\/v2\/product_brand?post=224189"},{"taxonomy":"product_cat","embeddable":true,"href":"https:\/\/esthetiquenovani.com\/en\/wp-json\/wp\/v2\/product_cat?post=224189"},{"taxonomy":"product_tag","embeddable":true,"href":"https:\/\/esthetiquenovani.com\/en\/wp-json\/wp\/v2\/product_tag?post=224189"}],"curies":[{"name":"wp","href":"https:\/\/api.w.org\/{rel}","templated":true}]}}