{"id":224221,"date":"2022-12-06T21:58:40","date_gmt":"2022-12-07T02:58:40","guid":{"rendered":"https:\/\/esthetiquenovani.com\/?post_type=product&#038;p=224221"},"modified":"2026-01-06T17:27:49","modified_gmt":"2026-01-06T22:27:49","slug":"esthederm-intensive-serum-vitamine-c","status":"publish","type":"product","link":"https:\/\/esthetiquenovani.com\/en\/boutique\/gammes\/esthederm-meilleures-cremes-anti-rides-estheticienne-longueuil\/3-serums-et-concentres\/esthederm-intensive-serum-vitamine-c\/","title":{"rendered":"Esthederm -Intensive Vitamine C doule concentr\u00e9"},"content":{"rendered":"<p>Pourquoi Un s\u00e9rum \u00e0 la Vitamine C?\u00a0 Parce qu&#8217;il va prot\u00e9ger la peau, unifier le teint, estomper les taches et lutter contre les signes de l\u2019\u00e2ge. Hautement concentr\u00e9 en Acide Ascorbique, comme dans ce s\u00e9rum, il est un v\u00e9ritable booster d\u2019\u00e9clat pour la peau.<\/p>\n","protected":false},"excerpt":{"rendered":"<p>S\u00e9rum de la gamme intensive VITAMINE C2<br \/>\nDeux formes de vitamine C \u00e0 l\u2019action imm\u00e9diate et prolong\u00e9e :<br \/>\nAtt\u00e9nue l\u2019apparence des taches pigmentaires et redonne \u00e0 la peau son uniformit\u00e9.<br \/>\nRavive l\u2019\u00e9clat du teint pour une peau lumineuse.<br \/>\nLisse le microrelief cutan\u00e9<\/p>\n<p>Chaque bouteille est une cure intensive de 14 jours. Convient aux peaux sensibles. Appliquer 1 pression matin et soir, sur le visage et le cou. Bien agiter avant chaque utilisation.<\/p>\n","protected":false},"featured_media":224222,"template":"","meta":{"_et_pb_use_builder":"","_et_pb_old_content":"","_et_gb_content_width":""},"product_brand":[],"product_cat":[98,103,50,59,53],"product_tag":[],"class_list":{"0":"post-224221","1":"product","2":"type-product","3":"status-publish","4":"has-post-thumbnail","6":"product_cat-3-serums-et-concentres","7":"product_cat-collection-molecules-intensives","8":"product_cat-esthederm-meilleures-cremes-anti-rides-estheticienne-longueuil","9":"product_cat-serums","10":"product_cat-taches-pigmentaires-et-teint-terne","12":"first","13":"instock","14":"taxable","15":"shipping-taxable","16":"purchasable","17":"product-type-simple"},"yoast_head":"<!-- This site is optimized with the Yoast SEO plugin v27.4 - https:\/\/yoast.com\/product\/yoast-seo-wordpress\/ -->\n<title>Esthederm | S\u00e9rum Vitamine C | Esth\u00e9tique Longueuil<\/title>\n<meta name=\"description\" content=\"Un s\u00e9rum \u00e0 la Vitamine C prot\u00e8ge la peau, unifie le teint, estompe les taches et lutte contre les signes de l\u2019\u00e2ge. Un v\u00e9ritable booster d\u2019\u00e9clat pour la peau\" \/>\n<meta name=\"robots\" content=\"index, follow, max-snippet:-1, max-image-preview:large, max-video-preview:-1\" \/>\n<link rel=\"canonical\" href=\"https:\/\/esthetiquenovani.com\/boutique\/gammes\/esthederm-meilleures-cremes-anti-rides-estheticienne-longueuil\/3-serums-et-concentres\/esthederm-intensive-serum-vitamine-c\/\" \/>\n<meta property=\"og:locale\" content=\"en_US\" \/>\n<meta property=\"og:type\" content=\"article\" \/>\n<meta property=\"og:title\" content=\"Esthederm | S\u00e9rum Vitamine C | Esth\u00e9tique Longueuil\" \/>\n<meta property=\"og:description\" content=\"Un s\u00e9rum \u00e0 la Vitamine C prot\u00e8ge la peau, unifie le teint, estompe les taches et lutte contre les signes de l\u2019\u00e2ge. Un v\u00e9ritable booster d\u2019\u00e9clat pour la peau\" \/>\n<meta property=\"og:url\" content=\"https:\/\/esthetiquenovani.com\/boutique\/gammes\/esthederm-meilleures-cremes-anti-rides-estheticienne-longueuil\/3-serums-et-concentres\/esthederm-intensive-serum-vitamine-c\/\" \/>\n<meta property=\"og:site_name\" content=\"Clinique d&#039;Esth&eacute;tique Novani\" \/>\n<meta property=\"article:publisher\" content=\"https:\/\/www.facebook.com\/esthetiquehturcotte\" \/>\n<meta property=\"article:modified_time\" content=\"2026-01-06T22:27:49+00:00\" \/>\n<meta property=\"og:image\" content=\"https:\/\/esthetiquenovani.com\/wp-content\/uploads\/2022\/12\/serumvitaminc-1080x1080-1.jpg\" \/>\n\t<meta property=\"og:image:width\" content=\"1080\" \/>\n\t<meta property=\"og:image:height\" content=\"1080\" \/>\n\t<meta property=\"og:image:type\" content=\"image\/jpeg\" \/>\n<meta name=\"twitter:card\" content=\"summary_large_image\" \/>\n<meta name=\"twitter:label1\" content=\"Est. reading time\" \/>\n\t<meta name=\"twitter:data1\" content=\"1 minute\" \/>\n<script type=\"application\/ld+json\" class=\"yoast-schema-graph\">{\"@context\":\"https:\\\/\\\/schema.org\",\"@graph\":[{\"@type\":\"WebPage\",\"@id\":\"https:\\\/\\\/esthetiquenovani.com\\\/boutique\\\/gammes\\\/esthederm-meilleures-cremes-anti-rides-estheticienne-longueuil\\\/3-serums-et-concentres\\\/esthederm-intensive-serum-vitamine-c\\\/\",\"url\":\"https:\\\/\\\/esthetiquenovani.com\\\/boutique\\\/gammes\\\/esthederm-meilleures-cremes-anti-rides-estheticienne-longueuil\\\/3-serums-et-concentres\\\/esthederm-intensive-serum-vitamine-c\\\/\",\"name\":\"Esthederm | S\u00e9rum Vitamine C | Esth\u00e9tique Longueuil\",\"isPartOf\":{\"@id\":\"https:\\\/\\\/esthetiquenovani.com\\\/#website\"},\"primaryImageOfPage\":{\"@id\":\"https:\\\/\\\/esthetiquenovani.com\\\/boutique\\\/gammes\\\/esthederm-meilleures-cremes-anti-rides-estheticienne-longueuil\\\/3-serums-et-concentres\\\/esthederm-intensive-serum-vitamine-c\\\/#primaryimage\"},\"image\":{\"@id\":\"https:\\\/\\\/esthetiquenovani.com\\\/boutique\\\/gammes\\\/esthederm-meilleures-cremes-anti-rides-estheticienne-longueuil\\\/3-serums-et-concentres\\\/esthederm-intensive-serum-vitamine-c\\\/#primaryimage\"},\"thumbnailUrl\":\"https:\\\/\\\/esthetiquenovani.com\\\/wp-content\\\/uploads\\\/2022\\\/12\\\/serumvitaminc-1080x1080-1.jpg\",\"datePublished\":\"2022-12-07T02:58:40+00:00\",\"dateModified\":\"2026-01-06T22:27:49+00:00\",\"description\":\"Un s\u00e9rum \u00e0 la Vitamine C prot\u00e8ge la peau, unifie le teint, estompe les taches et lutte contre les signes de l\u2019\u00e2ge. Un v\u00e9ritable booster d\u2019\u00e9clat pour la peau\",\"breadcrumb\":{\"@id\":\"https:\\\/\\\/esthetiquenovani.com\\\/boutique\\\/gammes\\\/esthederm-meilleures-cremes-anti-rides-estheticienne-longueuil\\\/3-serums-et-concentres\\\/esthederm-intensive-serum-vitamine-c\\\/#breadcrumb\"},\"inLanguage\":\"en-US\",\"potentialAction\":[{\"@type\":\"ReadAction\",\"target\":[\"https:\\\/\\\/esthetiquenovani.com\\\/boutique\\\/gammes\\\/esthederm-meilleures-cremes-anti-rides-estheticienne-longueuil\\\/3-serums-et-concentres\\\/esthederm-intensive-serum-vitamine-c\\\/\"]}]},{\"@type\":\"ImageObject\",\"inLanguage\":\"en-US\",\"@id\":\"https:\\\/\\\/esthetiquenovani.com\\\/boutique\\\/gammes\\\/esthederm-meilleures-cremes-anti-rides-estheticienne-longueuil\\\/3-serums-et-concentres\\\/esthederm-intensive-serum-vitamine-c\\\/#primaryimage\",\"url\":\"https:\\\/\\\/esthetiquenovani.com\\\/wp-content\\\/uploads\\\/2022\\\/12\\\/serumvitaminc-1080x1080-1.jpg\",\"contentUrl\":\"https:\\\/\\\/esthetiquenovani.com\\\/wp-content\\\/uploads\\\/2022\\\/12\\\/serumvitaminc-1080x1080-1.jpg\",\"width\":1080,\"height\":1080,\"caption\":\"Esthederm Intensive - s\u00e9rum Vitamine C2\"},{\"@type\":\"BreadcrumbList\",\"@id\":\"https:\\\/\\\/esthetiquenovani.com\\\/boutique\\\/gammes\\\/esthederm-meilleures-cremes-anti-rides-estheticienne-longueuil\\\/3-serums-et-concentres\\\/esthederm-intensive-serum-vitamine-c\\\/#breadcrumb\",\"itemListElement\":[{\"@type\":\"ListItem\",\"position\":1,\"name\":\"Accueil\",\"item\":\"https:\\\/\\\/esthetiquenovani.com\\\/en\\\/\"},{\"@type\":\"ListItem\",\"position\":2,\"name\":\"Boutique\",\"item\":\"https:\\\/\\\/esthetiquenovani.com\\\/boutique\\\/\"},{\"@type\":\"ListItem\",\"position\":3,\"name\":\"Esthederm -Intensive Vitamine C doule concentr\u00e9\"}]},{\"@type\":\"WebSite\",\"@id\":\"https:\\\/\\\/esthetiquenovani.com\\\/#website\",\"url\":\"https:\\\/\\\/esthetiquenovani.com\\\/\",\"name\":\"Clinique d'Esth&eacute;tique Novani\",\"description\":\"Brossard, Longueil &amp; Chambly\",\"publisher\":{\"@id\":\"https:\\\/\\\/esthetiquenovani.com\\\/#organization\"},\"potentialAction\":[{\"@type\":\"SearchAction\",\"target\":{\"@type\":\"EntryPoint\",\"urlTemplate\":\"https:\\\/\\\/esthetiquenovani.com\\\/?s={search_term_string}\"},\"query-input\":{\"@type\":\"PropertyValueSpecification\",\"valueRequired\":true,\"valueName\":\"search_term_string\"}}],\"inLanguage\":\"en-US\"},{\"@type\":\"Organization\",\"@id\":\"https:\\\/\\\/esthetiquenovani.com\\\/#organization\",\"name\":\"Esth\u00e9tique Huguette Turcotte\",\"url\":\"https:\\\/\\\/esthetiquenovani.com\\\/\",\"logo\":{\"@type\":\"ImageObject\",\"inLanguage\":\"en-US\",\"@id\":\"https:\\\/\\\/esthetiquenovani.com\\\/#\\\/schema\\\/logo\\\/image\\\/\",\"url\":\"https:\\\/\\\/esthetiquenovani.com\\\/wp-content\\\/uploads\\\/2018\\\/01\\\/qui-sommes-nous.jpg\",\"contentUrl\":\"https:\\\/\\\/esthetiquenovani.com\\\/wp-content\\\/uploads\\\/2018\\\/01\\\/qui-sommes-nous.jpg\",\"width\":637,\"height\":425,\"caption\":\"Esth\u00e9tique Huguette Turcotte\"},\"image\":{\"@id\":\"https:\\\/\\\/esthetiquenovani.com\\\/#\\\/schema\\\/logo\\\/image\\\/\"},\"sameAs\":[\"https:\\\/\\\/www.facebook.com\\\/esthetiquehturcotte\"]}]}<\/script>\n<!-- \/ Yoast SEO plugin. -->","yoast_head_json":{"title":"Esthederm | S\u00e9rum Vitamine C | Esth\u00e9tique Longueuil","description":"Un s\u00e9rum \u00e0 la Vitamine C prot\u00e8ge la peau, unifie le teint, estompe les taches et lutte contre les signes de l\u2019\u00e2ge. Un v\u00e9ritable booster d\u2019\u00e9clat pour la peau","robots":{"index":"index","follow":"follow","max-snippet":"max-snippet:-1","max-image-preview":"max-image-preview:large","max-video-preview":"max-video-preview:-1"},"canonical":"https:\/\/esthetiquenovani.com\/boutique\/gammes\/esthederm-meilleures-cremes-anti-rides-estheticienne-longueuil\/3-serums-et-concentres\/esthederm-intensive-serum-vitamine-c\/","og_locale":"en_US","og_type":"article","og_title":"Esthederm | S\u00e9rum Vitamine C | Esth\u00e9tique Longueuil","og_description":"Un s\u00e9rum \u00e0 la Vitamine C prot\u00e8ge la peau, unifie le teint, estompe les taches et lutte contre les signes de l\u2019\u00e2ge. Un v\u00e9ritable booster d\u2019\u00e9clat pour la peau","og_url":"https:\/\/esthetiquenovani.com\/boutique\/gammes\/esthederm-meilleures-cremes-anti-rides-estheticienne-longueuil\/3-serums-et-concentres\/esthederm-intensive-serum-vitamine-c\/","og_site_name":"Clinique d'Esth&eacute;tique Novani","article_publisher":"https:\/\/www.facebook.com\/esthetiquehturcotte","article_modified_time":"2026-01-06T22:27:49+00:00","og_image":[{"width":1080,"height":1080,"url":"https:\/\/esthetiquenovani.com\/wp-content\/uploads\/2022\/12\/serumvitaminc-1080x1080-1.jpg","type":"image\/jpeg"}],"twitter_card":"summary_large_image","twitter_misc":{"Est. reading time":"1 minute"},"schema":{"@context":"https:\/\/schema.org","@graph":[{"@type":"WebPage","@id":"https:\/\/esthetiquenovani.com\/boutique\/gammes\/esthederm-meilleures-cremes-anti-rides-estheticienne-longueuil\/3-serums-et-concentres\/esthederm-intensive-serum-vitamine-c\/","url":"https:\/\/esthetiquenovani.com\/boutique\/gammes\/esthederm-meilleures-cremes-anti-rides-estheticienne-longueuil\/3-serums-et-concentres\/esthederm-intensive-serum-vitamine-c\/","name":"Esthederm | S\u00e9rum Vitamine C | Esth\u00e9tique Longueuil","isPartOf":{"@id":"https:\/\/esthetiquenovani.com\/#website"},"primaryImageOfPage":{"@id":"https:\/\/esthetiquenovani.com\/boutique\/gammes\/esthederm-meilleures-cremes-anti-rides-estheticienne-longueuil\/3-serums-et-concentres\/esthederm-intensive-serum-vitamine-c\/#primaryimage"},"image":{"@id":"https:\/\/esthetiquenovani.com\/boutique\/gammes\/esthederm-meilleures-cremes-anti-rides-estheticienne-longueuil\/3-serums-et-concentres\/esthederm-intensive-serum-vitamine-c\/#primaryimage"},"thumbnailUrl":"https:\/\/esthetiquenovani.com\/wp-content\/uploads\/2022\/12\/serumvitaminc-1080x1080-1.jpg","datePublished":"2022-12-07T02:58:40+00:00","dateModified":"2026-01-06T22:27:49+00:00","description":"Un s\u00e9rum \u00e0 la Vitamine C prot\u00e8ge la peau, unifie le teint, estompe les taches et lutte contre les signes de l\u2019\u00e2ge. Un v\u00e9ritable booster d\u2019\u00e9clat pour la peau","breadcrumb":{"@id":"https:\/\/esthetiquenovani.com\/boutique\/gammes\/esthederm-meilleures-cremes-anti-rides-estheticienne-longueuil\/3-serums-et-concentres\/esthederm-intensive-serum-vitamine-c\/#breadcrumb"},"inLanguage":"en-US","potentialAction":[{"@type":"ReadAction","target":["https:\/\/esthetiquenovani.com\/boutique\/gammes\/esthederm-meilleures-cremes-anti-rides-estheticienne-longueuil\/3-serums-et-concentres\/esthederm-intensive-serum-vitamine-c\/"]}]},{"@type":"ImageObject","inLanguage":"en-US","@id":"https:\/\/esthetiquenovani.com\/boutique\/gammes\/esthederm-meilleures-cremes-anti-rides-estheticienne-longueuil\/3-serums-et-concentres\/esthederm-intensive-serum-vitamine-c\/#primaryimage","url":"https:\/\/esthetiquenovani.com\/wp-content\/uploads\/2022\/12\/serumvitaminc-1080x1080-1.jpg","contentUrl":"https:\/\/esthetiquenovani.com\/wp-content\/uploads\/2022\/12\/serumvitaminc-1080x1080-1.jpg","width":1080,"height":1080,"caption":"Esthederm Intensive - s\u00e9rum Vitamine C2"},{"@type":"BreadcrumbList","@id":"https:\/\/esthetiquenovani.com\/boutique\/gammes\/esthederm-meilleures-cremes-anti-rides-estheticienne-longueuil\/3-serums-et-concentres\/esthederm-intensive-serum-vitamine-c\/#breadcrumb","itemListElement":[{"@type":"ListItem","position":1,"name":"Accueil","item":"https:\/\/esthetiquenovani.com\/en\/"},{"@type":"ListItem","position":2,"name":"Boutique","item":"https:\/\/esthetiquenovani.com\/boutique\/"},{"@type":"ListItem","position":3,"name":"Esthederm -Intensive Vitamine C doule concentr\u00e9"}]},{"@type":"WebSite","@id":"https:\/\/esthetiquenovani.com\/#website","url":"https:\/\/esthetiquenovani.com\/","name":"Clinique d'Esth&eacute;tique Novani","description":"Brossard, Longueil &amp; Chambly","publisher":{"@id":"https:\/\/esthetiquenovani.com\/#organization"},"potentialAction":[{"@type":"SearchAction","target":{"@type":"EntryPoint","urlTemplate":"https:\/\/esthetiquenovani.com\/?s={search_term_string}"},"query-input":{"@type":"PropertyValueSpecification","valueRequired":true,"valueName":"search_term_string"}}],"inLanguage":"en-US"},{"@type":"Organization","@id":"https:\/\/esthetiquenovani.com\/#organization","name":"Esth\u00e9tique Huguette Turcotte","url":"https:\/\/esthetiquenovani.com\/","logo":{"@type":"ImageObject","inLanguage":"en-US","@id":"https:\/\/esthetiquenovani.com\/#\/schema\/logo\/image\/","url":"https:\/\/esthetiquenovani.com\/wp-content\/uploads\/2018\/01\/qui-sommes-nous.jpg","contentUrl":"https:\/\/esthetiquenovani.com\/wp-content\/uploads\/2018\/01\/qui-sommes-nous.jpg","width":637,"height":425,"caption":"Esth\u00e9tique Huguette Turcotte"},"image":{"@id":"https:\/\/esthetiquenovani.com\/#\/schema\/logo\/image\/"},"sameAs":["https:\/\/www.facebook.com\/esthetiquehturcotte"]}]}},"_links":{"self":[{"href":"https:\/\/esthetiquenovani.com\/en\/wp-json\/wp\/v2\/product\/224221","targetHints":{"allow":["GET"]}}],"collection":[{"href":"https:\/\/esthetiquenovani.com\/en\/wp-json\/wp\/v2\/product"}],"about":[{"href":"https:\/\/esthetiquenovani.com\/en\/wp-json\/wp\/v2\/types\/product"}],"wp:featuredmedia":[{"embeddable":true,"href":"https:\/\/esthetiquenovani.com\/en\/wp-json\/wp\/v2\/media\/224222"}],"wp:attachment":[{"href":"https:\/\/esthetiquenovani.com\/en\/wp-json\/wp\/v2\/media?parent=224221"}],"wp:term":[{"taxonomy":"product_brand","embeddable":true,"href":"https:\/\/esthetiquenovani.com\/en\/wp-json\/wp\/v2\/product_brand?post=224221"},{"taxonomy":"product_cat","embeddable":true,"href":"https:\/\/esthetiquenovani.com\/en\/wp-json\/wp\/v2\/product_cat?post=224221"},{"taxonomy":"product_tag","embeddable":true,"href":"https:\/\/esthetiquenovani.com\/en\/wp-json\/wp\/v2\/product_tag?post=224221"}],"curies":[{"name":"wp","href":"https:\/\/api.w.org\/{rel}","templated":true}]}}