{"id":227037,"date":"2023-10-18T14:33:21","date_gmt":"2023-10-18T18:33:21","guid":{"rendered":"https:\/\/esthetiquenovani.com\/boutique\/non%20class\u00e9\/cellperfect-bioactive\/"},"modified":"2026-02-05T09:47:06","modified_gmt":"2026-02-05T14:47:06","slug":"cellperfect-bioactive","status":"publish","type":"product","link":"https:\/\/esthetiquenovani.com\/en\/boutique\/gammes\/laboratoire-dr-renaud\/nettoyants-et-lotions\/cellperfect-bioactive\/","title":{"rendered":"CELLPERFECT BIOACTIVE"},"content":{"rendered":"","protected":false},"excerpt":{"rendered":"<p style=\"margin: 0px;font-family: Poppins, sans-serif;font-size: 16px;font-style: normal;font-weight: 400;letter-spacing: normal;text-align: start;text-indent: 0px;text-transform: none;text-decoration: none\"><span><strong style=\"font-weight: bolder\">UN STIMULANT ANTI-\u00c2GE QUI STIMULE ET ILLUMINE LA PEAU!<\/strong><\/span><\/p>\n<p style=\"margin: 0px;font-family: Poppins, sans-serif;font-size: 16px;font-style: normal;font-weight: 400;letter-spacing: normal;text-align: start;text-indent: 0px;text-transform: none;text-decoration: none\">&nbsp;<\/p>\n<p style=\"margin: 0px;font-family: Poppins, sans-serif;font-size: 16px;font-style: normal;font-weight: 400;letter-spacing: normal;text-align: start;text-indent: 0px;text-transform: none;text-decoration: none\"><strong style=\"font-weight: bolder\">PLUS QU&#8217;UNE \u00c9TAPE SUPPL\u00c9MENTAIRE DANS VOTRE ROUTINE, LE COMMENCEMENT.<\/strong><\/p>\n<p style=\"margin: 0px;font-family: Poppins, sans-serif;font-size: 16px;font-style: normal;font-weight: 400;letter-spacing: normal;text-align: start;text-indent: 0px;text-transform: none;text-decoration: none\">150 ml<\/p>\n<p style=\"margin: 0px;font-family: Poppins, sans-serif;font-size: 16px;font-style: normal;font-weight: 400;letter-spacing: normal;text-align: start;text-indent: 0px;text-transform: none;text-decoration: none\">&nbsp;<\/p>\n<p style=\"margin: 0px;font-family: Poppins, sans-serif;font-size: 16px;font-style: normal;font-weight: 400;letter-spacing: normal;text-align: start;text-indent: 0px;text-transform: none;text-decoration: none\">Une essence soin unique avec une formule concentr\u00e9e qui<span>&nbsp;<\/span><strong style=\"font-weight: bolder\">amplifie<\/strong><span>&nbsp;<\/span>les b\u00e9n\u00e9fices de votre routine de soins.<\/p>\n<p style=\"margin: 0px;font-family: Poppins, sans-serif;font-size: 16px;font-style: normal;font-weight: 400;letter-spacing: normal;text-align: start;text-indent: 0px;text-transform: none;text-decoration: none\">Pr\u00e9pare la peau, prot\u00e8ge contre la perte en eau trans\u00e9pidermique et renforce l&#8217;hydratation. R\u00e9duit l&#8217;apparence des pores et lisse les rides. La peau para\u00eet visiblement revitalis\u00e9e et \u00e9nergis\u00e9e.<\/p>\n<p style=\"margin: 0px;font-family: Poppins, sans-serif;font-size: 16px;font-style: normal;font-weight: 400;letter-spacing: normal;text-align: start;text-indent: 0px;text-transform: none;text-decoration: none\">&nbsp;<\/p>\n<p style=\"margin: 0px;font-family: Poppins, sans-serif;font-size: 16px;font-style: normal;font-weight: 400;letter-spacing: normal;text-align: start;text-indent: 0px;text-transform: none;text-decoration: none\">*Convient aussi aux peaux sensibles.<\/p>\n<p style=\"margin: 0px;font-family: Poppins, sans-serif;font-size: 16px;font-style: normal;font-weight: 400;letter-spacing: normal;text-align: start;text-indent: 0px;text-transform: none;text-decoration: none\">\n<strong style=\"font-weight: bolder\">Fait avec int\u00e9grit\u00e9<\/strong><\/p>\n<p style=\"margin: 0px;font-family: Poppins, sans-serif;font-size: 16px;font-style: normal;font-weight: 400;letter-spacing: normal;text-align: start;text-indent: 0px;text-transform: none;text-decoration: none\">0 % de parab\u00e8nes, huiles min\u00e9rales, alcool, colorants<\/p>\n<p style=\"margin: 0px;font-family: Poppins, sans-serif;font-size: 16px;font-style: normal;font-weight: 400;letter-spacing: normal;text-align: start;text-indent: 0px;text-transform: none;text-decoration: none\">\nSans gluten &#8211;&nbsp;V\u00e9g\u00e9talien<\/p>\n","protected":false},"featured_media":227036,"template":"","meta":{"_et_pb_use_builder":"","_et_pb_old_content":"","_et_gb_content_width":""},"product_brand":[],"product_cat":[106,68],"product_tag":[],"class_list":{"0":"post-227037","1":"product","2":"type-product","3":"status-publish","4":"has-post-thumbnail","6":"product_cat-nettoyants-et-lotions","7":"product_cat-laboratoire-dr-renaud","9":"first","10":"instock","11":"taxable","12":"shipping-taxable","13":"purchasable","14":"product-type-simple"},"yoast_head":"<!-- This site is optimized with the Yoast SEO plugin v27.4 - https:\/\/yoast.com\/product\/yoast-seo-wordpress\/ -->\n<title>CELLPERFECT BIOACTIVE &#8902; Clinique d&#039;Esth&eacute;tique Novani<\/title>\n<meta name=\"robots\" content=\"index, follow, max-snippet:-1, max-image-preview:large, max-video-preview:-1\" \/>\n<link rel=\"canonical\" href=\"https:\/\/esthetiquenovani.com\/boutique\/gammes\/laboratoire-dr-renaud\/nettoyants-et-lotions\/cellperfect-bioactive\/\" \/>\n<meta property=\"og:locale\" content=\"en_US\" \/>\n<meta property=\"og:type\" content=\"article\" \/>\n<meta property=\"og:title\" content=\"CELLPERFECT BIOACTIVE &#8902; Clinique d&#039;Esth&eacute;tique Novani\" \/>\n<meta property=\"og:description\" content=\"UN STIMULANT ANTI-\u00c2GE QUI STIMULE ET ILLUMINE LA PEAU! &nbsp; PLUS QU&#039;UNE \u00c9TAPE SUPPL\u00c9MENTAIRE DANS VOTRE ROUTINE, LE COMMENCEMENT. 150 ml &nbsp; Une essence soin unique avec une formule concentr\u00e9e qui&nbsp;amplifie&nbsp;les b\u00e9n\u00e9fices de votre routine de soins. Pr\u00e9pare la peau, prot\u00e8ge contre la perte en eau trans\u00e9pidermique et renforce l&#039;hydratation. R\u00e9duit l&#039;apparence des pores et lisse les rides. La peau para\u00eet visiblement revitalis\u00e9e et \u00e9nergis\u00e9e. &nbsp; *Convient aussi aux peaux sensibles.  Fait avec int\u00e9grit\u00e9 0 % de parab\u00e8nes, huiles min\u00e9rales, alcool, colorants  Sans gluten -&nbsp;V\u00e9g\u00e9talien\" \/>\n<meta property=\"og:url\" content=\"https:\/\/esthetiquenovani.com\/boutique\/gammes\/laboratoire-dr-renaud\/nettoyants-et-lotions\/cellperfect-bioactive\/\" \/>\n<meta property=\"og:site_name\" content=\"Clinique d&#039;Esth&eacute;tique Novani\" \/>\n<meta property=\"article:publisher\" content=\"https:\/\/www.facebook.com\/esthetiquehturcotte\" \/>\n<meta property=\"article:modified_time\" content=\"2026-02-05T14:47:06+00:00\" \/>\n<meta property=\"og:image\" content=\"https:\/\/esthetiquenovani.com\/wp-content\/uploads\/2023\/10\/img_0779.jpeg\" \/>\n\t<meta property=\"og:image:width\" content=\"1200\" \/>\n\t<meta property=\"og:image:height\" content=\"1200\" \/>\n\t<meta property=\"og:image:type\" content=\"image\/jpeg\" \/>\n<meta name=\"twitter:card\" content=\"summary_large_image\" \/>\n<meta name=\"twitter:label1\" content=\"Est. reading time\" \/>\n\t<meta name=\"twitter:data1\" content=\"1 minute\" \/>\n<script type=\"application\/ld+json\" class=\"yoast-schema-graph\">{\"@context\":\"https:\\\/\\\/schema.org\",\"@graph\":[{\"@type\":\"WebPage\",\"@id\":\"https:\\\/\\\/esthetiquenovani.com\\\/boutique\\\/gammes\\\/laboratoire-dr-renaud\\\/nettoyants-et-lotions\\\/cellperfect-bioactive\\\/\",\"url\":\"https:\\\/\\\/esthetiquenovani.com\\\/boutique\\\/gammes\\\/laboratoire-dr-renaud\\\/nettoyants-et-lotions\\\/cellperfect-bioactive\\\/\",\"name\":\"CELLPERFECT BIOACTIVE &#8902; Clinique d'Esth&eacute;tique Novani\",\"isPartOf\":{\"@id\":\"https:\\\/\\\/esthetiquenovani.com\\\/#website\"},\"primaryImageOfPage\":{\"@id\":\"https:\\\/\\\/esthetiquenovani.com\\\/boutique\\\/gammes\\\/laboratoire-dr-renaud\\\/nettoyants-et-lotions\\\/cellperfect-bioactive\\\/#primaryimage\"},\"image\":{\"@id\":\"https:\\\/\\\/esthetiquenovani.com\\\/boutique\\\/gammes\\\/laboratoire-dr-renaud\\\/nettoyants-et-lotions\\\/cellperfect-bioactive\\\/#primaryimage\"},\"thumbnailUrl\":\"https:\\\/\\\/esthetiquenovani.com\\\/wp-content\\\/uploads\\\/2023\\\/10\\\/img_0779.jpeg\",\"datePublished\":\"2023-10-18T18:33:21+00:00\",\"dateModified\":\"2026-02-05T14:47:06+00:00\",\"breadcrumb\":{\"@id\":\"https:\\\/\\\/esthetiquenovani.com\\\/boutique\\\/gammes\\\/laboratoire-dr-renaud\\\/nettoyants-et-lotions\\\/cellperfect-bioactive\\\/#breadcrumb\"},\"inLanguage\":\"en-US\",\"potentialAction\":[{\"@type\":\"ReadAction\",\"target\":[\"https:\\\/\\\/esthetiquenovani.com\\\/boutique\\\/gammes\\\/laboratoire-dr-renaud\\\/nettoyants-et-lotions\\\/cellperfect-bioactive\\\/\"]}]},{\"@type\":\"ImageObject\",\"inLanguage\":\"en-US\",\"@id\":\"https:\\\/\\\/esthetiquenovani.com\\\/boutique\\\/gammes\\\/laboratoire-dr-renaud\\\/nettoyants-et-lotions\\\/cellperfect-bioactive\\\/#primaryimage\",\"url\":\"https:\\\/\\\/esthetiquenovani.com\\\/wp-content\\\/uploads\\\/2023\\\/10\\\/img_0779.jpeg\",\"contentUrl\":\"https:\\\/\\\/esthetiquenovani.com\\\/wp-content\\\/uploads\\\/2023\\\/10\\\/img_0779.jpeg\",\"width\":1200,\"height\":1200},{\"@type\":\"BreadcrumbList\",\"@id\":\"https:\\\/\\\/esthetiquenovani.com\\\/boutique\\\/gammes\\\/laboratoire-dr-renaud\\\/nettoyants-et-lotions\\\/cellperfect-bioactive\\\/#breadcrumb\",\"itemListElement\":[{\"@type\":\"ListItem\",\"position\":1,\"name\":\"Accueil\",\"item\":\"https:\\\/\\\/esthetiquenovani.com\\\/en\\\/\"},{\"@type\":\"ListItem\",\"position\":2,\"name\":\"Boutique\",\"item\":\"https:\\\/\\\/esthetiquenovani.com\\\/boutique\\\/\"},{\"@type\":\"ListItem\",\"position\":3,\"name\":\"CELLPERFECT BIOACTIVE\"}]},{\"@type\":\"WebSite\",\"@id\":\"https:\\\/\\\/esthetiquenovani.com\\\/#website\",\"url\":\"https:\\\/\\\/esthetiquenovani.com\\\/\",\"name\":\"Clinique d'Esth&eacute;tique Novani\",\"description\":\"Brossard, Longueil &amp; Chambly\",\"publisher\":{\"@id\":\"https:\\\/\\\/esthetiquenovani.com\\\/#organization\"},\"potentialAction\":[{\"@type\":\"SearchAction\",\"target\":{\"@type\":\"EntryPoint\",\"urlTemplate\":\"https:\\\/\\\/esthetiquenovani.com\\\/?s={search_term_string}\"},\"query-input\":{\"@type\":\"PropertyValueSpecification\",\"valueRequired\":true,\"valueName\":\"search_term_string\"}}],\"inLanguage\":\"en-US\"},{\"@type\":\"Organization\",\"@id\":\"https:\\\/\\\/esthetiquenovani.com\\\/#organization\",\"name\":\"Esth\u00e9tique Huguette Turcotte\",\"url\":\"https:\\\/\\\/esthetiquenovani.com\\\/\",\"logo\":{\"@type\":\"ImageObject\",\"inLanguage\":\"en-US\",\"@id\":\"https:\\\/\\\/esthetiquenovani.com\\\/#\\\/schema\\\/logo\\\/image\\\/\",\"url\":\"https:\\\/\\\/esthetiquenovani.com\\\/wp-content\\\/uploads\\\/2018\\\/01\\\/qui-sommes-nous.jpg\",\"contentUrl\":\"https:\\\/\\\/esthetiquenovani.com\\\/wp-content\\\/uploads\\\/2018\\\/01\\\/qui-sommes-nous.jpg\",\"width\":637,\"height\":425,\"caption\":\"Esth\u00e9tique Huguette Turcotte\"},\"image\":{\"@id\":\"https:\\\/\\\/esthetiquenovani.com\\\/#\\\/schema\\\/logo\\\/image\\\/\"},\"sameAs\":[\"https:\\\/\\\/www.facebook.com\\\/esthetiquehturcotte\"]}]}<\/script>\n<!-- \/ Yoast SEO plugin. -->","yoast_head_json":{"title":"CELLPERFECT BIOACTIVE &#8902; Clinique d'Esth&eacute;tique Novani","robots":{"index":"index","follow":"follow","max-snippet":"max-snippet:-1","max-image-preview":"max-image-preview:large","max-video-preview":"max-video-preview:-1"},"canonical":"https:\/\/esthetiquenovani.com\/boutique\/gammes\/laboratoire-dr-renaud\/nettoyants-et-lotions\/cellperfect-bioactive\/","og_locale":"en_US","og_type":"article","og_title":"CELLPERFECT BIOACTIVE &#8902; Clinique d'Esth&eacute;tique Novani","og_description":"UN STIMULANT ANTI-\u00c2GE QUI STIMULE ET ILLUMINE LA PEAU! &nbsp; PLUS QU'UNE \u00c9TAPE SUPPL\u00c9MENTAIRE DANS VOTRE ROUTINE, LE COMMENCEMENT. 150 ml &nbsp; Une essence soin unique avec une formule concentr\u00e9e qui&nbsp;amplifie&nbsp;les b\u00e9n\u00e9fices de votre routine de soins. Pr\u00e9pare la peau, prot\u00e8ge contre la perte en eau trans\u00e9pidermique et renforce l'hydratation. R\u00e9duit l'apparence des pores et lisse les rides. La peau para\u00eet visiblement revitalis\u00e9e et \u00e9nergis\u00e9e. &nbsp; *Convient aussi aux peaux sensibles.  Fait avec int\u00e9grit\u00e9 0 % de parab\u00e8nes, huiles min\u00e9rales, alcool, colorants  Sans gluten -&nbsp;V\u00e9g\u00e9talien","og_url":"https:\/\/esthetiquenovani.com\/boutique\/gammes\/laboratoire-dr-renaud\/nettoyants-et-lotions\/cellperfect-bioactive\/","og_site_name":"Clinique d'Esth&eacute;tique Novani","article_publisher":"https:\/\/www.facebook.com\/esthetiquehturcotte","article_modified_time":"2026-02-05T14:47:06+00:00","og_image":[{"width":1200,"height":1200,"url":"https:\/\/esthetiquenovani.com\/wp-content\/uploads\/2023\/10\/img_0779.jpeg","type":"image\/jpeg"}],"twitter_card":"summary_large_image","twitter_misc":{"Est. reading time":"1 minute"},"schema":{"@context":"https:\/\/schema.org","@graph":[{"@type":"WebPage","@id":"https:\/\/esthetiquenovani.com\/boutique\/gammes\/laboratoire-dr-renaud\/nettoyants-et-lotions\/cellperfect-bioactive\/","url":"https:\/\/esthetiquenovani.com\/boutique\/gammes\/laboratoire-dr-renaud\/nettoyants-et-lotions\/cellperfect-bioactive\/","name":"CELLPERFECT BIOACTIVE &#8902; Clinique d'Esth&eacute;tique Novani","isPartOf":{"@id":"https:\/\/esthetiquenovani.com\/#website"},"primaryImageOfPage":{"@id":"https:\/\/esthetiquenovani.com\/boutique\/gammes\/laboratoire-dr-renaud\/nettoyants-et-lotions\/cellperfect-bioactive\/#primaryimage"},"image":{"@id":"https:\/\/esthetiquenovani.com\/boutique\/gammes\/laboratoire-dr-renaud\/nettoyants-et-lotions\/cellperfect-bioactive\/#primaryimage"},"thumbnailUrl":"https:\/\/esthetiquenovani.com\/wp-content\/uploads\/2023\/10\/img_0779.jpeg","datePublished":"2023-10-18T18:33:21+00:00","dateModified":"2026-02-05T14:47:06+00:00","breadcrumb":{"@id":"https:\/\/esthetiquenovani.com\/boutique\/gammes\/laboratoire-dr-renaud\/nettoyants-et-lotions\/cellperfect-bioactive\/#breadcrumb"},"inLanguage":"en-US","potentialAction":[{"@type":"ReadAction","target":["https:\/\/esthetiquenovani.com\/boutique\/gammes\/laboratoire-dr-renaud\/nettoyants-et-lotions\/cellperfect-bioactive\/"]}]},{"@type":"ImageObject","inLanguage":"en-US","@id":"https:\/\/esthetiquenovani.com\/boutique\/gammes\/laboratoire-dr-renaud\/nettoyants-et-lotions\/cellperfect-bioactive\/#primaryimage","url":"https:\/\/esthetiquenovani.com\/wp-content\/uploads\/2023\/10\/img_0779.jpeg","contentUrl":"https:\/\/esthetiquenovani.com\/wp-content\/uploads\/2023\/10\/img_0779.jpeg","width":1200,"height":1200},{"@type":"BreadcrumbList","@id":"https:\/\/esthetiquenovani.com\/boutique\/gammes\/laboratoire-dr-renaud\/nettoyants-et-lotions\/cellperfect-bioactive\/#breadcrumb","itemListElement":[{"@type":"ListItem","position":1,"name":"Accueil","item":"https:\/\/esthetiquenovani.com\/en\/"},{"@type":"ListItem","position":2,"name":"Boutique","item":"https:\/\/esthetiquenovani.com\/boutique\/"},{"@type":"ListItem","position":3,"name":"CELLPERFECT BIOACTIVE"}]},{"@type":"WebSite","@id":"https:\/\/esthetiquenovani.com\/#website","url":"https:\/\/esthetiquenovani.com\/","name":"Clinique d'Esth&eacute;tique Novani","description":"Brossard, Longueil &amp; Chambly","publisher":{"@id":"https:\/\/esthetiquenovani.com\/#organization"},"potentialAction":[{"@type":"SearchAction","target":{"@type":"EntryPoint","urlTemplate":"https:\/\/esthetiquenovani.com\/?s={search_term_string}"},"query-input":{"@type":"PropertyValueSpecification","valueRequired":true,"valueName":"search_term_string"}}],"inLanguage":"en-US"},{"@type":"Organization","@id":"https:\/\/esthetiquenovani.com\/#organization","name":"Esth\u00e9tique Huguette Turcotte","url":"https:\/\/esthetiquenovani.com\/","logo":{"@type":"ImageObject","inLanguage":"en-US","@id":"https:\/\/esthetiquenovani.com\/#\/schema\/logo\/image\/","url":"https:\/\/esthetiquenovani.com\/wp-content\/uploads\/2018\/01\/qui-sommes-nous.jpg","contentUrl":"https:\/\/esthetiquenovani.com\/wp-content\/uploads\/2018\/01\/qui-sommes-nous.jpg","width":637,"height":425,"caption":"Esth\u00e9tique Huguette Turcotte"},"image":{"@id":"https:\/\/esthetiquenovani.com\/#\/schema\/logo\/image\/"},"sameAs":["https:\/\/www.facebook.com\/esthetiquehturcotte"]}]}},"_links":{"self":[{"href":"https:\/\/esthetiquenovani.com\/en\/wp-json\/wp\/v2\/product\/227037","targetHints":{"allow":["GET"]}}],"collection":[{"href":"https:\/\/esthetiquenovani.com\/en\/wp-json\/wp\/v2\/product"}],"about":[{"href":"https:\/\/esthetiquenovani.com\/en\/wp-json\/wp\/v2\/types\/product"}],"wp:featuredmedia":[{"embeddable":true,"href":"https:\/\/esthetiquenovani.com\/en\/wp-json\/wp\/v2\/media\/227036"}],"wp:attachment":[{"href":"https:\/\/esthetiquenovani.com\/en\/wp-json\/wp\/v2\/media?parent=227037"}],"wp:term":[{"taxonomy":"product_brand","embeddable":true,"href":"https:\/\/esthetiquenovani.com\/en\/wp-json\/wp\/v2\/product_brand?post=227037"},{"taxonomy":"product_cat","embeddable":true,"href":"https:\/\/esthetiquenovani.com\/en\/wp-json\/wp\/v2\/product_cat?post=227037"},{"taxonomy":"product_tag","embeddable":true,"href":"https:\/\/esthetiquenovani.com\/en\/wp-json\/wp\/v2\/product_tag?post=227037"}],"curies":[{"name":"wp","href":"https:\/\/api.w.org\/{rel}","templated":true}]}}