{"id":227703,"date":"2023-11-23T17:43:48","date_gmt":"2023-11-23T22:43:48","guid":{"rendered":"https:\/\/esthetiquenovani.com\/?post_type=product&#038;p=227703"},"modified":"2026-02-05T11:03:13","modified_gmt":"2026-02-05T16:03:13","slug":"dr-renaud-poudre-libre-large-spectre-fps-50-bronze","status":"publish","type":"product","link":"https:\/\/esthetiquenovani.com\/en\/boutique\/gammes\/laboratoire-dr-renaud\/solaires-celldefense\/dr-renaud-poudre-libre-large-spectre-fps-50-bronze\/","title":{"rendered":"Dr Renaud \u2013 Poudre Libre Large spectre FPS 50 \u2013 Bronze"},"content":{"rendered":"<div><span style=\"font-family: Verdana\">L\u2019\u00e9cran solaire id\u00e9al qui vous accompagne partout!\u00a0<\/span><span style=\"font-family: Verdana\">Sp\u00e9cifiquement con\u00e7u pour tous les types de peau, incluant les plus sensibles, sa formule min\u00e9rale ultral\u00e9g\u00e8re renferme des flavonols extraits du Jasmin, antioxydants puissants, pour une efficacit\u00e9 optimale.<\/span><\/div>\n","protected":false},"excerpt":{"rendered":"<div>\n<div><span style=\"font-family: Verdana\"><span style=\"font-family: Verdana\">Utilis\u00e9e ad\u00e9quatement, la poudre libre FPS 50:<\/span><\/span><\/div>\n<ul>\n<li><span style=\"font-family: Verdana\">Facile \u00e0 appliquer et \u00e0 r\u00e9-appliquer tout au long de la journ\u00e9e.<\/span><\/li>\n<li><span style=\"font-family: Verdana\">Prot\u00e8ge la peau des coups de soleil <\/span><\/li>\n<li><span style=\"font-family: Verdana\">prot\u00e8ge des UVB (br\u00fblure) et UVA (\u00e2ge) avec le Dioxyde de Titane et l&#8217;Oxyde de Zinc micronis\u00e9<\/span><\/li>\n<li><span style=\"font-family: Verdana\">Ralentit le vieillissement acc\u00e9l\u00e9r\u00e9 de la peau (extrait de fleur de jasmin)<\/span><\/li>\n<li>Respect des coraux et de la vie aquatique<\/li>\n<\/ul>\n<\/div>\n<div>Une poudre libre solaire protectrice anti-\u00e2ge qui prot\u00e8ge contre les coups de soleil et qui lutte contre l\u2019apparition des rides et autres signes du vieillissement photo-induit caus\u00e9 par les rayons UVA, UVB et infrarouges<\/div>\n<div><b>Conseils d\u2019utilisation :<\/b><\/div>\n<div><span style=\"font-family: Verdana\">Bien agiter le produit avant l&#8217;utilisation.\u00a0 15 minutes avant l\u2019exposition au soleil, appliquer g\u00e9n\u00e9reusement et uniform\u00e9ment sur le visage. R\u00e9p\u00e9ter l\u2019application aux 2 heures. Utiliser un \u00e9cran solaire r\u00e9sistant \u00e0 l\u2019eau lors d\u2019une activit\u00e9 aquatique ou s\u2019il y a transpiration.<\/span><\/div>\n<div><\/div>\n<div>6 g<\/div>\n","protected":false},"featured_media":7609,"template":"","meta":{"_et_pb_use_builder":"","_et_pb_old_content":"","_et_gb_content_width":""},"product_brand":[],"product_cat":[113,68,48,66,53],"product_tag":[],"class_list":{"0":"post-227703","1":"product","2":"type-product","3":"status-publish","4":"has-post-thumbnail","6":"product_cat-solaires-celldefense","7":"product_cat-laboratoire-dr-renaud","8":"product_cat-sensibilites-et-rougeurs","9":"product_cat-solaire","10":"product_cat-taches-pigmentaires-et-teint-terne","12":"first","13":"instock","14":"taxable","15":"shipping-taxable","16":"purchasable","17":"product-type-simple"},"yoast_head":"<!-- This site is optimized with the Yoast SEO plugin v27.4 - https:\/\/yoast.com\/product\/yoast-seo-wordpress\/ -->\n<title>Poudre solaire | FPS 50 | Esth\u00e9ticienne Longueuil | Protection Cancer peau<\/title>\n<meta name=\"description\" content=\"Une poudre libre solaire protectrice anti-\u00e2ge qui prot\u00e8ge contre les coups de soleil et qui lutte contre l\u2019apparition des rides. FPS 50\" \/>\n<meta name=\"robots\" content=\"index, follow, max-snippet:-1, max-image-preview:large, max-video-preview:-1\" \/>\n<link rel=\"canonical\" href=\"https:\/\/esthetiquenovani.com\/boutique\/gammes\/laboratoire-dr-renaud\/solaires-celldefense\/dr-renaud-poudre-libre-large-spectre-fps-50-bronze\/\" \/>\n<meta property=\"og:locale\" content=\"en_US\" \/>\n<meta property=\"og:type\" content=\"article\" \/>\n<meta property=\"og:title\" content=\"Poudre solaire | FPS 50 | Esth\u00e9ticienne Longueuil | Protection Cancer peau\" \/>\n<meta property=\"og:description\" content=\"Une poudre libre solaire protectrice anti-\u00e2ge qui prot\u00e8ge contre les coups de soleil et qui lutte contre l\u2019apparition des rides. FPS 50\" \/>\n<meta property=\"og:url\" content=\"https:\/\/esthetiquenovani.com\/boutique\/gammes\/laboratoire-dr-renaud\/solaires-celldefense\/dr-renaud-poudre-libre-large-spectre-fps-50-bronze\/\" \/>\n<meta property=\"og:site_name\" content=\"Clinique d&#039;Esth&eacute;tique Novani\" \/>\n<meta property=\"article:publisher\" content=\"https:\/\/www.facebook.com\/esthetiquehturcotte\" \/>\n<meta property=\"article:modified_time\" content=\"2026-02-05T16:03:13+00:00\" \/>\n<meta property=\"og:image\" content=\"https:\/\/esthetiquenovani.com\/wp-content\/uploads\/2020\/03\/50106485_LoosePowder_Light_SPF50_6g.png\" \/>\n\t<meta property=\"og:image:width\" content=\"1000\" \/>\n\t<meta property=\"og:image:height\" content=\"1000\" \/>\n\t<meta property=\"og:image:type\" content=\"image\/png\" \/>\n<meta name=\"twitter:card\" content=\"summary_large_image\" \/>\n<meta name=\"twitter:label1\" content=\"Est. reading time\" \/>\n\t<meta name=\"twitter:data1\" content=\"1 minute\" \/>\n<script type=\"application\/ld+json\" class=\"yoast-schema-graph\">{\"@context\":\"https:\\\/\\\/schema.org\",\"@graph\":[{\"@type\":\"WebPage\",\"@id\":\"https:\\\/\\\/esthetiquenovani.com\\\/boutique\\\/gammes\\\/laboratoire-dr-renaud\\\/solaires-celldefense\\\/dr-renaud-poudre-libre-large-spectre-fps-50-bronze\\\/\",\"url\":\"https:\\\/\\\/esthetiquenovani.com\\\/boutique\\\/gammes\\\/laboratoire-dr-renaud\\\/solaires-celldefense\\\/dr-renaud-poudre-libre-large-spectre-fps-50-bronze\\\/\",\"name\":\"Poudre solaire | FPS 50 | Esth\u00e9ticienne Longueuil | Protection Cancer peau\",\"isPartOf\":{\"@id\":\"https:\\\/\\\/esthetiquenovani.com\\\/#website\"},\"primaryImageOfPage\":{\"@id\":\"https:\\\/\\\/esthetiquenovani.com\\\/boutique\\\/gammes\\\/laboratoire-dr-renaud\\\/solaires-celldefense\\\/dr-renaud-poudre-libre-large-spectre-fps-50-bronze\\\/#primaryimage\"},\"image\":{\"@id\":\"https:\\\/\\\/esthetiquenovani.com\\\/boutique\\\/gammes\\\/laboratoire-dr-renaud\\\/solaires-celldefense\\\/dr-renaud-poudre-libre-large-spectre-fps-50-bronze\\\/#primaryimage\"},\"thumbnailUrl\":\"https:\\\/\\\/esthetiquenovani.com\\\/wp-content\\\/uploads\\\/2020\\\/03\\\/50106485_LoosePowder_Light_SPF50_6g.png\",\"datePublished\":\"2023-11-23T22:43:48+00:00\",\"dateModified\":\"2026-02-05T16:03:13+00:00\",\"description\":\"Une poudre libre solaire protectrice anti-\u00e2ge qui prot\u00e8ge contre les coups de soleil et qui lutte contre l\u2019apparition des rides. FPS 50\",\"breadcrumb\":{\"@id\":\"https:\\\/\\\/esthetiquenovani.com\\\/boutique\\\/gammes\\\/laboratoire-dr-renaud\\\/solaires-celldefense\\\/dr-renaud-poudre-libre-large-spectre-fps-50-bronze\\\/#breadcrumb\"},\"inLanguage\":\"en-US\",\"potentialAction\":[{\"@type\":\"ReadAction\",\"target\":[\"https:\\\/\\\/esthetiquenovani.com\\\/boutique\\\/gammes\\\/laboratoire-dr-renaud\\\/solaires-celldefense\\\/dr-renaud-poudre-libre-large-spectre-fps-50-bronze\\\/\"]}]},{\"@type\":\"ImageObject\",\"inLanguage\":\"en-US\",\"@id\":\"https:\\\/\\\/esthetiquenovani.com\\\/boutique\\\/gammes\\\/laboratoire-dr-renaud\\\/solaires-celldefense\\\/dr-renaud-poudre-libre-large-spectre-fps-50-bronze\\\/#primaryimage\",\"url\":\"https:\\\/\\\/esthetiquenovani.com\\\/wp-content\\\/uploads\\\/2020\\\/03\\\/50106485_LoosePowder_Light_SPF50_6g.png\",\"contentUrl\":\"https:\\\/\\\/esthetiquenovani.com\\\/wp-content\\\/uploads\\\/2020\\\/03\\\/50106485_LoosePowder_Light_SPF50_6g.png\",\"width\":1000,\"height\":1000,\"caption\":\"poudre solaire | \u00e9cran total | FPS 50 | Esth\u00e9ticienne Longueuil\"},{\"@type\":\"BreadcrumbList\",\"@id\":\"https:\\\/\\\/esthetiquenovani.com\\\/boutique\\\/gammes\\\/laboratoire-dr-renaud\\\/solaires-celldefense\\\/dr-renaud-poudre-libre-large-spectre-fps-50-bronze\\\/#breadcrumb\",\"itemListElement\":[{\"@type\":\"ListItem\",\"position\":1,\"name\":\"Accueil\",\"item\":\"https:\\\/\\\/esthetiquenovani.com\\\/en\\\/\"},{\"@type\":\"ListItem\",\"position\":2,\"name\":\"Boutique\",\"item\":\"https:\\\/\\\/esthetiquenovani.com\\\/boutique\\\/\"},{\"@type\":\"ListItem\",\"position\":3,\"name\":\"Dr Renaud \u2013 Poudre Libre Large spectre FPS 50 \u2013 Bronze\"}]},{\"@type\":\"WebSite\",\"@id\":\"https:\\\/\\\/esthetiquenovani.com\\\/#website\",\"url\":\"https:\\\/\\\/esthetiquenovani.com\\\/\",\"name\":\"Clinique d'Esth&eacute;tique Novani\",\"description\":\"Brossard, Longueil &amp; Chambly\",\"publisher\":{\"@id\":\"https:\\\/\\\/esthetiquenovani.com\\\/#organization\"},\"potentialAction\":[{\"@type\":\"SearchAction\",\"target\":{\"@type\":\"EntryPoint\",\"urlTemplate\":\"https:\\\/\\\/esthetiquenovani.com\\\/?s={search_term_string}\"},\"query-input\":{\"@type\":\"PropertyValueSpecification\",\"valueRequired\":true,\"valueName\":\"search_term_string\"}}],\"inLanguage\":\"en-US\"},{\"@type\":\"Organization\",\"@id\":\"https:\\\/\\\/esthetiquenovani.com\\\/#organization\",\"name\":\"Esth\u00e9tique Huguette Turcotte\",\"url\":\"https:\\\/\\\/esthetiquenovani.com\\\/\",\"logo\":{\"@type\":\"ImageObject\",\"inLanguage\":\"en-US\",\"@id\":\"https:\\\/\\\/esthetiquenovani.com\\\/#\\\/schema\\\/logo\\\/image\\\/\",\"url\":\"https:\\\/\\\/esthetiquenovani.com\\\/wp-content\\\/uploads\\\/2018\\\/01\\\/qui-sommes-nous.jpg\",\"contentUrl\":\"https:\\\/\\\/esthetiquenovani.com\\\/wp-content\\\/uploads\\\/2018\\\/01\\\/qui-sommes-nous.jpg\",\"width\":637,\"height\":425,\"caption\":\"Esth\u00e9tique Huguette Turcotte\"},\"image\":{\"@id\":\"https:\\\/\\\/esthetiquenovani.com\\\/#\\\/schema\\\/logo\\\/image\\\/\"},\"sameAs\":[\"https:\\\/\\\/www.facebook.com\\\/esthetiquehturcotte\"]}]}<\/script>\n<!-- \/ Yoast SEO plugin. -->","yoast_head_json":{"title":"Poudre solaire | FPS 50 | Esth\u00e9ticienne Longueuil | Protection Cancer peau","description":"Une poudre libre solaire protectrice anti-\u00e2ge qui prot\u00e8ge contre les coups de soleil et qui lutte contre l\u2019apparition des rides. FPS 50","robots":{"index":"index","follow":"follow","max-snippet":"max-snippet:-1","max-image-preview":"max-image-preview:large","max-video-preview":"max-video-preview:-1"},"canonical":"https:\/\/esthetiquenovani.com\/boutique\/gammes\/laboratoire-dr-renaud\/solaires-celldefense\/dr-renaud-poudre-libre-large-spectre-fps-50-bronze\/","og_locale":"en_US","og_type":"article","og_title":"Poudre solaire | FPS 50 | Esth\u00e9ticienne Longueuil | Protection Cancer peau","og_description":"Une poudre libre solaire protectrice anti-\u00e2ge qui prot\u00e8ge contre les coups de soleil et qui lutte contre l\u2019apparition des rides. FPS 50","og_url":"https:\/\/esthetiquenovani.com\/boutique\/gammes\/laboratoire-dr-renaud\/solaires-celldefense\/dr-renaud-poudre-libre-large-spectre-fps-50-bronze\/","og_site_name":"Clinique d'Esth&eacute;tique Novani","article_publisher":"https:\/\/www.facebook.com\/esthetiquehturcotte","article_modified_time":"2026-02-05T16:03:13+00:00","og_image":[{"width":1000,"height":1000,"url":"https:\/\/esthetiquenovani.com\/wp-content\/uploads\/2020\/03\/50106485_LoosePowder_Light_SPF50_6g.png","type":"image\/png"}],"twitter_card":"summary_large_image","twitter_misc":{"Est. reading time":"1 minute"},"schema":{"@context":"https:\/\/schema.org","@graph":[{"@type":"WebPage","@id":"https:\/\/esthetiquenovani.com\/boutique\/gammes\/laboratoire-dr-renaud\/solaires-celldefense\/dr-renaud-poudre-libre-large-spectre-fps-50-bronze\/","url":"https:\/\/esthetiquenovani.com\/boutique\/gammes\/laboratoire-dr-renaud\/solaires-celldefense\/dr-renaud-poudre-libre-large-spectre-fps-50-bronze\/","name":"Poudre solaire | FPS 50 | Esth\u00e9ticienne Longueuil | Protection Cancer peau","isPartOf":{"@id":"https:\/\/esthetiquenovani.com\/#website"},"primaryImageOfPage":{"@id":"https:\/\/esthetiquenovani.com\/boutique\/gammes\/laboratoire-dr-renaud\/solaires-celldefense\/dr-renaud-poudre-libre-large-spectre-fps-50-bronze\/#primaryimage"},"image":{"@id":"https:\/\/esthetiquenovani.com\/boutique\/gammes\/laboratoire-dr-renaud\/solaires-celldefense\/dr-renaud-poudre-libre-large-spectre-fps-50-bronze\/#primaryimage"},"thumbnailUrl":"https:\/\/esthetiquenovani.com\/wp-content\/uploads\/2020\/03\/50106485_LoosePowder_Light_SPF50_6g.png","datePublished":"2023-11-23T22:43:48+00:00","dateModified":"2026-02-05T16:03:13+00:00","description":"Une poudre libre solaire protectrice anti-\u00e2ge qui prot\u00e8ge contre les coups de soleil et qui lutte contre l\u2019apparition des rides. FPS 50","breadcrumb":{"@id":"https:\/\/esthetiquenovani.com\/boutique\/gammes\/laboratoire-dr-renaud\/solaires-celldefense\/dr-renaud-poudre-libre-large-spectre-fps-50-bronze\/#breadcrumb"},"inLanguage":"en-US","potentialAction":[{"@type":"ReadAction","target":["https:\/\/esthetiquenovani.com\/boutique\/gammes\/laboratoire-dr-renaud\/solaires-celldefense\/dr-renaud-poudre-libre-large-spectre-fps-50-bronze\/"]}]},{"@type":"ImageObject","inLanguage":"en-US","@id":"https:\/\/esthetiquenovani.com\/boutique\/gammes\/laboratoire-dr-renaud\/solaires-celldefense\/dr-renaud-poudre-libre-large-spectre-fps-50-bronze\/#primaryimage","url":"https:\/\/esthetiquenovani.com\/wp-content\/uploads\/2020\/03\/50106485_LoosePowder_Light_SPF50_6g.png","contentUrl":"https:\/\/esthetiquenovani.com\/wp-content\/uploads\/2020\/03\/50106485_LoosePowder_Light_SPF50_6g.png","width":1000,"height":1000,"caption":"poudre solaire | \u00e9cran total | FPS 50 | Esth\u00e9ticienne Longueuil"},{"@type":"BreadcrumbList","@id":"https:\/\/esthetiquenovani.com\/boutique\/gammes\/laboratoire-dr-renaud\/solaires-celldefense\/dr-renaud-poudre-libre-large-spectre-fps-50-bronze\/#breadcrumb","itemListElement":[{"@type":"ListItem","position":1,"name":"Accueil","item":"https:\/\/esthetiquenovani.com\/en\/"},{"@type":"ListItem","position":2,"name":"Boutique","item":"https:\/\/esthetiquenovani.com\/boutique\/"},{"@type":"ListItem","position":3,"name":"Dr Renaud \u2013 Poudre Libre Large spectre FPS 50 \u2013 Bronze"}]},{"@type":"WebSite","@id":"https:\/\/esthetiquenovani.com\/#website","url":"https:\/\/esthetiquenovani.com\/","name":"Clinique d'Esth&eacute;tique Novani","description":"Brossard, Longueil &amp; Chambly","publisher":{"@id":"https:\/\/esthetiquenovani.com\/#organization"},"potentialAction":[{"@type":"SearchAction","target":{"@type":"EntryPoint","urlTemplate":"https:\/\/esthetiquenovani.com\/?s={search_term_string}"},"query-input":{"@type":"PropertyValueSpecification","valueRequired":true,"valueName":"search_term_string"}}],"inLanguage":"en-US"},{"@type":"Organization","@id":"https:\/\/esthetiquenovani.com\/#organization","name":"Esth\u00e9tique Huguette Turcotte","url":"https:\/\/esthetiquenovani.com\/","logo":{"@type":"ImageObject","inLanguage":"en-US","@id":"https:\/\/esthetiquenovani.com\/#\/schema\/logo\/image\/","url":"https:\/\/esthetiquenovani.com\/wp-content\/uploads\/2018\/01\/qui-sommes-nous.jpg","contentUrl":"https:\/\/esthetiquenovani.com\/wp-content\/uploads\/2018\/01\/qui-sommes-nous.jpg","width":637,"height":425,"caption":"Esth\u00e9tique Huguette Turcotte"},"image":{"@id":"https:\/\/esthetiquenovani.com\/#\/schema\/logo\/image\/"},"sameAs":["https:\/\/www.facebook.com\/esthetiquehturcotte"]}]}},"_links":{"self":[{"href":"https:\/\/esthetiquenovani.com\/en\/wp-json\/wp\/v2\/product\/227703","targetHints":{"allow":["GET"]}}],"collection":[{"href":"https:\/\/esthetiquenovani.com\/en\/wp-json\/wp\/v2\/product"}],"about":[{"href":"https:\/\/esthetiquenovani.com\/en\/wp-json\/wp\/v2\/types\/product"}],"wp:featuredmedia":[{"embeddable":true,"href":"https:\/\/esthetiquenovani.com\/en\/wp-json\/wp\/v2\/media\/7609"}],"wp:attachment":[{"href":"https:\/\/esthetiquenovani.com\/en\/wp-json\/wp\/v2\/media?parent=227703"}],"wp:term":[{"taxonomy":"product_brand","embeddable":true,"href":"https:\/\/esthetiquenovani.com\/en\/wp-json\/wp\/v2\/product_brand?post=227703"},{"taxonomy":"product_cat","embeddable":true,"href":"https:\/\/esthetiquenovani.com\/en\/wp-json\/wp\/v2\/product_cat?post=227703"},{"taxonomy":"product_tag","embeddable":true,"href":"https:\/\/esthetiquenovani.com\/en\/wp-json\/wp\/v2\/product_tag?post=227703"}],"curies":[{"name":"wp","href":"https:\/\/api.w.org\/{rel}","templated":true}]}}