{"id":227710,"date":"2023-11-24T07:34:55","date_gmt":"2023-11-24T12:34:55","guid":{"rendered":"https:\/\/esthetiquenovani.com\/?post_type=product&#038;p=227710"},"modified":"2026-01-06T17:38:06","modified_gmt":"2026-01-06T22:38:06","slug":"reflets-de-soleil-gel-creme-auto-bronzant-hydra-boost","status":"publish","type":"product","link":"https:\/\/esthetiquenovani.com\/en\/boutique\/gammes\/esthederm-meilleures-cremes-anti-rides-estheticienne-longueuil\/solaires\/reflets-de-soleil-gel-creme-auto-bronzant-hydra-boost\/","title":{"rendered":"Reflets de Soleil \u2013 Gel-Cr\u00e8me Auto-Bronzant Hydra-Boost"},"content":{"rendered":"","protected":false},"excerpt":{"rendered":"<p>La premi\u00e8re formule auto-bronzante ultra-sensorielle qui restaure les r\u00e9serves d\u2019eau de la peau et s\u2019adapte \u00e0 toutes les carnations pour une peau lisse et belle. Tenue longue dur\u00e9e (5 \u00e0 7 jours). Visage et corps. 38% de plastique en moins.<\/p>\n<p>BIENFAITS<br \/>\nBronzage naturel, durable et une peau hydrat\u00e9e. Une teinte plus naturelle pour un r\u00e9sultat harmonieux sur toutes les carnations de peau.<\/p>\n<p>CONSEILS D&#8217;APPLICATION<br \/>\nAppliquer sur une peau gomm\u00e9e et hydrat\u00e9e par des mouvements lisses et circulaires, en commen\u00e7ant par le bas du corps jusqu\u2019au visage.<\/p>\n","protected":false},"featured_media":227711,"template":"","meta":{"_et_pb_use_builder":"","_et_pb_old_content":"","_et_gb_content_width":""},"product_brand":[],"product_cat":[51,50,66,105],"product_tag":[],"class_list":{"0":"post-227710","1":"product","2":"type-product","3":"status-publish","4":"has-post-thumbnail","6":"product_cat-deshydratation-et-secheresse","7":"product_cat-esthederm-meilleures-cremes-anti-rides-estheticienne-longueuil","8":"product_cat-solaire","9":"product_cat-solaires","11":"first","12":"instock","13":"sale","14":"taxable","15":"shipping-taxable","16":"purchasable","17":"product-type-simple"},"yoast_head":"<!-- This site is optimized with the Yoast SEO plugin v27.4 - https:\/\/yoast.com\/product\/yoast-seo-wordpress\/ -->\n<title>Reflets de Soleil \u2013 Gel-Cr\u00e8me Auto-Bronzant Hydra-Boost &#8902; Clinique d&#039;Esth&eacute;tique Novani<\/title>\n<meta name=\"robots\" content=\"index, follow, max-snippet:-1, max-image-preview:large, max-video-preview:-1\" \/>\n<link rel=\"canonical\" href=\"https:\/\/esthetiquenovani.com\/boutique\/gammes\/esthederm-meilleures-cremes-anti-rides-estheticienne-longueuil\/solaires\/reflets-de-soleil-gel-creme-auto-bronzant-hydra-boost\/\" \/>\n<meta property=\"og:locale\" content=\"en_US\" \/>\n<meta property=\"og:type\" content=\"article\" \/>\n<meta property=\"og:title\" content=\"Reflets de Soleil \u2013 Gel-Cr\u00e8me Auto-Bronzant Hydra-Boost &#8902; Clinique d&#039;Esth&eacute;tique Novani\" \/>\n<meta property=\"og:description\" content=\"La premi\u00e8re formule auto-bronzante ultra-sensorielle qui restaure les r\u00e9serves d\u2019eau de la peau et s\u2019adapte \u00e0 toutes les carnations pour une peau lisse et belle. Tenue longue dur\u00e9e (5 \u00e0 7 jours). Visage et corps. 38% de plastique en moins.  BIENFAITS Bronzage naturel, durable et une peau hydrat\u00e9e. Une teinte plus naturelle pour un r\u00e9sultat harmonieux sur toutes les carnations de peau.  CONSEILS D&#039;APPLICATION Appliquer sur une peau gomm\u00e9e et hydrat\u00e9e par des mouvements lisses et circulaires, en commen\u00e7ant par le bas du corps jusqu\u2019au visage.\" \/>\n<meta property=\"og:url\" content=\"https:\/\/esthetiquenovani.com\/boutique\/gammes\/esthederm-meilleures-cremes-anti-rides-estheticienne-longueuil\/solaires\/reflets-de-soleil-gel-creme-auto-bronzant-hydra-boost\/\" \/>\n<meta property=\"og:site_name\" content=\"Clinique d&#039;Esth&eacute;tique Novani\" \/>\n<meta property=\"article:publisher\" content=\"https:\/\/www.facebook.com\/esthetiquehturcotte\" \/>\n<meta property=\"article:modified_time\" content=\"2026-01-06T22:38:06+00:00\" \/>\n<meta property=\"og:image\" content=\"https:\/\/esthetiquenovani.com\/wp-content\/uploads\/2023\/11\/IMG_0144.jpeg\" \/>\n\t<meta property=\"og:image:width\" content=\"1000\" \/>\n\t<meta property=\"og:image:height\" content=\"1000\" \/>\n\t<meta property=\"og:image:type\" content=\"image\/jpeg\" \/>\n<meta name=\"twitter:card\" content=\"summary_large_image\" \/>\n<meta name=\"twitter:label1\" content=\"Est. reading time\" \/>\n\t<meta name=\"twitter:data1\" content=\"1 minute\" \/>\n<script type=\"application\/ld+json\" class=\"yoast-schema-graph\">{\"@context\":\"https:\\\/\\\/schema.org\",\"@graph\":[{\"@type\":\"WebPage\",\"@id\":\"https:\\\/\\\/esthetiquenovani.com\\\/boutique\\\/gammes\\\/esthederm-meilleures-cremes-anti-rides-estheticienne-longueuil\\\/solaires\\\/reflets-de-soleil-gel-creme-auto-bronzant-hydra-boost\\\/\",\"url\":\"https:\\\/\\\/esthetiquenovani.com\\\/boutique\\\/gammes\\\/esthederm-meilleures-cremes-anti-rides-estheticienne-longueuil\\\/solaires\\\/reflets-de-soleil-gel-creme-auto-bronzant-hydra-boost\\\/\",\"name\":\"Reflets de Soleil \u2013 Gel-Cr\u00e8me Auto-Bronzant Hydra-Boost &#8902; Clinique d'Esth&eacute;tique Novani\",\"isPartOf\":{\"@id\":\"https:\\\/\\\/esthetiquenovani.com\\\/#website\"},\"primaryImageOfPage\":{\"@id\":\"https:\\\/\\\/esthetiquenovani.com\\\/boutique\\\/gammes\\\/esthederm-meilleures-cremes-anti-rides-estheticienne-longueuil\\\/solaires\\\/reflets-de-soleil-gel-creme-auto-bronzant-hydra-boost\\\/#primaryimage\"},\"image\":{\"@id\":\"https:\\\/\\\/esthetiquenovani.com\\\/boutique\\\/gammes\\\/esthederm-meilleures-cremes-anti-rides-estheticienne-longueuil\\\/solaires\\\/reflets-de-soleil-gel-creme-auto-bronzant-hydra-boost\\\/#primaryimage\"},\"thumbnailUrl\":\"https:\\\/\\\/esthetiquenovani.com\\\/wp-content\\\/uploads\\\/2023\\\/11\\\/IMG_0144.jpeg\",\"datePublished\":\"2023-11-24T12:34:55+00:00\",\"dateModified\":\"2026-01-06T22:38:06+00:00\",\"breadcrumb\":{\"@id\":\"https:\\\/\\\/esthetiquenovani.com\\\/boutique\\\/gammes\\\/esthederm-meilleures-cremes-anti-rides-estheticienne-longueuil\\\/solaires\\\/reflets-de-soleil-gel-creme-auto-bronzant-hydra-boost\\\/#breadcrumb\"},\"inLanguage\":\"en-US\",\"potentialAction\":[{\"@type\":\"ReadAction\",\"target\":[\"https:\\\/\\\/esthetiquenovani.com\\\/boutique\\\/gammes\\\/esthederm-meilleures-cremes-anti-rides-estheticienne-longueuil\\\/solaires\\\/reflets-de-soleil-gel-creme-auto-bronzant-hydra-boost\\\/\"]}]},{\"@type\":\"ImageObject\",\"inLanguage\":\"en-US\",\"@id\":\"https:\\\/\\\/esthetiquenovani.com\\\/boutique\\\/gammes\\\/esthederm-meilleures-cremes-anti-rides-estheticienne-longueuil\\\/solaires\\\/reflets-de-soleil-gel-creme-auto-bronzant-hydra-boost\\\/#primaryimage\",\"url\":\"https:\\\/\\\/esthetiquenovani.com\\\/wp-content\\\/uploads\\\/2023\\\/11\\\/IMG_0144.jpeg\",\"contentUrl\":\"https:\\\/\\\/esthetiquenovani.com\\\/wp-content\\\/uploads\\\/2023\\\/11\\\/IMG_0144.jpeg\",\"width\":1000,\"height\":1000},{\"@type\":\"BreadcrumbList\",\"@id\":\"https:\\\/\\\/esthetiquenovani.com\\\/boutique\\\/gammes\\\/esthederm-meilleures-cremes-anti-rides-estheticienne-longueuil\\\/solaires\\\/reflets-de-soleil-gel-creme-auto-bronzant-hydra-boost\\\/#breadcrumb\",\"itemListElement\":[{\"@type\":\"ListItem\",\"position\":1,\"name\":\"Accueil\",\"item\":\"https:\\\/\\\/esthetiquenovani.com\\\/en\\\/\"},{\"@type\":\"ListItem\",\"position\":2,\"name\":\"Boutique\",\"item\":\"https:\\\/\\\/esthetiquenovani.com\\\/boutique\\\/\"},{\"@type\":\"ListItem\",\"position\":3,\"name\":\"Reflets de Soleil \u2013 Gel-Cr\u00e8me Auto-Bronzant Hydra-Boost\"}]},{\"@type\":\"WebSite\",\"@id\":\"https:\\\/\\\/esthetiquenovani.com\\\/#website\",\"url\":\"https:\\\/\\\/esthetiquenovani.com\\\/\",\"name\":\"Clinique d'Esth&eacute;tique Novani\",\"description\":\"Brossard, Longueil &amp; Chambly\",\"publisher\":{\"@id\":\"https:\\\/\\\/esthetiquenovani.com\\\/#organization\"},\"potentialAction\":[{\"@type\":\"SearchAction\",\"target\":{\"@type\":\"EntryPoint\",\"urlTemplate\":\"https:\\\/\\\/esthetiquenovani.com\\\/?s={search_term_string}\"},\"query-input\":{\"@type\":\"PropertyValueSpecification\",\"valueRequired\":true,\"valueName\":\"search_term_string\"}}],\"inLanguage\":\"en-US\"},{\"@type\":\"Organization\",\"@id\":\"https:\\\/\\\/esthetiquenovani.com\\\/#organization\",\"name\":\"Esth\u00e9tique Huguette Turcotte\",\"url\":\"https:\\\/\\\/esthetiquenovani.com\\\/\",\"logo\":{\"@type\":\"ImageObject\",\"inLanguage\":\"en-US\",\"@id\":\"https:\\\/\\\/esthetiquenovani.com\\\/#\\\/schema\\\/logo\\\/image\\\/\",\"url\":\"https:\\\/\\\/esthetiquenovani.com\\\/wp-content\\\/uploads\\\/2018\\\/01\\\/qui-sommes-nous.jpg\",\"contentUrl\":\"https:\\\/\\\/esthetiquenovani.com\\\/wp-content\\\/uploads\\\/2018\\\/01\\\/qui-sommes-nous.jpg\",\"width\":637,\"height\":425,\"caption\":\"Esth\u00e9tique Huguette Turcotte\"},\"image\":{\"@id\":\"https:\\\/\\\/esthetiquenovani.com\\\/#\\\/schema\\\/logo\\\/image\\\/\"},\"sameAs\":[\"https:\\\/\\\/www.facebook.com\\\/esthetiquehturcotte\"]}]}<\/script>\n<!-- \/ Yoast SEO plugin. -->","yoast_head_json":{"title":"Reflets de Soleil \u2013 Gel-Cr\u00e8me Auto-Bronzant Hydra-Boost &#8902; Clinique d'Esth&eacute;tique Novani","robots":{"index":"index","follow":"follow","max-snippet":"max-snippet:-1","max-image-preview":"max-image-preview:large","max-video-preview":"max-video-preview:-1"},"canonical":"https:\/\/esthetiquenovani.com\/boutique\/gammes\/esthederm-meilleures-cremes-anti-rides-estheticienne-longueuil\/solaires\/reflets-de-soleil-gel-creme-auto-bronzant-hydra-boost\/","og_locale":"en_US","og_type":"article","og_title":"Reflets de Soleil \u2013 Gel-Cr\u00e8me Auto-Bronzant Hydra-Boost &#8902; Clinique d'Esth&eacute;tique Novani","og_description":"La premi\u00e8re formule auto-bronzante ultra-sensorielle qui restaure les r\u00e9serves d\u2019eau de la peau et s\u2019adapte \u00e0 toutes les carnations pour une peau lisse et belle. Tenue longue dur\u00e9e (5 \u00e0 7 jours). Visage et corps. 38% de plastique en moins.  BIENFAITS Bronzage naturel, durable et une peau hydrat\u00e9e. Une teinte plus naturelle pour un r\u00e9sultat harmonieux sur toutes les carnations de peau.  CONSEILS D'APPLICATION Appliquer sur une peau gomm\u00e9e et hydrat\u00e9e par des mouvements lisses et circulaires, en commen\u00e7ant par le bas du corps jusqu\u2019au visage.","og_url":"https:\/\/esthetiquenovani.com\/boutique\/gammes\/esthederm-meilleures-cremes-anti-rides-estheticienne-longueuil\/solaires\/reflets-de-soleil-gel-creme-auto-bronzant-hydra-boost\/","og_site_name":"Clinique d'Esth&eacute;tique Novani","article_publisher":"https:\/\/www.facebook.com\/esthetiquehturcotte","article_modified_time":"2026-01-06T22:38:06+00:00","og_image":[{"width":1000,"height":1000,"url":"https:\/\/esthetiquenovani.com\/wp-content\/uploads\/2023\/11\/IMG_0144.jpeg","type":"image\/jpeg"}],"twitter_card":"summary_large_image","twitter_misc":{"Est. reading time":"1 minute"},"schema":{"@context":"https:\/\/schema.org","@graph":[{"@type":"WebPage","@id":"https:\/\/esthetiquenovani.com\/boutique\/gammes\/esthederm-meilleures-cremes-anti-rides-estheticienne-longueuil\/solaires\/reflets-de-soleil-gel-creme-auto-bronzant-hydra-boost\/","url":"https:\/\/esthetiquenovani.com\/boutique\/gammes\/esthederm-meilleures-cremes-anti-rides-estheticienne-longueuil\/solaires\/reflets-de-soleil-gel-creme-auto-bronzant-hydra-boost\/","name":"Reflets de Soleil \u2013 Gel-Cr\u00e8me Auto-Bronzant Hydra-Boost &#8902; Clinique d'Esth&eacute;tique Novani","isPartOf":{"@id":"https:\/\/esthetiquenovani.com\/#website"},"primaryImageOfPage":{"@id":"https:\/\/esthetiquenovani.com\/boutique\/gammes\/esthederm-meilleures-cremes-anti-rides-estheticienne-longueuil\/solaires\/reflets-de-soleil-gel-creme-auto-bronzant-hydra-boost\/#primaryimage"},"image":{"@id":"https:\/\/esthetiquenovani.com\/boutique\/gammes\/esthederm-meilleures-cremes-anti-rides-estheticienne-longueuil\/solaires\/reflets-de-soleil-gel-creme-auto-bronzant-hydra-boost\/#primaryimage"},"thumbnailUrl":"https:\/\/esthetiquenovani.com\/wp-content\/uploads\/2023\/11\/IMG_0144.jpeg","datePublished":"2023-11-24T12:34:55+00:00","dateModified":"2026-01-06T22:38:06+00:00","breadcrumb":{"@id":"https:\/\/esthetiquenovani.com\/boutique\/gammes\/esthederm-meilleures-cremes-anti-rides-estheticienne-longueuil\/solaires\/reflets-de-soleil-gel-creme-auto-bronzant-hydra-boost\/#breadcrumb"},"inLanguage":"en-US","potentialAction":[{"@type":"ReadAction","target":["https:\/\/esthetiquenovani.com\/boutique\/gammes\/esthederm-meilleures-cremes-anti-rides-estheticienne-longueuil\/solaires\/reflets-de-soleil-gel-creme-auto-bronzant-hydra-boost\/"]}]},{"@type":"ImageObject","inLanguage":"en-US","@id":"https:\/\/esthetiquenovani.com\/boutique\/gammes\/esthederm-meilleures-cremes-anti-rides-estheticienne-longueuil\/solaires\/reflets-de-soleil-gel-creme-auto-bronzant-hydra-boost\/#primaryimage","url":"https:\/\/esthetiquenovani.com\/wp-content\/uploads\/2023\/11\/IMG_0144.jpeg","contentUrl":"https:\/\/esthetiquenovani.com\/wp-content\/uploads\/2023\/11\/IMG_0144.jpeg","width":1000,"height":1000},{"@type":"BreadcrumbList","@id":"https:\/\/esthetiquenovani.com\/boutique\/gammes\/esthederm-meilleures-cremes-anti-rides-estheticienne-longueuil\/solaires\/reflets-de-soleil-gel-creme-auto-bronzant-hydra-boost\/#breadcrumb","itemListElement":[{"@type":"ListItem","position":1,"name":"Accueil","item":"https:\/\/esthetiquenovani.com\/en\/"},{"@type":"ListItem","position":2,"name":"Boutique","item":"https:\/\/esthetiquenovani.com\/boutique\/"},{"@type":"ListItem","position":3,"name":"Reflets de Soleil \u2013 Gel-Cr\u00e8me Auto-Bronzant Hydra-Boost"}]},{"@type":"WebSite","@id":"https:\/\/esthetiquenovani.com\/#website","url":"https:\/\/esthetiquenovani.com\/","name":"Clinique d'Esth&eacute;tique Novani","description":"Brossard, Longueil &amp; Chambly","publisher":{"@id":"https:\/\/esthetiquenovani.com\/#organization"},"potentialAction":[{"@type":"SearchAction","target":{"@type":"EntryPoint","urlTemplate":"https:\/\/esthetiquenovani.com\/?s={search_term_string}"},"query-input":{"@type":"PropertyValueSpecification","valueRequired":true,"valueName":"search_term_string"}}],"inLanguage":"en-US"},{"@type":"Organization","@id":"https:\/\/esthetiquenovani.com\/#organization","name":"Esth\u00e9tique Huguette Turcotte","url":"https:\/\/esthetiquenovani.com\/","logo":{"@type":"ImageObject","inLanguage":"en-US","@id":"https:\/\/esthetiquenovani.com\/#\/schema\/logo\/image\/","url":"https:\/\/esthetiquenovani.com\/wp-content\/uploads\/2018\/01\/qui-sommes-nous.jpg","contentUrl":"https:\/\/esthetiquenovani.com\/wp-content\/uploads\/2018\/01\/qui-sommes-nous.jpg","width":637,"height":425,"caption":"Esth\u00e9tique Huguette Turcotte"},"image":{"@id":"https:\/\/esthetiquenovani.com\/#\/schema\/logo\/image\/"},"sameAs":["https:\/\/www.facebook.com\/esthetiquehturcotte"]}]}},"_links":{"self":[{"href":"https:\/\/esthetiquenovani.com\/en\/wp-json\/wp\/v2\/product\/227710","targetHints":{"allow":["GET"]}}],"collection":[{"href":"https:\/\/esthetiquenovani.com\/en\/wp-json\/wp\/v2\/product"}],"about":[{"href":"https:\/\/esthetiquenovani.com\/en\/wp-json\/wp\/v2\/types\/product"}],"wp:featuredmedia":[{"embeddable":true,"href":"https:\/\/esthetiquenovani.com\/en\/wp-json\/wp\/v2\/media\/227711"}],"wp:attachment":[{"href":"https:\/\/esthetiquenovani.com\/en\/wp-json\/wp\/v2\/media?parent=227710"}],"wp:term":[{"taxonomy":"product_brand","embeddable":true,"href":"https:\/\/esthetiquenovani.com\/en\/wp-json\/wp\/v2\/product_brand?post=227710"},{"taxonomy":"product_cat","embeddable":true,"href":"https:\/\/esthetiquenovani.com\/en\/wp-json\/wp\/v2\/product_cat?post=227710"},{"taxonomy":"product_tag","embeddable":true,"href":"https:\/\/esthetiquenovani.com\/en\/wp-json\/wp\/v2\/product_tag?post=227710"}],"curies":[{"name":"wp","href":"https:\/\/api.w.org\/{rel}","templated":true}]}}