{"id":233609,"date":"2025-06-20T14:24:30","date_gmt":"2025-06-20T18:24:30","guid":{"rendered":"https:\/\/esthetiquenovani.com\/?post_type=product&#038;p=233609"},"modified":"2026-02-05T10:02:53","modified_gmt":"2026-02-05T15:02:53","slug":"dr-renaud-pure-regene-creme-riche-somptueuse-rajeunissante","status":"publish","type":"product","link":"https:\/\/esthetiquenovani.com\/en\/boutique\/gammes\/laboratoire-dr-renaud\/4-cremes-de-jour-et-de-nuit\/dr-renaud-pure-regene-creme-riche-somptueuse-rajeunissante\/","title":{"rendered":"Dr Renaud &#8211; PURE Re[Gene] &#8211; Cr\u00e8me RICHE Somptueuse Rajeunissante"},"content":{"rendered":"<p>PURE Re[Gene]:\u00a0les chercheurs\u00a0Laboratoire Dr Renaud d\u00e9voilent\u00a0une strat\u00e9gie\u00a0intelligente\u00a0centr\u00e9e sur le pouvoir des cytokines\u00a0biomim\u00e9tiques.\u00a0En\u00a0r\u00e9tablissant\u00a0naturellement un niveau de\u00a0communication cellulaire\u00a0semblable \u00e0 celui\u00a0d\u2019une peau jeune, PURE\u00a0Re[Gene]\u00a0permet \u00e0 la peau\u00a0de retrouver ses m\u00e9canismes de jeunesse et rajeunit\u00a0avec succ\u00e8s la matrice cutan\u00e9e.<\/p>\n","protected":false},"excerpt":{"rendered":"<p>&nbsp;<\/p>\n<p>FERMET\u00c9 &#8211; \u00c9LASTICIT\u00c9 &#8211; DENSIT\u00c9<\/p>\n<p>PURE ReGene, Une cr\u00e8me \u00e0 haut degr\u00e9 d\u2019intervention associ\u00e9 \u00e0 une texture exceptionnelle.<\/p>\n<p>Sp\u00e9cialement formul\u00e9e pour toute personne cherchant \u00e0 pr\u00e9venir ou cibler le rel\u00e2chement cutan\u00e9, les rides install\u00e9es ainsi qu\u2019une perte de volume, de fermet\u00e9 et de densit\u00e9.<\/p>\n<p>\u2022 Repulpe les rides<br \/>\n\u2022 Am\u00e9liore significativement la fermet\u00e9, l\u2019\u00e9lasticit\u00e9 et la densit\u00e9 de la peau<br \/>\n\u2022 Sublime la texture de la peau<br \/>\n\u2022 Red\u00e9finit l\u2019ovale du visage<\/p>\n<p>Elle est adapt\u00e9e \u00e0 tous les types de peaux, m\u00eame les plus sensibles, \u00e0 l\u2019exception des peaux<br \/>\ngrasses et des peaux \u00e0 tendance acn\u00e9ique.<\/p>\n<p>50ml<\/p>\n","protected":false},"featured_media":8536,"template":"","meta":{"_et_pb_use_builder":"","_et_pb_old_content":"","_et_gb_content_width":""},"product_brand":[],"product_cat":[109,112,62,69,68,61,60],"product_tag":[],"class_list":{"0":"post-233609","1":"product","2":"type-product","3":"status-publish","4":"has-post-thumbnail","6":"product_cat-4-cremes-de-jour-et-de-nuit","7":"product_cat-7-gamme-pure-cure-visage-anti-age-brevetee","8":"product_cat-cremes","9":"product_cat-cures-jeunesse-pure-gamme-anti-age-brevetee","10":"product_cat-laboratoire-dr-renaud","11":"product_cat-peaux-matures-et-perte-de-densite","12":"product_cat-rides-installees-et-perte-de-fermete","14":"first","15":"instock","16":"taxable","17":"shipping-taxable","18":"purchasable","19":"product-type-simple"},"yoast_head":"<!-- This site is optimized with the Yoast SEO plugin v27.4 - https:\/\/yoast.com\/product\/yoast-seo-wordpress\/ -->\n<title>Meilleure cr\u00e8me antiride | Pure ReGene | Dr Renaud Longueuil<\/title>\n<meta name=\"description\" content=\"Meilleure cr\u00e8me antirides, INNOVATION DR RENAUD. repulpe, raffermi, redonne \u00e9lasticit\u00e9 et densit\u00e9 \u00e0 la peau, red\u00e9finie l&#039;ovale du visage.\" \/>\n<meta name=\"robots\" content=\"index, follow, max-snippet:-1, max-image-preview:large, max-video-preview:-1\" \/>\n<link rel=\"canonical\" href=\"https:\/\/esthetiquenovani.com\/boutique\/gammes\/laboratoire-dr-renaud\/4-cremes-de-jour-et-de-nuit\/dr-renaud-pure-regene-creme-riche-somptueuse-rajeunissante\/\" \/>\n<meta property=\"og:locale\" content=\"en_US\" \/>\n<meta property=\"og:type\" content=\"article\" \/>\n<meta property=\"og:title\" content=\"Meilleure cr\u00e8me antiride | Pure ReGene | Dr Renaud Longueuil\" \/>\n<meta property=\"og:description\" content=\"Meilleure cr\u00e8me antirides, INNOVATION DR RENAUD. repulpe, raffermi, redonne \u00e9lasticit\u00e9 et densit\u00e9 \u00e0 la peau, red\u00e9finie l&#039;ovale du visage.\" \/>\n<meta property=\"og:url\" content=\"https:\/\/esthetiquenovani.com\/boutique\/gammes\/laboratoire-dr-renaud\/4-cremes-de-jour-et-de-nuit\/dr-renaud-pure-regene-creme-riche-somptueuse-rajeunissante\/\" \/>\n<meta property=\"og:site_name\" content=\"Clinique d&#039;Esth&eacute;tique Novani\" \/>\n<meta property=\"article:publisher\" content=\"https:\/\/www.facebook.com\/esthetiquehturcotte\" \/>\n<meta property=\"article:modified_time\" content=\"2026-02-05T15:02:53+00:00\" \/>\n<meta property=\"og:image\" content=\"https:\/\/esthetiquenovani.com\/wp-content\/uploads\/2021\/11\/6A64560A-AB60-4431-8B8F-27182278D1B9.webp\" \/>\n\t<meta property=\"og:image:width\" content=\"1200\" \/>\n\t<meta property=\"og:image:height\" content=\"1200\" \/>\n\t<meta property=\"og:image:type\" content=\"image\/webp\" \/>\n<meta name=\"twitter:card\" content=\"summary_large_image\" \/>\n<meta name=\"twitter:label1\" content=\"Est. reading time\" \/>\n\t<meta name=\"twitter:data1\" content=\"1 minute\" \/>\n<script type=\"application\/ld+json\" class=\"yoast-schema-graph\">{\"@context\":\"https:\\\/\\\/schema.org\",\"@graph\":[{\"@type\":\"WebPage\",\"@id\":\"https:\\\/\\\/esthetiquenovani.com\\\/boutique\\\/gammes\\\/laboratoire-dr-renaud\\\/4-cremes-de-jour-et-de-nuit\\\/dr-renaud-pure-regene-creme-riche-somptueuse-rajeunissante\\\/\",\"url\":\"https:\\\/\\\/esthetiquenovani.com\\\/boutique\\\/gammes\\\/laboratoire-dr-renaud\\\/4-cremes-de-jour-et-de-nuit\\\/dr-renaud-pure-regene-creme-riche-somptueuse-rajeunissante\\\/\",\"name\":\"Meilleure cr\u00e8me antiride | Pure ReGene | Dr Renaud Longueuil\",\"isPartOf\":{\"@id\":\"https:\\\/\\\/esthetiquenovani.com\\\/#website\"},\"primaryImageOfPage\":{\"@id\":\"https:\\\/\\\/esthetiquenovani.com\\\/boutique\\\/gammes\\\/laboratoire-dr-renaud\\\/4-cremes-de-jour-et-de-nuit\\\/dr-renaud-pure-regene-creme-riche-somptueuse-rajeunissante\\\/#primaryimage\"},\"image\":{\"@id\":\"https:\\\/\\\/esthetiquenovani.com\\\/boutique\\\/gammes\\\/laboratoire-dr-renaud\\\/4-cremes-de-jour-et-de-nuit\\\/dr-renaud-pure-regene-creme-riche-somptueuse-rajeunissante\\\/#primaryimage\"},\"thumbnailUrl\":\"https:\\\/\\\/esthetiquenovani.com\\\/wp-content\\\/uploads\\\/2021\\\/11\\\/6A64560A-AB60-4431-8B8F-27182278D1B9.webp\",\"datePublished\":\"2025-06-20T18:24:30+00:00\",\"dateModified\":\"2026-02-05T15:02:53+00:00\",\"description\":\"Meilleure cr\u00e8me antirides, INNOVATION DR RENAUD. repulpe, raffermi, redonne \u00e9lasticit\u00e9 et densit\u00e9 \u00e0 la peau, red\u00e9finie l'ovale du visage.\",\"breadcrumb\":{\"@id\":\"https:\\\/\\\/esthetiquenovani.com\\\/boutique\\\/gammes\\\/laboratoire-dr-renaud\\\/4-cremes-de-jour-et-de-nuit\\\/dr-renaud-pure-regene-creme-riche-somptueuse-rajeunissante\\\/#breadcrumb\"},\"inLanguage\":\"en-US\",\"potentialAction\":[{\"@type\":\"ReadAction\",\"target\":[\"https:\\\/\\\/esthetiquenovani.com\\\/boutique\\\/gammes\\\/laboratoire-dr-renaud\\\/4-cremes-de-jour-et-de-nuit\\\/dr-renaud-pure-regene-creme-riche-somptueuse-rajeunissante\\\/\"]}]},{\"@type\":\"ImageObject\",\"inLanguage\":\"en-US\",\"@id\":\"https:\\\/\\\/esthetiquenovani.com\\\/boutique\\\/gammes\\\/laboratoire-dr-renaud\\\/4-cremes-de-jour-et-de-nuit\\\/dr-renaud-pure-regene-creme-riche-somptueuse-rajeunissante\\\/#primaryimage\",\"url\":\"https:\\\/\\\/esthetiquenovani.com\\\/wp-content\\\/uploads\\\/2021\\\/11\\\/6A64560A-AB60-4431-8B8F-27182278D1B9.webp\",\"contentUrl\":\"https:\\\/\\\/esthetiquenovani.com\\\/wp-content\\\/uploads\\\/2021\\\/11\\\/6A64560A-AB60-4431-8B8F-27182278D1B9.webp\",\"width\":1200,\"height\":1200,\"caption\":\"Laboratoire Dr Renaud - Cr\u00e8me Somptueuse - Pure ReGene\"},{\"@type\":\"BreadcrumbList\",\"@id\":\"https:\\\/\\\/esthetiquenovani.com\\\/boutique\\\/gammes\\\/laboratoire-dr-renaud\\\/4-cremes-de-jour-et-de-nuit\\\/dr-renaud-pure-regene-creme-riche-somptueuse-rajeunissante\\\/#breadcrumb\",\"itemListElement\":[{\"@type\":\"ListItem\",\"position\":1,\"name\":\"Accueil\",\"item\":\"https:\\\/\\\/esthetiquenovani.com\\\/en\\\/\"},{\"@type\":\"ListItem\",\"position\":2,\"name\":\"Boutique\",\"item\":\"https:\\\/\\\/esthetiquenovani.com\\\/boutique\\\/\"},{\"@type\":\"ListItem\",\"position\":3,\"name\":\"Dr Renaud &#8211; PURE Re[Gene] &#8211; Cr\u00e8me RICHE Somptueuse Rajeunissante\"}]},{\"@type\":\"WebSite\",\"@id\":\"https:\\\/\\\/esthetiquenovani.com\\\/#website\",\"url\":\"https:\\\/\\\/esthetiquenovani.com\\\/\",\"name\":\"Clinique d'Esth&eacute;tique Novani\",\"description\":\"Brossard, Longueil &amp; Chambly\",\"publisher\":{\"@id\":\"https:\\\/\\\/esthetiquenovani.com\\\/#organization\"},\"potentialAction\":[{\"@type\":\"SearchAction\",\"target\":{\"@type\":\"EntryPoint\",\"urlTemplate\":\"https:\\\/\\\/esthetiquenovani.com\\\/?s={search_term_string}\"},\"query-input\":{\"@type\":\"PropertyValueSpecification\",\"valueRequired\":true,\"valueName\":\"search_term_string\"}}],\"inLanguage\":\"en-US\"},{\"@type\":\"Organization\",\"@id\":\"https:\\\/\\\/esthetiquenovani.com\\\/#organization\",\"name\":\"Esth\u00e9tique Huguette Turcotte\",\"url\":\"https:\\\/\\\/esthetiquenovani.com\\\/\",\"logo\":{\"@type\":\"ImageObject\",\"inLanguage\":\"en-US\",\"@id\":\"https:\\\/\\\/esthetiquenovani.com\\\/#\\\/schema\\\/logo\\\/image\\\/\",\"url\":\"https:\\\/\\\/esthetiquenovani.com\\\/wp-content\\\/uploads\\\/2018\\\/01\\\/qui-sommes-nous.jpg\",\"contentUrl\":\"https:\\\/\\\/esthetiquenovani.com\\\/wp-content\\\/uploads\\\/2018\\\/01\\\/qui-sommes-nous.jpg\",\"width\":637,\"height\":425,\"caption\":\"Esth\u00e9tique Huguette Turcotte\"},\"image\":{\"@id\":\"https:\\\/\\\/esthetiquenovani.com\\\/#\\\/schema\\\/logo\\\/image\\\/\"},\"sameAs\":[\"https:\\\/\\\/www.facebook.com\\\/esthetiquehturcotte\"]}]}<\/script>\n<!-- \/ Yoast SEO plugin. -->","yoast_head_json":{"title":"Meilleure cr\u00e8me antiride | Pure ReGene | Dr Renaud Longueuil","description":"Meilleure cr\u00e8me antirides, INNOVATION DR RENAUD. repulpe, raffermi, redonne \u00e9lasticit\u00e9 et densit\u00e9 \u00e0 la peau, red\u00e9finie l'ovale du visage.","robots":{"index":"index","follow":"follow","max-snippet":"max-snippet:-1","max-image-preview":"max-image-preview:large","max-video-preview":"max-video-preview:-1"},"canonical":"https:\/\/esthetiquenovani.com\/boutique\/gammes\/laboratoire-dr-renaud\/4-cremes-de-jour-et-de-nuit\/dr-renaud-pure-regene-creme-riche-somptueuse-rajeunissante\/","og_locale":"en_US","og_type":"article","og_title":"Meilleure cr\u00e8me antiride | Pure ReGene | Dr Renaud Longueuil","og_description":"Meilleure cr\u00e8me antirides, INNOVATION DR RENAUD. repulpe, raffermi, redonne \u00e9lasticit\u00e9 et densit\u00e9 \u00e0 la peau, red\u00e9finie l'ovale du visage.","og_url":"https:\/\/esthetiquenovani.com\/boutique\/gammes\/laboratoire-dr-renaud\/4-cremes-de-jour-et-de-nuit\/dr-renaud-pure-regene-creme-riche-somptueuse-rajeunissante\/","og_site_name":"Clinique d'Esth&eacute;tique Novani","article_publisher":"https:\/\/www.facebook.com\/esthetiquehturcotte","article_modified_time":"2026-02-05T15:02:53+00:00","og_image":[{"width":1200,"height":1200,"url":"https:\/\/esthetiquenovani.com\/wp-content\/uploads\/2021\/11\/6A64560A-AB60-4431-8B8F-27182278D1B9.webp","type":"image\/webp"}],"twitter_card":"summary_large_image","twitter_misc":{"Est. reading time":"1 minute"},"schema":{"@context":"https:\/\/schema.org","@graph":[{"@type":"WebPage","@id":"https:\/\/esthetiquenovani.com\/boutique\/gammes\/laboratoire-dr-renaud\/4-cremes-de-jour-et-de-nuit\/dr-renaud-pure-regene-creme-riche-somptueuse-rajeunissante\/","url":"https:\/\/esthetiquenovani.com\/boutique\/gammes\/laboratoire-dr-renaud\/4-cremes-de-jour-et-de-nuit\/dr-renaud-pure-regene-creme-riche-somptueuse-rajeunissante\/","name":"Meilleure cr\u00e8me antiride | Pure ReGene | Dr Renaud Longueuil","isPartOf":{"@id":"https:\/\/esthetiquenovani.com\/#website"},"primaryImageOfPage":{"@id":"https:\/\/esthetiquenovani.com\/boutique\/gammes\/laboratoire-dr-renaud\/4-cremes-de-jour-et-de-nuit\/dr-renaud-pure-regene-creme-riche-somptueuse-rajeunissante\/#primaryimage"},"image":{"@id":"https:\/\/esthetiquenovani.com\/boutique\/gammes\/laboratoire-dr-renaud\/4-cremes-de-jour-et-de-nuit\/dr-renaud-pure-regene-creme-riche-somptueuse-rajeunissante\/#primaryimage"},"thumbnailUrl":"https:\/\/esthetiquenovani.com\/wp-content\/uploads\/2021\/11\/6A64560A-AB60-4431-8B8F-27182278D1B9.webp","datePublished":"2025-06-20T18:24:30+00:00","dateModified":"2026-02-05T15:02:53+00:00","description":"Meilleure cr\u00e8me antirides, INNOVATION DR RENAUD. repulpe, raffermi, redonne \u00e9lasticit\u00e9 et densit\u00e9 \u00e0 la peau, red\u00e9finie l'ovale du visage.","breadcrumb":{"@id":"https:\/\/esthetiquenovani.com\/boutique\/gammes\/laboratoire-dr-renaud\/4-cremes-de-jour-et-de-nuit\/dr-renaud-pure-regene-creme-riche-somptueuse-rajeunissante\/#breadcrumb"},"inLanguage":"en-US","potentialAction":[{"@type":"ReadAction","target":["https:\/\/esthetiquenovani.com\/boutique\/gammes\/laboratoire-dr-renaud\/4-cremes-de-jour-et-de-nuit\/dr-renaud-pure-regene-creme-riche-somptueuse-rajeunissante\/"]}]},{"@type":"ImageObject","inLanguage":"en-US","@id":"https:\/\/esthetiquenovani.com\/boutique\/gammes\/laboratoire-dr-renaud\/4-cremes-de-jour-et-de-nuit\/dr-renaud-pure-regene-creme-riche-somptueuse-rajeunissante\/#primaryimage","url":"https:\/\/esthetiquenovani.com\/wp-content\/uploads\/2021\/11\/6A64560A-AB60-4431-8B8F-27182278D1B9.webp","contentUrl":"https:\/\/esthetiquenovani.com\/wp-content\/uploads\/2021\/11\/6A64560A-AB60-4431-8B8F-27182278D1B9.webp","width":1200,"height":1200,"caption":"Laboratoire Dr Renaud - Cr\u00e8me Somptueuse - Pure ReGene"},{"@type":"BreadcrumbList","@id":"https:\/\/esthetiquenovani.com\/boutique\/gammes\/laboratoire-dr-renaud\/4-cremes-de-jour-et-de-nuit\/dr-renaud-pure-regene-creme-riche-somptueuse-rajeunissante\/#breadcrumb","itemListElement":[{"@type":"ListItem","position":1,"name":"Accueil","item":"https:\/\/esthetiquenovani.com\/en\/"},{"@type":"ListItem","position":2,"name":"Boutique","item":"https:\/\/esthetiquenovani.com\/boutique\/"},{"@type":"ListItem","position":3,"name":"Dr Renaud &#8211; PURE Re[Gene] &#8211; Cr\u00e8me RICHE Somptueuse Rajeunissante"}]},{"@type":"WebSite","@id":"https:\/\/esthetiquenovani.com\/#website","url":"https:\/\/esthetiquenovani.com\/","name":"Clinique d'Esth&eacute;tique Novani","description":"Brossard, Longueil &amp; Chambly","publisher":{"@id":"https:\/\/esthetiquenovani.com\/#organization"},"potentialAction":[{"@type":"SearchAction","target":{"@type":"EntryPoint","urlTemplate":"https:\/\/esthetiquenovani.com\/?s={search_term_string}"},"query-input":{"@type":"PropertyValueSpecification","valueRequired":true,"valueName":"search_term_string"}}],"inLanguage":"en-US"},{"@type":"Organization","@id":"https:\/\/esthetiquenovani.com\/#organization","name":"Esth\u00e9tique Huguette Turcotte","url":"https:\/\/esthetiquenovani.com\/","logo":{"@type":"ImageObject","inLanguage":"en-US","@id":"https:\/\/esthetiquenovani.com\/#\/schema\/logo\/image\/","url":"https:\/\/esthetiquenovani.com\/wp-content\/uploads\/2018\/01\/qui-sommes-nous.jpg","contentUrl":"https:\/\/esthetiquenovani.com\/wp-content\/uploads\/2018\/01\/qui-sommes-nous.jpg","width":637,"height":425,"caption":"Esth\u00e9tique Huguette Turcotte"},"image":{"@id":"https:\/\/esthetiquenovani.com\/#\/schema\/logo\/image\/"},"sameAs":["https:\/\/www.facebook.com\/esthetiquehturcotte"]}]}},"_links":{"self":[{"href":"https:\/\/esthetiquenovani.com\/en\/wp-json\/wp\/v2\/product\/233609","targetHints":{"allow":["GET"]}}],"collection":[{"href":"https:\/\/esthetiquenovani.com\/en\/wp-json\/wp\/v2\/product"}],"about":[{"href":"https:\/\/esthetiquenovani.com\/en\/wp-json\/wp\/v2\/types\/product"}],"wp:featuredmedia":[{"embeddable":true,"href":"https:\/\/esthetiquenovani.com\/en\/wp-json\/wp\/v2\/media\/8536"}],"wp:attachment":[{"href":"https:\/\/esthetiquenovani.com\/en\/wp-json\/wp\/v2\/media?parent=233609"}],"wp:term":[{"taxonomy":"product_brand","embeddable":true,"href":"https:\/\/esthetiquenovani.com\/en\/wp-json\/wp\/v2\/product_brand?post=233609"},{"taxonomy":"product_cat","embeddable":true,"href":"https:\/\/esthetiquenovani.com\/en\/wp-json\/wp\/v2\/product_cat?post=233609"},{"taxonomy":"product_tag","embeddable":true,"href":"https:\/\/esthetiquenovani.com\/en\/wp-json\/wp\/v2\/product_tag?post=233609"}],"curies":[{"name":"wp","href":"https:\/\/api.w.org\/{rel}","templated":true}]}}