{"id":233927,"date":"2025-11-25T07:07:28","date_gmt":"2025-11-25T12:07:28","guid":{"rendered":"https:\/\/esthetiquenovani.com\/?post_type=product&#038;p=233927"},"modified":"2025-11-28T10:21:36","modified_gmt":"2025-11-28T15:21:36","slug":"photorajeunissement-taches-pigmentaires-et-rougeur-visage","status":"publish","type":"product","link":"https:\/\/esthetiquenovani.com\/en\/boutique\/carte-cadeaux-et-forfaits\/photorajeunissement-taches-pigmentaires-et-rougeur-visage\/","title":{"rendered":"Photorajeunissement (taches pigmentaires et rougeur) visage"},"content":{"rendered":"","protected":false},"excerpt":{"rendered":"<p>Un m\u00e9lange de laser et de lumi\u00e8re intense puls\u00e9e pour cibler efficacement les rougeurs du visage, les l\u00e9sions vasculaires, la couperose et les taches pigmentaires.\u00a0<\/p>\n","protected":false},"featured_media":233933,"template":"","meta":{"_et_pb_use_builder":"","_et_pb_old_content":"","_et_gb_content_width":""},"product_brand":[],"product_cat":[43],"product_tag":[],"class_list":{"0":"post-233927","1":"product","2":"type-product","3":"status-publish","4":"has-post-thumbnail","6":"product_cat-carte-cadeaux-et-forfaits","8":"first","9":"instock","10":"virtual","11":"taxable","12":"purchasable","13":"product-type-simple"},"yoast_head":"<!-- This site is optimized with the Yoast SEO plugin v27.4 - https:\/\/yoast.com\/product\/yoast-seo-wordpress\/ -->\n<title>Photorajeunissement (taches pigmentaires et rougeur) visage &#8902; Clinique d&#039;Esth&eacute;tique Novani<\/title>\n<meta name=\"robots\" content=\"index, follow, max-snippet:-1, max-image-preview:large, max-video-preview:-1\" \/>\n<link rel=\"canonical\" href=\"https:\/\/esthetiquenovani.com\/boutique\/carte-cadeaux-et-forfaits\/photorajeunissement-taches-pigmentaires-et-rougeur-visage\/\" \/>\n<meta property=\"og:locale\" content=\"en_US\" \/>\n<meta property=\"og:type\" content=\"article\" \/>\n<meta property=\"og:title\" content=\"Photorajeunissement (taches pigmentaires et rougeur) visage &#8902; Clinique d&#039;Esth&eacute;tique Novani\" \/>\n<meta property=\"og:description\" content=\"Un m\u00e9lange de laser et de lumi\u00e8re intense puls\u00e9e pour cibler efficacement les rougeurs du visage, les l\u00e9sions vasculaires, la couperose et les taches pigmentaires.\u00a0\" \/>\n<meta property=\"og:url\" content=\"https:\/\/esthetiquenovani.com\/boutique\/carte-cadeaux-et-forfaits\/photorajeunissement-taches-pigmentaires-et-rougeur-visage\/\" \/>\n<meta property=\"og:site_name\" content=\"Clinique d&#039;Esth&eacute;tique Novani\" \/>\n<meta property=\"article:publisher\" content=\"https:\/\/www.facebook.com\/esthetiquehturcotte\" \/>\n<meta property=\"article:modified_time\" content=\"2025-11-28T15:21:36+00:00\" \/>\n<meta property=\"og:image\" content=\"https:\/\/esthetiquenovani.com\/wp-content\/uploads\/2025\/11\/Photorajeunissement-IPL-traitement-des-rougeurs-et-des-taches-pigmentaires-a-Brossard-Longueuil-et-Chambly-Clinique-desthetique-Novani.jpg\" \/>\n\t<meta property=\"og:image:width\" content=\"730\" \/>\n\t<meta property=\"og:image:height\" content=\"730\" \/>\n\t<meta property=\"og:image:type\" content=\"image\/jpeg\" \/>\n<meta name=\"twitter:card\" content=\"summary_large_image\" \/>\n<meta name=\"twitter:label1\" content=\"Est. reading time\" \/>\n\t<meta name=\"twitter:data1\" content=\"1 minute\" \/>\n<script type=\"application\/ld+json\" class=\"yoast-schema-graph\">{\"@context\":\"https:\\\/\\\/schema.org\",\"@graph\":[{\"@type\":\"WebPage\",\"@id\":\"https:\\\/\\\/esthetiquenovani.com\\\/boutique\\\/carte-cadeaux-et-forfaits\\\/photorajeunissement-taches-pigmentaires-et-rougeur-visage\\\/\",\"url\":\"https:\\\/\\\/esthetiquenovani.com\\\/boutique\\\/carte-cadeaux-et-forfaits\\\/photorajeunissement-taches-pigmentaires-et-rougeur-visage\\\/\",\"name\":\"Photorajeunissement (taches pigmentaires et rougeur) visage &#8902; Clinique d'Esth&eacute;tique Novani\",\"isPartOf\":{\"@id\":\"https:\\\/\\\/esthetiquenovani.com\\\/#website\"},\"primaryImageOfPage\":{\"@id\":\"https:\\\/\\\/esthetiquenovani.com\\\/boutique\\\/carte-cadeaux-et-forfaits\\\/photorajeunissement-taches-pigmentaires-et-rougeur-visage\\\/#primaryimage\"},\"image\":{\"@id\":\"https:\\\/\\\/esthetiquenovani.com\\\/boutique\\\/carte-cadeaux-et-forfaits\\\/photorajeunissement-taches-pigmentaires-et-rougeur-visage\\\/#primaryimage\"},\"thumbnailUrl\":\"https:\\\/\\\/esthetiquenovani.com\\\/wp-content\\\/uploads\\\/2025\\\/11\\\/Photorajeunissement-IPL-traitement-des-rougeurs-et-des-taches-pigmentaires-a-Brossard-Longueuil-et-Chambly-Clinique-desthetique-Novani.jpg\",\"datePublished\":\"2025-11-25T12:07:28+00:00\",\"dateModified\":\"2025-11-28T15:21:36+00:00\",\"breadcrumb\":{\"@id\":\"https:\\\/\\\/esthetiquenovani.com\\\/boutique\\\/carte-cadeaux-et-forfaits\\\/photorajeunissement-taches-pigmentaires-et-rougeur-visage\\\/#breadcrumb\"},\"inLanguage\":\"en-US\",\"potentialAction\":[{\"@type\":\"ReadAction\",\"target\":[\"https:\\\/\\\/esthetiquenovani.com\\\/boutique\\\/carte-cadeaux-et-forfaits\\\/photorajeunissement-taches-pigmentaires-et-rougeur-visage\\\/\"]}]},{\"@type\":\"ImageObject\",\"inLanguage\":\"en-US\",\"@id\":\"https:\\\/\\\/esthetiquenovani.com\\\/boutique\\\/carte-cadeaux-et-forfaits\\\/photorajeunissement-taches-pigmentaires-et-rougeur-visage\\\/#primaryimage\",\"url\":\"https:\\\/\\\/esthetiquenovani.com\\\/wp-content\\\/uploads\\\/2025\\\/11\\\/Photorajeunissement-IPL-traitement-des-rougeurs-et-des-taches-pigmentaires-a-Brossard-Longueuil-et-Chambly-Clinique-desthetique-Novani.jpg\",\"contentUrl\":\"https:\\\/\\\/esthetiquenovani.com\\\/wp-content\\\/uploads\\\/2025\\\/11\\\/Photorajeunissement-IPL-traitement-des-rougeurs-et-des-taches-pigmentaires-a-Brossard-Longueuil-et-Chambly-Clinique-desthetique-Novani.jpg\",\"width\":730,\"height\":730},{\"@type\":\"BreadcrumbList\",\"@id\":\"https:\\\/\\\/esthetiquenovani.com\\\/boutique\\\/carte-cadeaux-et-forfaits\\\/photorajeunissement-taches-pigmentaires-et-rougeur-visage\\\/#breadcrumb\",\"itemListElement\":[{\"@type\":\"ListItem\",\"position\":1,\"name\":\"Accueil\",\"item\":\"https:\\\/\\\/esthetiquenovani.com\\\/en\\\/\"},{\"@type\":\"ListItem\",\"position\":2,\"name\":\"Boutique\",\"item\":\"https:\\\/\\\/esthetiquenovani.com\\\/boutique\\\/\"},{\"@type\":\"ListItem\",\"position\":3,\"name\":\"Photorajeunissement (taches pigmentaires et rougeur) visage\"}]},{\"@type\":\"WebSite\",\"@id\":\"https:\\\/\\\/esthetiquenovani.com\\\/#website\",\"url\":\"https:\\\/\\\/esthetiquenovani.com\\\/\",\"name\":\"Clinique d'Esth&eacute;tique Novani\",\"description\":\"Brossard, Longueil &amp; Chambly\",\"publisher\":{\"@id\":\"https:\\\/\\\/esthetiquenovani.com\\\/#organization\"},\"potentialAction\":[{\"@type\":\"SearchAction\",\"target\":{\"@type\":\"EntryPoint\",\"urlTemplate\":\"https:\\\/\\\/esthetiquenovani.com\\\/?s={search_term_string}\"},\"query-input\":{\"@type\":\"PropertyValueSpecification\",\"valueRequired\":true,\"valueName\":\"search_term_string\"}}],\"inLanguage\":\"en-US\"},{\"@type\":\"Organization\",\"@id\":\"https:\\\/\\\/esthetiquenovani.com\\\/#organization\",\"name\":\"Esth\u00e9tique Huguette Turcotte\",\"url\":\"https:\\\/\\\/esthetiquenovani.com\\\/\",\"logo\":{\"@type\":\"ImageObject\",\"inLanguage\":\"en-US\",\"@id\":\"https:\\\/\\\/esthetiquenovani.com\\\/#\\\/schema\\\/logo\\\/image\\\/\",\"url\":\"https:\\\/\\\/esthetiquenovani.com\\\/wp-content\\\/uploads\\\/2018\\\/01\\\/qui-sommes-nous.jpg\",\"contentUrl\":\"https:\\\/\\\/esthetiquenovani.com\\\/wp-content\\\/uploads\\\/2018\\\/01\\\/qui-sommes-nous.jpg\",\"width\":637,\"height\":425,\"caption\":\"Esth\u00e9tique Huguette Turcotte\"},\"image\":{\"@id\":\"https:\\\/\\\/esthetiquenovani.com\\\/#\\\/schema\\\/logo\\\/image\\\/\"},\"sameAs\":[\"https:\\\/\\\/www.facebook.com\\\/esthetiquehturcotte\"]}]}<\/script>\n<!-- \/ Yoast SEO plugin. -->","yoast_head_json":{"title":"Photorajeunissement (taches pigmentaires et rougeur) visage &#8902; Clinique d'Esth&eacute;tique Novani","robots":{"index":"index","follow":"follow","max-snippet":"max-snippet:-1","max-image-preview":"max-image-preview:large","max-video-preview":"max-video-preview:-1"},"canonical":"https:\/\/esthetiquenovani.com\/boutique\/carte-cadeaux-et-forfaits\/photorajeunissement-taches-pigmentaires-et-rougeur-visage\/","og_locale":"en_US","og_type":"article","og_title":"Photorajeunissement (taches pigmentaires et rougeur) visage &#8902; Clinique d'Esth&eacute;tique Novani","og_description":"Un m\u00e9lange de laser et de lumi\u00e8re intense puls\u00e9e pour cibler efficacement les rougeurs du visage, les l\u00e9sions vasculaires, la couperose et les taches pigmentaires.\u00a0","og_url":"https:\/\/esthetiquenovani.com\/boutique\/carte-cadeaux-et-forfaits\/photorajeunissement-taches-pigmentaires-et-rougeur-visage\/","og_site_name":"Clinique d'Esth&eacute;tique Novani","article_publisher":"https:\/\/www.facebook.com\/esthetiquehturcotte","article_modified_time":"2025-11-28T15:21:36+00:00","og_image":[{"width":730,"height":730,"url":"https:\/\/esthetiquenovani.com\/wp-content\/uploads\/2025\/11\/Photorajeunissement-IPL-traitement-des-rougeurs-et-des-taches-pigmentaires-a-Brossard-Longueuil-et-Chambly-Clinique-desthetique-Novani.jpg","type":"image\/jpeg"}],"twitter_card":"summary_large_image","twitter_misc":{"Est. reading time":"1 minute"},"schema":{"@context":"https:\/\/schema.org","@graph":[{"@type":"WebPage","@id":"https:\/\/esthetiquenovani.com\/boutique\/carte-cadeaux-et-forfaits\/photorajeunissement-taches-pigmentaires-et-rougeur-visage\/","url":"https:\/\/esthetiquenovani.com\/boutique\/carte-cadeaux-et-forfaits\/photorajeunissement-taches-pigmentaires-et-rougeur-visage\/","name":"Photorajeunissement (taches pigmentaires et rougeur) visage &#8902; Clinique d'Esth&eacute;tique Novani","isPartOf":{"@id":"https:\/\/esthetiquenovani.com\/#website"},"primaryImageOfPage":{"@id":"https:\/\/esthetiquenovani.com\/boutique\/carte-cadeaux-et-forfaits\/photorajeunissement-taches-pigmentaires-et-rougeur-visage\/#primaryimage"},"image":{"@id":"https:\/\/esthetiquenovani.com\/boutique\/carte-cadeaux-et-forfaits\/photorajeunissement-taches-pigmentaires-et-rougeur-visage\/#primaryimage"},"thumbnailUrl":"https:\/\/esthetiquenovani.com\/wp-content\/uploads\/2025\/11\/Photorajeunissement-IPL-traitement-des-rougeurs-et-des-taches-pigmentaires-a-Brossard-Longueuil-et-Chambly-Clinique-desthetique-Novani.jpg","datePublished":"2025-11-25T12:07:28+00:00","dateModified":"2025-11-28T15:21:36+00:00","breadcrumb":{"@id":"https:\/\/esthetiquenovani.com\/boutique\/carte-cadeaux-et-forfaits\/photorajeunissement-taches-pigmentaires-et-rougeur-visage\/#breadcrumb"},"inLanguage":"en-US","potentialAction":[{"@type":"ReadAction","target":["https:\/\/esthetiquenovani.com\/boutique\/carte-cadeaux-et-forfaits\/photorajeunissement-taches-pigmentaires-et-rougeur-visage\/"]}]},{"@type":"ImageObject","inLanguage":"en-US","@id":"https:\/\/esthetiquenovani.com\/boutique\/carte-cadeaux-et-forfaits\/photorajeunissement-taches-pigmentaires-et-rougeur-visage\/#primaryimage","url":"https:\/\/esthetiquenovani.com\/wp-content\/uploads\/2025\/11\/Photorajeunissement-IPL-traitement-des-rougeurs-et-des-taches-pigmentaires-a-Brossard-Longueuil-et-Chambly-Clinique-desthetique-Novani.jpg","contentUrl":"https:\/\/esthetiquenovani.com\/wp-content\/uploads\/2025\/11\/Photorajeunissement-IPL-traitement-des-rougeurs-et-des-taches-pigmentaires-a-Brossard-Longueuil-et-Chambly-Clinique-desthetique-Novani.jpg","width":730,"height":730},{"@type":"BreadcrumbList","@id":"https:\/\/esthetiquenovani.com\/boutique\/carte-cadeaux-et-forfaits\/photorajeunissement-taches-pigmentaires-et-rougeur-visage\/#breadcrumb","itemListElement":[{"@type":"ListItem","position":1,"name":"Accueil","item":"https:\/\/esthetiquenovani.com\/en\/"},{"@type":"ListItem","position":2,"name":"Boutique","item":"https:\/\/esthetiquenovani.com\/boutique\/"},{"@type":"ListItem","position":3,"name":"Photorajeunissement (taches pigmentaires et rougeur) visage"}]},{"@type":"WebSite","@id":"https:\/\/esthetiquenovani.com\/#website","url":"https:\/\/esthetiquenovani.com\/","name":"Clinique d'Esth&eacute;tique Novani","description":"Brossard, Longueil &amp; Chambly","publisher":{"@id":"https:\/\/esthetiquenovani.com\/#organization"},"potentialAction":[{"@type":"SearchAction","target":{"@type":"EntryPoint","urlTemplate":"https:\/\/esthetiquenovani.com\/?s={search_term_string}"},"query-input":{"@type":"PropertyValueSpecification","valueRequired":true,"valueName":"search_term_string"}}],"inLanguage":"en-US"},{"@type":"Organization","@id":"https:\/\/esthetiquenovani.com\/#organization","name":"Esth\u00e9tique Huguette Turcotte","url":"https:\/\/esthetiquenovani.com\/","logo":{"@type":"ImageObject","inLanguage":"en-US","@id":"https:\/\/esthetiquenovani.com\/#\/schema\/logo\/image\/","url":"https:\/\/esthetiquenovani.com\/wp-content\/uploads\/2018\/01\/qui-sommes-nous.jpg","contentUrl":"https:\/\/esthetiquenovani.com\/wp-content\/uploads\/2018\/01\/qui-sommes-nous.jpg","width":637,"height":425,"caption":"Esth\u00e9tique Huguette Turcotte"},"image":{"@id":"https:\/\/esthetiquenovani.com\/#\/schema\/logo\/image\/"},"sameAs":["https:\/\/www.facebook.com\/esthetiquehturcotte"]}]}},"_links":{"self":[{"href":"https:\/\/esthetiquenovani.com\/en\/wp-json\/wp\/v2\/product\/233927","targetHints":{"allow":["GET"]}}],"collection":[{"href":"https:\/\/esthetiquenovani.com\/en\/wp-json\/wp\/v2\/product"}],"about":[{"href":"https:\/\/esthetiquenovani.com\/en\/wp-json\/wp\/v2\/types\/product"}],"wp:featuredmedia":[{"embeddable":true,"href":"https:\/\/esthetiquenovani.com\/en\/wp-json\/wp\/v2\/media\/233933"}],"wp:attachment":[{"href":"https:\/\/esthetiquenovani.com\/en\/wp-json\/wp\/v2\/media?parent=233927"}],"wp:term":[{"taxonomy":"product_brand","embeddable":true,"href":"https:\/\/esthetiquenovani.com\/en\/wp-json\/wp\/v2\/product_brand?post=233927"},{"taxonomy":"product_cat","embeddable":true,"href":"https:\/\/esthetiquenovani.com\/en\/wp-json\/wp\/v2\/product_cat?post=233927"},{"taxonomy":"product_tag","embeddable":true,"href":"https:\/\/esthetiquenovani.com\/en\/wp-json\/wp\/v2\/product_tag?post=233927"}],"curies":[{"name":"wp","href":"https:\/\/api.w.org\/{rel}","templated":true}]}}