{"id":233977,"date":"2025-11-28T15:10:16","date_gmt":"2025-11-28T20:10:16","guid":{"rendered":"https:\/\/esthetiquenovani.com\/?post_type=product&#038;p=233977"},"modified":"2025-11-28T15:11:53","modified_gmt":"2025-11-28T20:11:53","slug":"dr-renaud-tolerance-serum-restaurateur-intense","status":"publish","type":"product","link":"https:\/\/esthetiquenovani.com\/en\/boutique\/gammes\/laboratoire-dr-renaud\/serums-2\/dr-renaud-tolerance-serum-restaurateur-intense\/","title":{"rendered":"Dr Renaud \u2013 Tol\u00e9rance+ &#8211; S\u00e9rum restaurateur intense"},"content":{"rendered":"","protected":false},"excerpt":{"rendered":"<div><span style=\"font-family: Verdana\">Concentr\u00e9 anti-stress \u2013 rougeurs diffuses, \u00e9rythrose et rosac\u00e9e.\u00a0<\/span><span style=\"font-family: Verdana\">\u00a0<\/span><\/div>\n<ul>\n<li><span style=\"font-family: Verdana\">Soin \u00ab coupe-feu \u00bb \u00e0 action instantan\u00e9e\u00a0<\/span><\/li>\n<li><span style=\"font-family: Verdana\">Aide \u00e0 att\u00e9nuer significativement l\u2019\u00e9tendue et l\u2019intensit\u00e9 des rougeurs\u00a0<\/span><\/li>\n<li><span style=\"font-family: Verdana\">Aide \u00e0 r\u00e9tablir confort et bien-\u00eatre\u00a0<\/span><\/li>\n<li><span style=\"font-family: Verdana\">Aide \u00e0 diminuer la r\u00e9activit\u00e9 cutan\u00e9e\u00a0<\/span><\/li>\n<li><span style=\"font-family: Verdana\">Am\u00e9liore l\u2019irrigation tissulaire et la r\u00e9sistance des capillaires\u00a0<\/span><\/li>\n<li><span style=\"font-family: Verdana\">Sans parfum\u00a0<\/span><\/li>\n<li><span style=\"font-family: Verdana\">Sans alcool\u00a0<\/span><\/li>\n<li><span style=\"font-family: Verdana\">Non com\u00e9dog\u00e8ne<\/span><\/li>\n<\/ul>\n<div><span style=\"font-family: Verdana\"><b>Conseils d&#8217;utilisation:<\/b><\/span><\/div>\n<div><span style=\"font-family: Verdana\">Matin et soir, apr\u00e8s avoir parfaitement nettoy\u00e9 la peau, appliquer sur le visage et le cou. Faire suivre par l\u2019\u00c9mulsion Contr\u00f4le 24H Rosa-C3, puis par UV-Science FPS 30 Haute Protection Quotidienne le matin seulement. S\u2019utilise quotidiennement, en cure ou ponctuellement, en situation de crise.<\/span><\/div>\n<div><span style=\"font-family: Verdana\">50 ml<\/span><\/div>\n","protected":false},"featured_media":233973,"template":"","meta":{"_et_pb_use_builder":"","_et_pb_old_content":"","_et_gb_content_width":""},"product_brand":[],"product_cat":[108,68,48,59],"product_tag":[],"class_list":{"0":"post-233977","1":"product","2":"type-product","3":"status-publish","4":"has-post-thumbnail","6":"product_cat-serums-2","7":"product_cat-laboratoire-dr-renaud","8":"product_cat-sensibilites-et-rougeurs","9":"product_cat-serums","11":"first","12":"instock","13":"taxable","14":"shipping-taxable","15":"purchasable","16":"product-type-simple"},"yoast_head":"<!-- This site is optimized with the Yoast SEO plugin v27.4 - https:\/\/yoast.com\/product\/yoast-seo-wordpress\/ -->\n<title>S\u00e9rum anti-rougeur - rosac\u00e9e - Esth\u00e9ticienne Longueuil -<\/title>\n<meta name=\"description\" content=\"S\u00e9rum anti-rougeurs, \u00e9rythrose et rosac\u00e9e.\u00a0Action instantan\u00e9e, Aide \u00e0 att\u00e9nuer significativement l\u2019\u00e9tendue et l\u2019intensit\u00e9 des rougeurs\u00a0\" \/>\n<meta name=\"robots\" content=\"index, follow, max-snippet:-1, max-image-preview:large, max-video-preview:-1\" \/>\n<link rel=\"canonical\" href=\"https:\/\/esthetiquenovani.com\/boutique\/gammes\/laboratoire-dr-renaud\/serums-2\/dr-renaud-tolerance-serum-restaurateur-intense\/\" \/>\n<meta property=\"og:locale\" content=\"en_US\" \/>\n<meta property=\"og:type\" content=\"article\" \/>\n<meta property=\"og:title\" content=\"S\u00e9rum anti-rougeur - rosac\u00e9e - Esth\u00e9ticienne Longueuil -\" \/>\n<meta property=\"og:description\" content=\"S\u00e9rum anti-rougeurs, \u00e9rythrose et rosac\u00e9e.\u00a0Action instantan\u00e9e, Aide \u00e0 att\u00e9nuer significativement l\u2019\u00e9tendue et l\u2019intensit\u00e9 des rougeurs\u00a0\" \/>\n<meta property=\"og:url\" content=\"https:\/\/esthetiquenovani.com\/boutique\/gammes\/laboratoire-dr-renaud\/serums-2\/dr-renaud-tolerance-serum-restaurateur-intense\/\" \/>\n<meta property=\"og:site_name\" content=\"Clinique d&#039;Esth&eacute;tique Novani\" \/>\n<meta property=\"article:publisher\" content=\"https:\/\/www.facebook.com\/esthetiquehturcotte\" \/>\n<meta property=\"article:modified_time\" content=\"2025-11-28T20:11:53+00:00\" \/>\n<meta property=\"og:image\" content=\"https:\/\/esthetiquenovani.com\/wp-content\/uploads\/2020\/03\/TolerancePlus_Intense-restoring-serum_grande.webp\" \/>\n\t<meta property=\"og:image:width\" content=\"600\" \/>\n\t<meta property=\"og:image:height\" content=\"600\" \/>\n\t<meta property=\"og:image:type\" content=\"image\/webp\" \/>\n<meta name=\"twitter:card\" content=\"summary_large_image\" \/>\n<meta name=\"twitter:label1\" content=\"Est. reading time\" \/>\n\t<meta name=\"twitter:data1\" content=\"1 minute\" \/>\n<script type=\"application\/ld+json\" class=\"yoast-schema-graph\">{\"@context\":\"https:\\\/\\\/schema.org\",\"@graph\":[{\"@type\":\"WebPage\",\"@id\":\"https:\\\/\\\/esthetiquenovani.com\\\/boutique\\\/gammes\\\/laboratoire-dr-renaud\\\/serums-2\\\/dr-renaud-tolerance-serum-restaurateur-intense\\\/\",\"url\":\"https:\\\/\\\/esthetiquenovani.com\\\/boutique\\\/gammes\\\/laboratoire-dr-renaud\\\/serums-2\\\/dr-renaud-tolerance-serum-restaurateur-intense\\\/\",\"name\":\"S\u00e9rum anti-rougeur - rosac\u00e9e - Esth\u00e9ticienne Longueuil -\",\"isPartOf\":{\"@id\":\"https:\\\/\\\/esthetiquenovani.com\\\/#website\"},\"primaryImageOfPage\":{\"@id\":\"https:\\\/\\\/esthetiquenovani.com\\\/boutique\\\/gammes\\\/laboratoire-dr-renaud\\\/serums-2\\\/dr-renaud-tolerance-serum-restaurateur-intense\\\/#primaryimage\"},\"image\":{\"@id\":\"https:\\\/\\\/esthetiquenovani.com\\\/boutique\\\/gammes\\\/laboratoire-dr-renaud\\\/serums-2\\\/dr-renaud-tolerance-serum-restaurateur-intense\\\/#primaryimage\"},\"thumbnailUrl\":\"https:\\\/\\\/esthetiquenovani.com\\\/wp-content\\\/uploads\\\/2020\\\/03\\\/TolerancePlus_Intense-restoring-serum_grande.webp\",\"datePublished\":\"2025-11-28T20:10:16+00:00\",\"dateModified\":\"2025-11-28T20:11:53+00:00\",\"description\":\"S\u00e9rum anti-rougeurs, \u00e9rythrose et rosac\u00e9e.\u00a0Action instantan\u00e9e, Aide \u00e0 att\u00e9nuer significativement l\u2019\u00e9tendue et l\u2019intensit\u00e9 des rougeurs\u00a0\",\"breadcrumb\":{\"@id\":\"https:\\\/\\\/esthetiquenovani.com\\\/boutique\\\/gammes\\\/laboratoire-dr-renaud\\\/serums-2\\\/dr-renaud-tolerance-serum-restaurateur-intense\\\/#breadcrumb\"},\"inLanguage\":\"en-US\",\"potentialAction\":[{\"@type\":\"ReadAction\",\"target\":[\"https:\\\/\\\/esthetiquenovani.com\\\/boutique\\\/gammes\\\/laboratoire-dr-renaud\\\/serums-2\\\/dr-renaud-tolerance-serum-restaurateur-intense\\\/\"]}]},{\"@type\":\"ImageObject\",\"inLanguage\":\"en-US\",\"@id\":\"https:\\\/\\\/esthetiquenovani.com\\\/boutique\\\/gammes\\\/laboratoire-dr-renaud\\\/serums-2\\\/dr-renaud-tolerance-serum-restaurateur-intense\\\/#primaryimage\",\"url\":\"https:\\\/\\\/esthetiquenovani.com\\\/wp-content\\\/uploads\\\/2020\\\/03\\\/TolerancePlus_Intense-restoring-serum_grande.webp\",\"contentUrl\":\"https:\\\/\\\/esthetiquenovani.com\\\/wp-content\\\/uploads\\\/2020\\\/03\\\/TolerancePlus_Intense-restoring-serum_grande.webp\",\"width\":600,\"height\":600},{\"@type\":\"BreadcrumbList\",\"@id\":\"https:\\\/\\\/esthetiquenovani.com\\\/boutique\\\/gammes\\\/laboratoire-dr-renaud\\\/serums-2\\\/dr-renaud-tolerance-serum-restaurateur-intense\\\/#breadcrumb\",\"itemListElement\":[{\"@type\":\"ListItem\",\"position\":1,\"name\":\"Accueil\",\"item\":\"https:\\\/\\\/esthetiquenovani.com\\\/en\\\/\"},{\"@type\":\"ListItem\",\"position\":2,\"name\":\"Boutique\",\"item\":\"https:\\\/\\\/esthetiquenovani.com\\\/boutique\\\/\"},{\"@type\":\"ListItem\",\"position\":3,\"name\":\"Dr Renaud \u2013 Tol\u00e9rance+ &#8211; S\u00e9rum restaurateur intense\"}]},{\"@type\":\"WebSite\",\"@id\":\"https:\\\/\\\/esthetiquenovani.com\\\/#website\",\"url\":\"https:\\\/\\\/esthetiquenovani.com\\\/\",\"name\":\"Clinique d'Esth&eacute;tique Novani\",\"description\":\"Brossard, Longueil &amp; Chambly\",\"publisher\":{\"@id\":\"https:\\\/\\\/esthetiquenovani.com\\\/#organization\"},\"potentialAction\":[{\"@type\":\"SearchAction\",\"target\":{\"@type\":\"EntryPoint\",\"urlTemplate\":\"https:\\\/\\\/esthetiquenovani.com\\\/?s={search_term_string}\"},\"query-input\":{\"@type\":\"PropertyValueSpecification\",\"valueRequired\":true,\"valueName\":\"search_term_string\"}}],\"inLanguage\":\"en-US\"},{\"@type\":\"Organization\",\"@id\":\"https:\\\/\\\/esthetiquenovani.com\\\/#organization\",\"name\":\"Esth\u00e9tique Huguette Turcotte\",\"url\":\"https:\\\/\\\/esthetiquenovani.com\\\/\",\"logo\":{\"@type\":\"ImageObject\",\"inLanguage\":\"en-US\",\"@id\":\"https:\\\/\\\/esthetiquenovani.com\\\/#\\\/schema\\\/logo\\\/image\\\/\",\"url\":\"https:\\\/\\\/esthetiquenovani.com\\\/wp-content\\\/uploads\\\/2018\\\/01\\\/qui-sommes-nous.jpg\",\"contentUrl\":\"https:\\\/\\\/esthetiquenovani.com\\\/wp-content\\\/uploads\\\/2018\\\/01\\\/qui-sommes-nous.jpg\",\"width\":637,\"height\":425,\"caption\":\"Esth\u00e9tique Huguette Turcotte\"},\"image\":{\"@id\":\"https:\\\/\\\/esthetiquenovani.com\\\/#\\\/schema\\\/logo\\\/image\\\/\"},\"sameAs\":[\"https:\\\/\\\/www.facebook.com\\\/esthetiquehturcotte\"]}]}<\/script>\n<!-- \/ Yoast SEO plugin. -->","yoast_head_json":{"title":"S\u00e9rum anti-rougeur - rosac\u00e9e - Esth\u00e9ticienne Longueuil -","description":"S\u00e9rum anti-rougeurs, \u00e9rythrose et rosac\u00e9e.\u00a0Action instantan\u00e9e, Aide \u00e0 att\u00e9nuer significativement l\u2019\u00e9tendue et l\u2019intensit\u00e9 des rougeurs\u00a0","robots":{"index":"index","follow":"follow","max-snippet":"max-snippet:-1","max-image-preview":"max-image-preview:large","max-video-preview":"max-video-preview:-1"},"canonical":"https:\/\/esthetiquenovani.com\/boutique\/gammes\/laboratoire-dr-renaud\/serums-2\/dr-renaud-tolerance-serum-restaurateur-intense\/","og_locale":"en_US","og_type":"article","og_title":"S\u00e9rum anti-rougeur - rosac\u00e9e - Esth\u00e9ticienne Longueuil -","og_description":"S\u00e9rum anti-rougeurs, \u00e9rythrose et rosac\u00e9e.\u00a0Action instantan\u00e9e, Aide \u00e0 att\u00e9nuer significativement l\u2019\u00e9tendue et l\u2019intensit\u00e9 des rougeurs\u00a0","og_url":"https:\/\/esthetiquenovani.com\/boutique\/gammes\/laboratoire-dr-renaud\/serums-2\/dr-renaud-tolerance-serum-restaurateur-intense\/","og_site_name":"Clinique d'Esth&eacute;tique Novani","article_publisher":"https:\/\/www.facebook.com\/esthetiquehturcotte","article_modified_time":"2025-11-28T20:11:53+00:00","og_image":[{"width":600,"height":600,"url":"https:\/\/esthetiquenovani.com\/wp-content\/uploads\/2020\/03\/TolerancePlus_Intense-restoring-serum_grande.webp","type":"image\/webp"}],"twitter_card":"summary_large_image","twitter_misc":{"Est. reading time":"1 minute"},"schema":{"@context":"https:\/\/schema.org","@graph":[{"@type":"WebPage","@id":"https:\/\/esthetiquenovani.com\/boutique\/gammes\/laboratoire-dr-renaud\/serums-2\/dr-renaud-tolerance-serum-restaurateur-intense\/","url":"https:\/\/esthetiquenovani.com\/boutique\/gammes\/laboratoire-dr-renaud\/serums-2\/dr-renaud-tolerance-serum-restaurateur-intense\/","name":"S\u00e9rum anti-rougeur - rosac\u00e9e - Esth\u00e9ticienne Longueuil -","isPartOf":{"@id":"https:\/\/esthetiquenovani.com\/#website"},"primaryImageOfPage":{"@id":"https:\/\/esthetiquenovani.com\/boutique\/gammes\/laboratoire-dr-renaud\/serums-2\/dr-renaud-tolerance-serum-restaurateur-intense\/#primaryimage"},"image":{"@id":"https:\/\/esthetiquenovani.com\/boutique\/gammes\/laboratoire-dr-renaud\/serums-2\/dr-renaud-tolerance-serum-restaurateur-intense\/#primaryimage"},"thumbnailUrl":"https:\/\/esthetiquenovani.com\/wp-content\/uploads\/2020\/03\/TolerancePlus_Intense-restoring-serum_grande.webp","datePublished":"2025-11-28T20:10:16+00:00","dateModified":"2025-11-28T20:11:53+00:00","description":"S\u00e9rum anti-rougeurs, \u00e9rythrose et rosac\u00e9e.\u00a0Action instantan\u00e9e, Aide \u00e0 att\u00e9nuer significativement l\u2019\u00e9tendue et l\u2019intensit\u00e9 des rougeurs\u00a0","breadcrumb":{"@id":"https:\/\/esthetiquenovani.com\/boutique\/gammes\/laboratoire-dr-renaud\/serums-2\/dr-renaud-tolerance-serum-restaurateur-intense\/#breadcrumb"},"inLanguage":"en-US","potentialAction":[{"@type":"ReadAction","target":["https:\/\/esthetiquenovani.com\/boutique\/gammes\/laboratoire-dr-renaud\/serums-2\/dr-renaud-tolerance-serum-restaurateur-intense\/"]}]},{"@type":"ImageObject","inLanguage":"en-US","@id":"https:\/\/esthetiquenovani.com\/boutique\/gammes\/laboratoire-dr-renaud\/serums-2\/dr-renaud-tolerance-serum-restaurateur-intense\/#primaryimage","url":"https:\/\/esthetiquenovani.com\/wp-content\/uploads\/2020\/03\/TolerancePlus_Intense-restoring-serum_grande.webp","contentUrl":"https:\/\/esthetiquenovani.com\/wp-content\/uploads\/2020\/03\/TolerancePlus_Intense-restoring-serum_grande.webp","width":600,"height":600},{"@type":"BreadcrumbList","@id":"https:\/\/esthetiquenovani.com\/boutique\/gammes\/laboratoire-dr-renaud\/serums-2\/dr-renaud-tolerance-serum-restaurateur-intense\/#breadcrumb","itemListElement":[{"@type":"ListItem","position":1,"name":"Accueil","item":"https:\/\/esthetiquenovani.com\/en\/"},{"@type":"ListItem","position":2,"name":"Boutique","item":"https:\/\/esthetiquenovani.com\/boutique\/"},{"@type":"ListItem","position":3,"name":"Dr Renaud \u2013 Tol\u00e9rance+ &#8211; S\u00e9rum restaurateur intense"}]},{"@type":"WebSite","@id":"https:\/\/esthetiquenovani.com\/#website","url":"https:\/\/esthetiquenovani.com\/","name":"Clinique d'Esth&eacute;tique Novani","description":"Brossard, Longueil &amp; Chambly","publisher":{"@id":"https:\/\/esthetiquenovani.com\/#organization"},"potentialAction":[{"@type":"SearchAction","target":{"@type":"EntryPoint","urlTemplate":"https:\/\/esthetiquenovani.com\/?s={search_term_string}"},"query-input":{"@type":"PropertyValueSpecification","valueRequired":true,"valueName":"search_term_string"}}],"inLanguage":"en-US"},{"@type":"Organization","@id":"https:\/\/esthetiquenovani.com\/#organization","name":"Esth\u00e9tique Huguette Turcotte","url":"https:\/\/esthetiquenovani.com\/","logo":{"@type":"ImageObject","inLanguage":"en-US","@id":"https:\/\/esthetiquenovani.com\/#\/schema\/logo\/image\/","url":"https:\/\/esthetiquenovani.com\/wp-content\/uploads\/2018\/01\/qui-sommes-nous.jpg","contentUrl":"https:\/\/esthetiquenovani.com\/wp-content\/uploads\/2018\/01\/qui-sommes-nous.jpg","width":637,"height":425,"caption":"Esth\u00e9tique Huguette Turcotte"},"image":{"@id":"https:\/\/esthetiquenovani.com\/#\/schema\/logo\/image\/"},"sameAs":["https:\/\/www.facebook.com\/esthetiquehturcotte"]}]}},"_links":{"self":[{"href":"https:\/\/esthetiquenovani.com\/en\/wp-json\/wp\/v2\/product\/233977","targetHints":{"allow":["GET"]}}],"collection":[{"href":"https:\/\/esthetiquenovani.com\/en\/wp-json\/wp\/v2\/product"}],"about":[{"href":"https:\/\/esthetiquenovani.com\/en\/wp-json\/wp\/v2\/types\/product"}],"wp:featuredmedia":[{"embeddable":true,"href":"https:\/\/esthetiquenovani.com\/en\/wp-json\/wp\/v2\/media\/233973"}],"wp:attachment":[{"href":"https:\/\/esthetiquenovani.com\/en\/wp-json\/wp\/v2\/media?parent=233977"}],"wp:term":[{"taxonomy":"product_brand","embeddable":true,"href":"https:\/\/esthetiquenovani.com\/en\/wp-json\/wp\/v2\/product_brand?post=233977"},{"taxonomy":"product_cat","embeddable":true,"href":"https:\/\/esthetiquenovani.com\/en\/wp-json\/wp\/v2\/product_cat?post=233977"},{"taxonomy":"product_tag","embeddable":true,"href":"https:\/\/esthetiquenovani.com\/en\/wp-json\/wp\/v2\/product_tag?post=233977"}],"curies":[{"name":"wp","href":"https:\/\/api.w.org\/{rel}","templated":true}]}}