{"id":233978,"date":"2025-11-28T15:14:00","date_gmt":"2025-11-28T20:14:00","guid":{"rendered":"https:\/\/esthetiquenovani.com\/?post_type=product&#038;p=233978"},"modified":"2025-11-28T15:15:40","modified_gmt":"2025-11-28T20:15:40","slug":"dr-renaud-tolerance-masque-ultra-reconfortant","status":"publish","type":"product","link":"https:\/\/esthetiquenovani.com\/en\/boutique\/gammes\/laboratoire-dr-renaud\/5-masques\/dr-renaud-tolerance-masque-ultra-reconfortant\/","title":{"rendered":"Dr Renaud \u2013 Tol\u00e9rance+ &#8211; Masque ultra-r\u00e9confortant"},"content":{"rendered":"","protected":false},"excerpt":{"rendered":"<div><span style=\"font-family: Verdana\">Le masque HydraCalm r\u00e9tablit l\u2019\u00e9quilibre hydrique, favoriser le retour au calme et augmenter la r\u00e9sistance de la peau.<\/span><\/div>\n<div><span style=\"font-family: Verdana\">\u00a0<\/span><\/div>\n<div><span style=\"font-family: Verdana\">V\u00e9ritable \u00ab concentr\u00e9 \u00bb hydratant anti-stress:<\/span><\/div>\n<ul>\n<li><span style=\"font-family: Verdana\">Relance les m\u00e9canismes d\u2019hydratation<\/span><\/li>\n<li><span style=\"font-family: Verdana\">Apaise instantan\u00e9ment et durablement les \u00e9pidermes irrit\u00e9s, agress\u00e9s<\/span><\/li>\n<li><span style=\"font-family: Verdana\">R\u00e9tablit l\u2019\u00e9quilibre, le bien-\u00eatre et le confort des peaux en situation de stress<\/span><\/li>\n<li><span style=\"font-family: Verdana\">Renforce les m\u00e9canismes naturels de protection et de d\u00e9fense cutan\u00e9s<\/span><\/li>\n<li><span style=\"font-family: Verdana\">Diminuer la sensibilit\u00e9 et la r\u00e9activit\u00e9 de la peau<\/span><\/li>\n<\/ul>\n<div><span style=\"font-family: Verdana\">\u00a0<\/span><\/div>\n<div><span style=\"font-family: Verdana\"><b>Conseils d\u2019utilisation:<\/b><\/span><\/div>\n<div><span style=\"font-family: Verdana\">Une ou deux fois par semaine ou en cas de stress, apr\u00e8s un nettoyage minutieux de la peau, appliquer le Masque HydraCalm en couche moyenne sur le visage et le cou. Laisser reposer de 15 \u00e0 20 minutes. Puis faire p\u00e9n\u00e9trer l\u2019exc\u00e9dent ou le retirer avec un coton humide. Ne pas rincer. Appliquer ensuite au besoin la cr\u00e8me de jour ou de nuit recommand\u00e9e par votre esth\u00e9ticienne.<\/span><\/div>\n<div><span style=\"font-family: Verdana\">\u00a0<\/span><\/div>\n<div><span style=\"font-family: Verdana\">60 g<\/span><\/div>\n","protected":false},"featured_media":233971,"template":"","meta":{"_et_pb_use_builder":"","_et_pb_old_content":"","_et_gb_content_width":""},"product_brand":[],"product_cat":[110,68,64,48],"product_tag":[],"class_list":{"0":"post-233978","1":"product","2":"type-product","3":"status-publish","4":"has-post-thumbnail","6":"product_cat-5-masques","7":"product_cat-laboratoire-dr-renaud","8":"product_cat-masques-et-huiles","9":"product_cat-sensibilites-et-rougeurs","11":"first","12":"instock","13":"taxable","14":"shipping-taxable","15":"purchasable","16":"product-type-simple"},"yoast_head":"<!-- This site is optimized with the Yoast SEO plugin v27.4 - https:\/\/yoast.com\/product\/yoast-seo-wordpress\/ -->\n<title>Dr Renaud \u2013 Tol\u00e9rance+ - Masque ultra-r\u00e9confortant &#8902; Clinique d&#039;Esth&eacute;tique Novani<\/title>\n<meta name=\"robots\" content=\"index, follow, max-snippet:-1, max-image-preview:large, max-video-preview:-1\" \/>\n<link rel=\"canonical\" href=\"https:\/\/esthetiquenovani.com\/boutique\/gammes\/laboratoire-dr-renaud\/5-masques\/dr-renaud-tolerance-masque-ultra-reconfortant\/\" \/>\n<meta property=\"og:locale\" content=\"en_US\" \/>\n<meta property=\"og:type\" content=\"article\" \/>\n<meta property=\"og:title\" content=\"Dr Renaud \u2013 Tol\u00e9rance+ - Masque ultra-r\u00e9confortant &#8902; Clinique d&#039;Esth&eacute;tique Novani\" \/>\n<meta property=\"og:description\" content=\"Le masque HydraCalm r\u00e9tablit l\u2019\u00e9quilibre hydrique, favoriser le retour au calme et augmenter la r\u00e9sistance de la peau. \u00a0 V\u00e9ritable \u00ab concentr\u00e9 \u00bb hydratant anti-stress:   Relance les m\u00e9canismes d\u2019hydratation  Apaise instantan\u00e9ment et durablement les \u00e9pidermes irrit\u00e9s, agress\u00e9s  R\u00e9tablit l\u2019\u00e9quilibre, le bien-\u00eatre et le confort des peaux en situation de stress  Renforce les m\u00e9canismes naturels de protection et de d\u00e9fense cutan\u00e9s  Diminuer la sensibilit\u00e9 et la r\u00e9activit\u00e9 de la peau  \u00a0 Conseils d\u2019utilisation: Une ou deux fois par semaine ou en cas de stress, apr\u00e8s un nettoyage minutieux de la peau, appliquer le Masque HydraCalm en couche moyenne sur le visage et le cou. Laisser reposer de 15 \u00e0 20 minutes. Puis faire p\u00e9n\u00e9trer l\u2019exc\u00e9dent ou le retirer avec un coton humide. Ne pas rincer. Appliquer ensuite au besoin la cr\u00e8me de jour ou de nuit recommand\u00e9e par votre esth\u00e9ticienne. \u00a0 60 g\" \/>\n<meta property=\"og:url\" content=\"https:\/\/esthetiquenovani.com\/boutique\/gammes\/laboratoire-dr-renaud\/5-masques\/dr-renaud-tolerance-masque-ultra-reconfortant\/\" \/>\n<meta property=\"og:site_name\" content=\"Clinique d&#039;Esth&eacute;tique Novani\" \/>\n<meta property=\"article:publisher\" content=\"https:\/\/www.facebook.com\/esthetiquehturcotte\" \/>\n<meta property=\"article:modified_time\" content=\"2025-11-28T20:15:40+00:00\" \/>\n<meta property=\"og:image\" content=\"https:\/\/esthetiquenovani.com\/wp-content\/uploads\/2020\/03\/telechargement-1.jpeg\" \/>\n\t<meta property=\"og:image:width\" content=\"225\" \/>\n\t<meta property=\"og:image:height\" content=\"225\" \/>\n\t<meta property=\"og:image:type\" content=\"image\/jpeg\" \/>\n<meta name=\"twitter:card\" content=\"summary_large_image\" \/>\n<meta name=\"twitter:label1\" content=\"Est. reading time\" \/>\n\t<meta name=\"twitter:data1\" content=\"1 minute\" \/>\n<script type=\"application\/ld+json\" class=\"yoast-schema-graph\">{\"@context\":\"https:\\\/\\\/schema.org\",\"@graph\":[{\"@type\":\"WebPage\",\"@id\":\"https:\\\/\\\/esthetiquenovani.com\\\/boutique\\\/gammes\\\/laboratoire-dr-renaud\\\/5-masques\\\/dr-renaud-tolerance-masque-ultra-reconfortant\\\/\",\"url\":\"https:\\\/\\\/esthetiquenovani.com\\\/boutique\\\/gammes\\\/laboratoire-dr-renaud\\\/5-masques\\\/dr-renaud-tolerance-masque-ultra-reconfortant\\\/\",\"name\":\"Dr Renaud \u2013 Tol\u00e9rance+ - Masque ultra-r\u00e9confortant &#8902; Clinique d'Esth&eacute;tique Novani\",\"isPartOf\":{\"@id\":\"https:\\\/\\\/esthetiquenovani.com\\\/#website\"},\"primaryImageOfPage\":{\"@id\":\"https:\\\/\\\/esthetiquenovani.com\\\/boutique\\\/gammes\\\/laboratoire-dr-renaud\\\/5-masques\\\/dr-renaud-tolerance-masque-ultra-reconfortant\\\/#primaryimage\"},\"image\":{\"@id\":\"https:\\\/\\\/esthetiquenovani.com\\\/boutique\\\/gammes\\\/laboratoire-dr-renaud\\\/5-masques\\\/dr-renaud-tolerance-masque-ultra-reconfortant\\\/#primaryimage\"},\"thumbnailUrl\":\"https:\\\/\\\/esthetiquenovani.com\\\/wp-content\\\/uploads\\\/2020\\\/03\\\/telechargement-1.jpeg\",\"datePublished\":\"2025-11-28T20:14:00+00:00\",\"dateModified\":\"2025-11-28T20:15:40+00:00\",\"breadcrumb\":{\"@id\":\"https:\\\/\\\/esthetiquenovani.com\\\/boutique\\\/gammes\\\/laboratoire-dr-renaud\\\/5-masques\\\/dr-renaud-tolerance-masque-ultra-reconfortant\\\/#breadcrumb\"},\"inLanguage\":\"en-US\",\"potentialAction\":[{\"@type\":\"ReadAction\",\"target\":[\"https:\\\/\\\/esthetiquenovani.com\\\/boutique\\\/gammes\\\/laboratoire-dr-renaud\\\/5-masques\\\/dr-renaud-tolerance-masque-ultra-reconfortant\\\/\"]}]},{\"@type\":\"ImageObject\",\"inLanguage\":\"en-US\",\"@id\":\"https:\\\/\\\/esthetiquenovani.com\\\/boutique\\\/gammes\\\/laboratoire-dr-renaud\\\/5-masques\\\/dr-renaud-tolerance-masque-ultra-reconfortant\\\/#primaryimage\",\"url\":\"https:\\\/\\\/esthetiquenovani.com\\\/wp-content\\\/uploads\\\/2020\\\/03\\\/telechargement-1.jpeg\",\"contentUrl\":\"https:\\\/\\\/esthetiquenovani.com\\\/wp-content\\\/uploads\\\/2020\\\/03\\\/telechargement-1.jpeg\",\"width\":225,\"height\":225},{\"@type\":\"BreadcrumbList\",\"@id\":\"https:\\\/\\\/esthetiquenovani.com\\\/boutique\\\/gammes\\\/laboratoire-dr-renaud\\\/5-masques\\\/dr-renaud-tolerance-masque-ultra-reconfortant\\\/#breadcrumb\",\"itemListElement\":[{\"@type\":\"ListItem\",\"position\":1,\"name\":\"Accueil\",\"item\":\"https:\\\/\\\/esthetiquenovani.com\\\/en\\\/\"},{\"@type\":\"ListItem\",\"position\":2,\"name\":\"Boutique\",\"item\":\"https:\\\/\\\/esthetiquenovani.com\\\/boutique\\\/\"},{\"@type\":\"ListItem\",\"position\":3,\"name\":\"Dr Renaud \u2013 Tol\u00e9rance+ &#8211; Masque ultra-r\u00e9confortant\"}]},{\"@type\":\"WebSite\",\"@id\":\"https:\\\/\\\/esthetiquenovani.com\\\/#website\",\"url\":\"https:\\\/\\\/esthetiquenovani.com\\\/\",\"name\":\"Clinique d'Esth&eacute;tique Novani\",\"description\":\"Brossard, Longueil &amp; Chambly\",\"publisher\":{\"@id\":\"https:\\\/\\\/esthetiquenovani.com\\\/#organization\"},\"potentialAction\":[{\"@type\":\"SearchAction\",\"target\":{\"@type\":\"EntryPoint\",\"urlTemplate\":\"https:\\\/\\\/esthetiquenovani.com\\\/?s={search_term_string}\"},\"query-input\":{\"@type\":\"PropertyValueSpecification\",\"valueRequired\":true,\"valueName\":\"search_term_string\"}}],\"inLanguage\":\"en-US\"},{\"@type\":\"Organization\",\"@id\":\"https:\\\/\\\/esthetiquenovani.com\\\/#organization\",\"name\":\"Esth\u00e9tique Huguette Turcotte\",\"url\":\"https:\\\/\\\/esthetiquenovani.com\\\/\",\"logo\":{\"@type\":\"ImageObject\",\"inLanguage\":\"en-US\",\"@id\":\"https:\\\/\\\/esthetiquenovani.com\\\/#\\\/schema\\\/logo\\\/image\\\/\",\"url\":\"https:\\\/\\\/esthetiquenovani.com\\\/wp-content\\\/uploads\\\/2018\\\/01\\\/qui-sommes-nous.jpg\",\"contentUrl\":\"https:\\\/\\\/esthetiquenovani.com\\\/wp-content\\\/uploads\\\/2018\\\/01\\\/qui-sommes-nous.jpg\",\"width\":637,\"height\":425,\"caption\":\"Esth\u00e9tique Huguette Turcotte\"},\"image\":{\"@id\":\"https:\\\/\\\/esthetiquenovani.com\\\/#\\\/schema\\\/logo\\\/image\\\/\"},\"sameAs\":[\"https:\\\/\\\/www.facebook.com\\\/esthetiquehturcotte\"]}]}<\/script>\n<!-- \/ Yoast SEO plugin. -->","yoast_head_json":{"title":"Dr Renaud \u2013 Tol\u00e9rance+ - Masque ultra-r\u00e9confortant &#8902; Clinique d'Esth&eacute;tique Novani","robots":{"index":"index","follow":"follow","max-snippet":"max-snippet:-1","max-image-preview":"max-image-preview:large","max-video-preview":"max-video-preview:-1"},"canonical":"https:\/\/esthetiquenovani.com\/boutique\/gammes\/laboratoire-dr-renaud\/5-masques\/dr-renaud-tolerance-masque-ultra-reconfortant\/","og_locale":"en_US","og_type":"article","og_title":"Dr Renaud \u2013 Tol\u00e9rance+ - Masque ultra-r\u00e9confortant &#8902; Clinique d'Esth&eacute;tique Novani","og_description":"Le masque HydraCalm r\u00e9tablit l\u2019\u00e9quilibre hydrique, favoriser le retour au calme et augmenter la r\u00e9sistance de la peau. \u00a0 V\u00e9ritable \u00ab concentr\u00e9 \u00bb hydratant anti-stress:   Relance les m\u00e9canismes d\u2019hydratation  Apaise instantan\u00e9ment et durablement les \u00e9pidermes irrit\u00e9s, agress\u00e9s  R\u00e9tablit l\u2019\u00e9quilibre, le bien-\u00eatre et le confort des peaux en situation de stress  Renforce les m\u00e9canismes naturels de protection et de d\u00e9fense cutan\u00e9s  Diminuer la sensibilit\u00e9 et la r\u00e9activit\u00e9 de la peau  \u00a0 Conseils d\u2019utilisation: Une ou deux fois par semaine ou en cas de stress, apr\u00e8s un nettoyage minutieux de la peau, appliquer le Masque HydraCalm en couche moyenne sur le visage et le cou. Laisser reposer de 15 \u00e0 20 minutes. Puis faire p\u00e9n\u00e9trer l\u2019exc\u00e9dent ou le retirer avec un coton humide. Ne pas rincer. Appliquer ensuite au besoin la cr\u00e8me de jour ou de nuit recommand\u00e9e par votre esth\u00e9ticienne. \u00a0 60 g","og_url":"https:\/\/esthetiquenovani.com\/boutique\/gammes\/laboratoire-dr-renaud\/5-masques\/dr-renaud-tolerance-masque-ultra-reconfortant\/","og_site_name":"Clinique d'Esth&eacute;tique Novani","article_publisher":"https:\/\/www.facebook.com\/esthetiquehturcotte","article_modified_time":"2025-11-28T20:15:40+00:00","og_image":[{"width":225,"height":225,"url":"https:\/\/esthetiquenovani.com\/wp-content\/uploads\/2020\/03\/telechargement-1.jpeg","type":"image\/jpeg"}],"twitter_card":"summary_large_image","twitter_misc":{"Est. reading time":"1 minute"},"schema":{"@context":"https:\/\/schema.org","@graph":[{"@type":"WebPage","@id":"https:\/\/esthetiquenovani.com\/boutique\/gammes\/laboratoire-dr-renaud\/5-masques\/dr-renaud-tolerance-masque-ultra-reconfortant\/","url":"https:\/\/esthetiquenovani.com\/boutique\/gammes\/laboratoire-dr-renaud\/5-masques\/dr-renaud-tolerance-masque-ultra-reconfortant\/","name":"Dr Renaud \u2013 Tol\u00e9rance+ - Masque ultra-r\u00e9confortant &#8902; Clinique d'Esth&eacute;tique Novani","isPartOf":{"@id":"https:\/\/esthetiquenovani.com\/#website"},"primaryImageOfPage":{"@id":"https:\/\/esthetiquenovani.com\/boutique\/gammes\/laboratoire-dr-renaud\/5-masques\/dr-renaud-tolerance-masque-ultra-reconfortant\/#primaryimage"},"image":{"@id":"https:\/\/esthetiquenovani.com\/boutique\/gammes\/laboratoire-dr-renaud\/5-masques\/dr-renaud-tolerance-masque-ultra-reconfortant\/#primaryimage"},"thumbnailUrl":"https:\/\/esthetiquenovani.com\/wp-content\/uploads\/2020\/03\/telechargement-1.jpeg","datePublished":"2025-11-28T20:14:00+00:00","dateModified":"2025-11-28T20:15:40+00:00","breadcrumb":{"@id":"https:\/\/esthetiquenovani.com\/boutique\/gammes\/laboratoire-dr-renaud\/5-masques\/dr-renaud-tolerance-masque-ultra-reconfortant\/#breadcrumb"},"inLanguage":"en-US","potentialAction":[{"@type":"ReadAction","target":["https:\/\/esthetiquenovani.com\/boutique\/gammes\/laboratoire-dr-renaud\/5-masques\/dr-renaud-tolerance-masque-ultra-reconfortant\/"]}]},{"@type":"ImageObject","inLanguage":"en-US","@id":"https:\/\/esthetiquenovani.com\/boutique\/gammes\/laboratoire-dr-renaud\/5-masques\/dr-renaud-tolerance-masque-ultra-reconfortant\/#primaryimage","url":"https:\/\/esthetiquenovani.com\/wp-content\/uploads\/2020\/03\/telechargement-1.jpeg","contentUrl":"https:\/\/esthetiquenovani.com\/wp-content\/uploads\/2020\/03\/telechargement-1.jpeg","width":225,"height":225},{"@type":"BreadcrumbList","@id":"https:\/\/esthetiquenovani.com\/boutique\/gammes\/laboratoire-dr-renaud\/5-masques\/dr-renaud-tolerance-masque-ultra-reconfortant\/#breadcrumb","itemListElement":[{"@type":"ListItem","position":1,"name":"Accueil","item":"https:\/\/esthetiquenovani.com\/en\/"},{"@type":"ListItem","position":2,"name":"Boutique","item":"https:\/\/esthetiquenovani.com\/boutique\/"},{"@type":"ListItem","position":3,"name":"Dr Renaud \u2013 Tol\u00e9rance+ &#8211; Masque ultra-r\u00e9confortant"}]},{"@type":"WebSite","@id":"https:\/\/esthetiquenovani.com\/#website","url":"https:\/\/esthetiquenovani.com\/","name":"Clinique d'Esth&eacute;tique Novani","description":"Brossard, Longueil &amp; Chambly","publisher":{"@id":"https:\/\/esthetiquenovani.com\/#organization"},"potentialAction":[{"@type":"SearchAction","target":{"@type":"EntryPoint","urlTemplate":"https:\/\/esthetiquenovani.com\/?s={search_term_string}"},"query-input":{"@type":"PropertyValueSpecification","valueRequired":true,"valueName":"search_term_string"}}],"inLanguage":"en-US"},{"@type":"Organization","@id":"https:\/\/esthetiquenovani.com\/#organization","name":"Esth\u00e9tique Huguette Turcotte","url":"https:\/\/esthetiquenovani.com\/","logo":{"@type":"ImageObject","inLanguage":"en-US","@id":"https:\/\/esthetiquenovani.com\/#\/schema\/logo\/image\/","url":"https:\/\/esthetiquenovani.com\/wp-content\/uploads\/2018\/01\/qui-sommes-nous.jpg","contentUrl":"https:\/\/esthetiquenovani.com\/wp-content\/uploads\/2018\/01\/qui-sommes-nous.jpg","width":637,"height":425,"caption":"Esth\u00e9tique Huguette Turcotte"},"image":{"@id":"https:\/\/esthetiquenovani.com\/#\/schema\/logo\/image\/"},"sameAs":["https:\/\/www.facebook.com\/esthetiquehturcotte"]}]}},"_links":{"self":[{"href":"https:\/\/esthetiquenovani.com\/en\/wp-json\/wp\/v2\/product\/233978","targetHints":{"allow":["GET"]}}],"collection":[{"href":"https:\/\/esthetiquenovani.com\/en\/wp-json\/wp\/v2\/product"}],"about":[{"href":"https:\/\/esthetiquenovani.com\/en\/wp-json\/wp\/v2\/types\/product"}],"wp:featuredmedia":[{"embeddable":true,"href":"https:\/\/esthetiquenovani.com\/en\/wp-json\/wp\/v2\/media\/233971"}],"wp:attachment":[{"href":"https:\/\/esthetiquenovani.com\/en\/wp-json\/wp\/v2\/media?parent=233978"}],"wp:term":[{"taxonomy":"product_brand","embeddable":true,"href":"https:\/\/esthetiquenovani.com\/en\/wp-json\/wp\/v2\/product_brand?post=233978"},{"taxonomy":"product_cat","embeddable":true,"href":"https:\/\/esthetiquenovani.com\/en\/wp-json\/wp\/v2\/product_cat?post=233978"},{"taxonomy":"product_tag","embeddable":true,"href":"https:\/\/esthetiquenovani.com\/en\/wp-json\/wp\/v2\/product_tag?post=233978"}],"curies":[{"name":"wp","href":"https:\/\/api.w.org\/{rel}","templated":true}]}}