{"id":2813,"date":"2020-03-15T22:45:19","date_gmt":"2020-03-16T02:45:19","guid":{"rendered":"https:\/\/esthetiquenovani.com\/produit\/mousse-nettoyante-illuminatrice-jeunesse\/"},"modified":"2026-01-06T17:23:24","modified_gmt":"2026-01-06T22:23:24","slug":"mousse-nettoyante-illuminatrice-jeunesse","status":"publish","type":"product","link":"https:\/\/esthetiquenovani.com\/en\/boutique\/gammes\/esthederm-meilleures-cremes-anti-rides-estheticienne-longueuil\/nettoyants-et-demaquillants\/mousse-nettoyante-illuminatrice-jeunesse\/","title":{"rendered":"Esthederm &#8211; EstheWhite &#8211; Mousse nettoyante illuminatrice jeunesse"},"content":{"rendered":"<p>Alliance ultime entre \u00e9clat et sensorialit\u00e9, la ligne de soins ESTHE-WHITE apporte une r\u00e9ponse \u00e0 toutes les probl\u00e9matiques de perfection du teint. Un r\u00e9sultat haute pr\u00e9cision pour une peau lumineuse, un teint plus uniforme et une finesse de grain unique.<\/p>\n","protected":false},"excerpt":{"rendered":"<p>Mousse nettoyante visage qui r\u00e9duit l\u2019apparence des t\u00e2ches brunes et donne au teint un aspect r\u00e9g\u00e9n\u00e9r\u00e9 et uniforme. Le teint est visiblement plus clair, les propri\u00e9t\u00e9s exfoliantes et illuminatrices de la mousse laissent la peau douce, fra\u00eeche et illumin\u00e9e.<\/p>\n<div class=\"product__collapse \">\n<div id=\"benefits-dapplication\" class=\"product__collapse-panel\">\n<p>Conseils d&#8217;utilisation : Appliquer matin et\/ou soir sur la peau humide du visage et du cou, masser jusqu\u2019\u00e0 ce que la mousse se transforme en cr\u00e8me onctueuse. Laisser poser quelques instants puis rincer abondamment.<\/p>\n<p>150 ml<\/p>\n<\/div>\n<\/div>\n","protected":false},"featured_media":4936,"template":"","meta":{"_et_pb_use_builder":"","_et_pb_old_content":"","_et_gb_content_width":""},"product_brand":[],"product_cat":[96,50,45,53],"product_tag":[],"class_list":{"0":"post-2813","1":"product","2":"type-product","3":"status-publish","4":"has-post-thumbnail","6":"product_cat-nettoyants-et-demaquillants","7":"product_cat-esthederm-meilleures-cremes-anti-rides-estheticienne-longueuil","8":"product_cat-nettoyants-demaquillants-et-lotions","9":"product_cat-taches-pigmentaires-et-teint-terne","11":"first","12":"instock","13":"taxable","14":"shipping-taxable","15":"purchasable","16":"product-type-simple"},"yoast_head":"<!-- This site is optimized with the Yoast SEO plugin v27.4 - https:\/\/yoast.com\/product\/yoast-seo-wordpress\/ -->\n<title>Esthederm | achat en ligne | anti-tache\/ beau teint| Esth\u00e9ticienne Longueuil<\/title>\n<meta name=\"description\" content=\"Mousse nettoyante visage qui r\u00e9duit l\u2019apparence des t\u00e2ches brunes et donne au teint un aspect r\u00e9g\u00e9n\u00e9r\u00e9 et uniforme.\" \/>\n<meta name=\"robots\" content=\"index, follow, max-snippet:-1, max-image-preview:large, max-video-preview:-1\" \/>\n<link rel=\"canonical\" href=\"https:\/\/esthetiquenovani.com\/boutique\/gammes\/esthederm-meilleures-cremes-anti-rides-estheticienne-longueuil\/nettoyants-et-demaquillants\/mousse-nettoyante-illuminatrice-jeunesse\/\" \/>\n<meta property=\"og:locale\" content=\"en_US\" \/>\n<meta property=\"og:type\" content=\"article\" \/>\n<meta property=\"og:title\" content=\"Esthederm | achat en ligne | anti-tache\/ beau teint| Esth\u00e9ticienne Longueuil\" \/>\n<meta property=\"og:description\" content=\"Mousse nettoyante visage qui r\u00e9duit l\u2019apparence des t\u00e2ches brunes et donne au teint un aspect r\u00e9g\u00e9n\u00e9r\u00e9 et uniforme.\" \/>\n<meta property=\"og:url\" content=\"https:\/\/esthetiquenovani.com\/boutique\/gammes\/esthederm-meilleures-cremes-anti-rides-estheticienne-longueuil\/nettoyants-et-demaquillants\/mousse-nettoyante-illuminatrice-jeunesse\/\" \/>\n<meta property=\"og:site_name\" content=\"Clinique d&#039;Esth&eacute;tique Novani\" \/>\n<meta property=\"article:publisher\" content=\"https:\/\/www.facebook.com\/esthetiquehturcotte\" \/>\n<meta property=\"article:modified_time\" content=\"2026-01-06T22:23:24+00:00\" \/>\n<meta property=\"og:image\" content=\"https:\/\/esthetiquenovani.com\/wp-content\/uploads\/2020\/06\/esthewhite_mousse-1080x1080-1.jpg\" \/>\n\t<meta property=\"og:image:width\" content=\"1080\" \/>\n\t<meta property=\"og:image:height\" content=\"1080\" \/>\n\t<meta property=\"og:image:type\" content=\"image\/jpeg\" \/>\n<meta name=\"twitter:card\" content=\"summary_large_image\" \/>\n<meta name=\"twitter:label1\" content=\"Est. reading time\" \/>\n\t<meta name=\"twitter:data1\" content=\"1 minute\" \/>\n<script type=\"application\/ld+json\" class=\"yoast-schema-graph\">{\"@context\":\"https:\\\/\\\/schema.org\",\"@graph\":[{\"@type\":\"WebPage\",\"@id\":\"https:\\\/\\\/esthetiquenovani.com\\\/boutique\\\/gammes\\\/esthederm-meilleures-cremes-anti-rides-estheticienne-longueuil\\\/nettoyants-et-demaquillants\\\/mousse-nettoyante-illuminatrice-jeunesse\\\/\",\"url\":\"https:\\\/\\\/esthetiquenovani.com\\\/boutique\\\/gammes\\\/esthederm-meilleures-cremes-anti-rides-estheticienne-longueuil\\\/nettoyants-et-demaquillants\\\/mousse-nettoyante-illuminatrice-jeunesse\\\/\",\"name\":\"Esthederm | achat en ligne | anti-tache\\\/ beau teint| Esth\u00e9ticienne Longueuil\",\"isPartOf\":{\"@id\":\"https:\\\/\\\/esthetiquenovani.com\\\/#website\"},\"primaryImageOfPage\":{\"@id\":\"https:\\\/\\\/esthetiquenovani.com\\\/boutique\\\/gammes\\\/esthederm-meilleures-cremes-anti-rides-estheticienne-longueuil\\\/nettoyants-et-demaquillants\\\/mousse-nettoyante-illuminatrice-jeunesse\\\/#primaryimage\"},\"image\":{\"@id\":\"https:\\\/\\\/esthetiquenovani.com\\\/boutique\\\/gammes\\\/esthederm-meilleures-cremes-anti-rides-estheticienne-longueuil\\\/nettoyants-et-demaquillants\\\/mousse-nettoyante-illuminatrice-jeunesse\\\/#primaryimage\"},\"thumbnailUrl\":\"https:\\\/\\\/esthetiquenovani.com\\\/wp-content\\\/uploads\\\/2020\\\/06\\\/esthewhite_mousse-1080x1080-1.jpg\",\"datePublished\":\"2020-03-16T02:45:19+00:00\",\"dateModified\":\"2026-01-06T22:23:24+00:00\",\"description\":\"Mousse nettoyante visage qui r\u00e9duit l\u2019apparence des t\u00e2ches brunes et donne au teint un aspect r\u00e9g\u00e9n\u00e9r\u00e9 et uniforme.\",\"breadcrumb\":{\"@id\":\"https:\\\/\\\/esthetiquenovani.com\\\/boutique\\\/gammes\\\/esthederm-meilleures-cremes-anti-rides-estheticienne-longueuil\\\/nettoyants-et-demaquillants\\\/mousse-nettoyante-illuminatrice-jeunesse\\\/#breadcrumb\"},\"inLanguage\":\"en-US\",\"potentialAction\":[{\"@type\":\"ReadAction\",\"target\":[\"https:\\\/\\\/esthetiquenovani.com\\\/boutique\\\/gammes\\\/esthederm-meilleures-cremes-anti-rides-estheticienne-longueuil\\\/nettoyants-et-demaquillants\\\/mousse-nettoyante-illuminatrice-jeunesse\\\/\"]}]},{\"@type\":\"ImageObject\",\"inLanguage\":\"en-US\",\"@id\":\"https:\\\/\\\/esthetiquenovani.com\\\/boutique\\\/gammes\\\/esthederm-meilleures-cremes-anti-rides-estheticienne-longueuil\\\/nettoyants-et-demaquillants\\\/mousse-nettoyante-illuminatrice-jeunesse\\\/#primaryimage\",\"url\":\"https:\\\/\\\/esthetiquenovani.com\\\/wp-content\\\/uploads\\\/2020\\\/06\\\/esthewhite_mousse-1080x1080-1.jpg\",\"contentUrl\":\"https:\\\/\\\/esthetiquenovani.com\\\/wp-content\\\/uploads\\\/2020\\\/06\\\/esthewhite_mousse-1080x1080-1.jpg\",\"width\":1080,\"height\":1080,\"caption\":\"Esthederm - EstheWhite - Mousse nettoyante illuminatrice jeunesse\"},{\"@type\":\"BreadcrumbList\",\"@id\":\"https:\\\/\\\/esthetiquenovani.com\\\/boutique\\\/gammes\\\/esthederm-meilleures-cremes-anti-rides-estheticienne-longueuil\\\/nettoyants-et-demaquillants\\\/mousse-nettoyante-illuminatrice-jeunesse\\\/#breadcrumb\",\"itemListElement\":[{\"@type\":\"ListItem\",\"position\":1,\"name\":\"Accueil\",\"item\":\"https:\\\/\\\/esthetiquenovani.com\\\/en\\\/\"},{\"@type\":\"ListItem\",\"position\":2,\"name\":\"Boutique\",\"item\":\"https:\\\/\\\/esthetiquenovani.com\\\/boutique\\\/\"},{\"@type\":\"ListItem\",\"position\":3,\"name\":\"Esthederm &#8211; EstheWhite &#8211; Mousse nettoyante illuminatrice jeunesse\"}]},{\"@type\":\"WebSite\",\"@id\":\"https:\\\/\\\/esthetiquenovani.com\\\/#website\",\"url\":\"https:\\\/\\\/esthetiquenovani.com\\\/\",\"name\":\"Clinique d'Esth&eacute;tique Novani\",\"description\":\"Brossard, Longueil &amp; Chambly\",\"publisher\":{\"@id\":\"https:\\\/\\\/esthetiquenovani.com\\\/#organization\"},\"potentialAction\":[{\"@type\":\"SearchAction\",\"target\":{\"@type\":\"EntryPoint\",\"urlTemplate\":\"https:\\\/\\\/esthetiquenovani.com\\\/?s={search_term_string}\"},\"query-input\":{\"@type\":\"PropertyValueSpecification\",\"valueRequired\":true,\"valueName\":\"search_term_string\"}}],\"inLanguage\":\"en-US\"},{\"@type\":\"Organization\",\"@id\":\"https:\\\/\\\/esthetiquenovani.com\\\/#organization\",\"name\":\"Esth\u00e9tique Huguette Turcotte\",\"url\":\"https:\\\/\\\/esthetiquenovani.com\\\/\",\"logo\":{\"@type\":\"ImageObject\",\"inLanguage\":\"en-US\",\"@id\":\"https:\\\/\\\/esthetiquenovani.com\\\/#\\\/schema\\\/logo\\\/image\\\/\",\"url\":\"https:\\\/\\\/esthetiquenovani.com\\\/wp-content\\\/uploads\\\/2018\\\/01\\\/qui-sommes-nous.jpg\",\"contentUrl\":\"https:\\\/\\\/esthetiquenovani.com\\\/wp-content\\\/uploads\\\/2018\\\/01\\\/qui-sommes-nous.jpg\",\"width\":637,\"height\":425,\"caption\":\"Esth\u00e9tique Huguette Turcotte\"},\"image\":{\"@id\":\"https:\\\/\\\/esthetiquenovani.com\\\/#\\\/schema\\\/logo\\\/image\\\/\"},\"sameAs\":[\"https:\\\/\\\/www.facebook.com\\\/esthetiquehturcotte\"]}]}<\/script>\n<!-- \/ Yoast SEO plugin. -->","yoast_head_json":{"title":"Esthederm | achat en ligne | anti-tache\/ beau teint| Esth\u00e9ticienne Longueuil","description":"Mousse nettoyante visage qui r\u00e9duit l\u2019apparence des t\u00e2ches brunes et donne au teint un aspect r\u00e9g\u00e9n\u00e9r\u00e9 et uniforme.","robots":{"index":"index","follow":"follow","max-snippet":"max-snippet:-1","max-image-preview":"max-image-preview:large","max-video-preview":"max-video-preview:-1"},"canonical":"https:\/\/esthetiquenovani.com\/boutique\/gammes\/esthederm-meilleures-cremes-anti-rides-estheticienne-longueuil\/nettoyants-et-demaquillants\/mousse-nettoyante-illuminatrice-jeunesse\/","og_locale":"en_US","og_type":"article","og_title":"Esthederm | achat en ligne | anti-tache\/ beau teint| Esth\u00e9ticienne Longueuil","og_description":"Mousse nettoyante visage qui r\u00e9duit l\u2019apparence des t\u00e2ches brunes et donne au teint un aspect r\u00e9g\u00e9n\u00e9r\u00e9 et uniforme.","og_url":"https:\/\/esthetiquenovani.com\/boutique\/gammes\/esthederm-meilleures-cremes-anti-rides-estheticienne-longueuil\/nettoyants-et-demaquillants\/mousse-nettoyante-illuminatrice-jeunesse\/","og_site_name":"Clinique d'Esth&eacute;tique Novani","article_publisher":"https:\/\/www.facebook.com\/esthetiquehturcotte","article_modified_time":"2026-01-06T22:23:24+00:00","og_image":[{"width":1080,"height":1080,"url":"https:\/\/esthetiquenovani.com\/wp-content\/uploads\/2020\/06\/esthewhite_mousse-1080x1080-1.jpg","type":"image\/jpeg"}],"twitter_card":"summary_large_image","twitter_misc":{"Est. reading time":"1 minute"},"schema":{"@context":"https:\/\/schema.org","@graph":[{"@type":"WebPage","@id":"https:\/\/esthetiquenovani.com\/boutique\/gammes\/esthederm-meilleures-cremes-anti-rides-estheticienne-longueuil\/nettoyants-et-demaquillants\/mousse-nettoyante-illuminatrice-jeunesse\/","url":"https:\/\/esthetiquenovani.com\/boutique\/gammes\/esthederm-meilleures-cremes-anti-rides-estheticienne-longueuil\/nettoyants-et-demaquillants\/mousse-nettoyante-illuminatrice-jeunesse\/","name":"Esthederm | achat en ligne | anti-tache\/ beau teint| Esth\u00e9ticienne Longueuil","isPartOf":{"@id":"https:\/\/esthetiquenovani.com\/#website"},"primaryImageOfPage":{"@id":"https:\/\/esthetiquenovani.com\/boutique\/gammes\/esthederm-meilleures-cremes-anti-rides-estheticienne-longueuil\/nettoyants-et-demaquillants\/mousse-nettoyante-illuminatrice-jeunesse\/#primaryimage"},"image":{"@id":"https:\/\/esthetiquenovani.com\/boutique\/gammes\/esthederm-meilleures-cremes-anti-rides-estheticienne-longueuil\/nettoyants-et-demaquillants\/mousse-nettoyante-illuminatrice-jeunesse\/#primaryimage"},"thumbnailUrl":"https:\/\/esthetiquenovani.com\/wp-content\/uploads\/2020\/06\/esthewhite_mousse-1080x1080-1.jpg","datePublished":"2020-03-16T02:45:19+00:00","dateModified":"2026-01-06T22:23:24+00:00","description":"Mousse nettoyante visage qui r\u00e9duit l\u2019apparence des t\u00e2ches brunes et donne au teint un aspect r\u00e9g\u00e9n\u00e9r\u00e9 et uniforme.","breadcrumb":{"@id":"https:\/\/esthetiquenovani.com\/boutique\/gammes\/esthederm-meilleures-cremes-anti-rides-estheticienne-longueuil\/nettoyants-et-demaquillants\/mousse-nettoyante-illuminatrice-jeunesse\/#breadcrumb"},"inLanguage":"en-US","potentialAction":[{"@type":"ReadAction","target":["https:\/\/esthetiquenovani.com\/boutique\/gammes\/esthederm-meilleures-cremes-anti-rides-estheticienne-longueuil\/nettoyants-et-demaquillants\/mousse-nettoyante-illuminatrice-jeunesse\/"]}]},{"@type":"ImageObject","inLanguage":"en-US","@id":"https:\/\/esthetiquenovani.com\/boutique\/gammes\/esthederm-meilleures-cremes-anti-rides-estheticienne-longueuil\/nettoyants-et-demaquillants\/mousse-nettoyante-illuminatrice-jeunesse\/#primaryimage","url":"https:\/\/esthetiquenovani.com\/wp-content\/uploads\/2020\/06\/esthewhite_mousse-1080x1080-1.jpg","contentUrl":"https:\/\/esthetiquenovani.com\/wp-content\/uploads\/2020\/06\/esthewhite_mousse-1080x1080-1.jpg","width":1080,"height":1080,"caption":"Esthederm - EstheWhite - Mousse nettoyante illuminatrice jeunesse"},{"@type":"BreadcrumbList","@id":"https:\/\/esthetiquenovani.com\/boutique\/gammes\/esthederm-meilleures-cremes-anti-rides-estheticienne-longueuil\/nettoyants-et-demaquillants\/mousse-nettoyante-illuminatrice-jeunesse\/#breadcrumb","itemListElement":[{"@type":"ListItem","position":1,"name":"Accueil","item":"https:\/\/esthetiquenovani.com\/en\/"},{"@type":"ListItem","position":2,"name":"Boutique","item":"https:\/\/esthetiquenovani.com\/boutique\/"},{"@type":"ListItem","position":3,"name":"Esthederm &#8211; EstheWhite &#8211; Mousse nettoyante illuminatrice jeunesse"}]},{"@type":"WebSite","@id":"https:\/\/esthetiquenovani.com\/#website","url":"https:\/\/esthetiquenovani.com\/","name":"Clinique d'Esth&eacute;tique Novani","description":"Brossard, Longueil &amp; Chambly","publisher":{"@id":"https:\/\/esthetiquenovani.com\/#organization"},"potentialAction":[{"@type":"SearchAction","target":{"@type":"EntryPoint","urlTemplate":"https:\/\/esthetiquenovani.com\/?s={search_term_string}"},"query-input":{"@type":"PropertyValueSpecification","valueRequired":true,"valueName":"search_term_string"}}],"inLanguage":"en-US"},{"@type":"Organization","@id":"https:\/\/esthetiquenovani.com\/#organization","name":"Esth\u00e9tique Huguette Turcotte","url":"https:\/\/esthetiquenovani.com\/","logo":{"@type":"ImageObject","inLanguage":"en-US","@id":"https:\/\/esthetiquenovani.com\/#\/schema\/logo\/image\/","url":"https:\/\/esthetiquenovani.com\/wp-content\/uploads\/2018\/01\/qui-sommes-nous.jpg","contentUrl":"https:\/\/esthetiquenovani.com\/wp-content\/uploads\/2018\/01\/qui-sommes-nous.jpg","width":637,"height":425,"caption":"Esth\u00e9tique Huguette Turcotte"},"image":{"@id":"https:\/\/esthetiquenovani.com\/#\/schema\/logo\/image\/"},"sameAs":["https:\/\/www.facebook.com\/esthetiquehturcotte"]}]}},"_links":{"self":[{"href":"https:\/\/esthetiquenovani.com\/en\/wp-json\/wp\/v2\/product\/2813","targetHints":{"allow":["GET"]}}],"collection":[{"href":"https:\/\/esthetiquenovani.com\/en\/wp-json\/wp\/v2\/product"}],"about":[{"href":"https:\/\/esthetiquenovani.com\/en\/wp-json\/wp\/v2\/types\/product"}],"wp:featuredmedia":[{"embeddable":true,"href":"https:\/\/esthetiquenovani.com\/en\/wp-json\/wp\/v2\/media\/4936"}],"wp:attachment":[{"href":"https:\/\/esthetiquenovani.com\/en\/wp-json\/wp\/v2\/media?parent=2813"}],"wp:term":[{"taxonomy":"product_brand","embeddable":true,"href":"https:\/\/esthetiquenovani.com\/en\/wp-json\/wp\/v2\/product_brand?post=2813"},{"taxonomy":"product_cat","embeddable":true,"href":"https:\/\/esthetiquenovani.com\/en\/wp-json\/wp\/v2\/product_cat?post=2813"},{"taxonomy":"product_tag","embeddable":true,"href":"https:\/\/esthetiquenovani.com\/en\/wp-json\/wp\/v2\/product_tag?post=2813"}],"curies":[{"name":"wp","href":"https:\/\/api.w.org\/{rel}","templated":true}]}}