{"id":2820,"date":"2020-03-15T23:01:36","date_gmt":"2020-03-16T03:01:36","guid":{"rendered":"https:\/\/esthetiquenovani.com\/produit\/intensif-lotion-propolis\/"},"modified":"2026-01-06T17:26:15","modified_gmt":"2026-01-06T22:26:15","slug":"esthederm-intensive-lotion-propolis","status":"publish","type":"product","link":"https:\/\/esthetiquenovani.com\/en\/boutique\/gammes\/esthederm-meilleures-cremes-anti-rides-estheticienne-longueuil\/2-lotions-et-toniques\/esthederm-intensive-lotion-propolis\/","title":{"rendered":"Esthederm &#8211; Intensive Propolis+ Zinc &#8211; LOTION -S\u00e9rum"},"content":{"rendered":"","protected":false},"excerpt":{"rendered":"<p>Cette lotion-s\u00e9rum aide \u00e0 diminuer l\u2019apparence des marques r\u00e9siduelles li\u00e9es aux irr\u00e9gularit\u00e9s, matifie la peau et resserre visiblement les pores.<\/p>\n<p class=\"h5\">BIENFAITS<\/p>\n<div id=\"benefits\" class=\"product__collapse-panel\">\n<p>La propolis est reconnue pour ses propri\u00e9t\u00e9s purifiantes et apaisantes. Intensive Propolis+ Zinc Lotion-S\u00e9rum apaise et aide \u00e0 diminuer les sensations d\u2019inconfort li\u00e9es aux irr\u00e9gularit\u00e9s. Pour retrouver un teint lumineux et homog\u00e8ne, cette Lotion-S\u00e9rum r\u00e9duit l\u2019apparence des marques r\u00e9siduelles li\u00e9es aux irr\u00e9gularit\u00e9s. Gr\u00e2ce \u00e0 son ingr\u00e9dient zinc gluconate, sa texture fra\u00eeche et l\u00e9g\u00e8re matifie et affine le grain de peau en diminuant les zones de brillances et visiblement resserrant les pores.<\/p>\n<p class=\"h5\">CONSEILS D&#8217;APPLICATION<\/p>\n<div id=\"benefitsd'application\" class=\"product__collapse-panel\">\n<p>Appliquer matin et soir \u00e0 l\u2019aide d\u2019un coton sur la peau propre et s\u00e8che du visage et du cou. Eviter le contour des yeux. Destin\u00e9 aux adultes. La collection INTENSIVE s\u2019utilise en alternance avec les soins habituels ou en compl\u00e9ment d\u2019actes esth\u00e9tiques.<\/p>\n<\/div>\n<\/div>\n","protected":false},"featured_media":6956,"template":"","meta":{"_et_pb_use_builder":"","_et_pb_old_content":"","_et_gb_content_width":""},"product_brand":[],"product_cat":[102,63,57,103,50,45,52,59],"product_tag":[],"class_list":{"0":"post-2820","1":"product","2":"type-product","3":"status-publish","4":"has-post-thumbnail","6":"product_cat-2-lotions-et-toniques","7":"product_cat-acne","8":"product_cat-collection-intensive-esthederm","9":"product_cat-collection-molecules-intensives","10":"product_cat-esthederm-meilleures-cremes-anti-rides-estheticienne-longueuil","11":"product_cat-nettoyants-demaquillants-et-lotions","12":"product_cat-peau-grasse-et-pores-dilates","13":"product_cat-serums","15":"first","16":"instock","17":"taxable","18":"shipping-taxable","19":"purchasable","20":"product-type-simple"},"yoast_head":"<!-- This site is optimized with the Yoast SEO plugin v27.5 - https:\/\/yoast.com\/product\/yoast-seo-wordpress\/ -->\n<title>Lotion Propolis - Excellent apr\u00e8s-rasage pour appaiser et purifier la peau<\/title>\n<meta name=\"description\" content=\"Aide \u00e0 diminuer l\u2019apparence des marques r\u00e9siduelles li\u00e9es aux irr\u00e9gularit\u00e9s, matifie la peau et resserre visiblement les pores.\" \/>\n<meta name=\"robots\" content=\"index, follow, max-snippet:-1, max-image-preview:large, max-video-preview:-1\" \/>\n<link rel=\"canonical\" href=\"https:\/\/esthetiquenovani.com\/boutique\/gammes\/esthederm-meilleures-cremes-anti-rides-estheticienne-longueuil\/2-lotions-et-toniques\/esthederm-intensive-lotion-propolis\/\" \/>\n<meta property=\"og:locale\" content=\"en_US\" \/>\n<meta property=\"og:type\" content=\"article\" \/>\n<meta property=\"og:title\" content=\"Lotion Propolis - Excellent apr\u00e8s-rasage pour appaiser et purifier la peau\" \/>\n<meta property=\"og:description\" content=\"Aide \u00e0 diminuer l\u2019apparence des marques r\u00e9siduelles li\u00e9es aux irr\u00e9gularit\u00e9s, matifie la peau et resserre visiblement les pores.\" \/>\n<meta property=\"og:url\" content=\"https:\/\/esthetiquenovani.com\/boutique\/gammes\/esthederm-meilleures-cremes-anti-rides-estheticienne-longueuil\/2-lotions-et-toniques\/esthederm-intensive-lotion-propolis\/\" \/>\n<meta property=\"og:site_name\" content=\"Clinique d&#039;Esth&eacute;tique Novani\" \/>\n<meta property=\"article:publisher\" content=\"https:\/\/www.facebook.com\/esthetiquehturcotte\" \/>\n<meta property=\"article:modified_time\" content=\"2026-01-06T22:26:15+00:00\" \/>\n<meta property=\"og:image\" content=\"https:\/\/esthetiquenovani.com\/wp-content\/uploads\/2020\/03\/v621202-intensive-propolis-serum-lotion-web-1080x1080-ombre.png\" \/>\n\t<meta property=\"og:image:width\" content=\"4501\" \/>\n\t<meta property=\"og:image:height\" content=\"4501\" \/>\n\t<meta property=\"og:image:type\" content=\"image\/png\" \/>\n<meta name=\"twitter:card\" content=\"summary_large_image\" \/>\n<script type=\"application\/ld+json\" class=\"yoast-schema-graph\">{\"@context\":\"https:\\\/\\\/schema.org\",\"@graph\":[{\"@type\":\"WebPage\",\"@id\":\"https:\\\/\\\/esthetiquenovani.com\\\/boutique\\\/gammes\\\/esthederm-meilleures-cremes-anti-rides-estheticienne-longueuil\\\/2-lotions-et-toniques\\\/esthederm-intensive-lotion-propolis\\\/\",\"url\":\"https:\\\/\\\/esthetiquenovani.com\\\/boutique\\\/gammes\\\/esthederm-meilleures-cremes-anti-rides-estheticienne-longueuil\\\/2-lotions-et-toniques\\\/esthederm-intensive-lotion-propolis\\\/\",\"name\":\"Lotion Propolis - Excellent apr\u00e8s-rasage pour appaiser et purifier la peau\",\"isPartOf\":{\"@id\":\"https:\\\/\\\/esthetiquenovani.com\\\/#website\"},\"primaryImageOfPage\":{\"@id\":\"https:\\\/\\\/esthetiquenovani.com\\\/boutique\\\/gammes\\\/esthederm-meilleures-cremes-anti-rides-estheticienne-longueuil\\\/2-lotions-et-toniques\\\/esthederm-intensive-lotion-propolis\\\/#primaryimage\"},\"image\":{\"@id\":\"https:\\\/\\\/esthetiquenovani.com\\\/boutique\\\/gammes\\\/esthederm-meilleures-cremes-anti-rides-estheticienne-longueuil\\\/2-lotions-et-toniques\\\/esthederm-intensive-lotion-propolis\\\/#primaryimage\"},\"thumbnailUrl\":\"https:\\\/\\\/esthetiquenovani.com\\\/wp-content\\\/uploads\\\/2020\\\/03\\\/v621202-intensive-propolis-serum-lotion-web-1080x1080-ombre.png\",\"datePublished\":\"2020-03-16T03:01:36+00:00\",\"dateModified\":\"2026-01-06T22:26:15+00:00\",\"description\":\"Aide \u00e0 diminuer l\u2019apparence des marques r\u00e9siduelles li\u00e9es aux irr\u00e9gularit\u00e9s, matifie la peau et resserre visiblement les pores.\",\"breadcrumb\":{\"@id\":\"https:\\\/\\\/esthetiquenovani.com\\\/boutique\\\/gammes\\\/esthederm-meilleures-cremes-anti-rides-estheticienne-longueuil\\\/2-lotions-et-toniques\\\/esthederm-intensive-lotion-propolis\\\/#breadcrumb\"},\"inLanguage\":\"en-US\",\"potentialAction\":[{\"@type\":\"ReadAction\",\"target\":[\"https:\\\/\\\/esthetiquenovani.com\\\/boutique\\\/gammes\\\/esthederm-meilleures-cremes-anti-rides-estheticienne-longueuil\\\/2-lotions-et-toniques\\\/esthederm-intensive-lotion-propolis\\\/\"]}]},{\"@type\":\"ImageObject\",\"inLanguage\":\"en-US\",\"@id\":\"https:\\\/\\\/esthetiquenovani.com\\\/boutique\\\/gammes\\\/esthederm-meilleures-cremes-anti-rides-estheticienne-longueuil\\\/2-lotions-et-toniques\\\/esthederm-intensive-lotion-propolis\\\/#primaryimage\",\"url\":\"https:\\\/\\\/esthetiquenovani.com\\\/wp-content\\\/uploads\\\/2020\\\/03\\\/v621202-intensive-propolis-serum-lotion-web-1080x1080-ombre.png\",\"contentUrl\":\"https:\\\/\\\/esthetiquenovani.com\\\/wp-content\\\/uploads\\\/2020\\\/03\\\/v621202-intensive-propolis-serum-lotion-web-1080x1080-ombre.png\",\"width\":4501,\"height\":4501,\"caption\":\"Promotion Boutique en ligne esth\u00e9tique soins visage et corps Longueuil\"},{\"@type\":\"BreadcrumbList\",\"@id\":\"https:\\\/\\\/esthetiquenovani.com\\\/boutique\\\/gammes\\\/esthederm-meilleures-cremes-anti-rides-estheticienne-longueuil\\\/2-lotions-et-toniques\\\/esthederm-intensive-lotion-propolis\\\/#breadcrumb\",\"itemListElement\":[{\"@type\":\"ListItem\",\"position\":1,\"name\":\"Accueil\",\"item\":\"https:\\\/\\\/esthetiquenovani.com\\\/en\\\/\"},{\"@type\":\"ListItem\",\"position\":2,\"name\":\"Boutique\",\"item\":\"https:\\\/\\\/esthetiquenovani.com\\\/boutique\\\/\"},{\"@type\":\"ListItem\",\"position\":3,\"name\":\"Esthederm &#8211; Intensive Propolis+ Zinc &#8211; LOTION -S\u00e9rum\"}]},{\"@type\":\"WebSite\",\"@id\":\"https:\\\/\\\/esthetiquenovani.com\\\/#website\",\"url\":\"https:\\\/\\\/esthetiquenovani.com\\\/\",\"name\":\"Clinique d'Esth&eacute;tique Novani\",\"description\":\"Brossard, Longueil &amp; Chambly\",\"publisher\":{\"@id\":\"https:\\\/\\\/esthetiquenovani.com\\\/#organization\"},\"potentialAction\":[{\"@type\":\"SearchAction\",\"target\":{\"@type\":\"EntryPoint\",\"urlTemplate\":\"https:\\\/\\\/esthetiquenovani.com\\\/?s={search_term_string}\"},\"query-input\":{\"@type\":\"PropertyValueSpecification\",\"valueRequired\":true,\"valueName\":\"search_term_string\"}}],\"inLanguage\":\"en-US\"},{\"@type\":\"Organization\",\"@id\":\"https:\\\/\\\/esthetiquenovani.com\\\/#organization\",\"name\":\"Esth\u00e9tique Huguette Turcotte\",\"url\":\"https:\\\/\\\/esthetiquenovani.com\\\/\",\"logo\":{\"@type\":\"ImageObject\",\"inLanguage\":\"en-US\",\"@id\":\"https:\\\/\\\/esthetiquenovani.com\\\/#\\\/schema\\\/logo\\\/image\\\/\",\"url\":\"https:\\\/\\\/esthetiquenovani.com\\\/wp-content\\\/uploads\\\/2018\\\/01\\\/qui-sommes-nous.jpg\",\"contentUrl\":\"https:\\\/\\\/esthetiquenovani.com\\\/wp-content\\\/uploads\\\/2018\\\/01\\\/qui-sommes-nous.jpg\",\"width\":637,\"height\":425,\"caption\":\"Esth\u00e9tique Huguette Turcotte\"},\"image\":{\"@id\":\"https:\\\/\\\/esthetiquenovani.com\\\/#\\\/schema\\\/logo\\\/image\\\/\"},\"sameAs\":[\"https:\\\/\\\/www.facebook.com\\\/esthetiquehturcotte\"]}]}<\/script>\n<!-- \/ Yoast SEO plugin. -->","yoast_head_json":{"title":"Lotion Propolis - Excellent apr\u00e8s-rasage pour appaiser et purifier la peau","description":"Aide \u00e0 diminuer l\u2019apparence des marques r\u00e9siduelles li\u00e9es aux irr\u00e9gularit\u00e9s, matifie la peau et resserre visiblement les pores.","robots":{"index":"index","follow":"follow","max-snippet":"max-snippet:-1","max-image-preview":"max-image-preview:large","max-video-preview":"max-video-preview:-1"},"canonical":"https:\/\/esthetiquenovani.com\/boutique\/gammes\/esthederm-meilleures-cremes-anti-rides-estheticienne-longueuil\/2-lotions-et-toniques\/esthederm-intensive-lotion-propolis\/","og_locale":"en_US","og_type":"article","og_title":"Lotion Propolis - Excellent apr\u00e8s-rasage pour appaiser et purifier la peau","og_description":"Aide \u00e0 diminuer l\u2019apparence des marques r\u00e9siduelles li\u00e9es aux irr\u00e9gularit\u00e9s, matifie la peau et resserre visiblement les pores.","og_url":"https:\/\/esthetiquenovani.com\/boutique\/gammes\/esthederm-meilleures-cremes-anti-rides-estheticienne-longueuil\/2-lotions-et-toniques\/esthederm-intensive-lotion-propolis\/","og_site_name":"Clinique d'Esth&eacute;tique Novani","article_publisher":"https:\/\/www.facebook.com\/esthetiquehturcotte","article_modified_time":"2026-01-06T22:26:15+00:00","og_image":[{"width":4501,"height":4501,"url":"https:\/\/esthetiquenovani.com\/wp-content\/uploads\/2020\/03\/v621202-intensive-propolis-serum-lotion-web-1080x1080-ombre.png","type":"image\/png"}],"twitter_card":"summary_large_image","schema":{"@context":"https:\/\/schema.org","@graph":[{"@type":"WebPage","@id":"https:\/\/esthetiquenovani.com\/boutique\/gammes\/esthederm-meilleures-cremes-anti-rides-estheticienne-longueuil\/2-lotions-et-toniques\/esthederm-intensive-lotion-propolis\/","url":"https:\/\/esthetiquenovani.com\/boutique\/gammes\/esthederm-meilleures-cremes-anti-rides-estheticienne-longueuil\/2-lotions-et-toniques\/esthederm-intensive-lotion-propolis\/","name":"Lotion Propolis - Excellent apr\u00e8s-rasage pour appaiser et purifier la peau","isPartOf":{"@id":"https:\/\/esthetiquenovani.com\/#website"},"primaryImageOfPage":{"@id":"https:\/\/esthetiquenovani.com\/boutique\/gammes\/esthederm-meilleures-cremes-anti-rides-estheticienne-longueuil\/2-lotions-et-toniques\/esthederm-intensive-lotion-propolis\/#primaryimage"},"image":{"@id":"https:\/\/esthetiquenovani.com\/boutique\/gammes\/esthederm-meilleures-cremes-anti-rides-estheticienne-longueuil\/2-lotions-et-toniques\/esthederm-intensive-lotion-propolis\/#primaryimage"},"thumbnailUrl":"https:\/\/esthetiquenovani.com\/wp-content\/uploads\/2020\/03\/v621202-intensive-propolis-serum-lotion-web-1080x1080-ombre.png","datePublished":"2020-03-16T03:01:36+00:00","dateModified":"2026-01-06T22:26:15+00:00","description":"Aide \u00e0 diminuer l\u2019apparence des marques r\u00e9siduelles li\u00e9es aux irr\u00e9gularit\u00e9s, matifie la peau et resserre visiblement les pores.","breadcrumb":{"@id":"https:\/\/esthetiquenovani.com\/boutique\/gammes\/esthederm-meilleures-cremes-anti-rides-estheticienne-longueuil\/2-lotions-et-toniques\/esthederm-intensive-lotion-propolis\/#breadcrumb"},"inLanguage":"en-US","potentialAction":[{"@type":"ReadAction","target":["https:\/\/esthetiquenovani.com\/boutique\/gammes\/esthederm-meilleures-cremes-anti-rides-estheticienne-longueuil\/2-lotions-et-toniques\/esthederm-intensive-lotion-propolis\/"]}]},{"@type":"ImageObject","inLanguage":"en-US","@id":"https:\/\/esthetiquenovani.com\/boutique\/gammes\/esthederm-meilleures-cremes-anti-rides-estheticienne-longueuil\/2-lotions-et-toniques\/esthederm-intensive-lotion-propolis\/#primaryimage","url":"https:\/\/esthetiquenovani.com\/wp-content\/uploads\/2020\/03\/v621202-intensive-propolis-serum-lotion-web-1080x1080-ombre.png","contentUrl":"https:\/\/esthetiquenovani.com\/wp-content\/uploads\/2020\/03\/v621202-intensive-propolis-serum-lotion-web-1080x1080-ombre.png","width":4501,"height":4501,"caption":"Promotion Boutique en ligne esth\u00e9tique soins visage et corps Longueuil"},{"@type":"BreadcrumbList","@id":"https:\/\/esthetiquenovani.com\/boutique\/gammes\/esthederm-meilleures-cremes-anti-rides-estheticienne-longueuil\/2-lotions-et-toniques\/esthederm-intensive-lotion-propolis\/#breadcrumb","itemListElement":[{"@type":"ListItem","position":1,"name":"Accueil","item":"https:\/\/esthetiquenovani.com\/en\/"},{"@type":"ListItem","position":2,"name":"Boutique","item":"https:\/\/esthetiquenovani.com\/boutique\/"},{"@type":"ListItem","position":3,"name":"Esthederm &#8211; Intensive Propolis+ Zinc &#8211; LOTION -S\u00e9rum"}]},{"@type":"WebSite","@id":"https:\/\/esthetiquenovani.com\/#website","url":"https:\/\/esthetiquenovani.com\/","name":"Clinique d'Esth&eacute;tique Novani","description":"Brossard, Longueil &amp; Chambly","publisher":{"@id":"https:\/\/esthetiquenovani.com\/#organization"},"potentialAction":[{"@type":"SearchAction","target":{"@type":"EntryPoint","urlTemplate":"https:\/\/esthetiquenovani.com\/?s={search_term_string}"},"query-input":{"@type":"PropertyValueSpecification","valueRequired":true,"valueName":"search_term_string"}}],"inLanguage":"en-US"},{"@type":"Organization","@id":"https:\/\/esthetiquenovani.com\/#organization","name":"Esth\u00e9tique Huguette Turcotte","url":"https:\/\/esthetiquenovani.com\/","logo":{"@type":"ImageObject","inLanguage":"en-US","@id":"https:\/\/esthetiquenovani.com\/#\/schema\/logo\/image\/","url":"https:\/\/esthetiquenovani.com\/wp-content\/uploads\/2018\/01\/qui-sommes-nous.jpg","contentUrl":"https:\/\/esthetiquenovani.com\/wp-content\/uploads\/2018\/01\/qui-sommes-nous.jpg","width":637,"height":425,"caption":"Esth\u00e9tique Huguette Turcotte"},"image":{"@id":"https:\/\/esthetiquenovani.com\/#\/schema\/logo\/image\/"},"sameAs":["https:\/\/www.facebook.com\/esthetiquehturcotte"]}]}},"_links":{"self":[{"href":"https:\/\/esthetiquenovani.com\/en\/wp-json\/wp\/v2\/product\/2820","targetHints":{"allow":["GET"]}}],"collection":[{"href":"https:\/\/esthetiquenovani.com\/en\/wp-json\/wp\/v2\/product"}],"about":[{"href":"https:\/\/esthetiquenovani.com\/en\/wp-json\/wp\/v2\/types\/product"}],"wp:featuredmedia":[{"embeddable":true,"href":"https:\/\/esthetiquenovani.com\/en\/wp-json\/wp\/v2\/media\/6956"}],"wp:attachment":[{"href":"https:\/\/esthetiquenovani.com\/en\/wp-json\/wp\/v2\/media?parent=2820"}],"wp:term":[{"taxonomy":"product_brand","embeddable":true,"href":"https:\/\/esthetiquenovani.com\/en\/wp-json\/wp\/v2\/product_brand?post=2820"},{"taxonomy":"product_cat","embeddable":true,"href":"https:\/\/esthetiquenovani.com\/en\/wp-json\/wp\/v2\/product_cat?post=2820"},{"taxonomy":"product_tag","embeddable":true,"href":"https:\/\/esthetiquenovani.com\/en\/wp-json\/wp\/v2\/product_tag?post=2820"}],"curies":[{"name":"wp","href":"https:\/\/api.w.org\/{rel}","templated":true}]}}