{"id":2837,"date":"2020-03-15T23:38:24","date_gmt":"2020-03-16T03:38:24","guid":{"rendered":"https:\/\/esthetiquenovani.com\/produit\/serum-peeling-concentre-aha-12\/"},"modified":"2026-01-06T17:29:30","modified_gmt":"2026-01-06T22:29:30","slug":"serum-peeling-concentre-aha-12","status":"publish","type":"product","link":"https:\/\/esthetiquenovani.com\/en\/boutique\/gammes\/esthederm-meilleures-cremes-anti-rides-estheticienne-longueuil\/exfoliants-gommages\/serum-peeling-concentre-aha-12\/","title":{"rendered":"Esthederm &#8211; Intensif &#8211; S\u00e9rum Peeling concentr\u00e9 AHA 12 %"},"content":{"rendered":"<p>CONSEILS D&#8217;APPLICATION<\/p>\n<div id=\"applicationTips\" class=\"product__collapse-panel\">\n<p>Ne pas appliquer le jour.\u00a0 Appliquez tous les soirs en cure, jusqu&#8217;\u00e0 \u00e9puisement du produit dans le flacon.\u00a0 Laissez agir le s\u00e9rum 15 minutes et brumisez le visage avec<a href=\"https:\/\/esthetiquenovani.com\/en\/boutique\/gammes\/esthederm-meilleures-cremes-anti-rides-estheticienne-longueuil\/2-lotions-et-toniques\/esthederm-brume-deau-cellulaire-200-ml\/\"> l&#8217;Eau Cellulaire<\/a> avant d&#8217;appliquer votre cr\u00e8me de nuit.\u00a0 L&#8217;Eau neutralise les effets des AHA afin de ne pas perturber le pH de la cr\u00e8me de nuit.<\/p>\n<p>Alerte coup de soleil : ce produit contient un acide alpha hydroxyl\u00e9 (AAH) qui peut augmenter la sensibilit\u00e9 de la peau au soleil et en particulier la possibilit\u00e9 de coups de soleil. Avant toute exposition au soleil, il est recommand\u00e9 d\u2019appliquer un \u00e9cran solaire sur les r\u00e9gions o\u00f9 le produit contenant des AAH a \u00e9t\u00e9 appliqu\u00e9. Portez des v\u00eatements qui prot\u00e8gent, et limiter l\u2019exposition au soleil lorsque vous utilisez le produit et dans les semaines \u00e0 venir.<\/p>\n<p>Le contact du produit avec la peau doit \u00eatre de fr\u00e9quence ou de dur\u00e9e limit\u00e9es.<\/p>\n<\/div>\n","protected":false},"excerpt":{"rendered":"<p>S\u00e9rum l\u00e9ger et soyeux formul\u00e9 pour cibler le teint irr\u00e9gulier et r\u00e9duire l\u2019apparence des pores. Contient 12% de AHA et BHA.<\/p>\n<p>Les Alpha et Beta Hydroxy Acides sont de puissants actifs \u00e0 vocation peeling-peau neuve. Esthederm a concentr\u00e9 des acides lactique, citrique et salicylique pour une correction visible du teint terne et du micro-relief irr\u00e9gulier et de l\u2019acide glycolique \u00e0 lib\u00e9ration prolong\u00e9e pour un \u00e9quilibre efficacit\u00e9 \/ tol\u00e9rance.<\/p>\n<div class=\"product__collapse\">\n<p class=\"h5\">BIENFAITS<\/p>\n<div id=\"productBenefits\" class=\"product__collapse-panel\">\n<p>Ce s\u00e9rum intensif affine le grain de peau, r\u00e9duit l\u2019apparence des pores et uniformise le teint.<\/p>\n<\/div>\n<\/div>\n","protected":false},"featured_media":4942,"template":"","meta":{"_et_pb_use_builder":"","_et_pb_old_content":"","_et_gb_content_width":""},"product_brand":[],"product_cat":[97,98,63,57,103,50,58,52,61,60,59,53],"product_tag":[],"class_list":{"0":"post-2837","1":"product","2":"type-product","3":"status-publish","4":"has-post-thumbnail","6":"product_cat-exfoliants-gommages","7":"product_cat-3-serums-et-concentres","8":"product_cat-acne","9":"product_cat-collection-intensive-esthederm","10":"product_cat-collection-molecules-intensives","11":"product_cat-esthederm-meilleures-cremes-anti-rides-estheticienne-longueuil","12":"product_cat-gommages-et-exfoliants","13":"product_cat-peau-grasse-et-pores-dilates","14":"product_cat-peaux-matures-et-perte-de-densite","15":"product_cat-rides-installees-et-perte-de-fermete","16":"product_cat-serums","17":"product_cat-taches-pigmentaires-et-teint-terne","19":"first","20":"instock","21":"taxable","22":"shipping-taxable","23":"purchasable","24":"product-type-simple"},"yoast_head":"<!-- This site is optimized with the Yoast SEO plugin v27.4 - https:\/\/yoast.com\/product\/yoast-seo-wordpress\/ -->\n<title>Esthederm | AHA s\u00e9rum Peeling | vente en ligne | Esth\u00e9ticienne Longueuil<\/title>\n<meta name=\"description\" content=\"S\u00e9rum peeling formul\u00e9 pour cibler le teint irr\u00e9gulier et r\u00e9duire l\u2019apparence des pores. 12% de AHA et BHA. r\u00e9sultats anti-\u00e2ges et anti-rides\" \/>\n<meta name=\"robots\" content=\"index, follow, max-snippet:-1, max-image-preview:large, max-video-preview:-1\" \/>\n<link rel=\"canonical\" href=\"https:\/\/esthetiquenovani.com\/boutique\/gammes\/esthederm-meilleures-cremes-anti-rides-estheticienne-longueuil\/exfoliants-gommages\/serum-peeling-concentre-aha-12\/\" \/>\n<meta property=\"og:locale\" content=\"en_US\" \/>\n<meta property=\"og:type\" content=\"article\" \/>\n<meta property=\"og:title\" content=\"Esthederm | AHA s\u00e9rum Peeling | vente en ligne | Esth\u00e9ticienne Longueuil\" \/>\n<meta property=\"og:description\" content=\"S\u00e9rum peeling formul\u00e9 pour cibler le teint irr\u00e9gulier et r\u00e9duire l\u2019apparence des pores. 12% de AHA et BHA. r\u00e9sultats anti-\u00e2ges et anti-rides\" \/>\n<meta property=\"og:url\" content=\"https:\/\/esthetiquenovani.com\/boutique\/gammes\/esthederm-meilleures-cremes-anti-rides-estheticienne-longueuil\/exfoliants-gommages\/serum-peeling-concentre-aha-12\/\" \/>\n<meta property=\"og:site_name\" content=\"Clinique d&#039;Esth&eacute;tique Novani\" \/>\n<meta property=\"article:publisher\" content=\"https:\/\/www.facebook.com\/esthetiquehturcotte\" \/>\n<meta property=\"article:modified_time\" content=\"2026-01-06T22:29:30+00:00\" \/>\n<meta property=\"og:image\" content=\"https:\/\/esthetiquenovani.com\/wp-content\/uploads\/2020\/06\/intensifs_aha_serumconcentre-1080x1080-1.jpg\" \/>\n\t<meta property=\"og:image:width\" content=\"1080\" \/>\n\t<meta property=\"og:image:height\" content=\"1080\" \/>\n\t<meta property=\"og:image:type\" content=\"image\/jpeg\" \/>\n<meta name=\"twitter:card\" content=\"summary_large_image\" \/>\n<meta name=\"twitter:label1\" content=\"Est. reading time\" \/>\n\t<meta name=\"twitter:data1\" content=\"1 minute\" \/>\n<script type=\"application\/ld+json\" class=\"yoast-schema-graph\">{\"@context\":\"https:\\\/\\\/schema.org\",\"@graph\":[{\"@type\":\"WebPage\",\"@id\":\"https:\\\/\\\/esthetiquenovani.com\\\/boutique\\\/gammes\\\/esthederm-meilleures-cremes-anti-rides-estheticienne-longueuil\\\/exfoliants-gommages\\\/serum-peeling-concentre-aha-12\\\/\",\"url\":\"https:\\\/\\\/esthetiquenovani.com\\\/boutique\\\/gammes\\\/esthederm-meilleures-cremes-anti-rides-estheticienne-longueuil\\\/exfoliants-gommages\\\/serum-peeling-concentre-aha-12\\\/\",\"name\":\"Esthederm | AHA s\u00e9rum Peeling | vente en ligne | Esth\u00e9ticienne Longueuil\",\"isPartOf\":{\"@id\":\"https:\\\/\\\/esthetiquenovani.com\\\/#website\"},\"primaryImageOfPage\":{\"@id\":\"https:\\\/\\\/esthetiquenovani.com\\\/boutique\\\/gammes\\\/esthederm-meilleures-cremes-anti-rides-estheticienne-longueuil\\\/exfoliants-gommages\\\/serum-peeling-concentre-aha-12\\\/#primaryimage\"},\"image\":{\"@id\":\"https:\\\/\\\/esthetiquenovani.com\\\/boutique\\\/gammes\\\/esthederm-meilleures-cremes-anti-rides-estheticienne-longueuil\\\/exfoliants-gommages\\\/serum-peeling-concentre-aha-12\\\/#primaryimage\"},\"thumbnailUrl\":\"https:\\\/\\\/esthetiquenovani.com\\\/wp-content\\\/uploads\\\/2020\\\/06\\\/intensifs_aha_serumconcentre-1080x1080-1.jpg\",\"datePublished\":\"2020-03-16T03:38:24+00:00\",\"dateModified\":\"2026-01-06T22:29:30+00:00\",\"description\":\"S\u00e9rum peeling formul\u00e9 pour cibler le teint irr\u00e9gulier et r\u00e9duire l\u2019apparence des pores. 12% de AHA et BHA. r\u00e9sultats anti-\u00e2ges et anti-rides\",\"breadcrumb\":{\"@id\":\"https:\\\/\\\/esthetiquenovani.com\\\/boutique\\\/gammes\\\/esthederm-meilleures-cremes-anti-rides-estheticienne-longueuil\\\/exfoliants-gommages\\\/serum-peeling-concentre-aha-12\\\/#breadcrumb\"},\"inLanguage\":\"en-US\",\"potentialAction\":[{\"@type\":\"ReadAction\",\"target\":[\"https:\\\/\\\/esthetiquenovani.com\\\/boutique\\\/gammes\\\/esthederm-meilleures-cremes-anti-rides-estheticienne-longueuil\\\/exfoliants-gommages\\\/serum-peeling-concentre-aha-12\\\/\"]}]},{\"@type\":\"ImageObject\",\"inLanguage\":\"en-US\",\"@id\":\"https:\\\/\\\/esthetiquenovani.com\\\/boutique\\\/gammes\\\/esthederm-meilleures-cremes-anti-rides-estheticienne-longueuil\\\/exfoliants-gommages\\\/serum-peeling-concentre-aha-12\\\/#primaryimage\",\"url\":\"https:\\\/\\\/esthetiquenovani.com\\\/wp-content\\\/uploads\\\/2020\\\/06\\\/intensifs_aha_serumconcentre-1080x1080-1.jpg\",\"contentUrl\":\"https:\\\/\\\/esthetiquenovani.com\\\/wp-content\\\/uploads\\\/2020\\\/06\\\/intensifs_aha_serumconcentre-1080x1080-1.jpg\",\"width\":1080,\"height\":1080,\"caption\":\"Intensif - S\u00e9rum Peeling concentr\u00e9 AHA 12 %\"},{\"@type\":\"BreadcrumbList\",\"@id\":\"https:\\\/\\\/esthetiquenovani.com\\\/boutique\\\/gammes\\\/esthederm-meilleures-cremes-anti-rides-estheticienne-longueuil\\\/exfoliants-gommages\\\/serum-peeling-concentre-aha-12\\\/#breadcrumb\",\"itemListElement\":[{\"@type\":\"ListItem\",\"position\":1,\"name\":\"Accueil\",\"item\":\"https:\\\/\\\/esthetiquenovani.com\\\/en\\\/\"},{\"@type\":\"ListItem\",\"position\":2,\"name\":\"Boutique\",\"item\":\"https:\\\/\\\/esthetiquenovani.com\\\/boutique\\\/\"},{\"@type\":\"ListItem\",\"position\":3,\"name\":\"Esthederm &#8211; Intensif &#8211; S\u00e9rum Peeling concentr\u00e9 AHA 12 %\"}]},{\"@type\":\"WebSite\",\"@id\":\"https:\\\/\\\/esthetiquenovani.com\\\/#website\",\"url\":\"https:\\\/\\\/esthetiquenovani.com\\\/\",\"name\":\"Clinique d'Esth&eacute;tique Novani\",\"description\":\"Brossard, Longueil &amp; Chambly\",\"publisher\":{\"@id\":\"https:\\\/\\\/esthetiquenovani.com\\\/#organization\"},\"potentialAction\":[{\"@type\":\"SearchAction\",\"target\":{\"@type\":\"EntryPoint\",\"urlTemplate\":\"https:\\\/\\\/esthetiquenovani.com\\\/?s={search_term_string}\"},\"query-input\":{\"@type\":\"PropertyValueSpecification\",\"valueRequired\":true,\"valueName\":\"search_term_string\"}}],\"inLanguage\":\"en-US\"},{\"@type\":\"Organization\",\"@id\":\"https:\\\/\\\/esthetiquenovani.com\\\/#organization\",\"name\":\"Esth\u00e9tique Huguette Turcotte\",\"url\":\"https:\\\/\\\/esthetiquenovani.com\\\/\",\"logo\":{\"@type\":\"ImageObject\",\"inLanguage\":\"en-US\",\"@id\":\"https:\\\/\\\/esthetiquenovani.com\\\/#\\\/schema\\\/logo\\\/image\\\/\",\"url\":\"https:\\\/\\\/esthetiquenovani.com\\\/wp-content\\\/uploads\\\/2018\\\/01\\\/qui-sommes-nous.jpg\",\"contentUrl\":\"https:\\\/\\\/esthetiquenovani.com\\\/wp-content\\\/uploads\\\/2018\\\/01\\\/qui-sommes-nous.jpg\",\"width\":637,\"height\":425,\"caption\":\"Esth\u00e9tique Huguette Turcotte\"},\"image\":{\"@id\":\"https:\\\/\\\/esthetiquenovani.com\\\/#\\\/schema\\\/logo\\\/image\\\/\"},\"sameAs\":[\"https:\\\/\\\/www.facebook.com\\\/esthetiquehturcotte\"]}]}<\/script>\n<!-- \/ Yoast SEO plugin. -->","yoast_head_json":{"title":"Esthederm | AHA s\u00e9rum Peeling | vente en ligne | Esth\u00e9ticienne Longueuil","description":"S\u00e9rum peeling formul\u00e9 pour cibler le teint irr\u00e9gulier et r\u00e9duire l\u2019apparence des pores. 12% de AHA et BHA. r\u00e9sultats anti-\u00e2ges et anti-rides","robots":{"index":"index","follow":"follow","max-snippet":"max-snippet:-1","max-image-preview":"max-image-preview:large","max-video-preview":"max-video-preview:-1"},"canonical":"https:\/\/esthetiquenovani.com\/boutique\/gammes\/esthederm-meilleures-cremes-anti-rides-estheticienne-longueuil\/exfoliants-gommages\/serum-peeling-concentre-aha-12\/","og_locale":"en_US","og_type":"article","og_title":"Esthederm | AHA s\u00e9rum Peeling | vente en ligne | Esth\u00e9ticienne Longueuil","og_description":"S\u00e9rum peeling formul\u00e9 pour cibler le teint irr\u00e9gulier et r\u00e9duire l\u2019apparence des pores. 12% de AHA et BHA. r\u00e9sultats anti-\u00e2ges et anti-rides","og_url":"https:\/\/esthetiquenovani.com\/boutique\/gammes\/esthederm-meilleures-cremes-anti-rides-estheticienne-longueuil\/exfoliants-gommages\/serum-peeling-concentre-aha-12\/","og_site_name":"Clinique d'Esth&eacute;tique Novani","article_publisher":"https:\/\/www.facebook.com\/esthetiquehturcotte","article_modified_time":"2026-01-06T22:29:30+00:00","og_image":[{"width":1080,"height":1080,"url":"https:\/\/esthetiquenovani.com\/wp-content\/uploads\/2020\/06\/intensifs_aha_serumconcentre-1080x1080-1.jpg","type":"image\/jpeg"}],"twitter_card":"summary_large_image","twitter_misc":{"Est. reading time":"1 minute"},"schema":{"@context":"https:\/\/schema.org","@graph":[{"@type":"WebPage","@id":"https:\/\/esthetiquenovani.com\/boutique\/gammes\/esthederm-meilleures-cremes-anti-rides-estheticienne-longueuil\/exfoliants-gommages\/serum-peeling-concentre-aha-12\/","url":"https:\/\/esthetiquenovani.com\/boutique\/gammes\/esthederm-meilleures-cremes-anti-rides-estheticienne-longueuil\/exfoliants-gommages\/serum-peeling-concentre-aha-12\/","name":"Esthederm | AHA s\u00e9rum Peeling | vente en ligne | Esth\u00e9ticienne Longueuil","isPartOf":{"@id":"https:\/\/esthetiquenovani.com\/#website"},"primaryImageOfPage":{"@id":"https:\/\/esthetiquenovani.com\/boutique\/gammes\/esthederm-meilleures-cremes-anti-rides-estheticienne-longueuil\/exfoliants-gommages\/serum-peeling-concentre-aha-12\/#primaryimage"},"image":{"@id":"https:\/\/esthetiquenovani.com\/boutique\/gammes\/esthederm-meilleures-cremes-anti-rides-estheticienne-longueuil\/exfoliants-gommages\/serum-peeling-concentre-aha-12\/#primaryimage"},"thumbnailUrl":"https:\/\/esthetiquenovani.com\/wp-content\/uploads\/2020\/06\/intensifs_aha_serumconcentre-1080x1080-1.jpg","datePublished":"2020-03-16T03:38:24+00:00","dateModified":"2026-01-06T22:29:30+00:00","description":"S\u00e9rum peeling formul\u00e9 pour cibler le teint irr\u00e9gulier et r\u00e9duire l\u2019apparence des pores. 12% de AHA et BHA. r\u00e9sultats anti-\u00e2ges et anti-rides","breadcrumb":{"@id":"https:\/\/esthetiquenovani.com\/boutique\/gammes\/esthederm-meilleures-cremes-anti-rides-estheticienne-longueuil\/exfoliants-gommages\/serum-peeling-concentre-aha-12\/#breadcrumb"},"inLanguage":"en-US","potentialAction":[{"@type":"ReadAction","target":["https:\/\/esthetiquenovani.com\/boutique\/gammes\/esthederm-meilleures-cremes-anti-rides-estheticienne-longueuil\/exfoliants-gommages\/serum-peeling-concentre-aha-12\/"]}]},{"@type":"ImageObject","inLanguage":"en-US","@id":"https:\/\/esthetiquenovani.com\/boutique\/gammes\/esthederm-meilleures-cremes-anti-rides-estheticienne-longueuil\/exfoliants-gommages\/serum-peeling-concentre-aha-12\/#primaryimage","url":"https:\/\/esthetiquenovani.com\/wp-content\/uploads\/2020\/06\/intensifs_aha_serumconcentre-1080x1080-1.jpg","contentUrl":"https:\/\/esthetiquenovani.com\/wp-content\/uploads\/2020\/06\/intensifs_aha_serumconcentre-1080x1080-1.jpg","width":1080,"height":1080,"caption":"Intensif - S\u00e9rum Peeling concentr\u00e9 AHA 12 %"},{"@type":"BreadcrumbList","@id":"https:\/\/esthetiquenovani.com\/boutique\/gammes\/esthederm-meilleures-cremes-anti-rides-estheticienne-longueuil\/exfoliants-gommages\/serum-peeling-concentre-aha-12\/#breadcrumb","itemListElement":[{"@type":"ListItem","position":1,"name":"Accueil","item":"https:\/\/esthetiquenovani.com\/en\/"},{"@type":"ListItem","position":2,"name":"Boutique","item":"https:\/\/esthetiquenovani.com\/boutique\/"},{"@type":"ListItem","position":3,"name":"Esthederm &#8211; Intensif &#8211; S\u00e9rum Peeling concentr\u00e9 AHA 12 %"}]},{"@type":"WebSite","@id":"https:\/\/esthetiquenovani.com\/#website","url":"https:\/\/esthetiquenovani.com\/","name":"Clinique d'Esth&eacute;tique Novani","description":"Brossard, Longueil &amp; Chambly","publisher":{"@id":"https:\/\/esthetiquenovani.com\/#organization"},"potentialAction":[{"@type":"SearchAction","target":{"@type":"EntryPoint","urlTemplate":"https:\/\/esthetiquenovani.com\/?s={search_term_string}"},"query-input":{"@type":"PropertyValueSpecification","valueRequired":true,"valueName":"search_term_string"}}],"inLanguage":"en-US"},{"@type":"Organization","@id":"https:\/\/esthetiquenovani.com\/#organization","name":"Esth\u00e9tique Huguette Turcotte","url":"https:\/\/esthetiquenovani.com\/","logo":{"@type":"ImageObject","inLanguage":"en-US","@id":"https:\/\/esthetiquenovani.com\/#\/schema\/logo\/image\/","url":"https:\/\/esthetiquenovani.com\/wp-content\/uploads\/2018\/01\/qui-sommes-nous.jpg","contentUrl":"https:\/\/esthetiquenovani.com\/wp-content\/uploads\/2018\/01\/qui-sommes-nous.jpg","width":637,"height":425,"caption":"Esth\u00e9tique Huguette Turcotte"},"image":{"@id":"https:\/\/esthetiquenovani.com\/#\/schema\/logo\/image\/"},"sameAs":["https:\/\/www.facebook.com\/esthetiquehturcotte"]}]}},"_links":{"self":[{"href":"https:\/\/esthetiquenovani.com\/en\/wp-json\/wp\/v2\/product\/2837","targetHints":{"allow":["GET"]}}],"collection":[{"href":"https:\/\/esthetiquenovani.com\/en\/wp-json\/wp\/v2\/product"}],"about":[{"href":"https:\/\/esthetiquenovani.com\/en\/wp-json\/wp\/v2\/types\/product"}],"wp:featuredmedia":[{"embeddable":true,"href":"https:\/\/esthetiquenovani.com\/en\/wp-json\/wp\/v2\/media\/4942"}],"wp:attachment":[{"href":"https:\/\/esthetiquenovani.com\/en\/wp-json\/wp\/v2\/media?parent=2837"}],"wp:term":[{"taxonomy":"product_brand","embeddable":true,"href":"https:\/\/esthetiquenovani.com\/en\/wp-json\/wp\/v2\/product_brand?post=2837"},{"taxonomy":"product_cat","embeddable":true,"href":"https:\/\/esthetiquenovani.com\/en\/wp-json\/wp\/v2\/product_cat?post=2837"},{"taxonomy":"product_tag","embeddable":true,"href":"https:\/\/esthetiquenovani.com\/en\/wp-json\/wp\/v2\/product_tag?post=2837"}],"curies":[{"name":"wp","href":"https:\/\/api.w.org\/{rel}","templated":true}]}}