{"id":2847,"date":"2020-03-16T00:18:15","date_gmt":"2020-03-16T04:18:15","guid":{"rendered":"https:\/\/esthetiquenovani.com\/produit\/intensif-serum-propolis\/"},"modified":"2026-01-06T17:25:44","modified_gmt":"2026-01-06T22:25:44","slug":"intensif-serum-propolis","status":"publish","type":"product","link":"https:\/\/esthetiquenovani.com\/en\/boutique\/gammes\/esthederm-meilleures-cremes-anti-rides-estheticienne-longueuil\/3-serums-et-concentres\/intensif-serum-propolis\/","title":{"rendered":"Esthederm &#8211; Intensive Propolis+ Acide Salicylique &#8211; S\u00c9RUM Concentr\u00e9"},"content":{"rendered":"<p>Ce s\u00e9rum\u00a0 \u00e0 la propolis fait partie de la collection INTENSIVE d&#8217;Esthederm.\u00a0 L\u2019efficacit\u00e9 d\u00e9montr\u00e9e de mol\u00e9cules de r\u00e9f\u00e9rence en dermo-esth\u00e9tique, s\u00e9lectionn\u00e9es et parfaitement dos\u00e9es par la recherche Esthederm pour des r\u00e9sultats rapides et durables sur les signes visibles des d\u00e9s\u00e9quilibres de la peau et de son vieillissement.<\/p>\n","protected":false},"excerpt":{"rendered":"<p>Ce s\u00e9rum concentr\u00e9 en propolis agit rapidement et durablement sur les boutons et l\u2019apparence des pores dilat\u00e9s.<\/p>\n<p>Boost\u00e9 en acide salicylique, Intensive Propolis+ S\u00e9rum Concentr\u00e9 att\u00e9nue visiblement les marques r\u00e9siduelles et resserre visiblement les pores pour affine le grain de peau. Hautement concentr\u00e9 en propolis, reconnue pour son efficacit\u00e9 apaisante et purifiante, ce soin Cible et r\u00e9duit l\u2019apparence des irr\u00e9gularit\u00e9s d\u00e8s leur apparition.<\/p>\n<div class=\"product__collapse \">\n<div id=\"benefitsd'application\" class=\"product__collapse-panel\">\n<p>30ml<\/p>\n<\/div>\n<\/div>\n","protected":false},"featured_media":6954,"template":"","meta":{"_et_pb_use_builder":"","_et_pb_old_content":"","_et_gb_content_width":""},"product_brand":[],"product_cat":[98,63,57,103,50,52,59],"product_tag":[],"class_list":{"0":"post-2847","1":"product","2":"type-product","3":"status-publish","4":"has-post-thumbnail","6":"product_cat-3-serums-et-concentres","7":"product_cat-acne","8":"product_cat-collection-intensive-esthederm","9":"product_cat-collection-molecules-intensives","10":"product_cat-esthederm-meilleures-cremes-anti-rides-estheticienne-longueuil","11":"product_cat-peau-grasse-et-pores-dilates","12":"product_cat-serums","14":"first","15":"instock","16":"taxable","17":"shipping-taxable","18":"purchasable","19":"product-type-simple"},"yoast_head":"<!-- This site is optimized with the Yoast SEO plugin v27.5 - https:\/\/yoast.com\/product\/yoast-seo-wordpress\/ -->\n<title>S\u00e9rum concentr\u00e9 Propolis | acn\u00e9 d&#039;adulte, boutons, pores dilat\u00e9s<\/title>\n<meta name=\"description\" content=\"S\u00e9rum hautement concentr\u00e9 en propolis et acide salicylique reconnu pour son efficacit\u00e9 apaisante et purifiante. Cible l&#039;acn\u00e9 adulte\" \/>\n<meta name=\"robots\" content=\"index, follow, max-snippet:-1, max-image-preview:large, max-video-preview:-1\" \/>\n<link rel=\"canonical\" href=\"https:\/\/esthetiquenovani.com\/boutique\/gammes\/esthederm-meilleures-cremes-anti-rides-estheticienne-longueuil\/3-serums-et-concentres\/intensif-serum-propolis\/\" \/>\n<meta property=\"og:locale\" content=\"en_US\" \/>\n<meta property=\"og:type\" content=\"article\" \/>\n<meta property=\"og:title\" content=\"S\u00e9rum concentr\u00e9 Propolis | acn\u00e9 d&#039;adulte, boutons, pores dilat\u00e9s\" \/>\n<meta property=\"og:description\" content=\"S\u00e9rum hautement concentr\u00e9 en propolis et acide salicylique reconnu pour son efficacit\u00e9 apaisante et purifiante. Cible l&#039;acn\u00e9 adulte\" \/>\n<meta property=\"og:url\" content=\"https:\/\/esthetiquenovani.com\/boutique\/gammes\/esthederm-meilleures-cremes-anti-rides-estheticienne-longueuil\/3-serums-et-concentres\/intensif-serum-propolis\/\" \/>\n<meta property=\"og:site_name\" content=\"Clinique d&#039;Esth&eacute;tique Novani\" \/>\n<meta property=\"article:publisher\" content=\"https:\/\/www.facebook.com\/esthetiquehturcotte\" \/>\n<meta property=\"article:modified_time\" content=\"2026-01-06T22:25:44+00:00\" \/>\n<meta property=\"og:image\" content=\"https:\/\/esthetiquenovani.com\/wp-content\/uploads\/2020\/03\/v621002-intensive-propolis-serum-concentre-web-1080x1080-ombre.png\" \/>\n\t<meta property=\"og:image:width\" content=\"4501\" \/>\n\t<meta property=\"og:image:height\" content=\"4501\" \/>\n\t<meta property=\"og:image:type\" content=\"image\/png\" \/>\n<meta name=\"twitter:card\" content=\"summary_large_image\" \/>\n<meta name=\"twitter:label1\" content=\"Est. reading time\" \/>\n\t<meta name=\"twitter:data1\" content=\"1 minute\" \/>\n<script type=\"application\/ld+json\" class=\"yoast-schema-graph\">{\"@context\":\"https:\\\/\\\/schema.org\",\"@graph\":[{\"@type\":\"WebPage\",\"@id\":\"https:\\\/\\\/esthetiquenovani.com\\\/boutique\\\/gammes\\\/esthederm-meilleures-cremes-anti-rides-estheticienne-longueuil\\\/3-serums-et-concentres\\\/intensif-serum-propolis\\\/\",\"url\":\"https:\\\/\\\/esthetiquenovani.com\\\/boutique\\\/gammes\\\/esthederm-meilleures-cremes-anti-rides-estheticienne-longueuil\\\/3-serums-et-concentres\\\/intensif-serum-propolis\\\/\",\"name\":\"S\u00e9rum concentr\u00e9 Propolis | acn\u00e9 d'adulte, boutons, pores dilat\u00e9s\",\"isPartOf\":{\"@id\":\"https:\\\/\\\/esthetiquenovani.com\\\/#website\"},\"primaryImageOfPage\":{\"@id\":\"https:\\\/\\\/esthetiquenovani.com\\\/boutique\\\/gammes\\\/esthederm-meilleures-cremes-anti-rides-estheticienne-longueuil\\\/3-serums-et-concentres\\\/intensif-serum-propolis\\\/#primaryimage\"},\"image\":{\"@id\":\"https:\\\/\\\/esthetiquenovani.com\\\/boutique\\\/gammes\\\/esthederm-meilleures-cremes-anti-rides-estheticienne-longueuil\\\/3-serums-et-concentres\\\/intensif-serum-propolis\\\/#primaryimage\"},\"thumbnailUrl\":\"https:\\\/\\\/esthetiquenovani.com\\\/wp-content\\\/uploads\\\/2020\\\/03\\\/v621002-intensive-propolis-serum-concentre-web-1080x1080-ombre.png\",\"datePublished\":\"2020-03-16T04:18:15+00:00\",\"dateModified\":\"2026-01-06T22:25:44+00:00\",\"description\":\"S\u00e9rum hautement concentr\u00e9 en propolis et acide salicylique reconnu pour son efficacit\u00e9 apaisante et purifiante. Cible l'acn\u00e9 adulte\",\"breadcrumb\":{\"@id\":\"https:\\\/\\\/esthetiquenovani.com\\\/boutique\\\/gammes\\\/esthederm-meilleures-cremes-anti-rides-estheticienne-longueuil\\\/3-serums-et-concentres\\\/intensif-serum-propolis\\\/#breadcrumb\"},\"inLanguage\":\"en-US\",\"potentialAction\":[{\"@type\":\"ReadAction\",\"target\":[\"https:\\\/\\\/esthetiquenovani.com\\\/boutique\\\/gammes\\\/esthederm-meilleures-cremes-anti-rides-estheticienne-longueuil\\\/3-serums-et-concentres\\\/intensif-serum-propolis\\\/\"]}]},{\"@type\":\"ImageObject\",\"inLanguage\":\"en-US\",\"@id\":\"https:\\\/\\\/esthetiquenovani.com\\\/boutique\\\/gammes\\\/esthederm-meilleures-cremes-anti-rides-estheticienne-longueuil\\\/3-serums-et-concentres\\\/intensif-serum-propolis\\\/#primaryimage\",\"url\":\"https:\\\/\\\/esthetiquenovani.com\\\/wp-content\\\/uploads\\\/2020\\\/03\\\/v621002-intensive-propolis-serum-concentre-web-1080x1080-ombre.png\",\"contentUrl\":\"https:\\\/\\\/esthetiquenovani.com\\\/wp-content\\\/uploads\\\/2020\\\/03\\\/v621002-intensive-propolis-serum-concentre-web-1080x1080-ombre.png\",\"width\":4501,\"height\":4501,\"caption\":\"Promotion Boutique en ligne esth\u00e9tique soins visage et corps Longueuil\"},{\"@type\":\"BreadcrumbList\",\"@id\":\"https:\\\/\\\/esthetiquenovani.com\\\/boutique\\\/gammes\\\/esthederm-meilleures-cremes-anti-rides-estheticienne-longueuil\\\/3-serums-et-concentres\\\/intensif-serum-propolis\\\/#breadcrumb\",\"itemListElement\":[{\"@type\":\"ListItem\",\"position\":1,\"name\":\"Accueil\",\"item\":\"https:\\\/\\\/esthetiquenovani.com\\\/en\\\/\"},{\"@type\":\"ListItem\",\"position\":2,\"name\":\"Boutique\",\"item\":\"https:\\\/\\\/esthetiquenovani.com\\\/boutique\\\/\"},{\"@type\":\"ListItem\",\"position\":3,\"name\":\"Esthederm &#8211; Intensive Propolis+ Acide Salicylique &#8211; S\u00c9RUM Concentr\u00e9\"}]},{\"@type\":\"WebSite\",\"@id\":\"https:\\\/\\\/esthetiquenovani.com\\\/#website\",\"url\":\"https:\\\/\\\/esthetiquenovani.com\\\/\",\"name\":\"Clinique d'Esth&eacute;tique Novani\",\"description\":\"Brossard, Longueil &amp; Chambly\",\"publisher\":{\"@id\":\"https:\\\/\\\/esthetiquenovani.com\\\/#organization\"},\"potentialAction\":[{\"@type\":\"SearchAction\",\"target\":{\"@type\":\"EntryPoint\",\"urlTemplate\":\"https:\\\/\\\/esthetiquenovani.com\\\/?s={search_term_string}\"},\"query-input\":{\"@type\":\"PropertyValueSpecification\",\"valueRequired\":true,\"valueName\":\"search_term_string\"}}],\"inLanguage\":\"en-US\"},{\"@type\":\"Organization\",\"@id\":\"https:\\\/\\\/esthetiquenovani.com\\\/#organization\",\"name\":\"Esth\u00e9tique Huguette Turcotte\",\"url\":\"https:\\\/\\\/esthetiquenovani.com\\\/\",\"logo\":{\"@type\":\"ImageObject\",\"inLanguage\":\"en-US\",\"@id\":\"https:\\\/\\\/esthetiquenovani.com\\\/#\\\/schema\\\/logo\\\/image\\\/\",\"url\":\"https:\\\/\\\/esthetiquenovani.com\\\/wp-content\\\/uploads\\\/2018\\\/01\\\/qui-sommes-nous.jpg\",\"contentUrl\":\"https:\\\/\\\/esthetiquenovani.com\\\/wp-content\\\/uploads\\\/2018\\\/01\\\/qui-sommes-nous.jpg\",\"width\":637,\"height\":425,\"caption\":\"Esth\u00e9tique Huguette Turcotte\"},\"image\":{\"@id\":\"https:\\\/\\\/esthetiquenovani.com\\\/#\\\/schema\\\/logo\\\/image\\\/\"},\"sameAs\":[\"https:\\\/\\\/www.facebook.com\\\/esthetiquehturcotte\"]}]}<\/script>\n<!-- \/ Yoast SEO plugin. -->","yoast_head_json":{"title":"S\u00e9rum concentr\u00e9 Propolis | acn\u00e9 d'adulte, boutons, pores dilat\u00e9s","description":"S\u00e9rum hautement concentr\u00e9 en propolis et acide salicylique reconnu pour son efficacit\u00e9 apaisante et purifiante. Cible l'acn\u00e9 adulte","robots":{"index":"index","follow":"follow","max-snippet":"max-snippet:-1","max-image-preview":"max-image-preview:large","max-video-preview":"max-video-preview:-1"},"canonical":"https:\/\/esthetiquenovani.com\/boutique\/gammes\/esthederm-meilleures-cremes-anti-rides-estheticienne-longueuil\/3-serums-et-concentres\/intensif-serum-propolis\/","og_locale":"en_US","og_type":"article","og_title":"S\u00e9rum concentr\u00e9 Propolis | acn\u00e9 d'adulte, boutons, pores dilat\u00e9s","og_description":"S\u00e9rum hautement concentr\u00e9 en propolis et acide salicylique reconnu pour son efficacit\u00e9 apaisante et purifiante. Cible l'acn\u00e9 adulte","og_url":"https:\/\/esthetiquenovani.com\/boutique\/gammes\/esthederm-meilleures-cremes-anti-rides-estheticienne-longueuil\/3-serums-et-concentres\/intensif-serum-propolis\/","og_site_name":"Clinique d'Esth&eacute;tique Novani","article_publisher":"https:\/\/www.facebook.com\/esthetiquehturcotte","article_modified_time":"2026-01-06T22:25:44+00:00","og_image":[{"width":4501,"height":4501,"url":"https:\/\/esthetiquenovani.com\/wp-content\/uploads\/2020\/03\/v621002-intensive-propolis-serum-concentre-web-1080x1080-ombre.png","type":"image\/png"}],"twitter_card":"summary_large_image","twitter_misc":{"Est. reading time":"1 minute"},"schema":{"@context":"https:\/\/schema.org","@graph":[{"@type":"WebPage","@id":"https:\/\/esthetiquenovani.com\/boutique\/gammes\/esthederm-meilleures-cremes-anti-rides-estheticienne-longueuil\/3-serums-et-concentres\/intensif-serum-propolis\/","url":"https:\/\/esthetiquenovani.com\/boutique\/gammes\/esthederm-meilleures-cremes-anti-rides-estheticienne-longueuil\/3-serums-et-concentres\/intensif-serum-propolis\/","name":"S\u00e9rum concentr\u00e9 Propolis | acn\u00e9 d'adulte, boutons, pores dilat\u00e9s","isPartOf":{"@id":"https:\/\/esthetiquenovani.com\/#website"},"primaryImageOfPage":{"@id":"https:\/\/esthetiquenovani.com\/boutique\/gammes\/esthederm-meilleures-cremes-anti-rides-estheticienne-longueuil\/3-serums-et-concentres\/intensif-serum-propolis\/#primaryimage"},"image":{"@id":"https:\/\/esthetiquenovani.com\/boutique\/gammes\/esthederm-meilleures-cremes-anti-rides-estheticienne-longueuil\/3-serums-et-concentres\/intensif-serum-propolis\/#primaryimage"},"thumbnailUrl":"https:\/\/esthetiquenovani.com\/wp-content\/uploads\/2020\/03\/v621002-intensive-propolis-serum-concentre-web-1080x1080-ombre.png","datePublished":"2020-03-16T04:18:15+00:00","dateModified":"2026-01-06T22:25:44+00:00","description":"S\u00e9rum hautement concentr\u00e9 en propolis et acide salicylique reconnu pour son efficacit\u00e9 apaisante et purifiante. Cible l'acn\u00e9 adulte","breadcrumb":{"@id":"https:\/\/esthetiquenovani.com\/boutique\/gammes\/esthederm-meilleures-cremes-anti-rides-estheticienne-longueuil\/3-serums-et-concentres\/intensif-serum-propolis\/#breadcrumb"},"inLanguage":"en-US","potentialAction":[{"@type":"ReadAction","target":["https:\/\/esthetiquenovani.com\/boutique\/gammes\/esthederm-meilleures-cremes-anti-rides-estheticienne-longueuil\/3-serums-et-concentres\/intensif-serum-propolis\/"]}]},{"@type":"ImageObject","inLanguage":"en-US","@id":"https:\/\/esthetiquenovani.com\/boutique\/gammes\/esthederm-meilleures-cremes-anti-rides-estheticienne-longueuil\/3-serums-et-concentres\/intensif-serum-propolis\/#primaryimage","url":"https:\/\/esthetiquenovani.com\/wp-content\/uploads\/2020\/03\/v621002-intensive-propolis-serum-concentre-web-1080x1080-ombre.png","contentUrl":"https:\/\/esthetiquenovani.com\/wp-content\/uploads\/2020\/03\/v621002-intensive-propolis-serum-concentre-web-1080x1080-ombre.png","width":4501,"height":4501,"caption":"Promotion Boutique en ligne esth\u00e9tique soins visage et corps Longueuil"},{"@type":"BreadcrumbList","@id":"https:\/\/esthetiquenovani.com\/boutique\/gammes\/esthederm-meilleures-cremes-anti-rides-estheticienne-longueuil\/3-serums-et-concentres\/intensif-serum-propolis\/#breadcrumb","itemListElement":[{"@type":"ListItem","position":1,"name":"Accueil","item":"https:\/\/esthetiquenovani.com\/en\/"},{"@type":"ListItem","position":2,"name":"Boutique","item":"https:\/\/esthetiquenovani.com\/boutique\/"},{"@type":"ListItem","position":3,"name":"Esthederm &#8211; Intensive Propolis+ Acide Salicylique &#8211; S\u00c9RUM Concentr\u00e9"}]},{"@type":"WebSite","@id":"https:\/\/esthetiquenovani.com\/#website","url":"https:\/\/esthetiquenovani.com\/","name":"Clinique d'Esth&eacute;tique Novani","description":"Brossard, Longueil &amp; Chambly","publisher":{"@id":"https:\/\/esthetiquenovani.com\/#organization"},"potentialAction":[{"@type":"SearchAction","target":{"@type":"EntryPoint","urlTemplate":"https:\/\/esthetiquenovani.com\/?s={search_term_string}"},"query-input":{"@type":"PropertyValueSpecification","valueRequired":true,"valueName":"search_term_string"}}],"inLanguage":"en-US"},{"@type":"Organization","@id":"https:\/\/esthetiquenovani.com\/#organization","name":"Esth\u00e9tique Huguette Turcotte","url":"https:\/\/esthetiquenovani.com\/","logo":{"@type":"ImageObject","inLanguage":"en-US","@id":"https:\/\/esthetiquenovani.com\/#\/schema\/logo\/image\/","url":"https:\/\/esthetiquenovani.com\/wp-content\/uploads\/2018\/01\/qui-sommes-nous.jpg","contentUrl":"https:\/\/esthetiquenovani.com\/wp-content\/uploads\/2018\/01\/qui-sommes-nous.jpg","width":637,"height":425,"caption":"Esth\u00e9tique Huguette Turcotte"},"image":{"@id":"https:\/\/esthetiquenovani.com\/#\/schema\/logo\/image\/"},"sameAs":["https:\/\/www.facebook.com\/esthetiquehturcotte"]}]}},"_links":{"self":[{"href":"https:\/\/esthetiquenovani.com\/en\/wp-json\/wp\/v2\/product\/2847","targetHints":{"allow":["GET"]}}],"collection":[{"href":"https:\/\/esthetiquenovani.com\/en\/wp-json\/wp\/v2\/product"}],"about":[{"href":"https:\/\/esthetiquenovani.com\/en\/wp-json\/wp\/v2\/types\/product"}],"wp:featuredmedia":[{"embeddable":true,"href":"https:\/\/esthetiquenovani.com\/en\/wp-json\/wp\/v2\/media\/6954"}],"wp:attachment":[{"href":"https:\/\/esthetiquenovani.com\/en\/wp-json\/wp\/v2\/media?parent=2847"}],"wp:term":[{"taxonomy":"product_brand","embeddable":true,"href":"https:\/\/esthetiquenovani.com\/en\/wp-json\/wp\/v2\/product_brand?post=2847"},{"taxonomy":"product_cat","embeddable":true,"href":"https:\/\/esthetiquenovani.com\/en\/wp-json\/wp\/v2\/product_cat?post=2847"},{"taxonomy":"product_tag","embeddable":true,"href":"https:\/\/esthetiquenovani.com\/en\/wp-json\/wp\/v2\/product_tag?post=2847"}],"curies":[{"name":"wp","href":"https:\/\/api.w.org\/{rel}","templated":true}]}}