{"id":2876,"date":"2020-03-16T01:09:28","date_gmt":"2020-03-16T05:09:28","guid":{"rendered":"https:\/\/esthetiquenovani.com\/produit\/creme-de-repos-biomimetique\/"},"modified":"2024-01-03T15:22:40","modified_gmt":"2024-01-03T20:22:40","slug":"creme-de-repos-biomimetique","status":"publish","type":"product","link":"https:\/\/esthetiquenovani.com\/en\/boutique\/gammes\/esthederm-meilleures-cremes-anti-rides-estheticienne-longueuil\/cremes-gels-et-baumes\/creme-de-repos-biomimetique\/","title":{"rendered":"Esthederm &#8211; Sensi System &#8211; Cr\u00e8me de repos Biomim\u00e9tique"},"content":{"rendered":"<p>La Cr\u00e8me de Repos Biomim\u00e9tique est compatible avec les peaux qui ne supportent plus rien. Ce soin met la peau au \u201crepos\u201d, tout en am\u00e9liorant son seuil de r\u00e9sistance.<\/p>\n","protected":false},"excerpt":{"rendered":"<p>Le soin ultra-confort des peaux intol\u00e9rantes dans une texture cr\u00e8me onctueuse et sans parfum.<\/p>\n","protected":false},"featured_media":4951,"template":"","meta":{"_et_pb_use_builder":"","_et_pb_old_content":"","_et_gb_content_width":""},"product_brand":[],"product_cat":[99,62,50,55,56,48],"product_tag":[],"class_list":{"0":"post-2876","1":"product","2":"type-product","3":"status-publish","4":"has-post-thumbnail","6":"product_cat-cremes-gels-et-baumes","7":"product_cat-cremes","8":"product_cat-esthederm-meilleures-cremes-anti-rides-estheticienne-longueuil","9":"product_cat-jeunesse-prevention","10":"product_cat-premiers-signes-de-lage","11":"product_cat-sensibilites-et-rougeurs","13":"first","14":"instock","15":"taxable","16":"shipping-taxable","17":"purchasable","18":"product-type-simple"},"yoast_head":"<!-- This site is optimized with the Yoast SEO plugin v27.4 - https:\/\/yoast.com\/product\/yoast-seo-wordpress\/ -->\n<title>Cr\u00e8me peaux sensibles | Institut Esthederm | Esth\u00e9ticienne Longueuil<\/title>\n<meta name=\"description\" content=\"La Cr\u00e8me de Repos Biomim\u00e9tique est compatible avec les peaux qui ne supportent plus rien. Ce soin met la peau au \u201crepos\u201d\" \/>\n<meta name=\"robots\" content=\"index, follow, max-snippet:-1, max-image-preview:large, max-video-preview:-1\" \/>\n<link rel=\"canonical\" href=\"https:\/\/esthetiquenovani.com\/boutique\/gammes\/esthederm-meilleures-cremes-anti-rides-estheticienne-longueuil\/cremes-gels-et-baumes\/creme-de-repos-biomimetique\/\" \/>\n<meta property=\"og:locale\" content=\"en_US\" \/>\n<meta property=\"og:type\" content=\"article\" \/>\n<meta property=\"og:title\" content=\"Cr\u00e8me peaux sensibles | Institut Esthederm | Esth\u00e9ticienne Longueuil\" \/>\n<meta property=\"og:description\" content=\"La Cr\u00e8me de Repos Biomim\u00e9tique est compatible avec les peaux qui ne supportent plus rien. Ce soin met la peau au \u201crepos\u201d\" \/>\n<meta property=\"og:url\" content=\"https:\/\/esthetiquenovani.com\/boutique\/gammes\/esthederm-meilleures-cremes-anti-rides-estheticienne-longueuil\/cremes-gels-et-baumes\/creme-de-repos-biomimetique\/\" \/>\n<meta property=\"og:site_name\" content=\"Clinique d&#039;Esth&eacute;tique Novani\" \/>\n<meta property=\"article:publisher\" content=\"https:\/\/www.facebook.com\/esthetiquehturcotte\" \/>\n<meta property=\"article:modified_time\" content=\"2024-01-03T20:22:40+00:00\" \/>\n<meta property=\"og:image\" content=\"https:\/\/esthetiquenovani.com\/wp-content\/uploads\/2020\/06\/sensi_cremebiomimetique-1080x1080-1.jpg\" \/>\n\t<meta property=\"og:image:width\" content=\"1080\" \/>\n\t<meta property=\"og:image:height\" content=\"1080\" \/>\n\t<meta property=\"og:image:type\" content=\"image\/jpeg\" \/>\n<meta name=\"twitter:card\" content=\"summary_large_image\" \/>\n<meta name=\"twitter:label1\" content=\"Est. reading time\" \/>\n\t<meta name=\"twitter:data1\" content=\"1 minute\" \/>\n<script type=\"application\/ld+json\" class=\"yoast-schema-graph\">{\"@context\":\"https:\\\/\\\/schema.org\",\"@graph\":[{\"@type\":\"WebPage\",\"@id\":\"https:\\\/\\\/esthetiquenovani.com\\\/boutique\\\/gammes\\\/esthederm-meilleures-cremes-anti-rides-estheticienne-longueuil\\\/cremes-gels-et-baumes\\\/creme-de-repos-biomimetique\\\/\",\"url\":\"https:\\\/\\\/esthetiquenovani.com\\\/boutique\\\/gammes\\\/esthederm-meilleures-cremes-anti-rides-estheticienne-longueuil\\\/cremes-gels-et-baumes\\\/creme-de-repos-biomimetique\\\/\",\"name\":\"Cr\u00e8me peaux sensibles | Institut Esthederm | Esth\u00e9ticienne Longueuil\",\"isPartOf\":{\"@id\":\"https:\\\/\\\/esthetiquenovani.com\\\/#website\"},\"primaryImageOfPage\":{\"@id\":\"https:\\\/\\\/esthetiquenovani.com\\\/boutique\\\/gammes\\\/esthederm-meilleures-cremes-anti-rides-estheticienne-longueuil\\\/cremes-gels-et-baumes\\\/creme-de-repos-biomimetique\\\/#primaryimage\"},\"image\":{\"@id\":\"https:\\\/\\\/esthetiquenovani.com\\\/boutique\\\/gammes\\\/esthederm-meilleures-cremes-anti-rides-estheticienne-longueuil\\\/cremes-gels-et-baumes\\\/creme-de-repos-biomimetique\\\/#primaryimage\"},\"thumbnailUrl\":\"https:\\\/\\\/esthetiquenovani.com\\\/wp-content\\\/uploads\\\/2020\\\/06\\\/sensi_cremebiomimetique-1080x1080-1.jpg\",\"datePublished\":\"2020-03-16T05:09:28+00:00\",\"dateModified\":\"2024-01-03T20:22:40+00:00\",\"description\":\"La Cr\u00e8me de Repos Biomim\u00e9tique est compatible avec les peaux qui ne supportent plus rien. Ce soin met la peau au \u201crepos\u201d\",\"breadcrumb\":{\"@id\":\"https:\\\/\\\/esthetiquenovani.com\\\/boutique\\\/gammes\\\/esthederm-meilleures-cremes-anti-rides-estheticienne-longueuil\\\/cremes-gels-et-baumes\\\/creme-de-repos-biomimetique\\\/#breadcrumb\"},\"inLanguage\":\"en-US\",\"potentialAction\":[{\"@type\":\"ReadAction\",\"target\":[\"https:\\\/\\\/esthetiquenovani.com\\\/boutique\\\/gammes\\\/esthederm-meilleures-cremes-anti-rides-estheticienne-longueuil\\\/cremes-gels-et-baumes\\\/creme-de-repos-biomimetique\\\/\"]}]},{\"@type\":\"ImageObject\",\"inLanguage\":\"en-US\",\"@id\":\"https:\\\/\\\/esthetiquenovani.com\\\/boutique\\\/gammes\\\/esthederm-meilleures-cremes-anti-rides-estheticienne-longueuil\\\/cremes-gels-et-baumes\\\/creme-de-repos-biomimetique\\\/#primaryimage\",\"url\":\"https:\\\/\\\/esthetiquenovani.com\\\/wp-content\\\/uploads\\\/2020\\\/06\\\/sensi_cremebiomimetique-1080x1080-1.jpg\",\"contentUrl\":\"https:\\\/\\\/esthetiquenovani.com\\\/wp-content\\\/uploads\\\/2020\\\/06\\\/sensi_cremebiomimetique-1080x1080-1.jpg\",\"width\":1080,\"height\":1080,\"caption\":\"Esthederm - Sensi System - Cr\u00e8me de repos Biomim\u00e9tique\"},{\"@type\":\"BreadcrumbList\",\"@id\":\"https:\\\/\\\/esthetiquenovani.com\\\/boutique\\\/gammes\\\/esthederm-meilleures-cremes-anti-rides-estheticienne-longueuil\\\/cremes-gels-et-baumes\\\/creme-de-repos-biomimetique\\\/#breadcrumb\",\"itemListElement\":[{\"@type\":\"ListItem\",\"position\":1,\"name\":\"Accueil\",\"item\":\"https:\\\/\\\/esthetiquenovani.com\\\/en\\\/\"},{\"@type\":\"ListItem\",\"position\":2,\"name\":\"Boutique\",\"item\":\"https:\\\/\\\/esthetiquenovani.com\\\/boutique\\\/\"},{\"@type\":\"ListItem\",\"position\":3,\"name\":\"Esthederm &#8211; Sensi System &#8211; Cr\u00e8me de repos Biomim\u00e9tique\"}]},{\"@type\":\"WebSite\",\"@id\":\"https:\\\/\\\/esthetiquenovani.com\\\/#website\",\"url\":\"https:\\\/\\\/esthetiquenovani.com\\\/\",\"name\":\"Clinique d'Esth&eacute;tique Novani\",\"description\":\"Brossard, Longueil &amp; Chambly\",\"publisher\":{\"@id\":\"https:\\\/\\\/esthetiquenovani.com\\\/#organization\"},\"potentialAction\":[{\"@type\":\"SearchAction\",\"target\":{\"@type\":\"EntryPoint\",\"urlTemplate\":\"https:\\\/\\\/esthetiquenovani.com\\\/?s={search_term_string}\"},\"query-input\":{\"@type\":\"PropertyValueSpecification\",\"valueRequired\":true,\"valueName\":\"search_term_string\"}}],\"inLanguage\":\"en-US\"},{\"@type\":\"Organization\",\"@id\":\"https:\\\/\\\/esthetiquenovani.com\\\/#organization\",\"name\":\"Esth\u00e9tique Huguette Turcotte\",\"url\":\"https:\\\/\\\/esthetiquenovani.com\\\/\",\"logo\":{\"@type\":\"ImageObject\",\"inLanguage\":\"en-US\",\"@id\":\"https:\\\/\\\/esthetiquenovani.com\\\/#\\\/schema\\\/logo\\\/image\\\/\",\"url\":\"https:\\\/\\\/esthetiquenovani.com\\\/wp-content\\\/uploads\\\/2018\\\/01\\\/qui-sommes-nous.jpg\",\"contentUrl\":\"https:\\\/\\\/esthetiquenovani.com\\\/wp-content\\\/uploads\\\/2018\\\/01\\\/qui-sommes-nous.jpg\",\"width\":637,\"height\":425,\"caption\":\"Esth\u00e9tique Huguette Turcotte\"},\"image\":{\"@id\":\"https:\\\/\\\/esthetiquenovani.com\\\/#\\\/schema\\\/logo\\\/image\\\/\"},\"sameAs\":[\"https:\\\/\\\/www.facebook.com\\\/esthetiquehturcotte\"]}]}<\/script>\n<!-- \/ Yoast SEO plugin. -->","yoast_head_json":{"title":"Cr\u00e8me peaux sensibles | Institut Esthederm | Esth\u00e9ticienne Longueuil","description":"La Cr\u00e8me de Repos Biomim\u00e9tique est compatible avec les peaux qui ne supportent plus rien. Ce soin met la peau au \u201crepos\u201d","robots":{"index":"index","follow":"follow","max-snippet":"max-snippet:-1","max-image-preview":"max-image-preview:large","max-video-preview":"max-video-preview:-1"},"canonical":"https:\/\/esthetiquenovani.com\/boutique\/gammes\/esthederm-meilleures-cremes-anti-rides-estheticienne-longueuil\/cremes-gels-et-baumes\/creme-de-repos-biomimetique\/","og_locale":"en_US","og_type":"article","og_title":"Cr\u00e8me peaux sensibles | Institut Esthederm | Esth\u00e9ticienne Longueuil","og_description":"La Cr\u00e8me de Repos Biomim\u00e9tique est compatible avec les peaux qui ne supportent plus rien. Ce soin met la peau au \u201crepos\u201d","og_url":"https:\/\/esthetiquenovani.com\/boutique\/gammes\/esthederm-meilleures-cremes-anti-rides-estheticienne-longueuil\/cremes-gels-et-baumes\/creme-de-repos-biomimetique\/","og_site_name":"Clinique d'Esth&eacute;tique Novani","article_publisher":"https:\/\/www.facebook.com\/esthetiquehturcotte","article_modified_time":"2024-01-03T20:22:40+00:00","og_image":[{"width":1080,"height":1080,"url":"https:\/\/esthetiquenovani.com\/wp-content\/uploads\/2020\/06\/sensi_cremebiomimetique-1080x1080-1.jpg","type":"image\/jpeg"}],"twitter_card":"summary_large_image","twitter_misc":{"Est. reading time":"1 minute"},"schema":{"@context":"https:\/\/schema.org","@graph":[{"@type":"WebPage","@id":"https:\/\/esthetiquenovani.com\/boutique\/gammes\/esthederm-meilleures-cremes-anti-rides-estheticienne-longueuil\/cremes-gels-et-baumes\/creme-de-repos-biomimetique\/","url":"https:\/\/esthetiquenovani.com\/boutique\/gammes\/esthederm-meilleures-cremes-anti-rides-estheticienne-longueuil\/cremes-gels-et-baumes\/creme-de-repos-biomimetique\/","name":"Cr\u00e8me peaux sensibles | Institut Esthederm | Esth\u00e9ticienne Longueuil","isPartOf":{"@id":"https:\/\/esthetiquenovani.com\/#website"},"primaryImageOfPage":{"@id":"https:\/\/esthetiquenovani.com\/boutique\/gammes\/esthederm-meilleures-cremes-anti-rides-estheticienne-longueuil\/cremes-gels-et-baumes\/creme-de-repos-biomimetique\/#primaryimage"},"image":{"@id":"https:\/\/esthetiquenovani.com\/boutique\/gammes\/esthederm-meilleures-cremes-anti-rides-estheticienne-longueuil\/cremes-gels-et-baumes\/creme-de-repos-biomimetique\/#primaryimage"},"thumbnailUrl":"https:\/\/esthetiquenovani.com\/wp-content\/uploads\/2020\/06\/sensi_cremebiomimetique-1080x1080-1.jpg","datePublished":"2020-03-16T05:09:28+00:00","dateModified":"2024-01-03T20:22:40+00:00","description":"La Cr\u00e8me de Repos Biomim\u00e9tique est compatible avec les peaux qui ne supportent plus rien. Ce soin met la peau au \u201crepos\u201d","breadcrumb":{"@id":"https:\/\/esthetiquenovani.com\/boutique\/gammes\/esthederm-meilleures-cremes-anti-rides-estheticienne-longueuil\/cremes-gels-et-baumes\/creme-de-repos-biomimetique\/#breadcrumb"},"inLanguage":"en-US","potentialAction":[{"@type":"ReadAction","target":["https:\/\/esthetiquenovani.com\/boutique\/gammes\/esthederm-meilleures-cremes-anti-rides-estheticienne-longueuil\/cremes-gels-et-baumes\/creme-de-repos-biomimetique\/"]}]},{"@type":"ImageObject","inLanguage":"en-US","@id":"https:\/\/esthetiquenovani.com\/boutique\/gammes\/esthederm-meilleures-cremes-anti-rides-estheticienne-longueuil\/cremes-gels-et-baumes\/creme-de-repos-biomimetique\/#primaryimage","url":"https:\/\/esthetiquenovani.com\/wp-content\/uploads\/2020\/06\/sensi_cremebiomimetique-1080x1080-1.jpg","contentUrl":"https:\/\/esthetiquenovani.com\/wp-content\/uploads\/2020\/06\/sensi_cremebiomimetique-1080x1080-1.jpg","width":1080,"height":1080,"caption":"Esthederm - Sensi System - Cr\u00e8me de repos Biomim\u00e9tique"},{"@type":"BreadcrumbList","@id":"https:\/\/esthetiquenovani.com\/boutique\/gammes\/esthederm-meilleures-cremes-anti-rides-estheticienne-longueuil\/cremes-gels-et-baumes\/creme-de-repos-biomimetique\/#breadcrumb","itemListElement":[{"@type":"ListItem","position":1,"name":"Accueil","item":"https:\/\/esthetiquenovani.com\/en\/"},{"@type":"ListItem","position":2,"name":"Boutique","item":"https:\/\/esthetiquenovani.com\/boutique\/"},{"@type":"ListItem","position":3,"name":"Esthederm &#8211; Sensi System &#8211; Cr\u00e8me de repos Biomim\u00e9tique"}]},{"@type":"WebSite","@id":"https:\/\/esthetiquenovani.com\/#website","url":"https:\/\/esthetiquenovani.com\/","name":"Clinique d'Esth&eacute;tique Novani","description":"Brossard, Longueil &amp; Chambly","publisher":{"@id":"https:\/\/esthetiquenovani.com\/#organization"},"potentialAction":[{"@type":"SearchAction","target":{"@type":"EntryPoint","urlTemplate":"https:\/\/esthetiquenovani.com\/?s={search_term_string}"},"query-input":{"@type":"PropertyValueSpecification","valueRequired":true,"valueName":"search_term_string"}}],"inLanguage":"en-US"},{"@type":"Organization","@id":"https:\/\/esthetiquenovani.com\/#organization","name":"Esth\u00e9tique Huguette Turcotte","url":"https:\/\/esthetiquenovani.com\/","logo":{"@type":"ImageObject","inLanguage":"en-US","@id":"https:\/\/esthetiquenovani.com\/#\/schema\/logo\/image\/","url":"https:\/\/esthetiquenovani.com\/wp-content\/uploads\/2018\/01\/qui-sommes-nous.jpg","contentUrl":"https:\/\/esthetiquenovani.com\/wp-content\/uploads\/2018\/01\/qui-sommes-nous.jpg","width":637,"height":425,"caption":"Esth\u00e9tique Huguette Turcotte"},"image":{"@id":"https:\/\/esthetiquenovani.com\/#\/schema\/logo\/image\/"},"sameAs":["https:\/\/www.facebook.com\/esthetiquehturcotte"]}]}},"_links":{"self":[{"href":"https:\/\/esthetiquenovani.com\/en\/wp-json\/wp\/v2\/product\/2876","targetHints":{"allow":["GET"]}}],"collection":[{"href":"https:\/\/esthetiquenovani.com\/en\/wp-json\/wp\/v2\/product"}],"about":[{"href":"https:\/\/esthetiquenovani.com\/en\/wp-json\/wp\/v2\/types\/product"}],"wp:featuredmedia":[{"embeddable":true,"href":"https:\/\/esthetiquenovani.com\/en\/wp-json\/wp\/v2\/media\/4951"}],"wp:attachment":[{"href":"https:\/\/esthetiquenovani.com\/en\/wp-json\/wp\/v2\/media?parent=2876"}],"wp:term":[{"taxonomy":"product_brand","embeddable":true,"href":"https:\/\/esthetiquenovani.com\/en\/wp-json\/wp\/v2\/product_brand?post=2876"},{"taxonomy":"product_cat","embeddable":true,"href":"https:\/\/esthetiquenovani.com\/en\/wp-json\/wp\/v2\/product_cat?post=2876"},{"taxonomy":"product_tag","embeddable":true,"href":"https:\/\/esthetiquenovani.com\/en\/wp-json\/wp\/v2\/product_tag?post=2876"}],"curies":[{"name":"wp","href":"https:\/\/api.w.org\/{rel}","templated":true}]}}