{"id":2888,"date":"2020-03-16T01:34:04","date_gmt":"2020-03-16T05:34:04","guid":{"rendered":"https:\/\/esthetiquenovani.com\/produit\/intensif-creme-propolis\/"},"modified":"2026-01-06T17:25:59","modified_gmt":"2026-01-06T22:25:59","slug":"intensif-creme-propolis","status":"publish","type":"product","link":"https:\/\/esthetiquenovani.com\/en\/boutique\/gammes\/esthederm-meilleures-cremes-anti-rides-estheticienne-longueuil\/cremes-gels-et-baumes\/intensif-creme-propolis\/","title":{"rendered":"Esthederm &#8211; Intensive Propolis+ Acide F\u00e9rulique &#8211; CR\u00c8ME Perfectrice"},"content":{"rendered":"<p>La cr\u00e8me perfectrice Propolis fait partie de la Collection INTENSIVE d&#8217;Esthederm.\u00a0 L\u2019efficacit\u00e9 d\u00e9montr\u00e9e de mol\u00e9cules de r\u00e9f\u00e9rence en dermo-esth\u00e9tique, s\u00e9lectionn\u00e9es et parfaitement dos\u00e9es par la recherche Esthederm pour des r\u00e9sultats rapides et durables sur les signes visibles des d\u00e9s\u00e9quilibres de la peau et de son vieillissement.<\/p>\n","protected":false},"excerpt":{"rendered":"<p>Gr\u00e2ce \u00e0 la propolis, connue pour ses propri\u00e9t\u00e9s purifiantes et apaisantes, la cr\u00e8me Intensive Propolis+ att\u00e9nue l\u2019apparence des boutons et matifie la peau. Avec sa texture l\u00e9g\u00e8re et non-grasse enrichie en Acide F\u00e9rulique, cette cr\u00e8me perfectrice lisse la peau et aide \u00e0 pr\u00e9server visiblement la jeunesse de la peau. En compl\u00e9ment, un peptide biomim\u00e9tique att\u00e9nue visiblement rides et ridules.<\/p>\n<p>&nbsp;<\/p>\n<p class=\"h5\">CONSEILS D&#8217;APPLICATION<\/p>\n<div id=\"benefitsd'application\" class=\"product__collapse-panel\">\n<p>Appliquer matin et soir sur la peau propre et s\u00e8che du visage et du cou. Destin\u00e9 aux adultes. La collection INTENSIVE s\u2019utilise en alternance avec les soins habituels ou en compl\u00e9ment d\u2019actes esth\u00e9tiques.<\/p>\n<p>Format 50 ml<\/p>\n<\/div>\n","protected":false},"featured_media":6952,"template":"","meta":{"_et_pb_use_builder":"","_et_pb_old_content":"","_et_gb_content_width":""},"product_brand":[],"product_cat":[99,63,57,103,62,50,52],"product_tag":[],"class_list":{"0":"post-2888","1":"product","2":"type-product","3":"status-publish","4":"has-post-thumbnail","6":"product_cat-cremes-gels-et-baumes","7":"product_cat-acne","8":"product_cat-collection-intensive-esthederm","9":"product_cat-collection-molecules-intensives","10":"product_cat-cremes","11":"product_cat-esthederm-meilleures-cremes-anti-rides-estheticienne-longueuil","12":"product_cat-peau-grasse-et-pores-dilates","14":"first","15":"instock","16":"taxable","17":"shipping-taxable","18":"purchasable","19":"product-type-simple"},"yoast_head":"<!-- This site is optimized with the Yoast SEO plugin v27.4 - https:\/\/yoast.com\/product\/yoast-seo-wordpress\/ -->\n<title>Cr\u00e8me \u00e0 la Prpopolis + | solution pour acn\u00e9 adulte ou boutons<\/title>\n<meta name=\"description\" content=\"Cr\u00e8me \u00e0 la Propolis - acn\u00e9 adulte - purifiante, apaisante et antioxydante remarquable. Peaux matures et grasses, boutons, port du masque.\" \/>\n<meta name=\"robots\" content=\"index, follow, max-snippet:-1, max-image-preview:large, max-video-preview:-1\" \/>\n<link rel=\"canonical\" href=\"https:\/\/esthetiquenovani.com\/boutique\/gammes\/esthederm-meilleures-cremes-anti-rides-estheticienne-longueuil\/cremes-gels-et-baumes\/intensif-creme-propolis\/\" \/>\n<meta property=\"og:locale\" content=\"en_US\" \/>\n<meta property=\"og:type\" content=\"article\" \/>\n<meta property=\"og:title\" content=\"Cr\u00e8me \u00e0 la Prpopolis + | solution pour acn\u00e9 adulte ou boutons\" \/>\n<meta property=\"og:description\" content=\"Cr\u00e8me \u00e0 la Propolis - acn\u00e9 adulte - purifiante, apaisante et antioxydante remarquable. Peaux matures et grasses, boutons, port du masque.\" \/>\n<meta property=\"og:url\" content=\"https:\/\/esthetiquenovani.com\/boutique\/gammes\/esthederm-meilleures-cremes-anti-rides-estheticienne-longueuil\/cremes-gels-et-baumes\/intensif-creme-propolis\/\" \/>\n<meta property=\"og:site_name\" content=\"Clinique d&#039;Esth&eacute;tique Novani\" \/>\n<meta property=\"article:publisher\" content=\"https:\/\/www.facebook.com\/esthetiquehturcotte\" \/>\n<meta property=\"article:modified_time\" content=\"2026-01-06T22:25:59+00:00\" \/>\n<meta property=\"og:image\" content=\"https:\/\/esthetiquenovani.com\/wp-content\/uploads\/2020\/03\/v621102-intensive-propolis-creme-perfectrice-fermee-1080x1080-ombre.png\" \/>\n\t<meta property=\"og:image:width\" content=\"1081\" \/>\n\t<meta property=\"og:image:height\" content=\"1081\" \/>\n\t<meta property=\"og:image:type\" content=\"image\/png\" \/>\n<meta name=\"twitter:card\" content=\"summary_large_image\" \/>\n<meta name=\"twitter:label1\" content=\"Est. reading time\" \/>\n\t<meta name=\"twitter:data1\" content=\"1 minute\" \/>\n<script type=\"application\/ld+json\" class=\"yoast-schema-graph\">{\"@context\":\"https:\\\/\\\/schema.org\",\"@graph\":[{\"@type\":\"WebPage\",\"@id\":\"https:\\\/\\\/esthetiquenovani.com\\\/boutique\\\/gammes\\\/esthederm-meilleures-cremes-anti-rides-estheticienne-longueuil\\\/cremes-gels-et-baumes\\\/intensif-creme-propolis\\\/\",\"url\":\"https:\\\/\\\/esthetiquenovani.com\\\/boutique\\\/gammes\\\/esthederm-meilleures-cremes-anti-rides-estheticienne-longueuil\\\/cremes-gels-et-baumes\\\/intensif-creme-propolis\\\/\",\"name\":\"Cr\u00e8me \u00e0 la Prpopolis + | solution pour acn\u00e9 adulte ou boutons\",\"isPartOf\":{\"@id\":\"https:\\\/\\\/esthetiquenovani.com\\\/#website\"},\"primaryImageOfPage\":{\"@id\":\"https:\\\/\\\/esthetiquenovani.com\\\/boutique\\\/gammes\\\/esthederm-meilleures-cremes-anti-rides-estheticienne-longueuil\\\/cremes-gels-et-baumes\\\/intensif-creme-propolis\\\/#primaryimage\"},\"image\":{\"@id\":\"https:\\\/\\\/esthetiquenovani.com\\\/boutique\\\/gammes\\\/esthederm-meilleures-cremes-anti-rides-estheticienne-longueuil\\\/cremes-gels-et-baumes\\\/intensif-creme-propolis\\\/#primaryimage\"},\"thumbnailUrl\":\"https:\\\/\\\/esthetiquenovani.com\\\/wp-content\\\/uploads\\\/2020\\\/03\\\/v621102-intensive-propolis-creme-perfectrice-fermee-1080x1080-ombre.png\",\"datePublished\":\"2020-03-16T05:34:04+00:00\",\"dateModified\":\"2026-01-06T22:25:59+00:00\",\"description\":\"Cr\u00e8me \u00e0 la Propolis - acn\u00e9 adulte - purifiante, apaisante et antioxydante remarquable. Peaux matures et grasses, boutons, port du masque.\",\"breadcrumb\":{\"@id\":\"https:\\\/\\\/esthetiquenovani.com\\\/boutique\\\/gammes\\\/esthederm-meilleures-cremes-anti-rides-estheticienne-longueuil\\\/cremes-gels-et-baumes\\\/intensif-creme-propolis\\\/#breadcrumb\"},\"inLanguage\":\"en-US\",\"potentialAction\":[{\"@type\":\"ReadAction\",\"target\":[\"https:\\\/\\\/esthetiquenovani.com\\\/boutique\\\/gammes\\\/esthederm-meilleures-cremes-anti-rides-estheticienne-longueuil\\\/cremes-gels-et-baumes\\\/intensif-creme-propolis\\\/\"]}]},{\"@type\":\"ImageObject\",\"inLanguage\":\"en-US\",\"@id\":\"https:\\\/\\\/esthetiquenovani.com\\\/boutique\\\/gammes\\\/esthederm-meilleures-cremes-anti-rides-estheticienne-longueuil\\\/cremes-gels-et-baumes\\\/intensif-creme-propolis\\\/#primaryimage\",\"url\":\"https:\\\/\\\/esthetiquenovani.com\\\/wp-content\\\/uploads\\\/2020\\\/03\\\/v621102-intensive-propolis-creme-perfectrice-fermee-1080x1080-ombre.png\",\"contentUrl\":\"https:\\\/\\\/esthetiquenovani.com\\\/wp-content\\\/uploads\\\/2020\\\/03\\\/v621102-intensive-propolis-creme-perfectrice-fermee-1080x1080-ombre.png\",\"width\":1081,\"height\":1081,\"caption\":\"PROPOLIS cr\u00e8me anti-acn\u00e9 et anti-\u00e2ge Boutique en ligne esth\u00e9tique longueuil\"},{\"@type\":\"BreadcrumbList\",\"@id\":\"https:\\\/\\\/esthetiquenovani.com\\\/boutique\\\/gammes\\\/esthederm-meilleures-cremes-anti-rides-estheticienne-longueuil\\\/cremes-gels-et-baumes\\\/intensif-creme-propolis\\\/#breadcrumb\",\"itemListElement\":[{\"@type\":\"ListItem\",\"position\":1,\"name\":\"Accueil\",\"item\":\"https:\\\/\\\/esthetiquenovani.com\\\/en\\\/\"},{\"@type\":\"ListItem\",\"position\":2,\"name\":\"Boutique\",\"item\":\"https:\\\/\\\/esthetiquenovani.com\\\/boutique\\\/\"},{\"@type\":\"ListItem\",\"position\":3,\"name\":\"Esthederm &#8211; Intensive Propolis+ Acide F\u00e9rulique &#8211; CR\u00c8ME Perfectrice\"}]},{\"@type\":\"WebSite\",\"@id\":\"https:\\\/\\\/esthetiquenovani.com\\\/#website\",\"url\":\"https:\\\/\\\/esthetiquenovani.com\\\/\",\"name\":\"Clinique d'Esth&eacute;tique Novani\",\"description\":\"Brossard, Longueil &amp; Chambly\",\"publisher\":{\"@id\":\"https:\\\/\\\/esthetiquenovani.com\\\/#organization\"},\"potentialAction\":[{\"@type\":\"SearchAction\",\"target\":{\"@type\":\"EntryPoint\",\"urlTemplate\":\"https:\\\/\\\/esthetiquenovani.com\\\/?s={search_term_string}\"},\"query-input\":{\"@type\":\"PropertyValueSpecification\",\"valueRequired\":true,\"valueName\":\"search_term_string\"}}],\"inLanguage\":\"en-US\"},{\"@type\":\"Organization\",\"@id\":\"https:\\\/\\\/esthetiquenovani.com\\\/#organization\",\"name\":\"Esth\u00e9tique Huguette Turcotte\",\"url\":\"https:\\\/\\\/esthetiquenovani.com\\\/\",\"logo\":{\"@type\":\"ImageObject\",\"inLanguage\":\"en-US\",\"@id\":\"https:\\\/\\\/esthetiquenovani.com\\\/#\\\/schema\\\/logo\\\/image\\\/\",\"url\":\"https:\\\/\\\/esthetiquenovani.com\\\/wp-content\\\/uploads\\\/2018\\\/01\\\/qui-sommes-nous.jpg\",\"contentUrl\":\"https:\\\/\\\/esthetiquenovani.com\\\/wp-content\\\/uploads\\\/2018\\\/01\\\/qui-sommes-nous.jpg\",\"width\":637,\"height\":425,\"caption\":\"Esth\u00e9tique Huguette Turcotte\"},\"image\":{\"@id\":\"https:\\\/\\\/esthetiquenovani.com\\\/#\\\/schema\\\/logo\\\/image\\\/\"},\"sameAs\":[\"https:\\\/\\\/www.facebook.com\\\/esthetiquehturcotte\"]}]}<\/script>\n<!-- \/ Yoast SEO plugin. -->","yoast_head_json":{"title":"Cr\u00e8me \u00e0 la Prpopolis + | solution pour acn\u00e9 adulte ou boutons","description":"Cr\u00e8me \u00e0 la Propolis - acn\u00e9 adulte - purifiante, apaisante et antioxydante remarquable. Peaux matures et grasses, boutons, port du masque.","robots":{"index":"index","follow":"follow","max-snippet":"max-snippet:-1","max-image-preview":"max-image-preview:large","max-video-preview":"max-video-preview:-1"},"canonical":"https:\/\/esthetiquenovani.com\/boutique\/gammes\/esthederm-meilleures-cremes-anti-rides-estheticienne-longueuil\/cremes-gels-et-baumes\/intensif-creme-propolis\/","og_locale":"en_US","og_type":"article","og_title":"Cr\u00e8me \u00e0 la Prpopolis + | solution pour acn\u00e9 adulte ou boutons","og_description":"Cr\u00e8me \u00e0 la Propolis - acn\u00e9 adulte - purifiante, apaisante et antioxydante remarquable. Peaux matures et grasses, boutons, port du masque.","og_url":"https:\/\/esthetiquenovani.com\/boutique\/gammes\/esthederm-meilleures-cremes-anti-rides-estheticienne-longueuil\/cremes-gels-et-baumes\/intensif-creme-propolis\/","og_site_name":"Clinique d'Esth&eacute;tique Novani","article_publisher":"https:\/\/www.facebook.com\/esthetiquehturcotte","article_modified_time":"2026-01-06T22:25:59+00:00","og_image":[{"width":1081,"height":1081,"url":"https:\/\/esthetiquenovani.com\/wp-content\/uploads\/2020\/03\/v621102-intensive-propolis-creme-perfectrice-fermee-1080x1080-ombre.png","type":"image\/png"}],"twitter_card":"summary_large_image","twitter_misc":{"Est. reading time":"1 minute"},"schema":{"@context":"https:\/\/schema.org","@graph":[{"@type":"WebPage","@id":"https:\/\/esthetiquenovani.com\/boutique\/gammes\/esthederm-meilleures-cremes-anti-rides-estheticienne-longueuil\/cremes-gels-et-baumes\/intensif-creme-propolis\/","url":"https:\/\/esthetiquenovani.com\/boutique\/gammes\/esthederm-meilleures-cremes-anti-rides-estheticienne-longueuil\/cremes-gels-et-baumes\/intensif-creme-propolis\/","name":"Cr\u00e8me \u00e0 la Prpopolis + | solution pour acn\u00e9 adulte ou boutons","isPartOf":{"@id":"https:\/\/esthetiquenovani.com\/#website"},"primaryImageOfPage":{"@id":"https:\/\/esthetiquenovani.com\/boutique\/gammes\/esthederm-meilleures-cremes-anti-rides-estheticienne-longueuil\/cremes-gels-et-baumes\/intensif-creme-propolis\/#primaryimage"},"image":{"@id":"https:\/\/esthetiquenovani.com\/boutique\/gammes\/esthederm-meilleures-cremes-anti-rides-estheticienne-longueuil\/cremes-gels-et-baumes\/intensif-creme-propolis\/#primaryimage"},"thumbnailUrl":"https:\/\/esthetiquenovani.com\/wp-content\/uploads\/2020\/03\/v621102-intensive-propolis-creme-perfectrice-fermee-1080x1080-ombre.png","datePublished":"2020-03-16T05:34:04+00:00","dateModified":"2026-01-06T22:25:59+00:00","description":"Cr\u00e8me \u00e0 la Propolis - acn\u00e9 adulte - purifiante, apaisante et antioxydante remarquable. Peaux matures et grasses, boutons, port du masque.","breadcrumb":{"@id":"https:\/\/esthetiquenovani.com\/boutique\/gammes\/esthederm-meilleures-cremes-anti-rides-estheticienne-longueuil\/cremes-gels-et-baumes\/intensif-creme-propolis\/#breadcrumb"},"inLanguage":"en-US","potentialAction":[{"@type":"ReadAction","target":["https:\/\/esthetiquenovani.com\/boutique\/gammes\/esthederm-meilleures-cremes-anti-rides-estheticienne-longueuil\/cremes-gels-et-baumes\/intensif-creme-propolis\/"]}]},{"@type":"ImageObject","inLanguage":"en-US","@id":"https:\/\/esthetiquenovani.com\/boutique\/gammes\/esthederm-meilleures-cremes-anti-rides-estheticienne-longueuil\/cremes-gels-et-baumes\/intensif-creme-propolis\/#primaryimage","url":"https:\/\/esthetiquenovani.com\/wp-content\/uploads\/2020\/03\/v621102-intensive-propolis-creme-perfectrice-fermee-1080x1080-ombre.png","contentUrl":"https:\/\/esthetiquenovani.com\/wp-content\/uploads\/2020\/03\/v621102-intensive-propolis-creme-perfectrice-fermee-1080x1080-ombre.png","width":1081,"height":1081,"caption":"PROPOLIS cr\u00e8me anti-acn\u00e9 et anti-\u00e2ge Boutique en ligne esth\u00e9tique longueuil"},{"@type":"BreadcrumbList","@id":"https:\/\/esthetiquenovani.com\/boutique\/gammes\/esthederm-meilleures-cremes-anti-rides-estheticienne-longueuil\/cremes-gels-et-baumes\/intensif-creme-propolis\/#breadcrumb","itemListElement":[{"@type":"ListItem","position":1,"name":"Accueil","item":"https:\/\/esthetiquenovani.com\/en\/"},{"@type":"ListItem","position":2,"name":"Boutique","item":"https:\/\/esthetiquenovani.com\/boutique\/"},{"@type":"ListItem","position":3,"name":"Esthederm &#8211; Intensive Propolis+ Acide F\u00e9rulique &#8211; CR\u00c8ME Perfectrice"}]},{"@type":"WebSite","@id":"https:\/\/esthetiquenovani.com\/#website","url":"https:\/\/esthetiquenovani.com\/","name":"Clinique d'Esth&eacute;tique Novani","description":"Brossard, Longueil &amp; Chambly","publisher":{"@id":"https:\/\/esthetiquenovani.com\/#organization"},"potentialAction":[{"@type":"SearchAction","target":{"@type":"EntryPoint","urlTemplate":"https:\/\/esthetiquenovani.com\/?s={search_term_string}"},"query-input":{"@type":"PropertyValueSpecification","valueRequired":true,"valueName":"search_term_string"}}],"inLanguage":"en-US"},{"@type":"Organization","@id":"https:\/\/esthetiquenovani.com\/#organization","name":"Esth\u00e9tique Huguette Turcotte","url":"https:\/\/esthetiquenovani.com\/","logo":{"@type":"ImageObject","inLanguage":"en-US","@id":"https:\/\/esthetiquenovani.com\/#\/schema\/logo\/image\/","url":"https:\/\/esthetiquenovani.com\/wp-content\/uploads\/2018\/01\/qui-sommes-nous.jpg","contentUrl":"https:\/\/esthetiquenovani.com\/wp-content\/uploads\/2018\/01\/qui-sommes-nous.jpg","width":637,"height":425,"caption":"Esth\u00e9tique Huguette Turcotte"},"image":{"@id":"https:\/\/esthetiquenovani.com\/#\/schema\/logo\/image\/"},"sameAs":["https:\/\/www.facebook.com\/esthetiquehturcotte"]}]}},"_links":{"self":[{"href":"https:\/\/esthetiquenovani.com\/en\/wp-json\/wp\/v2\/product\/2888","targetHints":{"allow":["GET"]}}],"collection":[{"href":"https:\/\/esthetiquenovani.com\/en\/wp-json\/wp\/v2\/product"}],"about":[{"href":"https:\/\/esthetiquenovani.com\/en\/wp-json\/wp\/v2\/types\/product"}],"wp:featuredmedia":[{"embeddable":true,"href":"https:\/\/esthetiquenovani.com\/en\/wp-json\/wp\/v2\/media\/6952"}],"wp:attachment":[{"href":"https:\/\/esthetiquenovani.com\/en\/wp-json\/wp\/v2\/media?parent=2888"}],"wp:term":[{"taxonomy":"product_brand","embeddable":true,"href":"https:\/\/esthetiquenovani.com\/en\/wp-json\/wp\/v2\/product_brand?post=2888"},{"taxonomy":"product_cat","embeddable":true,"href":"https:\/\/esthetiquenovani.com\/en\/wp-json\/wp\/v2\/product_cat?post=2888"},{"taxonomy":"product_tag","embeddable":true,"href":"https:\/\/esthetiquenovani.com\/en\/wp-json\/wp\/v2\/product_tag?post=2888"}],"curies":[{"name":"wp","href":"https:\/\/api.w.org\/{rel}","templated":true}]}}