{"id":3190,"date":"2020-03-20T02:25:31","date_gmt":"2020-03-20T06:25:31","guid":{"rendered":"https:\/\/esthetiquenovani.com\/produit\/active-repair-contour-des-yeux\/"},"modified":"2026-01-06T17:21:07","modified_gmt":"2026-01-06T22:21:07","slug":"active-repair-contour-des-yeux","status":"publish","type":"product","link":"https:\/\/esthetiquenovani.com\/en\/boutique\/gammes\/esthederm-meilleures-cremes-anti-rides-estheticienne-longueuil\/yeux-cou-mains-et-levres\/active-repair-contour-des-yeux\/","title":{"rendered":"Esthederm &#8211; Active Repair &#8211; contour des yeux"},"content":{"rendered":"","protected":false},"excerpt":{"rendered":"<p>Gel d\u00e9congestionnant r\u00e9duisant l\u2019apparence des cernes et des poches. Convient \u00e0 tous types de peaux apr\u00e8s 25 ans. Ce soin contour des yeux fortifie et r\u00e9g\u00e9n\u00e8re l\u2019hydratation de la zone fragile du contour de l\u2019oeil.<\/p>\n<div class=\"product__collapse\">\n<p class=\"h5\">CONSEILS D&#8217;APPLICATION<\/p>\n<div id=\"applicationTips\" class=\"product__collapse-panel\">\n<p>Appliquer matin et soir sur la peau propre et s\u00e8che du contour de l\u2019oeil. Faire p\u00e9n\u00e9trer par de l\u00e9gers tapotements de l\u2019int\u00e9rieur vers l\u2019ext\u00e9rieur de l\u2019oeil.<\/p>\n<\/div>\n<\/div>\n","protected":false},"featured_media":4964,"template":"","meta":{"_et_pb_use_builder":"","_et_pb_old_content":"","_et_gb_content_width":""},"product_brand":[],"product_cat":[100,50,56,60,54],"product_tag":[],"class_list":{"0":"post-3190","1":"product","2":"type-product","3":"status-publish","4":"has-post-thumbnail","6":"product_cat-yeux-cou-mains-et-levres","7":"product_cat-esthederm-meilleures-cremes-anti-rides-estheticienne-longueuil","8":"product_cat-premiers-signes-de-lage","9":"product_cat-rides-installees-et-perte-de-fermete","10":"product_cat-yeux-cou-levres-mains","12":"first","13":"instock","14":"taxable","15":"shipping-taxable","16":"purchasable","17":"product-type-simple"},"yoast_head":"<!-- This site is optimized with the Yoast SEO plugin v27.4 - https:\/\/yoast.com\/product\/yoast-seo-wordpress\/ -->\n<title>Cr\u00e8me contour des yeux anti ride | Esthederm | Esth\u00e9ticienne Longueuil<\/title>\n<meta name=\"robots\" content=\"index, follow, max-snippet:-1, max-image-preview:large, max-video-preview:-1\" \/>\n<link rel=\"canonical\" href=\"https:\/\/esthetiquenovani.com\/boutique\/gammes\/esthederm-meilleures-cremes-anti-rides-estheticienne-longueuil\/yeux-cou-mains-et-levres\/active-repair-contour-des-yeux\/\" \/>\n<meta property=\"og:locale\" content=\"en_US\" \/>\n<meta property=\"og:type\" content=\"article\" \/>\n<meta property=\"og:title\" content=\"Cr\u00e8me contour des yeux anti ride | Esthederm | Esth\u00e9ticienne Longueuil\" \/>\n<meta property=\"og:description\" content=\"Gel d\u00e9congestionnant r\u00e9duisant l\u2019apparence des cernes et des poches. Convient \u00e0 tous types de peaux apr\u00e8s 25 ans. Ce soin contour des yeux fortifie et r\u00e9g\u00e9n\u00e8re l\u2019hydratation de la zone fragile du contour de l\u2019oeil.  CONSEILS D&#039;APPLICATION    Appliquer matin et soir sur la peau propre et s\u00e8che du contour de l\u2019oeil. Faire p\u00e9n\u00e9trer par de l\u00e9gers tapotements de l\u2019int\u00e9rieur vers l\u2019ext\u00e9rieur de l\u2019oeil.\" \/>\n<meta property=\"og:url\" content=\"https:\/\/esthetiquenovani.com\/boutique\/gammes\/esthederm-meilleures-cremes-anti-rides-estheticienne-longueuil\/yeux-cou-mains-et-levres\/active-repair-contour-des-yeux\/\" \/>\n<meta property=\"og:site_name\" content=\"Clinique d&#039;Esth&eacute;tique Novani\" \/>\n<meta property=\"article:publisher\" content=\"https:\/\/www.facebook.com\/esthetiquehturcotte\" \/>\n<meta property=\"article:modified_time\" content=\"2026-01-06T22:21:07+00:00\" \/>\n<meta property=\"og:image\" content=\"https:\/\/esthetiquenovani.com\/wp-content\/uploads\/2020\/06\/activerepair_cdy-1080x1080-1.jpg\" \/>\n\t<meta property=\"og:image:width\" content=\"1080\" \/>\n\t<meta property=\"og:image:height\" content=\"1080\" \/>\n\t<meta property=\"og:image:type\" content=\"image\/jpeg\" \/>\n<meta name=\"twitter:card\" content=\"summary_large_image\" \/>\n<script type=\"application\/ld+json\" class=\"yoast-schema-graph\">{\"@context\":\"https:\\\/\\\/schema.org\",\"@graph\":[{\"@type\":\"WebPage\",\"@id\":\"https:\\\/\\\/esthetiquenovani.com\\\/boutique\\\/gammes\\\/esthederm-meilleures-cremes-anti-rides-estheticienne-longueuil\\\/yeux-cou-mains-et-levres\\\/active-repair-contour-des-yeux\\\/\",\"url\":\"https:\\\/\\\/esthetiquenovani.com\\\/boutique\\\/gammes\\\/esthederm-meilleures-cremes-anti-rides-estheticienne-longueuil\\\/yeux-cou-mains-et-levres\\\/active-repair-contour-des-yeux\\\/\",\"name\":\"Cr\u00e8me contour des yeux anti ride | Esthederm | Esth\u00e9ticienne Longueuil\",\"isPartOf\":{\"@id\":\"https:\\\/\\\/esthetiquenovani.com\\\/#website\"},\"primaryImageOfPage\":{\"@id\":\"https:\\\/\\\/esthetiquenovani.com\\\/boutique\\\/gammes\\\/esthederm-meilleures-cremes-anti-rides-estheticienne-longueuil\\\/yeux-cou-mains-et-levres\\\/active-repair-contour-des-yeux\\\/#primaryimage\"},\"image\":{\"@id\":\"https:\\\/\\\/esthetiquenovani.com\\\/boutique\\\/gammes\\\/esthederm-meilleures-cremes-anti-rides-estheticienne-longueuil\\\/yeux-cou-mains-et-levres\\\/active-repair-contour-des-yeux\\\/#primaryimage\"},\"thumbnailUrl\":\"https:\\\/\\\/esthetiquenovani.com\\\/wp-content\\\/uploads\\\/2020\\\/06\\\/activerepair_cdy-1080x1080-1.jpg\",\"datePublished\":\"2020-03-20T06:25:31+00:00\",\"dateModified\":\"2026-01-06T22:21:07+00:00\",\"breadcrumb\":{\"@id\":\"https:\\\/\\\/esthetiquenovani.com\\\/boutique\\\/gammes\\\/esthederm-meilleures-cremes-anti-rides-estheticienne-longueuil\\\/yeux-cou-mains-et-levres\\\/active-repair-contour-des-yeux\\\/#breadcrumb\"},\"inLanguage\":\"en-US\",\"potentialAction\":[{\"@type\":\"ReadAction\",\"target\":[\"https:\\\/\\\/esthetiquenovani.com\\\/boutique\\\/gammes\\\/esthederm-meilleures-cremes-anti-rides-estheticienne-longueuil\\\/yeux-cou-mains-et-levres\\\/active-repair-contour-des-yeux\\\/\"]}]},{\"@type\":\"ImageObject\",\"inLanguage\":\"en-US\",\"@id\":\"https:\\\/\\\/esthetiquenovani.com\\\/boutique\\\/gammes\\\/esthederm-meilleures-cremes-anti-rides-estheticienne-longueuil\\\/yeux-cou-mains-et-levres\\\/active-repair-contour-des-yeux\\\/#primaryimage\",\"url\":\"https:\\\/\\\/esthetiquenovani.com\\\/wp-content\\\/uploads\\\/2020\\\/06\\\/activerepair_cdy-1080x1080-1.jpg\",\"contentUrl\":\"https:\\\/\\\/esthetiquenovani.com\\\/wp-content\\\/uploads\\\/2020\\\/06\\\/activerepair_cdy-1080x1080-1.jpg\",\"width\":1080,\"height\":1080,\"caption\":\"Esthederm - Active Repair - contour des yeux\"},{\"@type\":\"BreadcrumbList\",\"@id\":\"https:\\\/\\\/esthetiquenovani.com\\\/boutique\\\/gammes\\\/esthederm-meilleures-cremes-anti-rides-estheticienne-longueuil\\\/yeux-cou-mains-et-levres\\\/active-repair-contour-des-yeux\\\/#breadcrumb\",\"itemListElement\":[{\"@type\":\"ListItem\",\"position\":1,\"name\":\"Accueil\",\"item\":\"https:\\\/\\\/esthetiquenovani.com\\\/en\\\/\"},{\"@type\":\"ListItem\",\"position\":2,\"name\":\"Boutique\",\"item\":\"https:\\\/\\\/esthetiquenovani.com\\\/boutique\\\/\"},{\"@type\":\"ListItem\",\"position\":3,\"name\":\"Esthederm &#8211; Active Repair &#8211; contour des yeux\"}]},{\"@type\":\"WebSite\",\"@id\":\"https:\\\/\\\/esthetiquenovani.com\\\/#website\",\"url\":\"https:\\\/\\\/esthetiquenovani.com\\\/\",\"name\":\"Clinique d'Esth&eacute;tique Novani\",\"description\":\"Brossard, Longueil &amp; Chambly\",\"publisher\":{\"@id\":\"https:\\\/\\\/esthetiquenovani.com\\\/#organization\"},\"potentialAction\":[{\"@type\":\"SearchAction\",\"target\":{\"@type\":\"EntryPoint\",\"urlTemplate\":\"https:\\\/\\\/esthetiquenovani.com\\\/?s={search_term_string}\"},\"query-input\":{\"@type\":\"PropertyValueSpecification\",\"valueRequired\":true,\"valueName\":\"search_term_string\"}}],\"inLanguage\":\"en-US\"},{\"@type\":\"Organization\",\"@id\":\"https:\\\/\\\/esthetiquenovani.com\\\/#organization\",\"name\":\"Esth\u00e9tique Huguette Turcotte\",\"url\":\"https:\\\/\\\/esthetiquenovani.com\\\/\",\"logo\":{\"@type\":\"ImageObject\",\"inLanguage\":\"en-US\",\"@id\":\"https:\\\/\\\/esthetiquenovani.com\\\/#\\\/schema\\\/logo\\\/image\\\/\",\"url\":\"https:\\\/\\\/esthetiquenovani.com\\\/wp-content\\\/uploads\\\/2018\\\/01\\\/qui-sommes-nous.jpg\",\"contentUrl\":\"https:\\\/\\\/esthetiquenovani.com\\\/wp-content\\\/uploads\\\/2018\\\/01\\\/qui-sommes-nous.jpg\",\"width\":637,\"height\":425,\"caption\":\"Esth\u00e9tique Huguette Turcotte\"},\"image\":{\"@id\":\"https:\\\/\\\/esthetiquenovani.com\\\/#\\\/schema\\\/logo\\\/image\\\/\"},\"sameAs\":[\"https:\\\/\\\/www.facebook.com\\\/esthetiquehturcotte\"]}]}<\/script>\n<!-- \/ Yoast SEO plugin. -->","yoast_head_json":{"title":"Cr\u00e8me contour des yeux anti ride | Esthederm | Esth\u00e9ticienne Longueuil","robots":{"index":"index","follow":"follow","max-snippet":"max-snippet:-1","max-image-preview":"max-image-preview:large","max-video-preview":"max-video-preview:-1"},"canonical":"https:\/\/esthetiquenovani.com\/boutique\/gammes\/esthederm-meilleures-cremes-anti-rides-estheticienne-longueuil\/yeux-cou-mains-et-levres\/active-repair-contour-des-yeux\/","og_locale":"en_US","og_type":"article","og_title":"Cr\u00e8me contour des yeux anti ride | Esthederm | Esth\u00e9ticienne Longueuil","og_description":"Gel d\u00e9congestionnant r\u00e9duisant l\u2019apparence des cernes et des poches. Convient \u00e0 tous types de peaux apr\u00e8s 25 ans. Ce soin contour des yeux fortifie et r\u00e9g\u00e9n\u00e8re l\u2019hydratation de la zone fragile du contour de l\u2019oeil.  CONSEILS D'APPLICATION    Appliquer matin et soir sur la peau propre et s\u00e8che du contour de l\u2019oeil. Faire p\u00e9n\u00e9trer par de l\u00e9gers tapotements de l\u2019int\u00e9rieur vers l\u2019ext\u00e9rieur de l\u2019oeil.","og_url":"https:\/\/esthetiquenovani.com\/boutique\/gammes\/esthederm-meilleures-cremes-anti-rides-estheticienne-longueuil\/yeux-cou-mains-et-levres\/active-repair-contour-des-yeux\/","og_site_name":"Clinique d'Esth&eacute;tique Novani","article_publisher":"https:\/\/www.facebook.com\/esthetiquehturcotte","article_modified_time":"2026-01-06T22:21:07+00:00","og_image":[{"width":1080,"height":1080,"url":"https:\/\/esthetiquenovani.com\/wp-content\/uploads\/2020\/06\/activerepair_cdy-1080x1080-1.jpg","type":"image\/jpeg"}],"twitter_card":"summary_large_image","schema":{"@context":"https:\/\/schema.org","@graph":[{"@type":"WebPage","@id":"https:\/\/esthetiquenovani.com\/boutique\/gammes\/esthederm-meilleures-cremes-anti-rides-estheticienne-longueuil\/yeux-cou-mains-et-levres\/active-repair-contour-des-yeux\/","url":"https:\/\/esthetiquenovani.com\/boutique\/gammes\/esthederm-meilleures-cremes-anti-rides-estheticienne-longueuil\/yeux-cou-mains-et-levres\/active-repair-contour-des-yeux\/","name":"Cr\u00e8me contour des yeux anti ride | Esthederm | Esth\u00e9ticienne Longueuil","isPartOf":{"@id":"https:\/\/esthetiquenovani.com\/#website"},"primaryImageOfPage":{"@id":"https:\/\/esthetiquenovani.com\/boutique\/gammes\/esthederm-meilleures-cremes-anti-rides-estheticienne-longueuil\/yeux-cou-mains-et-levres\/active-repair-contour-des-yeux\/#primaryimage"},"image":{"@id":"https:\/\/esthetiquenovani.com\/boutique\/gammes\/esthederm-meilleures-cremes-anti-rides-estheticienne-longueuil\/yeux-cou-mains-et-levres\/active-repair-contour-des-yeux\/#primaryimage"},"thumbnailUrl":"https:\/\/esthetiquenovani.com\/wp-content\/uploads\/2020\/06\/activerepair_cdy-1080x1080-1.jpg","datePublished":"2020-03-20T06:25:31+00:00","dateModified":"2026-01-06T22:21:07+00:00","breadcrumb":{"@id":"https:\/\/esthetiquenovani.com\/boutique\/gammes\/esthederm-meilleures-cremes-anti-rides-estheticienne-longueuil\/yeux-cou-mains-et-levres\/active-repair-contour-des-yeux\/#breadcrumb"},"inLanguage":"en-US","potentialAction":[{"@type":"ReadAction","target":["https:\/\/esthetiquenovani.com\/boutique\/gammes\/esthederm-meilleures-cremes-anti-rides-estheticienne-longueuil\/yeux-cou-mains-et-levres\/active-repair-contour-des-yeux\/"]}]},{"@type":"ImageObject","inLanguage":"en-US","@id":"https:\/\/esthetiquenovani.com\/boutique\/gammes\/esthederm-meilleures-cremes-anti-rides-estheticienne-longueuil\/yeux-cou-mains-et-levres\/active-repair-contour-des-yeux\/#primaryimage","url":"https:\/\/esthetiquenovani.com\/wp-content\/uploads\/2020\/06\/activerepair_cdy-1080x1080-1.jpg","contentUrl":"https:\/\/esthetiquenovani.com\/wp-content\/uploads\/2020\/06\/activerepair_cdy-1080x1080-1.jpg","width":1080,"height":1080,"caption":"Esthederm - Active Repair - contour des yeux"},{"@type":"BreadcrumbList","@id":"https:\/\/esthetiquenovani.com\/boutique\/gammes\/esthederm-meilleures-cremes-anti-rides-estheticienne-longueuil\/yeux-cou-mains-et-levres\/active-repair-contour-des-yeux\/#breadcrumb","itemListElement":[{"@type":"ListItem","position":1,"name":"Accueil","item":"https:\/\/esthetiquenovani.com\/en\/"},{"@type":"ListItem","position":2,"name":"Boutique","item":"https:\/\/esthetiquenovani.com\/boutique\/"},{"@type":"ListItem","position":3,"name":"Esthederm &#8211; Active Repair &#8211; contour des yeux"}]},{"@type":"WebSite","@id":"https:\/\/esthetiquenovani.com\/#website","url":"https:\/\/esthetiquenovani.com\/","name":"Clinique d'Esth&eacute;tique Novani","description":"Brossard, Longueil &amp; Chambly","publisher":{"@id":"https:\/\/esthetiquenovani.com\/#organization"},"potentialAction":[{"@type":"SearchAction","target":{"@type":"EntryPoint","urlTemplate":"https:\/\/esthetiquenovani.com\/?s={search_term_string}"},"query-input":{"@type":"PropertyValueSpecification","valueRequired":true,"valueName":"search_term_string"}}],"inLanguage":"en-US"},{"@type":"Organization","@id":"https:\/\/esthetiquenovani.com\/#organization","name":"Esth\u00e9tique Huguette Turcotte","url":"https:\/\/esthetiquenovani.com\/","logo":{"@type":"ImageObject","inLanguage":"en-US","@id":"https:\/\/esthetiquenovani.com\/#\/schema\/logo\/image\/","url":"https:\/\/esthetiquenovani.com\/wp-content\/uploads\/2018\/01\/qui-sommes-nous.jpg","contentUrl":"https:\/\/esthetiquenovani.com\/wp-content\/uploads\/2018\/01\/qui-sommes-nous.jpg","width":637,"height":425,"caption":"Esth\u00e9tique Huguette Turcotte"},"image":{"@id":"https:\/\/esthetiquenovani.com\/#\/schema\/logo\/image\/"},"sameAs":["https:\/\/www.facebook.com\/esthetiquehturcotte"]}]}},"_links":{"self":[{"href":"https:\/\/esthetiquenovani.com\/en\/wp-json\/wp\/v2\/product\/3190","targetHints":{"allow":["GET"]}}],"collection":[{"href":"https:\/\/esthetiquenovani.com\/en\/wp-json\/wp\/v2\/product"}],"about":[{"href":"https:\/\/esthetiquenovani.com\/en\/wp-json\/wp\/v2\/types\/product"}],"wp:featuredmedia":[{"embeddable":true,"href":"https:\/\/esthetiquenovani.com\/en\/wp-json\/wp\/v2\/media\/4964"}],"wp:attachment":[{"href":"https:\/\/esthetiquenovani.com\/en\/wp-json\/wp\/v2\/media?parent=3190"}],"wp:term":[{"taxonomy":"product_brand","embeddable":true,"href":"https:\/\/esthetiquenovani.com\/en\/wp-json\/wp\/v2\/product_brand?post=3190"},{"taxonomy":"product_cat","embeddable":true,"href":"https:\/\/esthetiquenovani.com\/en\/wp-json\/wp\/v2\/product_cat?post=3190"},{"taxonomy":"product_tag","embeddable":true,"href":"https:\/\/esthetiquenovani.com\/en\/wp-json\/wp\/v2\/product_tag?post=3190"}],"curies":[{"name":"wp","href":"https:\/\/api.w.org\/{rel}","templated":true}]}}