{"id":3203,"date":"2020-03-20T02:55:18","date_gmt":"2020-03-20T06:55:18","guid":{"rendered":"https:\/\/esthetiquenovani.com\/produit\/excellage-contour-des-yeux\/"},"modified":"2023-11-20T14:49:48","modified_gmt":"2023-11-20T19:49:48","slug":"excellage-contour-des-yeux","status":"publish","type":"product","link":"https:\/\/esthetiquenovani.com\/en\/boutique\/gammes\/esthederm-meilleures-cremes-anti-rides-estheticienne-longueuil\/yeux-cou-mains-et-levres\/excellage-contour-des-yeux\/","title":{"rendered":"Esthederm &#8211; Excellage &#8211; Contour des yeux"},"content":{"rendered":"","protected":false},"excerpt":{"rendered":"<p><span style=\"color: #000000\">Nourrit intens\u00e9ment, redensifie durablement et redonne de l\u2019\u00e9clat au contour des yeux.\u00a0 Sa texture fondante hydrate en douceur et son applicateur \u00e0 l\u2019embout m\u00e9tallique en forme de boule d\u00e9congestionne les paupi\u00e8res.<\/span><\/p>\n<p><span style=\"color: #000000\">L\u00e9g\u00e8rement nacr\u00e9, il cr\u00e9e un effet flou d\u00e9fatiguant d\u00e8s qu\u2019on l\u2019applique. Cette cr\u00e8me combine des ingr\u00e9dients qui agissent sur la microcirculation (ruscog\u00e9nine, caf\u00e9ine, carnosine), la fonction barri\u00e8re de la peau et les signes de l\u2019\u00e2ge.<\/span><\/p>\n<p><span style=\"color: #000000\">Les cernes sont moins bleus, les poches s\u2019affinent, le contour de l\u2019\u0153il est plus tonique et les rides s\u2019estompent. Sans parfum, elle est tr\u00e8s bien tol\u00e9r\u00e9e.<\/span><\/p>\n<h2><span style=\"color: #000000\">Brevets<\/span><\/h2>\n<ul>\n<li><span style=\"color: #000000\">SMART POLYSACCHARIDE<\/span><span style=\"color: #000000\">Contribue \u00e0 r\u00e9activer le syst\u00e8me de communication de la peau essentiel \u00e0 son maintient et \u00e0 sa fermet\u00e9.<\/span><\/li>\n<li><span style=\"color: #000000\">HUILE DE CAMELIA<\/span><span style=\"color: #000000\">Assure une meilleure coh\u00e9sion au niveau de l\u2019\u00e9piderme.<\/span><\/li>\n<li><span style=\"color: #000000\">BIOPOLYM\u00c8RE V\u00c9G\u00c9TAL<\/span><span style=\"color: #000000\">Am\u00e9liore visiblement le grain de peau et le teint.<\/span><\/li>\n<li><span style=\"color: #000000\">BREVET EAU CELLULAIRE<\/span><span style=\"color: #000000\">Booster d&#8217;efficacit\u00e9 de tous nos soins, l&#8217;Eau Cellulaire optimise la vitalit\u00e9 et aide \u00e0 pr\u00e9venir le capital jeunesse.<\/span><\/li>\n<li><span style=\"color: #000000\">BREVET GLOBAL CELLULAR PROTECTION<\/span><span style=\"color: #000000\">Technologie brevet\u00e9e qui prot\u00e8ge la peau s\u00e8che des agressions environnementales responsables du vieillissement.<\/span><\/li>\n<li><span style=\"color: #000000\">TECHNOLOGIE REPAIR <\/span><\/li>\n<\/ul>\n<p style=\"padding-left: 40px\"><span style=\"color: #000000\">Haute concentration en ingr\u00e9dients hydratants r\u00e9g\u00e9n\u00e9rants, permettant de r\u00e9duire visiblement les signes de l&#8217;\u00e2ge.<\/span><\/p>\n<p>15ml<\/p>\n","protected":false},"featured_media":4970,"template":"","meta":{"_et_pb_use_builder":"off","_et_pb_old_content":"","_et_gb_content_width":""},"product_brand":[],"product_cat":[100,50,61,53,54],"product_tag":[],"class_list":{"0":"post-3203","1":"product","2":"type-product","3":"status-publish","4":"has-post-thumbnail","6":"product_cat-yeux-cou-mains-et-levres","7":"product_cat-esthederm-meilleures-cremes-anti-rides-estheticienne-longueuil","8":"product_cat-peaux-matures-et-perte-de-densite","9":"product_cat-taches-pigmentaires-et-teint-terne","10":"product_cat-yeux-cou-levres-mains","12":"first","13":"onbackorder","14":"taxable","15":"shipping-taxable","16":"purchasable","17":"product-type-simple"},"yoast_head":"<!-- This site is optimized with the Yoast SEO plugin v27.4 - https:\/\/yoast.com\/product\/yoast-seo-wordpress\/ -->\n<title>poche cerne ridules, cr\u00e8me contour des yeux - Excellage - Esthederm<\/title>\n<meta name=\"description\" content=\"Redensifie et ouvre le regard : la Technologie REPAIR+, associ\u00e9e \u00e0 un peptide biomim\u00e9tique restructure, r\u00e9g\u00e9n\u00e8re et raffermit la peau\" \/>\n<meta name=\"robots\" content=\"index, follow, max-snippet:-1, max-image-preview:large, max-video-preview:-1\" \/>\n<link rel=\"canonical\" href=\"https:\/\/esthetiquenovani.com\/boutique\/gammes\/esthederm-meilleures-cremes-anti-rides-estheticienne-longueuil\/yeux-cou-mains-et-levres\/excellage-contour-des-yeux\/\" \/>\n<meta property=\"og:locale\" content=\"en_US\" \/>\n<meta property=\"og:type\" content=\"article\" \/>\n<meta property=\"og:title\" content=\"poche cerne ridules, cr\u00e8me contour des yeux - Excellage - Esthederm\" \/>\n<meta property=\"og:description\" content=\"Redensifie et ouvre le regard : la Technologie REPAIR+, associ\u00e9e \u00e0 un peptide biomim\u00e9tique restructure, r\u00e9g\u00e9n\u00e8re et raffermit la peau\" \/>\n<meta property=\"og:url\" content=\"https:\/\/esthetiquenovani.com\/boutique\/gammes\/esthederm-meilleures-cremes-anti-rides-estheticienne-longueuil\/yeux-cou-mains-et-levres\/excellage-contour-des-yeux\/\" \/>\n<meta property=\"og:site_name\" content=\"Clinique d&#039;Esth&eacute;tique Novani\" \/>\n<meta property=\"article:publisher\" content=\"https:\/\/www.facebook.com\/esthetiquehturcotte\" \/>\n<meta property=\"article:modified_time\" content=\"2023-11-20T19:49:48+00:00\" \/>\n<meta property=\"og:image\" content=\"https:\/\/esthetiquenovani.com\/wp-content\/uploads\/2020\/06\/excellage-eye-contour-shadow-2-1080x786-1.jpg\" \/>\n\t<meta property=\"og:image:width\" content=\"1080\" \/>\n\t<meta property=\"og:image:height\" content=\"786\" \/>\n\t<meta property=\"og:image:type\" content=\"image\/jpeg\" \/>\n<meta name=\"twitter:card\" content=\"summary_large_image\" \/>\n<script type=\"application\/ld+json\" class=\"yoast-schema-graph\">{\"@context\":\"https:\\\/\\\/schema.org\",\"@graph\":[{\"@type\":\"WebPage\",\"@id\":\"https:\\\/\\\/esthetiquenovani.com\\\/boutique\\\/gammes\\\/esthederm-meilleures-cremes-anti-rides-estheticienne-longueuil\\\/yeux-cou-mains-et-levres\\\/excellage-contour-des-yeux\\\/\",\"url\":\"https:\\\/\\\/esthetiquenovani.com\\\/boutique\\\/gammes\\\/esthederm-meilleures-cremes-anti-rides-estheticienne-longueuil\\\/yeux-cou-mains-et-levres\\\/excellage-contour-des-yeux\\\/\",\"name\":\"poche cerne ridules, cr\u00e8me contour des yeux - Excellage - Esthederm\",\"isPartOf\":{\"@id\":\"https:\\\/\\\/esthetiquenovani.com\\\/#website\"},\"primaryImageOfPage\":{\"@id\":\"https:\\\/\\\/esthetiquenovani.com\\\/boutique\\\/gammes\\\/esthederm-meilleures-cremes-anti-rides-estheticienne-longueuil\\\/yeux-cou-mains-et-levres\\\/excellage-contour-des-yeux\\\/#primaryimage\"},\"image\":{\"@id\":\"https:\\\/\\\/esthetiquenovani.com\\\/boutique\\\/gammes\\\/esthederm-meilleures-cremes-anti-rides-estheticienne-longueuil\\\/yeux-cou-mains-et-levres\\\/excellage-contour-des-yeux\\\/#primaryimage\"},\"thumbnailUrl\":\"https:\\\/\\\/esthetiquenovani.com\\\/wp-content\\\/uploads\\\/2020\\\/06\\\/excellage-eye-contour-shadow-2-1080x786-1.jpg\",\"datePublished\":\"2020-03-20T06:55:18+00:00\",\"dateModified\":\"2023-11-20T19:49:48+00:00\",\"description\":\"Redensifie et ouvre le regard : la Technologie REPAIR+, associ\u00e9e \u00e0 un peptide biomim\u00e9tique restructure, r\u00e9g\u00e9n\u00e8re et raffermit la peau\",\"breadcrumb\":{\"@id\":\"https:\\\/\\\/esthetiquenovani.com\\\/boutique\\\/gammes\\\/esthederm-meilleures-cremes-anti-rides-estheticienne-longueuil\\\/yeux-cou-mains-et-levres\\\/excellage-contour-des-yeux\\\/#breadcrumb\"},\"inLanguage\":\"en-US\",\"potentialAction\":[{\"@type\":\"ReadAction\",\"target\":[\"https:\\\/\\\/esthetiquenovani.com\\\/boutique\\\/gammes\\\/esthederm-meilleures-cremes-anti-rides-estheticienne-longueuil\\\/yeux-cou-mains-et-levres\\\/excellage-contour-des-yeux\\\/\"]}]},{\"@type\":\"ImageObject\",\"inLanguage\":\"en-US\",\"@id\":\"https:\\\/\\\/esthetiquenovani.com\\\/boutique\\\/gammes\\\/esthederm-meilleures-cremes-anti-rides-estheticienne-longueuil\\\/yeux-cou-mains-et-levres\\\/excellage-contour-des-yeux\\\/#primaryimage\",\"url\":\"https:\\\/\\\/esthetiquenovani.com\\\/wp-content\\\/uploads\\\/2020\\\/06\\\/excellage-eye-contour-shadow-2-1080x786-1.jpg\",\"contentUrl\":\"https:\\\/\\\/esthetiquenovani.com\\\/wp-content\\\/uploads\\\/2020\\\/06\\\/excellage-eye-contour-shadow-2-1080x786-1.jpg\",\"width\":1080,\"height\":786,\"caption\":\"Esthederm - Excellage - Contour des yeux\"},{\"@type\":\"BreadcrumbList\",\"@id\":\"https:\\\/\\\/esthetiquenovani.com\\\/boutique\\\/gammes\\\/esthederm-meilleures-cremes-anti-rides-estheticienne-longueuil\\\/yeux-cou-mains-et-levres\\\/excellage-contour-des-yeux\\\/#breadcrumb\",\"itemListElement\":[{\"@type\":\"ListItem\",\"position\":1,\"name\":\"Accueil\",\"item\":\"https:\\\/\\\/esthetiquenovani.com\\\/en\\\/\"},{\"@type\":\"ListItem\",\"position\":2,\"name\":\"Boutique\",\"item\":\"https:\\\/\\\/esthetiquenovani.com\\\/boutique\\\/\"},{\"@type\":\"ListItem\",\"position\":3,\"name\":\"Esthederm &#8211; Excellage &#8211; Contour des yeux\"}]},{\"@type\":\"WebSite\",\"@id\":\"https:\\\/\\\/esthetiquenovani.com\\\/#website\",\"url\":\"https:\\\/\\\/esthetiquenovani.com\\\/\",\"name\":\"Clinique d'Esth&eacute;tique Novani\",\"description\":\"Brossard, Longueil &amp; Chambly\",\"publisher\":{\"@id\":\"https:\\\/\\\/esthetiquenovani.com\\\/#organization\"},\"potentialAction\":[{\"@type\":\"SearchAction\",\"target\":{\"@type\":\"EntryPoint\",\"urlTemplate\":\"https:\\\/\\\/esthetiquenovani.com\\\/?s={search_term_string}\"},\"query-input\":{\"@type\":\"PropertyValueSpecification\",\"valueRequired\":true,\"valueName\":\"search_term_string\"}}],\"inLanguage\":\"en-US\"},{\"@type\":\"Organization\",\"@id\":\"https:\\\/\\\/esthetiquenovani.com\\\/#organization\",\"name\":\"Esth\u00e9tique Huguette Turcotte\",\"url\":\"https:\\\/\\\/esthetiquenovani.com\\\/\",\"logo\":{\"@type\":\"ImageObject\",\"inLanguage\":\"en-US\",\"@id\":\"https:\\\/\\\/esthetiquenovani.com\\\/#\\\/schema\\\/logo\\\/image\\\/\",\"url\":\"https:\\\/\\\/esthetiquenovani.com\\\/wp-content\\\/uploads\\\/2018\\\/01\\\/qui-sommes-nous.jpg\",\"contentUrl\":\"https:\\\/\\\/esthetiquenovani.com\\\/wp-content\\\/uploads\\\/2018\\\/01\\\/qui-sommes-nous.jpg\",\"width\":637,\"height\":425,\"caption\":\"Esth\u00e9tique Huguette Turcotte\"},\"image\":{\"@id\":\"https:\\\/\\\/esthetiquenovani.com\\\/#\\\/schema\\\/logo\\\/image\\\/\"},\"sameAs\":[\"https:\\\/\\\/www.facebook.com\\\/esthetiquehturcotte\"]}]}<\/script>\n<!-- \/ Yoast SEO plugin. -->","yoast_head_json":{"title":"poche cerne ridules, cr\u00e8me contour des yeux - Excellage - Esthederm","description":"Redensifie et ouvre le regard : la Technologie REPAIR+, associ\u00e9e \u00e0 un peptide biomim\u00e9tique restructure, r\u00e9g\u00e9n\u00e8re et raffermit la peau","robots":{"index":"index","follow":"follow","max-snippet":"max-snippet:-1","max-image-preview":"max-image-preview:large","max-video-preview":"max-video-preview:-1"},"canonical":"https:\/\/esthetiquenovani.com\/boutique\/gammes\/esthederm-meilleures-cremes-anti-rides-estheticienne-longueuil\/yeux-cou-mains-et-levres\/excellage-contour-des-yeux\/","og_locale":"en_US","og_type":"article","og_title":"poche cerne ridules, cr\u00e8me contour des yeux - Excellage - Esthederm","og_description":"Redensifie et ouvre le regard : la Technologie REPAIR+, associ\u00e9e \u00e0 un peptide biomim\u00e9tique restructure, r\u00e9g\u00e9n\u00e8re et raffermit la peau","og_url":"https:\/\/esthetiquenovani.com\/boutique\/gammes\/esthederm-meilleures-cremes-anti-rides-estheticienne-longueuil\/yeux-cou-mains-et-levres\/excellage-contour-des-yeux\/","og_site_name":"Clinique d'Esth&eacute;tique Novani","article_publisher":"https:\/\/www.facebook.com\/esthetiquehturcotte","article_modified_time":"2023-11-20T19:49:48+00:00","og_image":[{"width":1080,"height":786,"url":"https:\/\/esthetiquenovani.com\/wp-content\/uploads\/2020\/06\/excellage-eye-contour-shadow-2-1080x786-1.jpg","type":"image\/jpeg"}],"twitter_card":"summary_large_image","schema":{"@context":"https:\/\/schema.org","@graph":[{"@type":"WebPage","@id":"https:\/\/esthetiquenovani.com\/boutique\/gammes\/esthederm-meilleures-cremes-anti-rides-estheticienne-longueuil\/yeux-cou-mains-et-levres\/excellage-contour-des-yeux\/","url":"https:\/\/esthetiquenovani.com\/boutique\/gammes\/esthederm-meilleures-cremes-anti-rides-estheticienne-longueuil\/yeux-cou-mains-et-levres\/excellage-contour-des-yeux\/","name":"poche cerne ridules, cr\u00e8me contour des yeux - Excellage - Esthederm","isPartOf":{"@id":"https:\/\/esthetiquenovani.com\/#website"},"primaryImageOfPage":{"@id":"https:\/\/esthetiquenovani.com\/boutique\/gammes\/esthederm-meilleures-cremes-anti-rides-estheticienne-longueuil\/yeux-cou-mains-et-levres\/excellage-contour-des-yeux\/#primaryimage"},"image":{"@id":"https:\/\/esthetiquenovani.com\/boutique\/gammes\/esthederm-meilleures-cremes-anti-rides-estheticienne-longueuil\/yeux-cou-mains-et-levres\/excellage-contour-des-yeux\/#primaryimage"},"thumbnailUrl":"https:\/\/esthetiquenovani.com\/wp-content\/uploads\/2020\/06\/excellage-eye-contour-shadow-2-1080x786-1.jpg","datePublished":"2020-03-20T06:55:18+00:00","dateModified":"2023-11-20T19:49:48+00:00","description":"Redensifie et ouvre le regard : la Technologie REPAIR+, associ\u00e9e \u00e0 un peptide biomim\u00e9tique restructure, r\u00e9g\u00e9n\u00e8re et raffermit la peau","breadcrumb":{"@id":"https:\/\/esthetiquenovani.com\/boutique\/gammes\/esthederm-meilleures-cremes-anti-rides-estheticienne-longueuil\/yeux-cou-mains-et-levres\/excellage-contour-des-yeux\/#breadcrumb"},"inLanguage":"en-US","potentialAction":[{"@type":"ReadAction","target":["https:\/\/esthetiquenovani.com\/boutique\/gammes\/esthederm-meilleures-cremes-anti-rides-estheticienne-longueuil\/yeux-cou-mains-et-levres\/excellage-contour-des-yeux\/"]}]},{"@type":"ImageObject","inLanguage":"en-US","@id":"https:\/\/esthetiquenovani.com\/boutique\/gammes\/esthederm-meilleures-cremes-anti-rides-estheticienne-longueuil\/yeux-cou-mains-et-levres\/excellage-contour-des-yeux\/#primaryimage","url":"https:\/\/esthetiquenovani.com\/wp-content\/uploads\/2020\/06\/excellage-eye-contour-shadow-2-1080x786-1.jpg","contentUrl":"https:\/\/esthetiquenovani.com\/wp-content\/uploads\/2020\/06\/excellage-eye-contour-shadow-2-1080x786-1.jpg","width":1080,"height":786,"caption":"Esthederm - Excellage - Contour des yeux"},{"@type":"BreadcrumbList","@id":"https:\/\/esthetiquenovani.com\/boutique\/gammes\/esthederm-meilleures-cremes-anti-rides-estheticienne-longueuil\/yeux-cou-mains-et-levres\/excellage-contour-des-yeux\/#breadcrumb","itemListElement":[{"@type":"ListItem","position":1,"name":"Accueil","item":"https:\/\/esthetiquenovani.com\/en\/"},{"@type":"ListItem","position":2,"name":"Boutique","item":"https:\/\/esthetiquenovani.com\/boutique\/"},{"@type":"ListItem","position":3,"name":"Esthederm &#8211; Excellage &#8211; Contour des yeux"}]},{"@type":"WebSite","@id":"https:\/\/esthetiquenovani.com\/#website","url":"https:\/\/esthetiquenovani.com\/","name":"Clinique d'Esth&eacute;tique Novani","description":"Brossard, Longueil &amp; Chambly","publisher":{"@id":"https:\/\/esthetiquenovani.com\/#organization"},"potentialAction":[{"@type":"SearchAction","target":{"@type":"EntryPoint","urlTemplate":"https:\/\/esthetiquenovani.com\/?s={search_term_string}"},"query-input":{"@type":"PropertyValueSpecification","valueRequired":true,"valueName":"search_term_string"}}],"inLanguage":"en-US"},{"@type":"Organization","@id":"https:\/\/esthetiquenovani.com\/#organization","name":"Esth\u00e9tique Huguette Turcotte","url":"https:\/\/esthetiquenovani.com\/","logo":{"@type":"ImageObject","inLanguage":"en-US","@id":"https:\/\/esthetiquenovani.com\/#\/schema\/logo\/image\/","url":"https:\/\/esthetiquenovani.com\/wp-content\/uploads\/2018\/01\/qui-sommes-nous.jpg","contentUrl":"https:\/\/esthetiquenovani.com\/wp-content\/uploads\/2018\/01\/qui-sommes-nous.jpg","width":637,"height":425,"caption":"Esth\u00e9tique Huguette Turcotte"},"image":{"@id":"https:\/\/esthetiquenovani.com\/#\/schema\/logo\/image\/"},"sameAs":["https:\/\/www.facebook.com\/esthetiquehturcotte"]}]}},"_links":{"self":[{"href":"https:\/\/esthetiquenovani.com\/en\/wp-json\/wp\/v2\/product\/3203","targetHints":{"allow":["GET"]}}],"collection":[{"href":"https:\/\/esthetiquenovani.com\/en\/wp-json\/wp\/v2\/product"}],"about":[{"href":"https:\/\/esthetiquenovani.com\/en\/wp-json\/wp\/v2\/types\/product"}],"wp:featuredmedia":[{"embeddable":true,"href":"https:\/\/esthetiquenovani.com\/en\/wp-json\/wp\/v2\/media\/4970"}],"wp:attachment":[{"href":"https:\/\/esthetiquenovani.com\/en\/wp-json\/wp\/v2\/media?parent=3203"}],"wp:term":[{"taxonomy":"product_brand","embeddable":true,"href":"https:\/\/esthetiquenovani.com\/en\/wp-json\/wp\/v2\/product_brand?post=3203"},{"taxonomy":"product_cat","embeddable":true,"href":"https:\/\/esthetiquenovani.com\/en\/wp-json\/wp\/v2\/product_cat?post=3203"},{"taxonomy":"product_tag","embeddable":true,"href":"https:\/\/esthetiquenovani.com\/en\/wp-json\/wp\/v2\/product_tag?post=3203"}],"curies":[{"name":"wp","href":"https:\/\/api.w.org\/{rel}","templated":true}]}}