{"id":3228,"date":"2020-03-21T18:00:07","date_gmt":"2020-03-21T22:00:07","guid":{"rendered":"https:\/\/esthetiquenovani.com\/produit\/dr-renaud-disques-peeling-exfoliant\/"},"modified":"2026-02-05T09:50:33","modified_gmt":"2026-02-05T14:50:33","slug":"dr-renaud-disques-peeling-exfoliant","status":"publish","type":"product","link":"https:\/\/esthetiquenovani.com\/en\/boutique\/gammes\/laboratoire-dr-renaud\/2-exfoliants\/dr-renaud-disques-peeling-exfoliant\/","title":{"rendered":"Dr Renaud \u2013 Disques Peeling &#8211; Exfoliant"},"content":{"rendered":"","protected":false},"excerpt":{"rendered":"<div class=\"col-sm-8\">\n<p><span style=\"font-family: Verdana\">Acide lactique \u2022 Acides de fruits \u2022 Enzymes v\u00e9g\u00e9tales<\/span><\/p>\n<div class=\"tab-content\">\n<div id=\"tab-description\" class=\"tab-pane active\">\n<div><span style=\"font-family: Verdana\">Inspir\u00e9s des techniques de peelings chimiques, les Disques Peeling permettent le renouvellement de l\u2019\u00e9piderme, ce qui aide \u00e0 repulper et \u00e0 resserrer la peau.<\/span><\/div>\n<div><\/div>\n<div><span style=\"font-family: Verdana\">L\u2019association de 3 types de compos\u00e9s \u2013 1 AHA, 5 acides de fruits, enzymes prot\u00e9olytiques d\u2019origine v\u00e9g\u00e9tale \u2013 r\u00e9sulte en une action compl\u00e9mentaire et synergique qui se traduit, au niveau de la peau, par les effets suivants :<\/span><\/div>\n<ul>\n<li><span style=\"font-family: Verdana\">Effet hydratant hygroscopique<\/span><\/li>\n<li><span style=\"font-family: Verdana\">Effet renfor\u00e7ateur de l\u2019\u00e9clat<\/span><\/li>\n<li><span style=\"font-family: Verdana\">Effet rajeunissant \u2013 att\u00e9nuateur de l\u2019apparence des ridules et des rides<\/span><\/li>\n<li><span style=\"font-family: Verdana\">Effet l\u00e9g\u00e8rement affinant \u2013 perfecteur de texture<\/span><\/li>\n<\/ul>\n<div><span style=\"font-family: Verdana\">\u00a0<\/span><\/div>\n<div><span style=\"font-family: Verdana\"><b>Conseils d&#8217;utilisation:<\/b><\/span><\/div>\n<div><span style=\"font-family: Verdana\">Chaque matin et chaque soir, sur une peau parfaitement nettoy\u00e9e, passer 1 disque sur la totalit\u00e9 du visage et du cou en \u00e9vitant les yeux, les paupi\u00e8res et les l\u00e8vres.\u00a0<\/span><\/div>\n<div><span style=\"font-family: Verdana\">\u00a0<\/span><\/div>\n<div><span style=\"font-family: Verdana\">Pour des r\u00e9sultats optimaux, poursuivre avec l\u2019application du S\u00e9rum InnovHyal et de votre cr\u00e8me habituelle. Le matin, appliquer ensuite un produit de protection solaire de FPS 30. Il est normal de ressentir des picotements lors de l\u2019application. Ceux-ci s\u2019estompent tr\u00e8s rapidement ensuite.\u00a0<\/span><\/div>\n<div><span style=\"font-family: Verdana\">\u00a0<\/span><\/div>\n<div><span style=\"font-family: Verdana\">Pour les peaux sensibles, utiliser 1 fois par jour pendant la premi\u00e8re semaine, puis augmenter progressivement \u00e0 2.<\/span><\/div>\n<div><span style=\"font-family: Verdana\">\u00a0<\/span><\/div>\n<div><span style=\"font-family: Verdana\">Contient 60 disques.<\/span><\/div>\n<\/div>\n<\/div>\n<\/div>\n","protected":false},"featured_media":231690,"template":"","meta":{"_et_pb_use_builder":"","_et_pb_old_content":"","_et_gb_content_width":""},"product_brand":[],"product_cat":[107,114,58,68,61,56,60,53],"product_tag":[],"class_list":{"0":"post-3228","1":"product","2":"type-product","3":"status-publish","4":"has-post-thumbnail","6":"product_cat-2-exfoliants","7":"product_cat-offres-speciales-laboratoire-dr-renaud","8":"product_cat-gommages-et-exfoliants","9":"product_cat-laboratoire-dr-renaud","10":"product_cat-peaux-matures-et-perte-de-densite","11":"product_cat-premiers-signes-de-lage","12":"product_cat-rides-installees-et-perte-de-fermete","13":"product_cat-taches-pigmentaires-et-teint-terne","15":"first","16":"instock","17":"taxable","18":"shipping-taxable","19":"purchasable","20":"product-type-simple"},"yoast_head":"<!-- This site is optimized with the Yoast SEO plugin v27.4 - https:\/\/yoast.com\/product\/yoast-seo-wordpress\/ -->\n<title>Exfoliant visage | Disques Peeling | Laboratoire Dr Renaud | Longueuil<\/title>\n<meta name=\"description\" content=\"Exfoliant inspir\u00e9 des peelings professionnels, les Disques Peeling permettent l&#039;\u00e9limination des cellules mortes accumul\u00e9es sur la peau.\" \/>\n<meta name=\"robots\" content=\"index, follow, max-snippet:-1, max-image-preview:large, max-video-preview:-1\" \/>\n<link rel=\"canonical\" href=\"https:\/\/esthetiquenovani.com\/boutique\/gammes\/laboratoire-dr-renaud\/2-exfoliants\/dr-renaud-disques-peeling-exfoliant\/\" \/>\n<meta property=\"og:locale\" content=\"en_US\" \/>\n<meta property=\"og:type\" content=\"article\" \/>\n<meta property=\"og:title\" content=\"Exfoliant visage | Disques Peeling | Laboratoire Dr Renaud | Longueuil\" \/>\n<meta property=\"og:description\" content=\"Exfoliant inspir\u00e9 des peelings professionnels, les Disques Peeling permettent l&#039;\u00e9limination des cellules mortes accumul\u00e9es sur la peau.\" \/>\n<meta property=\"og:url\" content=\"https:\/\/esthetiquenovani.com\/boutique\/gammes\/laboratoire-dr-renaud\/2-exfoliants\/dr-renaud-disques-peeling-exfoliant\/\" \/>\n<meta property=\"og:site_name\" content=\"Clinique d&#039;Esth&eacute;tique Novani\" \/>\n<meta property=\"article:publisher\" content=\"https:\/\/www.facebook.com\/esthetiquehturcotte\" \/>\n<meta property=\"article:modified_time\" content=\"2026-02-05T14:50:33+00:00\" \/>\n<meta property=\"og:image\" content=\"https:\/\/esthetiquenovani.com\/wp-content\/uploads\/2020\/03\/Disques-de-peeling-Exfoliants-Esthetique-Novani.png\" \/>\n\t<meta property=\"og:image:width\" content=\"800\" \/>\n\t<meta property=\"og:image:height\" content=\"800\" \/>\n\t<meta property=\"og:image:type\" content=\"image\/png\" \/>\n<meta name=\"twitter:card\" content=\"summary_large_image\" \/>\n<meta name=\"twitter:label1\" content=\"Est. reading time\" \/>\n\t<meta name=\"twitter:data1\" content=\"1 minute\" \/>\n<script type=\"application\/ld+json\" class=\"yoast-schema-graph\">{\"@context\":\"https:\\\/\\\/schema.org\",\"@graph\":[{\"@type\":\"WebPage\",\"@id\":\"https:\\\/\\\/esthetiquenovani.com\\\/boutique\\\/gammes\\\/laboratoire-dr-renaud\\\/2-exfoliants\\\/dr-renaud-disques-peeling-exfoliant\\\/\",\"url\":\"https:\\\/\\\/esthetiquenovani.com\\\/boutique\\\/gammes\\\/laboratoire-dr-renaud\\\/2-exfoliants\\\/dr-renaud-disques-peeling-exfoliant\\\/\",\"name\":\"Exfoliant visage | Disques Peeling | Laboratoire Dr Renaud | Longueuil\",\"isPartOf\":{\"@id\":\"https:\\\/\\\/esthetiquenovani.com\\\/#website\"},\"primaryImageOfPage\":{\"@id\":\"https:\\\/\\\/esthetiquenovani.com\\\/boutique\\\/gammes\\\/laboratoire-dr-renaud\\\/2-exfoliants\\\/dr-renaud-disques-peeling-exfoliant\\\/#primaryimage\"},\"image\":{\"@id\":\"https:\\\/\\\/esthetiquenovani.com\\\/boutique\\\/gammes\\\/laboratoire-dr-renaud\\\/2-exfoliants\\\/dr-renaud-disques-peeling-exfoliant\\\/#primaryimage\"},\"thumbnailUrl\":\"https:\\\/\\\/esthetiquenovani.com\\\/wp-content\\\/uploads\\\/2020\\\/03\\\/Disques-de-peeling-Exfoliants-Esthetique-Novani.png\",\"datePublished\":\"2020-03-21T22:00:07+00:00\",\"dateModified\":\"2026-02-05T14:50:33+00:00\",\"description\":\"Exfoliant inspir\u00e9 des peelings professionnels, les Disques Peeling permettent l'\u00e9limination des cellules mortes accumul\u00e9es sur la peau.\",\"breadcrumb\":{\"@id\":\"https:\\\/\\\/esthetiquenovani.com\\\/boutique\\\/gammes\\\/laboratoire-dr-renaud\\\/2-exfoliants\\\/dr-renaud-disques-peeling-exfoliant\\\/#breadcrumb\"},\"inLanguage\":\"en-US\",\"potentialAction\":[{\"@type\":\"ReadAction\",\"target\":[\"https:\\\/\\\/esthetiquenovani.com\\\/boutique\\\/gammes\\\/laboratoire-dr-renaud\\\/2-exfoliants\\\/dr-renaud-disques-peeling-exfoliant\\\/\"]}]},{\"@type\":\"ImageObject\",\"inLanguage\":\"en-US\",\"@id\":\"https:\\\/\\\/esthetiquenovani.com\\\/boutique\\\/gammes\\\/laboratoire-dr-renaud\\\/2-exfoliants\\\/dr-renaud-disques-peeling-exfoliant\\\/#primaryimage\",\"url\":\"https:\\\/\\\/esthetiquenovani.com\\\/wp-content\\\/uploads\\\/2020\\\/03\\\/Disques-de-peeling-Exfoliants-Esthetique-Novani.png\",\"contentUrl\":\"https:\\\/\\\/esthetiquenovani.com\\\/wp-content\\\/uploads\\\/2020\\\/03\\\/Disques-de-peeling-Exfoliants-Esthetique-Novani.png\",\"width\":800,\"height\":800},{\"@type\":\"BreadcrumbList\",\"@id\":\"https:\\\/\\\/esthetiquenovani.com\\\/boutique\\\/gammes\\\/laboratoire-dr-renaud\\\/2-exfoliants\\\/dr-renaud-disques-peeling-exfoliant\\\/#breadcrumb\",\"itemListElement\":[{\"@type\":\"ListItem\",\"position\":1,\"name\":\"Accueil\",\"item\":\"https:\\\/\\\/esthetiquenovani.com\\\/en\\\/\"},{\"@type\":\"ListItem\",\"position\":2,\"name\":\"Boutique\",\"item\":\"https:\\\/\\\/esthetiquenovani.com\\\/boutique\\\/\"},{\"@type\":\"ListItem\",\"position\":3,\"name\":\"Dr Renaud \u2013 Disques Peeling &#8211; Exfoliant\"}]},{\"@type\":\"WebSite\",\"@id\":\"https:\\\/\\\/esthetiquenovani.com\\\/#website\",\"url\":\"https:\\\/\\\/esthetiquenovani.com\\\/\",\"name\":\"Clinique d'Esth&eacute;tique Novani\",\"description\":\"Brossard, Longueil &amp; Chambly\",\"publisher\":{\"@id\":\"https:\\\/\\\/esthetiquenovani.com\\\/#organization\"},\"potentialAction\":[{\"@type\":\"SearchAction\",\"target\":{\"@type\":\"EntryPoint\",\"urlTemplate\":\"https:\\\/\\\/esthetiquenovani.com\\\/?s={search_term_string}\"},\"query-input\":{\"@type\":\"PropertyValueSpecification\",\"valueRequired\":true,\"valueName\":\"search_term_string\"}}],\"inLanguage\":\"en-US\"},{\"@type\":\"Organization\",\"@id\":\"https:\\\/\\\/esthetiquenovani.com\\\/#organization\",\"name\":\"Esth\u00e9tique Huguette Turcotte\",\"url\":\"https:\\\/\\\/esthetiquenovani.com\\\/\",\"logo\":{\"@type\":\"ImageObject\",\"inLanguage\":\"en-US\",\"@id\":\"https:\\\/\\\/esthetiquenovani.com\\\/#\\\/schema\\\/logo\\\/image\\\/\",\"url\":\"https:\\\/\\\/esthetiquenovani.com\\\/wp-content\\\/uploads\\\/2018\\\/01\\\/qui-sommes-nous.jpg\",\"contentUrl\":\"https:\\\/\\\/esthetiquenovani.com\\\/wp-content\\\/uploads\\\/2018\\\/01\\\/qui-sommes-nous.jpg\",\"width\":637,\"height\":425,\"caption\":\"Esth\u00e9tique Huguette Turcotte\"},\"image\":{\"@id\":\"https:\\\/\\\/esthetiquenovani.com\\\/#\\\/schema\\\/logo\\\/image\\\/\"},\"sameAs\":[\"https:\\\/\\\/www.facebook.com\\\/esthetiquehturcotte\"]}]}<\/script>\n<!-- \/ Yoast SEO plugin. -->","yoast_head_json":{"title":"Exfoliant visage | Disques Peeling | Laboratoire Dr Renaud | Longueuil","description":"Exfoliant inspir\u00e9 des peelings professionnels, les Disques Peeling permettent l'\u00e9limination des cellules mortes accumul\u00e9es sur la peau.","robots":{"index":"index","follow":"follow","max-snippet":"max-snippet:-1","max-image-preview":"max-image-preview:large","max-video-preview":"max-video-preview:-1"},"canonical":"https:\/\/esthetiquenovani.com\/boutique\/gammes\/laboratoire-dr-renaud\/2-exfoliants\/dr-renaud-disques-peeling-exfoliant\/","og_locale":"en_US","og_type":"article","og_title":"Exfoliant visage | Disques Peeling | Laboratoire Dr Renaud | Longueuil","og_description":"Exfoliant inspir\u00e9 des peelings professionnels, les Disques Peeling permettent l'\u00e9limination des cellules mortes accumul\u00e9es sur la peau.","og_url":"https:\/\/esthetiquenovani.com\/boutique\/gammes\/laboratoire-dr-renaud\/2-exfoliants\/dr-renaud-disques-peeling-exfoliant\/","og_site_name":"Clinique d'Esth&eacute;tique Novani","article_publisher":"https:\/\/www.facebook.com\/esthetiquehturcotte","article_modified_time":"2026-02-05T14:50:33+00:00","og_image":[{"width":800,"height":800,"url":"https:\/\/esthetiquenovani.com\/wp-content\/uploads\/2020\/03\/Disques-de-peeling-Exfoliants-Esthetique-Novani.png","type":"image\/png"}],"twitter_card":"summary_large_image","twitter_misc":{"Est. reading time":"1 minute"},"schema":{"@context":"https:\/\/schema.org","@graph":[{"@type":"WebPage","@id":"https:\/\/esthetiquenovani.com\/boutique\/gammes\/laboratoire-dr-renaud\/2-exfoliants\/dr-renaud-disques-peeling-exfoliant\/","url":"https:\/\/esthetiquenovani.com\/boutique\/gammes\/laboratoire-dr-renaud\/2-exfoliants\/dr-renaud-disques-peeling-exfoliant\/","name":"Exfoliant visage | Disques Peeling | Laboratoire Dr Renaud | Longueuil","isPartOf":{"@id":"https:\/\/esthetiquenovani.com\/#website"},"primaryImageOfPage":{"@id":"https:\/\/esthetiquenovani.com\/boutique\/gammes\/laboratoire-dr-renaud\/2-exfoliants\/dr-renaud-disques-peeling-exfoliant\/#primaryimage"},"image":{"@id":"https:\/\/esthetiquenovani.com\/boutique\/gammes\/laboratoire-dr-renaud\/2-exfoliants\/dr-renaud-disques-peeling-exfoliant\/#primaryimage"},"thumbnailUrl":"https:\/\/esthetiquenovani.com\/wp-content\/uploads\/2020\/03\/Disques-de-peeling-Exfoliants-Esthetique-Novani.png","datePublished":"2020-03-21T22:00:07+00:00","dateModified":"2026-02-05T14:50:33+00:00","description":"Exfoliant inspir\u00e9 des peelings professionnels, les Disques Peeling permettent l'\u00e9limination des cellules mortes accumul\u00e9es sur la peau.","breadcrumb":{"@id":"https:\/\/esthetiquenovani.com\/boutique\/gammes\/laboratoire-dr-renaud\/2-exfoliants\/dr-renaud-disques-peeling-exfoliant\/#breadcrumb"},"inLanguage":"en-US","potentialAction":[{"@type":"ReadAction","target":["https:\/\/esthetiquenovani.com\/boutique\/gammes\/laboratoire-dr-renaud\/2-exfoliants\/dr-renaud-disques-peeling-exfoliant\/"]}]},{"@type":"ImageObject","inLanguage":"en-US","@id":"https:\/\/esthetiquenovani.com\/boutique\/gammes\/laboratoire-dr-renaud\/2-exfoliants\/dr-renaud-disques-peeling-exfoliant\/#primaryimage","url":"https:\/\/esthetiquenovani.com\/wp-content\/uploads\/2020\/03\/Disques-de-peeling-Exfoliants-Esthetique-Novani.png","contentUrl":"https:\/\/esthetiquenovani.com\/wp-content\/uploads\/2020\/03\/Disques-de-peeling-Exfoliants-Esthetique-Novani.png","width":800,"height":800},{"@type":"BreadcrumbList","@id":"https:\/\/esthetiquenovani.com\/boutique\/gammes\/laboratoire-dr-renaud\/2-exfoliants\/dr-renaud-disques-peeling-exfoliant\/#breadcrumb","itemListElement":[{"@type":"ListItem","position":1,"name":"Accueil","item":"https:\/\/esthetiquenovani.com\/en\/"},{"@type":"ListItem","position":2,"name":"Boutique","item":"https:\/\/esthetiquenovani.com\/boutique\/"},{"@type":"ListItem","position":3,"name":"Dr Renaud \u2013 Disques Peeling &#8211; Exfoliant"}]},{"@type":"WebSite","@id":"https:\/\/esthetiquenovani.com\/#website","url":"https:\/\/esthetiquenovani.com\/","name":"Clinique d'Esth&eacute;tique Novani","description":"Brossard, Longueil &amp; Chambly","publisher":{"@id":"https:\/\/esthetiquenovani.com\/#organization"},"potentialAction":[{"@type":"SearchAction","target":{"@type":"EntryPoint","urlTemplate":"https:\/\/esthetiquenovani.com\/?s={search_term_string}"},"query-input":{"@type":"PropertyValueSpecification","valueRequired":true,"valueName":"search_term_string"}}],"inLanguage":"en-US"},{"@type":"Organization","@id":"https:\/\/esthetiquenovani.com\/#organization","name":"Esth\u00e9tique Huguette Turcotte","url":"https:\/\/esthetiquenovani.com\/","logo":{"@type":"ImageObject","inLanguage":"en-US","@id":"https:\/\/esthetiquenovani.com\/#\/schema\/logo\/image\/","url":"https:\/\/esthetiquenovani.com\/wp-content\/uploads\/2018\/01\/qui-sommes-nous.jpg","contentUrl":"https:\/\/esthetiquenovani.com\/wp-content\/uploads\/2018\/01\/qui-sommes-nous.jpg","width":637,"height":425,"caption":"Esth\u00e9tique Huguette Turcotte"},"image":{"@id":"https:\/\/esthetiquenovani.com\/#\/schema\/logo\/image\/"},"sameAs":["https:\/\/www.facebook.com\/esthetiquehturcotte"]}]}},"_links":{"self":[{"href":"https:\/\/esthetiquenovani.com\/en\/wp-json\/wp\/v2\/product\/3228","targetHints":{"allow":["GET"]}}],"collection":[{"href":"https:\/\/esthetiquenovani.com\/en\/wp-json\/wp\/v2\/product"}],"about":[{"href":"https:\/\/esthetiquenovani.com\/en\/wp-json\/wp\/v2\/types\/product"}],"wp:featuredmedia":[{"embeddable":true,"href":"https:\/\/esthetiquenovani.com\/en\/wp-json\/wp\/v2\/media\/231690"}],"wp:attachment":[{"href":"https:\/\/esthetiquenovani.com\/en\/wp-json\/wp\/v2\/media?parent=3228"}],"wp:term":[{"taxonomy":"product_brand","embeddable":true,"href":"https:\/\/esthetiquenovani.com\/en\/wp-json\/wp\/v2\/product_brand?post=3228"},{"taxonomy":"product_cat","embeddable":true,"href":"https:\/\/esthetiquenovani.com\/en\/wp-json\/wp\/v2\/product_cat?post=3228"},{"taxonomy":"product_tag","embeddable":true,"href":"https:\/\/esthetiquenovani.com\/en\/wp-json\/wp\/v2\/product_tag?post=3228"}],"curies":[{"name":"wp","href":"https:\/\/api.w.org\/{rel}","templated":true}]}}