{"id":3235,"date":"2020-03-21T18:15:24","date_gmt":"2020-03-21T22:15:24","guid":{"rendered":"https:\/\/esthetiquenovani.com\/produit\/dr-renaud-innovhyalha-hydraserum-volumisant\/"},"modified":"2026-02-05T09:54:53","modified_gmt":"2026-02-05T14:54:53","slug":"dr-renaud-innovhyalha-hydraserum-volumisant","status":"publish","type":"product","link":"https:\/\/esthetiquenovani.com\/en\/boutique\/gammes\/laboratoire-dr-renaud\/serums-2\/dr-renaud-innovhyalha-hydraserum-volumisant\/","title":{"rendered":"Dr Renaud \u2013 InnovHyal \u2013 HydraSerum Volumisant"},"content":{"rendered":"","protected":false},"excerpt":{"rendered":"<div><span style=\"font-family: Verdana\">Le premier combleur de rides topique! <\/span><span style=\"font-family: Verdana\">Un soin \u00ab hydratation-jeunesse \u00bb intense pour retrouver le volume, l\u2019hydratation et le \u00abrebondi\u00bb d\u2019une peau jeune!<\/span><\/div>\n<div><span style=\"font-family: Verdana\">\u00a0<\/span><\/div>\n<div><span style=\"font-family: Verdana\">Gr\u00e2ce \u00e0 la Technologie InnovHyalHA exclusive, ce s\u00e9rum aide \u00e0 reproduire les techniques de comblement des rides pour un effet volumisant et repulpant intense. D\u00e8s la premi\u00e8re application :<\/span><\/div>\n<ul>\n<li><span style=\"font-family: Verdana\">La peau est baign\u00e9e d\u2019hydratation, repulp\u00e9e et rajeunie;\u00a0<\/span><\/li>\n<li><span style=\"font-family: Verdana\">Elle retrouve volume, \u00e9lasticit\u00e9 et \u00ab rebondi \u00bb.<\/span><\/li>\n<\/ul>\n<div><span style=\"font-family: Verdana\">\u00a0<\/span><\/div>\n<div><span style=\"font-family: Verdana\">30 ml<\/span><\/div>\n","protected":false},"featured_media":224162,"template":"","meta":{"_et_pb_use_builder":"","_et_pb_old_content":"","_et_gb_content_width":""},"product_brand":[],"product_cat":[108,51,68,52,61,60,59],"product_tag":[],"class_list":{"0":"post-3235","1":"product","2":"type-product","3":"status-publish","4":"has-post-thumbnail","6":"product_cat-serums-2","7":"product_cat-deshydratation-et-secheresse","8":"product_cat-laboratoire-dr-renaud","9":"product_cat-peau-grasse-et-pores-dilates","10":"product_cat-peaux-matures-et-perte-de-densite","11":"product_cat-rides-installees-et-perte-de-fermete","12":"product_cat-serums","14":"first","15":"instock","16":"taxable","17":"shipping-taxable","18":"purchasable","19":"product-type-simple"},"yoast_head":"<!-- This site is optimized with the Yoast SEO plugin v27.4 - https:\/\/yoast.com\/product\/yoast-seo-wordpress\/ -->\n<title>S\u00e9rum hyaluronique | Dr Renaud | Esth\u00e9ticienne Longueuil<\/title>\n<meta name=\"description\" content=\"Un s\u00e9rum \u00ab hydratation-jeunesse \u00bb intense avec acide hyaluronique, l\u2019hydratation et le \u00abrebondi\u00bb d\u2019une peau jeune ! S\u00e9rum jeunesse expert\" \/>\n<meta name=\"robots\" content=\"index, follow, max-snippet:-1, max-image-preview:large, max-video-preview:-1\" \/>\n<link rel=\"canonical\" href=\"https:\/\/esthetiquenovani.com\/boutique\/gammes\/laboratoire-dr-renaud\/serums-2\/dr-renaud-innovhyalha-hydraserum-volumisant\/\" \/>\n<meta property=\"og:locale\" content=\"en_US\" \/>\n<meta property=\"og:type\" content=\"article\" \/>\n<meta property=\"og:title\" content=\"S\u00e9rum hyaluronique | Dr Renaud | Esth\u00e9ticienne Longueuil\" \/>\n<meta property=\"og:description\" content=\"Un s\u00e9rum \u00ab hydratation-jeunesse \u00bb intense avec acide hyaluronique, l\u2019hydratation et le \u00abrebondi\u00bb d\u2019une peau jeune ! S\u00e9rum jeunesse expert\" \/>\n<meta property=\"og:url\" content=\"https:\/\/esthetiquenovani.com\/boutique\/gammes\/laboratoire-dr-renaud\/serums-2\/dr-renaud-innovhyalha-hydraserum-volumisant\/\" \/>\n<meta property=\"og:site_name\" content=\"Clinique d&#039;Esth&eacute;tique Novani\" \/>\n<meta property=\"article:publisher\" content=\"https:\/\/www.facebook.com\/esthetiquehturcotte\" \/>\n<meta property=\"article:modified_time\" content=\"2026-02-05T14:54:53+00:00\" \/>\n<meta property=\"og:image\" content=\"https:\/\/esthetiquenovani.com\/wp-content\/uploads\/2020\/03\/LDR_InnovHyalHA_HydraSerum_30ml_1200x.webp\" \/>\n\t<meta property=\"og:image:width\" content=\"1200\" \/>\n\t<meta property=\"og:image:height\" content=\"1200\" \/>\n\t<meta property=\"og:image:type\" content=\"image\/webp\" \/>\n<meta name=\"twitter:card\" content=\"summary_large_image\" \/>\n<script type=\"application\/ld+json\" class=\"yoast-schema-graph\">{\"@context\":\"https:\\\/\\\/schema.org\",\"@graph\":[{\"@type\":\"WebPage\",\"@id\":\"https:\\\/\\\/esthetiquenovani.com\\\/boutique\\\/gammes\\\/laboratoire-dr-renaud\\\/serums-2\\\/dr-renaud-innovhyalha-hydraserum-volumisant\\\/\",\"url\":\"https:\\\/\\\/esthetiquenovani.com\\\/boutique\\\/gammes\\\/laboratoire-dr-renaud\\\/serums-2\\\/dr-renaud-innovhyalha-hydraserum-volumisant\\\/\",\"name\":\"S\u00e9rum hyaluronique | Dr Renaud | Esth\u00e9ticienne Longueuil\",\"isPartOf\":{\"@id\":\"https:\\\/\\\/esthetiquenovani.com\\\/#website\"},\"primaryImageOfPage\":{\"@id\":\"https:\\\/\\\/esthetiquenovani.com\\\/boutique\\\/gammes\\\/laboratoire-dr-renaud\\\/serums-2\\\/dr-renaud-innovhyalha-hydraserum-volumisant\\\/#primaryimage\"},\"image\":{\"@id\":\"https:\\\/\\\/esthetiquenovani.com\\\/boutique\\\/gammes\\\/laboratoire-dr-renaud\\\/serums-2\\\/dr-renaud-innovhyalha-hydraserum-volumisant\\\/#primaryimage\"},\"thumbnailUrl\":\"https:\\\/\\\/esthetiquenovani.com\\\/wp-content\\\/uploads\\\/2020\\\/03\\\/LDR_InnovHyalHA_HydraSerum_30ml_1200x.webp\",\"datePublished\":\"2020-03-21T22:15:24+00:00\",\"dateModified\":\"2026-02-05T14:54:53+00:00\",\"description\":\"Un s\u00e9rum \u00ab hydratation-jeunesse \u00bb intense avec acide hyaluronique, l\u2019hydratation et le \u00abrebondi\u00bb d\u2019une peau jeune ! S\u00e9rum jeunesse expert\",\"breadcrumb\":{\"@id\":\"https:\\\/\\\/esthetiquenovani.com\\\/boutique\\\/gammes\\\/laboratoire-dr-renaud\\\/serums-2\\\/dr-renaud-innovhyalha-hydraserum-volumisant\\\/#breadcrumb\"},\"inLanguage\":\"en-US\",\"potentialAction\":[{\"@type\":\"ReadAction\",\"target\":[\"https:\\\/\\\/esthetiquenovani.com\\\/boutique\\\/gammes\\\/laboratoire-dr-renaud\\\/serums-2\\\/dr-renaud-innovhyalha-hydraserum-volumisant\\\/\"]}]},{\"@type\":\"ImageObject\",\"inLanguage\":\"en-US\",\"@id\":\"https:\\\/\\\/esthetiquenovani.com\\\/boutique\\\/gammes\\\/laboratoire-dr-renaud\\\/serums-2\\\/dr-renaud-innovhyalha-hydraserum-volumisant\\\/#primaryimage\",\"url\":\"https:\\\/\\\/esthetiquenovani.com\\\/wp-content\\\/uploads\\\/2020\\\/03\\\/LDR_InnovHyalHA_HydraSerum_30ml_1200x.webp\",\"contentUrl\":\"https:\\\/\\\/esthetiquenovani.com\\\/wp-content\\\/uploads\\\/2020\\\/03\\\/LDR_InnovHyalHA_HydraSerum_30ml_1200x.webp\",\"width\":1200,\"height\":1200,\"caption\":\"S\u00e9rum Volumisant InnovHyal - Laboratoire Dr Renaud - Longueuil\"},{\"@type\":\"BreadcrumbList\",\"@id\":\"https:\\\/\\\/esthetiquenovani.com\\\/boutique\\\/gammes\\\/laboratoire-dr-renaud\\\/serums-2\\\/dr-renaud-innovhyalha-hydraserum-volumisant\\\/#breadcrumb\",\"itemListElement\":[{\"@type\":\"ListItem\",\"position\":1,\"name\":\"Accueil\",\"item\":\"https:\\\/\\\/esthetiquenovani.com\\\/en\\\/\"},{\"@type\":\"ListItem\",\"position\":2,\"name\":\"Boutique\",\"item\":\"https:\\\/\\\/esthetiquenovani.com\\\/boutique\\\/\"},{\"@type\":\"ListItem\",\"position\":3,\"name\":\"Dr Renaud \u2013 InnovHyal \u2013 HydraSerum Volumisant\"}]},{\"@type\":\"WebSite\",\"@id\":\"https:\\\/\\\/esthetiquenovani.com\\\/#website\",\"url\":\"https:\\\/\\\/esthetiquenovani.com\\\/\",\"name\":\"Clinique d'Esth&eacute;tique Novani\",\"description\":\"Brossard, Longueil &amp; Chambly\",\"publisher\":{\"@id\":\"https:\\\/\\\/esthetiquenovani.com\\\/#organization\"},\"potentialAction\":[{\"@type\":\"SearchAction\",\"target\":{\"@type\":\"EntryPoint\",\"urlTemplate\":\"https:\\\/\\\/esthetiquenovani.com\\\/?s={search_term_string}\"},\"query-input\":{\"@type\":\"PropertyValueSpecification\",\"valueRequired\":true,\"valueName\":\"search_term_string\"}}],\"inLanguage\":\"en-US\"},{\"@type\":\"Organization\",\"@id\":\"https:\\\/\\\/esthetiquenovani.com\\\/#organization\",\"name\":\"Esth\u00e9tique Huguette Turcotte\",\"url\":\"https:\\\/\\\/esthetiquenovani.com\\\/\",\"logo\":{\"@type\":\"ImageObject\",\"inLanguage\":\"en-US\",\"@id\":\"https:\\\/\\\/esthetiquenovani.com\\\/#\\\/schema\\\/logo\\\/image\\\/\",\"url\":\"https:\\\/\\\/esthetiquenovani.com\\\/wp-content\\\/uploads\\\/2018\\\/01\\\/qui-sommes-nous.jpg\",\"contentUrl\":\"https:\\\/\\\/esthetiquenovani.com\\\/wp-content\\\/uploads\\\/2018\\\/01\\\/qui-sommes-nous.jpg\",\"width\":637,\"height\":425,\"caption\":\"Esth\u00e9tique Huguette Turcotte\"},\"image\":{\"@id\":\"https:\\\/\\\/esthetiquenovani.com\\\/#\\\/schema\\\/logo\\\/image\\\/\"},\"sameAs\":[\"https:\\\/\\\/www.facebook.com\\\/esthetiquehturcotte\"]}]}<\/script>\n<!-- \/ Yoast SEO plugin. -->","yoast_head_json":{"title":"S\u00e9rum hyaluronique | Dr Renaud | Esth\u00e9ticienne Longueuil","description":"Un s\u00e9rum \u00ab hydratation-jeunesse \u00bb intense avec acide hyaluronique, l\u2019hydratation et le \u00abrebondi\u00bb d\u2019une peau jeune ! S\u00e9rum jeunesse expert","robots":{"index":"index","follow":"follow","max-snippet":"max-snippet:-1","max-image-preview":"max-image-preview:large","max-video-preview":"max-video-preview:-1"},"canonical":"https:\/\/esthetiquenovani.com\/boutique\/gammes\/laboratoire-dr-renaud\/serums-2\/dr-renaud-innovhyalha-hydraserum-volumisant\/","og_locale":"en_US","og_type":"article","og_title":"S\u00e9rum hyaluronique | Dr Renaud | Esth\u00e9ticienne Longueuil","og_description":"Un s\u00e9rum \u00ab hydratation-jeunesse \u00bb intense avec acide hyaluronique, l\u2019hydratation et le \u00abrebondi\u00bb d\u2019une peau jeune ! S\u00e9rum jeunesse expert","og_url":"https:\/\/esthetiquenovani.com\/boutique\/gammes\/laboratoire-dr-renaud\/serums-2\/dr-renaud-innovhyalha-hydraserum-volumisant\/","og_site_name":"Clinique d'Esth&eacute;tique Novani","article_publisher":"https:\/\/www.facebook.com\/esthetiquehturcotte","article_modified_time":"2026-02-05T14:54:53+00:00","og_image":[{"width":1200,"height":1200,"url":"https:\/\/esthetiquenovani.com\/wp-content\/uploads\/2020\/03\/LDR_InnovHyalHA_HydraSerum_30ml_1200x.webp","type":"image\/webp"}],"twitter_card":"summary_large_image","schema":{"@context":"https:\/\/schema.org","@graph":[{"@type":"WebPage","@id":"https:\/\/esthetiquenovani.com\/boutique\/gammes\/laboratoire-dr-renaud\/serums-2\/dr-renaud-innovhyalha-hydraserum-volumisant\/","url":"https:\/\/esthetiquenovani.com\/boutique\/gammes\/laboratoire-dr-renaud\/serums-2\/dr-renaud-innovhyalha-hydraserum-volumisant\/","name":"S\u00e9rum hyaluronique | Dr Renaud | Esth\u00e9ticienne Longueuil","isPartOf":{"@id":"https:\/\/esthetiquenovani.com\/#website"},"primaryImageOfPage":{"@id":"https:\/\/esthetiquenovani.com\/boutique\/gammes\/laboratoire-dr-renaud\/serums-2\/dr-renaud-innovhyalha-hydraserum-volumisant\/#primaryimage"},"image":{"@id":"https:\/\/esthetiquenovani.com\/boutique\/gammes\/laboratoire-dr-renaud\/serums-2\/dr-renaud-innovhyalha-hydraserum-volumisant\/#primaryimage"},"thumbnailUrl":"https:\/\/esthetiquenovani.com\/wp-content\/uploads\/2020\/03\/LDR_InnovHyalHA_HydraSerum_30ml_1200x.webp","datePublished":"2020-03-21T22:15:24+00:00","dateModified":"2026-02-05T14:54:53+00:00","description":"Un s\u00e9rum \u00ab hydratation-jeunesse \u00bb intense avec acide hyaluronique, l\u2019hydratation et le \u00abrebondi\u00bb d\u2019une peau jeune ! S\u00e9rum jeunesse expert","breadcrumb":{"@id":"https:\/\/esthetiquenovani.com\/boutique\/gammes\/laboratoire-dr-renaud\/serums-2\/dr-renaud-innovhyalha-hydraserum-volumisant\/#breadcrumb"},"inLanguage":"en-US","potentialAction":[{"@type":"ReadAction","target":["https:\/\/esthetiquenovani.com\/boutique\/gammes\/laboratoire-dr-renaud\/serums-2\/dr-renaud-innovhyalha-hydraserum-volumisant\/"]}]},{"@type":"ImageObject","inLanguage":"en-US","@id":"https:\/\/esthetiquenovani.com\/boutique\/gammes\/laboratoire-dr-renaud\/serums-2\/dr-renaud-innovhyalha-hydraserum-volumisant\/#primaryimage","url":"https:\/\/esthetiquenovani.com\/wp-content\/uploads\/2020\/03\/LDR_InnovHyalHA_HydraSerum_30ml_1200x.webp","contentUrl":"https:\/\/esthetiquenovani.com\/wp-content\/uploads\/2020\/03\/LDR_InnovHyalHA_HydraSerum_30ml_1200x.webp","width":1200,"height":1200,"caption":"S\u00e9rum Volumisant InnovHyal - Laboratoire Dr Renaud - Longueuil"},{"@type":"BreadcrumbList","@id":"https:\/\/esthetiquenovani.com\/boutique\/gammes\/laboratoire-dr-renaud\/serums-2\/dr-renaud-innovhyalha-hydraserum-volumisant\/#breadcrumb","itemListElement":[{"@type":"ListItem","position":1,"name":"Accueil","item":"https:\/\/esthetiquenovani.com\/en\/"},{"@type":"ListItem","position":2,"name":"Boutique","item":"https:\/\/esthetiquenovani.com\/boutique\/"},{"@type":"ListItem","position":3,"name":"Dr Renaud \u2013 InnovHyal \u2013 HydraSerum Volumisant"}]},{"@type":"WebSite","@id":"https:\/\/esthetiquenovani.com\/#website","url":"https:\/\/esthetiquenovani.com\/","name":"Clinique d'Esth&eacute;tique Novani","description":"Brossard, Longueil &amp; Chambly","publisher":{"@id":"https:\/\/esthetiquenovani.com\/#organization"},"potentialAction":[{"@type":"SearchAction","target":{"@type":"EntryPoint","urlTemplate":"https:\/\/esthetiquenovani.com\/?s={search_term_string}"},"query-input":{"@type":"PropertyValueSpecification","valueRequired":true,"valueName":"search_term_string"}}],"inLanguage":"en-US"},{"@type":"Organization","@id":"https:\/\/esthetiquenovani.com\/#organization","name":"Esth\u00e9tique Huguette Turcotte","url":"https:\/\/esthetiquenovani.com\/","logo":{"@type":"ImageObject","inLanguage":"en-US","@id":"https:\/\/esthetiquenovani.com\/#\/schema\/logo\/image\/","url":"https:\/\/esthetiquenovani.com\/wp-content\/uploads\/2018\/01\/qui-sommes-nous.jpg","contentUrl":"https:\/\/esthetiquenovani.com\/wp-content\/uploads\/2018\/01\/qui-sommes-nous.jpg","width":637,"height":425,"caption":"Esth\u00e9tique Huguette Turcotte"},"image":{"@id":"https:\/\/esthetiquenovani.com\/#\/schema\/logo\/image\/"},"sameAs":["https:\/\/www.facebook.com\/esthetiquehturcotte"]}]}},"_links":{"self":[{"href":"https:\/\/esthetiquenovani.com\/en\/wp-json\/wp\/v2\/product\/3235","targetHints":{"allow":["GET"]}}],"collection":[{"href":"https:\/\/esthetiquenovani.com\/en\/wp-json\/wp\/v2\/product"}],"about":[{"href":"https:\/\/esthetiquenovani.com\/en\/wp-json\/wp\/v2\/types\/product"}],"wp:featuredmedia":[{"embeddable":true,"href":"https:\/\/esthetiquenovani.com\/en\/wp-json\/wp\/v2\/media\/224162"}],"wp:attachment":[{"href":"https:\/\/esthetiquenovani.com\/en\/wp-json\/wp\/v2\/media?parent=3235"}],"wp:term":[{"taxonomy":"product_brand","embeddable":true,"href":"https:\/\/esthetiquenovani.com\/en\/wp-json\/wp\/v2\/product_brand?post=3235"},{"taxonomy":"product_cat","embeddable":true,"href":"https:\/\/esthetiquenovani.com\/en\/wp-json\/wp\/v2\/product_cat?post=3235"},{"taxonomy":"product_tag","embeddable":true,"href":"https:\/\/esthetiquenovani.com\/en\/wp-json\/wp\/v2\/product_tag?post=3235"}],"curies":[{"name":"wp","href":"https:\/\/api.w.org\/{rel}","templated":true}]}}