{"id":3245,"date":"2020-03-21T19:16:22","date_gmt":"2020-03-21T23:16:22","guid":{"rendered":"https:\/\/esthetiquenovani.com\/produit\/dr-renaud-pure-concentre-jeunesse-nuit-complete-3-en-1\/"},"modified":"2026-02-05T11:01:01","modified_gmt":"2026-02-05T16:01:01","slug":"dr-renaud-pure-concentre-jeunesse-nuit-complete-3-en-1","status":"publish","type":"product","link":"https:\/\/esthetiquenovani.com\/en\/boutique\/gammes\/laboratoire-dr-renaud\/5-masques\/dr-renaud-pure-concentre-jeunesse-nuit-complete-3-en-1\/","title":{"rendered":"Dr Renaud \u2013 Pure Kronoxyl-\u2788 \u2013 Concentr\u00e9 jeunesse Nuit compl\u00e8te 3-en-1"},"content":{"rendered":"","protected":false},"excerpt":{"rendered":"<div><span style=\"font-family: Verdana\">LA GAMME PURE &#8211; L\u2019alternative cosm\u00e9tique r\u00e9volutionnaire aux techniques chirurgicales de rajeunissement.<br \/>\n<\/span><\/div>\n<div><span style=\"font-family: Verdana\">\u00a0<\/span><\/div>\n<div><span style=\"font-family: Verdana\">La nuit, notre peau travaille activement \u00e0 r\u00e9cup\u00e9rer, se renouveler et se reconstruire. Cet \u00e9lixir anti-\u00e2ge exceptionnel \u00e0 la texture satin\u00e9e et onctueuse fournit \u00e0 la peau les nutriments essentiels \u00e0 sa r\u00e9paration pendant la nuit, au moment o\u00f9 elle est le plus r\u00e9ceptive. Associant le pouvoir du Kronoxyl-9, complexe rajeunissant exclusif, \u00e0 celui de l\u2019acide hyaluronique et d\u2019un extrait de poivre de Tasmanie, PURE Concentr\u00e9 Jeunesse Nuit Compl\u00e8te lisse la peau et efface les marques de fatigue nuit apr\u00e8s nuit pour une apparence plus jeune au r\u00e9veil.<\/span><\/div>\n<div><span style=\"font-family: Verdana\">\u00a0<\/span><\/div>\n<div><span style=\"font-family: Verdana\">Il se distingue par les actions suivantes :\u00a0<\/span><\/div>\n<ul>\n<li><span style=\"font-family: Verdana\">Action repulpante instantan\u00e9e<\/span><\/li>\n<li><span style=\"font-family: Verdana\">Action jeunesse, antirides et anti-rel\u00e2chement\u00a0<\/span><\/li>\n<li><span style=\"font-family: Verdana\">Action r\u00e9paratrice anti-\u00e2ge<\/span><\/li>\n<li><span style=\"font-family: Verdana\">Action calmante et apaisante imm\u00e9diate<\/span><\/li>\n<li><span style=\"font-family: Verdana\">Intens\u00e9ment ressourc\u00e9e, la peau appara\u00eet fra\u00eeche et repos\u00e9e, les traits sont liss\u00e9s et le teint radieux.<\/span><\/li>\n<\/ul>\n<div>\n<div><span style=\"font-family: Verdana\">\u00a0<\/span><\/div>\n<div><span style=\"font-family: Verdana\"><b>Conseils d&#8217;utilisation:<\/b><\/span><\/div>\n<ol>\n<li><span style=\"font-family: Verdana\">Le soir, apppliquer g\u00e9n\u00e9reusement sur le visage et le cou apr\u00e8s avoir soigneusement nettoy\u00e9 la peau au pr\u00e9alable.<\/span><\/li>\n<li><span style=\"font-family: Verdana\">Pour une action repulpante intensive, laisser poser pendant 15 minutes puis faire p\u00e9n\u00e9trer l\u2019exc\u00e9dent par de l\u00e9gers effleurages. Retirer l\u2019exc\u00e9dent \u00e0 l\u2019aide d\u2019un mouchoir en papier si besoin. Ne pas rincer. Laisser infuser toute la nuit. Au r\u00e9veil, rincer \u00e0 l\u2019eau. La peau est repulp\u00e9e, douce, fraiche et d\u00e9fatigu\u00e9e.<\/span><\/li>\n<li><span style=\"font-family: Verdana\">Pour une cure r\u00e9paratrice, renouveler l\u2019application durant 7 soirs cons\u00e9cutifs. La peau est revitalis\u00e9e, liss\u00e9e. Le teint est frais, la peau para\u00eet plus jeune.<\/span><\/li>\n<li><span style=\"font-family: Verdana\">Pour un coup d\u2019\u00e9clat imm\u00e9diat, laisser poser de 10 \u00e0 15 minutes puis rincer \u00e0 l\u2019eau. La peau est d\u00e9salt\u00e9r\u00e9e, apais\u00e9e et radieuse.<\/span><\/li>\n<\/ol>\n<\/div>\n<div><span style=\"font-family: Verdana\">\u00a0<\/span><\/div>\n<div><span style=\"font-family: Verdana\">60 ml<\/span><\/div>\n","protected":false},"featured_media":231684,"template":"","meta":{"_et_pb_use_builder":"","_et_pb_old_content":"","_et_gb_content_width":""},"product_brand":[],"product_cat":[110,112,69,68,64,61,60],"product_tag":[],"class_list":{"0":"post-3245","1":"product","2":"type-product","3":"status-publish","4":"has-post-thumbnail","6":"product_cat-5-masques","7":"product_cat-7-gamme-pure-cure-visage-anti-age-brevetee","8":"product_cat-cures-jeunesse-pure-gamme-anti-age-brevetee","9":"product_cat-laboratoire-dr-renaud","10":"product_cat-masques-et-huiles","11":"product_cat-peaux-matures-et-perte-de-densite","12":"product_cat-rides-installees-et-perte-de-fermete","14":"first","15":"instock","16":"taxable","17":"shipping-taxable","18":"purchasable","19":"product-type-simple"},"yoast_head":"<!-- This site is optimized with the Yoast SEO plugin v27.4 - https:\/\/yoast.com\/product\/yoast-seo-wordpress\/ -->\n<title>Masque jeunesse nuit - anti-\u00e2ge - ultra performant - #achatlocal<\/title>\n<meta name=\"description\" content=\"Lisse les rides et les ridules, Calme, apaise et raffermit la peau, \u00c9limine les signes de fatigue, Illumine le teint. Produit prim\u00e9.\" \/>\n<meta name=\"robots\" content=\"index, follow, max-snippet:-1, max-image-preview:large, max-video-preview:-1\" \/>\n<link rel=\"canonical\" href=\"https:\/\/esthetiquenovani.com\/boutique\/gammes\/laboratoire-dr-renaud\/5-masques\/dr-renaud-pure-concentre-jeunesse-nuit-complete-3-en-1\/\" \/>\n<meta property=\"og:locale\" content=\"en_US\" \/>\n<meta property=\"og:type\" content=\"article\" \/>\n<meta property=\"og:title\" content=\"Masque jeunesse nuit - anti-\u00e2ge - ultra performant - #achatlocal\" \/>\n<meta property=\"og:description\" content=\"Lisse les rides et les ridules, Calme, apaise et raffermit la peau, \u00c9limine les signes de fatigue, Illumine le teint. Produit prim\u00e9.\" \/>\n<meta property=\"og:url\" content=\"https:\/\/esthetiquenovani.com\/boutique\/gammes\/laboratoire-dr-renaud\/5-masques\/dr-renaud-pure-concentre-jeunesse-nuit-complete-3-en-1\/\" \/>\n<meta property=\"og:site_name\" content=\"Clinique d&#039;Esth&eacute;tique Novani\" \/>\n<meta property=\"article:publisher\" content=\"https:\/\/www.facebook.com\/esthetiquehturcotte\" \/>\n<meta property=\"article:modified_time\" content=\"2026-02-05T16:01:01+00:00\" \/>\n<meta property=\"og:image\" content=\"https:\/\/esthetiquenovani.com\/wp-content\/uploads\/2020\/03\/Concentre-jeunesse-PURE-Masque-anti-age-nuit-complete-Esthetique-Novani.jpg\" \/>\n\t<meta property=\"og:image:width\" content=\"800\" \/>\n\t<meta property=\"og:image:height\" content=\"800\" \/>\n\t<meta property=\"og:image:type\" content=\"image\/jpeg\" \/>\n<meta name=\"twitter:card\" content=\"summary_large_image\" \/>\n<meta name=\"twitter:label1\" content=\"Est. reading time\" \/>\n\t<meta name=\"twitter:data1\" content=\"1 minute\" \/>\n<script type=\"application\/ld+json\" class=\"yoast-schema-graph\">{\"@context\":\"https:\\\/\\\/schema.org\",\"@graph\":[{\"@type\":\"WebPage\",\"@id\":\"https:\\\/\\\/esthetiquenovani.com\\\/boutique\\\/gammes\\\/laboratoire-dr-renaud\\\/5-masques\\\/dr-renaud-pure-concentre-jeunesse-nuit-complete-3-en-1\\\/\",\"url\":\"https:\\\/\\\/esthetiquenovani.com\\\/boutique\\\/gammes\\\/laboratoire-dr-renaud\\\/5-masques\\\/dr-renaud-pure-concentre-jeunesse-nuit-complete-3-en-1\\\/\",\"name\":\"Masque jeunesse nuit - anti-\u00e2ge - ultra performant - #achatlocal\",\"isPartOf\":{\"@id\":\"https:\\\/\\\/esthetiquenovani.com\\\/#website\"},\"primaryImageOfPage\":{\"@id\":\"https:\\\/\\\/esthetiquenovani.com\\\/boutique\\\/gammes\\\/laboratoire-dr-renaud\\\/5-masques\\\/dr-renaud-pure-concentre-jeunesse-nuit-complete-3-en-1\\\/#primaryimage\"},\"image\":{\"@id\":\"https:\\\/\\\/esthetiquenovani.com\\\/boutique\\\/gammes\\\/laboratoire-dr-renaud\\\/5-masques\\\/dr-renaud-pure-concentre-jeunesse-nuit-complete-3-en-1\\\/#primaryimage\"},\"thumbnailUrl\":\"https:\\\/\\\/esthetiquenovani.com\\\/wp-content\\\/uploads\\\/2020\\\/03\\\/Concentre-jeunesse-PURE-Masque-anti-age-nuit-complete-Esthetique-Novani.jpg\",\"datePublished\":\"2020-03-21T23:16:22+00:00\",\"dateModified\":\"2026-02-05T16:01:01+00:00\",\"description\":\"Lisse les rides et les ridules, Calme, apaise et raffermit la peau, \u00c9limine les signes de fatigue, Illumine le teint. Produit prim\u00e9.\",\"breadcrumb\":{\"@id\":\"https:\\\/\\\/esthetiquenovani.com\\\/boutique\\\/gammes\\\/laboratoire-dr-renaud\\\/5-masques\\\/dr-renaud-pure-concentre-jeunesse-nuit-complete-3-en-1\\\/#breadcrumb\"},\"inLanguage\":\"en-US\",\"potentialAction\":[{\"@type\":\"ReadAction\",\"target\":[\"https:\\\/\\\/esthetiquenovani.com\\\/boutique\\\/gammes\\\/laboratoire-dr-renaud\\\/5-masques\\\/dr-renaud-pure-concentre-jeunesse-nuit-complete-3-en-1\\\/\"]}]},{\"@type\":\"ImageObject\",\"inLanguage\":\"en-US\",\"@id\":\"https:\\\/\\\/esthetiquenovani.com\\\/boutique\\\/gammes\\\/laboratoire-dr-renaud\\\/5-masques\\\/dr-renaud-pure-concentre-jeunesse-nuit-complete-3-en-1\\\/#primaryimage\",\"url\":\"https:\\\/\\\/esthetiquenovani.com\\\/wp-content\\\/uploads\\\/2020\\\/03\\\/Concentre-jeunesse-PURE-Masque-anti-age-nuit-complete-Esthetique-Novani.jpg\",\"contentUrl\":\"https:\\\/\\\/esthetiquenovani.com\\\/wp-content\\\/uploads\\\/2020\\\/03\\\/Concentre-jeunesse-PURE-Masque-anti-age-nuit-complete-Esthetique-Novani.jpg\",\"width\":800,\"height\":800},{\"@type\":\"BreadcrumbList\",\"@id\":\"https:\\\/\\\/esthetiquenovani.com\\\/boutique\\\/gammes\\\/laboratoire-dr-renaud\\\/5-masques\\\/dr-renaud-pure-concentre-jeunesse-nuit-complete-3-en-1\\\/#breadcrumb\",\"itemListElement\":[{\"@type\":\"ListItem\",\"position\":1,\"name\":\"Accueil\",\"item\":\"https:\\\/\\\/esthetiquenovani.com\\\/en\\\/\"},{\"@type\":\"ListItem\",\"position\":2,\"name\":\"Boutique\",\"item\":\"https:\\\/\\\/esthetiquenovani.com\\\/boutique\\\/\"},{\"@type\":\"ListItem\",\"position\":3,\"name\":\"Dr Renaud \u2013 Pure Kronoxyl-\u2788 \u2013 Concentr\u00e9 jeunesse Nuit compl\u00e8te 3-en-1\"}]},{\"@type\":\"WebSite\",\"@id\":\"https:\\\/\\\/esthetiquenovani.com\\\/#website\",\"url\":\"https:\\\/\\\/esthetiquenovani.com\\\/\",\"name\":\"Clinique d'Esth&eacute;tique Novani\",\"description\":\"Brossard, Longueil &amp; Chambly\",\"publisher\":{\"@id\":\"https:\\\/\\\/esthetiquenovani.com\\\/#organization\"},\"potentialAction\":[{\"@type\":\"SearchAction\",\"target\":{\"@type\":\"EntryPoint\",\"urlTemplate\":\"https:\\\/\\\/esthetiquenovani.com\\\/?s={search_term_string}\"},\"query-input\":{\"@type\":\"PropertyValueSpecification\",\"valueRequired\":true,\"valueName\":\"search_term_string\"}}],\"inLanguage\":\"en-US\"},{\"@type\":\"Organization\",\"@id\":\"https:\\\/\\\/esthetiquenovani.com\\\/#organization\",\"name\":\"Esth\u00e9tique Huguette Turcotte\",\"url\":\"https:\\\/\\\/esthetiquenovani.com\\\/\",\"logo\":{\"@type\":\"ImageObject\",\"inLanguage\":\"en-US\",\"@id\":\"https:\\\/\\\/esthetiquenovani.com\\\/#\\\/schema\\\/logo\\\/image\\\/\",\"url\":\"https:\\\/\\\/esthetiquenovani.com\\\/wp-content\\\/uploads\\\/2018\\\/01\\\/qui-sommes-nous.jpg\",\"contentUrl\":\"https:\\\/\\\/esthetiquenovani.com\\\/wp-content\\\/uploads\\\/2018\\\/01\\\/qui-sommes-nous.jpg\",\"width\":637,\"height\":425,\"caption\":\"Esth\u00e9tique Huguette Turcotte\"},\"image\":{\"@id\":\"https:\\\/\\\/esthetiquenovani.com\\\/#\\\/schema\\\/logo\\\/image\\\/\"},\"sameAs\":[\"https:\\\/\\\/www.facebook.com\\\/esthetiquehturcotte\"]}]}<\/script>\n<!-- \/ Yoast SEO plugin. -->","yoast_head_json":{"title":"Masque jeunesse nuit - anti-\u00e2ge - ultra performant - #achatlocal","description":"Lisse les rides et les ridules, Calme, apaise et raffermit la peau, \u00c9limine les signes de fatigue, Illumine le teint. Produit prim\u00e9.","robots":{"index":"index","follow":"follow","max-snippet":"max-snippet:-1","max-image-preview":"max-image-preview:large","max-video-preview":"max-video-preview:-1"},"canonical":"https:\/\/esthetiquenovani.com\/boutique\/gammes\/laboratoire-dr-renaud\/5-masques\/dr-renaud-pure-concentre-jeunesse-nuit-complete-3-en-1\/","og_locale":"en_US","og_type":"article","og_title":"Masque jeunesse nuit - anti-\u00e2ge - ultra performant - #achatlocal","og_description":"Lisse les rides et les ridules, Calme, apaise et raffermit la peau, \u00c9limine les signes de fatigue, Illumine le teint. Produit prim\u00e9.","og_url":"https:\/\/esthetiquenovani.com\/boutique\/gammes\/laboratoire-dr-renaud\/5-masques\/dr-renaud-pure-concentre-jeunesse-nuit-complete-3-en-1\/","og_site_name":"Clinique d'Esth&eacute;tique Novani","article_publisher":"https:\/\/www.facebook.com\/esthetiquehturcotte","article_modified_time":"2026-02-05T16:01:01+00:00","og_image":[{"width":800,"height":800,"url":"https:\/\/esthetiquenovani.com\/wp-content\/uploads\/2020\/03\/Concentre-jeunesse-PURE-Masque-anti-age-nuit-complete-Esthetique-Novani.jpg","type":"image\/jpeg"}],"twitter_card":"summary_large_image","twitter_misc":{"Est. reading time":"1 minute"},"schema":{"@context":"https:\/\/schema.org","@graph":[{"@type":"WebPage","@id":"https:\/\/esthetiquenovani.com\/boutique\/gammes\/laboratoire-dr-renaud\/5-masques\/dr-renaud-pure-concentre-jeunesse-nuit-complete-3-en-1\/","url":"https:\/\/esthetiquenovani.com\/boutique\/gammes\/laboratoire-dr-renaud\/5-masques\/dr-renaud-pure-concentre-jeunesse-nuit-complete-3-en-1\/","name":"Masque jeunesse nuit - anti-\u00e2ge - ultra performant - #achatlocal","isPartOf":{"@id":"https:\/\/esthetiquenovani.com\/#website"},"primaryImageOfPage":{"@id":"https:\/\/esthetiquenovani.com\/boutique\/gammes\/laboratoire-dr-renaud\/5-masques\/dr-renaud-pure-concentre-jeunesse-nuit-complete-3-en-1\/#primaryimage"},"image":{"@id":"https:\/\/esthetiquenovani.com\/boutique\/gammes\/laboratoire-dr-renaud\/5-masques\/dr-renaud-pure-concentre-jeunesse-nuit-complete-3-en-1\/#primaryimage"},"thumbnailUrl":"https:\/\/esthetiquenovani.com\/wp-content\/uploads\/2020\/03\/Concentre-jeunesse-PURE-Masque-anti-age-nuit-complete-Esthetique-Novani.jpg","datePublished":"2020-03-21T23:16:22+00:00","dateModified":"2026-02-05T16:01:01+00:00","description":"Lisse les rides et les ridules, Calme, apaise et raffermit la peau, \u00c9limine les signes de fatigue, Illumine le teint. Produit prim\u00e9.","breadcrumb":{"@id":"https:\/\/esthetiquenovani.com\/boutique\/gammes\/laboratoire-dr-renaud\/5-masques\/dr-renaud-pure-concentre-jeunesse-nuit-complete-3-en-1\/#breadcrumb"},"inLanguage":"en-US","potentialAction":[{"@type":"ReadAction","target":["https:\/\/esthetiquenovani.com\/boutique\/gammes\/laboratoire-dr-renaud\/5-masques\/dr-renaud-pure-concentre-jeunesse-nuit-complete-3-en-1\/"]}]},{"@type":"ImageObject","inLanguage":"en-US","@id":"https:\/\/esthetiquenovani.com\/boutique\/gammes\/laboratoire-dr-renaud\/5-masques\/dr-renaud-pure-concentre-jeunesse-nuit-complete-3-en-1\/#primaryimage","url":"https:\/\/esthetiquenovani.com\/wp-content\/uploads\/2020\/03\/Concentre-jeunesse-PURE-Masque-anti-age-nuit-complete-Esthetique-Novani.jpg","contentUrl":"https:\/\/esthetiquenovani.com\/wp-content\/uploads\/2020\/03\/Concentre-jeunesse-PURE-Masque-anti-age-nuit-complete-Esthetique-Novani.jpg","width":800,"height":800},{"@type":"BreadcrumbList","@id":"https:\/\/esthetiquenovani.com\/boutique\/gammes\/laboratoire-dr-renaud\/5-masques\/dr-renaud-pure-concentre-jeunesse-nuit-complete-3-en-1\/#breadcrumb","itemListElement":[{"@type":"ListItem","position":1,"name":"Accueil","item":"https:\/\/esthetiquenovani.com\/en\/"},{"@type":"ListItem","position":2,"name":"Boutique","item":"https:\/\/esthetiquenovani.com\/boutique\/"},{"@type":"ListItem","position":3,"name":"Dr Renaud \u2013 Pure Kronoxyl-\u2788 \u2013 Concentr\u00e9 jeunesse Nuit compl\u00e8te 3-en-1"}]},{"@type":"WebSite","@id":"https:\/\/esthetiquenovani.com\/#website","url":"https:\/\/esthetiquenovani.com\/","name":"Clinique d'Esth&eacute;tique Novani","description":"Brossard, Longueil &amp; Chambly","publisher":{"@id":"https:\/\/esthetiquenovani.com\/#organization"},"potentialAction":[{"@type":"SearchAction","target":{"@type":"EntryPoint","urlTemplate":"https:\/\/esthetiquenovani.com\/?s={search_term_string}"},"query-input":{"@type":"PropertyValueSpecification","valueRequired":true,"valueName":"search_term_string"}}],"inLanguage":"en-US"},{"@type":"Organization","@id":"https:\/\/esthetiquenovani.com\/#organization","name":"Esth\u00e9tique Huguette Turcotte","url":"https:\/\/esthetiquenovani.com\/","logo":{"@type":"ImageObject","inLanguage":"en-US","@id":"https:\/\/esthetiquenovani.com\/#\/schema\/logo\/image\/","url":"https:\/\/esthetiquenovani.com\/wp-content\/uploads\/2018\/01\/qui-sommes-nous.jpg","contentUrl":"https:\/\/esthetiquenovani.com\/wp-content\/uploads\/2018\/01\/qui-sommes-nous.jpg","width":637,"height":425,"caption":"Esth\u00e9tique Huguette Turcotte"},"image":{"@id":"https:\/\/esthetiquenovani.com\/#\/schema\/logo\/image\/"},"sameAs":["https:\/\/www.facebook.com\/esthetiquehturcotte"]}]}},"_links":{"self":[{"href":"https:\/\/esthetiquenovani.com\/en\/wp-json\/wp\/v2\/product\/3245","targetHints":{"allow":["GET"]}}],"collection":[{"href":"https:\/\/esthetiquenovani.com\/en\/wp-json\/wp\/v2\/product"}],"about":[{"href":"https:\/\/esthetiquenovani.com\/en\/wp-json\/wp\/v2\/types\/product"}],"wp:featuredmedia":[{"embeddable":true,"href":"https:\/\/esthetiquenovani.com\/en\/wp-json\/wp\/v2\/media\/231684"}],"wp:attachment":[{"href":"https:\/\/esthetiquenovani.com\/en\/wp-json\/wp\/v2\/media?parent=3245"}],"wp:term":[{"taxonomy":"product_brand","embeddable":true,"href":"https:\/\/esthetiquenovani.com\/en\/wp-json\/wp\/v2\/product_brand?post=3245"},{"taxonomy":"product_cat","embeddable":true,"href":"https:\/\/esthetiquenovani.com\/en\/wp-json\/wp\/v2\/product_cat?post=3245"},{"taxonomy":"product_tag","embeddable":true,"href":"https:\/\/esthetiquenovani.com\/en\/wp-json\/wp\/v2\/product_tag?post=3245"}],"curies":[{"name":"wp","href":"https:\/\/api.w.org\/{rel}","templated":true}]}}