{"id":3272,"date":"2020-03-22T13:18:37","date_gmt":"2020-03-22T17:18:37","guid":{"rendered":"https:\/\/esthetiquenovani.com\/produit\/dr-renaud-sebobalance-masque-sebo-absorbant-purifiant\/"},"modified":"2026-02-05T11:00:37","modified_gmt":"2026-02-05T16:00:37","slug":"dr-renaud-sebobalance-masque-sebo-absorbant-purifiant","status":"publish","type":"product","link":"https:\/\/esthetiquenovani.com\/en\/boutique\/gammes\/laboratoire-dr-renaud\/5-masques\/dr-renaud-sebobalance-masque-sebo-absorbant-purifiant\/","title":{"rendered":"Dr Renaud \u2013 SeboBalance \u2013 Masque s\u00e9bo-absorbant purifiant"},"content":{"rendered":"","protected":false},"excerpt":{"rendered":"<div><span style=\"font-family: Verdana\">V\u00e9ritable rituel de puret\u00e9 pour les peaux grasses et com\u00e9doniennes \u00e0 tendance acn\u00e9ique, ce masque enti\u00e8rement non com\u00e9dog\u00e8ne :\u00a0<\/span><\/div>\n<ul>\n<li><span style=\"font-family: Verdana\">Apaise et d\u00e9toxifie la peau \u00a0<\/span><\/li>\n<li><span style=\"font-family: Verdana\">Absorbe l\u2019exc\u00e8s de s\u00e9bum \u00a0<\/span><\/li>\n<li><span style=\"font-family: Verdana\">R\u00e9duit l\u2019irritation et l\u2019inflammation \u00a0<\/span><\/li>\n<li><span style=\"font-family: Verdana\">Diminue l\u2019aspect luisant \u00a0<\/span><\/li>\n<li><span style=\"font-family: Verdana\">Adoucit la peau et lui procure une vive sensation de fra\u00eecheur et de confort<\/span><\/li>\n<\/ul>\n<div><span style=\"font-family: Verdana\">\u00a0<\/span><\/div>\n<div><span style=\"font-family: Verdana\"><b>Conseils d&#8217;utilisation:<\/b><\/span><\/div>\n<div><span style=\"font-family: Verdana\">Une ou deux fois par semaine, apr\u00e8s un nettoyage minutieux de la peau, appliquer uniform\u00e9ment et g\u00e9n\u00e9reusement sur le \u00a0visage et le cou. Laisser agir environ 20 minutes. Rincer \u00a0abondamment avec de l\u2019eau ti\u00e8de, puis froide.\u00a0<\/span><\/div>\n<div><span style=\"font-family: Verdana\">\u00a0<\/span><\/div>\n<div><span style=\"font-family: Verdana\"><i>Attention : La couleur fonc\u00e9e du Masque s\u00e9bo-absorbant \u00a0purifiant peut tacher les linges blancs ou clairs.<\/i><\/span><\/div>\n<div><span style=\"font-family: Verdana\">\u00a0<\/span><\/div>\n<div><span style=\"font-family: Verdana\">60 g<\/span><\/div>\n","protected":false},"featured_media":7539,"template":"","meta":{"_et_pb_use_builder":"","_et_pb_old_content":"","_et_gb_content_width":""},"product_brand":[],"product_cat":[110,63,68,64,52],"product_tag":[],"class_list":{"0":"post-3272","1":"product","2":"type-product","3":"status-publish","4":"has-post-thumbnail","6":"product_cat-5-masques","7":"product_cat-acne","8":"product_cat-laboratoire-dr-renaud","9":"product_cat-masques-et-huiles","10":"product_cat-peau-grasse-et-pores-dilates","12":"first","13":"instock","14":"taxable","15":"shipping-taxable","16":"purchasable","17":"product-type-simple"},"yoast_head":"<!-- This site is optimized with the Yoast SEO plugin v27.4 - https:\/\/yoast.com\/product\/yoast-seo-wordpress\/ -->\n<title>Dr Renaud \u2013 SeboBalance \u2013 Masque s\u00e9bo-absorbant purifiant &#8902; Clinique d&#039;Esth&eacute;tique Novani<\/title>\n<meta name=\"robots\" content=\"index, follow, max-snippet:-1, max-image-preview:large, max-video-preview:-1\" \/>\n<link rel=\"canonical\" href=\"https:\/\/esthetiquenovani.com\/boutique\/gammes\/laboratoire-dr-renaud\/5-masques\/dr-renaud-sebobalance-masque-sebo-absorbant-purifiant\/\" \/>\n<meta property=\"og:locale\" content=\"en_US\" \/>\n<meta property=\"og:type\" content=\"article\" \/>\n<meta property=\"og:title\" content=\"Dr Renaud \u2013 SeboBalance \u2013 Masque s\u00e9bo-absorbant purifiant &#8902; Clinique d&#039;Esth&eacute;tique Novani\" \/>\n<meta property=\"og:description\" content=\"V\u00e9ritable rituel de puret\u00e9 pour les peaux grasses et com\u00e9doniennes \u00e0 tendance acn\u00e9ique, ce masque enti\u00e8rement non com\u00e9dog\u00e8ne :\u00a0   Apaise et d\u00e9toxifie la peau \u00a0  Absorbe l\u2019exc\u00e8s de s\u00e9bum \u00a0  R\u00e9duit l\u2019irritation et l\u2019inflammation \u00a0  Diminue l\u2019aspect luisant \u00a0  Adoucit la peau et lui procure une vive sensation de fra\u00eecheur et de confort  \u00a0 Conseils d&#039;utilisation: Une ou deux fois par semaine, apr\u00e8s un nettoyage minutieux de la peau, appliquer uniform\u00e9ment et g\u00e9n\u00e9reusement sur le \u00a0visage et le cou. Laisser agir environ 20 minutes. Rincer \u00a0abondamment avec de l\u2019eau ti\u00e8de, puis froide.\u00a0 \u00a0 Attention : La couleur fonc\u00e9e du Masque s\u00e9bo-absorbant \u00a0purifiant peut tacher les linges blancs ou clairs. \u00a0 60 g\" \/>\n<meta property=\"og:url\" content=\"https:\/\/esthetiquenovani.com\/boutique\/gammes\/laboratoire-dr-renaud\/5-masques\/dr-renaud-sebobalance-masque-sebo-absorbant-purifiant\/\" \/>\n<meta property=\"og:site_name\" content=\"Clinique d&#039;Esth&eacute;tique Novani\" \/>\n<meta property=\"article:publisher\" content=\"https:\/\/www.facebook.com\/esthetiquehturcotte\" \/>\n<meta property=\"article:modified_time\" content=\"2026-02-05T16:00:37+00:00\" \/>\n<meta property=\"og:image\" content=\"https:\/\/esthetiquenovani.com\/wp-content\/uploads\/2020\/03\/10535-SeboBalance_Mask_60g.jpg\" \/>\n\t<meta property=\"og:image:width\" content=\"1000\" \/>\n\t<meta property=\"og:image:height\" content=\"1000\" \/>\n\t<meta property=\"og:image:type\" content=\"image\/jpeg\" \/>\n<meta name=\"twitter:card\" content=\"summary_large_image\" \/>\n<script type=\"application\/ld+json\" class=\"yoast-schema-graph\">{\"@context\":\"https:\\\/\\\/schema.org\",\"@graph\":[{\"@type\":\"WebPage\",\"@id\":\"https:\\\/\\\/esthetiquenovani.com\\\/boutique\\\/gammes\\\/laboratoire-dr-renaud\\\/5-masques\\\/dr-renaud-sebobalance-masque-sebo-absorbant-purifiant\\\/\",\"url\":\"https:\\\/\\\/esthetiquenovani.com\\\/boutique\\\/gammes\\\/laboratoire-dr-renaud\\\/5-masques\\\/dr-renaud-sebobalance-masque-sebo-absorbant-purifiant\\\/\",\"name\":\"Dr Renaud \u2013 SeboBalance \u2013 Masque s\u00e9bo-absorbant purifiant &#8902; Clinique d'Esth&eacute;tique Novani\",\"isPartOf\":{\"@id\":\"https:\\\/\\\/esthetiquenovani.com\\\/#website\"},\"primaryImageOfPage\":{\"@id\":\"https:\\\/\\\/esthetiquenovani.com\\\/boutique\\\/gammes\\\/laboratoire-dr-renaud\\\/5-masques\\\/dr-renaud-sebobalance-masque-sebo-absorbant-purifiant\\\/#primaryimage\"},\"image\":{\"@id\":\"https:\\\/\\\/esthetiquenovani.com\\\/boutique\\\/gammes\\\/laboratoire-dr-renaud\\\/5-masques\\\/dr-renaud-sebobalance-masque-sebo-absorbant-purifiant\\\/#primaryimage\"},\"thumbnailUrl\":\"https:\\\/\\\/esthetiquenovani.com\\\/wp-content\\\/uploads\\\/2020\\\/03\\\/10535-SeboBalance_Mask_60g.jpg\",\"datePublished\":\"2020-03-22T17:18:37+00:00\",\"dateModified\":\"2026-02-05T16:00:37+00:00\",\"breadcrumb\":{\"@id\":\"https:\\\/\\\/esthetiquenovani.com\\\/boutique\\\/gammes\\\/laboratoire-dr-renaud\\\/5-masques\\\/dr-renaud-sebobalance-masque-sebo-absorbant-purifiant\\\/#breadcrumb\"},\"inLanguage\":\"en-US\",\"potentialAction\":[{\"@type\":\"ReadAction\",\"target\":[\"https:\\\/\\\/esthetiquenovani.com\\\/boutique\\\/gammes\\\/laboratoire-dr-renaud\\\/5-masques\\\/dr-renaud-sebobalance-masque-sebo-absorbant-purifiant\\\/\"]}]},{\"@type\":\"ImageObject\",\"inLanguage\":\"en-US\",\"@id\":\"https:\\\/\\\/esthetiquenovani.com\\\/boutique\\\/gammes\\\/laboratoire-dr-renaud\\\/5-masques\\\/dr-renaud-sebobalance-masque-sebo-absorbant-purifiant\\\/#primaryimage\",\"url\":\"https:\\\/\\\/esthetiquenovani.com\\\/wp-content\\\/uploads\\\/2020\\\/03\\\/10535-SeboBalance_Mask_60g.jpg\",\"contentUrl\":\"https:\\\/\\\/esthetiquenovani.com\\\/wp-content\\\/uploads\\\/2020\\\/03\\\/10535-SeboBalance_Mask_60g.jpg\",\"width\":1000,\"height\":1000,\"caption\":\"Dr Renaud - masque peaux grasse \\\/ bouton \\\/ acn\u00e9 esth\u00e9ticienne Longueuil\"},{\"@type\":\"BreadcrumbList\",\"@id\":\"https:\\\/\\\/esthetiquenovani.com\\\/boutique\\\/gammes\\\/laboratoire-dr-renaud\\\/5-masques\\\/dr-renaud-sebobalance-masque-sebo-absorbant-purifiant\\\/#breadcrumb\",\"itemListElement\":[{\"@type\":\"ListItem\",\"position\":1,\"name\":\"Accueil\",\"item\":\"https:\\\/\\\/esthetiquenovani.com\\\/en\\\/\"},{\"@type\":\"ListItem\",\"position\":2,\"name\":\"Boutique\",\"item\":\"https:\\\/\\\/esthetiquenovani.com\\\/boutique\\\/\"},{\"@type\":\"ListItem\",\"position\":3,\"name\":\"Dr Renaud \u2013 SeboBalance \u2013 Masque s\u00e9bo-absorbant purifiant\"}]},{\"@type\":\"WebSite\",\"@id\":\"https:\\\/\\\/esthetiquenovani.com\\\/#website\",\"url\":\"https:\\\/\\\/esthetiquenovani.com\\\/\",\"name\":\"Clinique d'Esth&eacute;tique Novani\",\"description\":\"Brossard, Longueil &amp; Chambly\",\"publisher\":{\"@id\":\"https:\\\/\\\/esthetiquenovani.com\\\/#organization\"},\"potentialAction\":[{\"@type\":\"SearchAction\",\"target\":{\"@type\":\"EntryPoint\",\"urlTemplate\":\"https:\\\/\\\/esthetiquenovani.com\\\/?s={search_term_string}\"},\"query-input\":{\"@type\":\"PropertyValueSpecification\",\"valueRequired\":true,\"valueName\":\"search_term_string\"}}],\"inLanguage\":\"en-US\"},{\"@type\":\"Organization\",\"@id\":\"https:\\\/\\\/esthetiquenovani.com\\\/#organization\",\"name\":\"Esth\u00e9tique Huguette Turcotte\",\"url\":\"https:\\\/\\\/esthetiquenovani.com\\\/\",\"logo\":{\"@type\":\"ImageObject\",\"inLanguage\":\"en-US\",\"@id\":\"https:\\\/\\\/esthetiquenovani.com\\\/#\\\/schema\\\/logo\\\/image\\\/\",\"url\":\"https:\\\/\\\/esthetiquenovani.com\\\/wp-content\\\/uploads\\\/2018\\\/01\\\/qui-sommes-nous.jpg\",\"contentUrl\":\"https:\\\/\\\/esthetiquenovani.com\\\/wp-content\\\/uploads\\\/2018\\\/01\\\/qui-sommes-nous.jpg\",\"width\":637,\"height\":425,\"caption\":\"Esth\u00e9tique Huguette Turcotte\"},\"image\":{\"@id\":\"https:\\\/\\\/esthetiquenovani.com\\\/#\\\/schema\\\/logo\\\/image\\\/\"},\"sameAs\":[\"https:\\\/\\\/www.facebook.com\\\/esthetiquehturcotte\"]}]}<\/script>\n<!-- \/ Yoast SEO plugin. -->","yoast_head_json":{"title":"Dr Renaud \u2013 SeboBalance \u2013 Masque s\u00e9bo-absorbant purifiant &#8902; Clinique d'Esth&eacute;tique Novani","robots":{"index":"index","follow":"follow","max-snippet":"max-snippet:-1","max-image-preview":"max-image-preview:large","max-video-preview":"max-video-preview:-1"},"canonical":"https:\/\/esthetiquenovani.com\/boutique\/gammes\/laboratoire-dr-renaud\/5-masques\/dr-renaud-sebobalance-masque-sebo-absorbant-purifiant\/","og_locale":"en_US","og_type":"article","og_title":"Dr Renaud \u2013 SeboBalance \u2013 Masque s\u00e9bo-absorbant purifiant &#8902; Clinique d'Esth&eacute;tique Novani","og_description":"V\u00e9ritable rituel de puret\u00e9 pour les peaux grasses et com\u00e9doniennes \u00e0 tendance acn\u00e9ique, ce masque enti\u00e8rement non com\u00e9dog\u00e8ne :\u00a0   Apaise et d\u00e9toxifie la peau \u00a0  Absorbe l\u2019exc\u00e8s de s\u00e9bum \u00a0  R\u00e9duit l\u2019irritation et l\u2019inflammation \u00a0  Diminue l\u2019aspect luisant \u00a0  Adoucit la peau et lui procure une vive sensation de fra\u00eecheur et de confort  \u00a0 Conseils d'utilisation: Une ou deux fois par semaine, apr\u00e8s un nettoyage minutieux de la peau, appliquer uniform\u00e9ment et g\u00e9n\u00e9reusement sur le \u00a0visage et le cou. Laisser agir environ 20 minutes. Rincer \u00a0abondamment avec de l\u2019eau ti\u00e8de, puis froide.\u00a0 \u00a0 Attention : La couleur fonc\u00e9e du Masque s\u00e9bo-absorbant \u00a0purifiant peut tacher les linges blancs ou clairs. \u00a0 60 g","og_url":"https:\/\/esthetiquenovani.com\/boutique\/gammes\/laboratoire-dr-renaud\/5-masques\/dr-renaud-sebobalance-masque-sebo-absorbant-purifiant\/","og_site_name":"Clinique d'Esth&eacute;tique Novani","article_publisher":"https:\/\/www.facebook.com\/esthetiquehturcotte","article_modified_time":"2026-02-05T16:00:37+00:00","og_image":[{"width":1000,"height":1000,"url":"https:\/\/esthetiquenovani.com\/wp-content\/uploads\/2020\/03\/10535-SeboBalance_Mask_60g.jpg","type":"image\/jpeg"}],"twitter_card":"summary_large_image","schema":{"@context":"https:\/\/schema.org","@graph":[{"@type":"WebPage","@id":"https:\/\/esthetiquenovani.com\/boutique\/gammes\/laboratoire-dr-renaud\/5-masques\/dr-renaud-sebobalance-masque-sebo-absorbant-purifiant\/","url":"https:\/\/esthetiquenovani.com\/boutique\/gammes\/laboratoire-dr-renaud\/5-masques\/dr-renaud-sebobalance-masque-sebo-absorbant-purifiant\/","name":"Dr Renaud \u2013 SeboBalance \u2013 Masque s\u00e9bo-absorbant purifiant &#8902; Clinique d'Esth&eacute;tique Novani","isPartOf":{"@id":"https:\/\/esthetiquenovani.com\/#website"},"primaryImageOfPage":{"@id":"https:\/\/esthetiquenovani.com\/boutique\/gammes\/laboratoire-dr-renaud\/5-masques\/dr-renaud-sebobalance-masque-sebo-absorbant-purifiant\/#primaryimage"},"image":{"@id":"https:\/\/esthetiquenovani.com\/boutique\/gammes\/laboratoire-dr-renaud\/5-masques\/dr-renaud-sebobalance-masque-sebo-absorbant-purifiant\/#primaryimage"},"thumbnailUrl":"https:\/\/esthetiquenovani.com\/wp-content\/uploads\/2020\/03\/10535-SeboBalance_Mask_60g.jpg","datePublished":"2020-03-22T17:18:37+00:00","dateModified":"2026-02-05T16:00:37+00:00","breadcrumb":{"@id":"https:\/\/esthetiquenovani.com\/boutique\/gammes\/laboratoire-dr-renaud\/5-masques\/dr-renaud-sebobalance-masque-sebo-absorbant-purifiant\/#breadcrumb"},"inLanguage":"en-US","potentialAction":[{"@type":"ReadAction","target":["https:\/\/esthetiquenovani.com\/boutique\/gammes\/laboratoire-dr-renaud\/5-masques\/dr-renaud-sebobalance-masque-sebo-absorbant-purifiant\/"]}]},{"@type":"ImageObject","inLanguage":"en-US","@id":"https:\/\/esthetiquenovani.com\/boutique\/gammes\/laboratoire-dr-renaud\/5-masques\/dr-renaud-sebobalance-masque-sebo-absorbant-purifiant\/#primaryimage","url":"https:\/\/esthetiquenovani.com\/wp-content\/uploads\/2020\/03\/10535-SeboBalance_Mask_60g.jpg","contentUrl":"https:\/\/esthetiquenovani.com\/wp-content\/uploads\/2020\/03\/10535-SeboBalance_Mask_60g.jpg","width":1000,"height":1000,"caption":"Dr Renaud - masque peaux grasse \/ bouton \/ acn\u00e9 esth\u00e9ticienne Longueuil"},{"@type":"BreadcrumbList","@id":"https:\/\/esthetiquenovani.com\/boutique\/gammes\/laboratoire-dr-renaud\/5-masques\/dr-renaud-sebobalance-masque-sebo-absorbant-purifiant\/#breadcrumb","itemListElement":[{"@type":"ListItem","position":1,"name":"Accueil","item":"https:\/\/esthetiquenovani.com\/en\/"},{"@type":"ListItem","position":2,"name":"Boutique","item":"https:\/\/esthetiquenovani.com\/boutique\/"},{"@type":"ListItem","position":3,"name":"Dr Renaud \u2013 SeboBalance \u2013 Masque s\u00e9bo-absorbant purifiant"}]},{"@type":"WebSite","@id":"https:\/\/esthetiquenovani.com\/#website","url":"https:\/\/esthetiquenovani.com\/","name":"Clinique d'Esth&eacute;tique Novani","description":"Brossard, Longueil &amp; Chambly","publisher":{"@id":"https:\/\/esthetiquenovani.com\/#organization"},"potentialAction":[{"@type":"SearchAction","target":{"@type":"EntryPoint","urlTemplate":"https:\/\/esthetiquenovani.com\/?s={search_term_string}"},"query-input":{"@type":"PropertyValueSpecification","valueRequired":true,"valueName":"search_term_string"}}],"inLanguage":"en-US"},{"@type":"Organization","@id":"https:\/\/esthetiquenovani.com\/#organization","name":"Esth\u00e9tique Huguette Turcotte","url":"https:\/\/esthetiquenovani.com\/","logo":{"@type":"ImageObject","inLanguage":"en-US","@id":"https:\/\/esthetiquenovani.com\/#\/schema\/logo\/image\/","url":"https:\/\/esthetiquenovani.com\/wp-content\/uploads\/2018\/01\/qui-sommes-nous.jpg","contentUrl":"https:\/\/esthetiquenovani.com\/wp-content\/uploads\/2018\/01\/qui-sommes-nous.jpg","width":637,"height":425,"caption":"Esth\u00e9tique Huguette Turcotte"},"image":{"@id":"https:\/\/esthetiquenovani.com\/#\/schema\/logo\/image\/"},"sameAs":["https:\/\/www.facebook.com\/esthetiquehturcotte"]}]}},"_links":{"self":[{"href":"https:\/\/esthetiquenovani.com\/en\/wp-json\/wp\/v2\/product\/3272","targetHints":{"allow":["GET"]}}],"collection":[{"href":"https:\/\/esthetiquenovani.com\/en\/wp-json\/wp\/v2\/product"}],"about":[{"href":"https:\/\/esthetiquenovani.com\/en\/wp-json\/wp\/v2\/types\/product"}],"wp:featuredmedia":[{"embeddable":true,"href":"https:\/\/esthetiquenovani.com\/en\/wp-json\/wp\/v2\/media\/7539"}],"wp:attachment":[{"href":"https:\/\/esthetiquenovani.com\/en\/wp-json\/wp\/v2\/media?parent=3272"}],"wp:term":[{"taxonomy":"product_brand","embeddable":true,"href":"https:\/\/esthetiquenovani.com\/en\/wp-json\/wp\/v2\/product_brand?post=3272"},{"taxonomy":"product_cat","embeddable":true,"href":"https:\/\/esthetiquenovani.com\/en\/wp-json\/wp\/v2\/product_cat?post=3272"},{"taxonomy":"product_tag","embeddable":true,"href":"https:\/\/esthetiquenovani.com\/en\/wp-json\/wp\/v2\/product_tag?post=3272"}],"curies":[{"name":"wp","href":"https:\/\/api.w.org\/{rel}","templated":true}]}}