{"id":3292,"date":"2020-03-22T14:56:39","date_gmt":"2020-03-22T18:56:39","guid":{"rendered":"https:\/\/esthetiquenovani.com\/produit\/dr-renaud-omega-3-serum-relipidant\/"},"modified":"2026-02-05T09:54:22","modified_gmt":"2026-02-05T14:54:22","slug":"dr-renaud-omega-3-serum-relipidant","status":"publish","type":"product","link":"https:\/\/esthetiquenovani.com\/en\/boutique\/gammes\/laboratoire-dr-renaud\/serums-2\/dr-renaud-omega-3-serum-relipidant\/","title":{"rendered":"Dr Renaud \u2013 Omega-3 \u2013 S\u00e9rum Relipidant"},"content":{"rendered":"","protected":false},"excerpt":{"rendered":"<div><\/div>\n<div><span style=\"font-family: Verdana\">S\u00e9rum nourrissant au parfum d&#8217;orange, r\u00e9parateur, apaisant, calmant, hydratant et protecteur. Poss\u00e8de \u00e9galement des propri\u00e9t\u00e9s anti-\u00e2ge qui augmentent la r\u00e9sistance et l&#8217;\u00e9lasticit\u00e9 de la peau.<\/span><\/div>\n<div><\/div>\n<div><span style=\"font-family: Verdana\">Ce pr\u00e9cieux nectar gorg\u00e9 d\u2019huiles fines, comble les carences de la peau en \u00e9tant \u00e0 la fois :<\/span><\/div>\n<ul>\n<li><span style=\"font-family: Verdana\">Nourrissant et r\u00e9parateur\u00a0<\/span><\/li>\n<li><span style=\"font-family: Verdana\">Apaisant et calmant\u00a0<\/span><\/li>\n<li><span style=\"font-family: Verdana\">Hydratant et protecteur\u00a0<\/span><\/li>\n<li><span style=\"font-family: Verdana\">Anti-\u00e2ge \u2013 augmentation de la r\u00e9sistance et de l\u2019\u00e9lasticit\u00e9<\/span><\/li>\n<\/ul>\n<div><span style=\"font-family: Verdana\">\u00a0<\/span><\/div>\n<div><span style=\"font-family: Verdana\"><b>Conseils d&#8217;utilisation:<\/b><\/span><\/div>\n<div><span style=\"font-family: Verdana\">Le S\u00e9rum Omega-3 s\u2019utilise pr\u00e9f\u00e9rablement en cure de 4 \u00e0 8 semaines. Mais il peut aussi \u00eatre appliqu\u00e9 ponctuellement, en fonction des besoins. Geste beaut\u00e9 de plus en plus r\u00e9pandu, on sugg\u00e8re de m\u00e9langer le S\u00e9rum \u00e0 votre cr\u00e8me de jour ou de nuit dans la paume de la main.<\/span><\/div>\n<div><span style=\"font-family: Verdana\">\u00a0<\/span><\/div>\n<div><span style=\"font-family: Verdana\">30ml<\/span><\/div>\n","protected":false},"featured_media":4998,"template":"","meta":{"_et_pb_use_builder":"","_et_pb_old_content":"","_et_gb_content_width":""},"product_brand":[],"product_cat":[108,51,68,64,48,59],"product_tag":[],"class_list":{"0":"post-3292","1":"product","2":"type-product","3":"status-publish","4":"has-post-thumbnail","6":"product_cat-serums-2","7":"product_cat-deshydratation-et-secheresse","8":"product_cat-laboratoire-dr-renaud","9":"product_cat-masques-et-huiles","10":"product_cat-sensibilites-et-rougeurs","11":"product_cat-serums","13":"first","14":"instock","15":"taxable","16":"shipping-taxable","17":"purchasable","18":"product-type-simple"},"yoast_head":"<!-- This site is optimized with the Yoast SEO plugin v27.4 - https:\/\/yoast.com\/product\/yoast-seo-wordpress\/ -->\n<title>Dr Renaud \u2013 Omega-3 \u2013 S\u00e9rum Relipidant &#8902; Clinique d&#039;Esth&eacute;tique Novani<\/title>\n<meta name=\"robots\" content=\"index, follow, max-snippet:-1, max-image-preview:large, max-video-preview:-1\" \/>\n<link rel=\"canonical\" href=\"https:\/\/esthetiquenovani.com\/boutique\/gammes\/laboratoire-dr-renaud\/serums-2\/dr-renaud-omega-3-serum-relipidant\/\" \/>\n<meta property=\"og:locale\" content=\"en_US\" \/>\n<meta property=\"og:type\" content=\"article\" \/>\n<meta property=\"og:title\" content=\"Dr Renaud \u2013 Omega-3 \u2013 S\u00e9rum Relipidant &#8902; Clinique d&#039;Esth&eacute;tique Novani\" \/>\n<meta property=\"og:description\" content=\"S\u00e9rum nourrissant au parfum d&#039;orange, r\u00e9parateur, apaisant, calmant, hydratant et protecteur. Poss\u00e8de \u00e9galement des propri\u00e9t\u00e9s anti-\u00e2ge qui augmentent la r\u00e9sistance et l&#039;\u00e9lasticit\u00e9 de la peau.  Ce pr\u00e9cieux nectar gorg\u00e9 d\u2019huiles fines, comble les carences de la peau en \u00e9tant \u00e0 la fois :   Nourrissant et r\u00e9parateur\u00a0  Apaisant et calmant\u00a0  Hydratant et protecteur\u00a0  Anti-\u00e2ge \u2013 augmentation de la r\u00e9sistance et de l\u2019\u00e9lasticit\u00e9  \u00a0 Conseils d&#039;utilisation: Le S\u00e9rum Omega-3 s\u2019utilise pr\u00e9f\u00e9rablement en cure de 4 \u00e0 8 semaines. Mais il peut aussi \u00eatre appliqu\u00e9 ponctuellement, en fonction des besoins. Geste beaut\u00e9 de plus en plus r\u00e9pandu, on sugg\u00e8re de m\u00e9langer le S\u00e9rum \u00e0 votre cr\u00e8me de jour ou de nuit dans la paume de la main. \u00a0 30ml\" \/>\n<meta property=\"og:url\" content=\"https:\/\/esthetiquenovani.com\/boutique\/gammes\/laboratoire-dr-renaud\/serums-2\/dr-renaud-omega-3-serum-relipidant\/\" \/>\n<meta property=\"og:site_name\" content=\"Clinique d&#039;Esth&eacute;tique Novani\" \/>\n<meta property=\"article:publisher\" content=\"https:\/\/www.facebook.com\/esthetiquehturcotte\" \/>\n<meta property=\"article:modified_time\" content=\"2026-02-05T14:54:22+00:00\" \/>\n<meta property=\"og:image\" content=\"https:\/\/esthetiquenovani.com\/wp-content\/uploads\/2020\/06\/10399-omega-3_serum_30ml-500x500-1.png\" \/>\n\t<meta property=\"og:image:width\" content=\"500\" \/>\n\t<meta property=\"og:image:height\" content=\"500\" \/>\n\t<meta property=\"og:image:type\" content=\"image\/png\" \/>\n<meta name=\"twitter:card\" content=\"summary_large_image\" \/>\n<script type=\"application\/ld+json\" class=\"yoast-schema-graph\">{\"@context\":\"https:\\\/\\\/schema.org\",\"@graph\":[{\"@type\":\"WebPage\",\"@id\":\"https:\\\/\\\/esthetiquenovani.com\\\/boutique\\\/gammes\\\/laboratoire-dr-renaud\\\/serums-2\\\/dr-renaud-omega-3-serum-relipidant\\\/\",\"url\":\"https:\\\/\\\/esthetiquenovani.com\\\/boutique\\\/gammes\\\/laboratoire-dr-renaud\\\/serums-2\\\/dr-renaud-omega-3-serum-relipidant\\\/\",\"name\":\"Dr Renaud \u2013 Omega-3 \u2013 S\u00e9rum Relipidant &#8902; Clinique d'Esth&eacute;tique Novani\",\"isPartOf\":{\"@id\":\"https:\\\/\\\/esthetiquenovani.com\\\/#website\"},\"primaryImageOfPage\":{\"@id\":\"https:\\\/\\\/esthetiquenovani.com\\\/boutique\\\/gammes\\\/laboratoire-dr-renaud\\\/serums-2\\\/dr-renaud-omega-3-serum-relipidant\\\/#primaryimage\"},\"image\":{\"@id\":\"https:\\\/\\\/esthetiquenovani.com\\\/boutique\\\/gammes\\\/laboratoire-dr-renaud\\\/serums-2\\\/dr-renaud-omega-3-serum-relipidant\\\/#primaryimage\"},\"thumbnailUrl\":\"https:\\\/\\\/esthetiquenovani.com\\\/wp-content\\\/uploads\\\/2020\\\/06\\\/10399-omega-3_serum_30ml-500x500-1.png\",\"datePublished\":\"2020-03-22T18:56:39+00:00\",\"dateModified\":\"2026-02-05T14:54:22+00:00\",\"breadcrumb\":{\"@id\":\"https:\\\/\\\/esthetiquenovani.com\\\/boutique\\\/gammes\\\/laboratoire-dr-renaud\\\/serums-2\\\/dr-renaud-omega-3-serum-relipidant\\\/#breadcrumb\"},\"inLanguage\":\"en-US\",\"potentialAction\":[{\"@type\":\"ReadAction\",\"target\":[\"https:\\\/\\\/esthetiquenovani.com\\\/boutique\\\/gammes\\\/laboratoire-dr-renaud\\\/serums-2\\\/dr-renaud-omega-3-serum-relipidant\\\/\"]}]},{\"@type\":\"ImageObject\",\"inLanguage\":\"en-US\",\"@id\":\"https:\\\/\\\/esthetiquenovani.com\\\/boutique\\\/gammes\\\/laboratoire-dr-renaud\\\/serums-2\\\/dr-renaud-omega-3-serum-relipidant\\\/#primaryimage\",\"url\":\"https:\\\/\\\/esthetiquenovani.com\\\/wp-content\\\/uploads\\\/2020\\\/06\\\/10399-omega-3_serum_30ml-500x500-1.png\",\"contentUrl\":\"https:\\\/\\\/esthetiquenovani.com\\\/wp-content\\\/uploads\\\/2020\\\/06\\\/10399-omega-3_serum_30ml-500x500-1.png\",\"width\":500,\"height\":500,\"caption\":\"Dr Renaud \u2013 Omega-3 \u2013 S\u00e9rum relipidant\"},{\"@type\":\"BreadcrumbList\",\"@id\":\"https:\\\/\\\/esthetiquenovani.com\\\/boutique\\\/gammes\\\/laboratoire-dr-renaud\\\/serums-2\\\/dr-renaud-omega-3-serum-relipidant\\\/#breadcrumb\",\"itemListElement\":[{\"@type\":\"ListItem\",\"position\":1,\"name\":\"Accueil\",\"item\":\"https:\\\/\\\/esthetiquenovani.com\\\/en\\\/\"},{\"@type\":\"ListItem\",\"position\":2,\"name\":\"Boutique\",\"item\":\"https:\\\/\\\/esthetiquenovani.com\\\/boutique\\\/\"},{\"@type\":\"ListItem\",\"position\":3,\"name\":\"Dr Renaud \u2013 Omega-3 \u2013 S\u00e9rum Relipidant\"}]},{\"@type\":\"WebSite\",\"@id\":\"https:\\\/\\\/esthetiquenovani.com\\\/#website\",\"url\":\"https:\\\/\\\/esthetiquenovani.com\\\/\",\"name\":\"Clinique d'Esth&eacute;tique Novani\",\"description\":\"Brossard, Longueil &amp; Chambly\",\"publisher\":{\"@id\":\"https:\\\/\\\/esthetiquenovani.com\\\/#organization\"},\"potentialAction\":[{\"@type\":\"SearchAction\",\"target\":{\"@type\":\"EntryPoint\",\"urlTemplate\":\"https:\\\/\\\/esthetiquenovani.com\\\/?s={search_term_string}\"},\"query-input\":{\"@type\":\"PropertyValueSpecification\",\"valueRequired\":true,\"valueName\":\"search_term_string\"}}],\"inLanguage\":\"en-US\"},{\"@type\":\"Organization\",\"@id\":\"https:\\\/\\\/esthetiquenovani.com\\\/#organization\",\"name\":\"Esth\u00e9tique Huguette Turcotte\",\"url\":\"https:\\\/\\\/esthetiquenovani.com\\\/\",\"logo\":{\"@type\":\"ImageObject\",\"inLanguage\":\"en-US\",\"@id\":\"https:\\\/\\\/esthetiquenovani.com\\\/#\\\/schema\\\/logo\\\/image\\\/\",\"url\":\"https:\\\/\\\/esthetiquenovani.com\\\/wp-content\\\/uploads\\\/2018\\\/01\\\/qui-sommes-nous.jpg\",\"contentUrl\":\"https:\\\/\\\/esthetiquenovani.com\\\/wp-content\\\/uploads\\\/2018\\\/01\\\/qui-sommes-nous.jpg\",\"width\":637,\"height\":425,\"caption\":\"Esth\u00e9tique Huguette Turcotte\"},\"image\":{\"@id\":\"https:\\\/\\\/esthetiquenovani.com\\\/#\\\/schema\\\/logo\\\/image\\\/\"},\"sameAs\":[\"https:\\\/\\\/www.facebook.com\\\/esthetiquehturcotte\"]}]}<\/script>\n<!-- \/ Yoast SEO plugin. -->","yoast_head_json":{"title":"Dr Renaud \u2013 Omega-3 \u2013 S\u00e9rum Relipidant &#8902; Clinique d'Esth&eacute;tique Novani","robots":{"index":"index","follow":"follow","max-snippet":"max-snippet:-1","max-image-preview":"max-image-preview:large","max-video-preview":"max-video-preview:-1"},"canonical":"https:\/\/esthetiquenovani.com\/boutique\/gammes\/laboratoire-dr-renaud\/serums-2\/dr-renaud-omega-3-serum-relipidant\/","og_locale":"en_US","og_type":"article","og_title":"Dr Renaud \u2013 Omega-3 \u2013 S\u00e9rum Relipidant &#8902; Clinique d'Esth&eacute;tique Novani","og_description":"S\u00e9rum nourrissant au parfum d'orange, r\u00e9parateur, apaisant, calmant, hydratant et protecteur. Poss\u00e8de \u00e9galement des propri\u00e9t\u00e9s anti-\u00e2ge qui augmentent la r\u00e9sistance et l'\u00e9lasticit\u00e9 de la peau.  Ce pr\u00e9cieux nectar gorg\u00e9 d\u2019huiles fines, comble les carences de la peau en \u00e9tant \u00e0 la fois :   Nourrissant et r\u00e9parateur\u00a0  Apaisant et calmant\u00a0  Hydratant et protecteur\u00a0  Anti-\u00e2ge \u2013 augmentation de la r\u00e9sistance et de l\u2019\u00e9lasticit\u00e9  \u00a0 Conseils d'utilisation: Le S\u00e9rum Omega-3 s\u2019utilise pr\u00e9f\u00e9rablement en cure de 4 \u00e0 8 semaines. Mais il peut aussi \u00eatre appliqu\u00e9 ponctuellement, en fonction des besoins. Geste beaut\u00e9 de plus en plus r\u00e9pandu, on sugg\u00e8re de m\u00e9langer le S\u00e9rum \u00e0 votre cr\u00e8me de jour ou de nuit dans la paume de la main. \u00a0 30ml","og_url":"https:\/\/esthetiquenovani.com\/boutique\/gammes\/laboratoire-dr-renaud\/serums-2\/dr-renaud-omega-3-serum-relipidant\/","og_site_name":"Clinique d'Esth&eacute;tique Novani","article_publisher":"https:\/\/www.facebook.com\/esthetiquehturcotte","article_modified_time":"2026-02-05T14:54:22+00:00","og_image":[{"width":500,"height":500,"url":"https:\/\/esthetiquenovani.com\/wp-content\/uploads\/2020\/06\/10399-omega-3_serum_30ml-500x500-1.png","type":"image\/png"}],"twitter_card":"summary_large_image","schema":{"@context":"https:\/\/schema.org","@graph":[{"@type":"WebPage","@id":"https:\/\/esthetiquenovani.com\/boutique\/gammes\/laboratoire-dr-renaud\/serums-2\/dr-renaud-omega-3-serum-relipidant\/","url":"https:\/\/esthetiquenovani.com\/boutique\/gammes\/laboratoire-dr-renaud\/serums-2\/dr-renaud-omega-3-serum-relipidant\/","name":"Dr Renaud \u2013 Omega-3 \u2013 S\u00e9rum Relipidant &#8902; Clinique d'Esth&eacute;tique Novani","isPartOf":{"@id":"https:\/\/esthetiquenovani.com\/#website"},"primaryImageOfPage":{"@id":"https:\/\/esthetiquenovani.com\/boutique\/gammes\/laboratoire-dr-renaud\/serums-2\/dr-renaud-omega-3-serum-relipidant\/#primaryimage"},"image":{"@id":"https:\/\/esthetiquenovani.com\/boutique\/gammes\/laboratoire-dr-renaud\/serums-2\/dr-renaud-omega-3-serum-relipidant\/#primaryimage"},"thumbnailUrl":"https:\/\/esthetiquenovani.com\/wp-content\/uploads\/2020\/06\/10399-omega-3_serum_30ml-500x500-1.png","datePublished":"2020-03-22T18:56:39+00:00","dateModified":"2026-02-05T14:54:22+00:00","breadcrumb":{"@id":"https:\/\/esthetiquenovani.com\/boutique\/gammes\/laboratoire-dr-renaud\/serums-2\/dr-renaud-omega-3-serum-relipidant\/#breadcrumb"},"inLanguage":"en-US","potentialAction":[{"@type":"ReadAction","target":["https:\/\/esthetiquenovani.com\/boutique\/gammes\/laboratoire-dr-renaud\/serums-2\/dr-renaud-omega-3-serum-relipidant\/"]}]},{"@type":"ImageObject","inLanguage":"en-US","@id":"https:\/\/esthetiquenovani.com\/boutique\/gammes\/laboratoire-dr-renaud\/serums-2\/dr-renaud-omega-3-serum-relipidant\/#primaryimage","url":"https:\/\/esthetiquenovani.com\/wp-content\/uploads\/2020\/06\/10399-omega-3_serum_30ml-500x500-1.png","contentUrl":"https:\/\/esthetiquenovani.com\/wp-content\/uploads\/2020\/06\/10399-omega-3_serum_30ml-500x500-1.png","width":500,"height":500,"caption":"Dr Renaud \u2013 Omega-3 \u2013 S\u00e9rum relipidant"},{"@type":"BreadcrumbList","@id":"https:\/\/esthetiquenovani.com\/boutique\/gammes\/laboratoire-dr-renaud\/serums-2\/dr-renaud-omega-3-serum-relipidant\/#breadcrumb","itemListElement":[{"@type":"ListItem","position":1,"name":"Accueil","item":"https:\/\/esthetiquenovani.com\/en\/"},{"@type":"ListItem","position":2,"name":"Boutique","item":"https:\/\/esthetiquenovani.com\/boutique\/"},{"@type":"ListItem","position":3,"name":"Dr Renaud \u2013 Omega-3 \u2013 S\u00e9rum Relipidant"}]},{"@type":"WebSite","@id":"https:\/\/esthetiquenovani.com\/#website","url":"https:\/\/esthetiquenovani.com\/","name":"Clinique d'Esth&eacute;tique Novani","description":"Brossard, Longueil &amp; Chambly","publisher":{"@id":"https:\/\/esthetiquenovani.com\/#organization"},"potentialAction":[{"@type":"SearchAction","target":{"@type":"EntryPoint","urlTemplate":"https:\/\/esthetiquenovani.com\/?s={search_term_string}"},"query-input":{"@type":"PropertyValueSpecification","valueRequired":true,"valueName":"search_term_string"}}],"inLanguage":"en-US"},{"@type":"Organization","@id":"https:\/\/esthetiquenovani.com\/#organization","name":"Esth\u00e9tique Huguette Turcotte","url":"https:\/\/esthetiquenovani.com\/","logo":{"@type":"ImageObject","inLanguage":"en-US","@id":"https:\/\/esthetiquenovani.com\/#\/schema\/logo\/image\/","url":"https:\/\/esthetiquenovani.com\/wp-content\/uploads\/2018\/01\/qui-sommes-nous.jpg","contentUrl":"https:\/\/esthetiquenovani.com\/wp-content\/uploads\/2018\/01\/qui-sommes-nous.jpg","width":637,"height":425,"caption":"Esth\u00e9tique Huguette Turcotte"},"image":{"@id":"https:\/\/esthetiquenovani.com\/#\/schema\/logo\/image\/"},"sameAs":["https:\/\/www.facebook.com\/esthetiquehturcotte"]}]}},"_links":{"self":[{"href":"https:\/\/esthetiquenovani.com\/en\/wp-json\/wp\/v2\/product\/3292","targetHints":{"allow":["GET"]}}],"collection":[{"href":"https:\/\/esthetiquenovani.com\/en\/wp-json\/wp\/v2\/product"}],"about":[{"href":"https:\/\/esthetiquenovani.com\/en\/wp-json\/wp\/v2\/types\/product"}],"wp:featuredmedia":[{"embeddable":true,"href":"https:\/\/esthetiquenovani.com\/en\/wp-json\/wp\/v2\/media\/4998"}],"wp:attachment":[{"href":"https:\/\/esthetiquenovani.com\/en\/wp-json\/wp\/v2\/media?parent=3292"}],"wp:term":[{"taxonomy":"product_brand","embeddable":true,"href":"https:\/\/esthetiquenovani.com\/en\/wp-json\/wp\/v2\/product_brand?post=3292"},{"taxonomy":"product_cat","embeddable":true,"href":"https:\/\/esthetiquenovani.com\/en\/wp-json\/wp\/v2\/product_cat?post=3292"},{"taxonomy":"product_tag","embeddable":true,"href":"https:\/\/esthetiquenovani.com\/en\/wp-json\/wp\/v2\/product_tag?post=3292"}],"curies":[{"name":"wp","href":"https:\/\/api.w.org\/{rel}","templated":true}]}}