{"id":3302,"date":"2020-03-22T21:59:57","date_gmt":"2020-03-23T01:59:57","guid":{"rendered":"https:\/\/esthetiquenovani.com\/produit\/dr-renaud-creme-rosa-c3-emulsion-controle-24h\/"},"modified":"2026-02-05T10:20:30","modified_gmt":"2026-02-05T15:20:30","slug":"dr-renaud-creme-rosa-c3-emulsion-controle-24h","status":"publish","type":"product","link":"https:\/\/esthetiquenovani.com\/en\/boutique\/gammes\/laboratoire-dr-renaud\/4-cremes-de-jour-et-de-nuit\/dr-renaud-creme-rosa-c3-emulsion-controle-24h\/","title":{"rendered":"Dr Renaud \u2013 Cr\u00e8me Rosa-C3 \u2013 \u00c9mulsion contr\u00f4le 24H"},"content":{"rendered":"","protected":false},"excerpt":{"rendered":"<div><span style=\"font-family: Verdana\">Soin traitant confort 24H \u2013 rougeurs diffuses, \u00e9rythrose et rosac\u00e9e.<\/span><span style=\"font-family: Verdana\">\u00a0<\/span><\/div>\n<ul>\n<li><span style=\"font-family: Verdana\">Aide \u00e0 diminuer les rougeurs et leur \u00e9volution\u00a0<\/span><\/li>\n<li><span style=\"font-family: Verdana\">Apporte confort et bien-\u00eatre\u00a0<\/span><\/li>\n<li><span style=\"font-family: Verdana\">Aide \u00e0 r\u00e9duire l\u2019apparence des capillaires<\/span><\/li>\n<li><span style=\"font-family: Verdana\">Aide \u00e0 renforcer et prot\u00e9ger la microcirculation\u00a0<\/span><\/li>\n<li><span style=\"font-family: Verdana\">Aide \u00e0 augmenter les d\u00e9fenses de la peau<\/span><\/li>\n<li><span style=\"font-family: Verdana\">Non com\u00e9dog\u00e8ne\u00a0<\/span><\/li>\n<li><span style=\"font-family: Verdana\">Sans alcool<\/span><\/li>\n<\/ul>\n<div><span style=\"font-family: Verdana\"><b>Conseils d&#8217;utilisation:<\/b><\/span><\/div>\n<div><span style=\"font-family: Verdana\">Quotidiennement, matin et soir, apr\u00e8s avoir parfaitement nettoy\u00e9 la peau, appliquer sur le visage et le cou. Faire p\u00e9n\u00e9trer par de l\u00e9gers effleurages. Le matin, faire suivre par UV-Science FPS 30 Haute Protection Quotidienne.<\/span><\/div>\n<div><span style=\"font-family: Verdana\">\u00a0<\/span><\/div>\n<div><span style=\"font-family: Verdana\">50 ml<\/span><\/div>\n","protected":false},"featured_media":5003,"template":"","meta":{"_et_pb_use_builder":"","_et_pb_old_content":"","_et_gb_content_width":""},"product_brand":[],"product_cat":[109,62,68,48],"product_tag":[],"class_list":{"0":"post-3302","1":"product","2":"type-product","3":"status-publish","4":"has-post-thumbnail","6":"product_cat-4-cremes-de-jour-et-de-nuit","7":"product_cat-cremes","8":"product_cat-laboratoire-dr-renaud","9":"product_cat-sensibilites-et-rougeurs","11":"first","12":"instock","13":"taxable","14":"shipping-taxable","15":"purchasable","16":"product-type-simple"},"yoast_head":"<!-- This site is optimized with the Yoast SEO plugin v27.5 - https:\/\/yoast.com\/product\/yoast-seo-wordpress\/ -->\n<title>Cr\u00e8me Rosa C - rougeurs et peau sensible - Esth\u00e9ticienne Longueuil<\/title>\n<meta name=\"description\" content=\"cr\u00e8me traitante confort 24H \u2013 rougeurs diffuses, \u00e9rythrose et rosac\u00e9e.\u00a0Calme la peau, l&#039;hydrate. Appaise les petites veines apparentes\" \/>\n<meta name=\"robots\" content=\"index, follow, max-snippet:-1, max-image-preview:large, max-video-preview:-1\" \/>\n<link rel=\"canonical\" href=\"https:\/\/esthetiquenovani.com\/boutique\/gammes\/laboratoire-dr-renaud\/4-cremes-de-jour-et-de-nuit\/dr-renaud-creme-rosa-c3-emulsion-controle-24h\/\" \/>\n<meta property=\"og:locale\" content=\"en_US\" \/>\n<meta property=\"og:type\" content=\"article\" \/>\n<meta property=\"og:title\" content=\"Cr\u00e8me Rosa C - rougeurs et peau sensible - Esth\u00e9ticienne Longueuil\" \/>\n<meta property=\"og:description\" content=\"cr\u00e8me traitante confort 24H \u2013 rougeurs diffuses, \u00e9rythrose et rosac\u00e9e.\u00a0Calme la peau, l&#039;hydrate. Appaise les petites veines apparentes\" \/>\n<meta property=\"og:url\" content=\"https:\/\/esthetiquenovani.com\/boutique\/gammes\/laboratoire-dr-renaud\/4-cremes-de-jour-et-de-nuit\/dr-renaud-creme-rosa-c3-emulsion-controle-24h\/\" \/>\n<meta property=\"og:site_name\" content=\"Clinique d&#039;Esth&eacute;tique Novani\" \/>\n<meta property=\"article:publisher\" content=\"https:\/\/www.facebook.com\/esthetiquehturcotte\" \/>\n<meta property=\"article:modified_time\" content=\"2026-02-05T15:20:30+00:00\" \/>\n<meta property=\"og:image\" content=\"https:\/\/esthetiquenovani.com\/wp-content\/uploads\/2020\/06\/10607-rosa-c3_24h_emulsioncontrol_50ml-1000x1000-1.png\" \/>\n\t<meta property=\"og:image:width\" content=\"1000\" \/>\n\t<meta property=\"og:image:height\" content=\"1000\" \/>\n\t<meta property=\"og:image:type\" content=\"image\/png\" \/>\n<meta name=\"twitter:card\" content=\"summary_large_image\" \/>\n<script type=\"application\/ld+json\" class=\"yoast-schema-graph\">{\"@context\":\"https:\\\/\\\/schema.org\",\"@graph\":[{\"@type\":\"WebPage\",\"@id\":\"https:\\\/\\\/esthetiquenovani.com\\\/boutique\\\/gammes\\\/laboratoire-dr-renaud\\\/4-cremes-de-jour-et-de-nuit\\\/dr-renaud-creme-rosa-c3-emulsion-controle-24h\\\/\",\"url\":\"https:\\\/\\\/esthetiquenovani.com\\\/boutique\\\/gammes\\\/laboratoire-dr-renaud\\\/4-cremes-de-jour-et-de-nuit\\\/dr-renaud-creme-rosa-c3-emulsion-controle-24h\\\/\",\"name\":\"Cr\u00e8me Rosa C - rougeurs et peau sensible - Esth\u00e9ticienne Longueuil\",\"isPartOf\":{\"@id\":\"https:\\\/\\\/esthetiquenovani.com\\\/#website\"},\"primaryImageOfPage\":{\"@id\":\"https:\\\/\\\/esthetiquenovani.com\\\/boutique\\\/gammes\\\/laboratoire-dr-renaud\\\/4-cremes-de-jour-et-de-nuit\\\/dr-renaud-creme-rosa-c3-emulsion-controle-24h\\\/#primaryimage\"},\"image\":{\"@id\":\"https:\\\/\\\/esthetiquenovani.com\\\/boutique\\\/gammes\\\/laboratoire-dr-renaud\\\/4-cremes-de-jour-et-de-nuit\\\/dr-renaud-creme-rosa-c3-emulsion-controle-24h\\\/#primaryimage\"},\"thumbnailUrl\":\"https:\\\/\\\/esthetiquenovani.com\\\/wp-content\\\/uploads\\\/2020\\\/06\\\/10607-rosa-c3_24h_emulsioncontrol_50ml-1000x1000-1.png\",\"datePublished\":\"2020-03-23T01:59:57+00:00\",\"dateModified\":\"2026-02-05T15:20:30+00:00\",\"description\":\"cr\u00e8me traitante confort 24H \u2013 rougeurs diffuses, \u00e9rythrose et rosac\u00e9e.\u00a0Calme la peau, l'hydrate. Appaise les petites veines apparentes\",\"breadcrumb\":{\"@id\":\"https:\\\/\\\/esthetiquenovani.com\\\/boutique\\\/gammes\\\/laboratoire-dr-renaud\\\/4-cremes-de-jour-et-de-nuit\\\/dr-renaud-creme-rosa-c3-emulsion-controle-24h\\\/#breadcrumb\"},\"inLanguage\":\"en-US\",\"potentialAction\":[{\"@type\":\"ReadAction\",\"target\":[\"https:\\\/\\\/esthetiquenovani.com\\\/boutique\\\/gammes\\\/laboratoire-dr-renaud\\\/4-cremes-de-jour-et-de-nuit\\\/dr-renaud-creme-rosa-c3-emulsion-controle-24h\\\/\"]}]},{\"@type\":\"ImageObject\",\"inLanguage\":\"en-US\",\"@id\":\"https:\\\/\\\/esthetiquenovani.com\\\/boutique\\\/gammes\\\/laboratoire-dr-renaud\\\/4-cremes-de-jour-et-de-nuit\\\/dr-renaud-creme-rosa-c3-emulsion-controle-24h\\\/#primaryimage\",\"url\":\"https:\\\/\\\/esthetiquenovani.com\\\/wp-content\\\/uploads\\\/2020\\\/06\\\/10607-rosa-c3_24h_emulsioncontrol_50ml-1000x1000-1.png\",\"contentUrl\":\"https:\\\/\\\/esthetiquenovani.com\\\/wp-content\\\/uploads\\\/2020\\\/06\\\/10607-rosa-c3_24h_emulsioncontrol_50ml-1000x1000-1.png\",\"width\":1000,\"height\":1000,\"caption\":\"Dr Renaud \u2013 Cr\u00e8me Rosa-C3 \u2013 \u00c9mulsion contr\u00f4le 24H\"},{\"@type\":\"BreadcrumbList\",\"@id\":\"https:\\\/\\\/esthetiquenovani.com\\\/boutique\\\/gammes\\\/laboratoire-dr-renaud\\\/4-cremes-de-jour-et-de-nuit\\\/dr-renaud-creme-rosa-c3-emulsion-controle-24h\\\/#breadcrumb\",\"itemListElement\":[{\"@type\":\"ListItem\",\"position\":1,\"name\":\"Accueil\",\"item\":\"https:\\\/\\\/esthetiquenovani.com\\\/en\\\/\"},{\"@type\":\"ListItem\",\"position\":2,\"name\":\"Boutique\",\"item\":\"https:\\\/\\\/esthetiquenovani.com\\\/boutique\\\/\"},{\"@type\":\"ListItem\",\"position\":3,\"name\":\"Dr Renaud \u2013 Cr\u00e8me Rosa-C3 \u2013 \u00c9mulsion contr\u00f4le 24H\"}]},{\"@type\":\"WebSite\",\"@id\":\"https:\\\/\\\/esthetiquenovani.com\\\/#website\",\"url\":\"https:\\\/\\\/esthetiquenovani.com\\\/\",\"name\":\"Clinique d'Esth&eacute;tique Novani\",\"description\":\"Brossard, Longueil &amp; Chambly\",\"publisher\":{\"@id\":\"https:\\\/\\\/esthetiquenovani.com\\\/#organization\"},\"potentialAction\":[{\"@type\":\"SearchAction\",\"target\":{\"@type\":\"EntryPoint\",\"urlTemplate\":\"https:\\\/\\\/esthetiquenovani.com\\\/?s={search_term_string}\"},\"query-input\":{\"@type\":\"PropertyValueSpecification\",\"valueRequired\":true,\"valueName\":\"search_term_string\"}}],\"inLanguage\":\"en-US\"},{\"@type\":\"Organization\",\"@id\":\"https:\\\/\\\/esthetiquenovani.com\\\/#organization\",\"name\":\"Esth\u00e9tique Huguette Turcotte\",\"url\":\"https:\\\/\\\/esthetiquenovani.com\\\/\",\"logo\":{\"@type\":\"ImageObject\",\"inLanguage\":\"en-US\",\"@id\":\"https:\\\/\\\/esthetiquenovani.com\\\/#\\\/schema\\\/logo\\\/image\\\/\",\"url\":\"https:\\\/\\\/esthetiquenovani.com\\\/wp-content\\\/uploads\\\/2018\\\/01\\\/qui-sommes-nous.jpg\",\"contentUrl\":\"https:\\\/\\\/esthetiquenovani.com\\\/wp-content\\\/uploads\\\/2018\\\/01\\\/qui-sommes-nous.jpg\",\"width\":637,\"height\":425,\"caption\":\"Esth\u00e9tique Huguette Turcotte\"},\"image\":{\"@id\":\"https:\\\/\\\/esthetiquenovani.com\\\/#\\\/schema\\\/logo\\\/image\\\/\"},\"sameAs\":[\"https:\\\/\\\/www.facebook.com\\\/esthetiquehturcotte\"]}]}<\/script>\n<!-- \/ Yoast SEO plugin. -->","yoast_head_json":{"title":"Cr\u00e8me Rosa C - rougeurs et peau sensible - Esth\u00e9ticienne Longueuil","description":"cr\u00e8me traitante confort 24H \u2013 rougeurs diffuses, \u00e9rythrose et rosac\u00e9e.\u00a0Calme la peau, l'hydrate. Appaise les petites veines apparentes","robots":{"index":"index","follow":"follow","max-snippet":"max-snippet:-1","max-image-preview":"max-image-preview:large","max-video-preview":"max-video-preview:-1"},"canonical":"https:\/\/esthetiquenovani.com\/boutique\/gammes\/laboratoire-dr-renaud\/4-cremes-de-jour-et-de-nuit\/dr-renaud-creme-rosa-c3-emulsion-controle-24h\/","og_locale":"en_US","og_type":"article","og_title":"Cr\u00e8me Rosa C - rougeurs et peau sensible - Esth\u00e9ticienne Longueuil","og_description":"cr\u00e8me traitante confort 24H \u2013 rougeurs diffuses, \u00e9rythrose et rosac\u00e9e.\u00a0Calme la peau, l'hydrate. Appaise les petites veines apparentes","og_url":"https:\/\/esthetiquenovani.com\/boutique\/gammes\/laboratoire-dr-renaud\/4-cremes-de-jour-et-de-nuit\/dr-renaud-creme-rosa-c3-emulsion-controle-24h\/","og_site_name":"Clinique d'Esth&eacute;tique Novani","article_publisher":"https:\/\/www.facebook.com\/esthetiquehturcotte","article_modified_time":"2026-02-05T15:20:30+00:00","og_image":[{"width":1000,"height":1000,"url":"https:\/\/esthetiquenovani.com\/wp-content\/uploads\/2020\/06\/10607-rosa-c3_24h_emulsioncontrol_50ml-1000x1000-1.png","type":"image\/png"}],"twitter_card":"summary_large_image","schema":{"@context":"https:\/\/schema.org","@graph":[{"@type":"WebPage","@id":"https:\/\/esthetiquenovani.com\/boutique\/gammes\/laboratoire-dr-renaud\/4-cremes-de-jour-et-de-nuit\/dr-renaud-creme-rosa-c3-emulsion-controle-24h\/","url":"https:\/\/esthetiquenovani.com\/boutique\/gammes\/laboratoire-dr-renaud\/4-cremes-de-jour-et-de-nuit\/dr-renaud-creme-rosa-c3-emulsion-controle-24h\/","name":"Cr\u00e8me Rosa C - rougeurs et peau sensible - Esth\u00e9ticienne Longueuil","isPartOf":{"@id":"https:\/\/esthetiquenovani.com\/#website"},"primaryImageOfPage":{"@id":"https:\/\/esthetiquenovani.com\/boutique\/gammes\/laboratoire-dr-renaud\/4-cremes-de-jour-et-de-nuit\/dr-renaud-creme-rosa-c3-emulsion-controle-24h\/#primaryimage"},"image":{"@id":"https:\/\/esthetiquenovani.com\/boutique\/gammes\/laboratoire-dr-renaud\/4-cremes-de-jour-et-de-nuit\/dr-renaud-creme-rosa-c3-emulsion-controle-24h\/#primaryimage"},"thumbnailUrl":"https:\/\/esthetiquenovani.com\/wp-content\/uploads\/2020\/06\/10607-rosa-c3_24h_emulsioncontrol_50ml-1000x1000-1.png","datePublished":"2020-03-23T01:59:57+00:00","dateModified":"2026-02-05T15:20:30+00:00","description":"cr\u00e8me traitante confort 24H \u2013 rougeurs diffuses, \u00e9rythrose et rosac\u00e9e.\u00a0Calme la peau, l'hydrate. Appaise les petites veines apparentes","breadcrumb":{"@id":"https:\/\/esthetiquenovani.com\/boutique\/gammes\/laboratoire-dr-renaud\/4-cremes-de-jour-et-de-nuit\/dr-renaud-creme-rosa-c3-emulsion-controle-24h\/#breadcrumb"},"inLanguage":"en-US","potentialAction":[{"@type":"ReadAction","target":["https:\/\/esthetiquenovani.com\/boutique\/gammes\/laboratoire-dr-renaud\/4-cremes-de-jour-et-de-nuit\/dr-renaud-creme-rosa-c3-emulsion-controle-24h\/"]}]},{"@type":"ImageObject","inLanguage":"en-US","@id":"https:\/\/esthetiquenovani.com\/boutique\/gammes\/laboratoire-dr-renaud\/4-cremes-de-jour-et-de-nuit\/dr-renaud-creme-rosa-c3-emulsion-controle-24h\/#primaryimage","url":"https:\/\/esthetiquenovani.com\/wp-content\/uploads\/2020\/06\/10607-rosa-c3_24h_emulsioncontrol_50ml-1000x1000-1.png","contentUrl":"https:\/\/esthetiquenovani.com\/wp-content\/uploads\/2020\/06\/10607-rosa-c3_24h_emulsioncontrol_50ml-1000x1000-1.png","width":1000,"height":1000,"caption":"Dr Renaud \u2013 Cr\u00e8me Rosa-C3 \u2013 \u00c9mulsion contr\u00f4le 24H"},{"@type":"BreadcrumbList","@id":"https:\/\/esthetiquenovani.com\/boutique\/gammes\/laboratoire-dr-renaud\/4-cremes-de-jour-et-de-nuit\/dr-renaud-creme-rosa-c3-emulsion-controle-24h\/#breadcrumb","itemListElement":[{"@type":"ListItem","position":1,"name":"Accueil","item":"https:\/\/esthetiquenovani.com\/en\/"},{"@type":"ListItem","position":2,"name":"Boutique","item":"https:\/\/esthetiquenovani.com\/boutique\/"},{"@type":"ListItem","position":3,"name":"Dr Renaud \u2013 Cr\u00e8me Rosa-C3 \u2013 \u00c9mulsion contr\u00f4le 24H"}]},{"@type":"WebSite","@id":"https:\/\/esthetiquenovani.com\/#website","url":"https:\/\/esthetiquenovani.com\/","name":"Clinique d'Esth&eacute;tique Novani","description":"Brossard, Longueil &amp; Chambly","publisher":{"@id":"https:\/\/esthetiquenovani.com\/#organization"},"potentialAction":[{"@type":"SearchAction","target":{"@type":"EntryPoint","urlTemplate":"https:\/\/esthetiquenovani.com\/?s={search_term_string}"},"query-input":{"@type":"PropertyValueSpecification","valueRequired":true,"valueName":"search_term_string"}}],"inLanguage":"en-US"},{"@type":"Organization","@id":"https:\/\/esthetiquenovani.com\/#organization","name":"Esth\u00e9tique Huguette Turcotte","url":"https:\/\/esthetiquenovani.com\/","logo":{"@type":"ImageObject","inLanguage":"en-US","@id":"https:\/\/esthetiquenovani.com\/#\/schema\/logo\/image\/","url":"https:\/\/esthetiquenovani.com\/wp-content\/uploads\/2018\/01\/qui-sommes-nous.jpg","contentUrl":"https:\/\/esthetiquenovani.com\/wp-content\/uploads\/2018\/01\/qui-sommes-nous.jpg","width":637,"height":425,"caption":"Esth\u00e9tique Huguette Turcotte"},"image":{"@id":"https:\/\/esthetiquenovani.com\/#\/schema\/logo\/image\/"},"sameAs":["https:\/\/www.facebook.com\/esthetiquehturcotte"]}]}},"_links":{"self":[{"href":"https:\/\/esthetiquenovani.com\/en\/wp-json\/wp\/v2\/product\/3302","targetHints":{"allow":["GET"]}}],"collection":[{"href":"https:\/\/esthetiquenovani.com\/en\/wp-json\/wp\/v2\/product"}],"about":[{"href":"https:\/\/esthetiquenovani.com\/en\/wp-json\/wp\/v2\/types\/product"}],"wp:featuredmedia":[{"embeddable":true,"href":"https:\/\/esthetiquenovani.com\/en\/wp-json\/wp\/v2\/media\/5003"}],"wp:attachment":[{"href":"https:\/\/esthetiquenovani.com\/en\/wp-json\/wp\/v2\/media?parent=3302"}],"wp:term":[{"taxonomy":"product_brand","embeddable":true,"href":"https:\/\/esthetiquenovani.com\/en\/wp-json\/wp\/v2\/product_brand?post=3302"},{"taxonomy":"product_cat","embeddable":true,"href":"https:\/\/esthetiquenovani.com\/en\/wp-json\/wp\/v2\/product_cat?post=3302"},{"taxonomy":"product_tag","embeddable":true,"href":"https:\/\/esthetiquenovani.com\/en\/wp-json\/wp\/v2\/product_tag?post=3302"}],"curies":[{"name":"wp","href":"https:\/\/api.w.org\/{rel}","templated":true}]}}