{"id":3304,"date":"2020-03-22T22:04:55","date_gmt":"2020-03-22T22:04:55","guid":{"rendered":"https:\/\/esthetiquenovani.com\/produit\/dr-renaud-tolerance-emulsion-legere-soin-nourrissant-et-desensibilisant\/"},"modified":"2025-11-28T15:09:31","modified_gmt":"2025-11-28T20:09:31","slug":"dr-renaud-tolerance-emulsion-legere-soin-nourrissant-et-desensibilisant","status":"publish","type":"product","link":"https:\/\/esthetiquenovani.com\/en\/boutique\/gammes\/laboratoire-dr-renaud\/4-cremes-de-jour-et-de-nuit\/dr-renaud-tolerance-emulsion-legere-soin-nourrissant-et-desensibilisant\/","title":{"rendered":"Dr Renaud \u2013 Tol\u00e9rance+ &#8211; cr\u00e8me barri\u00e8re apaisante"},"content":{"rendered":"","protected":false},"excerpt":{"rendered":"<div><span style=\"font-family: Verdana\">Apaisement imm\u00e9diat &amp; protection ultime ! \u00a0Soin 24H nourrissant, apaisant, d\u00e9sensibilisant et protecteur d\u2019avant-garde cr\u00e9\u00e9 \u00a0sp\u00e9cifiquement pour procurer un maximum de confort et de bien-\u00eatre aux peaux sensibles \u00a0et d\u00e9licates. \u00a0Gr\u00e2ce \u00e0 son complexe 100% v\u00e9g\u00e9tal surdos\u00e9 d\u2019actifs protecteurs des cellules souches, \u00a0la peau est intens\u00e9ment prot\u00e9g\u00e9e, imm\u00e9diatement apais\u00e9e, visiblement plus forte et \u00a0profond\u00e9ment sereine !\u00a0<\/span><\/div>\n<div><span style=\"font-family: Verdana\">\u00a0<\/span><\/div>\n<div><span style=\"font-family: Verdana\">Tol\u00e9rance existe en 2 textures :<\/span><\/div>\n<ul>\n<li><span style=\"font-family: Verdana\">\u00e9mulsion riche pour les peaux s\u00e8ches \u2013 texture confort, enrichie et protectrice contre le froid et la d\u00e9shydratation<\/span><\/li>\n<li><span style=\"font-family: Verdana\">\u00e9mulsion l\u00e9g\u00e8re pour les peaux normales \u00e0 mixtes \u2013 formul\u00e9e sans corps gras<\/span><\/li>\n<\/ul>\n<div><span style=\"font-family: Verdana\">\u00a0<\/span><\/div>\n<div><span style=\"font-family: Verdana\"><b>Conseils d&#8217;utilisation:<\/b><\/span><\/div>\n<div><span style=\"font-family: Verdana\">Le matin et\/ou le soir, apr\u00e8s un nettoyage minutieux de la peau, appliquer une petite quantit\u00e9 sur le visage et le cou. Faire p\u00e9n\u00e9trer par de l\u00e9gers effleurages. Proc\u00e9der au \u00a0maquillage si d\u00e9sir\u00e9.<\/span><\/div>\n<div><span style=\"font-family: Verdana\">\u00a0<\/span><\/div>\n<div><span style=\"font-family: Verdana\">50 ml<\/span><\/div>\n","protected":false},"featured_media":233975,"template":"","meta":{"_et_pb_use_builder":"","_et_pb_old_content":"","_et_gb_content_width":""},"product_brand":[],"product_cat":[109,62,68,48],"product_tag":[],"class_list":{"0":"post-3304","1":"product","2":"type-product","3":"status-publish","4":"has-post-thumbnail","6":"product_cat-4-cremes-de-jour-et-de-nuit","7":"product_cat-cremes","8":"product_cat-laboratoire-dr-renaud","9":"product_cat-sensibilites-et-rougeurs","11":"first","12":"instock","13":"taxable","14":"shipping-taxable","15":"purchasable","16":"product-type-simple"},"yoast_head":"<!-- This site is optimized with the Yoast SEO plugin v27.4 - https:\/\/yoast.com\/product\/yoast-seo-wordpress\/ -->\n<title>Dr Renaud \u2013 Tol\u00e9rance+ - cr\u00e8me barri\u00e8re apaisante &#8902; Clinique d&#039;Esth&eacute;tique Novani<\/title>\n<meta name=\"robots\" content=\"index, follow, max-snippet:-1, max-image-preview:large, max-video-preview:-1\" \/>\n<link rel=\"canonical\" href=\"https:\/\/esthetiquenovani.com\/boutique\/gammes\/laboratoire-dr-renaud\/4-cremes-de-jour-et-de-nuit\/dr-renaud-tolerance-emulsion-legere-soin-nourrissant-et-desensibilisant\/\" \/>\n<meta property=\"og:locale\" content=\"en_US\" \/>\n<meta property=\"og:type\" content=\"article\" \/>\n<meta property=\"og:title\" content=\"Dr Renaud \u2013 Tol\u00e9rance+ - cr\u00e8me barri\u00e8re apaisante &#8902; Clinique d&#039;Esth&eacute;tique Novani\" \/>\n<meta property=\"og:description\" content=\"Apaisement imm\u00e9diat &amp; protection ultime ! \u00a0Soin 24H nourrissant, apaisant, d\u00e9sensibilisant et protecteur d\u2019avant-garde cr\u00e9\u00e9 \u00a0sp\u00e9cifiquement pour procurer un maximum de confort et de bien-\u00eatre aux peaux sensibles \u00a0et d\u00e9licates. \u00a0Gr\u00e2ce \u00e0 son complexe 100% v\u00e9g\u00e9tal surdos\u00e9 d\u2019actifs protecteurs des cellules souches, \u00a0la peau est intens\u00e9ment prot\u00e9g\u00e9e, imm\u00e9diatement apais\u00e9e, visiblement plus forte et \u00a0profond\u00e9ment sereine !\u00a0 \u00a0 Tol\u00e9rance existe en 2 textures :   \u00e9mulsion riche pour les peaux s\u00e8ches \u2013 texture confort, enrichie et protectrice contre le froid et la d\u00e9shydratation  \u00e9mulsion l\u00e9g\u00e8re pour les peaux normales \u00e0 mixtes \u2013 formul\u00e9e sans corps gras  \u00a0 Conseils d&#039;utilisation: Le matin et\/ou le soir, apr\u00e8s un nettoyage minutieux de la peau, appliquer une petite quantit\u00e9 sur le visage et le cou. Faire p\u00e9n\u00e9trer par de l\u00e9gers effleurages. Proc\u00e9der au \u00a0maquillage si d\u00e9sir\u00e9. \u00a0 50 ml\" \/>\n<meta property=\"og:url\" content=\"https:\/\/esthetiquenovani.com\/boutique\/gammes\/laboratoire-dr-renaud\/4-cremes-de-jour-et-de-nuit\/dr-renaud-tolerance-emulsion-legere-soin-nourrissant-et-desensibilisant\/\" \/>\n<meta property=\"og:site_name\" content=\"Clinique d&#039;Esth&eacute;tique Novani\" \/>\n<meta property=\"article:publisher\" content=\"https:\/\/www.facebook.com\/esthetiquehturcotte\" \/>\n<meta property=\"article:modified_time\" content=\"2025-11-28T20:09:31+00:00\" \/>\n<meta property=\"og:image\" content=\"https:\/\/esthetiquenovani.com\/wp-content\/uploads\/2020\/03\/TolerancePlus_Soothing-barrier-cream_grande.webp\" \/>\n\t<meta property=\"og:image:width\" content=\"600\" \/>\n\t<meta property=\"og:image:height\" content=\"600\" \/>\n\t<meta property=\"og:image:type\" content=\"image\/webp\" \/>\n<meta name=\"twitter:card\" content=\"summary_large_image\" \/>\n<meta name=\"twitter:label1\" content=\"Est. reading time\" \/>\n\t<meta name=\"twitter:data1\" content=\"1 minute\" \/>\n<script type=\"application\/ld+json\" class=\"yoast-schema-graph\">{\"@context\":\"https:\\\/\\\/schema.org\",\"@graph\":[{\"@type\":\"WebPage\",\"@id\":\"https:\\\/\\\/esthetiquenovani.com\\\/boutique\\\/gammes\\\/laboratoire-dr-renaud\\\/4-cremes-de-jour-et-de-nuit\\\/dr-renaud-tolerance-emulsion-legere-soin-nourrissant-et-desensibilisant\\\/\",\"url\":\"https:\\\/\\\/esthetiquenovani.com\\\/boutique\\\/gammes\\\/laboratoire-dr-renaud\\\/4-cremes-de-jour-et-de-nuit\\\/dr-renaud-tolerance-emulsion-legere-soin-nourrissant-et-desensibilisant\\\/\",\"name\":\"Dr Renaud \u2013 Tol\u00e9rance+ - cr\u00e8me barri\u00e8re apaisante &#8902; Clinique d'Esth&eacute;tique Novani\",\"isPartOf\":{\"@id\":\"https:\\\/\\\/esthetiquenovani.com\\\/#website\"},\"primaryImageOfPage\":{\"@id\":\"https:\\\/\\\/esthetiquenovani.com\\\/boutique\\\/gammes\\\/laboratoire-dr-renaud\\\/4-cremes-de-jour-et-de-nuit\\\/dr-renaud-tolerance-emulsion-legere-soin-nourrissant-et-desensibilisant\\\/#primaryimage\"},\"image\":{\"@id\":\"https:\\\/\\\/esthetiquenovani.com\\\/boutique\\\/gammes\\\/laboratoire-dr-renaud\\\/4-cremes-de-jour-et-de-nuit\\\/dr-renaud-tolerance-emulsion-legere-soin-nourrissant-et-desensibilisant\\\/#primaryimage\"},\"thumbnailUrl\":\"https:\\\/\\\/esthetiquenovani.com\\\/wp-content\\\/uploads\\\/2020\\\/03\\\/TolerancePlus_Soothing-barrier-cream_grande.webp\",\"datePublished\":\"2020-03-22T22:04:55+00:00\",\"dateModified\":\"2025-11-28T20:09:31+00:00\",\"breadcrumb\":{\"@id\":\"https:\\\/\\\/esthetiquenovani.com\\\/boutique\\\/gammes\\\/laboratoire-dr-renaud\\\/4-cremes-de-jour-et-de-nuit\\\/dr-renaud-tolerance-emulsion-legere-soin-nourrissant-et-desensibilisant\\\/#breadcrumb\"},\"inLanguage\":\"en-US\",\"potentialAction\":[{\"@type\":\"ReadAction\",\"target\":[\"https:\\\/\\\/esthetiquenovani.com\\\/boutique\\\/gammes\\\/laboratoire-dr-renaud\\\/4-cremes-de-jour-et-de-nuit\\\/dr-renaud-tolerance-emulsion-legere-soin-nourrissant-et-desensibilisant\\\/\"]}]},{\"@type\":\"ImageObject\",\"inLanguage\":\"en-US\",\"@id\":\"https:\\\/\\\/esthetiquenovani.com\\\/boutique\\\/gammes\\\/laboratoire-dr-renaud\\\/4-cremes-de-jour-et-de-nuit\\\/dr-renaud-tolerance-emulsion-legere-soin-nourrissant-et-desensibilisant\\\/#primaryimage\",\"url\":\"https:\\\/\\\/esthetiquenovani.com\\\/wp-content\\\/uploads\\\/2020\\\/03\\\/TolerancePlus_Soothing-barrier-cream_grande.webp\",\"contentUrl\":\"https:\\\/\\\/esthetiquenovani.com\\\/wp-content\\\/uploads\\\/2020\\\/03\\\/TolerancePlus_Soothing-barrier-cream_grande.webp\",\"width\":600,\"height\":600},{\"@type\":\"BreadcrumbList\",\"@id\":\"https:\\\/\\\/esthetiquenovani.com\\\/boutique\\\/gammes\\\/laboratoire-dr-renaud\\\/4-cremes-de-jour-et-de-nuit\\\/dr-renaud-tolerance-emulsion-legere-soin-nourrissant-et-desensibilisant\\\/#breadcrumb\",\"itemListElement\":[{\"@type\":\"ListItem\",\"position\":1,\"name\":\"Accueil\",\"item\":\"https:\\\/\\\/esthetiquenovani.com\\\/en\\\/\"},{\"@type\":\"ListItem\",\"position\":2,\"name\":\"Boutique\",\"item\":\"https:\\\/\\\/esthetiquenovani.com\\\/boutique\\\/\"},{\"@type\":\"ListItem\",\"position\":3,\"name\":\"Dr Renaud \u2013 Tol\u00e9rance+ &#8211; cr\u00e8me barri\u00e8re apaisante\"}]},{\"@type\":\"WebSite\",\"@id\":\"https:\\\/\\\/esthetiquenovani.com\\\/#website\",\"url\":\"https:\\\/\\\/esthetiquenovani.com\\\/\",\"name\":\"Clinique d'Esth&eacute;tique Novani\",\"description\":\"Brossard, Longueil &amp; Chambly\",\"publisher\":{\"@id\":\"https:\\\/\\\/esthetiquenovani.com\\\/#organization\"},\"potentialAction\":[{\"@type\":\"SearchAction\",\"target\":{\"@type\":\"EntryPoint\",\"urlTemplate\":\"https:\\\/\\\/esthetiquenovani.com\\\/?s={search_term_string}\"},\"query-input\":{\"@type\":\"PropertyValueSpecification\",\"valueRequired\":true,\"valueName\":\"search_term_string\"}}],\"inLanguage\":\"en-US\"},{\"@type\":\"Organization\",\"@id\":\"https:\\\/\\\/esthetiquenovani.com\\\/#organization\",\"name\":\"Esth\u00e9tique Huguette Turcotte\",\"url\":\"https:\\\/\\\/esthetiquenovani.com\\\/\",\"logo\":{\"@type\":\"ImageObject\",\"inLanguage\":\"en-US\",\"@id\":\"https:\\\/\\\/esthetiquenovani.com\\\/#\\\/schema\\\/logo\\\/image\\\/\",\"url\":\"https:\\\/\\\/esthetiquenovani.com\\\/wp-content\\\/uploads\\\/2018\\\/01\\\/qui-sommes-nous.jpg\",\"contentUrl\":\"https:\\\/\\\/esthetiquenovani.com\\\/wp-content\\\/uploads\\\/2018\\\/01\\\/qui-sommes-nous.jpg\",\"width\":637,\"height\":425,\"caption\":\"Esth\u00e9tique Huguette Turcotte\"},\"image\":{\"@id\":\"https:\\\/\\\/esthetiquenovani.com\\\/#\\\/schema\\\/logo\\\/image\\\/\"},\"sameAs\":[\"https:\\\/\\\/www.facebook.com\\\/esthetiquehturcotte\"]}]}<\/script>\n<!-- \/ Yoast SEO plugin. -->","yoast_head_json":{"title":"Dr Renaud \u2013 Tol\u00e9rance+ - cr\u00e8me barri\u00e8re apaisante &#8902; Clinique d'Esth&eacute;tique Novani","robots":{"index":"index","follow":"follow","max-snippet":"max-snippet:-1","max-image-preview":"max-image-preview:large","max-video-preview":"max-video-preview:-1"},"canonical":"https:\/\/esthetiquenovani.com\/boutique\/gammes\/laboratoire-dr-renaud\/4-cremes-de-jour-et-de-nuit\/dr-renaud-tolerance-emulsion-legere-soin-nourrissant-et-desensibilisant\/","og_locale":"en_US","og_type":"article","og_title":"Dr Renaud \u2013 Tol\u00e9rance+ - cr\u00e8me barri\u00e8re apaisante &#8902; Clinique d'Esth&eacute;tique Novani","og_description":"Apaisement imm\u00e9diat &amp; protection ultime ! \u00a0Soin 24H nourrissant, apaisant, d\u00e9sensibilisant et protecteur d\u2019avant-garde cr\u00e9\u00e9 \u00a0sp\u00e9cifiquement pour procurer un maximum de confort et de bien-\u00eatre aux peaux sensibles \u00a0et d\u00e9licates. \u00a0Gr\u00e2ce \u00e0 son complexe 100% v\u00e9g\u00e9tal surdos\u00e9 d\u2019actifs protecteurs des cellules souches, \u00a0la peau est intens\u00e9ment prot\u00e9g\u00e9e, imm\u00e9diatement apais\u00e9e, visiblement plus forte et \u00a0profond\u00e9ment sereine !\u00a0 \u00a0 Tol\u00e9rance existe en 2 textures :   \u00e9mulsion riche pour les peaux s\u00e8ches \u2013 texture confort, enrichie et protectrice contre le froid et la d\u00e9shydratation  \u00e9mulsion l\u00e9g\u00e8re pour les peaux normales \u00e0 mixtes \u2013 formul\u00e9e sans corps gras  \u00a0 Conseils d'utilisation: Le matin et\/ou le soir, apr\u00e8s un nettoyage minutieux de la peau, appliquer une petite quantit\u00e9 sur le visage et le cou. Faire p\u00e9n\u00e9trer par de l\u00e9gers effleurages. Proc\u00e9der au \u00a0maquillage si d\u00e9sir\u00e9. \u00a0 50 ml","og_url":"https:\/\/esthetiquenovani.com\/boutique\/gammes\/laboratoire-dr-renaud\/4-cremes-de-jour-et-de-nuit\/dr-renaud-tolerance-emulsion-legere-soin-nourrissant-et-desensibilisant\/","og_site_name":"Clinique d'Esth&eacute;tique Novani","article_publisher":"https:\/\/www.facebook.com\/esthetiquehturcotte","article_modified_time":"2025-11-28T20:09:31+00:00","og_image":[{"width":600,"height":600,"url":"https:\/\/esthetiquenovani.com\/wp-content\/uploads\/2020\/03\/TolerancePlus_Soothing-barrier-cream_grande.webp","type":"image\/webp"}],"twitter_card":"summary_large_image","twitter_misc":{"Est. reading time":"1 minute"},"schema":{"@context":"https:\/\/schema.org","@graph":[{"@type":"WebPage","@id":"https:\/\/esthetiquenovani.com\/boutique\/gammes\/laboratoire-dr-renaud\/4-cremes-de-jour-et-de-nuit\/dr-renaud-tolerance-emulsion-legere-soin-nourrissant-et-desensibilisant\/","url":"https:\/\/esthetiquenovani.com\/boutique\/gammes\/laboratoire-dr-renaud\/4-cremes-de-jour-et-de-nuit\/dr-renaud-tolerance-emulsion-legere-soin-nourrissant-et-desensibilisant\/","name":"Dr Renaud \u2013 Tol\u00e9rance+ - cr\u00e8me barri\u00e8re apaisante &#8902; Clinique d'Esth&eacute;tique Novani","isPartOf":{"@id":"https:\/\/esthetiquenovani.com\/#website"},"primaryImageOfPage":{"@id":"https:\/\/esthetiquenovani.com\/boutique\/gammes\/laboratoire-dr-renaud\/4-cremes-de-jour-et-de-nuit\/dr-renaud-tolerance-emulsion-legere-soin-nourrissant-et-desensibilisant\/#primaryimage"},"image":{"@id":"https:\/\/esthetiquenovani.com\/boutique\/gammes\/laboratoire-dr-renaud\/4-cremes-de-jour-et-de-nuit\/dr-renaud-tolerance-emulsion-legere-soin-nourrissant-et-desensibilisant\/#primaryimage"},"thumbnailUrl":"https:\/\/esthetiquenovani.com\/wp-content\/uploads\/2020\/03\/TolerancePlus_Soothing-barrier-cream_grande.webp","datePublished":"2020-03-22T22:04:55+00:00","dateModified":"2025-11-28T20:09:31+00:00","breadcrumb":{"@id":"https:\/\/esthetiquenovani.com\/boutique\/gammes\/laboratoire-dr-renaud\/4-cremes-de-jour-et-de-nuit\/dr-renaud-tolerance-emulsion-legere-soin-nourrissant-et-desensibilisant\/#breadcrumb"},"inLanguage":"en-US","potentialAction":[{"@type":"ReadAction","target":["https:\/\/esthetiquenovani.com\/boutique\/gammes\/laboratoire-dr-renaud\/4-cremes-de-jour-et-de-nuit\/dr-renaud-tolerance-emulsion-legere-soin-nourrissant-et-desensibilisant\/"]}]},{"@type":"ImageObject","inLanguage":"en-US","@id":"https:\/\/esthetiquenovani.com\/boutique\/gammes\/laboratoire-dr-renaud\/4-cremes-de-jour-et-de-nuit\/dr-renaud-tolerance-emulsion-legere-soin-nourrissant-et-desensibilisant\/#primaryimage","url":"https:\/\/esthetiquenovani.com\/wp-content\/uploads\/2020\/03\/TolerancePlus_Soothing-barrier-cream_grande.webp","contentUrl":"https:\/\/esthetiquenovani.com\/wp-content\/uploads\/2020\/03\/TolerancePlus_Soothing-barrier-cream_grande.webp","width":600,"height":600},{"@type":"BreadcrumbList","@id":"https:\/\/esthetiquenovani.com\/boutique\/gammes\/laboratoire-dr-renaud\/4-cremes-de-jour-et-de-nuit\/dr-renaud-tolerance-emulsion-legere-soin-nourrissant-et-desensibilisant\/#breadcrumb","itemListElement":[{"@type":"ListItem","position":1,"name":"Accueil","item":"https:\/\/esthetiquenovani.com\/en\/"},{"@type":"ListItem","position":2,"name":"Boutique","item":"https:\/\/esthetiquenovani.com\/boutique\/"},{"@type":"ListItem","position":3,"name":"Dr Renaud \u2013 Tol\u00e9rance+ &#8211; cr\u00e8me barri\u00e8re apaisante"}]},{"@type":"WebSite","@id":"https:\/\/esthetiquenovani.com\/#website","url":"https:\/\/esthetiquenovani.com\/","name":"Clinique d'Esth&eacute;tique Novani","description":"Brossard, Longueil &amp; Chambly","publisher":{"@id":"https:\/\/esthetiquenovani.com\/#organization"},"potentialAction":[{"@type":"SearchAction","target":{"@type":"EntryPoint","urlTemplate":"https:\/\/esthetiquenovani.com\/?s={search_term_string}"},"query-input":{"@type":"PropertyValueSpecification","valueRequired":true,"valueName":"search_term_string"}}],"inLanguage":"en-US"},{"@type":"Organization","@id":"https:\/\/esthetiquenovani.com\/#organization","name":"Esth\u00e9tique Huguette Turcotte","url":"https:\/\/esthetiquenovani.com\/","logo":{"@type":"ImageObject","inLanguage":"en-US","@id":"https:\/\/esthetiquenovani.com\/#\/schema\/logo\/image\/","url":"https:\/\/esthetiquenovani.com\/wp-content\/uploads\/2018\/01\/qui-sommes-nous.jpg","contentUrl":"https:\/\/esthetiquenovani.com\/wp-content\/uploads\/2018\/01\/qui-sommes-nous.jpg","width":637,"height":425,"caption":"Esth\u00e9tique Huguette Turcotte"},"image":{"@id":"https:\/\/esthetiquenovani.com\/#\/schema\/logo\/image\/"},"sameAs":["https:\/\/www.facebook.com\/esthetiquehturcotte"]}]}},"_links":{"self":[{"href":"https:\/\/esthetiquenovani.com\/en\/wp-json\/wp\/v2\/product\/3304","targetHints":{"allow":["GET"]}}],"collection":[{"href":"https:\/\/esthetiquenovani.com\/en\/wp-json\/wp\/v2\/product"}],"about":[{"href":"https:\/\/esthetiquenovani.com\/en\/wp-json\/wp\/v2\/types\/product"}],"wp:featuredmedia":[{"embeddable":true,"href":"https:\/\/esthetiquenovani.com\/en\/wp-json\/wp\/v2\/media\/233975"}],"wp:attachment":[{"href":"https:\/\/esthetiquenovani.com\/en\/wp-json\/wp\/v2\/media?parent=3304"}],"wp:term":[{"taxonomy":"product_brand","embeddable":true,"href":"https:\/\/esthetiquenovani.com\/en\/wp-json\/wp\/v2\/product_brand?post=3304"},{"taxonomy":"product_cat","embeddable":true,"href":"https:\/\/esthetiquenovani.com\/en\/wp-json\/wp\/v2\/product_cat?post=3304"},{"taxonomy":"product_tag","embeddable":true,"href":"https:\/\/esthetiquenovani.com\/en\/wp-json\/wp\/v2\/product_tag?post=3304"}],"curies":[{"name":"wp","href":"https:\/\/api.w.org\/{rel}","templated":true}]}}