{"id":3312,"date":"2020-03-22T22:14:27","date_gmt":"2020-03-22T22:14:27","guid":{"rendered":"https:\/\/esthetiquenovani.com\/produit\/dr-renaud-clear-up-creme-hydratante-anti-brillance\/"},"modified":"2026-02-05T10:18:29","modified_gmt":"2026-02-05T15:18:29","slug":"dr-renaud-clear-up-creme-hydratante-anti-brillance","status":"publish","type":"product","link":"https:\/\/esthetiquenovani.com\/en\/boutique\/gammes\/laboratoire-dr-renaud\/4-cremes-de-jour-et-de-nuit\/dr-renaud-clear-up-creme-hydratante-anti-brillance\/","title":{"rendered":"Dr Renaud \u2013 Clear Up \u00c9TAPE 3 \u2013 Cr\u00e8me Hydratante anti-brillance"},"content":{"rendered":"","protected":false},"excerpt":{"rendered":"<div><span style=\"font-family: Verdana\">\u00c9mulgel ultral\u00e9ger 24h sp\u00e9cialement cr\u00e9\u00e9 pour les peaux acn\u00e9iques, d\u00e9shydrat\u00e9es ou non (mesure pr\u00e9ventive), et les peaux com\u00e9doniennes. Combine des ingr\u00e9dients innovateurs et ultraperformants afin de lutter efficacement contre les imperfections et la brillance.<\/span><\/div>\n<div><span style=\"font-family: Verdana\">\u00a0<\/span><\/div>\n<ul>\n<li><span style=\"font-family: Verdana\">R\u00e9duit la production de s\u00e9bum et r\u00e9\u00e9quilibre la flore cutan\u00e9e\u00a0<\/span><\/li>\n<li><span style=\"font-family: Verdana\">Apaise l\u2019\u00e9piderme\u00a0<\/span><\/li>\n<li><span style=\"font-family: Verdana\">Hydrate, adoucit et diminue l\u2019aspect luisant de la peau\u00a0<\/span><\/li>\n<li><span style=\"font-family: Verdana\">Laisse un fini mat et velout\u00e9\u00a0<\/span><\/li>\n<li><span style=\"font-family: Verdana\">Permet de r\u00e9aliser un maquillage impeccable et durable<\/span><\/li>\n<\/ul>\n<div><span style=\"font-family: Verdana\">\u00a0<\/span><\/div>\n<div><span style=\"font-family: Verdana\"><b>Conseils d&#8217;utilisation:<\/b><\/span><\/div>\n<div><span style=\"font-family: Verdana\">Le matin et-ou le soir, apr\u00e8s avoir bien nettoy\u00e9 la peau avec le Gel nettoyant Clear Up, appliquer ensuite une mince couche de Solution contr\u00f4le anti-imperfections Clear Up sur les zones affect\u00e9es. Puis terminer en appliquant une petite quantit\u00e9 de l\u2019Hydratant antibrillance sur le visage et le cou. R\u00e9partir uniform\u00e9ment et faire p\u00e9n\u00e9trer par de l\u00e9gers effleurages (ne pas masser). Attendre cinq minutes avant de proc\u00e9der au maquillage si d\u00e9sir\u00e9.<\/span><\/div>\n<div><span style=\"font-family: Verdana\">\u00a0<\/span><\/div>\n<div><span style=\"font-family: Verdana\">50 ml<\/span><\/div>\n","protected":false},"featured_media":5008,"template":"","meta":{"_et_pb_use_builder":"","_et_pb_old_content":"","_et_gb_content_width":""},"product_brand":[],"product_cat":[109,63,62,68],"product_tag":[],"class_list":{"0":"post-3312","1":"product","2":"type-product","3":"status-publish","4":"has-post-thumbnail","6":"product_cat-4-cremes-de-jour-et-de-nuit","7":"product_cat-acne","8":"product_cat-cremes","9":"product_cat-laboratoire-dr-renaud","11":"first","12":"instock","13":"taxable","14":"shipping-taxable","15":"purchasable","16":"product-type-simple"},"yoast_head":"<!-- This site is optimized with the Yoast SEO plugin v27.5 - https:\/\/yoast.com\/product\/yoast-seo-wordpress\/ -->\n<title>Meilleurs produits contre l&#039;acn\u00e9 | Clear Up | Produits, Soins et\/ou Peelings<\/title>\n<meta name=\"description\" content=\"La gamme Clear Up : meilleurs produits pour traiter l&#039;acn\u00e9. Disponibles : Les soins professionnels en cabine et les peelings du m\u00eame nom.\" \/>\n<meta name=\"robots\" content=\"index, follow, max-snippet:-1, max-image-preview:large, max-video-preview:-1\" \/>\n<link rel=\"canonical\" href=\"https:\/\/esthetiquenovani.com\/boutique\/gammes\/laboratoire-dr-renaud\/4-cremes-de-jour-et-de-nuit\/dr-renaud-clear-up-creme-hydratante-anti-brillance\/\" \/>\n<meta property=\"og:locale\" content=\"en_US\" \/>\n<meta property=\"og:type\" content=\"article\" \/>\n<meta property=\"og:title\" content=\"Meilleurs produits contre l&#039;acn\u00e9 | Clear Up | Produits, Soins et\/ou Peelings\" \/>\n<meta property=\"og:description\" content=\"La gamme Clear Up : meilleurs produits pour traiter l&#039;acn\u00e9. Disponibles : Les soins professionnels en cabine et les peelings du m\u00eame nom.\" \/>\n<meta property=\"og:url\" content=\"https:\/\/esthetiquenovani.com\/boutique\/gammes\/laboratoire-dr-renaud\/4-cremes-de-jour-et-de-nuit\/dr-renaud-clear-up-creme-hydratante-anti-brillance\/\" \/>\n<meta property=\"og:site_name\" content=\"Clinique d&#039;Esth&eacute;tique Novani\" \/>\n<meta property=\"article:publisher\" content=\"https:\/\/www.facebook.com\/esthetiquehturcotte\" \/>\n<meta property=\"article:modified_time\" content=\"2026-02-05T15:18:29+00:00\" \/>\n<meta property=\"og:image\" content=\"https:\/\/esthetiquenovani.com\/wp-content\/uploads\/2020\/06\/10447-clearup_anti-shine_moisturizer_50ml-500x500-1.png\" \/>\n\t<meta property=\"og:image:width\" content=\"500\" \/>\n\t<meta property=\"og:image:height\" content=\"500\" \/>\n\t<meta property=\"og:image:type\" content=\"image\/png\" \/>\n<meta name=\"twitter:card\" content=\"summary_large_image\" \/>\n<script type=\"application\/ld+json\" class=\"yoast-schema-graph\">{\"@context\":\"https:\\\/\\\/schema.org\",\"@graph\":[{\"@type\":\"WebPage\",\"@id\":\"https:\\\/\\\/esthetiquenovani.com\\\/boutique\\\/gammes\\\/laboratoire-dr-renaud\\\/4-cremes-de-jour-et-de-nuit\\\/dr-renaud-clear-up-creme-hydratante-anti-brillance\\\/\",\"url\":\"https:\\\/\\\/esthetiquenovani.com\\\/boutique\\\/gammes\\\/laboratoire-dr-renaud\\\/4-cremes-de-jour-et-de-nuit\\\/dr-renaud-clear-up-creme-hydratante-anti-brillance\\\/\",\"name\":\"Meilleurs produits contre l'acn\u00e9 | Clear Up | Produits, Soins et\\\/ou Peelings\",\"isPartOf\":{\"@id\":\"https:\\\/\\\/esthetiquenovani.com\\\/#website\"},\"primaryImageOfPage\":{\"@id\":\"https:\\\/\\\/esthetiquenovani.com\\\/boutique\\\/gammes\\\/laboratoire-dr-renaud\\\/4-cremes-de-jour-et-de-nuit\\\/dr-renaud-clear-up-creme-hydratante-anti-brillance\\\/#primaryimage\"},\"image\":{\"@id\":\"https:\\\/\\\/esthetiquenovani.com\\\/boutique\\\/gammes\\\/laboratoire-dr-renaud\\\/4-cremes-de-jour-et-de-nuit\\\/dr-renaud-clear-up-creme-hydratante-anti-brillance\\\/#primaryimage\"},\"thumbnailUrl\":\"https:\\\/\\\/esthetiquenovani.com\\\/wp-content\\\/uploads\\\/2020\\\/06\\\/10447-clearup_anti-shine_moisturizer_50ml-500x500-1.png\",\"datePublished\":\"2020-03-22T22:14:27+00:00\",\"dateModified\":\"2026-02-05T15:18:29+00:00\",\"description\":\"La gamme Clear Up : meilleurs produits pour traiter l'acn\u00e9. Disponibles : Les soins professionnels en cabine et les peelings du m\u00eame nom.\",\"breadcrumb\":{\"@id\":\"https:\\\/\\\/esthetiquenovani.com\\\/boutique\\\/gammes\\\/laboratoire-dr-renaud\\\/4-cremes-de-jour-et-de-nuit\\\/dr-renaud-clear-up-creme-hydratante-anti-brillance\\\/#breadcrumb\"},\"inLanguage\":\"en-US\",\"potentialAction\":[{\"@type\":\"ReadAction\",\"target\":[\"https:\\\/\\\/esthetiquenovani.com\\\/boutique\\\/gammes\\\/laboratoire-dr-renaud\\\/4-cremes-de-jour-et-de-nuit\\\/dr-renaud-clear-up-creme-hydratante-anti-brillance\\\/\"]}]},{\"@type\":\"ImageObject\",\"inLanguage\":\"en-US\",\"@id\":\"https:\\\/\\\/esthetiquenovani.com\\\/boutique\\\/gammes\\\/laboratoire-dr-renaud\\\/4-cremes-de-jour-et-de-nuit\\\/dr-renaud-clear-up-creme-hydratante-anti-brillance\\\/#primaryimage\",\"url\":\"https:\\\/\\\/esthetiquenovani.com\\\/wp-content\\\/uploads\\\/2020\\\/06\\\/10447-clearup_anti-shine_moisturizer_50ml-500x500-1.png\",\"contentUrl\":\"https:\\\/\\\/esthetiquenovani.com\\\/wp-content\\\/uploads\\\/2020\\\/06\\\/10447-clearup_anti-shine_moisturizer_50ml-500x500-1.png\",\"width\":500,\"height\":500,\"caption\":\"Dr Renaud \u2013 Clear Up \u2013 Cr\u00e8me Hydratante anti-brillance\"},{\"@type\":\"BreadcrumbList\",\"@id\":\"https:\\\/\\\/esthetiquenovani.com\\\/boutique\\\/gammes\\\/laboratoire-dr-renaud\\\/4-cremes-de-jour-et-de-nuit\\\/dr-renaud-clear-up-creme-hydratante-anti-brillance\\\/#breadcrumb\",\"itemListElement\":[{\"@type\":\"ListItem\",\"position\":1,\"name\":\"Accueil\",\"item\":\"https:\\\/\\\/esthetiquenovani.com\\\/en\\\/\"},{\"@type\":\"ListItem\",\"position\":2,\"name\":\"Boutique\",\"item\":\"https:\\\/\\\/esthetiquenovani.com\\\/boutique\\\/\"},{\"@type\":\"ListItem\",\"position\":3,\"name\":\"Dr Renaud \u2013 Clear Up \u00c9TAPE 3 \u2013 Cr\u00e8me Hydratante anti-brillance\"}]},{\"@type\":\"WebSite\",\"@id\":\"https:\\\/\\\/esthetiquenovani.com\\\/#website\",\"url\":\"https:\\\/\\\/esthetiquenovani.com\\\/\",\"name\":\"Clinique d'Esth&eacute;tique Novani\",\"description\":\"Brossard, Longueil &amp; Chambly\",\"publisher\":{\"@id\":\"https:\\\/\\\/esthetiquenovani.com\\\/#organization\"},\"potentialAction\":[{\"@type\":\"SearchAction\",\"target\":{\"@type\":\"EntryPoint\",\"urlTemplate\":\"https:\\\/\\\/esthetiquenovani.com\\\/?s={search_term_string}\"},\"query-input\":{\"@type\":\"PropertyValueSpecification\",\"valueRequired\":true,\"valueName\":\"search_term_string\"}}],\"inLanguage\":\"en-US\"},{\"@type\":\"Organization\",\"@id\":\"https:\\\/\\\/esthetiquenovani.com\\\/#organization\",\"name\":\"Esth\u00e9tique Huguette Turcotte\",\"url\":\"https:\\\/\\\/esthetiquenovani.com\\\/\",\"logo\":{\"@type\":\"ImageObject\",\"inLanguage\":\"en-US\",\"@id\":\"https:\\\/\\\/esthetiquenovani.com\\\/#\\\/schema\\\/logo\\\/image\\\/\",\"url\":\"https:\\\/\\\/esthetiquenovani.com\\\/wp-content\\\/uploads\\\/2018\\\/01\\\/qui-sommes-nous.jpg\",\"contentUrl\":\"https:\\\/\\\/esthetiquenovani.com\\\/wp-content\\\/uploads\\\/2018\\\/01\\\/qui-sommes-nous.jpg\",\"width\":637,\"height\":425,\"caption\":\"Esth\u00e9tique Huguette Turcotte\"},\"image\":{\"@id\":\"https:\\\/\\\/esthetiquenovani.com\\\/#\\\/schema\\\/logo\\\/image\\\/\"},\"sameAs\":[\"https:\\\/\\\/www.facebook.com\\\/esthetiquehturcotte\"]}]}<\/script>\n<!-- \/ Yoast SEO plugin. -->","yoast_head_json":{"title":"Meilleurs produits contre l'acn\u00e9 | Clear Up | Produits, Soins et\/ou Peelings","description":"La gamme Clear Up : meilleurs produits pour traiter l'acn\u00e9. Disponibles : Les soins professionnels en cabine et les peelings du m\u00eame nom.","robots":{"index":"index","follow":"follow","max-snippet":"max-snippet:-1","max-image-preview":"max-image-preview:large","max-video-preview":"max-video-preview:-1"},"canonical":"https:\/\/esthetiquenovani.com\/boutique\/gammes\/laboratoire-dr-renaud\/4-cremes-de-jour-et-de-nuit\/dr-renaud-clear-up-creme-hydratante-anti-brillance\/","og_locale":"en_US","og_type":"article","og_title":"Meilleurs produits contre l'acn\u00e9 | Clear Up | Produits, Soins et\/ou Peelings","og_description":"La gamme Clear Up : meilleurs produits pour traiter l'acn\u00e9. Disponibles : Les soins professionnels en cabine et les peelings du m\u00eame nom.","og_url":"https:\/\/esthetiquenovani.com\/boutique\/gammes\/laboratoire-dr-renaud\/4-cremes-de-jour-et-de-nuit\/dr-renaud-clear-up-creme-hydratante-anti-brillance\/","og_site_name":"Clinique d'Esth&eacute;tique Novani","article_publisher":"https:\/\/www.facebook.com\/esthetiquehturcotte","article_modified_time":"2026-02-05T15:18:29+00:00","og_image":[{"width":500,"height":500,"url":"https:\/\/esthetiquenovani.com\/wp-content\/uploads\/2020\/06\/10447-clearup_anti-shine_moisturizer_50ml-500x500-1.png","type":"image\/png"}],"twitter_card":"summary_large_image","schema":{"@context":"https:\/\/schema.org","@graph":[{"@type":"WebPage","@id":"https:\/\/esthetiquenovani.com\/boutique\/gammes\/laboratoire-dr-renaud\/4-cremes-de-jour-et-de-nuit\/dr-renaud-clear-up-creme-hydratante-anti-brillance\/","url":"https:\/\/esthetiquenovani.com\/boutique\/gammes\/laboratoire-dr-renaud\/4-cremes-de-jour-et-de-nuit\/dr-renaud-clear-up-creme-hydratante-anti-brillance\/","name":"Meilleurs produits contre l'acn\u00e9 | Clear Up | Produits, Soins et\/ou Peelings","isPartOf":{"@id":"https:\/\/esthetiquenovani.com\/#website"},"primaryImageOfPage":{"@id":"https:\/\/esthetiquenovani.com\/boutique\/gammes\/laboratoire-dr-renaud\/4-cremes-de-jour-et-de-nuit\/dr-renaud-clear-up-creme-hydratante-anti-brillance\/#primaryimage"},"image":{"@id":"https:\/\/esthetiquenovani.com\/boutique\/gammes\/laboratoire-dr-renaud\/4-cremes-de-jour-et-de-nuit\/dr-renaud-clear-up-creme-hydratante-anti-brillance\/#primaryimage"},"thumbnailUrl":"https:\/\/esthetiquenovani.com\/wp-content\/uploads\/2020\/06\/10447-clearup_anti-shine_moisturizer_50ml-500x500-1.png","datePublished":"2020-03-22T22:14:27+00:00","dateModified":"2026-02-05T15:18:29+00:00","description":"La gamme Clear Up : meilleurs produits pour traiter l'acn\u00e9. Disponibles : Les soins professionnels en cabine et les peelings du m\u00eame nom.","breadcrumb":{"@id":"https:\/\/esthetiquenovani.com\/boutique\/gammes\/laboratoire-dr-renaud\/4-cremes-de-jour-et-de-nuit\/dr-renaud-clear-up-creme-hydratante-anti-brillance\/#breadcrumb"},"inLanguage":"en-US","potentialAction":[{"@type":"ReadAction","target":["https:\/\/esthetiquenovani.com\/boutique\/gammes\/laboratoire-dr-renaud\/4-cremes-de-jour-et-de-nuit\/dr-renaud-clear-up-creme-hydratante-anti-brillance\/"]}]},{"@type":"ImageObject","inLanguage":"en-US","@id":"https:\/\/esthetiquenovani.com\/boutique\/gammes\/laboratoire-dr-renaud\/4-cremes-de-jour-et-de-nuit\/dr-renaud-clear-up-creme-hydratante-anti-brillance\/#primaryimage","url":"https:\/\/esthetiquenovani.com\/wp-content\/uploads\/2020\/06\/10447-clearup_anti-shine_moisturizer_50ml-500x500-1.png","contentUrl":"https:\/\/esthetiquenovani.com\/wp-content\/uploads\/2020\/06\/10447-clearup_anti-shine_moisturizer_50ml-500x500-1.png","width":500,"height":500,"caption":"Dr Renaud \u2013 Clear Up \u2013 Cr\u00e8me Hydratante anti-brillance"},{"@type":"BreadcrumbList","@id":"https:\/\/esthetiquenovani.com\/boutique\/gammes\/laboratoire-dr-renaud\/4-cremes-de-jour-et-de-nuit\/dr-renaud-clear-up-creme-hydratante-anti-brillance\/#breadcrumb","itemListElement":[{"@type":"ListItem","position":1,"name":"Accueil","item":"https:\/\/esthetiquenovani.com\/en\/"},{"@type":"ListItem","position":2,"name":"Boutique","item":"https:\/\/esthetiquenovani.com\/boutique\/"},{"@type":"ListItem","position":3,"name":"Dr Renaud \u2013 Clear Up \u00c9TAPE 3 \u2013 Cr\u00e8me Hydratante anti-brillance"}]},{"@type":"WebSite","@id":"https:\/\/esthetiquenovani.com\/#website","url":"https:\/\/esthetiquenovani.com\/","name":"Clinique d'Esth&eacute;tique Novani","description":"Brossard, Longueil &amp; Chambly","publisher":{"@id":"https:\/\/esthetiquenovani.com\/#organization"},"potentialAction":[{"@type":"SearchAction","target":{"@type":"EntryPoint","urlTemplate":"https:\/\/esthetiquenovani.com\/?s={search_term_string}"},"query-input":{"@type":"PropertyValueSpecification","valueRequired":true,"valueName":"search_term_string"}}],"inLanguage":"en-US"},{"@type":"Organization","@id":"https:\/\/esthetiquenovani.com\/#organization","name":"Esth\u00e9tique Huguette Turcotte","url":"https:\/\/esthetiquenovani.com\/","logo":{"@type":"ImageObject","inLanguage":"en-US","@id":"https:\/\/esthetiquenovani.com\/#\/schema\/logo\/image\/","url":"https:\/\/esthetiquenovani.com\/wp-content\/uploads\/2018\/01\/qui-sommes-nous.jpg","contentUrl":"https:\/\/esthetiquenovani.com\/wp-content\/uploads\/2018\/01\/qui-sommes-nous.jpg","width":637,"height":425,"caption":"Esth\u00e9tique Huguette Turcotte"},"image":{"@id":"https:\/\/esthetiquenovani.com\/#\/schema\/logo\/image\/"},"sameAs":["https:\/\/www.facebook.com\/esthetiquehturcotte"]}]}},"_links":{"self":[{"href":"https:\/\/esthetiquenovani.com\/en\/wp-json\/wp\/v2\/product\/3312","targetHints":{"allow":["GET"]}}],"collection":[{"href":"https:\/\/esthetiquenovani.com\/en\/wp-json\/wp\/v2\/product"}],"about":[{"href":"https:\/\/esthetiquenovani.com\/en\/wp-json\/wp\/v2\/types\/product"}],"wp:featuredmedia":[{"embeddable":true,"href":"https:\/\/esthetiquenovani.com\/en\/wp-json\/wp\/v2\/media\/5008"}],"wp:attachment":[{"href":"https:\/\/esthetiquenovani.com\/en\/wp-json\/wp\/v2\/media?parent=3312"}],"wp:term":[{"taxonomy":"product_brand","embeddable":true,"href":"https:\/\/esthetiquenovani.com\/en\/wp-json\/wp\/v2\/product_brand?post=3312"},{"taxonomy":"product_cat","embeddable":true,"href":"https:\/\/esthetiquenovani.com\/en\/wp-json\/wp\/v2\/product_cat?post=3312"},{"taxonomy":"product_tag","embeddable":true,"href":"https:\/\/esthetiquenovani.com\/en\/wp-json\/wp\/v2\/product_tag?post=3312"}],"curies":[{"name":"wp","href":"https:\/\/api.w.org\/{rel}","templated":true}]}}