{"id":3320,"date":"2020-03-22T22:38:53","date_gmt":"2020-03-23T02:38:53","guid":{"rendered":"https:\/\/esthetiquenovani.com\/produit\/dr-renaud-pure-cou-decollete\/"},"modified":"2026-02-05T10:59:22","modified_gmt":"2026-02-05T15:59:22","slug":"dr-renaud-pure-cou-decollete","status":"publish","type":"product","link":"https:\/\/esthetiquenovani.com\/en\/boutique\/gammes\/laboratoire-dr-renaud\/5-cremes-contour-des-yeux\/dr-renaud-pure-cou-decollete\/","title":{"rendered":"Dr Renaud \u2013 Pure Kronoxyl-\u2788 \u2013 Cou &amp; d\u00e9collet\u00e9"},"content":{"rendered":"","protected":false},"excerpt":{"rendered":"<div>\n<ul>\n<li>Remodelage 3D du cou \u00e0 l\u2019image d\u2019un redrapage<\/li>\n<li>R\u00e9duit l\u2019apparence du double menton<\/li>\n<li>Lisse la peau et am\u00e9liore sa texture<\/li>\n<\/ul>\n<p>D\u00e9fiez les lois de la gravit\u00e9 et du temps gr\u00e2ce \u00e0 ce produit miracle qui cible sp\u00e9cifiquement les zones du cou et du d\u00e9collet\u00e9! Sa formule unique combine trois actions \u2013 lifting, fermet\u00e9 et antirides \u2013 pour une performance globale et des r\u00e9sultats exceptionnels.<\/p>\n<table class=\"table\">\n<tbody>\n<tr>\n<td>Conseils d&#8217;utilisation<\/td>\n<td>Le soir, apr\u00e8s avoir parfaitement nettoy\u00e9 la peau, appliquer une petite quantit\u00e9 du soin PURE Soin Anti-\u00e2ge Cou et D\u00e9collet\u00e9 de la pointe du menton \u00e0 la naissance des seins. Faire p\u00e9n\u00e9trer par de l\u00e9gers effleurages, toujours par des mouvements vers le bas. Appliquer ensuite la cr\u00e8me de nuit habituelle sur le visage uniquement.<\/td>\n<\/tr>\n<tr>\n<td>Format du produit<\/td>\n<td>50 ml<\/td>\n<\/tr>\n<\/tbody>\n<\/table>\n<\/div>\n<div><\/div>\n","protected":false},"featured_media":5012,"template":"","meta":{"_et_pb_use_builder":"","_et_pb_old_content":"","_et_gb_content_width":""},"product_brand":[],"product_cat":[111,112,62,69,68,61,60,54],"product_tag":[],"class_list":{"0":"post-3320","1":"product","2":"type-product","3":"status-publish","4":"has-post-thumbnail","6":"product_cat-5-cremes-contour-des-yeux","7":"product_cat-7-gamme-pure-cure-visage-anti-age-brevetee","8":"product_cat-cremes","9":"product_cat-cures-jeunesse-pure-gamme-anti-age-brevetee","10":"product_cat-laboratoire-dr-renaud","11":"product_cat-peaux-matures-et-perte-de-densite","12":"product_cat-rides-installees-et-perte-de-fermete","13":"product_cat-yeux-cou-levres-mains","15":"first","16":"instock","17":"taxable","18":"shipping-taxable","19":"purchasable","20":"product-type-simple"},"yoast_head":"<!-- This site is optimized with the Yoast SEO plugin v27.4 - https:\/\/yoast.com\/product\/yoast-seo-wordpress\/ -->\n<title>Cr\u00e8me cou et d\u00e9collet\u00e9, anti-ride|d\u00e9collet\u00e9 fripp\u00e9 - Esth\u00e9ticienne Longueuil<\/title>\n<meta name=\"description\" content=\"Meilleure cr\u00e8me raffermissante du cou et pour le d\u00e9collet\u00e9. Remodelage 3D du cou, R\u00e9duction du double-menton\u00a0et Lissage du d\u00e9collet\u00e9.\" \/>\n<meta name=\"robots\" content=\"index, follow, max-snippet:-1, max-image-preview:large, max-video-preview:-1\" \/>\n<link rel=\"canonical\" href=\"https:\/\/esthetiquenovani.com\/boutique\/gammes\/laboratoire-dr-renaud\/5-cremes-contour-des-yeux\/dr-renaud-pure-cou-decollete\/\" \/>\n<meta property=\"og:locale\" content=\"en_US\" \/>\n<meta property=\"og:type\" content=\"article\" \/>\n<meta property=\"og:title\" content=\"Cr\u00e8me cou et d\u00e9collet\u00e9, anti-ride|d\u00e9collet\u00e9 fripp\u00e9 - Esth\u00e9ticienne Longueuil\" \/>\n<meta property=\"og:description\" content=\"Meilleure cr\u00e8me raffermissante du cou et pour le d\u00e9collet\u00e9. Remodelage 3D du cou, R\u00e9duction du double-menton\u00a0et Lissage du d\u00e9collet\u00e9.\" \/>\n<meta property=\"og:url\" content=\"https:\/\/esthetiquenovani.com\/boutique\/gammes\/laboratoire-dr-renaud\/5-cremes-contour-des-yeux\/dr-renaud-pure-cou-decollete\/\" \/>\n<meta property=\"og:site_name\" content=\"Clinique d&#039;Esth&eacute;tique Novani\" \/>\n<meta property=\"article:publisher\" content=\"https:\/\/www.facebook.com\/esthetiquehturcotte\" \/>\n<meta property=\"article:modified_time\" content=\"2026-02-05T15:59:22+00:00\" \/>\n<meta property=\"og:image\" content=\"https:\/\/esthetiquenovani.com\/wp-content\/uploads\/2020\/06\/pure-cou-decollete-laboratoire-dr-renaud-500x500-1.jpg\" \/>\n\t<meta property=\"og:image:width\" content=\"500\" \/>\n\t<meta property=\"og:image:height\" content=\"500\" \/>\n\t<meta property=\"og:image:type\" content=\"image\/jpeg\" \/>\n<meta name=\"twitter:card\" content=\"summary_large_image\" \/>\n<script type=\"application\/ld+json\" class=\"yoast-schema-graph\">{\"@context\":\"https:\\\/\\\/schema.org\",\"@graph\":[{\"@type\":\"WebPage\",\"@id\":\"https:\\\/\\\/esthetiquenovani.com\\\/boutique\\\/gammes\\\/laboratoire-dr-renaud\\\/5-cremes-contour-des-yeux\\\/dr-renaud-pure-cou-decollete\\\/\",\"url\":\"https:\\\/\\\/esthetiquenovani.com\\\/boutique\\\/gammes\\\/laboratoire-dr-renaud\\\/5-cremes-contour-des-yeux\\\/dr-renaud-pure-cou-decollete\\\/\",\"name\":\"Cr\u00e8me cou et d\u00e9collet\u00e9, anti-ride|d\u00e9collet\u00e9 fripp\u00e9 - Esth\u00e9ticienne Longueuil\",\"isPartOf\":{\"@id\":\"https:\\\/\\\/esthetiquenovani.com\\\/#website\"},\"primaryImageOfPage\":{\"@id\":\"https:\\\/\\\/esthetiquenovani.com\\\/boutique\\\/gammes\\\/laboratoire-dr-renaud\\\/5-cremes-contour-des-yeux\\\/dr-renaud-pure-cou-decollete\\\/#primaryimage\"},\"image\":{\"@id\":\"https:\\\/\\\/esthetiquenovani.com\\\/boutique\\\/gammes\\\/laboratoire-dr-renaud\\\/5-cremes-contour-des-yeux\\\/dr-renaud-pure-cou-decollete\\\/#primaryimage\"},\"thumbnailUrl\":\"https:\\\/\\\/esthetiquenovani.com\\\/wp-content\\\/uploads\\\/2020\\\/06\\\/pure-cou-decollete-laboratoire-dr-renaud-500x500-1.jpg\",\"datePublished\":\"2020-03-23T02:38:53+00:00\",\"dateModified\":\"2026-02-05T15:59:22+00:00\",\"description\":\"Meilleure cr\u00e8me raffermissante du cou et pour le d\u00e9collet\u00e9. Remodelage 3D du cou, R\u00e9duction du double-menton\u00a0et Lissage du d\u00e9collet\u00e9.\",\"breadcrumb\":{\"@id\":\"https:\\\/\\\/esthetiquenovani.com\\\/boutique\\\/gammes\\\/laboratoire-dr-renaud\\\/5-cremes-contour-des-yeux\\\/dr-renaud-pure-cou-decollete\\\/#breadcrumb\"},\"inLanguage\":\"en-US\",\"potentialAction\":[{\"@type\":\"ReadAction\",\"target\":[\"https:\\\/\\\/esthetiquenovani.com\\\/boutique\\\/gammes\\\/laboratoire-dr-renaud\\\/5-cremes-contour-des-yeux\\\/dr-renaud-pure-cou-decollete\\\/\"]}]},{\"@type\":\"ImageObject\",\"inLanguage\":\"en-US\",\"@id\":\"https:\\\/\\\/esthetiquenovani.com\\\/boutique\\\/gammes\\\/laboratoire-dr-renaud\\\/5-cremes-contour-des-yeux\\\/dr-renaud-pure-cou-decollete\\\/#primaryimage\",\"url\":\"https:\\\/\\\/esthetiquenovani.com\\\/wp-content\\\/uploads\\\/2020\\\/06\\\/pure-cou-decollete-laboratoire-dr-renaud-500x500-1.jpg\",\"contentUrl\":\"https:\\\/\\\/esthetiquenovani.com\\\/wp-content\\\/uploads\\\/2020\\\/06\\\/pure-cou-decollete-laboratoire-dr-renaud-500x500-1.jpg\",\"width\":500,\"height\":500,\"caption\":\"Dr Renaud \u2013 Pure \u2013 Cou & d\u00e9collet\u00e9\"},{\"@type\":\"BreadcrumbList\",\"@id\":\"https:\\\/\\\/esthetiquenovani.com\\\/boutique\\\/gammes\\\/laboratoire-dr-renaud\\\/5-cremes-contour-des-yeux\\\/dr-renaud-pure-cou-decollete\\\/#breadcrumb\",\"itemListElement\":[{\"@type\":\"ListItem\",\"position\":1,\"name\":\"Accueil\",\"item\":\"https:\\\/\\\/esthetiquenovani.com\\\/en\\\/\"},{\"@type\":\"ListItem\",\"position\":2,\"name\":\"Boutique\",\"item\":\"https:\\\/\\\/esthetiquenovani.com\\\/boutique\\\/\"},{\"@type\":\"ListItem\",\"position\":3,\"name\":\"Dr Renaud \u2013 Pure Kronoxyl-\u2788 \u2013 Cou &amp; d\u00e9collet\u00e9\"}]},{\"@type\":\"WebSite\",\"@id\":\"https:\\\/\\\/esthetiquenovani.com\\\/#website\",\"url\":\"https:\\\/\\\/esthetiquenovani.com\\\/\",\"name\":\"Clinique d'Esth&eacute;tique Novani\",\"description\":\"Brossard, Longueil &amp; Chambly\",\"publisher\":{\"@id\":\"https:\\\/\\\/esthetiquenovani.com\\\/#organization\"},\"potentialAction\":[{\"@type\":\"SearchAction\",\"target\":{\"@type\":\"EntryPoint\",\"urlTemplate\":\"https:\\\/\\\/esthetiquenovani.com\\\/?s={search_term_string}\"},\"query-input\":{\"@type\":\"PropertyValueSpecification\",\"valueRequired\":true,\"valueName\":\"search_term_string\"}}],\"inLanguage\":\"en-US\"},{\"@type\":\"Organization\",\"@id\":\"https:\\\/\\\/esthetiquenovani.com\\\/#organization\",\"name\":\"Esth\u00e9tique Huguette Turcotte\",\"url\":\"https:\\\/\\\/esthetiquenovani.com\\\/\",\"logo\":{\"@type\":\"ImageObject\",\"inLanguage\":\"en-US\",\"@id\":\"https:\\\/\\\/esthetiquenovani.com\\\/#\\\/schema\\\/logo\\\/image\\\/\",\"url\":\"https:\\\/\\\/esthetiquenovani.com\\\/wp-content\\\/uploads\\\/2018\\\/01\\\/qui-sommes-nous.jpg\",\"contentUrl\":\"https:\\\/\\\/esthetiquenovani.com\\\/wp-content\\\/uploads\\\/2018\\\/01\\\/qui-sommes-nous.jpg\",\"width\":637,\"height\":425,\"caption\":\"Esth\u00e9tique Huguette Turcotte\"},\"image\":{\"@id\":\"https:\\\/\\\/esthetiquenovani.com\\\/#\\\/schema\\\/logo\\\/image\\\/\"},\"sameAs\":[\"https:\\\/\\\/www.facebook.com\\\/esthetiquehturcotte\"]}]}<\/script>\n<!-- \/ Yoast SEO plugin. -->","yoast_head_json":{"title":"Cr\u00e8me cou et d\u00e9collet\u00e9, anti-ride|d\u00e9collet\u00e9 fripp\u00e9 - Esth\u00e9ticienne Longueuil","description":"Meilleure cr\u00e8me raffermissante du cou et pour le d\u00e9collet\u00e9. Remodelage 3D du cou, R\u00e9duction du double-menton\u00a0et Lissage du d\u00e9collet\u00e9.","robots":{"index":"index","follow":"follow","max-snippet":"max-snippet:-1","max-image-preview":"max-image-preview:large","max-video-preview":"max-video-preview:-1"},"canonical":"https:\/\/esthetiquenovani.com\/boutique\/gammes\/laboratoire-dr-renaud\/5-cremes-contour-des-yeux\/dr-renaud-pure-cou-decollete\/","og_locale":"en_US","og_type":"article","og_title":"Cr\u00e8me cou et d\u00e9collet\u00e9, anti-ride|d\u00e9collet\u00e9 fripp\u00e9 - Esth\u00e9ticienne Longueuil","og_description":"Meilleure cr\u00e8me raffermissante du cou et pour le d\u00e9collet\u00e9. Remodelage 3D du cou, R\u00e9duction du double-menton\u00a0et Lissage du d\u00e9collet\u00e9.","og_url":"https:\/\/esthetiquenovani.com\/boutique\/gammes\/laboratoire-dr-renaud\/5-cremes-contour-des-yeux\/dr-renaud-pure-cou-decollete\/","og_site_name":"Clinique d'Esth&eacute;tique Novani","article_publisher":"https:\/\/www.facebook.com\/esthetiquehturcotte","article_modified_time":"2026-02-05T15:59:22+00:00","og_image":[{"width":500,"height":500,"url":"https:\/\/esthetiquenovani.com\/wp-content\/uploads\/2020\/06\/pure-cou-decollete-laboratoire-dr-renaud-500x500-1.jpg","type":"image\/jpeg"}],"twitter_card":"summary_large_image","schema":{"@context":"https:\/\/schema.org","@graph":[{"@type":"WebPage","@id":"https:\/\/esthetiquenovani.com\/boutique\/gammes\/laboratoire-dr-renaud\/5-cremes-contour-des-yeux\/dr-renaud-pure-cou-decollete\/","url":"https:\/\/esthetiquenovani.com\/boutique\/gammes\/laboratoire-dr-renaud\/5-cremes-contour-des-yeux\/dr-renaud-pure-cou-decollete\/","name":"Cr\u00e8me cou et d\u00e9collet\u00e9, anti-ride|d\u00e9collet\u00e9 fripp\u00e9 - Esth\u00e9ticienne Longueuil","isPartOf":{"@id":"https:\/\/esthetiquenovani.com\/#website"},"primaryImageOfPage":{"@id":"https:\/\/esthetiquenovani.com\/boutique\/gammes\/laboratoire-dr-renaud\/5-cremes-contour-des-yeux\/dr-renaud-pure-cou-decollete\/#primaryimage"},"image":{"@id":"https:\/\/esthetiquenovani.com\/boutique\/gammes\/laboratoire-dr-renaud\/5-cremes-contour-des-yeux\/dr-renaud-pure-cou-decollete\/#primaryimage"},"thumbnailUrl":"https:\/\/esthetiquenovani.com\/wp-content\/uploads\/2020\/06\/pure-cou-decollete-laboratoire-dr-renaud-500x500-1.jpg","datePublished":"2020-03-23T02:38:53+00:00","dateModified":"2026-02-05T15:59:22+00:00","description":"Meilleure cr\u00e8me raffermissante du cou et pour le d\u00e9collet\u00e9. Remodelage 3D du cou, R\u00e9duction du double-menton\u00a0et Lissage du d\u00e9collet\u00e9.","breadcrumb":{"@id":"https:\/\/esthetiquenovani.com\/boutique\/gammes\/laboratoire-dr-renaud\/5-cremes-contour-des-yeux\/dr-renaud-pure-cou-decollete\/#breadcrumb"},"inLanguage":"en-US","potentialAction":[{"@type":"ReadAction","target":["https:\/\/esthetiquenovani.com\/boutique\/gammes\/laboratoire-dr-renaud\/5-cremes-contour-des-yeux\/dr-renaud-pure-cou-decollete\/"]}]},{"@type":"ImageObject","inLanguage":"en-US","@id":"https:\/\/esthetiquenovani.com\/boutique\/gammes\/laboratoire-dr-renaud\/5-cremes-contour-des-yeux\/dr-renaud-pure-cou-decollete\/#primaryimage","url":"https:\/\/esthetiquenovani.com\/wp-content\/uploads\/2020\/06\/pure-cou-decollete-laboratoire-dr-renaud-500x500-1.jpg","contentUrl":"https:\/\/esthetiquenovani.com\/wp-content\/uploads\/2020\/06\/pure-cou-decollete-laboratoire-dr-renaud-500x500-1.jpg","width":500,"height":500,"caption":"Dr Renaud \u2013 Pure \u2013 Cou & d\u00e9collet\u00e9"},{"@type":"BreadcrumbList","@id":"https:\/\/esthetiquenovani.com\/boutique\/gammes\/laboratoire-dr-renaud\/5-cremes-contour-des-yeux\/dr-renaud-pure-cou-decollete\/#breadcrumb","itemListElement":[{"@type":"ListItem","position":1,"name":"Accueil","item":"https:\/\/esthetiquenovani.com\/en\/"},{"@type":"ListItem","position":2,"name":"Boutique","item":"https:\/\/esthetiquenovani.com\/boutique\/"},{"@type":"ListItem","position":3,"name":"Dr Renaud \u2013 Pure Kronoxyl-\u2788 \u2013 Cou &amp; d\u00e9collet\u00e9"}]},{"@type":"WebSite","@id":"https:\/\/esthetiquenovani.com\/#website","url":"https:\/\/esthetiquenovani.com\/","name":"Clinique d'Esth&eacute;tique Novani","description":"Brossard, Longueil &amp; Chambly","publisher":{"@id":"https:\/\/esthetiquenovani.com\/#organization"},"potentialAction":[{"@type":"SearchAction","target":{"@type":"EntryPoint","urlTemplate":"https:\/\/esthetiquenovani.com\/?s={search_term_string}"},"query-input":{"@type":"PropertyValueSpecification","valueRequired":true,"valueName":"search_term_string"}}],"inLanguage":"en-US"},{"@type":"Organization","@id":"https:\/\/esthetiquenovani.com\/#organization","name":"Esth\u00e9tique Huguette Turcotte","url":"https:\/\/esthetiquenovani.com\/","logo":{"@type":"ImageObject","inLanguage":"en-US","@id":"https:\/\/esthetiquenovani.com\/#\/schema\/logo\/image\/","url":"https:\/\/esthetiquenovani.com\/wp-content\/uploads\/2018\/01\/qui-sommes-nous.jpg","contentUrl":"https:\/\/esthetiquenovani.com\/wp-content\/uploads\/2018\/01\/qui-sommes-nous.jpg","width":637,"height":425,"caption":"Esth\u00e9tique Huguette Turcotte"},"image":{"@id":"https:\/\/esthetiquenovani.com\/#\/schema\/logo\/image\/"},"sameAs":["https:\/\/www.facebook.com\/esthetiquehturcotte"]}]}},"_links":{"self":[{"href":"https:\/\/esthetiquenovani.com\/en\/wp-json\/wp\/v2\/product\/3320","targetHints":{"allow":["GET"]}}],"collection":[{"href":"https:\/\/esthetiquenovani.com\/en\/wp-json\/wp\/v2\/product"}],"about":[{"href":"https:\/\/esthetiquenovani.com\/en\/wp-json\/wp\/v2\/types\/product"}],"wp:featuredmedia":[{"embeddable":true,"href":"https:\/\/esthetiquenovani.com\/en\/wp-json\/wp\/v2\/media\/5012"}],"wp:attachment":[{"href":"https:\/\/esthetiquenovani.com\/en\/wp-json\/wp\/v2\/media?parent=3320"}],"wp:term":[{"taxonomy":"product_brand","embeddable":true,"href":"https:\/\/esthetiquenovani.com\/en\/wp-json\/wp\/v2\/product_brand?post=3320"},{"taxonomy":"product_cat","embeddable":true,"href":"https:\/\/esthetiquenovani.com\/en\/wp-json\/wp\/v2\/product_cat?post=3320"},{"taxonomy":"product_tag","embeddable":true,"href":"https:\/\/esthetiquenovani.com\/en\/wp-json\/wp\/v2\/product_tag?post=3320"}],"curies":[{"name":"wp","href":"https:\/\/api.w.org\/{rel}","templated":true}]}}