{"id":3322,"date":"2020-03-22T22:41:17","date_gmt":"2020-03-22T22:41:17","guid":{"rendered":"https:\/\/esthetiquenovani.com\/produit\/dr-renaud-pure-kronoxyl-%e2%9e%88-patches-contour-des-yeux\/"},"modified":"2026-02-05T10:59:02","modified_gmt":"2026-02-05T15:59:02","slug":"dr-renaud-pure-kronoxyl-%e2%9e%88-patches-contour-des-yeux","status":"publish","type":"product","link":"https:\/\/esthetiquenovani.com\/en\/boutique\/gammes\/laboratoire-dr-renaud\/5-cremes-contour-des-yeux\/dr-renaud-pure-kronoxyl-%e2%9e%88-patches-contour-des-yeux\/","title":{"rendered":"Dr Renaud \u2013 Pure Kronoxyl-\u2788 \u2013 Patches contour des yeux"},"content":{"rendered":"","protected":false},"excerpt":{"rendered":"<div><span style=\"font-family: Verdana\">Coup de coeur de l&#8217;\u00e9quipe et en promotion \u00e0 15 % de rabais exclusivement chez Esth\u00e9tique Turcotte.\u00a0 Les patches Jeunesse du Regard Pure, favorisent l\u2019obtention d\u2019un regard \u00e9clatant et rajeuni en 15 minutes gr\u00e2ce \u00e0 une formule riche en pro-R\u00e9tinol, Aloe vera et Vitamine K qui repulpe les traits et procure un effet \u00ab lifting \u00bb imm\u00e9diat. Elles att\u00e9nuent visiblement les rides et ridules, lissent, raffermissent et hydratent la peau tout en estompant les signes de fatigue.<\/span><\/div>\n<div><span style=\"font-family: Verdana\">\u00a0<\/span><\/div>\n<div><span style=\"font-family: Verdana\"><b>Conseils d&#8217;utilisation:<\/b><\/span><\/div>\n<div><span style=\"font-family: Verdana\">Patches Pure Contour des yeux \u2013 \u00e0 utiliser 1 fois par semaine. Sur une peau bien d\u00e9maquill\u00e9e, appliquer les patches sous les yeux en pressant l\u00e9g\u00e8rement, du coin interne au coin externe. Apr\u00e8s 15 \u00e0 20 minutes, retirer d\u00e9licatement les patches et constater une peau plus lisse et raffermie, un regard visiblement plus jeune !<\/span><\/div>\n<div><span style=\"font-family: Verdana\">\u00a0<\/span><\/div>\n<div><span style=\"font-family: Verdana\"><i>Contient 4 paires de patches.<\/i><\/span><\/div>\n","protected":false},"featured_media":5013,"template":"","meta":{"_et_pb_use_builder":"","_et_pb_old_content":"","_et_gb_content_width":""},"product_brand":[],"product_cat":[111,112,69,68,61,71,60,54],"product_tag":[],"class_list":{"0":"post-3322","1":"product","2":"type-product","3":"status-publish","4":"has-post-thumbnail","6":"product_cat-5-cremes-contour-des-yeux","7":"product_cat-7-gamme-pure-cure-visage-anti-age-brevetee","8":"product_cat-cures-jeunesse-pure-gamme-anti-age-brevetee","9":"product_cat-laboratoire-dr-renaud","10":"product_cat-peaux-matures-et-perte-de-densite","11":"product_cat-promotions","12":"product_cat-rides-installees-et-perte-de-fermete","13":"product_cat-yeux-cou-levres-mains","15":"first","16":"instock","17":"taxable","18":"shipping-taxable","19":"purchasable","20":"product-type-simple"},"yoast_head":"<!-- This site is optimized with the Yoast SEO plugin v27.4 - https:\/\/yoast.com\/product\/yoast-seo-wordpress\/ -->\n<title>Patchs contour des yeux anti-fatigue - hydrate et lifte - Longueuil<\/title>\n<meta name=\"description\" content=\"patchs contour des yeux att\u00e9nuent rides et ridules, lissent, raffermissent et hydratent la peau tout en estompant les signes de fatigue.\" \/>\n<meta name=\"robots\" content=\"index, follow, max-snippet:-1, max-image-preview:large, max-video-preview:-1\" \/>\n<link rel=\"canonical\" href=\"https:\/\/esthetiquenovani.com\/boutique\/gammes\/laboratoire-dr-renaud\/5-cremes-contour-des-yeux\/dr-renaud-pure-kronoxyl-\u2788-patches-contour-des-yeux\/\" \/>\n<meta property=\"og:locale\" content=\"en_US\" \/>\n<meta property=\"og:type\" content=\"article\" \/>\n<meta property=\"og:title\" content=\"Patchs contour des yeux anti-fatigue - hydrate et lifte - Longueuil\" \/>\n<meta property=\"og:description\" content=\"patchs contour des yeux att\u00e9nuent rides et ridules, lissent, raffermissent et hydratent la peau tout en estompant les signes de fatigue.\" \/>\n<meta property=\"og:url\" content=\"https:\/\/esthetiquenovani.com\/boutique\/gammes\/laboratoire-dr-renaud\/5-cremes-contour-des-yeux\/dr-renaud-pure-kronoxyl-\u2788-patches-contour-des-yeux\/\" \/>\n<meta property=\"og:site_name\" content=\"Clinique d&#039;Esth&eacute;tique Novani\" \/>\n<meta property=\"article:publisher\" content=\"https:\/\/www.facebook.com\/esthetiquehturcotte\" \/>\n<meta property=\"article:modified_time\" content=\"2026-02-05T15:59:02+00:00\" \/>\n<meta property=\"og:image\" content=\"https:\/\/esthetiquenovani.com\/wp-content\/uploads\/2020\/06\/50105540-eyepatchpure_main-1000x1000-1.png\" \/>\n\t<meta property=\"og:image:width\" content=\"1000\" \/>\n\t<meta property=\"og:image:height\" content=\"1000\" \/>\n\t<meta property=\"og:image:type\" content=\"image\/png\" \/>\n<meta name=\"twitter:card\" content=\"summary_large_image\" \/>\n<script type=\"application\/ld+json\" class=\"yoast-schema-graph\">{\"@context\":\"https:\\\/\\\/schema.org\",\"@graph\":[{\"@type\":\"WebPage\",\"@id\":\"https:\\\/\\\/esthetiquenovani.com\\\/boutique\\\/gammes\\\/laboratoire-dr-renaud\\\/5-cremes-contour-des-yeux\\\/dr-renaud-pure-kronoxyl-%e2%9e%88-patches-contour-des-yeux\\\/\",\"url\":\"https:\\\/\\\/esthetiquenovani.com\\\/boutique\\\/gammes\\\/laboratoire-dr-renaud\\\/5-cremes-contour-des-yeux\\\/dr-renaud-pure-kronoxyl-%e2%9e%88-patches-contour-des-yeux\\\/\",\"name\":\"Patchs contour des yeux anti-fatigue - hydrate et lifte - Longueuil\",\"isPartOf\":{\"@id\":\"https:\\\/\\\/esthetiquenovani.com\\\/#website\"},\"primaryImageOfPage\":{\"@id\":\"https:\\\/\\\/esthetiquenovani.com\\\/boutique\\\/gammes\\\/laboratoire-dr-renaud\\\/5-cremes-contour-des-yeux\\\/dr-renaud-pure-kronoxyl-%e2%9e%88-patches-contour-des-yeux\\\/#primaryimage\"},\"image\":{\"@id\":\"https:\\\/\\\/esthetiquenovani.com\\\/boutique\\\/gammes\\\/laboratoire-dr-renaud\\\/5-cremes-contour-des-yeux\\\/dr-renaud-pure-kronoxyl-%e2%9e%88-patches-contour-des-yeux\\\/#primaryimage\"},\"thumbnailUrl\":\"https:\\\/\\\/esthetiquenovani.com\\\/wp-content\\\/uploads\\\/2020\\\/06\\\/50105540-eyepatchpure_main-1000x1000-1.png\",\"datePublished\":\"2020-03-22T22:41:17+00:00\",\"dateModified\":\"2026-02-05T15:59:02+00:00\",\"description\":\"patchs contour des yeux att\u00e9nuent rides et ridules, lissent, raffermissent et hydratent la peau tout en estompant les signes de fatigue.\",\"breadcrumb\":{\"@id\":\"https:\\\/\\\/esthetiquenovani.com\\\/boutique\\\/gammes\\\/laboratoire-dr-renaud\\\/5-cremes-contour-des-yeux\\\/dr-renaud-pure-kronoxyl-%e2%9e%88-patches-contour-des-yeux\\\/#breadcrumb\"},\"inLanguage\":\"en-US\",\"potentialAction\":[{\"@type\":\"ReadAction\",\"target\":[\"https:\\\/\\\/esthetiquenovani.com\\\/boutique\\\/gammes\\\/laboratoire-dr-renaud\\\/5-cremes-contour-des-yeux\\\/dr-renaud-pure-kronoxyl-%e2%9e%88-patches-contour-des-yeux\\\/\"]}]},{\"@type\":\"ImageObject\",\"inLanguage\":\"en-US\",\"@id\":\"https:\\\/\\\/esthetiquenovani.com\\\/boutique\\\/gammes\\\/laboratoire-dr-renaud\\\/5-cremes-contour-des-yeux\\\/dr-renaud-pure-kronoxyl-%e2%9e%88-patches-contour-des-yeux\\\/#primaryimage\",\"url\":\"https:\\\/\\\/esthetiquenovani.com\\\/wp-content\\\/uploads\\\/2020\\\/06\\\/50105540-eyepatchpure_main-1000x1000-1.png\",\"contentUrl\":\"https:\\\/\\\/esthetiquenovani.com\\\/wp-content\\\/uploads\\\/2020\\\/06\\\/50105540-eyepatchpure_main-1000x1000-1.png\",\"width\":1000,\"height\":1000,\"caption\":\"Dr Renaud \u2013 Pure Kronoxyl-\u2788 \u2013 Patches contour des yeux\"},{\"@type\":\"BreadcrumbList\",\"@id\":\"https:\\\/\\\/esthetiquenovani.com\\\/boutique\\\/gammes\\\/laboratoire-dr-renaud\\\/5-cremes-contour-des-yeux\\\/dr-renaud-pure-kronoxyl-%e2%9e%88-patches-contour-des-yeux\\\/#breadcrumb\",\"itemListElement\":[{\"@type\":\"ListItem\",\"position\":1,\"name\":\"Accueil\",\"item\":\"https:\\\/\\\/esthetiquenovani.com\\\/en\\\/\"},{\"@type\":\"ListItem\",\"position\":2,\"name\":\"Boutique\",\"item\":\"https:\\\/\\\/esthetiquenovani.com\\\/boutique\\\/\"},{\"@type\":\"ListItem\",\"position\":3,\"name\":\"Dr Renaud \u2013 Pure Kronoxyl-\u2788 \u2013 Patches contour des yeux\"}]},{\"@type\":\"WebSite\",\"@id\":\"https:\\\/\\\/esthetiquenovani.com\\\/#website\",\"url\":\"https:\\\/\\\/esthetiquenovani.com\\\/\",\"name\":\"Clinique d'Esth&eacute;tique Novani\",\"description\":\"Brossard, Longueil &amp; Chambly\",\"publisher\":{\"@id\":\"https:\\\/\\\/esthetiquenovani.com\\\/#organization\"},\"potentialAction\":[{\"@type\":\"SearchAction\",\"target\":{\"@type\":\"EntryPoint\",\"urlTemplate\":\"https:\\\/\\\/esthetiquenovani.com\\\/?s={search_term_string}\"},\"query-input\":{\"@type\":\"PropertyValueSpecification\",\"valueRequired\":true,\"valueName\":\"search_term_string\"}}],\"inLanguage\":\"en-US\"},{\"@type\":\"Organization\",\"@id\":\"https:\\\/\\\/esthetiquenovani.com\\\/#organization\",\"name\":\"Esth\u00e9tique Huguette Turcotte\",\"url\":\"https:\\\/\\\/esthetiquenovani.com\\\/\",\"logo\":{\"@type\":\"ImageObject\",\"inLanguage\":\"en-US\",\"@id\":\"https:\\\/\\\/esthetiquenovani.com\\\/#\\\/schema\\\/logo\\\/image\\\/\",\"url\":\"https:\\\/\\\/esthetiquenovani.com\\\/wp-content\\\/uploads\\\/2018\\\/01\\\/qui-sommes-nous.jpg\",\"contentUrl\":\"https:\\\/\\\/esthetiquenovani.com\\\/wp-content\\\/uploads\\\/2018\\\/01\\\/qui-sommes-nous.jpg\",\"width\":637,\"height\":425,\"caption\":\"Esth\u00e9tique Huguette Turcotte\"},\"image\":{\"@id\":\"https:\\\/\\\/esthetiquenovani.com\\\/#\\\/schema\\\/logo\\\/image\\\/\"},\"sameAs\":[\"https:\\\/\\\/www.facebook.com\\\/esthetiquehturcotte\"]}]}<\/script>\n<!-- \/ Yoast SEO plugin. -->","yoast_head_json":{"title":"Patchs contour des yeux anti-fatigue - hydrate et lifte - Longueuil","description":"patchs contour des yeux att\u00e9nuent rides et ridules, lissent, raffermissent et hydratent la peau tout en estompant les signes de fatigue.","robots":{"index":"index","follow":"follow","max-snippet":"max-snippet:-1","max-image-preview":"max-image-preview:large","max-video-preview":"max-video-preview:-1"},"canonical":"https:\/\/esthetiquenovani.com\/boutique\/gammes\/laboratoire-dr-renaud\/5-cremes-contour-des-yeux\/dr-renaud-pure-kronoxyl-\u2788-patches-contour-des-yeux\/","og_locale":"en_US","og_type":"article","og_title":"Patchs contour des yeux anti-fatigue - hydrate et lifte - Longueuil","og_description":"patchs contour des yeux att\u00e9nuent rides et ridules, lissent, raffermissent et hydratent la peau tout en estompant les signes de fatigue.","og_url":"https:\/\/esthetiquenovani.com\/boutique\/gammes\/laboratoire-dr-renaud\/5-cremes-contour-des-yeux\/dr-renaud-pure-kronoxyl-\u2788-patches-contour-des-yeux\/","og_site_name":"Clinique d'Esth&eacute;tique Novani","article_publisher":"https:\/\/www.facebook.com\/esthetiquehturcotte","article_modified_time":"2026-02-05T15:59:02+00:00","og_image":[{"width":1000,"height":1000,"url":"https:\/\/esthetiquenovani.com\/wp-content\/uploads\/2020\/06\/50105540-eyepatchpure_main-1000x1000-1.png","type":"image\/png"}],"twitter_card":"summary_large_image","schema":{"@context":"https:\/\/schema.org","@graph":[{"@type":"WebPage","@id":"https:\/\/esthetiquenovani.com\/boutique\/gammes\/laboratoire-dr-renaud\/5-cremes-contour-des-yeux\/dr-renaud-pure-kronoxyl-%e2%9e%88-patches-contour-des-yeux\/","url":"https:\/\/esthetiquenovani.com\/boutique\/gammes\/laboratoire-dr-renaud\/5-cremes-contour-des-yeux\/dr-renaud-pure-kronoxyl-%e2%9e%88-patches-contour-des-yeux\/","name":"Patchs contour des yeux anti-fatigue - hydrate et lifte - Longueuil","isPartOf":{"@id":"https:\/\/esthetiquenovani.com\/#website"},"primaryImageOfPage":{"@id":"https:\/\/esthetiquenovani.com\/boutique\/gammes\/laboratoire-dr-renaud\/5-cremes-contour-des-yeux\/dr-renaud-pure-kronoxyl-%e2%9e%88-patches-contour-des-yeux\/#primaryimage"},"image":{"@id":"https:\/\/esthetiquenovani.com\/boutique\/gammes\/laboratoire-dr-renaud\/5-cremes-contour-des-yeux\/dr-renaud-pure-kronoxyl-%e2%9e%88-patches-contour-des-yeux\/#primaryimage"},"thumbnailUrl":"https:\/\/esthetiquenovani.com\/wp-content\/uploads\/2020\/06\/50105540-eyepatchpure_main-1000x1000-1.png","datePublished":"2020-03-22T22:41:17+00:00","dateModified":"2026-02-05T15:59:02+00:00","description":"patchs contour des yeux att\u00e9nuent rides et ridules, lissent, raffermissent et hydratent la peau tout en estompant les signes de fatigue.","breadcrumb":{"@id":"https:\/\/esthetiquenovani.com\/boutique\/gammes\/laboratoire-dr-renaud\/5-cremes-contour-des-yeux\/dr-renaud-pure-kronoxyl-%e2%9e%88-patches-contour-des-yeux\/#breadcrumb"},"inLanguage":"en-US","potentialAction":[{"@type":"ReadAction","target":["https:\/\/esthetiquenovani.com\/boutique\/gammes\/laboratoire-dr-renaud\/5-cremes-contour-des-yeux\/dr-renaud-pure-kronoxyl-%e2%9e%88-patches-contour-des-yeux\/"]}]},{"@type":"ImageObject","inLanguage":"en-US","@id":"https:\/\/esthetiquenovani.com\/boutique\/gammes\/laboratoire-dr-renaud\/5-cremes-contour-des-yeux\/dr-renaud-pure-kronoxyl-%e2%9e%88-patches-contour-des-yeux\/#primaryimage","url":"https:\/\/esthetiquenovani.com\/wp-content\/uploads\/2020\/06\/50105540-eyepatchpure_main-1000x1000-1.png","contentUrl":"https:\/\/esthetiquenovani.com\/wp-content\/uploads\/2020\/06\/50105540-eyepatchpure_main-1000x1000-1.png","width":1000,"height":1000,"caption":"Dr Renaud \u2013 Pure Kronoxyl-\u2788 \u2013 Patches contour des yeux"},{"@type":"BreadcrumbList","@id":"https:\/\/esthetiquenovani.com\/boutique\/gammes\/laboratoire-dr-renaud\/5-cremes-contour-des-yeux\/dr-renaud-pure-kronoxyl-%e2%9e%88-patches-contour-des-yeux\/#breadcrumb","itemListElement":[{"@type":"ListItem","position":1,"name":"Accueil","item":"https:\/\/esthetiquenovani.com\/en\/"},{"@type":"ListItem","position":2,"name":"Boutique","item":"https:\/\/esthetiquenovani.com\/boutique\/"},{"@type":"ListItem","position":3,"name":"Dr Renaud \u2013 Pure Kronoxyl-\u2788 \u2013 Patches contour des yeux"}]},{"@type":"WebSite","@id":"https:\/\/esthetiquenovani.com\/#website","url":"https:\/\/esthetiquenovani.com\/","name":"Clinique d'Esth&eacute;tique Novani","description":"Brossard, Longueil &amp; Chambly","publisher":{"@id":"https:\/\/esthetiquenovani.com\/#organization"},"potentialAction":[{"@type":"SearchAction","target":{"@type":"EntryPoint","urlTemplate":"https:\/\/esthetiquenovani.com\/?s={search_term_string}"},"query-input":{"@type":"PropertyValueSpecification","valueRequired":true,"valueName":"search_term_string"}}],"inLanguage":"en-US"},{"@type":"Organization","@id":"https:\/\/esthetiquenovani.com\/#organization","name":"Esth\u00e9tique Huguette Turcotte","url":"https:\/\/esthetiquenovani.com\/","logo":{"@type":"ImageObject","inLanguage":"en-US","@id":"https:\/\/esthetiquenovani.com\/#\/schema\/logo\/image\/","url":"https:\/\/esthetiquenovani.com\/wp-content\/uploads\/2018\/01\/qui-sommes-nous.jpg","contentUrl":"https:\/\/esthetiquenovani.com\/wp-content\/uploads\/2018\/01\/qui-sommes-nous.jpg","width":637,"height":425,"caption":"Esth\u00e9tique Huguette Turcotte"},"image":{"@id":"https:\/\/esthetiquenovani.com\/#\/schema\/logo\/image\/"},"sameAs":["https:\/\/www.facebook.com\/esthetiquehturcotte"]}]}},"_links":{"self":[{"href":"https:\/\/esthetiquenovani.com\/en\/wp-json\/wp\/v2\/product\/3322","targetHints":{"allow":["GET"]}}],"collection":[{"href":"https:\/\/esthetiquenovani.com\/en\/wp-json\/wp\/v2\/product"}],"about":[{"href":"https:\/\/esthetiquenovani.com\/en\/wp-json\/wp\/v2\/types\/product"}],"wp:featuredmedia":[{"embeddable":true,"href":"https:\/\/esthetiquenovani.com\/en\/wp-json\/wp\/v2\/media\/5013"}],"wp:attachment":[{"href":"https:\/\/esthetiquenovani.com\/en\/wp-json\/wp\/v2\/media?parent=3322"}],"wp:term":[{"taxonomy":"product_brand","embeddable":true,"href":"https:\/\/esthetiquenovani.com\/en\/wp-json\/wp\/v2\/product_brand?post=3322"},{"taxonomy":"product_cat","embeddable":true,"href":"https:\/\/esthetiquenovani.com\/en\/wp-json\/wp\/v2\/product_cat?post=3322"},{"taxonomy":"product_tag","embeddable":true,"href":"https:\/\/esthetiquenovani.com\/en\/wp-json\/wp\/v2\/product_tag?post=3322"}],"curies":[{"name":"wp","href":"https:\/\/api.w.org\/{rel}","templated":true}]}}