{"id":3328,"date":"2020-03-22T22:50:26","date_gmt":"2020-03-23T02:50:26","guid":{"rendered":"https:\/\/esthetiquenovani.com\/produit\/creme-contour-des-yeux\/"},"modified":"2026-02-05T10:58:17","modified_gmt":"2026-02-05T15:58:17","slug":"creme-contour-des-yeux","status":"publish","type":"product","link":"https:\/\/esthetiquenovani.com\/en\/boutique\/gammes\/laboratoire-dr-renaud\/5-cremes-contour-des-yeux\/creme-contour-des-yeux\/","title":{"rendered":"Dr Renaud &#8211; Cr\u00e8me Contour Des Yeux"},"content":{"rendered":"","protected":false},"excerpt":{"rendered":"<div class=\"products-description\">\n<p>Soin correcteur global anti-fatigue et antirides, haute-tol\u00e9rance et ultradoux pour un regard visiblement plus jeune.<\/p>\n<ul>\n<li>lisse les rides et les ridules de la patte d\u2019oie<\/li>\n<li>restructure et raffermit le contour de l\u2019\u0153il<\/li>\n<li>att\u00e9nue les poches<\/li>\n<li>hydrate et nourrit intens\u00e9ment le contour de l\u2019\u0153il<\/li>\n<li>d\u00e9froisse le contour de l\u2019\u0153il et efface les marques de fatigue<\/li>\n<\/ul>\n<\/div>\n<p><a class=\"directions-use-link toggle is-opened\" href=\"http:\/\/www.ldrenaud.com\/fr\/produits\/creme-contour-des-yeux\/78#\">Conseils d\u2019utilisation<\/a><\/p>\n<div class=\"directions-use-content visible\">\n<p>Le soir, sur une peau parfaitement nettoy\u00e9e, appliquer de 1 \u00e0 2 coups de pompe de la Cr\u00e8me Contour des yeux sur le bout du doigt et tapoter l\u00e9g\u00e8rement la patte d\u2019oie et la partie inf\u00e9rieure du contour des 2 yeux. \u00c9viter de frotter ou d\u2019\u00e9tirer la peau.<\/p>\n<p>15ml<\/p>\n<\/div>\n","protected":false},"featured_media":224085,"template":"","meta":{"_et_pb_use_builder":"","_et_pb_old_content":"","_et_gb_content_width":""},"product_brand":[],"product_cat":[111,68,54],"product_tag":[],"class_list":{"0":"post-3328","1":"product","2":"type-product","3":"status-publish","4":"has-post-thumbnail","6":"product_cat-5-cremes-contour-des-yeux","7":"product_cat-laboratoire-dr-renaud","8":"product_cat-yeux-cou-levres-mains","10":"first","11":"instock","12":"taxable","13":"shipping-taxable","14":"purchasable","15":"product-type-simple"},"yoast_head":"<!-- This site is optimized with the Yoast SEO plugin v27.4 - https:\/\/yoast.com\/product\/yoast-seo-wordpress\/ -->\n<title>Cr\u00e8me contour des yeux pattes d&#039;oie<\/title>\n<meta name=\"description\" content=\"Cr\u00e8me contour des yeux qui lisse rides et ridules des pattes d\u2019oie, att\u00e9nue les poches, hydrate et nourrit intens\u00e9ment le contour de l\u2019\u0153il\" \/>\n<meta name=\"robots\" content=\"index, follow, max-snippet:-1, max-image-preview:large, max-video-preview:-1\" \/>\n<link rel=\"canonical\" href=\"https:\/\/esthetiquenovani.com\/boutique\/gammes\/laboratoire-dr-renaud\/5-cremes-contour-des-yeux\/creme-contour-des-yeux\/\" \/>\n<meta property=\"og:locale\" content=\"en_US\" \/>\n<meta property=\"og:type\" content=\"article\" \/>\n<meta property=\"og:title\" content=\"Cr\u00e8me contour des yeux pattes d&#039;oie\" \/>\n<meta property=\"og:description\" content=\"Cr\u00e8me contour des yeux qui lisse rides et ridules des pattes d\u2019oie, att\u00e9nue les poches, hydrate et nourrit intens\u00e9ment le contour de l\u2019\u0153il\" \/>\n<meta property=\"og:url\" content=\"https:\/\/esthetiquenovani.com\/boutique\/gammes\/laboratoire-dr-renaud\/5-cremes-contour-des-yeux\/creme-contour-des-yeux\/\" \/>\n<meta property=\"og:site_name\" content=\"Clinique d&#039;Esth&eacute;tique Novani\" \/>\n<meta property=\"article:publisher\" content=\"https:\/\/www.facebook.com\/esthetiquehturcotte\" \/>\n<meta property=\"article:modified_time\" content=\"2026-02-05T15:58:17+00:00\" \/>\n<meta property=\"og:image\" content=\"https:\/\/esthetiquenovani.com\/wp-content\/uploads\/2020\/03\/CremeContourDesYeux.webp\" \/>\n\t<meta property=\"og:image:width\" content=\"590\" \/>\n\t<meta property=\"og:image:height\" content=\"590\" \/>\n\t<meta property=\"og:image:type\" content=\"image\/webp\" \/>\n<meta name=\"twitter:card\" content=\"summary_large_image\" \/>\n<script type=\"application\/ld+json\" class=\"yoast-schema-graph\">{\"@context\":\"https:\\\/\\\/schema.org\",\"@graph\":[{\"@type\":\"WebPage\",\"@id\":\"https:\\\/\\\/esthetiquenovani.com\\\/boutique\\\/gammes\\\/laboratoire-dr-renaud\\\/5-cremes-contour-des-yeux\\\/creme-contour-des-yeux\\\/\",\"url\":\"https:\\\/\\\/esthetiquenovani.com\\\/boutique\\\/gammes\\\/laboratoire-dr-renaud\\\/5-cremes-contour-des-yeux\\\/creme-contour-des-yeux\\\/\",\"name\":\"Cr\u00e8me contour des yeux pattes d'oie\",\"isPartOf\":{\"@id\":\"https:\\\/\\\/esthetiquenovani.com\\\/#website\"},\"primaryImageOfPage\":{\"@id\":\"https:\\\/\\\/esthetiquenovani.com\\\/boutique\\\/gammes\\\/laboratoire-dr-renaud\\\/5-cremes-contour-des-yeux\\\/creme-contour-des-yeux\\\/#primaryimage\"},\"image\":{\"@id\":\"https:\\\/\\\/esthetiquenovani.com\\\/boutique\\\/gammes\\\/laboratoire-dr-renaud\\\/5-cremes-contour-des-yeux\\\/creme-contour-des-yeux\\\/#primaryimage\"},\"thumbnailUrl\":\"https:\\\/\\\/esthetiquenovani.com\\\/wp-content\\\/uploads\\\/2020\\\/03\\\/CremeContourDesYeux.webp\",\"datePublished\":\"2020-03-23T02:50:26+00:00\",\"dateModified\":\"2026-02-05T15:58:17+00:00\",\"description\":\"Cr\u00e8me contour des yeux qui lisse rides et ridules des pattes d\u2019oie, att\u00e9nue les poches, hydrate et nourrit intens\u00e9ment le contour de l\u2019\u0153il\",\"breadcrumb\":{\"@id\":\"https:\\\/\\\/esthetiquenovani.com\\\/boutique\\\/gammes\\\/laboratoire-dr-renaud\\\/5-cremes-contour-des-yeux\\\/creme-contour-des-yeux\\\/#breadcrumb\"},\"inLanguage\":\"en-US\",\"potentialAction\":[{\"@type\":\"ReadAction\",\"target\":[\"https:\\\/\\\/esthetiquenovani.com\\\/boutique\\\/gammes\\\/laboratoire-dr-renaud\\\/5-cremes-contour-des-yeux\\\/creme-contour-des-yeux\\\/\"]}]},{\"@type\":\"ImageObject\",\"inLanguage\":\"en-US\",\"@id\":\"https:\\\/\\\/esthetiquenovani.com\\\/boutique\\\/gammes\\\/laboratoire-dr-renaud\\\/5-cremes-contour-des-yeux\\\/creme-contour-des-yeux\\\/#primaryimage\",\"url\":\"https:\\\/\\\/esthetiquenovani.com\\\/wp-content\\\/uploads\\\/2020\\\/03\\\/CremeContourDesYeux.webp\",\"contentUrl\":\"https:\\\/\\\/esthetiquenovani.com\\\/wp-content\\\/uploads\\\/2020\\\/03\\\/CremeContourDesYeux.webp\",\"width\":590,\"height\":590,\"caption\":\"Cr\u00e8me Contour Des Yeux - Laboratoire Dr Renaud - Esth\u00e9ticienne Longueuil\"},{\"@type\":\"BreadcrumbList\",\"@id\":\"https:\\\/\\\/esthetiquenovani.com\\\/boutique\\\/gammes\\\/laboratoire-dr-renaud\\\/5-cremes-contour-des-yeux\\\/creme-contour-des-yeux\\\/#breadcrumb\",\"itemListElement\":[{\"@type\":\"ListItem\",\"position\":1,\"name\":\"Accueil\",\"item\":\"https:\\\/\\\/esthetiquenovani.com\\\/en\\\/\"},{\"@type\":\"ListItem\",\"position\":2,\"name\":\"Boutique\",\"item\":\"https:\\\/\\\/esthetiquenovani.com\\\/boutique\\\/\"},{\"@type\":\"ListItem\",\"position\":3,\"name\":\"Dr Renaud &#8211; Cr\u00e8me Contour Des Yeux\"}]},{\"@type\":\"WebSite\",\"@id\":\"https:\\\/\\\/esthetiquenovani.com\\\/#website\",\"url\":\"https:\\\/\\\/esthetiquenovani.com\\\/\",\"name\":\"Clinique d'Esth&eacute;tique Novani\",\"description\":\"Brossard, Longueil &amp; Chambly\",\"publisher\":{\"@id\":\"https:\\\/\\\/esthetiquenovani.com\\\/#organization\"},\"potentialAction\":[{\"@type\":\"SearchAction\",\"target\":{\"@type\":\"EntryPoint\",\"urlTemplate\":\"https:\\\/\\\/esthetiquenovani.com\\\/?s={search_term_string}\"},\"query-input\":{\"@type\":\"PropertyValueSpecification\",\"valueRequired\":true,\"valueName\":\"search_term_string\"}}],\"inLanguage\":\"en-US\"},{\"@type\":\"Organization\",\"@id\":\"https:\\\/\\\/esthetiquenovani.com\\\/#organization\",\"name\":\"Esth\u00e9tique Huguette Turcotte\",\"url\":\"https:\\\/\\\/esthetiquenovani.com\\\/\",\"logo\":{\"@type\":\"ImageObject\",\"inLanguage\":\"en-US\",\"@id\":\"https:\\\/\\\/esthetiquenovani.com\\\/#\\\/schema\\\/logo\\\/image\\\/\",\"url\":\"https:\\\/\\\/esthetiquenovani.com\\\/wp-content\\\/uploads\\\/2018\\\/01\\\/qui-sommes-nous.jpg\",\"contentUrl\":\"https:\\\/\\\/esthetiquenovani.com\\\/wp-content\\\/uploads\\\/2018\\\/01\\\/qui-sommes-nous.jpg\",\"width\":637,\"height\":425,\"caption\":\"Esth\u00e9tique Huguette Turcotte\"},\"image\":{\"@id\":\"https:\\\/\\\/esthetiquenovani.com\\\/#\\\/schema\\\/logo\\\/image\\\/\"},\"sameAs\":[\"https:\\\/\\\/www.facebook.com\\\/esthetiquehturcotte\"]}]}<\/script>\n<!-- \/ Yoast SEO plugin. -->","yoast_head_json":{"title":"Cr\u00e8me contour des yeux pattes d'oie","description":"Cr\u00e8me contour des yeux qui lisse rides et ridules des pattes d\u2019oie, att\u00e9nue les poches, hydrate et nourrit intens\u00e9ment le contour de l\u2019\u0153il","robots":{"index":"index","follow":"follow","max-snippet":"max-snippet:-1","max-image-preview":"max-image-preview:large","max-video-preview":"max-video-preview:-1"},"canonical":"https:\/\/esthetiquenovani.com\/boutique\/gammes\/laboratoire-dr-renaud\/5-cremes-contour-des-yeux\/creme-contour-des-yeux\/","og_locale":"en_US","og_type":"article","og_title":"Cr\u00e8me contour des yeux pattes d'oie","og_description":"Cr\u00e8me contour des yeux qui lisse rides et ridules des pattes d\u2019oie, att\u00e9nue les poches, hydrate et nourrit intens\u00e9ment le contour de l\u2019\u0153il","og_url":"https:\/\/esthetiquenovani.com\/boutique\/gammes\/laboratoire-dr-renaud\/5-cremes-contour-des-yeux\/creme-contour-des-yeux\/","og_site_name":"Clinique d'Esth&eacute;tique Novani","article_publisher":"https:\/\/www.facebook.com\/esthetiquehturcotte","article_modified_time":"2026-02-05T15:58:17+00:00","og_image":[{"width":590,"height":590,"url":"https:\/\/esthetiquenovani.com\/wp-content\/uploads\/2020\/03\/CremeContourDesYeux.webp","type":"image\/webp"}],"twitter_card":"summary_large_image","schema":{"@context":"https:\/\/schema.org","@graph":[{"@type":"WebPage","@id":"https:\/\/esthetiquenovani.com\/boutique\/gammes\/laboratoire-dr-renaud\/5-cremes-contour-des-yeux\/creme-contour-des-yeux\/","url":"https:\/\/esthetiquenovani.com\/boutique\/gammes\/laboratoire-dr-renaud\/5-cremes-contour-des-yeux\/creme-contour-des-yeux\/","name":"Cr\u00e8me contour des yeux pattes d'oie","isPartOf":{"@id":"https:\/\/esthetiquenovani.com\/#website"},"primaryImageOfPage":{"@id":"https:\/\/esthetiquenovani.com\/boutique\/gammes\/laboratoire-dr-renaud\/5-cremes-contour-des-yeux\/creme-contour-des-yeux\/#primaryimage"},"image":{"@id":"https:\/\/esthetiquenovani.com\/boutique\/gammes\/laboratoire-dr-renaud\/5-cremes-contour-des-yeux\/creme-contour-des-yeux\/#primaryimage"},"thumbnailUrl":"https:\/\/esthetiquenovani.com\/wp-content\/uploads\/2020\/03\/CremeContourDesYeux.webp","datePublished":"2020-03-23T02:50:26+00:00","dateModified":"2026-02-05T15:58:17+00:00","description":"Cr\u00e8me contour des yeux qui lisse rides et ridules des pattes d\u2019oie, att\u00e9nue les poches, hydrate et nourrit intens\u00e9ment le contour de l\u2019\u0153il","breadcrumb":{"@id":"https:\/\/esthetiquenovani.com\/boutique\/gammes\/laboratoire-dr-renaud\/5-cremes-contour-des-yeux\/creme-contour-des-yeux\/#breadcrumb"},"inLanguage":"en-US","potentialAction":[{"@type":"ReadAction","target":["https:\/\/esthetiquenovani.com\/boutique\/gammes\/laboratoire-dr-renaud\/5-cremes-contour-des-yeux\/creme-contour-des-yeux\/"]}]},{"@type":"ImageObject","inLanguage":"en-US","@id":"https:\/\/esthetiquenovani.com\/boutique\/gammes\/laboratoire-dr-renaud\/5-cremes-contour-des-yeux\/creme-contour-des-yeux\/#primaryimage","url":"https:\/\/esthetiquenovani.com\/wp-content\/uploads\/2020\/03\/CremeContourDesYeux.webp","contentUrl":"https:\/\/esthetiquenovani.com\/wp-content\/uploads\/2020\/03\/CremeContourDesYeux.webp","width":590,"height":590,"caption":"Cr\u00e8me Contour Des Yeux - Laboratoire Dr Renaud - Esth\u00e9ticienne Longueuil"},{"@type":"BreadcrumbList","@id":"https:\/\/esthetiquenovani.com\/boutique\/gammes\/laboratoire-dr-renaud\/5-cremes-contour-des-yeux\/creme-contour-des-yeux\/#breadcrumb","itemListElement":[{"@type":"ListItem","position":1,"name":"Accueil","item":"https:\/\/esthetiquenovani.com\/en\/"},{"@type":"ListItem","position":2,"name":"Boutique","item":"https:\/\/esthetiquenovani.com\/boutique\/"},{"@type":"ListItem","position":3,"name":"Dr Renaud &#8211; Cr\u00e8me Contour Des Yeux"}]},{"@type":"WebSite","@id":"https:\/\/esthetiquenovani.com\/#website","url":"https:\/\/esthetiquenovani.com\/","name":"Clinique d'Esth&eacute;tique Novani","description":"Brossard, Longueil &amp; Chambly","publisher":{"@id":"https:\/\/esthetiquenovani.com\/#organization"},"potentialAction":[{"@type":"SearchAction","target":{"@type":"EntryPoint","urlTemplate":"https:\/\/esthetiquenovani.com\/?s={search_term_string}"},"query-input":{"@type":"PropertyValueSpecification","valueRequired":true,"valueName":"search_term_string"}}],"inLanguage":"en-US"},{"@type":"Organization","@id":"https:\/\/esthetiquenovani.com\/#organization","name":"Esth\u00e9tique Huguette Turcotte","url":"https:\/\/esthetiquenovani.com\/","logo":{"@type":"ImageObject","inLanguage":"en-US","@id":"https:\/\/esthetiquenovani.com\/#\/schema\/logo\/image\/","url":"https:\/\/esthetiquenovani.com\/wp-content\/uploads\/2018\/01\/qui-sommes-nous.jpg","contentUrl":"https:\/\/esthetiquenovani.com\/wp-content\/uploads\/2018\/01\/qui-sommes-nous.jpg","width":637,"height":425,"caption":"Esth\u00e9tique Huguette Turcotte"},"image":{"@id":"https:\/\/esthetiquenovani.com\/#\/schema\/logo\/image\/"},"sameAs":["https:\/\/www.facebook.com\/esthetiquehturcotte"]}]}},"_links":{"self":[{"href":"https:\/\/esthetiquenovani.com\/en\/wp-json\/wp\/v2\/product\/3328","targetHints":{"allow":["GET"]}}],"collection":[{"href":"https:\/\/esthetiquenovani.com\/en\/wp-json\/wp\/v2\/product"}],"about":[{"href":"https:\/\/esthetiquenovani.com\/en\/wp-json\/wp\/v2\/types\/product"}],"wp:featuredmedia":[{"embeddable":true,"href":"https:\/\/esthetiquenovani.com\/en\/wp-json\/wp\/v2\/media\/224085"}],"wp:attachment":[{"href":"https:\/\/esthetiquenovani.com\/en\/wp-json\/wp\/v2\/media?parent=3328"}],"wp:term":[{"taxonomy":"product_brand","embeddable":true,"href":"https:\/\/esthetiquenovani.com\/en\/wp-json\/wp\/v2\/product_brand?post=3328"},{"taxonomy":"product_cat","embeddable":true,"href":"https:\/\/esthetiquenovani.com\/en\/wp-json\/wp\/v2\/product_cat?post=3328"},{"taxonomy":"product_tag","embeddable":true,"href":"https:\/\/esthetiquenovani.com\/en\/wp-json\/wp\/v2\/product_tag?post=3328"}],"curies":[{"name":"wp","href":"https:\/\/api.w.org\/{rel}","templated":true}]}}