{"id":3330,"date":"2020-03-22T22:58:13","date_gmt":"2020-03-22T22:58:13","guid":{"rendered":"https:\/\/esthetiquenovani.com\/produit\/dr-renaud-radiance-white-soin-eclaircissant-global-creme-24h\/"},"modified":"2026-02-05T10:17:56","modified_gmt":"2026-02-05T15:17:56","slug":"dr-renaud-radiance-white-soin-eclaircissant-global-creme-24h","status":"publish","type":"product","link":"https:\/\/esthetiquenovani.com\/en\/boutique\/gammes\/laboratoire-dr-renaud\/4-cremes-de-jour-et-de-nuit\/dr-renaud-radiance-white-soin-eclaircissant-global-creme-24h\/","title":{"rendered":"Dr Renaud \u2013 Radiance \u2013 S\u00e9rum correcteur de pigment"},"content":{"rendered":"","protected":false},"excerpt":{"rendered":"<div><span style=\"font-family: Verdana\">R\u00e9v\u00e9lez l\u2019\u00e9clat de votre teint avec le Soin \u00e9claircissant global RadianceWhite formul\u00e9 avec un complexe cibl\u00e9 haute-performance, exclusif au Laboratoire Dr Renaud. Gr\u00e2ce \u00e0 ce complexe, ce soin :\u00a0<\/span><\/div>\n<ul>\n<li><span style=\"font-family: Verdana\">Rehausse la clart\u00e9 et la luminosit\u00e9 de la peau<\/span><\/li>\n<li><span style=\"font-family: Verdana\">Unifie le teint et lui redonne tout son \u00e9clat\u00a0<\/span><\/li>\n<li><span style=\"font-family: Verdana\">Procure \u00e0 la peau une apparence saine et plus jeune\u00a0<\/span><\/li>\n<\/ul>\n<div><span style=\"font-family: Verdana\">\u00a0<\/span><\/div>\n<div><span style=\"font-family: Verdana\">Pour tous les types de peau, incluant les plus sensibles.<\/span><\/div>\n<div><span style=\"font-family: Verdana\">\u00a0<\/span><\/div>\n<div><span style=\"font-family: Verdana\"><b>Conseils d&#8217;utilisation:<\/b><\/span><\/div>\n<div><span style=\"font-family: Verdana\">Matin et soir sur une peau parfaitement nettoy\u00e9e, appliquer 2 coups de pompe sur l\u2019ensemble du visage et du cou.<\/span><\/div>\n<div><span style=\"font-family: Verdana\">\u00a0<\/span><\/div>\n<div><span style=\"font-family: Verdana\">50 ml<\/span><\/div>\n","protected":false},"featured_media":5017,"template":"","meta":{"_et_pb_use_builder":"","_et_pb_old_content":"","_et_gb_content_width":""},"product_brand":[],"product_cat":[109,62,68,53],"product_tag":[],"class_list":{"0":"post-3330","1":"product","2":"type-product","3":"status-publish","4":"has-post-thumbnail","6":"product_cat-4-cremes-de-jour-et-de-nuit","7":"product_cat-cremes","8":"product_cat-laboratoire-dr-renaud","9":"product_cat-taches-pigmentaires-et-teint-terne","11":"first","12":"instock","13":"taxable","14":"shipping-taxable","15":"purchasable","16":"product-type-simple"},"yoast_head":"<!-- This site is optimized with the Yoast SEO plugin v27.4 - https:\/\/yoast.com\/product\/yoast-seo-wordpress\/ -->\n<title>Dr Renaud \u2013 Radiance \u2013 S\u00e9rum correcteur de pigment &#8902; Clinique d&#039;Esth&eacute;tique Novani<\/title>\n<meta name=\"robots\" content=\"index, follow, max-snippet:-1, max-image-preview:large, max-video-preview:-1\" \/>\n<link rel=\"canonical\" href=\"https:\/\/esthetiquenovani.com\/boutique\/gammes\/laboratoire-dr-renaud\/4-cremes-de-jour-et-de-nuit\/dr-renaud-radiance-white-soin-eclaircissant-global-creme-24h\/\" \/>\n<meta property=\"og:locale\" content=\"en_US\" \/>\n<meta property=\"og:type\" content=\"article\" \/>\n<meta property=\"og:title\" content=\"Dr Renaud \u2013 Radiance \u2013 S\u00e9rum correcteur de pigment &#8902; Clinique d&#039;Esth&eacute;tique Novani\" \/>\n<meta property=\"og:description\" content=\"R\u00e9v\u00e9lez l\u2019\u00e9clat de votre teint avec le Soin \u00e9claircissant global RadianceWhite formul\u00e9 avec un complexe cibl\u00e9 haute-performance, exclusif au Laboratoire Dr Renaud. Gr\u00e2ce \u00e0 ce complexe, ce soin :\u00a0   Rehausse la clart\u00e9 et la luminosit\u00e9 de la peau  Unifie le teint et lui redonne tout son \u00e9clat\u00a0  Procure \u00e0 la peau une apparence saine et plus jeune\u00a0  \u00a0 Pour tous les types de peau, incluant les plus sensibles. \u00a0 Conseils d&#039;utilisation: Matin et soir sur une peau parfaitement nettoy\u00e9e, appliquer 2 coups de pompe sur l\u2019ensemble du visage et du cou. \u00a0 50 ml\" \/>\n<meta property=\"og:url\" content=\"https:\/\/esthetiquenovani.com\/boutique\/gammes\/laboratoire-dr-renaud\/4-cremes-de-jour-et-de-nuit\/dr-renaud-radiance-white-soin-eclaircissant-global-creme-24h\/\" \/>\n<meta property=\"og:site_name\" content=\"Clinique d&#039;Esth&eacute;tique Novani\" \/>\n<meta property=\"article:publisher\" content=\"https:\/\/www.facebook.com\/esthetiquehturcotte\" \/>\n<meta property=\"article:modified_time\" content=\"2026-02-05T15:17:56+00:00\" \/>\n<meta property=\"og:image\" content=\"https:\/\/esthetiquenovani.com\/wp-content\/uploads\/2020\/06\/10726-radiancewhite_emulgel_50ml-500x500-1.png\" \/>\n\t<meta property=\"og:image:width\" content=\"500\" \/>\n\t<meta property=\"og:image:height\" content=\"500\" \/>\n\t<meta property=\"og:image:type\" content=\"image\/png\" \/>\n<meta name=\"twitter:card\" content=\"summary_large_image\" \/>\n<script type=\"application\/ld+json\" class=\"yoast-schema-graph\">{\"@context\":\"https:\\\/\\\/schema.org\",\"@graph\":[{\"@type\":\"WebPage\",\"@id\":\"https:\\\/\\\/esthetiquenovani.com\\\/boutique\\\/gammes\\\/laboratoire-dr-renaud\\\/4-cremes-de-jour-et-de-nuit\\\/dr-renaud-radiance-white-soin-eclaircissant-global-creme-24h\\\/\",\"url\":\"https:\\\/\\\/esthetiquenovani.com\\\/boutique\\\/gammes\\\/laboratoire-dr-renaud\\\/4-cremes-de-jour-et-de-nuit\\\/dr-renaud-radiance-white-soin-eclaircissant-global-creme-24h\\\/\",\"name\":\"Dr Renaud \u2013 Radiance \u2013 S\u00e9rum correcteur de pigment &#8902; Clinique d'Esth&eacute;tique Novani\",\"isPartOf\":{\"@id\":\"https:\\\/\\\/esthetiquenovani.com\\\/#website\"},\"primaryImageOfPage\":{\"@id\":\"https:\\\/\\\/esthetiquenovani.com\\\/boutique\\\/gammes\\\/laboratoire-dr-renaud\\\/4-cremes-de-jour-et-de-nuit\\\/dr-renaud-radiance-white-soin-eclaircissant-global-creme-24h\\\/#primaryimage\"},\"image\":{\"@id\":\"https:\\\/\\\/esthetiquenovani.com\\\/boutique\\\/gammes\\\/laboratoire-dr-renaud\\\/4-cremes-de-jour-et-de-nuit\\\/dr-renaud-radiance-white-soin-eclaircissant-global-creme-24h\\\/#primaryimage\"},\"thumbnailUrl\":\"https:\\\/\\\/esthetiquenovani.com\\\/wp-content\\\/uploads\\\/2020\\\/06\\\/10726-radiancewhite_emulgel_50ml-500x500-1.png\",\"datePublished\":\"2020-03-22T22:58:13+00:00\",\"dateModified\":\"2026-02-05T15:17:56+00:00\",\"breadcrumb\":{\"@id\":\"https:\\\/\\\/esthetiquenovani.com\\\/boutique\\\/gammes\\\/laboratoire-dr-renaud\\\/4-cremes-de-jour-et-de-nuit\\\/dr-renaud-radiance-white-soin-eclaircissant-global-creme-24h\\\/#breadcrumb\"},\"inLanguage\":\"en-US\",\"potentialAction\":[{\"@type\":\"ReadAction\",\"target\":[\"https:\\\/\\\/esthetiquenovani.com\\\/boutique\\\/gammes\\\/laboratoire-dr-renaud\\\/4-cremes-de-jour-et-de-nuit\\\/dr-renaud-radiance-white-soin-eclaircissant-global-creme-24h\\\/\"]}]},{\"@type\":\"ImageObject\",\"inLanguage\":\"en-US\",\"@id\":\"https:\\\/\\\/esthetiquenovani.com\\\/boutique\\\/gammes\\\/laboratoire-dr-renaud\\\/4-cremes-de-jour-et-de-nuit\\\/dr-renaud-radiance-white-soin-eclaircissant-global-creme-24h\\\/#primaryimage\",\"url\":\"https:\\\/\\\/esthetiquenovani.com\\\/wp-content\\\/uploads\\\/2020\\\/06\\\/10726-radiancewhite_emulgel_50ml-500x500-1.png\",\"contentUrl\":\"https:\\\/\\\/esthetiquenovani.com\\\/wp-content\\\/uploads\\\/2020\\\/06\\\/10726-radiancewhite_emulgel_50ml-500x500-1.png\",\"width\":500,\"height\":500,\"caption\":\"Dr Renaud \u2013 Radiance White \u2013 Soin \u00e9claircissant global \u2013 Cr\u00e8me 24H\"},{\"@type\":\"BreadcrumbList\",\"@id\":\"https:\\\/\\\/esthetiquenovani.com\\\/boutique\\\/gammes\\\/laboratoire-dr-renaud\\\/4-cremes-de-jour-et-de-nuit\\\/dr-renaud-radiance-white-soin-eclaircissant-global-creme-24h\\\/#breadcrumb\",\"itemListElement\":[{\"@type\":\"ListItem\",\"position\":1,\"name\":\"Accueil\",\"item\":\"https:\\\/\\\/esthetiquenovani.com\\\/en\\\/\"},{\"@type\":\"ListItem\",\"position\":2,\"name\":\"Boutique\",\"item\":\"https:\\\/\\\/esthetiquenovani.com\\\/boutique\\\/\"},{\"@type\":\"ListItem\",\"position\":3,\"name\":\"Dr Renaud \u2013 Radiance \u2013 S\u00e9rum correcteur de pigment\"}]},{\"@type\":\"WebSite\",\"@id\":\"https:\\\/\\\/esthetiquenovani.com\\\/#website\",\"url\":\"https:\\\/\\\/esthetiquenovani.com\\\/\",\"name\":\"Clinique d'Esth&eacute;tique Novani\",\"description\":\"Brossard, Longueil &amp; Chambly\",\"publisher\":{\"@id\":\"https:\\\/\\\/esthetiquenovani.com\\\/#organization\"},\"potentialAction\":[{\"@type\":\"SearchAction\",\"target\":{\"@type\":\"EntryPoint\",\"urlTemplate\":\"https:\\\/\\\/esthetiquenovani.com\\\/?s={search_term_string}\"},\"query-input\":{\"@type\":\"PropertyValueSpecification\",\"valueRequired\":true,\"valueName\":\"search_term_string\"}}],\"inLanguage\":\"en-US\"},{\"@type\":\"Organization\",\"@id\":\"https:\\\/\\\/esthetiquenovani.com\\\/#organization\",\"name\":\"Esth\u00e9tique Huguette Turcotte\",\"url\":\"https:\\\/\\\/esthetiquenovani.com\\\/\",\"logo\":{\"@type\":\"ImageObject\",\"inLanguage\":\"en-US\",\"@id\":\"https:\\\/\\\/esthetiquenovani.com\\\/#\\\/schema\\\/logo\\\/image\\\/\",\"url\":\"https:\\\/\\\/esthetiquenovani.com\\\/wp-content\\\/uploads\\\/2018\\\/01\\\/qui-sommes-nous.jpg\",\"contentUrl\":\"https:\\\/\\\/esthetiquenovani.com\\\/wp-content\\\/uploads\\\/2018\\\/01\\\/qui-sommes-nous.jpg\",\"width\":637,\"height\":425,\"caption\":\"Esth\u00e9tique Huguette Turcotte\"},\"image\":{\"@id\":\"https:\\\/\\\/esthetiquenovani.com\\\/#\\\/schema\\\/logo\\\/image\\\/\"},\"sameAs\":[\"https:\\\/\\\/www.facebook.com\\\/esthetiquehturcotte\"]}]}<\/script>\n<!-- \/ Yoast SEO plugin. -->","yoast_head_json":{"title":"Dr Renaud \u2013 Radiance \u2013 S\u00e9rum correcteur de pigment &#8902; Clinique d'Esth&eacute;tique Novani","robots":{"index":"index","follow":"follow","max-snippet":"max-snippet:-1","max-image-preview":"max-image-preview:large","max-video-preview":"max-video-preview:-1"},"canonical":"https:\/\/esthetiquenovani.com\/boutique\/gammes\/laboratoire-dr-renaud\/4-cremes-de-jour-et-de-nuit\/dr-renaud-radiance-white-soin-eclaircissant-global-creme-24h\/","og_locale":"en_US","og_type":"article","og_title":"Dr Renaud \u2013 Radiance \u2013 S\u00e9rum correcteur de pigment &#8902; Clinique d'Esth&eacute;tique Novani","og_description":"R\u00e9v\u00e9lez l\u2019\u00e9clat de votre teint avec le Soin \u00e9claircissant global RadianceWhite formul\u00e9 avec un complexe cibl\u00e9 haute-performance, exclusif au Laboratoire Dr Renaud. Gr\u00e2ce \u00e0 ce complexe, ce soin :\u00a0   Rehausse la clart\u00e9 et la luminosit\u00e9 de la peau  Unifie le teint et lui redonne tout son \u00e9clat\u00a0  Procure \u00e0 la peau une apparence saine et plus jeune\u00a0  \u00a0 Pour tous les types de peau, incluant les plus sensibles. \u00a0 Conseils d'utilisation: Matin et soir sur une peau parfaitement nettoy\u00e9e, appliquer 2 coups de pompe sur l\u2019ensemble du visage et du cou. \u00a0 50 ml","og_url":"https:\/\/esthetiquenovani.com\/boutique\/gammes\/laboratoire-dr-renaud\/4-cremes-de-jour-et-de-nuit\/dr-renaud-radiance-white-soin-eclaircissant-global-creme-24h\/","og_site_name":"Clinique d'Esth&eacute;tique Novani","article_publisher":"https:\/\/www.facebook.com\/esthetiquehturcotte","article_modified_time":"2026-02-05T15:17:56+00:00","og_image":[{"width":500,"height":500,"url":"https:\/\/esthetiquenovani.com\/wp-content\/uploads\/2020\/06\/10726-radiancewhite_emulgel_50ml-500x500-1.png","type":"image\/png"}],"twitter_card":"summary_large_image","schema":{"@context":"https:\/\/schema.org","@graph":[{"@type":"WebPage","@id":"https:\/\/esthetiquenovani.com\/boutique\/gammes\/laboratoire-dr-renaud\/4-cremes-de-jour-et-de-nuit\/dr-renaud-radiance-white-soin-eclaircissant-global-creme-24h\/","url":"https:\/\/esthetiquenovani.com\/boutique\/gammes\/laboratoire-dr-renaud\/4-cremes-de-jour-et-de-nuit\/dr-renaud-radiance-white-soin-eclaircissant-global-creme-24h\/","name":"Dr Renaud \u2013 Radiance \u2013 S\u00e9rum correcteur de pigment &#8902; Clinique d'Esth&eacute;tique Novani","isPartOf":{"@id":"https:\/\/esthetiquenovani.com\/#website"},"primaryImageOfPage":{"@id":"https:\/\/esthetiquenovani.com\/boutique\/gammes\/laboratoire-dr-renaud\/4-cremes-de-jour-et-de-nuit\/dr-renaud-radiance-white-soin-eclaircissant-global-creme-24h\/#primaryimage"},"image":{"@id":"https:\/\/esthetiquenovani.com\/boutique\/gammes\/laboratoire-dr-renaud\/4-cremes-de-jour-et-de-nuit\/dr-renaud-radiance-white-soin-eclaircissant-global-creme-24h\/#primaryimage"},"thumbnailUrl":"https:\/\/esthetiquenovani.com\/wp-content\/uploads\/2020\/06\/10726-radiancewhite_emulgel_50ml-500x500-1.png","datePublished":"2020-03-22T22:58:13+00:00","dateModified":"2026-02-05T15:17:56+00:00","breadcrumb":{"@id":"https:\/\/esthetiquenovani.com\/boutique\/gammes\/laboratoire-dr-renaud\/4-cremes-de-jour-et-de-nuit\/dr-renaud-radiance-white-soin-eclaircissant-global-creme-24h\/#breadcrumb"},"inLanguage":"en-US","potentialAction":[{"@type":"ReadAction","target":["https:\/\/esthetiquenovani.com\/boutique\/gammes\/laboratoire-dr-renaud\/4-cremes-de-jour-et-de-nuit\/dr-renaud-radiance-white-soin-eclaircissant-global-creme-24h\/"]}]},{"@type":"ImageObject","inLanguage":"en-US","@id":"https:\/\/esthetiquenovani.com\/boutique\/gammes\/laboratoire-dr-renaud\/4-cremes-de-jour-et-de-nuit\/dr-renaud-radiance-white-soin-eclaircissant-global-creme-24h\/#primaryimage","url":"https:\/\/esthetiquenovani.com\/wp-content\/uploads\/2020\/06\/10726-radiancewhite_emulgel_50ml-500x500-1.png","contentUrl":"https:\/\/esthetiquenovani.com\/wp-content\/uploads\/2020\/06\/10726-radiancewhite_emulgel_50ml-500x500-1.png","width":500,"height":500,"caption":"Dr Renaud \u2013 Radiance White \u2013 Soin \u00e9claircissant global \u2013 Cr\u00e8me 24H"},{"@type":"BreadcrumbList","@id":"https:\/\/esthetiquenovani.com\/boutique\/gammes\/laboratoire-dr-renaud\/4-cremes-de-jour-et-de-nuit\/dr-renaud-radiance-white-soin-eclaircissant-global-creme-24h\/#breadcrumb","itemListElement":[{"@type":"ListItem","position":1,"name":"Accueil","item":"https:\/\/esthetiquenovani.com\/en\/"},{"@type":"ListItem","position":2,"name":"Boutique","item":"https:\/\/esthetiquenovani.com\/boutique\/"},{"@type":"ListItem","position":3,"name":"Dr Renaud \u2013 Radiance \u2013 S\u00e9rum correcteur de pigment"}]},{"@type":"WebSite","@id":"https:\/\/esthetiquenovani.com\/#website","url":"https:\/\/esthetiquenovani.com\/","name":"Clinique d'Esth&eacute;tique Novani","description":"Brossard, Longueil &amp; Chambly","publisher":{"@id":"https:\/\/esthetiquenovani.com\/#organization"},"potentialAction":[{"@type":"SearchAction","target":{"@type":"EntryPoint","urlTemplate":"https:\/\/esthetiquenovani.com\/?s={search_term_string}"},"query-input":{"@type":"PropertyValueSpecification","valueRequired":true,"valueName":"search_term_string"}}],"inLanguage":"en-US"},{"@type":"Organization","@id":"https:\/\/esthetiquenovani.com\/#organization","name":"Esth\u00e9tique Huguette Turcotte","url":"https:\/\/esthetiquenovani.com\/","logo":{"@type":"ImageObject","inLanguage":"en-US","@id":"https:\/\/esthetiquenovani.com\/#\/schema\/logo\/image\/","url":"https:\/\/esthetiquenovani.com\/wp-content\/uploads\/2018\/01\/qui-sommes-nous.jpg","contentUrl":"https:\/\/esthetiquenovani.com\/wp-content\/uploads\/2018\/01\/qui-sommes-nous.jpg","width":637,"height":425,"caption":"Esth\u00e9tique Huguette Turcotte"},"image":{"@id":"https:\/\/esthetiquenovani.com\/#\/schema\/logo\/image\/"},"sameAs":["https:\/\/www.facebook.com\/esthetiquehturcotte"]}]}},"_links":{"self":[{"href":"https:\/\/esthetiquenovani.com\/en\/wp-json\/wp\/v2\/product\/3330","targetHints":{"allow":["GET"]}}],"collection":[{"href":"https:\/\/esthetiquenovani.com\/en\/wp-json\/wp\/v2\/product"}],"about":[{"href":"https:\/\/esthetiquenovani.com\/en\/wp-json\/wp\/v2\/types\/product"}],"wp:featuredmedia":[{"embeddable":true,"href":"https:\/\/esthetiquenovani.com\/en\/wp-json\/wp\/v2\/media\/5017"}],"wp:attachment":[{"href":"https:\/\/esthetiquenovani.com\/en\/wp-json\/wp\/v2\/media?parent=3330"}],"wp:term":[{"taxonomy":"product_brand","embeddable":true,"href":"https:\/\/esthetiquenovani.com\/en\/wp-json\/wp\/v2\/product_brand?post=3330"},{"taxonomy":"product_cat","embeddable":true,"href":"https:\/\/esthetiquenovani.com\/en\/wp-json\/wp\/v2\/product_cat?post=3330"},{"taxonomy":"product_tag","embeddable":true,"href":"https:\/\/esthetiquenovani.com\/en\/wp-json\/wp\/v2\/product_tag?post=3330"}],"curies":[{"name":"wp","href":"https:\/\/api.w.org\/{rel}","templated":true}]}}