{"id":3334,"date":"2020-03-22T23:03:25","date_gmt":"2020-03-22T23:03:25","guid":{"rendered":"https:\/\/esthetiquenovani.com\/produit\/dr-renaud-hydrascience-ahd3-emulsion-riche-24h\/"},"modified":"2026-02-05T10:16:45","modified_gmt":"2026-02-05T15:16:45","slug":"dr-renaud-hydrascience-ahd3-emulsion-riche-24h","status":"publish","type":"product","link":"https:\/\/esthetiquenovani.com\/en\/boutique\/gammes\/laboratoire-dr-renaud\/4-cremes-de-jour-et-de-nuit\/dr-renaud-hydrascience-ahd3-emulsion-riche-24h\/","title":{"rendered":"Dr Renaud \u2013 Cr\u00e8me HydraScience AHD3 \u2013 \u00c9mulsion riche 24H"},"content":{"rendered":"","protected":false},"excerpt":{"rendered":"<div><span style=\"font-family: Verdana\">Une \u00e9mulsion 24H d\u00e9licieusement onctueuse pour les peaux normales \u00e0 alipiques. Ce soin innovant agit au coeur m\u00eame des cellules pour relancer et entretenir les m\u00e9canismes naturels qui permettent \u00e0 la peau de s\u2019hydrater elle-m\u00eame. La peau est imm\u00e9diatement regonfl\u00e9e, les creux repulp\u00e9s, les traits d\u00e9froiss\u00e9s.<\/span><span style=\"font-family: Verdana\">\u00a0<\/span><\/div>\n<ul>\n<li><span style=\"font-family: Verdana\">Les rides et ridules sont diminu\u00e9es\u00a0<\/span><\/li>\n<li><span style=\"font-family: Verdana\">Au fil du temps, la peau r\u00e9siste mieux aux diff\u00e9rents stress environnementaux\u00a0<\/span><\/li>\n<li><span style=\"font-family: Verdana\">Profond\u00e9ment hydrat\u00e9e, elle est combl\u00e9e de vitalit\u00e9, d\u2019une extr\u00eame douceur et d\u2019un bien-\u00eatre absolu !<\/span><\/li>\n<\/ul>\n<div><span style=\"font-family: Verdana\"><b>Conseils d&#8217;utilisation:<\/b><\/span><\/div>\n<div><span style=\"font-family: Verdana\">Matin et soir, apr\u00e8s un nettoyage minutieux de la peau, appliquer HydraScience AHD3\u00c9mulsion riche en petite quantit\u00e9 sur le visage et le cou. Faire p\u00e9n\u00e9trer par de l\u00e9gers effleura<\/span>ges.<\/div>\n<div>50 ml<\/div>\n","protected":false},"featured_media":5019,"template":"","meta":{"_et_pb_use_builder":"","_et_pb_old_content":"","_et_gb_content_width":""},"product_brand":[],"product_cat":[109,62,51,68],"product_tag":[],"class_list":{"0":"post-3334","1":"product","2":"type-product","3":"status-publish","4":"has-post-thumbnail","6":"product_cat-4-cremes-de-jour-et-de-nuit","7":"product_cat-cremes","8":"product_cat-deshydratation-et-secheresse","9":"product_cat-laboratoire-dr-renaud","11":"first","12":"instock","13":"taxable","14":"shipping-taxable","15":"purchasable","16":"product-type-simple"},"yoast_head":"<!-- This site is optimized with the Yoast SEO plugin v27.5 - https:\/\/yoast.com\/product\/yoast-seo-wordpress\/ -->\n<title>Dr Renaud \u2013 Cr\u00e8me HydraScience AHD3 \u2013 \u00c9mulsion riche 24H &#8902; Clinique d&#039;Esth&eacute;tique Novani<\/title>\n<meta name=\"robots\" content=\"index, follow, max-snippet:-1, max-image-preview:large, max-video-preview:-1\" \/>\n<link rel=\"canonical\" href=\"https:\/\/esthetiquenovani.com\/boutique\/gammes\/laboratoire-dr-renaud\/4-cremes-de-jour-et-de-nuit\/dr-renaud-hydrascience-ahd3-emulsion-riche-24h\/\" \/>\n<meta property=\"og:locale\" content=\"en_US\" \/>\n<meta property=\"og:type\" content=\"article\" \/>\n<meta property=\"og:title\" content=\"Dr Renaud \u2013 Cr\u00e8me HydraScience AHD3 \u2013 \u00c9mulsion riche 24H &#8902; Clinique d&#039;Esth&eacute;tique Novani\" \/>\n<meta property=\"og:description\" content=\"Une \u00e9mulsion 24H d\u00e9licieusement onctueuse pour les peaux normales \u00e0 alipiques. Ce soin innovant agit au coeur m\u00eame des cellules pour relancer et entretenir les m\u00e9canismes naturels qui permettent \u00e0 la peau de s\u2019hydrater elle-m\u00eame. La peau est imm\u00e9diatement regonfl\u00e9e, les creux repulp\u00e9s, les traits d\u00e9froiss\u00e9s.\u00a0   Les rides et ridules sont diminu\u00e9es\u00a0  Au fil du temps, la peau r\u00e9siste mieux aux diff\u00e9rents stress environnementaux\u00a0  Profond\u00e9ment hydrat\u00e9e, elle est combl\u00e9e de vitalit\u00e9, d\u2019une extr\u00eame douceur et d\u2019un bien-\u00eatre absolu !  Conseils d&#039;utilisation: Matin et soir, apr\u00e8s un nettoyage minutieux de la peau, appliquer HydraScience AHD3\u00c9mulsion riche en petite quantit\u00e9 sur le visage et le cou. Faire p\u00e9n\u00e9trer par de l\u00e9gers effleurages. 50 ml\" \/>\n<meta property=\"og:url\" content=\"https:\/\/esthetiquenovani.com\/boutique\/gammes\/laboratoire-dr-renaud\/4-cremes-de-jour-et-de-nuit\/dr-renaud-hydrascience-ahd3-emulsion-riche-24h\/\" \/>\n<meta property=\"og:site_name\" content=\"Clinique d&#039;Esth&eacute;tique Novani\" \/>\n<meta property=\"article:publisher\" content=\"https:\/\/www.facebook.com\/esthetiquehturcotte\" \/>\n<meta property=\"article:modified_time\" content=\"2026-02-05T15:16:45+00:00\" \/>\n<meta property=\"og:image\" content=\"https:\/\/esthetiquenovani.com\/wp-content\/uploads\/2020\/06\/10361-hydrascienceahd3_rich_50ml-500x500-1.png\" \/>\n\t<meta property=\"og:image:width\" content=\"500\" \/>\n\t<meta property=\"og:image:height\" content=\"500\" \/>\n\t<meta property=\"og:image:type\" content=\"image\/png\" \/>\n<meta name=\"twitter:card\" content=\"summary_large_image\" \/>\n<script type=\"application\/ld+json\" class=\"yoast-schema-graph\">{\"@context\":\"https:\\\/\\\/schema.org\",\"@graph\":[{\"@type\":\"WebPage\",\"@id\":\"https:\\\/\\\/esthetiquenovani.com\\\/boutique\\\/gammes\\\/laboratoire-dr-renaud\\\/4-cremes-de-jour-et-de-nuit\\\/dr-renaud-hydrascience-ahd3-emulsion-riche-24h\\\/\",\"url\":\"https:\\\/\\\/esthetiquenovani.com\\\/boutique\\\/gammes\\\/laboratoire-dr-renaud\\\/4-cremes-de-jour-et-de-nuit\\\/dr-renaud-hydrascience-ahd3-emulsion-riche-24h\\\/\",\"name\":\"Dr Renaud \u2013 Cr\u00e8me HydraScience AHD3 \u2013 \u00c9mulsion riche 24H &#8902; Clinique d'Esth&eacute;tique Novani\",\"isPartOf\":{\"@id\":\"https:\\\/\\\/esthetiquenovani.com\\\/#website\"},\"primaryImageOfPage\":{\"@id\":\"https:\\\/\\\/esthetiquenovani.com\\\/boutique\\\/gammes\\\/laboratoire-dr-renaud\\\/4-cremes-de-jour-et-de-nuit\\\/dr-renaud-hydrascience-ahd3-emulsion-riche-24h\\\/#primaryimage\"},\"image\":{\"@id\":\"https:\\\/\\\/esthetiquenovani.com\\\/boutique\\\/gammes\\\/laboratoire-dr-renaud\\\/4-cremes-de-jour-et-de-nuit\\\/dr-renaud-hydrascience-ahd3-emulsion-riche-24h\\\/#primaryimage\"},\"thumbnailUrl\":\"https:\\\/\\\/esthetiquenovani.com\\\/wp-content\\\/uploads\\\/2020\\\/06\\\/10361-hydrascienceahd3_rich_50ml-500x500-1.png\",\"datePublished\":\"2020-03-22T23:03:25+00:00\",\"dateModified\":\"2026-02-05T15:16:45+00:00\",\"breadcrumb\":{\"@id\":\"https:\\\/\\\/esthetiquenovani.com\\\/boutique\\\/gammes\\\/laboratoire-dr-renaud\\\/4-cremes-de-jour-et-de-nuit\\\/dr-renaud-hydrascience-ahd3-emulsion-riche-24h\\\/#breadcrumb\"},\"inLanguage\":\"en-US\",\"potentialAction\":[{\"@type\":\"ReadAction\",\"target\":[\"https:\\\/\\\/esthetiquenovani.com\\\/boutique\\\/gammes\\\/laboratoire-dr-renaud\\\/4-cremes-de-jour-et-de-nuit\\\/dr-renaud-hydrascience-ahd3-emulsion-riche-24h\\\/\"]}]},{\"@type\":\"ImageObject\",\"inLanguage\":\"en-US\",\"@id\":\"https:\\\/\\\/esthetiquenovani.com\\\/boutique\\\/gammes\\\/laboratoire-dr-renaud\\\/4-cremes-de-jour-et-de-nuit\\\/dr-renaud-hydrascience-ahd3-emulsion-riche-24h\\\/#primaryimage\",\"url\":\"https:\\\/\\\/esthetiquenovani.com\\\/wp-content\\\/uploads\\\/2020\\\/06\\\/10361-hydrascienceahd3_rich_50ml-500x500-1.png\",\"contentUrl\":\"https:\\\/\\\/esthetiquenovani.com\\\/wp-content\\\/uploads\\\/2020\\\/06\\\/10361-hydrascienceahd3_rich_50ml-500x500-1.png\",\"width\":500,\"height\":500,\"caption\":\"Dr Renaud \u2013 Cr\u00e8me HydraScience AHD3 \u2013 \u00c9mulsion riche 24H\"},{\"@type\":\"BreadcrumbList\",\"@id\":\"https:\\\/\\\/esthetiquenovani.com\\\/boutique\\\/gammes\\\/laboratoire-dr-renaud\\\/4-cremes-de-jour-et-de-nuit\\\/dr-renaud-hydrascience-ahd3-emulsion-riche-24h\\\/#breadcrumb\",\"itemListElement\":[{\"@type\":\"ListItem\",\"position\":1,\"name\":\"Accueil\",\"item\":\"https:\\\/\\\/esthetiquenovani.com\\\/en\\\/\"},{\"@type\":\"ListItem\",\"position\":2,\"name\":\"Boutique\",\"item\":\"https:\\\/\\\/esthetiquenovani.com\\\/boutique\\\/\"},{\"@type\":\"ListItem\",\"position\":3,\"name\":\"Dr Renaud \u2013 Cr\u00e8me HydraScience AHD3 \u2013 \u00c9mulsion riche 24H\"}]},{\"@type\":\"WebSite\",\"@id\":\"https:\\\/\\\/esthetiquenovani.com\\\/#website\",\"url\":\"https:\\\/\\\/esthetiquenovani.com\\\/\",\"name\":\"Clinique d'Esth&eacute;tique Novani\",\"description\":\"Brossard, Longueil &amp; Chambly\",\"publisher\":{\"@id\":\"https:\\\/\\\/esthetiquenovani.com\\\/#organization\"},\"potentialAction\":[{\"@type\":\"SearchAction\",\"target\":{\"@type\":\"EntryPoint\",\"urlTemplate\":\"https:\\\/\\\/esthetiquenovani.com\\\/?s={search_term_string}\"},\"query-input\":{\"@type\":\"PropertyValueSpecification\",\"valueRequired\":true,\"valueName\":\"search_term_string\"}}],\"inLanguage\":\"en-US\"},{\"@type\":\"Organization\",\"@id\":\"https:\\\/\\\/esthetiquenovani.com\\\/#organization\",\"name\":\"Esth\u00e9tique Huguette Turcotte\",\"url\":\"https:\\\/\\\/esthetiquenovani.com\\\/\",\"logo\":{\"@type\":\"ImageObject\",\"inLanguage\":\"en-US\",\"@id\":\"https:\\\/\\\/esthetiquenovani.com\\\/#\\\/schema\\\/logo\\\/image\\\/\",\"url\":\"https:\\\/\\\/esthetiquenovani.com\\\/wp-content\\\/uploads\\\/2018\\\/01\\\/qui-sommes-nous.jpg\",\"contentUrl\":\"https:\\\/\\\/esthetiquenovani.com\\\/wp-content\\\/uploads\\\/2018\\\/01\\\/qui-sommes-nous.jpg\",\"width\":637,\"height\":425,\"caption\":\"Esth\u00e9tique Huguette Turcotte\"},\"image\":{\"@id\":\"https:\\\/\\\/esthetiquenovani.com\\\/#\\\/schema\\\/logo\\\/image\\\/\"},\"sameAs\":[\"https:\\\/\\\/www.facebook.com\\\/esthetiquehturcotte\"]}]}<\/script>\n<!-- \/ Yoast SEO plugin. -->","yoast_head_json":{"title":"Dr Renaud \u2013 Cr\u00e8me HydraScience AHD3 \u2013 \u00c9mulsion riche 24H &#8902; Clinique d'Esth&eacute;tique Novani","robots":{"index":"index","follow":"follow","max-snippet":"max-snippet:-1","max-image-preview":"max-image-preview:large","max-video-preview":"max-video-preview:-1"},"canonical":"https:\/\/esthetiquenovani.com\/boutique\/gammes\/laboratoire-dr-renaud\/4-cremes-de-jour-et-de-nuit\/dr-renaud-hydrascience-ahd3-emulsion-riche-24h\/","og_locale":"en_US","og_type":"article","og_title":"Dr Renaud \u2013 Cr\u00e8me HydraScience AHD3 \u2013 \u00c9mulsion riche 24H &#8902; Clinique d'Esth&eacute;tique Novani","og_description":"Une \u00e9mulsion 24H d\u00e9licieusement onctueuse pour les peaux normales \u00e0 alipiques. Ce soin innovant agit au coeur m\u00eame des cellules pour relancer et entretenir les m\u00e9canismes naturels qui permettent \u00e0 la peau de s\u2019hydrater elle-m\u00eame. La peau est imm\u00e9diatement regonfl\u00e9e, les creux repulp\u00e9s, les traits d\u00e9froiss\u00e9s.\u00a0   Les rides et ridules sont diminu\u00e9es\u00a0  Au fil du temps, la peau r\u00e9siste mieux aux diff\u00e9rents stress environnementaux\u00a0  Profond\u00e9ment hydrat\u00e9e, elle est combl\u00e9e de vitalit\u00e9, d\u2019une extr\u00eame douceur et d\u2019un bien-\u00eatre absolu !  Conseils d'utilisation: Matin et soir, apr\u00e8s un nettoyage minutieux de la peau, appliquer HydraScience AHD3\u00c9mulsion riche en petite quantit\u00e9 sur le visage et le cou. Faire p\u00e9n\u00e9trer par de l\u00e9gers effleurages. 50 ml","og_url":"https:\/\/esthetiquenovani.com\/boutique\/gammes\/laboratoire-dr-renaud\/4-cremes-de-jour-et-de-nuit\/dr-renaud-hydrascience-ahd3-emulsion-riche-24h\/","og_site_name":"Clinique d'Esth&eacute;tique Novani","article_publisher":"https:\/\/www.facebook.com\/esthetiquehturcotte","article_modified_time":"2026-02-05T15:16:45+00:00","og_image":[{"width":500,"height":500,"url":"https:\/\/esthetiquenovani.com\/wp-content\/uploads\/2020\/06\/10361-hydrascienceahd3_rich_50ml-500x500-1.png","type":"image\/png"}],"twitter_card":"summary_large_image","schema":{"@context":"https:\/\/schema.org","@graph":[{"@type":"WebPage","@id":"https:\/\/esthetiquenovani.com\/boutique\/gammes\/laboratoire-dr-renaud\/4-cremes-de-jour-et-de-nuit\/dr-renaud-hydrascience-ahd3-emulsion-riche-24h\/","url":"https:\/\/esthetiquenovani.com\/boutique\/gammes\/laboratoire-dr-renaud\/4-cremes-de-jour-et-de-nuit\/dr-renaud-hydrascience-ahd3-emulsion-riche-24h\/","name":"Dr Renaud \u2013 Cr\u00e8me HydraScience AHD3 \u2013 \u00c9mulsion riche 24H &#8902; Clinique d'Esth&eacute;tique Novani","isPartOf":{"@id":"https:\/\/esthetiquenovani.com\/#website"},"primaryImageOfPage":{"@id":"https:\/\/esthetiquenovani.com\/boutique\/gammes\/laboratoire-dr-renaud\/4-cremes-de-jour-et-de-nuit\/dr-renaud-hydrascience-ahd3-emulsion-riche-24h\/#primaryimage"},"image":{"@id":"https:\/\/esthetiquenovani.com\/boutique\/gammes\/laboratoire-dr-renaud\/4-cremes-de-jour-et-de-nuit\/dr-renaud-hydrascience-ahd3-emulsion-riche-24h\/#primaryimage"},"thumbnailUrl":"https:\/\/esthetiquenovani.com\/wp-content\/uploads\/2020\/06\/10361-hydrascienceahd3_rich_50ml-500x500-1.png","datePublished":"2020-03-22T23:03:25+00:00","dateModified":"2026-02-05T15:16:45+00:00","breadcrumb":{"@id":"https:\/\/esthetiquenovani.com\/boutique\/gammes\/laboratoire-dr-renaud\/4-cremes-de-jour-et-de-nuit\/dr-renaud-hydrascience-ahd3-emulsion-riche-24h\/#breadcrumb"},"inLanguage":"en-US","potentialAction":[{"@type":"ReadAction","target":["https:\/\/esthetiquenovani.com\/boutique\/gammes\/laboratoire-dr-renaud\/4-cremes-de-jour-et-de-nuit\/dr-renaud-hydrascience-ahd3-emulsion-riche-24h\/"]}]},{"@type":"ImageObject","inLanguage":"en-US","@id":"https:\/\/esthetiquenovani.com\/boutique\/gammes\/laboratoire-dr-renaud\/4-cremes-de-jour-et-de-nuit\/dr-renaud-hydrascience-ahd3-emulsion-riche-24h\/#primaryimage","url":"https:\/\/esthetiquenovani.com\/wp-content\/uploads\/2020\/06\/10361-hydrascienceahd3_rich_50ml-500x500-1.png","contentUrl":"https:\/\/esthetiquenovani.com\/wp-content\/uploads\/2020\/06\/10361-hydrascienceahd3_rich_50ml-500x500-1.png","width":500,"height":500,"caption":"Dr Renaud \u2013 Cr\u00e8me HydraScience AHD3 \u2013 \u00c9mulsion riche 24H"},{"@type":"BreadcrumbList","@id":"https:\/\/esthetiquenovani.com\/boutique\/gammes\/laboratoire-dr-renaud\/4-cremes-de-jour-et-de-nuit\/dr-renaud-hydrascience-ahd3-emulsion-riche-24h\/#breadcrumb","itemListElement":[{"@type":"ListItem","position":1,"name":"Accueil","item":"https:\/\/esthetiquenovani.com\/en\/"},{"@type":"ListItem","position":2,"name":"Boutique","item":"https:\/\/esthetiquenovani.com\/boutique\/"},{"@type":"ListItem","position":3,"name":"Dr Renaud \u2013 Cr\u00e8me HydraScience AHD3 \u2013 \u00c9mulsion riche 24H"}]},{"@type":"WebSite","@id":"https:\/\/esthetiquenovani.com\/#website","url":"https:\/\/esthetiquenovani.com\/","name":"Clinique d'Esth&eacute;tique Novani","description":"Brossard, Longueil &amp; Chambly","publisher":{"@id":"https:\/\/esthetiquenovani.com\/#organization"},"potentialAction":[{"@type":"SearchAction","target":{"@type":"EntryPoint","urlTemplate":"https:\/\/esthetiquenovani.com\/?s={search_term_string}"},"query-input":{"@type":"PropertyValueSpecification","valueRequired":true,"valueName":"search_term_string"}}],"inLanguage":"en-US"},{"@type":"Organization","@id":"https:\/\/esthetiquenovani.com\/#organization","name":"Esth\u00e9tique Huguette Turcotte","url":"https:\/\/esthetiquenovani.com\/","logo":{"@type":"ImageObject","inLanguage":"en-US","@id":"https:\/\/esthetiquenovani.com\/#\/schema\/logo\/image\/","url":"https:\/\/esthetiquenovani.com\/wp-content\/uploads\/2018\/01\/qui-sommes-nous.jpg","contentUrl":"https:\/\/esthetiquenovani.com\/wp-content\/uploads\/2018\/01\/qui-sommes-nous.jpg","width":637,"height":425,"caption":"Esth\u00e9tique Huguette Turcotte"},"image":{"@id":"https:\/\/esthetiquenovani.com\/#\/schema\/logo\/image\/"},"sameAs":["https:\/\/www.facebook.com\/esthetiquehturcotte"]}]}},"_links":{"self":[{"href":"https:\/\/esthetiquenovani.com\/en\/wp-json\/wp\/v2\/product\/3334","targetHints":{"allow":["GET"]}}],"collection":[{"href":"https:\/\/esthetiquenovani.com\/en\/wp-json\/wp\/v2\/product"}],"about":[{"href":"https:\/\/esthetiquenovani.com\/en\/wp-json\/wp\/v2\/types\/product"}],"wp:featuredmedia":[{"embeddable":true,"href":"https:\/\/esthetiquenovani.com\/en\/wp-json\/wp\/v2\/media\/5019"}],"wp:attachment":[{"href":"https:\/\/esthetiquenovani.com\/en\/wp-json\/wp\/v2\/media?parent=3334"}],"wp:term":[{"taxonomy":"product_brand","embeddable":true,"href":"https:\/\/esthetiquenovani.com\/en\/wp-json\/wp\/v2\/product_brand?post=3334"},{"taxonomy":"product_cat","embeddable":true,"href":"https:\/\/esthetiquenovani.com\/en\/wp-json\/wp\/v2\/product_cat?post=3334"},{"taxonomy":"product_tag","embeddable":true,"href":"https:\/\/esthetiquenovani.com\/en\/wp-json\/wp\/v2\/product_tag?post=3334"}],"curies":[{"name":"wp","href":"https:\/\/api.w.org\/{rel}","templated":true}]}}