{"id":3353,"date":"2020-03-24T17:11:46","date_gmt":"2020-03-24T21:11:46","guid":{"rendered":"https:\/\/esthetiquenovani.com\/produit\/dr-renaud-lotion-solaire-anti-age-large-spectre-fps-20-%e2%80%a2-corps\/"},"modified":"2026-02-05T11:08:37","modified_gmt":"2026-02-05T16:08:37","slug":"dr-renaud-lotion-solaire-anti-age-large-spectre-fps-20-%e2%80%a2-corps","status":"publish","type":"product","link":"https:\/\/esthetiquenovani.com\/en\/boutique\/gammes\/laboratoire-dr-renaud\/solaires-celldefense\/dr-renaud-lotion-solaire-anti-age-large-spectre-fps-20-%e2%80%a2-corps\/","title":{"rendered":"DR-Renaud &#8211; Lotion \u00c9cran (min\u00e9ral) Solaire Visage &amp; Corps &#8211; FPS 30"},"content":{"rendered":"","protected":false},"excerpt":{"rendered":"<div class=\"products-description\">\n<p>Formule de protection solaire con\u00e7ue pour toute peau intol\u00e9rante au soleil, aux filtres chimiques.<\/p>\n<p>Cette cr\u00e8me solaire est destin\u00e9e aux peaux momentan\u00e9ment sensibles comme pour les <strong>femmes enceintes<\/strong>, avant ou apr\u00e8s une chirurgie, apr\u00e8s les traitements \u00e9pilation au laser etc., incluant celle des enfants et des personnes <strong>ne d\u00e9sirant pas bronzer<\/strong>. Elle s\u2019\u00e9tend facilement, ne blanchit pas la peau, ne provoque pas de larmes et n&#8217;irrite pas les yeux.<\/p>\n<\/div>\n<ul>\n<li>Prot\u00e8ge des UVA et des UVB<br \/>\nRetarde l\u2019apparition des signes du vieillissement photo-induit caus\u00e9 par les rayons UVA, UVB et infrarouges<br \/>\nCon\u00e7ue pour tous les types de peau incluant les plus sensibles<br \/>\nId\u00e9ale pour toute la famille<br \/>\nPr\u00e9vient les r\u00e9actions de photosensibilit\u00e9<\/li>\n<\/ul>\n<div><\/div>\n<div>Appliquez\u00a015 minutes avant l\u2019exposition au soleil, appliquer g\u00e9n\u00e9reusement et uniform\u00e9ment sur la peau mouill\u00e9e, humide ou s\u00e8che. R\u00e9p\u00e9ter l\u2019application aux 2 heures.<\/div>\n<div>200 ml<\/div>\n","protected":false},"featured_media":224053,"template":"","meta":{"_et_pb_use_builder":"","_et_pb_old_content":"","_et_gb_content_width":""},"product_brand":[],"product_cat":[113,65,68,67,66],"product_tag":[],"class_list":{"0":"post-3353","1":"product","2":"type-product","3":"status-publish","4":"has-post-thumbnail","6":"product_cat-solaires-celldefense","7":"product_cat-corps","8":"product_cat-laboratoire-dr-renaud","9":"product_cat-solaire-corps","10":"product_cat-solaire","12":"first","13":"instock","14":"taxable","15":"shipping-taxable","16":"purchasable","17":"product-type-simple"},"yoast_head":"<!-- This site is optimized with the Yoast SEO plugin v27.4 - https:\/\/yoast.com\/product\/yoast-seo-wordpress\/ -->\n<title>DR-Renaud - Lotion \u00c9cran (min\u00e9ral) Solaire Visage &amp; Corps - FPS 30 &#8902; Clinique d&#039;Esth&eacute;tique Novani<\/title>\n<meta name=\"robots\" content=\"index, follow, max-snippet:-1, max-image-preview:large, max-video-preview:-1\" \/>\n<link rel=\"canonical\" href=\"https:\/\/esthetiquenovani.com\/boutique\/gammes\/laboratoire-dr-renaud\/solaires-celldefense\/dr-renaud-lotion-solaire-anti-age-large-spectre-fps-20-\u2022-corps\/\" \/>\n<meta property=\"og:locale\" content=\"en_US\" \/>\n<meta property=\"og:type\" content=\"article\" \/>\n<meta property=\"og:title\" content=\"DR-Renaud - Lotion \u00c9cran (min\u00e9ral) Solaire Visage &amp; Corps - FPS 30 &#8902; Clinique d&#039;Esth&eacute;tique Novani\" \/>\n<meta property=\"og:description\" content=\"Formule de protection solaire con\u00e7ue pour toute peau intol\u00e9rante au soleil, aux filtres chimiques.  Cette cr\u00e8me solaire est destin\u00e9e aux peaux momentan\u00e9ment sensibles comme pour les femmes enceintes, avant ou apr\u00e8s une chirurgie, apr\u00e8s les traitements \u00e9pilation au laser etc., incluant celle des enfants et des personnes ne d\u00e9sirant pas bronzer. Elle s\u2019\u00e9tend facilement, ne blanchit pas la peau, ne provoque pas de larmes et n&#039;irrite pas les yeux.     Prot\u00e8ge des UVA et des UVB Retarde l\u2019apparition des signes du vieillissement photo-induit caus\u00e9 par les rayons UVA, UVB et infrarouges Con\u00e7ue pour tous les types de peau incluant les plus sensibles Id\u00e9ale pour toute la famille Pr\u00e9vient les r\u00e9actions de photosensibilit\u00e9   Appliquez\u00a015 minutes avant l\u2019exposition au soleil, appliquer g\u00e9n\u00e9reusement et uniform\u00e9ment sur la peau mouill\u00e9e, humide ou s\u00e8che. R\u00e9p\u00e9ter l\u2019application aux 2 heures. 200 ml\" \/>\n<meta property=\"og:url\" content=\"https:\/\/esthetiquenovani.com\/boutique\/gammes\/laboratoire-dr-renaud\/solaires-celldefense\/dr-renaud-lotion-solaire-anti-age-large-spectre-fps-20-\u2022-corps\/\" \/>\n<meta property=\"og:site_name\" content=\"Clinique d&#039;Esth&eacute;tique Novani\" \/>\n<meta property=\"article:publisher\" content=\"https:\/\/www.facebook.com\/esthetiquehturcotte\" \/>\n<meta property=\"article:modified_time\" content=\"2026-02-05T16:08:37+00:00\" \/>\n<meta property=\"og:image\" content=\"https:\/\/esthetiquenovani.com\/wp-content\/uploads\/2020\/03\/Lotion-ecran-solaire-Laboratoire-Dr-Renaud.webp\" \/>\n\t<meta property=\"og:image:width\" content=\"590\" \/>\n\t<meta property=\"og:image:height\" content=\"590\" \/>\n\t<meta property=\"og:image:type\" content=\"image\/webp\" \/>\n<meta name=\"twitter:card\" content=\"summary_large_image\" \/>\n<script type=\"application\/ld+json\" class=\"yoast-schema-graph\">{\"@context\":\"https:\\\/\\\/schema.org\",\"@graph\":[{\"@type\":\"WebPage\",\"@id\":\"https:\\\/\\\/esthetiquenovani.com\\\/boutique\\\/gammes\\\/laboratoire-dr-renaud\\\/solaires-celldefense\\\/dr-renaud-lotion-solaire-anti-age-large-spectre-fps-20-%e2%80%a2-corps\\\/\",\"url\":\"https:\\\/\\\/esthetiquenovani.com\\\/boutique\\\/gammes\\\/laboratoire-dr-renaud\\\/solaires-celldefense\\\/dr-renaud-lotion-solaire-anti-age-large-spectre-fps-20-%e2%80%a2-corps\\\/\",\"name\":\"DR-Renaud - Lotion \u00c9cran (min\u00e9ral) Solaire Visage &amp; Corps - FPS 30 &#8902; Clinique d'Esth&eacute;tique Novani\",\"isPartOf\":{\"@id\":\"https:\\\/\\\/esthetiquenovani.com\\\/#website\"},\"primaryImageOfPage\":{\"@id\":\"https:\\\/\\\/esthetiquenovani.com\\\/boutique\\\/gammes\\\/laboratoire-dr-renaud\\\/solaires-celldefense\\\/dr-renaud-lotion-solaire-anti-age-large-spectre-fps-20-%e2%80%a2-corps\\\/#primaryimage\"},\"image\":{\"@id\":\"https:\\\/\\\/esthetiquenovani.com\\\/boutique\\\/gammes\\\/laboratoire-dr-renaud\\\/solaires-celldefense\\\/dr-renaud-lotion-solaire-anti-age-large-spectre-fps-20-%e2%80%a2-corps\\\/#primaryimage\"},\"thumbnailUrl\":\"https:\\\/\\\/esthetiquenovani.com\\\/wp-content\\\/uploads\\\/2020\\\/03\\\/Lotion-ecran-solaire-Laboratoire-Dr-Renaud.webp\",\"datePublished\":\"2020-03-24T21:11:46+00:00\",\"dateModified\":\"2026-02-05T16:08:37+00:00\",\"breadcrumb\":{\"@id\":\"https:\\\/\\\/esthetiquenovani.com\\\/boutique\\\/gammes\\\/laboratoire-dr-renaud\\\/solaires-celldefense\\\/dr-renaud-lotion-solaire-anti-age-large-spectre-fps-20-%e2%80%a2-corps\\\/#breadcrumb\"},\"inLanguage\":\"en-US\",\"potentialAction\":[{\"@type\":\"ReadAction\",\"target\":[\"https:\\\/\\\/esthetiquenovani.com\\\/boutique\\\/gammes\\\/laboratoire-dr-renaud\\\/solaires-celldefense\\\/dr-renaud-lotion-solaire-anti-age-large-spectre-fps-20-%e2%80%a2-corps\\\/\"]}]},{\"@type\":\"ImageObject\",\"inLanguage\":\"en-US\",\"@id\":\"https:\\\/\\\/esthetiquenovani.com\\\/boutique\\\/gammes\\\/laboratoire-dr-renaud\\\/solaires-celldefense\\\/dr-renaud-lotion-solaire-anti-age-large-spectre-fps-20-%e2%80%a2-corps\\\/#primaryimage\",\"url\":\"https:\\\/\\\/esthetiquenovani.com\\\/wp-content\\\/uploads\\\/2020\\\/03\\\/Lotion-ecran-solaire-Laboratoire-Dr-Renaud.webp\",\"contentUrl\":\"https:\\\/\\\/esthetiquenovani.com\\\/wp-content\\\/uploads\\\/2020\\\/03\\\/Lotion-ecran-solaire-Laboratoire-Dr-Renaud.webp\",\"width\":590,\"height\":590,\"caption\":\"Lotion \u00e9cran solaire Visage et Corps - Laboratoire Dr Renaud - Longueuil\"},{\"@type\":\"BreadcrumbList\",\"@id\":\"https:\\\/\\\/esthetiquenovani.com\\\/boutique\\\/gammes\\\/laboratoire-dr-renaud\\\/solaires-celldefense\\\/dr-renaud-lotion-solaire-anti-age-large-spectre-fps-20-%e2%80%a2-corps\\\/#breadcrumb\",\"itemListElement\":[{\"@type\":\"ListItem\",\"position\":1,\"name\":\"Accueil\",\"item\":\"https:\\\/\\\/esthetiquenovani.com\\\/en\\\/\"},{\"@type\":\"ListItem\",\"position\":2,\"name\":\"Boutique\",\"item\":\"https:\\\/\\\/esthetiquenovani.com\\\/boutique\\\/\"},{\"@type\":\"ListItem\",\"position\":3,\"name\":\"DR-Renaud &#8211; Lotion \u00c9cran (min\u00e9ral) Solaire Visage &amp; Corps &#8211; FPS 30\"}]},{\"@type\":\"WebSite\",\"@id\":\"https:\\\/\\\/esthetiquenovani.com\\\/#website\",\"url\":\"https:\\\/\\\/esthetiquenovani.com\\\/\",\"name\":\"Clinique d'Esth&eacute;tique Novani\",\"description\":\"Brossard, Longueil &amp; Chambly\",\"publisher\":{\"@id\":\"https:\\\/\\\/esthetiquenovani.com\\\/#organization\"},\"potentialAction\":[{\"@type\":\"SearchAction\",\"target\":{\"@type\":\"EntryPoint\",\"urlTemplate\":\"https:\\\/\\\/esthetiquenovani.com\\\/?s={search_term_string}\"},\"query-input\":{\"@type\":\"PropertyValueSpecification\",\"valueRequired\":true,\"valueName\":\"search_term_string\"}}],\"inLanguage\":\"en-US\"},{\"@type\":\"Organization\",\"@id\":\"https:\\\/\\\/esthetiquenovani.com\\\/#organization\",\"name\":\"Esth\u00e9tique Huguette Turcotte\",\"url\":\"https:\\\/\\\/esthetiquenovani.com\\\/\",\"logo\":{\"@type\":\"ImageObject\",\"inLanguage\":\"en-US\",\"@id\":\"https:\\\/\\\/esthetiquenovani.com\\\/#\\\/schema\\\/logo\\\/image\\\/\",\"url\":\"https:\\\/\\\/esthetiquenovani.com\\\/wp-content\\\/uploads\\\/2018\\\/01\\\/qui-sommes-nous.jpg\",\"contentUrl\":\"https:\\\/\\\/esthetiquenovani.com\\\/wp-content\\\/uploads\\\/2018\\\/01\\\/qui-sommes-nous.jpg\",\"width\":637,\"height\":425,\"caption\":\"Esth\u00e9tique Huguette Turcotte\"},\"image\":{\"@id\":\"https:\\\/\\\/esthetiquenovani.com\\\/#\\\/schema\\\/logo\\\/image\\\/\"},\"sameAs\":[\"https:\\\/\\\/www.facebook.com\\\/esthetiquehturcotte\"]}]}<\/script>\n<!-- \/ Yoast SEO plugin. -->","yoast_head_json":{"title":"DR-Renaud - Lotion \u00c9cran (min\u00e9ral) Solaire Visage &amp; Corps - FPS 30 &#8902; Clinique d'Esth&eacute;tique Novani","robots":{"index":"index","follow":"follow","max-snippet":"max-snippet:-1","max-image-preview":"max-image-preview:large","max-video-preview":"max-video-preview:-1"},"canonical":"https:\/\/esthetiquenovani.com\/boutique\/gammes\/laboratoire-dr-renaud\/solaires-celldefense\/dr-renaud-lotion-solaire-anti-age-large-spectre-fps-20-\u2022-corps\/","og_locale":"en_US","og_type":"article","og_title":"DR-Renaud - Lotion \u00c9cran (min\u00e9ral) Solaire Visage &amp; Corps - FPS 30 &#8902; Clinique d'Esth&eacute;tique Novani","og_description":"Formule de protection solaire con\u00e7ue pour toute peau intol\u00e9rante au soleil, aux filtres chimiques.  Cette cr\u00e8me solaire est destin\u00e9e aux peaux momentan\u00e9ment sensibles comme pour les femmes enceintes, avant ou apr\u00e8s une chirurgie, apr\u00e8s les traitements \u00e9pilation au laser etc., incluant celle des enfants et des personnes ne d\u00e9sirant pas bronzer. Elle s\u2019\u00e9tend facilement, ne blanchit pas la peau, ne provoque pas de larmes et n'irrite pas les yeux.     Prot\u00e8ge des UVA et des UVB Retarde l\u2019apparition des signes du vieillissement photo-induit caus\u00e9 par les rayons UVA, UVB et infrarouges Con\u00e7ue pour tous les types de peau incluant les plus sensibles Id\u00e9ale pour toute la famille Pr\u00e9vient les r\u00e9actions de photosensibilit\u00e9   Appliquez\u00a015 minutes avant l\u2019exposition au soleil, appliquer g\u00e9n\u00e9reusement et uniform\u00e9ment sur la peau mouill\u00e9e, humide ou s\u00e8che. R\u00e9p\u00e9ter l\u2019application aux 2 heures. 200 ml","og_url":"https:\/\/esthetiquenovani.com\/boutique\/gammes\/laboratoire-dr-renaud\/solaires-celldefense\/dr-renaud-lotion-solaire-anti-age-large-spectre-fps-20-\u2022-corps\/","og_site_name":"Clinique d'Esth&eacute;tique Novani","article_publisher":"https:\/\/www.facebook.com\/esthetiquehturcotte","article_modified_time":"2026-02-05T16:08:37+00:00","og_image":[{"width":590,"height":590,"url":"https:\/\/esthetiquenovani.com\/wp-content\/uploads\/2020\/03\/Lotion-ecran-solaire-Laboratoire-Dr-Renaud.webp","type":"image\/webp"}],"twitter_card":"summary_large_image","schema":{"@context":"https:\/\/schema.org","@graph":[{"@type":"WebPage","@id":"https:\/\/esthetiquenovani.com\/boutique\/gammes\/laboratoire-dr-renaud\/solaires-celldefense\/dr-renaud-lotion-solaire-anti-age-large-spectre-fps-20-%e2%80%a2-corps\/","url":"https:\/\/esthetiquenovani.com\/boutique\/gammes\/laboratoire-dr-renaud\/solaires-celldefense\/dr-renaud-lotion-solaire-anti-age-large-spectre-fps-20-%e2%80%a2-corps\/","name":"DR-Renaud - Lotion \u00c9cran (min\u00e9ral) Solaire Visage &amp; Corps - FPS 30 &#8902; Clinique d'Esth&eacute;tique Novani","isPartOf":{"@id":"https:\/\/esthetiquenovani.com\/#website"},"primaryImageOfPage":{"@id":"https:\/\/esthetiquenovani.com\/boutique\/gammes\/laboratoire-dr-renaud\/solaires-celldefense\/dr-renaud-lotion-solaire-anti-age-large-spectre-fps-20-%e2%80%a2-corps\/#primaryimage"},"image":{"@id":"https:\/\/esthetiquenovani.com\/boutique\/gammes\/laboratoire-dr-renaud\/solaires-celldefense\/dr-renaud-lotion-solaire-anti-age-large-spectre-fps-20-%e2%80%a2-corps\/#primaryimage"},"thumbnailUrl":"https:\/\/esthetiquenovani.com\/wp-content\/uploads\/2020\/03\/Lotion-ecran-solaire-Laboratoire-Dr-Renaud.webp","datePublished":"2020-03-24T21:11:46+00:00","dateModified":"2026-02-05T16:08:37+00:00","breadcrumb":{"@id":"https:\/\/esthetiquenovani.com\/boutique\/gammes\/laboratoire-dr-renaud\/solaires-celldefense\/dr-renaud-lotion-solaire-anti-age-large-spectre-fps-20-%e2%80%a2-corps\/#breadcrumb"},"inLanguage":"en-US","potentialAction":[{"@type":"ReadAction","target":["https:\/\/esthetiquenovani.com\/boutique\/gammes\/laboratoire-dr-renaud\/solaires-celldefense\/dr-renaud-lotion-solaire-anti-age-large-spectre-fps-20-%e2%80%a2-corps\/"]}]},{"@type":"ImageObject","inLanguage":"en-US","@id":"https:\/\/esthetiquenovani.com\/boutique\/gammes\/laboratoire-dr-renaud\/solaires-celldefense\/dr-renaud-lotion-solaire-anti-age-large-spectre-fps-20-%e2%80%a2-corps\/#primaryimage","url":"https:\/\/esthetiquenovani.com\/wp-content\/uploads\/2020\/03\/Lotion-ecran-solaire-Laboratoire-Dr-Renaud.webp","contentUrl":"https:\/\/esthetiquenovani.com\/wp-content\/uploads\/2020\/03\/Lotion-ecran-solaire-Laboratoire-Dr-Renaud.webp","width":590,"height":590,"caption":"Lotion \u00e9cran solaire Visage et Corps - Laboratoire Dr Renaud - Longueuil"},{"@type":"BreadcrumbList","@id":"https:\/\/esthetiquenovani.com\/boutique\/gammes\/laboratoire-dr-renaud\/solaires-celldefense\/dr-renaud-lotion-solaire-anti-age-large-spectre-fps-20-%e2%80%a2-corps\/#breadcrumb","itemListElement":[{"@type":"ListItem","position":1,"name":"Accueil","item":"https:\/\/esthetiquenovani.com\/en\/"},{"@type":"ListItem","position":2,"name":"Boutique","item":"https:\/\/esthetiquenovani.com\/boutique\/"},{"@type":"ListItem","position":3,"name":"DR-Renaud &#8211; Lotion \u00c9cran (min\u00e9ral) Solaire Visage &amp; Corps &#8211; FPS 30"}]},{"@type":"WebSite","@id":"https:\/\/esthetiquenovani.com\/#website","url":"https:\/\/esthetiquenovani.com\/","name":"Clinique d'Esth&eacute;tique Novani","description":"Brossard, Longueil &amp; Chambly","publisher":{"@id":"https:\/\/esthetiquenovani.com\/#organization"},"potentialAction":[{"@type":"SearchAction","target":{"@type":"EntryPoint","urlTemplate":"https:\/\/esthetiquenovani.com\/?s={search_term_string}"},"query-input":{"@type":"PropertyValueSpecification","valueRequired":true,"valueName":"search_term_string"}}],"inLanguage":"en-US"},{"@type":"Organization","@id":"https:\/\/esthetiquenovani.com\/#organization","name":"Esth\u00e9tique Huguette Turcotte","url":"https:\/\/esthetiquenovani.com\/","logo":{"@type":"ImageObject","inLanguage":"en-US","@id":"https:\/\/esthetiquenovani.com\/#\/schema\/logo\/image\/","url":"https:\/\/esthetiquenovani.com\/wp-content\/uploads\/2018\/01\/qui-sommes-nous.jpg","contentUrl":"https:\/\/esthetiquenovani.com\/wp-content\/uploads\/2018\/01\/qui-sommes-nous.jpg","width":637,"height":425,"caption":"Esth\u00e9tique Huguette Turcotte"},"image":{"@id":"https:\/\/esthetiquenovani.com\/#\/schema\/logo\/image\/"},"sameAs":["https:\/\/www.facebook.com\/esthetiquehturcotte"]}]}},"_links":{"self":[{"href":"https:\/\/esthetiquenovani.com\/en\/wp-json\/wp\/v2\/product\/3353","targetHints":{"allow":["GET"]}}],"collection":[{"href":"https:\/\/esthetiquenovani.com\/en\/wp-json\/wp\/v2\/product"}],"about":[{"href":"https:\/\/esthetiquenovani.com\/en\/wp-json\/wp\/v2\/types\/product"}],"wp:featuredmedia":[{"embeddable":true,"href":"https:\/\/esthetiquenovani.com\/en\/wp-json\/wp\/v2\/media\/224053"}],"wp:attachment":[{"href":"https:\/\/esthetiquenovani.com\/en\/wp-json\/wp\/v2\/media?parent=3353"}],"wp:term":[{"taxonomy":"product_brand","embeddable":true,"href":"https:\/\/esthetiquenovani.com\/en\/wp-json\/wp\/v2\/product_brand?post=3353"},{"taxonomy":"product_cat","embeddable":true,"href":"https:\/\/esthetiquenovani.com\/en\/wp-json\/wp\/v2\/product_cat?post=3353"},{"taxonomy":"product_tag","embeddable":true,"href":"https:\/\/esthetiquenovani.com\/en\/wp-json\/wp\/v2\/product_tag?post=3353"}],"curies":[{"name":"wp","href":"https:\/\/api.w.org\/{rel}","templated":true}]}}