{"id":3355,"date":"2020-03-24T17:16:05","date_gmt":"2020-03-24T21:16:05","guid":{"rendered":"https:\/\/esthetiquenovani.com\/produit\/dr-renaud-lotion-ecran-solaire-large-spectre-fps-30-%e2%80%a2-visage-corps\/"},"modified":"2026-02-05T11:05:41","modified_gmt":"2026-02-05T16:05:41","slug":"dr-renaud-lotion-ecran-solaire-large-spectre-fps-30-%e2%80%a2-visage-corps","status":"publish","type":"product","link":"https:\/\/esthetiquenovani.com\/en\/boutique\/gammes\/laboratoire-dr-renaud\/solaires-celldefense\/dr-renaud-lotion-ecran-solaire-large-spectre-fps-30-%e2%80%a2-visage-corps\/","title":{"rendered":"Dr Renaud &#8211;  Lotion solaire corps \u00e0 large spectre FPS 30"},"content":{"rendered":"","protected":false},"excerpt":{"rendered":"<div class=\"products-description\">\n<p>Soin solaire haute protection ultradoux, anti-sable pour une s\u00e9curit\u00e9 &amp; protection optimales.<\/p>\n<ul>\n<li>con\u00e7u pour toute peau intol\u00e9rante (au soleil, aux filtres chimiques), ou sensible (femmes enceintes, avant et\/ou apr\u00e8s une chirurgie, un traitement au laser, une dermabrasion, etc.) incluant celle des enfants et des personnes ne d\u00e9sirant pas bronzer<\/li>\n<li>s\u2019\u00e9tale facilement, ne blanchit pas, ne pique pas les yeux, ne les fait pas pleurer<\/li>\n<li>efficace d\u00e8s l\u2019application<\/li>\n<li>retarde l\u2019apparition des signes de vieillissement photo-induit d\u00fb aux UVA, UVB et Infrarouges<\/li>\n<li>pr\u00e9vient les r\u00e9actions de photosensibilit\u00e9<\/li>\n<\/ul>\n<\/div>\n<p><a class=\"directions-use-link toggle is-opened\" href=\"http:\/\/ldrenaud.com\/fr\/produits\/lotion-ecran-solaire-large-spectre-fps-30-%E2%80%A2-visage-corps\/101#\">Conseils d\u2019utilisation<\/a><\/p>\n<div class=\"directions-use-content visible\">15 minutes avant l\u2019exposition au soleil, appliquer g\u00e9n\u00e9reusement et uniform\u00e9ment sur le visage et le corps. R\u00e9p\u00e9ter l\u2019application aux 2 heures et apr\u00e8s la baignade ou transpiration excessive.<\/div>\n<div>200 ml<\/div>\n","protected":false},"featured_media":7531,"template":"","meta":{"_et_pb_use_builder":"","_et_pb_old_content":"","_et_gb_content_width":""},"product_brand":[],"product_cat":[113,65,68,66,67],"product_tag":[],"class_list":{"0":"post-3355","1":"product","2":"type-product","3":"status-publish","4":"has-post-thumbnail","6":"product_cat-solaires-celldefense","7":"product_cat-corps","8":"product_cat-laboratoire-dr-renaud","9":"product_cat-solaire","10":"product_cat-solaire-corps","12":"first","13":"instock","14":"taxable","15":"shipping-taxable","16":"purchasable","17":"product-type-simple"},"yoast_head":"<!-- This site is optimized with the Yoast SEO plugin v27.4 - https:\/\/yoast.com\/product\/yoast-seo-wordpress\/ -->\n<title>cr\u00e8me solaire - \u00e9cran min\u00e9ral - pour le corps haute protection - Longueuil<\/title>\n<meta name=\"description\" content=\"cr\u00e8me \u00e9cran solaire \u00e0 large spectre avec anti-\u00e2ge, respect des coraux, id\u00e9al pour les personnes qui font de l&#039;\u00e9pilation laser\" \/>\n<meta name=\"robots\" content=\"index, follow, max-snippet:-1, max-image-preview:large, max-video-preview:-1\" \/>\n<link rel=\"canonical\" href=\"https:\/\/esthetiquenovani.com\/boutique\/gammes\/laboratoire-dr-renaud\/solaires-celldefense\/dr-renaud-lotion-ecran-solaire-large-spectre-fps-30-\u2022-visage-corps\/\" \/>\n<meta property=\"og:locale\" content=\"en_US\" \/>\n<meta property=\"og:type\" content=\"article\" \/>\n<meta property=\"og:title\" content=\"cr\u00e8me solaire - \u00e9cran min\u00e9ral - pour le corps haute protection - Longueuil\" \/>\n<meta property=\"og:description\" content=\"cr\u00e8me \u00e9cran solaire \u00e0 large spectre avec anti-\u00e2ge, respect des coraux, id\u00e9al pour les personnes qui font de l&#039;\u00e9pilation laser\" \/>\n<meta property=\"og:url\" content=\"https:\/\/esthetiquenovani.com\/boutique\/gammes\/laboratoire-dr-renaud\/solaires-celldefense\/dr-renaud-lotion-ecran-solaire-large-spectre-fps-30-\u2022-visage-corps\/\" \/>\n<meta property=\"og:site_name\" content=\"Clinique d&#039;Esth&eacute;tique Novani\" \/>\n<meta property=\"article:publisher\" content=\"https:\/\/www.facebook.com\/esthetiquehturcotte\" \/>\n<meta property=\"article:modified_time\" content=\"2026-02-05T16:05:41+00:00\" \/>\n<meta property=\"og:image\" content=\"https:\/\/esthetiquenovani.com\/wp-content\/uploads\/2020\/03\/50106618-SunscreenLotion_Body_SPF30_200ml.png\" \/>\n\t<meta property=\"og:image:width\" content=\"1000\" \/>\n\t<meta property=\"og:image:height\" content=\"1000\" \/>\n\t<meta property=\"og:image:type\" content=\"image\/png\" \/>\n<meta name=\"twitter:card\" content=\"summary_large_image\" \/>\n<script type=\"application\/ld+json\" class=\"yoast-schema-graph\">{\"@context\":\"https:\\\/\\\/schema.org\",\"@graph\":[{\"@type\":\"WebPage\",\"@id\":\"https:\\\/\\\/esthetiquenovani.com\\\/boutique\\\/gammes\\\/laboratoire-dr-renaud\\\/solaires-celldefense\\\/dr-renaud-lotion-ecran-solaire-large-spectre-fps-30-%e2%80%a2-visage-corps\\\/\",\"url\":\"https:\\\/\\\/esthetiquenovani.com\\\/boutique\\\/gammes\\\/laboratoire-dr-renaud\\\/solaires-celldefense\\\/dr-renaud-lotion-ecran-solaire-large-spectre-fps-30-%e2%80%a2-visage-corps\\\/\",\"name\":\"cr\u00e8me solaire - \u00e9cran min\u00e9ral - pour le corps haute protection - Longueuil\",\"isPartOf\":{\"@id\":\"https:\\\/\\\/esthetiquenovani.com\\\/#website\"},\"primaryImageOfPage\":{\"@id\":\"https:\\\/\\\/esthetiquenovani.com\\\/boutique\\\/gammes\\\/laboratoire-dr-renaud\\\/solaires-celldefense\\\/dr-renaud-lotion-ecran-solaire-large-spectre-fps-30-%e2%80%a2-visage-corps\\\/#primaryimage\"},\"image\":{\"@id\":\"https:\\\/\\\/esthetiquenovani.com\\\/boutique\\\/gammes\\\/laboratoire-dr-renaud\\\/solaires-celldefense\\\/dr-renaud-lotion-ecran-solaire-large-spectre-fps-30-%e2%80%a2-visage-corps\\\/#primaryimage\"},\"thumbnailUrl\":\"https:\\\/\\\/esthetiquenovani.com\\\/wp-content\\\/uploads\\\/2020\\\/03\\\/50106618-SunscreenLotion_Body_SPF30_200ml.png\",\"datePublished\":\"2020-03-24T21:16:05+00:00\",\"dateModified\":\"2026-02-05T16:05:41+00:00\",\"description\":\"cr\u00e8me \u00e9cran solaire \u00e0 large spectre avec anti-\u00e2ge, respect des coraux, id\u00e9al pour les personnes qui font de l'\u00e9pilation laser\",\"breadcrumb\":{\"@id\":\"https:\\\/\\\/esthetiquenovani.com\\\/boutique\\\/gammes\\\/laboratoire-dr-renaud\\\/solaires-celldefense\\\/dr-renaud-lotion-ecran-solaire-large-spectre-fps-30-%e2%80%a2-visage-corps\\\/#breadcrumb\"},\"inLanguage\":\"en-US\",\"potentialAction\":[{\"@type\":\"ReadAction\",\"target\":[\"https:\\\/\\\/esthetiquenovani.com\\\/boutique\\\/gammes\\\/laboratoire-dr-renaud\\\/solaires-celldefense\\\/dr-renaud-lotion-ecran-solaire-large-spectre-fps-30-%e2%80%a2-visage-corps\\\/\"]}]},{\"@type\":\"ImageObject\",\"inLanguage\":\"en-US\",\"@id\":\"https:\\\/\\\/esthetiquenovani.com\\\/boutique\\\/gammes\\\/laboratoire-dr-renaud\\\/solaires-celldefense\\\/dr-renaud-lotion-ecran-solaire-large-spectre-fps-30-%e2%80%a2-visage-corps\\\/#primaryimage\",\"url\":\"https:\\\/\\\/esthetiquenovani.com\\\/wp-content\\\/uploads\\\/2020\\\/03\\\/50106618-SunscreenLotion_Body_SPF30_200ml.png\",\"contentUrl\":\"https:\\\/\\\/esthetiquenovani.com\\\/wp-content\\\/uploads\\\/2020\\\/03\\\/50106618-SunscreenLotion_Body_SPF30_200ml.png\",\"width\":1000,\"height\":1000,\"caption\":\"Laboratoire Dr Renaud - Lotion solaire visage et corps - Longueuil\"},{\"@type\":\"BreadcrumbList\",\"@id\":\"https:\\\/\\\/esthetiquenovani.com\\\/boutique\\\/gammes\\\/laboratoire-dr-renaud\\\/solaires-celldefense\\\/dr-renaud-lotion-ecran-solaire-large-spectre-fps-30-%e2%80%a2-visage-corps\\\/#breadcrumb\",\"itemListElement\":[{\"@type\":\"ListItem\",\"position\":1,\"name\":\"Accueil\",\"item\":\"https:\\\/\\\/esthetiquenovani.com\\\/en\\\/\"},{\"@type\":\"ListItem\",\"position\":2,\"name\":\"Boutique\",\"item\":\"https:\\\/\\\/esthetiquenovani.com\\\/boutique\\\/\"},{\"@type\":\"ListItem\",\"position\":3,\"name\":\"Dr Renaud &#8211; Lotion solaire corps \u00e0 large spectre FPS 30\"}]},{\"@type\":\"WebSite\",\"@id\":\"https:\\\/\\\/esthetiquenovani.com\\\/#website\",\"url\":\"https:\\\/\\\/esthetiquenovani.com\\\/\",\"name\":\"Clinique d'Esth&eacute;tique Novani\",\"description\":\"Brossard, Longueil &amp; Chambly\",\"publisher\":{\"@id\":\"https:\\\/\\\/esthetiquenovani.com\\\/#organization\"},\"potentialAction\":[{\"@type\":\"SearchAction\",\"target\":{\"@type\":\"EntryPoint\",\"urlTemplate\":\"https:\\\/\\\/esthetiquenovani.com\\\/?s={search_term_string}\"},\"query-input\":{\"@type\":\"PropertyValueSpecification\",\"valueRequired\":true,\"valueName\":\"search_term_string\"}}],\"inLanguage\":\"en-US\"},{\"@type\":\"Organization\",\"@id\":\"https:\\\/\\\/esthetiquenovani.com\\\/#organization\",\"name\":\"Esth\u00e9tique Huguette Turcotte\",\"url\":\"https:\\\/\\\/esthetiquenovani.com\\\/\",\"logo\":{\"@type\":\"ImageObject\",\"inLanguage\":\"en-US\",\"@id\":\"https:\\\/\\\/esthetiquenovani.com\\\/#\\\/schema\\\/logo\\\/image\\\/\",\"url\":\"https:\\\/\\\/esthetiquenovani.com\\\/wp-content\\\/uploads\\\/2018\\\/01\\\/qui-sommes-nous.jpg\",\"contentUrl\":\"https:\\\/\\\/esthetiquenovani.com\\\/wp-content\\\/uploads\\\/2018\\\/01\\\/qui-sommes-nous.jpg\",\"width\":637,\"height\":425,\"caption\":\"Esth\u00e9tique Huguette Turcotte\"},\"image\":{\"@id\":\"https:\\\/\\\/esthetiquenovani.com\\\/#\\\/schema\\\/logo\\\/image\\\/\"},\"sameAs\":[\"https:\\\/\\\/www.facebook.com\\\/esthetiquehturcotte\"]}]}<\/script>\n<!-- \/ Yoast SEO plugin. -->","yoast_head_json":{"title":"cr\u00e8me solaire - \u00e9cran min\u00e9ral - pour le corps haute protection - Longueuil","description":"cr\u00e8me \u00e9cran solaire \u00e0 large spectre avec anti-\u00e2ge, respect des coraux, id\u00e9al pour les personnes qui font de l'\u00e9pilation laser","robots":{"index":"index","follow":"follow","max-snippet":"max-snippet:-1","max-image-preview":"max-image-preview:large","max-video-preview":"max-video-preview:-1"},"canonical":"https:\/\/esthetiquenovani.com\/boutique\/gammes\/laboratoire-dr-renaud\/solaires-celldefense\/dr-renaud-lotion-ecran-solaire-large-spectre-fps-30-\u2022-visage-corps\/","og_locale":"en_US","og_type":"article","og_title":"cr\u00e8me solaire - \u00e9cran min\u00e9ral - pour le corps haute protection - Longueuil","og_description":"cr\u00e8me \u00e9cran solaire \u00e0 large spectre avec anti-\u00e2ge, respect des coraux, id\u00e9al pour les personnes qui font de l'\u00e9pilation laser","og_url":"https:\/\/esthetiquenovani.com\/boutique\/gammes\/laboratoire-dr-renaud\/solaires-celldefense\/dr-renaud-lotion-ecran-solaire-large-spectre-fps-30-\u2022-visage-corps\/","og_site_name":"Clinique d'Esth&eacute;tique Novani","article_publisher":"https:\/\/www.facebook.com\/esthetiquehturcotte","article_modified_time":"2026-02-05T16:05:41+00:00","og_image":[{"width":1000,"height":1000,"url":"https:\/\/esthetiquenovani.com\/wp-content\/uploads\/2020\/03\/50106618-SunscreenLotion_Body_SPF30_200ml.png","type":"image\/png"}],"twitter_card":"summary_large_image","schema":{"@context":"https:\/\/schema.org","@graph":[{"@type":"WebPage","@id":"https:\/\/esthetiquenovani.com\/boutique\/gammes\/laboratoire-dr-renaud\/solaires-celldefense\/dr-renaud-lotion-ecran-solaire-large-spectre-fps-30-%e2%80%a2-visage-corps\/","url":"https:\/\/esthetiquenovani.com\/boutique\/gammes\/laboratoire-dr-renaud\/solaires-celldefense\/dr-renaud-lotion-ecran-solaire-large-spectre-fps-30-%e2%80%a2-visage-corps\/","name":"cr\u00e8me solaire - \u00e9cran min\u00e9ral - pour le corps haute protection - Longueuil","isPartOf":{"@id":"https:\/\/esthetiquenovani.com\/#website"},"primaryImageOfPage":{"@id":"https:\/\/esthetiquenovani.com\/boutique\/gammes\/laboratoire-dr-renaud\/solaires-celldefense\/dr-renaud-lotion-ecran-solaire-large-spectre-fps-30-%e2%80%a2-visage-corps\/#primaryimage"},"image":{"@id":"https:\/\/esthetiquenovani.com\/boutique\/gammes\/laboratoire-dr-renaud\/solaires-celldefense\/dr-renaud-lotion-ecran-solaire-large-spectre-fps-30-%e2%80%a2-visage-corps\/#primaryimage"},"thumbnailUrl":"https:\/\/esthetiquenovani.com\/wp-content\/uploads\/2020\/03\/50106618-SunscreenLotion_Body_SPF30_200ml.png","datePublished":"2020-03-24T21:16:05+00:00","dateModified":"2026-02-05T16:05:41+00:00","description":"cr\u00e8me \u00e9cran solaire \u00e0 large spectre avec anti-\u00e2ge, respect des coraux, id\u00e9al pour les personnes qui font de l'\u00e9pilation laser","breadcrumb":{"@id":"https:\/\/esthetiquenovani.com\/boutique\/gammes\/laboratoire-dr-renaud\/solaires-celldefense\/dr-renaud-lotion-ecran-solaire-large-spectre-fps-30-%e2%80%a2-visage-corps\/#breadcrumb"},"inLanguage":"en-US","potentialAction":[{"@type":"ReadAction","target":["https:\/\/esthetiquenovani.com\/boutique\/gammes\/laboratoire-dr-renaud\/solaires-celldefense\/dr-renaud-lotion-ecran-solaire-large-spectre-fps-30-%e2%80%a2-visage-corps\/"]}]},{"@type":"ImageObject","inLanguage":"en-US","@id":"https:\/\/esthetiquenovani.com\/boutique\/gammes\/laboratoire-dr-renaud\/solaires-celldefense\/dr-renaud-lotion-ecran-solaire-large-spectre-fps-30-%e2%80%a2-visage-corps\/#primaryimage","url":"https:\/\/esthetiquenovani.com\/wp-content\/uploads\/2020\/03\/50106618-SunscreenLotion_Body_SPF30_200ml.png","contentUrl":"https:\/\/esthetiquenovani.com\/wp-content\/uploads\/2020\/03\/50106618-SunscreenLotion_Body_SPF30_200ml.png","width":1000,"height":1000,"caption":"Laboratoire Dr Renaud - Lotion solaire visage et corps - Longueuil"},{"@type":"BreadcrumbList","@id":"https:\/\/esthetiquenovani.com\/boutique\/gammes\/laboratoire-dr-renaud\/solaires-celldefense\/dr-renaud-lotion-ecran-solaire-large-spectre-fps-30-%e2%80%a2-visage-corps\/#breadcrumb","itemListElement":[{"@type":"ListItem","position":1,"name":"Accueil","item":"https:\/\/esthetiquenovani.com\/en\/"},{"@type":"ListItem","position":2,"name":"Boutique","item":"https:\/\/esthetiquenovani.com\/boutique\/"},{"@type":"ListItem","position":3,"name":"Dr Renaud &#8211; Lotion solaire corps \u00e0 large spectre FPS 30"}]},{"@type":"WebSite","@id":"https:\/\/esthetiquenovani.com\/#website","url":"https:\/\/esthetiquenovani.com\/","name":"Clinique d'Esth&eacute;tique Novani","description":"Brossard, Longueil &amp; Chambly","publisher":{"@id":"https:\/\/esthetiquenovani.com\/#organization"},"potentialAction":[{"@type":"SearchAction","target":{"@type":"EntryPoint","urlTemplate":"https:\/\/esthetiquenovani.com\/?s={search_term_string}"},"query-input":{"@type":"PropertyValueSpecification","valueRequired":true,"valueName":"search_term_string"}}],"inLanguage":"en-US"},{"@type":"Organization","@id":"https:\/\/esthetiquenovani.com\/#organization","name":"Esth\u00e9tique Huguette Turcotte","url":"https:\/\/esthetiquenovani.com\/","logo":{"@type":"ImageObject","inLanguage":"en-US","@id":"https:\/\/esthetiquenovani.com\/#\/schema\/logo\/image\/","url":"https:\/\/esthetiquenovani.com\/wp-content\/uploads\/2018\/01\/qui-sommes-nous.jpg","contentUrl":"https:\/\/esthetiquenovani.com\/wp-content\/uploads\/2018\/01\/qui-sommes-nous.jpg","width":637,"height":425,"caption":"Esth\u00e9tique Huguette Turcotte"},"image":{"@id":"https:\/\/esthetiquenovani.com\/#\/schema\/logo\/image\/"},"sameAs":["https:\/\/www.facebook.com\/esthetiquehturcotte"]}]}},"_links":{"self":[{"href":"https:\/\/esthetiquenovani.com\/en\/wp-json\/wp\/v2\/product\/3355","targetHints":{"allow":["GET"]}}],"collection":[{"href":"https:\/\/esthetiquenovani.com\/en\/wp-json\/wp\/v2\/product"}],"about":[{"href":"https:\/\/esthetiquenovani.com\/en\/wp-json\/wp\/v2\/types\/product"}],"wp:featuredmedia":[{"embeddable":true,"href":"https:\/\/esthetiquenovani.com\/en\/wp-json\/wp\/v2\/media\/7531"}],"wp:attachment":[{"href":"https:\/\/esthetiquenovani.com\/en\/wp-json\/wp\/v2\/media?parent=3355"}],"wp:term":[{"taxonomy":"product_brand","embeddable":true,"href":"https:\/\/esthetiquenovani.com\/en\/wp-json\/wp\/v2\/product_brand?post=3355"},{"taxonomy":"product_cat","embeddable":true,"href":"https:\/\/esthetiquenovani.com\/en\/wp-json\/wp\/v2\/product_cat?post=3355"},{"taxonomy":"product_tag","embeddable":true,"href":"https:\/\/esthetiquenovani.com\/en\/wp-json\/wp\/v2\/product_tag?post=3355"}],"curies":[{"name":"wp","href":"https:\/\/api.w.org\/{rel}","templated":true}]}}