{"id":3358,"date":"2020-03-24T17:24:17","date_gmt":"2020-03-24T21:24:17","guid":{"rendered":"https:\/\/esthetiquenovani.com\/produit\/dr-renaud-uv-science-fps-30-lotion-fluide-visage\/"},"modified":"2026-02-05T11:04:17","modified_gmt":"2026-02-05T16:04:17","slug":"dr-renaud-uv-science-fps-30-lotion-fluide-visage","status":"publish","type":"product","link":"https:\/\/esthetiquenovani.com\/en\/boutique\/gammes\/laboratoire-dr-renaud\/solaires-celldefense\/dr-renaud-uv-science-fps-30-lotion-fluide-visage\/","title":{"rendered":"Dr Renaud \u2013 UV-Science FPS 30 Lotion Fluide &#8211; Visage"},"content":{"rendered":"","protected":false},"excerpt":{"rendered":"<div class=\"col-sm-8\">\n<p><span style=\"font-family: Verdana\">Protection UVA-UVB large spectre avec filtres 100% min\u00e9raux \u2013 visage<\/span><\/p>\n<div class=\"tab-content\">\n<div id=\"tab-description\" class=\"tab-pane active\">\n<div><span style=\"font-family: Verdana\">Une l\u00e9g\u00e8ret\u00e9 et une efficacit\u00e9 incomparables!<\/span><\/div>\n<div><span style=\"font-family: Verdana\">\u00a0<\/span><\/div>\n<div><span style=\"font-family: Verdana\">Une pr\u00e9paration solaire con\u00e7ue pour tous les types de peau, incluant les peaux mixtes, les peaux grasses et les peaux sensibles, \u00e0 int\u00e9grer chaque jour dans votre rituel de soins.<\/span><\/div>\n<div><span style=\"font-family: Verdana\">\u00a0<\/span><\/div>\n<div><span style=\"font-family: Verdana\">De texture ultral\u00e9g\u00e8re, fine et non grasse au fini a\u00e9rien pour une sensation \u00abpeau nue\u00bb, ce soin :<\/span><\/div>\n<ul>\n<li><span style=\"font-family: Verdana\">Aide \u00e0 pr\u00e9venir les signes de vieillissement\u00a0<\/span><\/li>\n<li><span style=\"font-family: Verdana\">Prot\u00e8ge la peau contre les agressions ext\u00e9rieures\u00a0<\/span><\/li>\n<li><span style=\"font-family: Verdana\">R\u00e9g\u00e9n\u00e8re la barri\u00e8re d\u2019hydratation de la peau\u00a0<\/span><\/li>\n<li><span style=\"font-family: Verdana\">Sans filtres chimiques, sans parab\u00e8nes, sans alcool et sans parfum<\/span><\/li>\n<\/ul>\n<div>\n<div><span style=\"font-family: Verdana\"><b>\u00a0<\/b><\/span><\/div>\n<div><span style=\"font-family: Verdana\"><b>Conseils d\u2019utilisation :\u00a0<\/b>Bien agiter avant toute utilisation. Le matin ou avant l\u2019exposition au soleil, sur une peau parfaitement nettoy\u00e9e, appliquer seul ou sur votre cr\u00e8me de jour habituelle. Faire p\u00e9n\u00e9trer par de l\u00e9gers effleurages.<\/span><\/div>\n<\/div>\n<div><\/div>\n<div>50 ml<\/div>\n<\/div>\n<\/div>\n<\/div>\n","protected":false},"featured_media":231680,"template":"","meta":{"_et_pb_use_builder":"","_et_pb_old_content":"","_et_gb_content_width":""},"product_brand":[],"product_cat":[113,63,62,68,52,66,53],"product_tag":[],"class_list":{"0":"post-3358","1":"product","2":"type-product","3":"status-publish","4":"has-post-thumbnail","6":"product_cat-solaires-celldefense","7":"product_cat-acne","8":"product_cat-cremes","9":"product_cat-laboratoire-dr-renaud","10":"product_cat-peau-grasse-et-pores-dilates","11":"product_cat-solaire","12":"product_cat-taches-pigmentaires-et-teint-terne","14":"first","15":"instock","16":"taxable","17":"shipping-taxable","18":"purchasable","19":"product-type-simple"},"yoast_head":"<!-- This site is optimized with the Yoast SEO plugin v27.4 - https:\/\/yoast.com\/product\/yoast-seo-wordpress\/ -->\n<title>Dr Renaud \u2013 UV-Science FPS 30 Lotion Fluide - Visage &#8902; Clinique d&#039;Esth&eacute;tique Novani<\/title>\n<meta name=\"robots\" content=\"index, follow, max-snippet:-1, max-image-preview:large, max-video-preview:-1\" \/>\n<link rel=\"canonical\" href=\"https:\/\/esthetiquenovani.com\/boutique\/gammes\/laboratoire-dr-renaud\/solaires-celldefense\/dr-renaud-uv-science-fps-30-lotion-fluide-visage\/\" \/>\n<meta property=\"og:locale\" content=\"en_US\" \/>\n<meta property=\"og:type\" content=\"article\" \/>\n<meta property=\"og:title\" content=\"Dr Renaud \u2013 UV-Science FPS 30 Lotion Fluide - Visage &#8902; Clinique d&#039;Esth&eacute;tique Novani\" \/>\n<meta property=\"og:description\" content=\"Protection UVA-UVB large spectre avec filtres 100% min\u00e9raux \u2013 visage   Une l\u00e9g\u00e8ret\u00e9 et une efficacit\u00e9 incomparables! \u00a0 Une pr\u00e9paration solaire con\u00e7ue pour tous les types de peau, incluant les peaux mixtes, les peaux grasses et les peaux sensibles, \u00e0 int\u00e9grer chaque jour dans votre rituel de soins. \u00a0 De texture ultral\u00e9g\u00e8re, fine et non grasse au fini a\u00e9rien pour une sensation \u00abpeau nue\u00bb, ce soin :   Aide \u00e0 pr\u00e9venir les signes de vieillissement\u00a0  Prot\u00e8ge la peau contre les agressions ext\u00e9rieures\u00a0  R\u00e9g\u00e9n\u00e8re la barri\u00e8re d\u2019hydratation de la peau\u00a0  Sans filtres chimiques, sans parab\u00e8nes, sans alcool et sans parfum   \u00a0 Conseils d\u2019utilisation :\u00a0Bien agiter avant toute utilisation. Le matin ou avant l\u2019exposition au soleil, sur une peau parfaitement nettoy\u00e9e, appliquer seul ou sur votre cr\u00e8me de jour habituelle. Faire p\u00e9n\u00e9trer par de l\u00e9gers effleurages.   50 ml\" \/>\n<meta property=\"og:url\" content=\"https:\/\/esthetiquenovani.com\/boutique\/gammes\/laboratoire-dr-renaud\/solaires-celldefense\/dr-renaud-uv-science-fps-30-lotion-fluide-visage\/\" \/>\n<meta property=\"og:site_name\" content=\"Clinique d&#039;Esth&eacute;tique Novani\" \/>\n<meta property=\"article:publisher\" content=\"https:\/\/www.facebook.com\/esthetiquehturcotte\" \/>\n<meta property=\"article:modified_time\" content=\"2026-02-05T16:04:17+00:00\" \/>\n<meta property=\"og:image\" content=\"https:\/\/esthetiquenovani.com\/wp-content\/uploads\/2020\/03\/UV-Science-Legere-Creme-protection-solaire-FPS30-Esthetique-Novani.png\" \/>\n\t<meta property=\"og:image:width\" content=\"800\" \/>\n\t<meta property=\"og:image:height\" content=\"800\" \/>\n\t<meta property=\"og:image:type\" content=\"image\/png\" \/>\n<meta name=\"twitter:card\" content=\"summary_large_image\" \/>\n<meta name=\"twitter:label1\" content=\"Est. reading time\" \/>\n\t<meta name=\"twitter:data1\" content=\"1 minute\" \/>\n<script type=\"application\/ld+json\" class=\"yoast-schema-graph\">{\"@context\":\"https:\\\/\\\/schema.org\",\"@graph\":[{\"@type\":\"WebPage\",\"@id\":\"https:\\\/\\\/esthetiquenovani.com\\\/boutique\\\/gammes\\\/laboratoire-dr-renaud\\\/solaires-celldefense\\\/dr-renaud-uv-science-fps-30-lotion-fluide-visage\\\/\",\"url\":\"https:\\\/\\\/esthetiquenovani.com\\\/boutique\\\/gammes\\\/laboratoire-dr-renaud\\\/solaires-celldefense\\\/dr-renaud-uv-science-fps-30-lotion-fluide-visage\\\/\",\"name\":\"Dr Renaud \u2013 UV-Science FPS 30 Lotion Fluide - Visage &#8902; Clinique d'Esth&eacute;tique Novani\",\"isPartOf\":{\"@id\":\"https:\\\/\\\/esthetiquenovani.com\\\/#website\"},\"primaryImageOfPage\":{\"@id\":\"https:\\\/\\\/esthetiquenovani.com\\\/boutique\\\/gammes\\\/laboratoire-dr-renaud\\\/solaires-celldefense\\\/dr-renaud-uv-science-fps-30-lotion-fluide-visage\\\/#primaryimage\"},\"image\":{\"@id\":\"https:\\\/\\\/esthetiquenovani.com\\\/boutique\\\/gammes\\\/laboratoire-dr-renaud\\\/solaires-celldefense\\\/dr-renaud-uv-science-fps-30-lotion-fluide-visage\\\/#primaryimage\"},\"thumbnailUrl\":\"https:\\\/\\\/esthetiquenovani.com\\\/wp-content\\\/uploads\\\/2020\\\/03\\\/UV-Science-Legere-Creme-protection-solaire-FPS30-Esthetique-Novani.png\",\"datePublished\":\"2020-03-24T21:24:17+00:00\",\"dateModified\":\"2026-02-05T16:04:17+00:00\",\"breadcrumb\":{\"@id\":\"https:\\\/\\\/esthetiquenovani.com\\\/boutique\\\/gammes\\\/laboratoire-dr-renaud\\\/solaires-celldefense\\\/dr-renaud-uv-science-fps-30-lotion-fluide-visage\\\/#breadcrumb\"},\"inLanguage\":\"en-US\",\"potentialAction\":[{\"@type\":\"ReadAction\",\"target\":[\"https:\\\/\\\/esthetiquenovani.com\\\/boutique\\\/gammes\\\/laboratoire-dr-renaud\\\/solaires-celldefense\\\/dr-renaud-uv-science-fps-30-lotion-fluide-visage\\\/\"]}]},{\"@type\":\"ImageObject\",\"inLanguage\":\"en-US\",\"@id\":\"https:\\\/\\\/esthetiquenovani.com\\\/boutique\\\/gammes\\\/laboratoire-dr-renaud\\\/solaires-celldefense\\\/dr-renaud-uv-science-fps-30-lotion-fluide-visage\\\/#primaryimage\",\"url\":\"https:\\\/\\\/esthetiquenovani.com\\\/wp-content\\\/uploads\\\/2020\\\/03\\\/UV-Science-Legere-Creme-protection-solaire-FPS30-Esthetique-Novani.png\",\"contentUrl\":\"https:\\\/\\\/esthetiquenovani.com\\\/wp-content\\\/uploads\\\/2020\\\/03\\\/UV-Science-Legere-Creme-protection-solaire-FPS30-Esthetique-Novani.png\",\"width\":800,\"height\":800},{\"@type\":\"BreadcrumbList\",\"@id\":\"https:\\\/\\\/esthetiquenovani.com\\\/boutique\\\/gammes\\\/laboratoire-dr-renaud\\\/solaires-celldefense\\\/dr-renaud-uv-science-fps-30-lotion-fluide-visage\\\/#breadcrumb\",\"itemListElement\":[{\"@type\":\"ListItem\",\"position\":1,\"name\":\"Accueil\",\"item\":\"https:\\\/\\\/esthetiquenovani.com\\\/en\\\/\"},{\"@type\":\"ListItem\",\"position\":2,\"name\":\"Boutique\",\"item\":\"https:\\\/\\\/esthetiquenovani.com\\\/boutique\\\/\"},{\"@type\":\"ListItem\",\"position\":3,\"name\":\"Dr Renaud \u2013 UV-Science FPS 30 Lotion Fluide &#8211; Visage\"}]},{\"@type\":\"WebSite\",\"@id\":\"https:\\\/\\\/esthetiquenovani.com\\\/#website\",\"url\":\"https:\\\/\\\/esthetiquenovani.com\\\/\",\"name\":\"Clinique d'Esth&eacute;tique Novani\",\"description\":\"Brossard, Longueil &amp; Chambly\",\"publisher\":{\"@id\":\"https:\\\/\\\/esthetiquenovani.com\\\/#organization\"},\"potentialAction\":[{\"@type\":\"SearchAction\",\"target\":{\"@type\":\"EntryPoint\",\"urlTemplate\":\"https:\\\/\\\/esthetiquenovani.com\\\/?s={search_term_string}\"},\"query-input\":{\"@type\":\"PropertyValueSpecification\",\"valueRequired\":true,\"valueName\":\"search_term_string\"}}],\"inLanguage\":\"en-US\"},{\"@type\":\"Organization\",\"@id\":\"https:\\\/\\\/esthetiquenovani.com\\\/#organization\",\"name\":\"Esth\u00e9tique Huguette Turcotte\",\"url\":\"https:\\\/\\\/esthetiquenovani.com\\\/\",\"logo\":{\"@type\":\"ImageObject\",\"inLanguage\":\"en-US\",\"@id\":\"https:\\\/\\\/esthetiquenovani.com\\\/#\\\/schema\\\/logo\\\/image\\\/\",\"url\":\"https:\\\/\\\/esthetiquenovani.com\\\/wp-content\\\/uploads\\\/2018\\\/01\\\/qui-sommes-nous.jpg\",\"contentUrl\":\"https:\\\/\\\/esthetiquenovani.com\\\/wp-content\\\/uploads\\\/2018\\\/01\\\/qui-sommes-nous.jpg\",\"width\":637,\"height\":425,\"caption\":\"Esth\u00e9tique Huguette Turcotte\"},\"image\":{\"@id\":\"https:\\\/\\\/esthetiquenovani.com\\\/#\\\/schema\\\/logo\\\/image\\\/\"},\"sameAs\":[\"https:\\\/\\\/www.facebook.com\\\/esthetiquehturcotte\"]}]}<\/script>\n<!-- \/ Yoast SEO plugin. -->","yoast_head_json":{"title":"Dr Renaud \u2013 UV-Science FPS 30 Lotion Fluide - Visage &#8902; Clinique d'Esth&eacute;tique Novani","robots":{"index":"index","follow":"follow","max-snippet":"max-snippet:-1","max-image-preview":"max-image-preview:large","max-video-preview":"max-video-preview:-1"},"canonical":"https:\/\/esthetiquenovani.com\/boutique\/gammes\/laboratoire-dr-renaud\/solaires-celldefense\/dr-renaud-uv-science-fps-30-lotion-fluide-visage\/","og_locale":"en_US","og_type":"article","og_title":"Dr Renaud \u2013 UV-Science FPS 30 Lotion Fluide - Visage &#8902; Clinique d'Esth&eacute;tique Novani","og_description":"Protection UVA-UVB large spectre avec filtres 100% min\u00e9raux \u2013 visage   Une l\u00e9g\u00e8ret\u00e9 et une efficacit\u00e9 incomparables! \u00a0 Une pr\u00e9paration solaire con\u00e7ue pour tous les types de peau, incluant les peaux mixtes, les peaux grasses et les peaux sensibles, \u00e0 int\u00e9grer chaque jour dans votre rituel de soins. \u00a0 De texture ultral\u00e9g\u00e8re, fine et non grasse au fini a\u00e9rien pour une sensation \u00abpeau nue\u00bb, ce soin :   Aide \u00e0 pr\u00e9venir les signes de vieillissement\u00a0  Prot\u00e8ge la peau contre les agressions ext\u00e9rieures\u00a0  R\u00e9g\u00e9n\u00e8re la barri\u00e8re d\u2019hydratation de la peau\u00a0  Sans filtres chimiques, sans parab\u00e8nes, sans alcool et sans parfum   \u00a0 Conseils d\u2019utilisation :\u00a0Bien agiter avant toute utilisation. Le matin ou avant l\u2019exposition au soleil, sur une peau parfaitement nettoy\u00e9e, appliquer seul ou sur votre cr\u00e8me de jour habituelle. Faire p\u00e9n\u00e9trer par de l\u00e9gers effleurages.   50 ml","og_url":"https:\/\/esthetiquenovani.com\/boutique\/gammes\/laboratoire-dr-renaud\/solaires-celldefense\/dr-renaud-uv-science-fps-30-lotion-fluide-visage\/","og_site_name":"Clinique d'Esth&eacute;tique Novani","article_publisher":"https:\/\/www.facebook.com\/esthetiquehturcotte","article_modified_time":"2026-02-05T16:04:17+00:00","og_image":[{"width":800,"height":800,"url":"https:\/\/esthetiquenovani.com\/wp-content\/uploads\/2020\/03\/UV-Science-Legere-Creme-protection-solaire-FPS30-Esthetique-Novani.png","type":"image\/png"}],"twitter_card":"summary_large_image","twitter_misc":{"Est. reading time":"1 minute"},"schema":{"@context":"https:\/\/schema.org","@graph":[{"@type":"WebPage","@id":"https:\/\/esthetiquenovani.com\/boutique\/gammes\/laboratoire-dr-renaud\/solaires-celldefense\/dr-renaud-uv-science-fps-30-lotion-fluide-visage\/","url":"https:\/\/esthetiquenovani.com\/boutique\/gammes\/laboratoire-dr-renaud\/solaires-celldefense\/dr-renaud-uv-science-fps-30-lotion-fluide-visage\/","name":"Dr Renaud \u2013 UV-Science FPS 30 Lotion Fluide - Visage &#8902; Clinique d'Esth&eacute;tique Novani","isPartOf":{"@id":"https:\/\/esthetiquenovani.com\/#website"},"primaryImageOfPage":{"@id":"https:\/\/esthetiquenovani.com\/boutique\/gammes\/laboratoire-dr-renaud\/solaires-celldefense\/dr-renaud-uv-science-fps-30-lotion-fluide-visage\/#primaryimage"},"image":{"@id":"https:\/\/esthetiquenovani.com\/boutique\/gammes\/laboratoire-dr-renaud\/solaires-celldefense\/dr-renaud-uv-science-fps-30-lotion-fluide-visage\/#primaryimage"},"thumbnailUrl":"https:\/\/esthetiquenovani.com\/wp-content\/uploads\/2020\/03\/UV-Science-Legere-Creme-protection-solaire-FPS30-Esthetique-Novani.png","datePublished":"2020-03-24T21:24:17+00:00","dateModified":"2026-02-05T16:04:17+00:00","breadcrumb":{"@id":"https:\/\/esthetiquenovani.com\/boutique\/gammes\/laboratoire-dr-renaud\/solaires-celldefense\/dr-renaud-uv-science-fps-30-lotion-fluide-visage\/#breadcrumb"},"inLanguage":"en-US","potentialAction":[{"@type":"ReadAction","target":["https:\/\/esthetiquenovani.com\/boutique\/gammes\/laboratoire-dr-renaud\/solaires-celldefense\/dr-renaud-uv-science-fps-30-lotion-fluide-visage\/"]}]},{"@type":"ImageObject","inLanguage":"en-US","@id":"https:\/\/esthetiquenovani.com\/boutique\/gammes\/laboratoire-dr-renaud\/solaires-celldefense\/dr-renaud-uv-science-fps-30-lotion-fluide-visage\/#primaryimage","url":"https:\/\/esthetiquenovani.com\/wp-content\/uploads\/2020\/03\/UV-Science-Legere-Creme-protection-solaire-FPS30-Esthetique-Novani.png","contentUrl":"https:\/\/esthetiquenovani.com\/wp-content\/uploads\/2020\/03\/UV-Science-Legere-Creme-protection-solaire-FPS30-Esthetique-Novani.png","width":800,"height":800},{"@type":"BreadcrumbList","@id":"https:\/\/esthetiquenovani.com\/boutique\/gammes\/laboratoire-dr-renaud\/solaires-celldefense\/dr-renaud-uv-science-fps-30-lotion-fluide-visage\/#breadcrumb","itemListElement":[{"@type":"ListItem","position":1,"name":"Accueil","item":"https:\/\/esthetiquenovani.com\/en\/"},{"@type":"ListItem","position":2,"name":"Boutique","item":"https:\/\/esthetiquenovani.com\/boutique\/"},{"@type":"ListItem","position":3,"name":"Dr Renaud \u2013 UV-Science FPS 30 Lotion Fluide &#8211; Visage"}]},{"@type":"WebSite","@id":"https:\/\/esthetiquenovani.com\/#website","url":"https:\/\/esthetiquenovani.com\/","name":"Clinique d'Esth&eacute;tique Novani","description":"Brossard, Longueil &amp; Chambly","publisher":{"@id":"https:\/\/esthetiquenovani.com\/#organization"},"potentialAction":[{"@type":"SearchAction","target":{"@type":"EntryPoint","urlTemplate":"https:\/\/esthetiquenovani.com\/?s={search_term_string}"},"query-input":{"@type":"PropertyValueSpecification","valueRequired":true,"valueName":"search_term_string"}}],"inLanguage":"en-US"},{"@type":"Organization","@id":"https:\/\/esthetiquenovani.com\/#organization","name":"Esth\u00e9tique Huguette Turcotte","url":"https:\/\/esthetiquenovani.com\/","logo":{"@type":"ImageObject","inLanguage":"en-US","@id":"https:\/\/esthetiquenovani.com\/#\/schema\/logo\/image\/","url":"https:\/\/esthetiquenovani.com\/wp-content\/uploads\/2018\/01\/qui-sommes-nous.jpg","contentUrl":"https:\/\/esthetiquenovani.com\/wp-content\/uploads\/2018\/01\/qui-sommes-nous.jpg","width":637,"height":425,"caption":"Esth\u00e9tique Huguette Turcotte"},"image":{"@id":"https:\/\/esthetiquenovani.com\/#\/schema\/logo\/image\/"},"sameAs":["https:\/\/www.facebook.com\/esthetiquehturcotte"]}]}},"_links":{"self":[{"href":"https:\/\/esthetiquenovani.com\/en\/wp-json\/wp\/v2\/product\/3358","targetHints":{"allow":["GET"]}}],"collection":[{"href":"https:\/\/esthetiquenovani.com\/en\/wp-json\/wp\/v2\/product"}],"about":[{"href":"https:\/\/esthetiquenovani.com\/en\/wp-json\/wp\/v2\/types\/product"}],"wp:featuredmedia":[{"embeddable":true,"href":"https:\/\/esthetiquenovani.com\/en\/wp-json\/wp\/v2\/media\/231680"}],"wp:attachment":[{"href":"https:\/\/esthetiquenovani.com\/en\/wp-json\/wp\/v2\/media?parent=3358"}],"wp:term":[{"taxonomy":"product_brand","embeddable":true,"href":"https:\/\/esthetiquenovani.com\/en\/wp-json\/wp\/v2\/product_brand?post=3358"},{"taxonomy":"product_cat","embeddable":true,"href":"https:\/\/esthetiquenovani.com\/en\/wp-json\/wp\/v2\/product_cat?post=3358"},{"taxonomy":"product_tag","embeddable":true,"href":"https:\/\/esthetiquenovani.com\/en\/wp-json\/wp\/v2\/product_tag?post=3358"}],"curies":[{"name":"wp","href":"https:\/\/api.w.org\/{rel}","templated":true}]}}