{"id":3362,"date":"2020-03-25T18:50:06","date_gmt":"2020-03-25T22:50:06","guid":{"rendered":"https:\/\/esthetiquenovani.com\/produit\/dr-renaud-creme-triple-lipid-soin-jeunesse-reparateur\/"},"modified":"2026-02-05T09:58:16","modified_gmt":"2026-02-05T14:58:16","slug":"dr-renaud-creme-triple-lipid-soin-jeunesse-reparateur","status":"publish","type":"product","link":"https:\/\/esthetiquenovani.com\/en\/boutique\/gammes\/laboratoire-dr-renaud\/4-cremes-de-jour-et-de-nuit\/dr-renaud-creme-triple-lipid-soin-jeunesse-reparateur\/","title":{"rendered":"Dr Renaud \u2013 Cr\u00e8me Triple Lipid \u2013 Soin jeunesse r\u00e9parateur"},"content":{"rendered":"<p>3 innovations en 1 ! Le soin jeunesse r\u00e9g\u00e9n\u00e9rateur Triple Lipid comprend un ratio pr\u00e9cis (1:2:1) des trois lipides essentiels de la peau (c\u00e9ramides, cholest\u00e9rol et acides gras), o\u00f9 le cholest\u00e9rol est dominant pour permettre \u00e0 la barri\u00e8re d&#8217;hydratation cutan\u00e9e des peaux matures de se restaurer instantan\u00e9ment. La formule renferme \u00e9galement un ingr\u00e9dient-cl\u00e9 bio-inspir\u00e9 par la puissance r\u00e9gulatrice du nectar des fleurs et qui contribue \u00e0 l&#8217;\u00e9quilibre du microbiote de la peau mature. Le niacinamide favorise le retour \u00e0 un niveau optimal des lipides cutan\u00e9s tout en nourrissant la peau en profondeur afin d&#8217;att\u00e9nuer les signes visibles de vieillissement acc\u00e9l\u00e9r\u00e9<\/p>\n","protected":false},"excerpt":{"rendered":"<ul>\n<li>Restaure les lipides essentiels de la peau : c\u00e9ramides, cholest\u00e9rol naturel et acides gras<\/li>\n<li>Favorise Ia r\u00e9g\u00e9n\u00e9ration de la barri\u00e8re naturelle de la peau<\/li>\n<li>Am\u00e9liore l\u2019\u00e9lasticit\u00e9 et le grain de la peau<\/li>\n<li>Contribue \u00e0 l\u2019\u00e9quilibre du microbiote des peaux matures<\/li>\n<\/ul>\n<p>Formul\u00e9 avec Ecobiotys, M\u00e9daille d\u2019or du Meilleur Ingr\u00e9dient aux In-Cosmetics Global Awards 2018<\/p>\n<p><span style=\"font-family: Verdana\"><b>Conseil<\/b><\/span><span style=\"font-family: Verdana\"><b>s d&#8217;utilisation: <\/b><\/span><span style=\"font-family: Verdana\">Matin et soir, apr\u00e8s avoir parfaitement nettoy\u00e9 la peau, appliquer en petite sur le visage et le cou. Faire p\u00e9n\u00e9trer par de l\u00e9gers effleurages. Proc\u00e9der au maquillage si d\u00e9sir\u00e9.<\/span><\/p>\n<p><span style=\"font-family: Verdana\">50 ml<\/span><\/p>\n","protected":false},"featured_media":224088,"template":"","meta":{"_et_pb_use_builder":"","_et_pb_old_content":"","_et_gb_content_width":""},"product_brand":[],"product_cat":[109,62,51,68,61],"product_tag":[],"class_list":{"0":"post-3362","1":"product","2":"type-product","3":"status-publish","4":"has-post-thumbnail","6":"product_cat-4-cremes-de-jour-et-de-nuit","7":"product_cat-cremes","8":"product_cat-deshydratation-et-secheresse","9":"product_cat-laboratoire-dr-renaud","10":"product_cat-peaux-matures-et-perte-de-densite","12":"first","13":"instock","14":"taxable","15":"shipping-taxable","16":"purchasable","17":"product-type-simple"},"yoast_head":"<!-- This site is optimized with the Yoast SEO plugin v27.4 - https:\/\/yoast.com\/product\/yoast-seo-wordpress\/ -->\n<title>Cr\u00e8me anti-\u00e2ge hydratante | Triple Lipid | Esth\u00e9ticienne Longueuil<\/title>\n<meta name=\"robots\" content=\"index, follow, max-snippet:-1, max-image-preview:large, max-video-preview:-1\" \/>\n<link rel=\"canonical\" href=\"https:\/\/esthetiquenovani.com\/boutique\/gammes\/laboratoire-dr-renaud\/4-cremes-de-jour-et-de-nuit\/dr-renaud-creme-triple-lipid-soin-jeunesse-reparateur\/\" \/>\n<meta property=\"og:locale\" content=\"en_US\" \/>\n<meta property=\"og:type\" content=\"article\" \/>\n<meta property=\"og:title\" content=\"Cr\u00e8me anti-\u00e2ge hydratante | Triple Lipid | Esth\u00e9ticienne Longueuil\" \/>\n<meta property=\"og:description\" content=\"Restaure les lipides essentiels de la peau : c\u00e9ramides, cholest\u00e9rol naturel et acides gras  Favorise Ia r\u00e9g\u00e9n\u00e9ration de la barri\u00e8re naturelle de la peau  Am\u00e9liore l\u2019\u00e9lasticit\u00e9 et le grain de la peau  Contribue \u00e0 l\u2019\u00e9quilibre du microbiote des peaux matures  Formul\u00e9 avec Ecobiotys, M\u00e9daille d\u2019or du Meilleur Ingr\u00e9dient aux In-Cosmetics Global Awards 2018  Conseils d&#039;utilisation: Matin et soir, apr\u00e8s avoir parfaitement nettoy\u00e9 la peau, appliquer en petite sur le visage et le cou. Faire p\u00e9n\u00e9trer par de l\u00e9gers effleurages. Proc\u00e9der au maquillage si d\u00e9sir\u00e9.  50 ml\" \/>\n<meta property=\"og:url\" content=\"https:\/\/esthetiquenovani.com\/boutique\/gammes\/laboratoire-dr-renaud\/4-cremes-de-jour-et-de-nuit\/dr-renaud-creme-triple-lipid-soin-jeunesse-reparateur\/\" \/>\n<meta property=\"og:site_name\" content=\"Clinique d&#039;Esth&eacute;tique Novani\" \/>\n<meta property=\"article:publisher\" content=\"https:\/\/www.facebook.com\/esthetiquehturcotte\" \/>\n<meta property=\"article:modified_time\" content=\"2026-02-05T14:58:16+00:00\" \/>\n<meta property=\"og:image\" content=\"https:\/\/esthetiquenovani.com\/wp-content\/uploads\/2020\/03\/50106526-TripleLipid_50ml_800x_Blanc_700x.webp\" \/>\n\t<meta property=\"og:image:width\" content=\"700\" \/>\n\t<meta property=\"og:image:height\" content=\"700\" \/>\n\t<meta property=\"og:image:type\" content=\"image\/webp\" \/>\n<meta name=\"twitter:card\" content=\"summary_large_image\" \/>\n<meta name=\"twitter:label1\" content=\"Est. reading time\" \/>\n\t<meta name=\"twitter:data1\" content=\"1 minute\" \/>\n<script type=\"application\/ld+json\" class=\"yoast-schema-graph\">{\"@context\":\"https:\\\/\\\/schema.org\",\"@graph\":[{\"@type\":\"WebPage\",\"@id\":\"https:\\\/\\\/esthetiquenovani.com\\\/boutique\\\/gammes\\\/laboratoire-dr-renaud\\\/4-cremes-de-jour-et-de-nuit\\\/dr-renaud-creme-triple-lipid-soin-jeunesse-reparateur\\\/\",\"url\":\"https:\\\/\\\/esthetiquenovani.com\\\/boutique\\\/gammes\\\/laboratoire-dr-renaud\\\/4-cremes-de-jour-et-de-nuit\\\/dr-renaud-creme-triple-lipid-soin-jeunesse-reparateur\\\/\",\"name\":\"Cr\u00e8me anti-\u00e2ge hydratante | Triple Lipid | Esth\u00e9ticienne Longueuil\",\"isPartOf\":{\"@id\":\"https:\\\/\\\/esthetiquenovani.com\\\/#website\"},\"primaryImageOfPage\":{\"@id\":\"https:\\\/\\\/esthetiquenovani.com\\\/boutique\\\/gammes\\\/laboratoire-dr-renaud\\\/4-cremes-de-jour-et-de-nuit\\\/dr-renaud-creme-triple-lipid-soin-jeunesse-reparateur\\\/#primaryimage\"},\"image\":{\"@id\":\"https:\\\/\\\/esthetiquenovani.com\\\/boutique\\\/gammes\\\/laboratoire-dr-renaud\\\/4-cremes-de-jour-et-de-nuit\\\/dr-renaud-creme-triple-lipid-soin-jeunesse-reparateur\\\/#primaryimage\"},\"thumbnailUrl\":\"https:\\\/\\\/esthetiquenovani.com\\\/wp-content\\\/uploads\\\/2020\\\/03\\\/50106526-TripleLipid_50ml_800x_Blanc_700x.webp\",\"datePublished\":\"2020-03-25T22:50:06+00:00\",\"dateModified\":\"2026-02-05T14:58:16+00:00\",\"breadcrumb\":{\"@id\":\"https:\\\/\\\/esthetiquenovani.com\\\/boutique\\\/gammes\\\/laboratoire-dr-renaud\\\/4-cremes-de-jour-et-de-nuit\\\/dr-renaud-creme-triple-lipid-soin-jeunesse-reparateur\\\/#breadcrumb\"},\"inLanguage\":\"en-US\",\"potentialAction\":[{\"@type\":\"ReadAction\",\"target\":[\"https:\\\/\\\/esthetiquenovani.com\\\/boutique\\\/gammes\\\/laboratoire-dr-renaud\\\/4-cremes-de-jour-et-de-nuit\\\/dr-renaud-creme-triple-lipid-soin-jeunesse-reparateur\\\/\"]}]},{\"@type\":\"ImageObject\",\"inLanguage\":\"en-US\",\"@id\":\"https:\\\/\\\/esthetiquenovani.com\\\/boutique\\\/gammes\\\/laboratoire-dr-renaud\\\/4-cremes-de-jour-et-de-nuit\\\/dr-renaud-creme-triple-lipid-soin-jeunesse-reparateur\\\/#primaryimage\",\"url\":\"https:\\\/\\\/esthetiquenovani.com\\\/wp-content\\\/uploads\\\/2020\\\/03\\\/50106526-TripleLipid_50ml_800x_Blanc_700x.webp\",\"contentUrl\":\"https:\\\/\\\/esthetiquenovani.com\\\/wp-content\\\/uploads\\\/2020\\\/03\\\/50106526-TripleLipid_50ml_800x_Blanc_700x.webp\",\"width\":700,\"height\":700,\"caption\":\"Triple Lipid - Laboratoire Docteur Renaud - Esth\u00e9ticienne Longueuil\"},{\"@type\":\"BreadcrumbList\",\"@id\":\"https:\\\/\\\/esthetiquenovani.com\\\/boutique\\\/gammes\\\/laboratoire-dr-renaud\\\/4-cremes-de-jour-et-de-nuit\\\/dr-renaud-creme-triple-lipid-soin-jeunesse-reparateur\\\/#breadcrumb\",\"itemListElement\":[{\"@type\":\"ListItem\",\"position\":1,\"name\":\"Accueil\",\"item\":\"https:\\\/\\\/esthetiquenovani.com\\\/en\\\/\"},{\"@type\":\"ListItem\",\"position\":2,\"name\":\"Boutique\",\"item\":\"https:\\\/\\\/esthetiquenovani.com\\\/boutique\\\/\"},{\"@type\":\"ListItem\",\"position\":3,\"name\":\"Dr Renaud \u2013 Cr\u00e8me Triple Lipid \u2013 Soin jeunesse r\u00e9parateur\"}]},{\"@type\":\"WebSite\",\"@id\":\"https:\\\/\\\/esthetiquenovani.com\\\/#website\",\"url\":\"https:\\\/\\\/esthetiquenovani.com\\\/\",\"name\":\"Clinique d'Esth&eacute;tique Novani\",\"description\":\"Brossard, Longueil &amp; Chambly\",\"publisher\":{\"@id\":\"https:\\\/\\\/esthetiquenovani.com\\\/#organization\"},\"potentialAction\":[{\"@type\":\"SearchAction\",\"target\":{\"@type\":\"EntryPoint\",\"urlTemplate\":\"https:\\\/\\\/esthetiquenovani.com\\\/?s={search_term_string}\"},\"query-input\":{\"@type\":\"PropertyValueSpecification\",\"valueRequired\":true,\"valueName\":\"search_term_string\"}}],\"inLanguage\":\"en-US\"},{\"@type\":\"Organization\",\"@id\":\"https:\\\/\\\/esthetiquenovani.com\\\/#organization\",\"name\":\"Esth\u00e9tique Huguette Turcotte\",\"url\":\"https:\\\/\\\/esthetiquenovani.com\\\/\",\"logo\":{\"@type\":\"ImageObject\",\"inLanguage\":\"en-US\",\"@id\":\"https:\\\/\\\/esthetiquenovani.com\\\/#\\\/schema\\\/logo\\\/image\\\/\",\"url\":\"https:\\\/\\\/esthetiquenovani.com\\\/wp-content\\\/uploads\\\/2018\\\/01\\\/qui-sommes-nous.jpg\",\"contentUrl\":\"https:\\\/\\\/esthetiquenovani.com\\\/wp-content\\\/uploads\\\/2018\\\/01\\\/qui-sommes-nous.jpg\",\"width\":637,\"height\":425,\"caption\":\"Esth\u00e9tique Huguette Turcotte\"},\"image\":{\"@id\":\"https:\\\/\\\/esthetiquenovani.com\\\/#\\\/schema\\\/logo\\\/image\\\/\"},\"sameAs\":[\"https:\\\/\\\/www.facebook.com\\\/esthetiquehturcotte\"]}]}<\/script>\n<!-- \/ Yoast SEO plugin. -->","yoast_head_json":{"title":"Cr\u00e8me anti-\u00e2ge hydratante | Triple Lipid | Esth\u00e9ticienne Longueuil","robots":{"index":"index","follow":"follow","max-snippet":"max-snippet:-1","max-image-preview":"max-image-preview:large","max-video-preview":"max-video-preview:-1"},"canonical":"https:\/\/esthetiquenovani.com\/boutique\/gammes\/laboratoire-dr-renaud\/4-cremes-de-jour-et-de-nuit\/dr-renaud-creme-triple-lipid-soin-jeunesse-reparateur\/","og_locale":"en_US","og_type":"article","og_title":"Cr\u00e8me anti-\u00e2ge hydratante | Triple Lipid | Esth\u00e9ticienne Longueuil","og_description":"Restaure les lipides essentiels de la peau : c\u00e9ramides, cholest\u00e9rol naturel et acides gras  Favorise Ia r\u00e9g\u00e9n\u00e9ration de la barri\u00e8re naturelle de la peau  Am\u00e9liore l\u2019\u00e9lasticit\u00e9 et le grain de la peau  Contribue \u00e0 l\u2019\u00e9quilibre du microbiote des peaux matures  Formul\u00e9 avec Ecobiotys, M\u00e9daille d\u2019or du Meilleur Ingr\u00e9dient aux In-Cosmetics Global Awards 2018  Conseils d'utilisation: Matin et soir, apr\u00e8s avoir parfaitement nettoy\u00e9 la peau, appliquer en petite sur le visage et le cou. Faire p\u00e9n\u00e9trer par de l\u00e9gers effleurages. Proc\u00e9der au maquillage si d\u00e9sir\u00e9.  50 ml","og_url":"https:\/\/esthetiquenovani.com\/boutique\/gammes\/laboratoire-dr-renaud\/4-cremes-de-jour-et-de-nuit\/dr-renaud-creme-triple-lipid-soin-jeunesse-reparateur\/","og_site_name":"Clinique d'Esth&eacute;tique Novani","article_publisher":"https:\/\/www.facebook.com\/esthetiquehturcotte","article_modified_time":"2026-02-05T14:58:16+00:00","og_image":[{"width":700,"height":700,"url":"https:\/\/esthetiquenovani.com\/wp-content\/uploads\/2020\/03\/50106526-TripleLipid_50ml_800x_Blanc_700x.webp","type":"image\/webp"}],"twitter_card":"summary_large_image","twitter_misc":{"Est. reading time":"1 minute"},"schema":{"@context":"https:\/\/schema.org","@graph":[{"@type":"WebPage","@id":"https:\/\/esthetiquenovani.com\/boutique\/gammes\/laboratoire-dr-renaud\/4-cremes-de-jour-et-de-nuit\/dr-renaud-creme-triple-lipid-soin-jeunesse-reparateur\/","url":"https:\/\/esthetiquenovani.com\/boutique\/gammes\/laboratoire-dr-renaud\/4-cremes-de-jour-et-de-nuit\/dr-renaud-creme-triple-lipid-soin-jeunesse-reparateur\/","name":"Cr\u00e8me anti-\u00e2ge hydratante | Triple Lipid | Esth\u00e9ticienne Longueuil","isPartOf":{"@id":"https:\/\/esthetiquenovani.com\/#website"},"primaryImageOfPage":{"@id":"https:\/\/esthetiquenovani.com\/boutique\/gammes\/laboratoire-dr-renaud\/4-cremes-de-jour-et-de-nuit\/dr-renaud-creme-triple-lipid-soin-jeunesse-reparateur\/#primaryimage"},"image":{"@id":"https:\/\/esthetiquenovani.com\/boutique\/gammes\/laboratoire-dr-renaud\/4-cremes-de-jour-et-de-nuit\/dr-renaud-creme-triple-lipid-soin-jeunesse-reparateur\/#primaryimage"},"thumbnailUrl":"https:\/\/esthetiquenovani.com\/wp-content\/uploads\/2020\/03\/50106526-TripleLipid_50ml_800x_Blanc_700x.webp","datePublished":"2020-03-25T22:50:06+00:00","dateModified":"2026-02-05T14:58:16+00:00","breadcrumb":{"@id":"https:\/\/esthetiquenovani.com\/boutique\/gammes\/laboratoire-dr-renaud\/4-cremes-de-jour-et-de-nuit\/dr-renaud-creme-triple-lipid-soin-jeunesse-reparateur\/#breadcrumb"},"inLanguage":"en-US","potentialAction":[{"@type":"ReadAction","target":["https:\/\/esthetiquenovani.com\/boutique\/gammes\/laboratoire-dr-renaud\/4-cremes-de-jour-et-de-nuit\/dr-renaud-creme-triple-lipid-soin-jeunesse-reparateur\/"]}]},{"@type":"ImageObject","inLanguage":"en-US","@id":"https:\/\/esthetiquenovani.com\/boutique\/gammes\/laboratoire-dr-renaud\/4-cremes-de-jour-et-de-nuit\/dr-renaud-creme-triple-lipid-soin-jeunesse-reparateur\/#primaryimage","url":"https:\/\/esthetiquenovani.com\/wp-content\/uploads\/2020\/03\/50106526-TripleLipid_50ml_800x_Blanc_700x.webp","contentUrl":"https:\/\/esthetiquenovani.com\/wp-content\/uploads\/2020\/03\/50106526-TripleLipid_50ml_800x_Blanc_700x.webp","width":700,"height":700,"caption":"Triple Lipid - Laboratoire Docteur Renaud - Esth\u00e9ticienne Longueuil"},{"@type":"BreadcrumbList","@id":"https:\/\/esthetiquenovani.com\/boutique\/gammes\/laboratoire-dr-renaud\/4-cremes-de-jour-et-de-nuit\/dr-renaud-creme-triple-lipid-soin-jeunesse-reparateur\/#breadcrumb","itemListElement":[{"@type":"ListItem","position":1,"name":"Accueil","item":"https:\/\/esthetiquenovani.com\/en\/"},{"@type":"ListItem","position":2,"name":"Boutique","item":"https:\/\/esthetiquenovani.com\/boutique\/"},{"@type":"ListItem","position":3,"name":"Dr Renaud \u2013 Cr\u00e8me Triple Lipid \u2013 Soin jeunesse r\u00e9parateur"}]},{"@type":"WebSite","@id":"https:\/\/esthetiquenovani.com\/#website","url":"https:\/\/esthetiquenovani.com\/","name":"Clinique d'Esth&eacute;tique Novani","description":"Brossard, Longueil &amp; Chambly","publisher":{"@id":"https:\/\/esthetiquenovani.com\/#organization"},"potentialAction":[{"@type":"SearchAction","target":{"@type":"EntryPoint","urlTemplate":"https:\/\/esthetiquenovani.com\/?s={search_term_string}"},"query-input":{"@type":"PropertyValueSpecification","valueRequired":true,"valueName":"search_term_string"}}],"inLanguage":"en-US"},{"@type":"Organization","@id":"https:\/\/esthetiquenovani.com\/#organization","name":"Esth\u00e9tique Huguette Turcotte","url":"https:\/\/esthetiquenovani.com\/","logo":{"@type":"ImageObject","inLanguage":"en-US","@id":"https:\/\/esthetiquenovani.com\/#\/schema\/logo\/image\/","url":"https:\/\/esthetiquenovani.com\/wp-content\/uploads\/2018\/01\/qui-sommes-nous.jpg","contentUrl":"https:\/\/esthetiquenovani.com\/wp-content\/uploads\/2018\/01\/qui-sommes-nous.jpg","width":637,"height":425,"caption":"Esth\u00e9tique Huguette Turcotte"},"image":{"@id":"https:\/\/esthetiquenovani.com\/#\/schema\/logo\/image\/"},"sameAs":["https:\/\/www.facebook.com\/esthetiquehturcotte"]}]}},"_links":{"self":[{"href":"https:\/\/esthetiquenovani.com\/en\/wp-json\/wp\/v2\/product\/3362","targetHints":{"allow":["GET"]}}],"collection":[{"href":"https:\/\/esthetiquenovani.com\/en\/wp-json\/wp\/v2\/product"}],"about":[{"href":"https:\/\/esthetiquenovani.com\/en\/wp-json\/wp\/v2\/types\/product"}],"wp:featuredmedia":[{"embeddable":true,"href":"https:\/\/esthetiquenovani.com\/en\/wp-json\/wp\/v2\/media\/224088"}],"wp:attachment":[{"href":"https:\/\/esthetiquenovani.com\/en\/wp-json\/wp\/v2\/media?parent=3362"}],"wp:term":[{"taxonomy":"product_brand","embeddable":true,"href":"https:\/\/esthetiquenovani.com\/en\/wp-json\/wp\/v2\/product_brand?post=3362"},{"taxonomy":"product_cat","embeddable":true,"href":"https:\/\/esthetiquenovani.com\/en\/wp-json\/wp\/v2\/product_cat?post=3362"},{"taxonomy":"product_tag","embeddable":true,"href":"https:\/\/esthetiquenovani.com\/en\/wp-json\/wp\/v2\/product_tag?post=3362"}],"curies":[{"name":"wp","href":"https:\/\/api.w.org\/{rel}","templated":true}]}}