{"id":3369,"date":"2020-03-25T21:22:29","date_gmt":"2020-03-26T01:22:29","guid":{"rendered":"https:\/\/esthetiquenovani.com\/produit\/dr-renaud-douceur-extreme-soin-traitant-des-mains\/"},"modified":"2026-02-05T10:49:21","modified_gmt":"2026-02-05T15:49:21","slug":"dr-renaud-douceur-extreme-soin-traitant-des-mains","status":"publish","type":"product","link":"https:\/\/esthetiquenovani.com\/en\/boutique\/gammes\/laboratoire-dr-renaud\/5-cremes-contour-des-yeux\/dr-renaud-douceur-extreme-soin-traitant-des-mains\/","title":{"rendered":"Dr Renaud &#8211; Douceur Extr\u00eame &#8211; Soin traitant des mains"},"content":{"rendered":"","protected":false},"excerpt":{"rendered":"<div class=\"products-description\">\n<p>Formule protectrice et r\u00e9paratrice pour les mains s\u00e8ches, abim\u00e9es et sensibles.<\/p>\n<ul>\n<li>formule isolante \u00ab grands froids \u00bb<\/li>\n<li>non grasse, non collante<\/li>\n<li>ar\u00f4me naturel de citron<\/li>\n<\/ul>\n<\/div>\n<p><a class=\"directions-use-link toggle is-opened\" href=\"http:\/\/ldrenaud.com\/fr\/produits\/douceur-extreme-soin-traitant-des-mains-\/84#\">Conseils d\u2019utilisation<\/a><\/p>\n<div class=\"directions-use-content visible\">\n<p>\u00c0 appliquer aussi souvent que souhait\u00e9. Masser les mains en remontant des doigts vers les poignets. Insister sur les cuticules. Pour un soin plus complet, proc\u00e9der 1 \u00e0 2 fois par semaine \u00e0 une exfoliation avec le Gommage toute douceur Satinage\u00ae.<\/p>\n<p>60 ml<\/p>\n<\/div>\n","protected":false},"featured_media":5027,"template":"","meta":{"_et_pb_use_builder":"","_et_pb_old_content":"","_et_gb_content_width":""},"product_brand":[],"product_cat":[111,62,68,54],"product_tag":[],"class_list":{"0":"post-3369","1":"product","2":"type-product","3":"status-publish","4":"has-post-thumbnail","6":"product_cat-5-cremes-contour-des-yeux","7":"product_cat-cremes","8":"product_cat-laboratoire-dr-renaud","9":"product_cat-yeux-cou-levres-mains","11":"first","12":"instock","13":"taxable","14":"shipping-taxable","15":"purchasable","16":"product-type-simple"},"yoast_head":"<!-- This site is optimized with the Yoast SEO plugin v27.4 - https:\/\/yoast.com\/product\/yoast-seo-wordpress\/ -->\n<title>Meilleure cr\u00e8me \u00e0 main | boutique en ligne | Esth\u00e9ticienne Longueuil<\/title>\n<meta name=\"description\" content=\"pour survivre aux lavages fr\u00e9quents des mains sans en acc\u00e9l\u00e9rer le vieillissement et pr\u00e9venir la s\u00e8cheresse et les gercures.\" \/>\n<meta name=\"robots\" content=\"index, follow, max-snippet:-1, max-image-preview:large, max-video-preview:-1\" \/>\n<link rel=\"canonical\" href=\"https:\/\/esthetiquenovani.com\/boutique\/gammes\/laboratoire-dr-renaud\/5-cremes-contour-des-yeux\/dr-renaud-douceur-extreme-soin-traitant-des-mains\/\" \/>\n<meta property=\"og:locale\" content=\"en_US\" \/>\n<meta property=\"og:type\" content=\"article\" \/>\n<meta property=\"og:title\" content=\"Meilleure cr\u00e8me \u00e0 main | boutique en ligne | Esth\u00e9ticienne Longueuil\" \/>\n<meta property=\"og:description\" content=\"pour survivre aux lavages fr\u00e9quents des mains sans en acc\u00e9l\u00e9rer le vieillissement et pr\u00e9venir la s\u00e8cheresse et les gercures.\" \/>\n<meta property=\"og:url\" content=\"https:\/\/esthetiquenovani.com\/boutique\/gammes\/laboratoire-dr-renaud\/5-cremes-contour-des-yeux\/dr-renaud-douceur-extreme-soin-traitant-des-mains\/\" \/>\n<meta property=\"og:site_name\" content=\"Clinique d&#039;Esth&eacute;tique Novani\" \/>\n<meta property=\"article:publisher\" content=\"https:\/\/www.facebook.com\/esthetiquehturcotte\" \/>\n<meta property=\"article:modified_time\" content=\"2026-02-05T15:49:21+00:00\" \/>\n<meta property=\"og:image\" content=\"https:\/\/esthetiquenovani.com\/wp-content\/uploads\/2020\/06\/thumb_297x398_20422-douceurextreme_handcream_60ml_72dpi1.jpg\" \/>\n\t<meta property=\"og:image:width\" content=\"297\" \/>\n\t<meta property=\"og:image:height\" content=\"398\" \/>\n\t<meta property=\"og:image:type\" content=\"image\/jpeg\" \/>\n<meta name=\"twitter:card\" content=\"summary_large_image\" \/>\n<script type=\"application\/ld+json\" class=\"yoast-schema-graph\">{\"@context\":\"https:\\\/\\\/schema.org\",\"@graph\":[{\"@type\":\"WebPage\",\"@id\":\"https:\\\/\\\/esthetiquenovani.com\\\/boutique\\\/gammes\\\/laboratoire-dr-renaud\\\/5-cremes-contour-des-yeux\\\/dr-renaud-douceur-extreme-soin-traitant-des-mains\\\/\",\"url\":\"https:\\\/\\\/esthetiquenovani.com\\\/boutique\\\/gammes\\\/laboratoire-dr-renaud\\\/5-cremes-contour-des-yeux\\\/dr-renaud-douceur-extreme-soin-traitant-des-mains\\\/\",\"name\":\"Meilleure cr\u00e8me \u00e0 main | boutique en ligne | Esth\u00e9ticienne Longueuil\",\"isPartOf\":{\"@id\":\"https:\\\/\\\/esthetiquenovani.com\\\/#website\"},\"primaryImageOfPage\":{\"@id\":\"https:\\\/\\\/esthetiquenovani.com\\\/boutique\\\/gammes\\\/laboratoire-dr-renaud\\\/5-cremes-contour-des-yeux\\\/dr-renaud-douceur-extreme-soin-traitant-des-mains\\\/#primaryimage\"},\"image\":{\"@id\":\"https:\\\/\\\/esthetiquenovani.com\\\/boutique\\\/gammes\\\/laboratoire-dr-renaud\\\/5-cremes-contour-des-yeux\\\/dr-renaud-douceur-extreme-soin-traitant-des-mains\\\/#primaryimage\"},\"thumbnailUrl\":\"https:\\\/\\\/esthetiquenovani.com\\\/wp-content\\\/uploads\\\/2020\\\/06\\\/thumb_297x398_20422-douceurextreme_handcream_60ml_72dpi1.jpg\",\"datePublished\":\"2020-03-26T01:22:29+00:00\",\"dateModified\":\"2026-02-05T15:49:21+00:00\",\"description\":\"pour survivre aux lavages fr\u00e9quents des mains sans en acc\u00e9l\u00e9rer le vieillissement et pr\u00e9venir la s\u00e8cheresse et les gercures.\",\"breadcrumb\":{\"@id\":\"https:\\\/\\\/esthetiquenovani.com\\\/boutique\\\/gammes\\\/laboratoire-dr-renaud\\\/5-cremes-contour-des-yeux\\\/dr-renaud-douceur-extreme-soin-traitant-des-mains\\\/#breadcrumb\"},\"inLanguage\":\"en-US\",\"potentialAction\":[{\"@type\":\"ReadAction\",\"target\":[\"https:\\\/\\\/esthetiquenovani.com\\\/boutique\\\/gammes\\\/laboratoire-dr-renaud\\\/5-cremes-contour-des-yeux\\\/dr-renaud-douceur-extreme-soin-traitant-des-mains\\\/\"]}]},{\"@type\":\"ImageObject\",\"inLanguage\":\"en-US\",\"@id\":\"https:\\\/\\\/esthetiquenovani.com\\\/boutique\\\/gammes\\\/laboratoire-dr-renaud\\\/5-cremes-contour-des-yeux\\\/dr-renaud-douceur-extreme-soin-traitant-des-mains\\\/#primaryimage\",\"url\":\"https:\\\/\\\/esthetiquenovani.com\\\/wp-content\\\/uploads\\\/2020\\\/06\\\/thumb_297x398_20422-douceurextreme_handcream_60ml_72dpi1.jpg\",\"contentUrl\":\"https:\\\/\\\/esthetiquenovani.com\\\/wp-content\\\/uploads\\\/2020\\\/06\\\/thumb_297x398_20422-douceurextreme_handcream_60ml_72dpi1.jpg\",\"width\":297,\"height\":398,\"caption\":\"Dr Renaud - Douceur Extr\u00eame - Soin traitant des mains\"},{\"@type\":\"BreadcrumbList\",\"@id\":\"https:\\\/\\\/esthetiquenovani.com\\\/boutique\\\/gammes\\\/laboratoire-dr-renaud\\\/5-cremes-contour-des-yeux\\\/dr-renaud-douceur-extreme-soin-traitant-des-mains\\\/#breadcrumb\",\"itemListElement\":[{\"@type\":\"ListItem\",\"position\":1,\"name\":\"Accueil\",\"item\":\"https:\\\/\\\/esthetiquenovani.com\\\/en\\\/\"},{\"@type\":\"ListItem\",\"position\":2,\"name\":\"Boutique\",\"item\":\"https:\\\/\\\/esthetiquenovani.com\\\/boutique\\\/\"},{\"@type\":\"ListItem\",\"position\":3,\"name\":\"Dr Renaud &#8211; Douceur Extr\u00eame &#8211; Soin traitant des mains\"}]},{\"@type\":\"WebSite\",\"@id\":\"https:\\\/\\\/esthetiquenovani.com\\\/#website\",\"url\":\"https:\\\/\\\/esthetiquenovani.com\\\/\",\"name\":\"Clinique d'Esth&eacute;tique Novani\",\"description\":\"Brossard, Longueil &amp; Chambly\",\"publisher\":{\"@id\":\"https:\\\/\\\/esthetiquenovani.com\\\/#organization\"},\"potentialAction\":[{\"@type\":\"SearchAction\",\"target\":{\"@type\":\"EntryPoint\",\"urlTemplate\":\"https:\\\/\\\/esthetiquenovani.com\\\/?s={search_term_string}\"},\"query-input\":{\"@type\":\"PropertyValueSpecification\",\"valueRequired\":true,\"valueName\":\"search_term_string\"}}],\"inLanguage\":\"en-US\"},{\"@type\":\"Organization\",\"@id\":\"https:\\\/\\\/esthetiquenovani.com\\\/#organization\",\"name\":\"Esth\u00e9tique Huguette Turcotte\",\"url\":\"https:\\\/\\\/esthetiquenovani.com\\\/\",\"logo\":{\"@type\":\"ImageObject\",\"inLanguage\":\"en-US\",\"@id\":\"https:\\\/\\\/esthetiquenovani.com\\\/#\\\/schema\\\/logo\\\/image\\\/\",\"url\":\"https:\\\/\\\/esthetiquenovani.com\\\/wp-content\\\/uploads\\\/2018\\\/01\\\/qui-sommes-nous.jpg\",\"contentUrl\":\"https:\\\/\\\/esthetiquenovani.com\\\/wp-content\\\/uploads\\\/2018\\\/01\\\/qui-sommes-nous.jpg\",\"width\":637,\"height\":425,\"caption\":\"Esth\u00e9tique Huguette Turcotte\"},\"image\":{\"@id\":\"https:\\\/\\\/esthetiquenovani.com\\\/#\\\/schema\\\/logo\\\/image\\\/\"},\"sameAs\":[\"https:\\\/\\\/www.facebook.com\\\/esthetiquehturcotte\"]}]}<\/script>\n<!-- \/ Yoast SEO plugin. -->","yoast_head_json":{"title":"Meilleure cr\u00e8me \u00e0 main | boutique en ligne | Esth\u00e9ticienne Longueuil","description":"pour survivre aux lavages fr\u00e9quents des mains sans en acc\u00e9l\u00e9rer le vieillissement et pr\u00e9venir la s\u00e8cheresse et les gercures.","robots":{"index":"index","follow":"follow","max-snippet":"max-snippet:-1","max-image-preview":"max-image-preview:large","max-video-preview":"max-video-preview:-1"},"canonical":"https:\/\/esthetiquenovani.com\/boutique\/gammes\/laboratoire-dr-renaud\/5-cremes-contour-des-yeux\/dr-renaud-douceur-extreme-soin-traitant-des-mains\/","og_locale":"en_US","og_type":"article","og_title":"Meilleure cr\u00e8me \u00e0 main | boutique en ligne | Esth\u00e9ticienne Longueuil","og_description":"pour survivre aux lavages fr\u00e9quents des mains sans en acc\u00e9l\u00e9rer le vieillissement et pr\u00e9venir la s\u00e8cheresse et les gercures.","og_url":"https:\/\/esthetiquenovani.com\/boutique\/gammes\/laboratoire-dr-renaud\/5-cremes-contour-des-yeux\/dr-renaud-douceur-extreme-soin-traitant-des-mains\/","og_site_name":"Clinique d'Esth&eacute;tique Novani","article_publisher":"https:\/\/www.facebook.com\/esthetiquehturcotte","article_modified_time":"2026-02-05T15:49:21+00:00","og_image":[{"width":297,"height":398,"url":"https:\/\/esthetiquenovani.com\/wp-content\/uploads\/2020\/06\/thumb_297x398_20422-douceurextreme_handcream_60ml_72dpi1.jpg","type":"image\/jpeg"}],"twitter_card":"summary_large_image","schema":{"@context":"https:\/\/schema.org","@graph":[{"@type":"WebPage","@id":"https:\/\/esthetiquenovani.com\/boutique\/gammes\/laboratoire-dr-renaud\/5-cremes-contour-des-yeux\/dr-renaud-douceur-extreme-soin-traitant-des-mains\/","url":"https:\/\/esthetiquenovani.com\/boutique\/gammes\/laboratoire-dr-renaud\/5-cremes-contour-des-yeux\/dr-renaud-douceur-extreme-soin-traitant-des-mains\/","name":"Meilleure cr\u00e8me \u00e0 main | boutique en ligne | Esth\u00e9ticienne Longueuil","isPartOf":{"@id":"https:\/\/esthetiquenovani.com\/#website"},"primaryImageOfPage":{"@id":"https:\/\/esthetiquenovani.com\/boutique\/gammes\/laboratoire-dr-renaud\/5-cremes-contour-des-yeux\/dr-renaud-douceur-extreme-soin-traitant-des-mains\/#primaryimage"},"image":{"@id":"https:\/\/esthetiquenovani.com\/boutique\/gammes\/laboratoire-dr-renaud\/5-cremes-contour-des-yeux\/dr-renaud-douceur-extreme-soin-traitant-des-mains\/#primaryimage"},"thumbnailUrl":"https:\/\/esthetiquenovani.com\/wp-content\/uploads\/2020\/06\/thumb_297x398_20422-douceurextreme_handcream_60ml_72dpi1.jpg","datePublished":"2020-03-26T01:22:29+00:00","dateModified":"2026-02-05T15:49:21+00:00","description":"pour survivre aux lavages fr\u00e9quents des mains sans en acc\u00e9l\u00e9rer le vieillissement et pr\u00e9venir la s\u00e8cheresse et les gercures.","breadcrumb":{"@id":"https:\/\/esthetiquenovani.com\/boutique\/gammes\/laboratoire-dr-renaud\/5-cremes-contour-des-yeux\/dr-renaud-douceur-extreme-soin-traitant-des-mains\/#breadcrumb"},"inLanguage":"en-US","potentialAction":[{"@type":"ReadAction","target":["https:\/\/esthetiquenovani.com\/boutique\/gammes\/laboratoire-dr-renaud\/5-cremes-contour-des-yeux\/dr-renaud-douceur-extreme-soin-traitant-des-mains\/"]}]},{"@type":"ImageObject","inLanguage":"en-US","@id":"https:\/\/esthetiquenovani.com\/boutique\/gammes\/laboratoire-dr-renaud\/5-cremes-contour-des-yeux\/dr-renaud-douceur-extreme-soin-traitant-des-mains\/#primaryimage","url":"https:\/\/esthetiquenovani.com\/wp-content\/uploads\/2020\/06\/thumb_297x398_20422-douceurextreme_handcream_60ml_72dpi1.jpg","contentUrl":"https:\/\/esthetiquenovani.com\/wp-content\/uploads\/2020\/06\/thumb_297x398_20422-douceurextreme_handcream_60ml_72dpi1.jpg","width":297,"height":398,"caption":"Dr Renaud - Douceur Extr\u00eame - Soin traitant des mains"},{"@type":"BreadcrumbList","@id":"https:\/\/esthetiquenovani.com\/boutique\/gammes\/laboratoire-dr-renaud\/5-cremes-contour-des-yeux\/dr-renaud-douceur-extreme-soin-traitant-des-mains\/#breadcrumb","itemListElement":[{"@type":"ListItem","position":1,"name":"Accueil","item":"https:\/\/esthetiquenovani.com\/en\/"},{"@type":"ListItem","position":2,"name":"Boutique","item":"https:\/\/esthetiquenovani.com\/boutique\/"},{"@type":"ListItem","position":3,"name":"Dr Renaud &#8211; Douceur Extr\u00eame &#8211; Soin traitant des mains"}]},{"@type":"WebSite","@id":"https:\/\/esthetiquenovani.com\/#website","url":"https:\/\/esthetiquenovani.com\/","name":"Clinique d'Esth&eacute;tique Novani","description":"Brossard, Longueil &amp; Chambly","publisher":{"@id":"https:\/\/esthetiquenovani.com\/#organization"},"potentialAction":[{"@type":"SearchAction","target":{"@type":"EntryPoint","urlTemplate":"https:\/\/esthetiquenovani.com\/?s={search_term_string}"},"query-input":{"@type":"PropertyValueSpecification","valueRequired":true,"valueName":"search_term_string"}}],"inLanguage":"en-US"},{"@type":"Organization","@id":"https:\/\/esthetiquenovani.com\/#organization","name":"Esth\u00e9tique Huguette Turcotte","url":"https:\/\/esthetiquenovani.com\/","logo":{"@type":"ImageObject","inLanguage":"en-US","@id":"https:\/\/esthetiquenovani.com\/#\/schema\/logo\/image\/","url":"https:\/\/esthetiquenovani.com\/wp-content\/uploads\/2018\/01\/qui-sommes-nous.jpg","contentUrl":"https:\/\/esthetiquenovani.com\/wp-content\/uploads\/2018\/01\/qui-sommes-nous.jpg","width":637,"height":425,"caption":"Esth\u00e9tique Huguette Turcotte"},"image":{"@id":"https:\/\/esthetiquenovani.com\/#\/schema\/logo\/image\/"},"sameAs":["https:\/\/www.facebook.com\/esthetiquehturcotte"]}]}},"_links":{"self":[{"href":"https:\/\/esthetiquenovani.com\/en\/wp-json\/wp\/v2\/product\/3369","targetHints":{"allow":["GET"]}}],"collection":[{"href":"https:\/\/esthetiquenovani.com\/en\/wp-json\/wp\/v2\/product"}],"about":[{"href":"https:\/\/esthetiquenovani.com\/en\/wp-json\/wp\/v2\/types\/product"}],"wp:featuredmedia":[{"embeddable":true,"href":"https:\/\/esthetiquenovani.com\/en\/wp-json\/wp\/v2\/media\/5027"}],"wp:attachment":[{"href":"https:\/\/esthetiquenovani.com\/en\/wp-json\/wp\/v2\/media?parent=3369"}],"wp:term":[{"taxonomy":"product_brand","embeddable":true,"href":"https:\/\/esthetiquenovani.com\/en\/wp-json\/wp\/v2\/product_brand?post=3369"},{"taxonomy":"product_cat","embeddable":true,"href":"https:\/\/esthetiquenovani.com\/en\/wp-json\/wp\/v2\/product_cat?post=3369"},{"taxonomy":"product_tag","embeddable":true,"href":"https:\/\/esthetiquenovani.com\/en\/wp-json\/wp\/v2\/product_tag?post=3369"}],"curies":[{"name":"wp","href":"https:\/\/api.w.org\/{rel}","templated":true}]}}