{"id":3372,"date":"2020-03-25T21:30:21","date_gmt":"2020-03-26T01:30:21","guid":{"rendered":"https:\/\/esthetiquenovani.com\/produit\/dr-renaud-creme-retinol-0-22-soin-intensif-de-nuit\/"},"modified":"2026-02-05T09:58:06","modified_gmt":"2026-02-05T14:58:06","slug":"dr-renaud-creme-retinol-0-22-soin-intensif-de-nuit","status":"publish","type":"product","link":"https:\/\/esthetiquenovani.com\/en\/boutique\/gammes\/laboratoire-dr-renaud\/4-cremes-de-jour-et-de-nuit\/dr-renaud-creme-retinol-0-22-soin-intensif-de-nuit\/","title":{"rendered":"Dr Renaud \u2013 Cr\u00e8me Retinol 0.22 \u2013 Soin intensif de nuit"},"content":{"rendered":"","protected":false},"excerpt":{"rendered":"<p>Retinol 0.22 est un soin de nuit anti-\u00e2ge des plus performants. La technologie POLY-PORE utilis\u00e9e dans sa formule permet une lib\u00e9ration prolong\u00e9e du r\u00e9tinol dans la peau, garantissant ainsi une efficacit\u00e9 optimal sans irritation.<\/p>\n<ul>\n<li>\u00a0Am\u00e9liore la luminosit\u00e9 du teint<\/li>\n<li>Corrige l\u2019apparence des signes de vieillissement<\/li>\n<li>Prot\u00e8ge contre les agresseurs environnementaux<\/li>\n<li>Lisse le grain de la peau<\/li>\n<\/ul>\n<p><a style=\"font-weight: 400\" href=\"http:\/\/ldrenaud.com\/fr\/produits\/soin-intensif-de-nuit-retinol-022\/114#\">Conseils d\u2019utilisation<\/a><\/p>\n<p>Il est conseill\u00e9 de d\u00e9marrer le soin Retinol 0.22 par trois applications par semaine puis d\u2019augmenter progressivement pour arriver \u00e0 une application quotidienne apr\u00e8s 3 semaines. Le soir, sur une peau parfaitement nettoy\u00e9e, appliquer une quantit\u00e9 \u00e9gale \u00e0 une noisette sur le visage et le cou. Faire p\u00e9n\u00e9trer par de l\u00e9gers effleurages. \u00c9viter absolument les yeux et la r\u00e9gion du contour de l\u2019\u0153il. Attendre 30 minutes avant l\u2019application de votre soin de nuit habituel. Le jour, utiliser un produit avec une protection solaire FPS30 Laboratoire DrRenaud.<\/p>\n<p>30 ml<\/p>\n","protected":false},"featured_media":5028,"template":"","meta":{"_et_pb_use_builder":"","_et_pb_old_content":"","_et_gb_content_width":""},"product_brand":[],"product_cat":[109,62,68,52,61,60,53],"product_tag":[],"class_list":{"0":"post-3372","1":"product","2":"type-product","3":"status-publish","4":"has-post-thumbnail","6":"product_cat-4-cremes-de-jour-et-de-nuit","7":"product_cat-cremes","8":"product_cat-laboratoire-dr-renaud","9":"product_cat-peau-grasse-et-pores-dilates","10":"product_cat-peaux-matures-et-perte-de-densite","11":"product_cat-rides-installees-et-perte-de-fermete","12":"product_cat-taches-pigmentaires-et-teint-terne","14":"first","15":"instock","16":"taxable","17":"shipping-taxable","18":"purchasable","19":"product-type-simple"},"yoast_head":"<!-- This site is optimized with the Yoast SEO plugin v27.4 - https:\/\/yoast.com\/product\/yoast-seo-wordpress\/ -->\n<title>Dr Renaud \u2013 Cr\u00e8me Retinol 0.22 \u2013 Soin intensif de nuit &#8902; Clinique d&#039;Esth&eacute;tique Novani<\/title>\n<meta name=\"robots\" content=\"index, follow, max-snippet:-1, max-image-preview:large, max-video-preview:-1\" \/>\n<link rel=\"canonical\" href=\"https:\/\/esthetiquenovani.com\/boutique\/gammes\/laboratoire-dr-renaud\/4-cremes-de-jour-et-de-nuit\/dr-renaud-creme-retinol-0-22-soin-intensif-de-nuit\/\" \/>\n<meta property=\"og:locale\" content=\"en_US\" \/>\n<meta property=\"og:type\" content=\"article\" \/>\n<meta property=\"og:title\" content=\"Dr Renaud \u2013 Cr\u00e8me Retinol 0.22 \u2013 Soin intensif de nuit &#8902; Clinique d&#039;Esth&eacute;tique Novani\" \/>\n<meta property=\"og:description\" content=\"Retinol 0.22 est un soin de nuit anti-\u00e2ge des plus performants. La technologie POLY-PORE utilis\u00e9e dans sa formule permet une lib\u00e9ration prolong\u00e9e du r\u00e9tinol dans la peau, garantissant ainsi une efficacit\u00e9 optimal sans irritation.   \u00a0Am\u00e9liore la luminosit\u00e9 du teint  Corrige l\u2019apparence des signes de vieillissement  Prot\u00e8ge contre les agresseurs environnementaux  Lisse le grain de la peau  Conseils d\u2019utilisation  Il est conseill\u00e9 de d\u00e9marrer le soin Retinol 0.22 par trois applications par semaine puis d\u2019augmenter progressivement pour arriver \u00e0 une application quotidienne apr\u00e8s 3 semaines. Le soir, sur une peau parfaitement nettoy\u00e9e, appliquer une quantit\u00e9 \u00e9gale \u00e0 une noisette sur le visage et le cou. Faire p\u00e9n\u00e9trer par de l\u00e9gers effleurages. \u00c9viter absolument les yeux et la r\u00e9gion du contour de l\u2019\u0153il. Attendre 30 minutes avant l\u2019application de votre soin de nuit habituel. Le jour, utiliser un produit avec une protection solaire FPS30 Laboratoire DrRenaud.  30 ml\" \/>\n<meta property=\"og:url\" content=\"https:\/\/esthetiquenovani.com\/boutique\/gammes\/laboratoire-dr-renaud\/4-cremes-de-jour-et-de-nuit\/dr-renaud-creme-retinol-0-22-soin-intensif-de-nuit\/\" \/>\n<meta property=\"og:site_name\" content=\"Clinique d&#039;Esth&eacute;tique Novani\" \/>\n<meta property=\"article:publisher\" content=\"https:\/\/www.facebook.com\/esthetiquehturcotte\" \/>\n<meta property=\"article:modified_time\" content=\"2026-02-05T14:58:06+00:00\" \/>\n<meta property=\"og:image\" content=\"https:\/\/esthetiquenovani.com\/wp-content\/uploads\/2020\/06\/50106491-retinol_0.22_30ml-500x500-1.png\" \/>\n\t<meta property=\"og:image:width\" content=\"500\" \/>\n\t<meta property=\"og:image:height\" content=\"500\" \/>\n\t<meta property=\"og:image:type\" content=\"image\/png\" \/>\n<meta name=\"twitter:card\" content=\"summary_large_image\" \/>\n<script type=\"application\/ld+json\" class=\"yoast-schema-graph\">{\"@context\":\"https:\\\/\\\/schema.org\",\"@graph\":[{\"@type\":\"WebPage\",\"@id\":\"https:\\\/\\\/esthetiquenovani.com\\\/boutique\\\/gammes\\\/laboratoire-dr-renaud\\\/4-cremes-de-jour-et-de-nuit\\\/dr-renaud-creme-retinol-0-22-soin-intensif-de-nuit\\\/\",\"url\":\"https:\\\/\\\/esthetiquenovani.com\\\/boutique\\\/gammes\\\/laboratoire-dr-renaud\\\/4-cremes-de-jour-et-de-nuit\\\/dr-renaud-creme-retinol-0-22-soin-intensif-de-nuit\\\/\",\"name\":\"Dr Renaud \u2013 Cr\u00e8me Retinol 0.22 \u2013 Soin intensif de nuit &#8902; Clinique d'Esth&eacute;tique Novani\",\"isPartOf\":{\"@id\":\"https:\\\/\\\/esthetiquenovani.com\\\/#website\"},\"primaryImageOfPage\":{\"@id\":\"https:\\\/\\\/esthetiquenovani.com\\\/boutique\\\/gammes\\\/laboratoire-dr-renaud\\\/4-cremes-de-jour-et-de-nuit\\\/dr-renaud-creme-retinol-0-22-soin-intensif-de-nuit\\\/#primaryimage\"},\"image\":{\"@id\":\"https:\\\/\\\/esthetiquenovani.com\\\/boutique\\\/gammes\\\/laboratoire-dr-renaud\\\/4-cremes-de-jour-et-de-nuit\\\/dr-renaud-creme-retinol-0-22-soin-intensif-de-nuit\\\/#primaryimage\"},\"thumbnailUrl\":\"https:\\\/\\\/esthetiquenovani.com\\\/wp-content\\\/uploads\\\/2020\\\/06\\\/50106491-retinol_0.22_30ml-500x500-1.png\",\"datePublished\":\"2020-03-26T01:30:21+00:00\",\"dateModified\":\"2026-02-05T14:58:06+00:00\",\"breadcrumb\":{\"@id\":\"https:\\\/\\\/esthetiquenovani.com\\\/boutique\\\/gammes\\\/laboratoire-dr-renaud\\\/4-cremes-de-jour-et-de-nuit\\\/dr-renaud-creme-retinol-0-22-soin-intensif-de-nuit\\\/#breadcrumb\"},\"inLanguage\":\"en-US\",\"potentialAction\":[{\"@type\":\"ReadAction\",\"target\":[\"https:\\\/\\\/esthetiquenovani.com\\\/boutique\\\/gammes\\\/laboratoire-dr-renaud\\\/4-cremes-de-jour-et-de-nuit\\\/dr-renaud-creme-retinol-0-22-soin-intensif-de-nuit\\\/\"]}]},{\"@type\":\"ImageObject\",\"inLanguage\":\"en-US\",\"@id\":\"https:\\\/\\\/esthetiquenovani.com\\\/boutique\\\/gammes\\\/laboratoire-dr-renaud\\\/4-cremes-de-jour-et-de-nuit\\\/dr-renaud-creme-retinol-0-22-soin-intensif-de-nuit\\\/#primaryimage\",\"url\":\"https:\\\/\\\/esthetiquenovani.com\\\/wp-content\\\/uploads\\\/2020\\\/06\\\/50106491-retinol_0.22_30ml-500x500-1.png\",\"contentUrl\":\"https:\\\/\\\/esthetiquenovani.com\\\/wp-content\\\/uploads\\\/2020\\\/06\\\/50106491-retinol_0.22_30ml-500x500-1.png\",\"width\":500,\"height\":500,\"caption\":\"Dr Renaud \u2013 Cr\u00e8me Retinol 0.22 \u2013 Soin intensif de nuit\"},{\"@type\":\"BreadcrumbList\",\"@id\":\"https:\\\/\\\/esthetiquenovani.com\\\/boutique\\\/gammes\\\/laboratoire-dr-renaud\\\/4-cremes-de-jour-et-de-nuit\\\/dr-renaud-creme-retinol-0-22-soin-intensif-de-nuit\\\/#breadcrumb\",\"itemListElement\":[{\"@type\":\"ListItem\",\"position\":1,\"name\":\"Accueil\",\"item\":\"https:\\\/\\\/esthetiquenovani.com\\\/en\\\/\"},{\"@type\":\"ListItem\",\"position\":2,\"name\":\"Boutique\",\"item\":\"https:\\\/\\\/esthetiquenovani.com\\\/boutique\\\/\"},{\"@type\":\"ListItem\",\"position\":3,\"name\":\"Dr Renaud \u2013 Cr\u00e8me Retinol 0.22 \u2013 Soin intensif de nuit\"}]},{\"@type\":\"WebSite\",\"@id\":\"https:\\\/\\\/esthetiquenovani.com\\\/#website\",\"url\":\"https:\\\/\\\/esthetiquenovani.com\\\/\",\"name\":\"Clinique d'Esth&eacute;tique Novani\",\"description\":\"Brossard, Longueil &amp; Chambly\",\"publisher\":{\"@id\":\"https:\\\/\\\/esthetiquenovani.com\\\/#organization\"},\"potentialAction\":[{\"@type\":\"SearchAction\",\"target\":{\"@type\":\"EntryPoint\",\"urlTemplate\":\"https:\\\/\\\/esthetiquenovani.com\\\/?s={search_term_string}\"},\"query-input\":{\"@type\":\"PropertyValueSpecification\",\"valueRequired\":true,\"valueName\":\"search_term_string\"}}],\"inLanguage\":\"en-US\"},{\"@type\":\"Organization\",\"@id\":\"https:\\\/\\\/esthetiquenovani.com\\\/#organization\",\"name\":\"Esth\u00e9tique Huguette Turcotte\",\"url\":\"https:\\\/\\\/esthetiquenovani.com\\\/\",\"logo\":{\"@type\":\"ImageObject\",\"inLanguage\":\"en-US\",\"@id\":\"https:\\\/\\\/esthetiquenovani.com\\\/#\\\/schema\\\/logo\\\/image\\\/\",\"url\":\"https:\\\/\\\/esthetiquenovani.com\\\/wp-content\\\/uploads\\\/2018\\\/01\\\/qui-sommes-nous.jpg\",\"contentUrl\":\"https:\\\/\\\/esthetiquenovani.com\\\/wp-content\\\/uploads\\\/2018\\\/01\\\/qui-sommes-nous.jpg\",\"width\":637,\"height\":425,\"caption\":\"Esth\u00e9tique Huguette Turcotte\"},\"image\":{\"@id\":\"https:\\\/\\\/esthetiquenovani.com\\\/#\\\/schema\\\/logo\\\/image\\\/\"},\"sameAs\":[\"https:\\\/\\\/www.facebook.com\\\/esthetiquehturcotte\"]}]}<\/script>\n<!-- \/ Yoast SEO plugin. -->","yoast_head_json":{"title":"Dr Renaud \u2013 Cr\u00e8me Retinol 0.22 \u2013 Soin intensif de nuit &#8902; Clinique d'Esth&eacute;tique Novani","robots":{"index":"index","follow":"follow","max-snippet":"max-snippet:-1","max-image-preview":"max-image-preview:large","max-video-preview":"max-video-preview:-1"},"canonical":"https:\/\/esthetiquenovani.com\/boutique\/gammes\/laboratoire-dr-renaud\/4-cremes-de-jour-et-de-nuit\/dr-renaud-creme-retinol-0-22-soin-intensif-de-nuit\/","og_locale":"en_US","og_type":"article","og_title":"Dr Renaud \u2013 Cr\u00e8me Retinol 0.22 \u2013 Soin intensif de nuit &#8902; Clinique d'Esth&eacute;tique Novani","og_description":"Retinol 0.22 est un soin de nuit anti-\u00e2ge des plus performants. La technologie POLY-PORE utilis\u00e9e dans sa formule permet une lib\u00e9ration prolong\u00e9e du r\u00e9tinol dans la peau, garantissant ainsi une efficacit\u00e9 optimal sans irritation.   \u00a0Am\u00e9liore la luminosit\u00e9 du teint  Corrige l\u2019apparence des signes de vieillissement  Prot\u00e8ge contre les agresseurs environnementaux  Lisse le grain de la peau  Conseils d\u2019utilisation  Il est conseill\u00e9 de d\u00e9marrer le soin Retinol 0.22 par trois applications par semaine puis d\u2019augmenter progressivement pour arriver \u00e0 une application quotidienne apr\u00e8s 3 semaines. Le soir, sur une peau parfaitement nettoy\u00e9e, appliquer une quantit\u00e9 \u00e9gale \u00e0 une noisette sur le visage et le cou. Faire p\u00e9n\u00e9trer par de l\u00e9gers effleurages. \u00c9viter absolument les yeux et la r\u00e9gion du contour de l\u2019\u0153il. Attendre 30 minutes avant l\u2019application de votre soin de nuit habituel. Le jour, utiliser un produit avec une protection solaire FPS30 Laboratoire DrRenaud.  30 ml","og_url":"https:\/\/esthetiquenovani.com\/boutique\/gammes\/laboratoire-dr-renaud\/4-cremes-de-jour-et-de-nuit\/dr-renaud-creme-retinol-0-22-soin-intensif-de-nuit\/","og_site_name":"Clinique d'Esth&eacute;tique Novani","article_publisher":"https:\/\/www.facebook.com\/esthetiquehturcotte","article_modified_time":"2026-02-05T14:58:06+00:00","og_image":[{"width":500,"height":500,"url":"https:\/\/esthetiquenovani.com\/wp-content\/uploads\/2020\/06\/50106491-retinol_0.22_30ml-500x500-1.png","type":"image\/png"}],"twitter_card":"summary_large_image","schema":{"@context":"https:\/\/schema.org","@graph":[{"@type":"WebPage","@id":"https:\/\/esthetiquenovani.com\/boutique\/gammes\/laboratoire-dr-renaud\/4-cremes-de-jour-et-de-nuit\/dr-renaud-creme-retinol-0-22-soin-intensif-de-nuit\/","url":"https:\/\/esthetiquenovani.com\/boutique\/gammes\/laboratoire-dr-renaud\/4-cremes-de-jour-et-de-nuit\/dr-renaud-creme-retinol-0-22-soin-intensif-de-nuit\/","name":"Dr Renaud \u2013 Cr\u00e8me Retinol 0.22 \u2013 Soin intensif de nuit &#8902; Clinique d'Esth&eacute;tique Novani","isPartOf":{"@id":"https:\/\/esthetiquenovani.com\/#website"},"primaryImageOfPage":{"@id":"https:\/\/esthetiquenovani.com\/boutique\/gammes\/laboratoire-dr-renaud\/4-cremes-de-jour-et-de-nuit\/dr-renaud-creme-retinol-0-22-soin-intensif-de-nuit\/#primaryimage"},"image":{"@id":"https:\/\/esthetiquenovani.com\/boutique\/gammes\/laboratoire-dr-renaud\/4-cremes-de-jour-et-de-nuit\/dr-renaud-creme-retinol-0-22-soin-intensif-de-nuit\/#primaryimage"},"thumbnailUrl":"https:\/\/esthetiquenovani.com\/wp-content\/uploads\/2020\/06\/50106491-retinol_0.22_30ml-500x500-1.png","datePublished":"2020-03-26T01:30:21+00:00","dateModified":"2026-02-05T14:58:06+00:00","breadcrumb":{"@id":"https:\/\/esthetiquenovani.com\/boutique\/gammes\/laboratoire-dr-renaud\/4-cremes-de-jour-et-de-nuit\/dr-renaud-creme-retinol-0-22-soin-intensif-de-nuit\/#breadcrumb"},"inLanguage":"en-US","potentialAction":[{"@type":"ReadAction","target":["https:\/\/esthetiquenovani.com\/boutique\/gammes\/laboratoire-dr-renaud\/4-cremes-de-jour-et-de-nuit\/dr-renaud-creme-retinol-0-22-soin-intensif-de-nuit\/"]}]},{"@type":"ImageObject","inLanguage":"en-US","@id":"https:\/\/esthetiquenovani.com\/boutique\/gammes\/laboratoire-dr-renaud\/4-cremes-de-jour-et-de-nuit\/dr-renaud-creme-retinol-0-22-soin-intensif-de-nuit\/#primaryimage","url":"https:\/\/esthetiquenovani.com\/wp-content\/uploads\/2020\/06\/50106491-retinol_0.22_30ml-500x500-1.png","contentUrl":"https:\/\/esthetiquenovani.com\/wp-content\/uploads\/2020\/06\/50106491-retinol_0.22_30ml-500x500-1.png","width":500,"height":500,"caption":"Dr Renaud \u2013 Cr\u00e8me Retinol 0.22 \u2013 Soin intensif de nuit"},{"@type":"BreadcrumbList","@id":"https:\/\/esthetiquenovani.com\/boutique\/gammes\/laboratoire-dr-renaud\/4-cremes-de-jour-et-de-nuit\/dr-renaud-creme-retinol-0-22-soin-intensif-de-nuit\/#breadcrumb","itemListElement":[{"@type":"ListItem","position":1,"name":"Accueil","item":"https:\/\/esthetiquenovani.com\/en\/"},{"@type":"ListItem","position":2,"name":"Boutique","item":"https:\/\/esthetiquenovani.com\/boutique\/"},{"@type":"ListItem","position":3,"name":"Dr Renaud \u2013 Cr\u00e8me Retinol 0.22 \u2013 Soin intensif de nuit"}]},{"@type":"WebSite","@id":"https:\/\/esthetiquenovani.com\/#website","url":"https:\/\/esthetiquenovani.com\/","name":"Clinique d'Esth&eacute;tique Novani","description":"Brossard, Longueil &amp; Chambly","publisher":{"@id":"https:\/\/esthetiquenovani.com\/#organization"},"potentialAction":[{"@type":"SearchAction","target":{"@type":"EntryPoint","urlTemplate":"https:\/\/esthetiquenovani.com\/?s={search_term_string}"},"query-input":{"@type":"PropertyValueSpecification","valueRequired":true,"valueName":"search_term_string"}}],"inLanguage":"en-US"},{"@type":"Organization","@id":"https:\/\/esthetiquenovani.com\/#organization","name":"Esth\u00e9tique Huguette Turcotte","url":"https:\/\/esthetiquenovani.com\/","logo":{"@type":"ImageObject","inLanguage":"en-US","@id":"https:\/\/esthetiquenovani.com\/#\/schema\/logo\/image\/","url":"https:\/\/esthetiquenovani.com\/wp-content\/uploads\/2018\/01\/qui-sommes-nous.jpg","contentUrl":"https:\/\/esthetiquenovani.com\/wp-content\/uploads\/2018\/01\/qui-sommes-nous.jpg","width":637,"height":425,"caption":"Esth\u00e9tique Huguette Turcotte"},"image":{"@id":"https:\/\/esthetiquenovani.com\/#\/schema\/logo\/image\/"},"sameAs":["https:\/\/www.facebook.com\/esthetiquehturcotte"]}]}},"_links":{"self":[{"href":"https:\/\/esthetiquenovani.com\/en\/wp-json\/wp\/v2\/product\/3372","targetHints":{"allow":["GET"]}}],"collection":[{"href":"https:\/\/esthetiquenovani.com\/en\/wp-json\/wp\/v2\/product"}],"about":[{"href":"https:\/\/esthetiquenovani.com\/en\/wp-json\/wp\/v2\/types\/product"}],"wp:featuredmedia":[{"embeddable":true,"href":"https:\/\/esthetiquenovani.com\/en\/wp-json\/wp\/v2\/media\/5028"}],"wp:attachment":[{"href":"https:\/\/esthetiquenovani.com\/en\/wp-json\/wp\/v2\/media?parent=3372"}],"wp:term":[{"taxonomy":"product_brand","embeddable":true,"href":"https:\/\/esthetiquenovani.com\/en\/wp-json\/wp\/v2\/product_brand?post=3372"},{"taxonomy":"product_cat","embeddable":true,"href":"https:\/\/esthetiquenovani.com\/en\/wp-json\/wp\/v2\/product_cat?post=3372"},{"taxonomy":"product_tag","embeddable":true,"href":"https:\/\/esthetiquenovani.com\/en\/wp-json\/wp\/v2\/product_tag?post=3372"}],"curies":[{"name":"wp","href":"https:\/\/api.w.org\/{rel}","templated":true}]}}