{"id":3388,"date":"2020-03-26T19:00:03","date_gmt":"2020-03-26T23:00:03","guid":{"rendered":"https:\/\/esthetiquenovani.com\/produit\/esthederm-brume-deau-cellulaire-200-ml\/"},"modified":"2025-12-30T12:45:56","modified_gmt":"2025-12-30T17:45:56","slug":"esthederm-brume-deau-cellulaire-200-ml","status":"publish","type":"product","link":"https:\/\/esthetiquenovani.com\/en\/boutique\/gammes\/esthederm-meilleures-cremes-anti-rides-estheticienne-longueuil\/2-lotions-et-toniques\/esthederm-brume-deau-cellulaire-200-ml\/","title":{"rendered":"Esthederm &#8211; Eau Cellulaire &#8211; Brume &#8211; 200 mL"},"content":{"rendered":"<p>Destin\u00e9e aux peaux d\u00e9shydrat\u00e9es et inspir\u00e9e de l&#8217;eau naturellement pr\u00e9sente dans la peau, Esthederm a developp\u00e9 l&#8217;Eau Cellulaire. Parfaitement compatible avec la peau elle aide \u00e0 pr\u00e9server visiblement sa jeunesse.<\/p>\n","protected":false},"excerpt":{"rendered":"<p>&nbsp;<\/p>\n<p>Brume visage formul\u00e9e pour reproduire l\u2019eau se trouvant naturellement dans notre peau, pour un effet revitalisant. Enrichie en Acide Hyaluronique.\u00a0 Augmente l&#8217;efficacit\u00e9 de tous les s\u00e9rums et les cr\u00e8mes. Id\u00e9alement dos\u00e9e en sels min\u00e9raux et oligo-\u00e9l\u00e9ments, l\u2019Eau Cellulaire apporte \u00e0 la peau de l\u2019hydratation, la peau est plus belle comme \u00e9nergis\u00e9e.<\/p>\n<div class=\"product__collapse\">\n<p>&nbsp;<\/p>\n<p class=\"h5\">CONSEILS D&#8217;APPLICATION<\/p>\n<div id=\"applicationTips\" class=\"product__collapse-panel\">\n<p>Brumiser sur le visage et le corps et faire p\u00e9n\u00e9trer par effleurages doux pour booster tous les rituels de beaut\u00e9. S\u2019utilise sur une peau nettoy\u00e9e avant l&#8217;application de s\u00e9rums et\/ou de cr\u00e8mes ou \u00e0 tout moment de la journ\u00e9e.<\/p>\n<p>200ml<\/p>\n<\/div>\n<\/div>\n","protected":false},"featured_media":5196,"template":"","meta":{"_et_pb_use_builder":"","_et_pb_old_content":"","_et_gb_content_width":""},"product_brand":[],"product_cat":[102,51,50,55,45,52,61,56,60,48,59,53],"product_tag":[],"class_list":{"0":"post-3388","1":"product","2":"type-product","3":"status-publish","4":"has-post-thumbnail","6":"product_cat-2-lotions-et-toniques","7":"product_cat-deshydratation-et-secheresse","8":"product_cat-esthederm-meilleures-cremes-anti-rides-estheticienne-longueuil","9":"product_cat-jeunesse-prevention","10":"product_cat-nettoyants-demaquillants-et-lotions","11":"product_cat-peau-grasse-et-pores-dilates","12":"product_cat-peaux-matures-et-perte-de-densite","13":"product_cat-premiers-signes-de-lage","14":"product_cat-rides-installees-et-perte-de-fermete","15":"product_cat-sensibilites-et-rougeurs","16":"product_cat-serums","17":"product_cat-taches-pigmentaires-et-teint-terne","19":"first","20":"instock","21":"taxable","22":"shipping-taxable","23":"purchasable","24":"product-type-simple"},"yoast_head":"<!-- This site is optimized with the Yoast SEO plugin v27.4 - https:\/\/yoast.com\/product\/yoast-seo-wordpress\/ -->\n<title>Esthederm | boutique en ligne | Esth\u00e9ticienne Longueuil | Eau Cellulaire<\/title>\n<meta name=\"description\" content=\"Booster d&#039;efficacit\u00e9 de tous nos soins, l&#039;Eau Cellulaire optimise la vitalit\u00e9 et aide \u00e0 pr\u00e9venir le capital jeunesse.\" \/>\n<meta name=\"robots\" content=\"index, follow, max-snippet:-1, max-image-preview:large, max-video-preview:-1\" \/>\n<link rel=\"canonical\" href=\"https:\/\/esthetiquenovani.com\/boutique\/gammes\/esthederm-meilleures-cremes-anti-rides-estheticienne-longueuil\/2-lotions-et-toniques\/esthederm-brume-deau-cellulaire-200-ml\/\" \/>\n<meta property=\"og:locale\" content=\"en_US\" \/>\n<meta property=\"og:type\" content=\"article\" \/>\n<meta property=\"og:title\" content=\"Esthederm | boutique en ligne | Esth\u00e9ticienne Longueuil | Eau Cellulaire\" \/>\n<meta property=\"og:description\" content=\"Booster d&#039;efficacit\u00e9 de tous nos soins, l&#039;Eau Cellulaire optimise la vitalit\u00e9 et aide \u00e0 pr\u00e9venir le capital jeunesse.\" \/>\n<meta property=\"og:url\" content=\"https:\/\/esthetiquenovani.com\/boutique\/gammes\/esthederm-meilleures-cremes-anti-rides-estheticienne-longueuil\/2-lotions-et-toniques\/esthederm-brume-deau-cellulaire-200-ml\/\" \/>\n<meta property=\"og:site_name\" content=\"Clinique d&#039;Esth&eacute;tique Novani\" \/>\n<meta property=\"article:publisher\" content=\"https:\/\/www.facebook.com\/esthetiquehturcotte\" \/>\n<meta property=\"article:modified_time\" content=\"2025-12-30T17:45:56+00:00\" \/>\n<meta property=\"og:image\" content=\"https:\/\/esthetiquenovani.com\/wp-content\/uploads\/2020\/06\/eaucellulaire_brume-1080x1080-1-3.jpg\" \/>\n\t<meta property=\"og:image:width\" content=\"1080\" \/>\n\t<meta property=\"og:image:height\" content=\"1080\" \/>\n\t<meta property=\"og:image:type\" content=\"image\/jpeg\" \/>\n<meta name=\"twitter:card\" content=\"summary_large_image\" \/>\n<meta name=\"twitter:label1\" content=\"Est. reading time\" \/>\n\t<meta name=\"twitter:data1\" content=\"1 minute\" \/>\n<script type=\"application\/ld+json\" class=\"yoast-schema-graph\">{\"@context\":\"https:\\\/\\\/schema.org\",\"@graph\":[{\"@type\":\"WebPage\",\"@id\":\"https:\\\/\\\/esthetiquenovani.com\\\/boutique\\\/gammes\\\/esthederm-meilleures-cremes-anti-rides-estheticienne-longueuil\\\/2-lotions-et-toniques\\\/esthederm-brume-deau-cellulaire-200-ml\\\/\",\"url\":\"https:\\\/\\\/esthetiquenovani.com\\\/boutique\\\/gammes\\\/esthederm-meilleures-cremes-anti-rides-estheticienne-longueuil\\\/2-lotions-et-toniques\\\/esthederm-brume-deau-cellulaire-200-ml\\\/\",\"name\":\"Esthederm | boutique en ligne | Esth\u00e9ticienne Longueuil | Eau Cellulaire\",\"isPartOf\":{\"@id\":\"https:\\\/\\\/esthetiquenovani.com\\\/#website\"},\"primaryImageOfPage\":{\"@id\":\"https:\\\/\\\/esthetiquenovani.com\\\/boutique\\\/gammes\\\/esthederm-meilleures-cremes-anti-rides-estheticienne-longueuil\\\/2-lotions-et-toniques\\\/esthederm-brume-deau-cellulaire-200-ml\\\/#primaryimage\"},\"image\":{\"@id\":\"https:\\\/\\\/esthetiquenovani.com\\\/boutique\\\/gammes\\\/esthederm-meilleures-cremes-anti-rides-estheticienne-longueuil\\\/2-lotions-et-toniques\\\/esthederm-brume-deau-cellulaire-200-ml\\\/#primaryimage\"},\"thumbnailUrl\":\"https:\\\/\\\/esthetiquenovani.com\\\/wp-content\\\/uploads\\\/2020\\\/06\\\/eaucellulaire_brume-1080x1080-1-3.jpg\",\"datePublished\":\"2020-03-26T23:00:03+00:00\",\"dateModified\":\"2025-12-30T17:45:56+00:00\",\"description\":\"Booster d'efficacit\u00e9 de tous nos soins, l'Eau Cellulaire optimise la vitalit\u00e9 et aide \u00e0 pr\u00e9venir le capital jeunesse.\",\"breadcrumb\":{\"@id\":\"https:\\\/\\\/esthetiquenovani.com\\\/boutique\\\/gammes\\\/esthederm-meilleures-cremes-anti-rides-estheticienne-longueuil\\\/2-lotions-et-toniques\\\/esthederm-brume-deau-cellulaire-200-ml\\\/#breadcrumb\"},\"inLanguage\":\"en-US\",\"potentialAction\":[{\"@type\":\"ReadAction\",\"target\":[\"https:\\\/\\\/esthetiquenovani.com\\\/boutique\\\/gammes\\\/esthederm-meilleures-cremes-anti-rides-estheticienne-longueuil\\\/2-lotions-et-toniques\\\/esthederm-brume-deau-cellulaire-200-ml\\\/\"]}]},{\"@type\":\"ImageObject\",\"inLanguage\":\"en-US\",\"@id\":\"https:\\\/\\\/esthetiquenovani.com\\\/boutique\\\/gammes\\\/esthederm-meilleures-cremes-anti-rides-estheticienne-longueuil\\\/2-lotions-et-toniques\\\/esthederm-brume-deau-cellulaire-200-ml\\\/#primaryimage\",\"url\":\"https:\\\/\\\/esthetiquenovani.com\\\/wp-content\\\/uploads\\\/2020\\\/06\\\/eaucellulaire_brume-1080x1080-1-3.jpg\",\"contentUrl\":\"https:\\\/\\\/esthetiquenovani.com\\\/wp-content\\\/uploads\\\/2020\\\/06\\\/eaucellulaire_brume-1080x1080-1-3.jpg\",\"width\":1080,\"height\":1080,\"caption\":\"Esthederm - Eau Cellulaire - Brume - 200 ml\"},{\"@type\":\"BreadcrumbList\",\"@id\":\"https:\\\/\\\/esthetiquenovani.com\\\/boutique\\\/gammes\\\/esthederm-meilleures-cremes-anti-rides-estheticienne-longueuil\\\/2-lotions-et-toniques\\\/esthederm-brume-deau-cellulaire-200-ml\\\/#breadcrumb\",\"itemListElement\":[{\"@type\":\"ListItem\",\"position\":1,\"name\":\"Accueil\",\"item\":\"https:\\\/\\\/esthetiquenovani.com\\\/en\\\/\"},{\"@type\":\"ListItem\",\"position\":2,\"name\":\"Boutique\",\"item\":\"https:\\\/\\\/esthetiquenovani.com\\\/boutique\\\/\"},{\"@type\":\"ListItem\",\"position\":3,\"name\":\"Esthederm &#8211; Eau Cellulaire &#8211; Brume &#8211; 200 mL\"}]},{\"@type\":\"WebSite\",\"@id\":\"https:\\\/\\\/esthetiquenovani.com\\\/#website\",\"url\":\"https:\\\/\\\/esthetiquenovani.com\\\/\",\"name\":\"Clinique d'Esth&eacute;tique Novani\",\"description\":\"Brossard, Longueil &amp; Chambly\",\"publisher\":{\"@id\":\"https:\\\/\\\/esthetiquenovani.com\\\/#organization\"},\"potentialAction\":[{\"@type\":\"SearchAction\",\"target\":{\"@type\":\"EntryPoint\",\"urlTemplate\":\"https:\\\/\\\/esthetiquenovani.com\\\/?s={search_term_string}\"},\"query-input\":{\"@type\":\"PropertyValueSpecification\",\"valueRequired\":true,\"valueName\":\"search_term_string\"}}],\"inLanguage\":\"en-US\"},{\"@type\":\"Organization\",\"@id\":\"https:\\\/\\\/esthetiquenovani.com\\\/#organization\",\"name\":\"Esth\u00e9tique Huguette Turcotte\",\"url\":\"https:\\\/\\\/esthetiquenovani.com\\\/\",\"logo\":{\"@type\":\"ImageObject\",\"inLanguage\":\"en-US\",\"@id\":\"https:\\\/\\\/esthetiquenovani.com\\\/#\\\/schema\\\/logo\\\/image\\\/\",\"url\":\"https:\\\/\\\/esthetiquenovani.com\\\/wp-content\\\/uploads\\\/2018\\\/01\\\/qui-sommes-nous.jpg\",\"contentUrl\":\"https:\\\/\\\/esthetiquenovani.com\\\/wp-content\\\/uploads\\\/2018\\\/01\\\/qui-sommes-nous.jpg\",\"width\":637,\"height\":425,\"caption\":\"Esth\u00e9tique Huguette Turcotte\"},\"image\":{\"@id\":\"https:\\\/\\\/esthetiquenovani.com\\\/#\\\/schema\\\/logo\\\/image\\\/\"},\"sameAs\":[\"https:\\\/\\\/www.facebook.com\\\/esthetiquehturcotte\"]}]}<\/script>\n<!-- \/ Yoast SEO plugin. -->","yoast_head_json":{"title":"Esthederm | boutique en ligne | Esth\u00e9ticienne Longueuil | Eau Cellulaire","description":"Booster d'efficacit\u00e9 de tous nos soins, l'Eau Cellulaire optimise la vitalit\u00e9 et aide \u00e0 pr\u00e9venir le capital jeunesse.","robots":{"index":"index","follow":"follow","max-snippet":"max-snippet:-1","max-image-preview":"max-image-preview:large","max-video-preview":"max-video-preview:-1"},"canonical":"https:\/\/esthetiquenovani.com\/boutique\/gammes\/esthederm-meilleures-cremes-anti-rides-estheticienne-longueuil\/2-lotions-et-toniques\/esthederm-brume-deau-cellulaire-200-ml\/","og_locale":"en_US","og_type":"article","og_title":"Esthederm | boutique en ligne | Esth\u00e9ticienne Longueuil | Eau Cellulaire","og_description":"Booster d'efficacit\u00e9 de tous nos soins, l'Eau Cellulaire optimise la vitalit\u00e9 et aide \u00e0 pr\u00e9venir le capital jeunesse.","og_url":"https:\/\/esthetiquenovani.com\/boutique\/gammes\/esthederm-meilleures-cremes-anti-rides-estheticienne-longueuil\/2-lotions-et-toniques\/esthederm-brume-deau-cellulaire-200-ml\/","og_site_name":"Clinique d'Esth&eacute;tique Novani","article_publisher":"https:\/\/www.facebook.com\/esthetiquehturcotte","article_modified_time":"2025-12-30T17:45:56+00:00","og_image":[{"width":1080,"height":1080,"url":"https:\/\/esthetiquenovani.com\/wp-content\/uploads\/2020\/06\/eaucellulaire_brume-1080x1080-1-3.jpg","type":"image\/jpeg"}],"twitter_card":"summary_large_image","twitter_misc":{"Est. reading time":"1 minute"},"schema":{"@context":"https:\/\/schema.org","@graph":[{"@type":"WebPage","@id":"https:\/\/esthetiquenovani.com\/boutique\/gammes\/esthederm-meilleures-cremes-anti-rides-estheticienne-longueuil\/2-lotions-et-toniques\/esthederm-brume-deau-cellulaire-200-ml\/","url":"https:\/\/esthetiquenovani.com\/boutique\/gammes\/esthederm-meilleures-cremes-anti-rides-estheticienne-longueuil\/2-lotions-et-toniques\/esthederm-brume-deau-cellulaire-200-ml\/","name":"Esthederm | boutique en ligne | Esth\u00e9ticienne Longueuil | Eau Cellulaire","isPartOf":{"@id":"https:\/\/esthetiquenovani.com\/#website"},"primaryImageOfPage":{"@id":"https:\/\/esthetiquenovani.com\/boutique\/gammes\/esthederm-meilleures-cremes-anti-rides-estheticienne-longueuil\/2-lotions-et-toniques\/esthederm-brume-deau-cellulaire-200-ml\/#primaryimage"},"image":{"@id":"https:\/\/esthetiquenovani.com\/boutique\/gammes\/esthederm-meilleures-cremes-anti-rides-estheticienne-longueuil\/2-lotions-et-toniques\/esthederm-brume-deau-cellulaire-200-ml\/#primaryimage"},"thumbnailUrl":"https:\/\/esthetiquenovani.com\/wp-content\/uploads\/2020\/06\/eaucellulaire_brume-1080x1080-1-3.jpg","datePublished":"2020-03-26T23:00:03+00:00","dateModified":"2025-12-30T17:45:56+00:00","description":"Booster d'efficacit\u00e9 de tous nos soins, l'Eau Cellulaire optimise la vitalit\u00e9 et aide \u00e0 pr\u00e9venir le capital jeunesse.","breadcrumb":{"@id":"https:\/\/esthetiquenovani.com\/boutique\/gammes\/esthederm-meilleures-cremes-anti-rides-estheticienne-longueuil\/2-lotions-et-toniques\/esthederm-brume-deau-cellulaire-200-ml\/#breadcrumb"},"inLanguage":"en-US","potentialAction":[{"@type":"ReadAction","target":["https:\/\/esthetiquenovani.com\/boutique\/gammes\/esthederm-meilleures-cremes-anti-rides-estheticienne-longueuil\/2-lotions-et-toniques\/esthederm-brume-deau-cellulaire-200-ml\/"]}]},{"@type":"ImageObject","inLanguage":"en-US","@id":"https:\/\/esthetiquenovani.com\/boutique\/gammes\/esthederm-meilleures-cremes-anti-rides-estheticienne-longueuil\/2-lotions-et-toniques\/esthederm-brume-deau-cellulaire-200-ml\/#primaryimage","url":"https:\/\/esthetiquenovani.com\/wp-content\/uploads\/2020\/06\/eaucellulaire_brume-1080x1080-1-3.jpg","contentUrl":"https:\/\/esthetiquenovani.com\/wp-content\/uploads\/2020\/06\/eaucellulaire_brume-1080x1080-1-3.jpg","width":1080,"height":1080,"caption":"Esthederm - Eau Cellulaire - Brume - 200 ml"},{"@type":"BreadcrumbList","@id":"https:\/\/esthetiquenovani.com\/boutique\/gammes\/esthederm-meilleures-cremes-anti-rides-estheticienne-longueuil\/2-lotions-et-toniques\/esthederm-brume-deau-cellulaire-200-ml\/#breadcrumb","itemListElement":[{"@type":"ListItem","position":1,"name":"Accueil","item":"https:\/\/esthetiquenovani.com\/en\/"},{"@type":"ListItem","position":2,"name":"Boutique","item":"https:\/\/esthetiquenovani.com\/boutique\/"},{"@type":"ListItem","position":3,"name":"Esthederm &#8211; Eau Cellulaire &#8211; Brume &#8211; 200 mL"}]},{"@type":"WebSite","@id":"https:\/\/esthetiquenovani.com\/#website","url":"https:\/\/esthetiquenovani.com\/","name":"Clinique d'Esth&eacute;tique Novani","description":"Brossard, Longueil &amp; Chambly","publisher":{"@id":"https:\/\/esthetiquenovani.com\/#organization"},"potentialAction":[{"@type":"SearchAction","target":{"@type":"EntryPoint","urlTemplate":"https:\/\/esthetiquenovani.com\/?s={search_term_string}"},"query-input":{"@type":"PropertyValueSpecification","valueRequired":true,"valueName":"search_term_string"}}],"inLanguage":"en-US"},{"@type":"Organization","@id":"https:\/\/esthetiquenovani.com\/#organization","name":"Esth\u00e9tique Huguette Turcotte","url":"https:\/\/esthetiquenovani.com\/","logo":{"@type":"ImageObject","inLanguage":"en-US","@id":"https:\/\/esthetiquenovani.com\/#\/schema\/logo\/image\/","url":"https:\/\/esthetiquenovani.com\/wp-content\/uploads\/2018\/01\/qui-sommes-nous.jpg","contentUrl":"https:\/\/esthetiquenovani.com\/wp-content\/uploads\/2018\/01\/qui-sommes-nous.jpg","width":637,"height":425,"caption":"Esth\u00e9tique Huguette Turcotte"},"image":{"@id":"https:\/\/esthetiquenovani.com\/#\/schema\/logo\/image\/"},"sameAs":["https:\/\/www.facebook.com\/esthetiquehturcotte"]}]}},"_links":{"self":[{"href":"https:\/\/esthetiquenovani.com\/en\/wp-json\/wp\/v2\/product\/3388","targetHints":{"allow":["GET"]}}],"collection":[{"href":"https:\/\/esthetiquenovani.com\/en\/wp-json\/wp\/v2\/product"}],"about":[{"href":"https:\/\/esthetiquenovani.com\/en\/wp-json\/wp\/v2\/types\/product"}],"wp:featuredmedia":[{"embeddable":true,"href":"https:\/\/esthetiquenovani.com\/en\/wp-json\/wp\/v2\/media\/5196"}],"wp:attachment":[{"href":"https:\/\/esthetiquenovani.com\/en\/wp-json\/wp\/v2\/media?parent=3388"}],"wp:term":[{"taxonomy":"product_brand","embeddable":true,"href":"https:\/\/esthetiquenovani.com\/en\/wp-json\/wp\/v2\/product_brand?post=3388"},{"taxonomy":"product_cat","embeddable":true,"href":"https:\/\/esthetiquenovani.com\/en\/wp-json\/wp\/v2\/product_cat?post=3388"},{"taxonomy":"product_tag","embeddable":true,"href":"https:\/\/esthetiquenovani.com\/en\/wp-json\/wp\/v2\/product_tag?post=3388"}],"curies":[{"name":"wp","href":"https:\/\/api.w.org\/{rel}","templated":true}]}}