{"id":3393,"date":"2020-03-31T08:24:51","date_gmt":"2020-03-31T12:24:51","guid":{"rendered":"https:\/\/esthetiquenovani.com\/produit\/esthederm-adaptasun-creme-de-soin-solaire-mer-et-tropique-visage-fps-25\/"},"modified":"2026-01-06T17:35:20","modified_gmt":"2026-01-06T22:35:20","slug":"esthederm-adaptasun-eau-de-soin-hydratante-3-soleils","status":"publish","type":"product","link":"https:\/\/esthetiquenovani.com\/en\/boutique\/gammes\/esthederm-meilleures-cremes-anti-rides-estheticienne-longueuil\/solaires\/esthederm-adaptasun-eau-de-soin-hydratante-3-soleils\/","title":{"rendered":"Esthederm &#8211; Solaire &#8211; Eau de soin hydratante 3 soleils"},"content":{"rendered":"","protected":false},"excerpt":{"rendered":"<p>Cr\u00e8me solaire visage dot\u00e9 d\u2019un FPS 25. Aide \u00e0 pr\u00e9venir des coups de soleil et laisse la peau douce et confortable.<\/p>\n<div class=\"product__collapse\">\n<p class=\"h5\">BIENFAITS<\/p>\n<div id=\"productBenefits\" class=\"product__collapse-panel\">\n<p>Stimule le bronzage naturel tout en hydratant et prot\u00e9geant la peau des puissants rayons du soleil.<\/p>\n<\/div>\n<\/div>\n<div class=\"product__collapse\">\n<p class=\"h5\">CONSEILS D&#8217;APPLICATION<\/p>\n<div id=\"applicationTips\" class=\"product__collapse-panel\">\n<p>Appliquer g\u00e9n\u00e9reusement, puis \u00e9taler uniform\u00e9ment avec les mains 15 minutes avant l\u2019exposition au soleil. Appliquer de nouveau au moins toutes les 2 heures.<\/p>\n<p>50 ml<\/p>\n<\/div>\n<\/div>\n","protected":false},"featured_media":5031,"template":"","meta":{"_et_pb_use_builder":"","_et_pb_old_content":"","_et_gb_content_width":""},"product_brand":[],"product_cat":[50,66,105],"product_tag":[],"class_list":{"0":"post-3393","1":"product","2":"type-product","3":"status-publish","4":"has-post-thumbnail","6":"product_cat-esthederm-meilleures-cremes-anti-rides-estheticienne-longueuil","7":"product_cat-solaire","8":"product_cat-solaires","10":"first","11":"instock","12":"taxable","13":"shipping-taxable","14":"purchasable","15":"product-type-simple"},"yoast_head":"<!-- This site is optimized with the Yoast SEO plugin v27.4 - https:\/\/yoast.com\/product\/yoast-seo-wordpress\/ -->\n<title>Esthederm - Solaire - Eau de soin hydratante 3 soleils &#8902; Clinique d&#039;Esth&eacute;tique Novani<\/title>\n<meta name=\"robots\" content=\"index, follow, max-snippet:-1, max-image-preview:large, max-video-preview:-1\" \/>\n<link rel=\"canonical\" href=\"https:\/\/esthetiquenovani.com\/boutique\/gammes\/esthederm-meilleures-cremes-anti-rides-estheticienne-longueuil\/solaires\/esthederm-adaptasun-eau-de-soin-hydratante-3-soleils\/\" \/>\n<meta property=\"og:locale\" content=\"en_US\" \/>\n<meta property=\"og:type\" content=\"article\" \/>\n<meta property=\"og:title\" content=\"Esthederm - Solaire - Eau de soin hydratante 3 soleils &#8902; Clinique d&#039;Esth&eacute;tique Novani\" \/>\n<meta property=\"og:description\" content=\"Cr\u00e8me solaire visage dot\u00e9 d\u2019un FPS 25. Aide \u00e0 pr\u00e9venir des coups de soleil et laisse la peau douce et confortable.  BIENFAITS    Stimule le bronzage naturel tout en hydratant et prot\u00e9geant la peau des puissants rayons du soleil.     CONSEILS D&#039;APPLICATION    Appliquer g\u00e9n\u00e9reusement, puis \u00e9taler uniform\u00e9ment avec les mains 15 minutes avant l\u2019exposition au soleil. Appliquer de nouveau au moins toutes les 2 heures.  50 ml\" \/>\n<meta property=\"og:url\" content=\"https:\/\/esthetiquenovani.com\/boutique\/gammes\/esthederm-meilleures-cremes-anti-rides-estheticienne-longueuil\/solaires\/esthederm-adaptasun-eau-de-soin-hydratante-3-soleils\/\" \/>\n<meta property=\"og:site_name\" content=\"Clinique d&#039;Esth&eacute;tique Novani\" \/>\n<meta property=\"article:publisher\" content=\"https:\/\/www.facebook.com\/esthetiquehturcotte\" \/>\n<meta property=\"article:modified_time\" content=\"2026-01-06T22:35:20+00:00\" \/>\n<meta property=\"og:image\" content=\"https:\/\/esthetiquenovani.com\/wp-content\/uploads\/2020\/06\/solaire_adaptasun_cremevisage_3soleils-1080x1080-1.jpg\" \/>\n\t<meta property=\"og:image:width\" content=\"1080\" \/>\n\t<meta property=\"og:image:height\" content=\"1080\" \/>\n\t<meta property=\"og:image:type\" content=\"image\/jpeg\" \/>\n<meta name=\"twitter:card\" content=\"summary_large_image\" \/>\n<script type=\"application\/ld+json\" class=\"yoast-schema-graph\">{\"@context\":\"https:\\\/\\\/schema.org\",\"@graph\":[{\"@type\":\"WebPage\",\"@id\":\"https:\\\/\\\/esthetiquenovani.com\\\/boutique\\\/gammes\\\/esthederm-meilleures-cremes-anti-rides-estheticienne-longueuil\\\/solaires\\\/esthederm-adaptasun-eau-de-soin-hydratante-3-soleils\\\/\",\"url\":\"https:\\\/\\\/esthetiquenovani.com\\\/boutique\\\/gammes\\\/esthederm-meilleures-cremes-anti-rides-estheticienne-longueuil\\\/solaires\\\/esthederm-adaptasun-eau-de-soin-hydratante-3-soleils\\\/\",\"name\":\"Esthederm - Solaire - Eau de soin hydratante 3 soleils &#8902; Clinique d'Esth&eacute;tique Novani\",\"isPartOf\":{\"@id\":\"https:\\\/\\\/esthetiquenovani.com\\\/#website\"},\"primaryImageOfPage\":{\"@id\":\"https:\\\/\\\/esthetiquenovani.com\\\/boutique\\\/gammes\\\/esthederm-meilleures-cremes-anti-rides-estheticienne-longueuil\\\/solaires\\\/esthederm-adaptasun-eau-de-soin-hydratante-3-soleils\\\/#primaryimage\"},\"image\":{\"@id\":\"https:\\\/\\\/esthetiquenovani.com\\\/boutique\\\/gammes\\\/esthederm-meilleures-cremes-anti-rides-estheticienne-longueuil\\\/solaires\\\/esthederm-adaptasun-eau-de-soin-hydratante-3-soleils\\\/#primaryimage\"},\"thumbnailUrl\":\"https:\\\/\\\/esthetiquenovani.com\\\/wp-content\\\/uploads\\\/2020\\\/06\\\/solaire_adaptasun_cremevisage_3soleils-1080x1080-1.jpg\",\"datePublished\":\"2020-03-31T12:24:51+00:00\",\"dateModified\":\"2026-01-06T22:35:20+00:00\",\"breadcrumb\":{\"@id\":\"https:\\\/\\\/esthetiquenovani.com\\\/boutique\\\/gammes\\\/esthederm-meilleures-cremes-anti-rides-estheticienne-longueuil\\\/solaires\\\/esthederm-adaptasun-eau-de-soin-hydratante-3-soleils\\\/#breadcrumb\"},\"inLanguage\":\"en-US\",\"potentialAction\":[{\"@type\":\"ReadAction\",\"target\":[\"https:\\\/\\\/esthetiquenovani.com\\\/boutique\\\/gammes\\\/esthederm-meilleures-cremes-anti-rides-estheticienne-longueuil\\\/solaires\\\/esthederm-adaptasun-eau-de-soin-hydratante-3-soleils\\\/\"]}]},{\"@type\":\"ImageObject\",\"inLanguage\":\"en-US\",\"@id\":\"https:\\\/\\\/esthetiquenovani.com\\\/boutique\\\/gammes\\\/esthederm-meilleures-cremes-anti-rides-estheticienne-longueuil\\\/solaires\\\/esthederm-adaptasun-eau-de-soin-hydratante-3-soleils\\\/#primaryimage\",\"url\":\"https:\\\/\\\/esthetiquenovani.com\\\/wp-content\\\/uploads\\\/2020\\\/06\\\/solaire_adaptasun_cremevisage_3soleils-1080x1080-1.jpg\",\"contentUrl\":\"https:\\\/\\\/esthetiquenovani.com\\\/wp-content\\\/uploads\\\/2020\\\/06\\\/solaire_adaptasun_cremevisage_3soleils-1080x1080-1.jpg\",\"width\":1080,\"height\":1080,\"caption\":\"Esthederm - Solaire - Adaptasun cr\u00e8me de soin solaire mer et tropique visage \u2013 fps 25\"},{\"@type\":\"BreadcrumbList\",\"@id\":\"https:\\\/\\\/esthetiquenovani.com\\\/boutique\\\/gammes\\\/esthederm-meilleures-cremes-anti-rides-estheticienne-longueuil\\\/solaires\\\/esthederm-adaptasun-eau-de-soin-hydratante-3-soleils\\\/#breadcrumb\",\"itemListElement\":[{\"@type\":\"ListItem\",\"position\":1,\"name\":\"Accueil\",\"item\":\"https:\\\/\\\/esthetiquenovani.com\\\/en\\\/\"},{\"@type\":\"ListItem\",\"position\":2,\"name\":\"Boutique\",\"item\":\"https:\\\/\\\/esthetiquenovani.com\\\/boutique\\\/\"},{\"@type\":\"ListItem\",\"position\":3,\"name\":\"Esthederm &#8211; Solaire &#8211; Eau de soin hydratante 3 soleils\"}]},{\"@type\":\"WebSite\",\"@id\":\"https:\\\/\\\/esthetiquenovani.com\\\/#website\",\"url\":\"https:\\\/\\\/esthetiquenovani.com\\\/\",\"name\":\"Clinique d'Esth&eacute;tique Novani\",\"description\":\"Brossard, Longueil &amp; Chambly\",\"publisher\":{\"@id\":\"https:\\\/\\\/esthetiquenovani.com\\\/#organization\"},\"potentialAction\":[{\"@type\":\"SearchAction\",\"target\":{\"@type\":\"EntryPoint\",\"urlTemplate\":\"https:\\\/\\\/esthetiquenovani.com\\\/?s={search_term_string}\"},\"query-input\":{\"@type\":\"PropertyValueSpecification\",\"valueRequired\":true,\"valueName\":\"search_term_string\"}}],\"inLanguage\":\"en-US\"},{\"@type\":\"Organization\",\"@id\":\"https:\\\/\\\/esthetiquenovani.com\\\/#organization\",\"name\":\"Esth\u00e9tique Huguette Turcotte\",\"url\":\"https:\\\/\\\/esthetiquenovani.com\\\/\",\"logo\":{\"@type\":\"ImageObject\",\"inLanguage\":\"en-US\",\"@id\":\"https:\\\/\\\/esthetiquenovani.com\\\/#\\\/schema\\\/logo\\\/image\\\/\",\"url\":\"https:\\\/\\\/esthetiquenovani.com\\\/wp-content\\\/uploads\\\/2018\\\/01\\\/qui-sommes-nous.jpg\",\"contentUrl\":\"https:\\\/\\\/esthetiquenovani.com\\\/wp-content\\\/uploads\\\/2018\\\/01\\\/qui-sommes-nous.jpg\",\"width\":637,\"height\":425,\"caption\":\"Esth\u00e9tique Huguette Turcotte\"},\"image\":{\"@id\":\"https:\\\/\\\/esthetiquenovani.com\\\/#\\\/schema\\\/logo\\\/image\\\/\"},\"sameAs\":[\"https:\\\/\\\/www.facebook.com\\\/esthetiquehturcotte\"]}]}<\/script>\n<!-- \/ Yoast SEO plugin. -->","yoast_head_json":{"title":"Esthederm - Solaire - Eau de soin hydratante 3 soleils &#8902; Clinique d'Esth&eacute;tique Novani","robots":{"index":"index","follow":"follow","max-snippet":"max-snippet:-1","max-image-preview":"max-image-preview:large","max-video-preview":"max-video-preview:-1"},"canonical":"https:\/\/esthetiquenovani.com\/boutique\/gammes\/esthederm-meilleures-cremes-anti-rides-estheticienne-longueuil\/solaires\/esthederm-adaptasun-eau-de-soin-hydratante-3-soleils\/","og_locale":"en_US","og_type":"article","og_title":"Esthederm - Solaire - Eau de soin hydratante 3 soleils &#8902; Clinique d'Esth&eacute;tique Novani","og_description":"Cr\u00e8me solaire visage dot\u00e9 d\u2019un FPS 25. Aide \u00e0 pr\u00e9venir des coups de soleil et laisse la peau douce et confortable.  BIENFAITS    Stimule le bronzage naturel tout en hydratant et prot\u00e9geant la peau des puissants rayons du soleil.     CONSEILS D'APPLICATION    Appliquer g\u00e9n\u00e9reusement, puis \u00e9taler uniform\u00e9ment avec les mains 15 minutes avant l\u2019exposition au soleil. Appliquer de nouveau au moins toutes les 2 heures.  50 ml","og_url":"https:\/\/esthetiquenovani.com\/boutique\/gammes\/esthederm-meilleures-cremes-anti-rides-estheticienne-longueuil\/solaires\/esthederm-adaptasun-eau-de-soin-hydratante-3-soleils\/","og_site_name":"Clinique d'Esth&eacute;tique Novani","article_publisher":"https:\/\/www.facebook.com\/esthetiquehturcotte","article_modified_time":"2026-01-06T22:35:20+00:00","og_image":[{"width":1080,"height":1080,"url":"https:\/\/esthetiquenovani.com\/wp-content\/uploads\/2020\/06\/solaire_adaptasun_cremevisage_3soleils-1080x1080-1.jpg","type":"image\/jpeg"}],"twitter_card":"summary_large_image","schema":{"@context":"https:\/\/schema.org","@graph":[{"@type":"WebPage","@id":"https:\/\/esthetiquenovani.com\/boutique\/gammes\/esthederm-meilleures-cremes-anti-rides-estheticienne-longueuil\/solaires\/esthederm-adaptasun-eau-de-soin-hydratante-3-soleils\/","url":"https:\/\/esthetiquenovani.com\/boutique\/gammes\/esthederm-meilleures-cremes-anti-rides-estheticienne-longueuil\/solaires\/esthederm-adaptasun-eau-de-soin-hydratante-3-soleils\/","name":"Esthederm - Solaire - Eau de soin hydratante 3 soleils &#8902; Clinique d'Esth&eacute;tique Novani","isPartOf":{"@id":"https:\/\/esthetiquenovani.com\/#website"},"primaryImageOfPage":{"@id":"https:\/\/esthetiquenovani.com\/boutique\/gammes\/esthederm-meilleures-cremes-anti-rides-estheticienne-longueuil\/solaires\/esthederm-adaptasun-eau-de-soin-hydratante-3-soleils\/#primaryimage"},"image":{"@id":"https:\/\/esthetiquenovani.com\/boutique\/gammes\/esthederm-meilleures-cremes-anti-rides-estheticienne-longueuil\/solaires\/esthederm-adaptasun-eau-de-soin-hydratante-3-soleils\/#primaryimage"},"thumbnailUrl":"https:\/\/esthetiquenovani.com\/wp-content\/uploads\/2020\/06\/solaire_adaptasun_cremevisage_3soleils-1080x1080-1.jpg","datePublished":"2020-03-31T12:24:51+00:00","dateModified":"2026-01-06T22:35:20+00:00","breadcrumb":{"@id":"https:\/\/esthetiquenovani.com\/boutique\/gammes\/esthederm-meilleures-cremes-anti-rides-estheticienne-longueuil\/solaires\/esthederm-adaptasun-eau-de-soin-hydratante-3-soleils\/#breadcrumb"},"inLanguage":"en-US","potentialAction":[{"@type":"ReadAction","target":["https:\/\/esthetiquenovani.com\/boutique\/gammes\/esthederm-meilleures-cremes-anti-rides-estheticienne-longueuil\/solaires\/esthederm-adaptasun-eau-de-soin-hydratante-3-soleils\/"]}]},{"@type":"ImageObject","inLanguage":"en-US","@id":"https:\/\/esthetiquenovani.com\/boutique\/gammes\/esthederm-meilleures-cremes-anti-rides-estheticienne-longueuil\/solaires\/esthederm-adaptasun-eau-de-soin-hydratante-3-soleils\/#primaryimage","url":"https:\/\/esthetiquenovani.com\/wp-content\/uploads\/2020\/06\/solaire_adaptasun_cremevisage_3soleils-1080x1080-1.jpg","contentUrl":"https:\/\/esthetiquenovani.com\/wp-content\/uploads\/2020\/06\/solaire_adaptasun_cremevisage_3soleils-1080x1080-1.jpg","width":1080,"height":1080,"caption":"Esthederm - Solaire - Adaptasun cr\u00e8me de soin solaire mer et tropique visage \u2013 fps 25"},{"@type":"BreadcrumbList","@id":"https:\/\/esthetiquenovani.com\/boutique\/gammes\/esthederm-meilleures-cremes-anti-rides-estheticienne-longueuil\/solaires\/esthederm-adaptasun-eau-de-soin-hydratante-3-soleils\/#breadcrumb","itemListElement":[{"@type":"ListItem","position":1,"name":"Accueil","item":"https:\/\/esthetiquenovani.com\/en\/"},{"@type":"ListItem","position":2,"name":"Boutique","item":"https:\/\/esthetiquenovani.com\/boutique\/"},{"@type":"ListItem","position":3,"name":"Esthederm &#8211; Solaire &#8211; Eau de soin hydratante 3 soleils"}]},{"@type":"WebSite","@id":"https:\/\/esthetiquenovani.com\/#website","url":"https:\/\/esthetiquenovani.com\/","name":"Clinique d'Esth&eacute;tique Novani","description":"Brossard, Longueil &amp; Chambly","publisher":{"@id":"https:\/\/esthetiquenovani.com\/#organization"},"potentialAction":[{"@type":"SearchAction","target":{"@type":"EntryPoint","urlTemplate":"https:\/\/esthetiquenovani.com\/?s={search_term_string}"},"query-input":{"@type":"PropertyValueSpecification","valueRequired":true,"valueName":"search_term_string"}}],"inLanguage":"en-US"},{"@type":"Organization","@id":"https:\/\/esthetiquenovani.com\/#organization","name":"Esth\u00e9tique Huguette Turcotte","url":"https:\/\/esthetiquenovani.com\/","logo":{"@type":"ImageObject","inLanguage":"en-US","@id":"https:\/\/esthetiquenovani.com\/#\/schema\/logo\/image\/","url":"https:\/\/esthetiquenovani.com\/wp-content\/uploads\/2018\/01\/qui-sommes-nous.jpg","contentUrl":"https:\/\/esthetiquenovani.com\/wp-content\/uploads\/2018\/01\/qui-sommes-nous.jpg","width":637,"height":425,"caption":"Esth\u00e9tique Huguette Turcotte"},"image":{"@id":"https:\/\/esthetiquenovani.com\/#\/schema\/logo\/image\/"},"sameAs":["https:\/\/www.facebook.com\/esthetiquehturcotte"]}]}},"_links":{"self":[{"href":"https:\/\/esthetiquenovani.com\/en\/wp-json\/wp\/v2\/product\/3393","targetHints":{"allow":["GET"]}}],"collection":[{"href":"https:\/\/esthetiquenovani.com\/en\/wp-json\/wp\/v2\/product"}],"about":[{"href":"https:\/\/esthetiquenovani.com\/en\/wp-json\/wp\/v2\/types\/product"}],"wp:featuredmedia":[{"embeddable":true,"href":"https:\/\/esthetiquenovani.com\/en\/wp-json\/wp\/v2\/media\/5031"}],"wp:attachment":[{"href":"https:\/\/esthetiquenovani.com\/en\/wp-json\/wp\/v2\/media?parent=3393"}],"wp:term":[{"taxonomy":"product_brand","embeddable":true,"href":"https:\/\/esthetiquenovani.com\/en\/wp-json\/wp\/v2\/product_brand?post=3393"},{"taxonomy":"product_cat","embeddable":true,"href":"https:\/\/esthetiquenovani.com\/en\/wp-json\/wp\/v2\/product_cat?post=3393"},{"taxonomy":"product_tag","embeddable":true,"href":"https:\/\/esthetiquenovani.com\/en\/wp-json\/wp\/v2\/product_tag?post=3393"}],"curies":[{"name":"wp","href":"https:\/\/api.w.org\/{rel}","templated":true}]}}