{"id":3423,"date":"2020-03-31T20:57:48","date_gmt":"2020-04-01T00:57:48","guid":{"rendered":"https:\/\/esthetiquenovani.com\/produit\/esthederm-uv-protect-fps-50-ecran-solaire-mineral\/"},"modified":"2025-11-27T11:32:02","modified_gmt":"2025-11-27T16:32:02","slug":"esthederm-uv-protect-fps-50-ecran-solaire-mineral","status":"publish","type":"product","link":"https:\/\/esthetiquenovani.com\/en\/boutique\/gammes\/esthederm-meilleures-cremes-anti-rides-estheticienne-longueuil\/solaires\/esthederm-uv-protect-fps-50-ecran-solaire-mineral\/","title":{"rendered":"Esthederm &#8211; Solaire &#8211; Uv protect \u2013 FPS 50+ \u00c9cran solaire min\u00e9ral"},"content":{"rendered":"","protected":false},"excerpt":{"rendered":"<p>&nbsp;<\/p>\n<p>Fluide solaire quotidien avec une haute protection FPS 50+, UV Protect Cr\u00e8me aide \u00e0 pr\u00e9venir des coups de soleil. Il cible les facteurs responsables du vieillissement cutan\u00e9.\u00a0\u00a0Avec ses filtres 100% min\u00e9raux, UV Protect Cr\u00e8me est id\u00e9al pour les peaux d\u00e9licates ou les peaux allergiques aux filtres chimiques.<\/p>\n<div class=\"product__collapse\">\n<p class=\"h5\">Pour une tol\u00e9rance optimale, ce soin solaire offre une haute protection contre les UVA et UVB. Facile \u00e0 transporter avec son format \u00ab pocket \u00bb, il est le partenaire id\u00e9al des citadines.<\/p>\n<\/div>\n<div class=\"product__collapse\">\n<p>&nbsp;<\/p>\n<p>CONSEILS D&#8217;APPLICATION<\/p>\n<div id=\"applicationTips\" class=\"product__collapse-panel\">\n<p>Appliquer g\u00e9n\u00e9reusement, puis \u00e9taler uniform\u00e9ment avec les mains 15 minutes avant l\u2019exposition au soleil. Appliquer de nouveau au moins toutes les 2 heures.<\/p>\n<p>40 ml<\/p>\n<\/div>\n<\/div>\n","protected":false},"featured_media":5039,"template":"","meta":{"_et_pb_use_builder":"","_et_pb_old_content":"","_et_gb_content_width":""},"product_brand":[],"product_cat":[63,50,66,105,53],"product_tag":[],"class_list":{"0":"post-3423","1":"product","2":"type-product","3":"status-publish","4":"has-post-thumbnail","6":"product_cat-acne","7":"product_cat-esthederm-meilleures-cremes-anti-rides-estheticienne-longueuil","8":"product_cat-solaire","9":"product_cat-solaires","10":"product_cat-taches-pigmentaires-et-teint-terne","12":"first","13":"onbackorder","14":"taxable","15":"shipping-taxable","16":"purchasable","17":"product-type-simple"},"yoast_head":"<!-- This site is optimized with the Yoast SEO plugin v27.4 - https:\/\/yoast.com\/product\/yoast-seo-wordpress\/ -->\n<title>taches (brunes) pigmentaires - \u00e9pilation laser ou IPL - absolu n\u00e9cessit\u00e9<\/title>\n<meta name=\"description\" content=\"Offre un \u00e9cran qui fait r\u00e9verb\u00e9rer les rayons du soleil plut\u00f4t que de les filtrer. Protection maximale, \u00e0 utiliser m\u00eame l&#039;hiver.\" \/>\n<meta name=\"robots\" content=\"index, follow, max-snippet:-1, max-image-preview:large, max-video-preview:-1\" \/>\n<link rel=\"canonical\" href=\"https:\/\/esthetiquenovani.com\/boutique\/gammes\/esthederm-meilleures-cremes-anti-rides-estheticienne-longueuil\/solaires\/esthederm-uv-protect-fps-50-ecran-solaire-mineral\/\" \/>\n<meta property=\"og:locale\" content=\"en_US\" \/>\n<meta property=\"og:type\" content=\"article\" \/>\n<meta property=\"og:title\" content=\"taches (brunes) pigmentaires - \u00e9pilation laser ou IPL - absolu n\u00e9cessit\u00e9\" \/>\n<meta property=\"og:description\" content=\"Offre un \u00e9cran qui fait r\u00e9verb\u00e9rer les rayons du soleil plut\u00f4t que de les filtrer. Protection maximale, \u00e0 utiliser m\u00eame l&#039;hiver.\" \/>\n<meta property=\"og:url\" content=\"https:\/\/esthetiquenovani.com\/boutique\/gammes\/esthederm-meilleures-cremes-anti-rides-estheticienne-longueuil\/solaires\/esthederm-uv-protect-fps-50-ecran-solaire-mineral\/\" \/>\n<meta property=\"og:site_name\" content=\"Clinique d&#039;Esth&eacute;tique Novani\" \/>\n<meta property=\"article:publisher\" content=\"https:\/\/www.facebook.com\/esthetiquehturcotte\" \/>\n<meta property=\"article:modified_time\" content=\"2025-11-27T16:32:02+00:00\" \/>\n<meta property=\"og:image\" content=\"https:\/\/esthetiquenovani.com\/wp-content\/uploads\/2020\/06\/solaire_uvprotect-1080x1080-1.jpg\" \/>\n\t<meta property=\"og:image:width\" content=\"1080\" \/>\n\t<meta property=\"og:image:height\" content=\"1080\" \/>\n\t<meta property=\"og:image:type\" content=\"image\/jpeg\" \/>\n<meta name=\"twitter:card\" content=\"summary_large_image\" \/>\n<script type=\"application\/ld+json\" class=\"yoast-schema-graph\">{\"@context\":\"https:\\\/\\\/schema.org\",\"@graph\":[{\"@type\":\"WebPage\",\"@id\":\"https:\\\/\\\/esthetiquenovani.com\\\/boutique\\\/gammes\\\/esthederm-meilleures-cremes-anti-rides-estheticienne-longueuil\\\/solaires\\\/esthederm-uv-protect-fps-50-ecran-solaire-mineral\\\/\",\"url\":\"https:\\\/\\\/esthetiquenovani.com\\\/boutique\\\/gammes\\\/esthederm-meilleures-cremes-anti-rides-estheticienne-longueuil\\\/solaires\\\/esthederm-uv-protect-fps-50-ecran-solaire-mineral\\\/\",\"name\":\"taches (brunes) pigmentaires - \u00e9pilation laser ou IPL - absolu n\u00e9cessit\u00e9\",\"isPartOf\":{\"@id\":\"https:\\\/\\\/esthetiquenovani.com\\\/#website\"},\"primaryImageOfPage\":{\"@id\":\"https:\\\/\\\/esthetiquenovani.com\\\/boutique\\\/gammes\\\/esthederm-meilleures-cremes-anti-rides-estheticienne-longueuil\\\/solaires\\\/esthederm-uv-protect-fps-50-ecran-solaire-mineral\\\/#primaryimage\"},\"image\":{\"@id\":\"https:\\\/\\\/esthetiquenovani.com\\\/boutique\\\/gammes\\\/esthederm-meilleures-cremes-anti-rides-estheticienne-longueuil\\\/solaires\\\/esthederm-uv-protect-fps-50-ecran-solaire-mineral\\\/#primaryimage\"},\"thumbnailUrl\":\"https:\\\/\\\/esthetiquenovani.com\\\/wp-content\\\/uploads\\\/2020\\\/06\\\/solaire_uvprotect-1080x1080-1.jpg\",\"datePublished\":\"2020-04-01T00:57:48+00:00\",\"dateModified\":\"2025-11-27T16:32:02+00:00\",\"description\":\"Offre un \u00e9cran qui fait r\u00e9verb\u00e9rer les rayons du soleil plut\u00f4t que de les filtrer. Protection maximale, \u00e0 utiliser m\u00eame l'hiver.\",\"breadcrumb\":{\"@id\":\"https:\\\/\\\/esthetiquenovani.com\\\/boutique\\\/gammes\\\/esthederm-meilleures-cremes-anti-rides-estheticienne-longueuil\\\/solaires\\\/esthederm-uv-protect-fps-50-ecran-solaire-mineral\\\/#breadcrumb\"},\"inLanguage\":\"en-US\",\"potentialAction\":[{\"@type\":\"ReadAction\",\"target\":[\"https:\\\/\\\/esthetiquenovani.com\\\/boutique\\\/gammes\\\/esthederm-meilleures-cremes-anti-rides-estheticienne-longueuil\\\/solaires\\\/esthederm-uv-protect-fps-50-ecran-solaire-mineral\\\/\"]}]},{\"@type\":\"ImageObject\",\"inLanguage\":\"en-US\",\"@id\":\"https:\\\/\\\/esthetiquenovani.com\\\/boutique\\\/gammes\\\/esthederm-meilleures-cremes-anti-rides-estheticienne-longueuil\\\/solaires\\\/esthederm-uv-protect-fps-50-ecran-solaire-mineral\\\/#primaryimage\",\"url\":\"https:\\\/\\\/esthetiquenovani.com\\\/wp-content\\\/uploads\\\/2020\\\/06\\\/solaire_uvprotect-1080x1080-1.jpg\",\"contentUrl\":\"https:\\\/\\\/esthetiquenovani.com\\\/wp-content\\\/uploads\\\/2020\\\/06\\\/solaire_uvprotect-1080x1080-1.jpg\",\"width\":1080,\"height\":1080,\"caption\":\"Esthederm - Solaire - Uv protect \u2013 fps 50+ \u00c9cran solaire min\u00e9ral\"},{\"@type\":\"BreadcrumbList\",\"@id\":\"https:\\\/\\\/esthetiquenovani.com\\\/boutique\\\/gammes\\\/esthederm-meilleures-cremes-anti-rides-estheticienne-longueuil\\\/solaires\\\/esthederm-uv-protect-fps-50-ecran-solaire-mineral\\\/#breadcrumb\",\"itemListElement\":[{\"@type\":\"ListItem\",\"position\":1,\"name\":\"Accueil\",\"item\":\"https:\\\/\\\/esthetiquenovani.com\\\/en\\\/\"},{\"@type\":\"ListItem\",\"position\":2,\"name\":\"Boutique\",\"item\":\"https:\\\/\\\/esthetiquenovani.com\\\/boutique\\\/\"},{\"@type\":\"ListItem\",\"position\":3,\"name\":\"Esthederm &#8211; Solaire &#8211; Uv protect \u2013 FPS 50+ \u00c9cran solaire min\u00e9ral\"}]},{\"@type\":\"WebSite\",\"@id\":\"https:\\\/\\\/esthetiquenovani.com\\\/#website\",\"url\":\"https:\\\/\\\/esthetiquenovani.com\\\/\",\"name\":\"Clinique d'Esth&eacute;tique Novani\",\"description\":\"Brossard, Longueil &amp; Chambly\",\"publisher\":{\"@id\":\"https:\\\/\\\/esthetiquenovani.com\\\/#organization\"},\"potentialAction\":[{\"@type\":\"SearchAction\",\"target\":{\"@type\":\"EntryPoint\",\"urlTemplate\":\"https:\\\/\\\/esthetiquenovani.com\\\/?s={search_term_string}\"},\"query-input\":{\"@type\":\"PropertyValueSpecification\",\"valueRequired\":true,\"valueName\":\"search_term_string\"}}],\"inLanguage\":\"en-US\"},{\"@type\":\"Organization\",\"@id\":\"https:\\\/\\\/esthetiquenovani.com\\\/#organization\",\"name\":\"Esth\u00e9tique Huguette Turcotte\",\"url\":\"https:\\\/\\\/esthetiquenovani.com\\\/\",\"logo\":{\"@type\":\"ImageObject\",\"inLanguage\":\"en-US\",\"@id\":\"https:\\\/\\\/esthetiquenovani.com\\\/#\\\/schema\\\/logo\\\/image\\\/\",\"url\":\"https:\\\/\\\/esthetiquenovani.com\\\/wp-content\\\/uploads\\\/2018\\\/01\\\/qui-sommes-nous.jpg\",\"contentUrl\":\"https:\\\/\\\/esthetiquenovani.com\\\/wp-content\\\/uploads\\\/2018\\\/01\\\/qui-sommes-nous.jpg\",\"width\":637,\"height\":425,\"caption\":\"Esth\u00e9tique Huguette Turcotte\"},\"image\":{\"@id\":\"https:\\\/\\\/esthetiquenovani.com\\\/#\\\/schema\\\/logo\\\/image\\\/\"},\"sameAs\":[\"https:\\\/\\\/www.facebook.com\\\/esthetiquehturcotte\"]}]}<\/script>\n<!-- \/ Yoast SEO plugin. -->","yoast_head_json":{"title":"taches (brunes) pigmentaires - \u00e9pilation laser ou IPL - absolu n\u00e9cessit\u00e9","description":"Offre un \u00e9cran qui fait r\u00e9verb\u00e9rer les rayons du soleil plut\u00f4t que de les filtrer. Protection maximale, \u00e0 utiliser m\u00eame l'hiver.","robots":{"index":"index","follow":"follow","max-snippet":"max-snippet:-1","max-image-preview":"max-image-preview:large","max-video-preview":"max-video-preview:-1"},"canonical":"https:\/\/esthetiquenovani.com\/boutique\/gammes\/esthederm-meilleures-cremes-anti-rides-estheticienne-longueuil\/solaires\/esthederm-uv-protect-fps-50-ecran-solaire-mineral\/","og_locale":"en_US","og_type":"article","og_title":"taches (brunes) pigmentaires - \u00e9pilation laser ou IPL - absolu n\u00e9cessit\u00e9","og_description":"Offre un \u00e9cran qui fait r\u00e9verb\u00e9rer les rayons du soleil plut\u00f4t que de les filtrer. Protection maximale, \u00e0 utiliser m\u00eame l'hiver.","og_url":"https:\/\/esthetiquenovani.com\/boutique\/gammes\/esthederm-meilleures-cremes-anti-rides-estheticienne-longueuil\/solaires\/esthederm-uv-protect-fps-50-ecran-solaire-mineral\/","og_site_name":"Clinique d'Esth&eacute;tique Novani","article_publisher":"https:\/\/www.facebook.com\/esthetiquehturcotte","article_modified_time":"2025-11-27T16:32:02+00:00","og_image":[{"width":1080,"height":1080,"url":"https:\/\/esthetiquenovani.com\/wp-content\/uploads\/2020\/06\/solaire_uvprotect-1080x1080-1.jpg","type":"image\/jpeg"}],"twitter_card":"summary_large_image","schema":{"@context":"https:\/\/schema.org","@graph":[{"@type":"WebPage","@id":"https:\/\/esthetiquenovani.com\/boutique\/gammes\/esthederm-meilleures-cremes-anti-rides-estheticienne-longueuil\/solaires\/esthederm-uv-protect-fps-50-ecran-solaire-mineral\/","url":"https:\/\/esthetiquenovani.com\/boutique\/gammes\/esthederm-meilleures-cremes-anti-rides-estheticienne-longueuil\/solaires\/esthederm-uv-protect-fps-50-ecran-solaire-mineral\/","name":"taches (brunes) pigmentaires - \u00e9pilation laser ou IPL - absolu n\u00e9cessit\u00e9","isPartOf":{"@id":"https:\/\/esthetiquenovani.com\/#website"},"primaryImageOfPage":{"@id":"https:\/\/esthetiquenovani.com\/boutique\/gammes\/esthederm-meilleures-cremes-anti-rides-estheticienne-longueuil\/solaires\/esthederm-uv-protect-fps-50-ecran-solaire-mineral\/#primaryimage"},"image":{"@id":"https:\/\/esthetiquenovani.com\/boutique\/gammes\/esthederm-meilleures-cremes-anti-rides-estheticienne-longueuil\/solaires\/esthederm-uv-protect-fps-50-ecran-solaire-mineral\/#primaryimage"},"thumbnailUrl":"https:\/\/esthetiquenovani.com\/wp-content\/uploads\/2020\/06\/solaire_uvprotect-1080x1080-1.jpg","datePublished":"2020-04-01T00:57:48+00:00","dateModified":"2025-11-27T16:32:02+00:00","description":"Offre un \u00e9cran qui fait r\u00e9verb\u00e9rer les rayons du soleil plut\u00f4t que de les filtrer. Protection maximale, \u00e0 utiliser m\u00eame l'hiver.","breadcrumb":{"@id":"https:\/\/esthetiquenovani.com\/boutique\/gammes\/esthederm-meilleures-cremes-anti-rides-estheticienne-longueuil\/solaires\/esthederm-uv-protect-fps-50-ecran-solaire-mineral\/#breadcrumb"},"inLanguage":"en-US","potentialAction":[{"@type":"ReadAction","target":["https:\/\/esthetiquenovani.com\/boutique\/gammes\/esthederm-meilleures-cremes-anti-rides-estheticienne-longueuil\/solaires\/esthederm-uv-protect-fps-50-ecran-solaire-mineral\/"]}]},{"@type":"ImageObject","inLanguage":"en-US","@id":"https:\/\/esthetiquenovani.com\/boutique\/gammes\/esthederm-meilleures-cremes-anti-rides-estheticienne-longueuil\/solaires\/esthederm-uv-protect-fps-50-ecran-solaire-mineral\/#primaryimage","url":"https:\/\/esthetiquenovani.com\/wp-content\/uploads\/2020\/06\/solaire_uvprotect-1080x1080-1.jpg","contentUrl":"https:\/\/esthetiquenovani.com\/wp-content\/uploads\/2020\/06\/solaire_uvprotect-1080x1080-1.jpg","width":1080,"height":1080,"caption":"Esthederm - Solaire - Uv protect \u2013 fps 50+ \u00c9cran solaire min\u00e9ral"},{"@type":"BreadcrumbList","@id":"https:\/\/esthetiquenovani.com\/boutique\/gammes\/esthederm-meilleures-cremes-anti-rides-estheticienne-longueuil\/solaires\/esthederm-uv-protect-fps-50-ecran-solaire-mineral\/#breadcrumb","itemListElement":[{"@type":"ListItem","position":1,"name":"Accueil","item":"https:\/\/esthetiquenovani.com\/en\/"},{"@type":"ListItem","position":2,"name":"Boutique","item":"https:\/\/esthetiquenovani.com\/boutique\/"},{"@type":"ListItem","position":3,"name":"Esthederm &#8211; Solaire &#8211; Uv protect \u2013 FPS 50+ \u00c9cran solaire min\u00e9ral"}]},{"@type":"WebSite","@id":"https:\/\/esthetiquenovani.com\/#website","url":"https:\/\/esthetiquenovani.com\/","name":"Clinique d'Esth&eacute;tique Novani","description":"Brossard, Longueil &amp; Chambly","publisher":{"@id":"https:\/\/esthetiquenovani.com\/#organization"},"potentialAction":[{"@type":"SearchAction","target":{"@type":"EntryPoint","urlTemplate":"https:\/\/esthetiquenovani.com\/?s={search_term_string}"},"query-input":{"@type":"PropertyValueSpecification","valueRequired":true,"valueName":"search_term_string"}}],"inLanguage":"en-US"},{"@type":"Organization","@id":"https:\/\/esthetiquenovani.com\/#organization","name":"Esth\u00e9tique Huguette Turcotte","url":"https:\/\/esthetiquenovani.com\/","logo":{"@type":"ImageObject","inLanguage":"en-US","@id":"https:\/\/esthetiquenovani.com\/#\/schema\/logo\/image\/","url":"https:\/\/esthetiquenovani.com\/wp-content\/uploads\/2018\/01\/qui-sommes-nous.jpg","contentUrl":"https:\/\/esthetiquenovani.com\/wp-content\/uploads\/2018\/01\/qui-sommes-nous.jpg","width":637,"height":425,"caption":"Esth\u00e9tique Huguette Turcotte"},"image":{"@id":"https:\/\/esthetiquenovani.com\/#\/schema\/logo\/image\/"},"sameAs":["https:\/\/www.facebook.com\/esthetiquehturcotte"]}]}},"_links":{"self":[{"href":"https:\/\/esthetiquenovani.com\/en\/wp-json\/wp\/v2\/product\/3423","targetHints":{"allow":["GET"]}}],"collection":[{"href":"https:\/\/esthetiquenovani.com\/en\/wp-json\/wp\/v2\/product"}],"about":[{"href":"https:\/\/esthetiquenovani.com\/en\/wp-json\/wp\/v2\/types\/product"}],"wp:featuredmedia":[{"embeddable":true,"href":"https:\/\/esthetiquenovani.com\/en\/wp-json\/wp\/v2\/media\/5039"}],"wp:attachment":[{"href":"https:\/\/esthetiquenovani.com\/en\/wp-json\/wp\/v2\/media?parent=3423"}],"wp:term":[{"taxonomy":"product_brand","embeddable":true,"href":"https:\/\/esthetiquenovani.com\/en\/wp-json\/wp\/v2\/product_brand?post=3423"},{"taxonomy":"product_cat","embeddable":true,"href":"https:\/\/esthetiquenovani.com\/en\/wp-json\/wp\/v2\/product_cat?post=3423"},{"taxonomy":"product_tag","embeddable":true,"href":"https:\/\/esthetiquenovani.com\/en\/wp-json\/wp\/v2\/product_tag?post=3423"}],"curies":[{"name":"wp","href":"https:\/\/api.w.org\/{rel}","templated":true}]}}