{"id":3673,"date":"2020-04-11T00:18:54","date_gmt":"2020-04-11T04:18:54","guid":{"rendered":"https:\/\/esthetiquenovani.com\/produit\/dr-renaud-emulsion-hydratante-antirides-large-spectre-fps-15-%e2%80%a2-visage\/"},"modified":"2026-02-05T11:03:56","modified_gmt":"2026-02-05T16:03:56","slug":"dr-renaud-emulsion-hydratante-antirides-large-spectre-fps-15-%e2%80%a2-visage","status":"publish","type":"product","link":"https:\/\/esthetiquenovani.com\/en\/boutique\/gammes\/laboratoire-dr-renaud\/solaires-celldefense\/dr-renaud-emulsion-hydratante-antirides-large-spectre-fps-15-%e2%80%a2-visage\/","title":{"rendered":"Dr Renaud &#8211;  \u00c9mulsion hydratante visage \u00e0 large spectre FPS 30"},"content":{"rendered":"","protected":false},"excerpt":{"rendered":"<div class=\"products-description\">\n<p>Nouvelle formule!<\/p>\n<ul>\n<li>Offre une protection antioxydante contre les effets n\u00e9fastes des UV, des infrarouges et de la lumi\u00e8re bleue<\/li>\n<li>Lutte contre les signes du vieillissement pr\u00e9matur\u00e9<\/li>\n<li>Combat l\u2019apparence des rides et d\u2019autres signes du vieillissement<\/li>\n<li>Respect des coraux et de la vie aquatique<\/li>\n<\/ul>\n<p>Une cr\u00e8me solaire protectrice anti-sable et anti-sudation qui prot\u00e8ge des coups de soleil et qui combat l\u2019apparition des rides et autres signes du vieillissement photo-induit caus\u00e9 par les rayons UVA, UVB et infrarouges.<\/p>\n<p>Sa texture l\u00e9g\u00e8re et non grasse convient \u00e0 tous les types de peau. Ce soin solaire est sans talc, avec protection min\u00e9rale et antioxydants.<\/p>\n<\/div>\n<table class=\"table\">\n<tbody>\n<tr>\n<td>Conseils d&#8217;utilisation<\/td>\n<td>Adultes de 18 ans et plus : Appliquer g\u00e9n\u00e9reusement et uniform\u00e9ment 15 minutes avant l&#8217;exposition au soleil. Appliquer de nouveau au moins toutes les 2 heures. Utiliser un \u00e9cran solaire r\u00e9sistant \u00e0 l&#8217;eau lors d&#8217;une activit\u00e9 aquatique ou s&#8217;il y a transpiration.<\/td>\n<\/tr>\n<tr>\n<td>Format du produit<\/td>\n<td>50 ml<\/td>\n<\/tr>\n<\/tbody>\n<\/table>\n","protected":false},"featured_media":7525,"template":"","meta":{"_et_pb_use_builder":"","_et_pb_old_content":"","_et_gb_content_width":""},"product_brand":[],"product_cat":[113,62,68,56,60,66],"product_tag":[],"class_list":{"0":"post-3673","1":"product","2":"type-product","3":"status-publish","4":"has-post-thumbnail","6":"product_cat-solaires-celldefense","7":"product_cat-cremes","8":"product_cat-laboratoire-dr-renaud","9":"product_cat-premiers-signes-de-lage","10":"product_cat-rides-installees-et-perte-de-fermete","11":"product_cat-solaire","13":"first","14":"instock","15":"taxable","16":"shipping-taxable","17":"purchasable","18":"product-type-simple"},"yoast_head":"<!-- This site is optimized with the Yoast SEO plugin v27.5 - https:\/\/yoast.com\/product\/yoast-seo-wordpress\/ -->\n<title>Cr\u00e8me solaire visage - esth\u00e9ticienne Longueuil - Laboratoire Dr Renaud<\/title>\n<meta name=\"description\" content=\"Une cr\u00e8me solaire protectrice anti-sable et anti-sudation qui prot\u00e8ge des coups de soleil et qui combat l\u2019apparition des rides\" \/>\n<meta name=\"robots\" content=\"index, follow, max-snippet:-1, max-image-preview:large, max-video-preview:-1\" \/>\n<link rel=\"canonical\" href=\"https:\/\/esthetiquenovani.com\/boutique\/gammes\/laboratoire-dr-renaud\/solaires-celldefense\/dr-renaud-emulsion-hydratante-antirides-large-spectre-fps-15-\u2022-visage\/\" \/>\n<meta property=\"og:locale\" content=\"en_US\" \/>\n<meta property=\"og:type\" content=\"article\" \/>\n<meta property=\"og:title\" content=\"Cr\u00e8me solaire visage - esth\u00e9ticienne Longueuil - Laboratoire Dr Renaud\" \/>\n<meta property=\"og:description\" content=\"Une cr\u00e8me solaire protectrice anti-sable et anti-sudation qui prot\u00e8ge des coups de soleil et qui combat l\u2019apparition des rides\" \/>\n<meta property=\"og:url\" content=\"https:\/\/esthetiquenovani.com\/boutique\/gammes\/laboratoire-dr-renaud\/solaires-celldefense\/dr-renaud-emulsion-hydratante-antirides-large-spectre-fps-15-\u2022-visage\/\" \/>\n<meta property=\"og:site_name\" content=\"Clinique d&#039;Esth&eacute;tique Novani\" \/>\n<meta property=\"article:publisher\" content=\"https:\/\/www.facebook.com\/esthetiquehturcotte\" \/>\n<meta property=\"article:modified_time\" content=\"2026-02-05T16:03:56+00:00\" \/>\n<meta property=\"og:image\" content=\"https:\/\/esthetiquenovani.com\/wp-content\/uploads\/2020\/04\/50106619-EmulsionFaceSPF30_50ml.png\" \/>\n\t<meta property=\"og:image:width\" content=\"1000\" \/>\n\t<meta property=\"og:image:height\" content=\"1000\" \/>\n\t<meta property=\"og:image:type\" content=\"image\/png\" \/>\n<meta name=\"twitter:card\" content=\"summary_large_image\" \/>\n<script type=\"application\/ld+json\" class=\"yoast-schema-graph\">{\"@context\":\"https:\\\/\\\/schema.org\",\"@graph\":[{\"@type\":\"WebPage\",\"@id\":\"https:\\\/\\\/esthetiquenovani.com\\\/boutique\\\/gammes\\\/laboratoire-dr-renaud\\\/solaires-celldefense\\\/dr-renaud-emulsion-hydratante-antirides-large-spectre-fps-15-%e2%80%a2-visage\\\/\",\"url\":\"https:\\\/\\\/esthetiquenovani.com\\\/boutique\\\/gammes\\\/laboratoire-dr-renaud\\\/solaires-celldefense\\\/dr-renaud-emulsion-hydratante-antirides-large-spectre-fps-15-%e2%80%a2-visage\\\/\",\"name\":\"Cr\u00e8me solaire visage - esth\u00e9ticienne Longueuil - Laboratoire Dr Renaud\",\"isPartOf\":{\"@id\":\"https:\\\/\\\/esthetiquenovani.com\\\/#website\"},\"primaryImageOfPage\":{\"@id\":\"https:\\\/\\\/esthetiquenovani.com\\\/boutique\\\/gammes\\\/laboratoire-dr-renaud\\\/solaires-celldefense\\\/dr-renaud-emulsion-hydratante-antirides-large-spectre-fps-15-%e2%80%a2-visage\\\/#primaryimage\"},\"image\":{\"@id\":\"https:\\\/\\\/esthetiquenovani.com\\\/boutique\\\/gammes\\\/laboratoire-dr-renaud\\\/solaires-celldefense\\\/dr-renaud-emulsion-hydratante-antirides-large-spectre-fps-15-%e2%80%a2-visage\\\/#primaryimage\"},\"thumbnailUrl\":\"https:\\\/\\\/esthetiquenovani.com\\\/wp-content\\\/uploads\\\/2020\\\/04\\\/50106619-EmulsionFaceSPF30_50ml.png\",\"datePublished\":\"2020-04-11T04:18:54+00:00\",\"dateModified\":\"2026-02-05T16:03:56+00:00\",\"description\":\"Une cr\u00e8me solaire protectrice anti-sable et anti-sudation qui prot\u00e8ge des coups de soleil et qui combat l\u2019apparition des rides\",\"breadcrumb\":{\"@id\":\"https:\\\/\\\/esthetiquenovani.com\\\/boutique\\\/gammes\\\/laboratoire-dr-renaud\\\/solaires-celldefense\\\/dr-renaud-emulsion-hydratante-antirides-large-spectre-fps-15-%e2%80%a2-visage\\\/#breadcrumb\"},\"inLanguage\":\"en-US\",\"potentialAction\":[{\"@type\":\"ReadAction\",\"target\":[\"https:\\\/\\\/esthetiquenovani.com\\\/boutique\\\/gammes\\\/laboratoire-dr-renaud\\\/solaires-celldefense\\\/dr-renaud-emulsion-hydratante-antirides-large-spectre-fps-15-%e2%80%a2-visage\\\/\"]}]},{\"@type\":\"ImageObject\",\"inLanguage\":\"en-US\",\"@id\":\"https:\\\/\\\/esthetiquenovani.com\\\/boutique\\\/gammes\\\/laboratoire-dr-renaud\\\/solaires-celldefense\\\/dr-renaud-emulsion-hydratante-antirides-large-spectre-fps-15-%e2%80%a2-visage\\\/#primaryimage\",\"url\":\"https:\\\/\\\/esthetiquenovani.com\\\/wp-content\\\/uploads\\\/2020\\\/04\\\/50106619-EmulsionFaceSPF30_50ml.png\",\"contentUrl\":\"https:\\\/\\\/esthetiquenovani.com\\\/wp-content\\\/uploads\\\/2020\\\/04\\\/50106619-EmulsionFaceSPF30_50ml.png\",\"width\":1000,\"height\":1000,\"caption\":\"dr Renaud - cr\u00e8me solaire visage anti-\u00e2ge et anti-ride\"},{\"@type\":\"BreadcrumbList\",\"@id\":\"https:\\\/\\\/esthetiquenovani.com\\\/boutique\\\/gammes\\\/laboratoire-dr-renaud\\\/solaires-celldefense\\\/dr-renaud-emulsion-hydratante-antirides-large-spectre-fps-15-%e2%80%a2-visage\\\/#breadcrumb\",\"itemListElement\":[{\"@type\":\"ListItem\",\"position\":1,\"name\":\"Accueil\",\"item\":\"https:\\\/\\\/esthetiquenovani.com\\\/en\\\/\"},{\"@type\":\"ListItem\",\"position\":2,\"name\":\"Boutique\",\"item\":\"https:\\\/\\\/esthetiquenovani.com\\\/boutique\\\/\"},{\"@type\":\"ListItem\",\"position\":3,\"name\":\"Dr Renaud &#8211; \u00c9mulsion hydratante visage \u00e0 large spectre FPS 30\"}]},{\"@type\":\"WebSite\",\"@id\":\"https:\\\/\\\/esthetiquenovani.com\\\/#website\",\"url\":\"https:\\\/\\\/esthetiquenovani.com\\\/\",\"name\":\"Clinique d'Esth&eacute;tique Novani\",\"description\":\"Brossard, Longueil &amp; Chambly\",\"publisher\":{\"@id\":\"https:\\\/\\\/esthetiquenovani.com\\\/#organization\"},\"potentialAction\":[{\"@type\":\"SearchAction\",\"target\":{\"@type\":\"EntryPoint\",\"urlTemplate\":\"https:\\\/\\\/esthetiquenovani.com\\\/?s={search_term_string}\"},\"query-input\":{\"@type\":\"PropertyValueSpecification\",\"valueRequired\":true,\"valueName\":\"search_term_string\"}}],\"inLanguage\":\"en-US\"},{\"@type\":\"Organization\",\"@id\":\"https:\\\/\\\/esthetiquenovani.com\\\/#organization\",\"name\":\"Esth\u00e9tique Huguette Turcotte\",\"url\":\"https:\\\/\\\/esthetiquenovani.com\\\/\",\"logo\":{\"@type\":\"ImageObject\",\"inLanguage\":\"en-US\",\"@id\":\"https:\\\/\\\/esthetiquenovani.com\\\/#\\\/schema\\\/logo\\\/image\\\/\",\"url\":\"https:\\\/\\\/esthetiquenovani.com\\\/wp-content\\\/uploads\\\/2018\\\/01\\\/qui-sommes-nous.jpg\",\"contentUrl\":\"https:\\\/\\\/esthetiquenovani.com\\\/wp-content\\\/uploads\\\/2018\\\/01\\\/qui-sommes-nous.jpg\",\"width\":637,\"height\":425,\"caption\":\"Esth\u00e9tique Huguette Turcotte\"},\"image\":{\"@id\":\"https:\\\/\\\/esthetiquenovani.com\\\/#\\\/schema\\\/logo\\\/image\\\/\"},\"sameAs\":[\"https:\\\/\\\/www.facebook.com\\\/esthetiquehturcotte\"]}]}<\/script>\n<!-- \/ Yoast SEO plugin. -->","yoast_head_json":{"title":"Cr\u00e8me solaire visage - esth\u00e9ticienne Longueuil - Laboratoire Dr Renaud","description":"Une cr\u00e8me solaire protectrice anti-sable et anti-sudation qui prot\u00e8ge des coups de soleil et qui combat l\u2019apparition des rides","robots":{"index":"index","follow":"follow","max-snippet":"max-snippet:-1","max-image-preview":"max-image-preview:large","max-video-preview":"max-video-preview:-1"},"canonical":"https:\/\/esthetiquenovani.com\/boutique\/gammes\/laboratoire-dr-renaud\/solaires-celldefense\/dr-renaud-emulsion-hydratante-antirides-large-spectre-fps-15-\u2022-visage\/","og_locale":"en_US","og_type":"article","og_title":"Cr\u00e8me solaire visage - esth\u00e9ticienne Longueuil - Laboratoire Dr Renaud","og_description":"Une cr\u00e8me solaire protectrice anti-sable et anti-sudation qui prot\u00e8ge des coups de soleil et qui combat l\u2019apparition des rides","og_url":"https:\/\/esthetiquenovani.com\/boutique\/gammes\/laboratoire-dr-renaud\/solaires-celldefense\/dr-renaud-emulsion-hydratante-antirides-large-spectre-fps-15-\u2022-visage\/","og_site_name":"Clinique d'Esth&eacute;tique Novani","article_publisher":"https:\/\/www.facebook.com\/esthetiquehturcotte","article_modified_time":"2026-02-05T16:03:56+00:00","og_image":[{"width":1000,"height":1000,"url":"https:\/\/esthetiquenovani.com\/wp-content\/uploads\/2020\/04\/50106619-EmulsionFaceSPF30_50ml.png","type":"image\/png"}],"twitter_card":"summary_large_image","schema":{"@context":"https:\/\/schema.org","@graph":[{"@type":"WebPage","@id":"https:\/\/esthetiquenovani.com\/boutique\/gammes\/laboratoire-dr-renaud\/solaires-celldefense\/dr-renaud-emulsion-hydratante-antirides-large-spectre-fps-15-%e2%80%a2-visage\/","url":"https:\/\/esthetiquenovani.com\/boutique\/gammes\/laboratoire-dr-renaud\/solaires-celldefense\/dr-renaud-emulsion-hydratante-antirides-large-spectre-fps-15-%e2%80%a2-visage\/","name":"Cr\u00e8me solaire visage - esth\u00e9ticienne Longueuil - Laboratoire Dr Renaud","isPartOf":{"@id":"https:\/\/esthetiquenovani.com\/#website"},"primaryImageOfPage":{"@id":"https:\/\/esthetiquenovani.com\/boutique\/gammes\/laboratoire-dr-renaud\/solaires-celldefense\/dr-renaud-emulsion-hydratante-antirides-large-spectre-fps-15-%e2%80%a2-visage\/#primaryimage"},"image":{"@id":"https:\/\/esthetiquenovani.com\/boutique\/gammes\/laboratoire-dr-renaud\/solaires-celldefense\/dr-renaud-emulsion-hydratante-antirides-large-spectre-fps-15-%e2%80%a2-visage\/#primaryimage"},"thumbnailUrl":"https:\/\/esthetiquenovani.com\/wp-content\/uploads\/2020\/04\/50106619-EmulsionFaceSPF30_50ml.png","datePublished":"2020-04-11T04:18:54+00:00","dateModified":"2026-02-05T16:03:56+00:00","description":"Une cr\u00e8me solaire protectrice anti-sable et anti-sudation qui prot\u00e8ge des coups de soleil et qui combat l\u2019apparition des rides","breadcrumb":{"@id":"https:\/\/esthetiquenovani.com\/boutique\/gammes\/laboratoire-dr-renaud\/solaires-celldefense\/dr-renaud-emulsion-hydratante-antirides-large-spectre-fps-15-%e2%80%a2-visage\/#breadcrumb"},"inLanguage":"en-US","potentialAction":[{"@type":"ReadAction","target":["https:\/\/esthetiquenovani.com\/boutique\/gammes\/laboratoire-dr-renaud\/solaires-celldefense\/dr-renaud-emulsion-hydratante-antirides-large-spectre-fps-15-%e2%80%a2-visage\/"]}]},{"@type":"ImageObject","inLanguage":"en-US","@id":"https:\/\/esthetiquenovani.com\/boutique\/gammes\/laboratoire-dr-renaud\/solaires-celldefense\/dr-renaud-emulsion-hydratante-antirides-large-spectre-fps-15-%e2%80%a2-visage\/#primaryimage","url":"https:\/\/esthetiquenovani.com\/wp-content\/uploads\/2020\/04\/50106619-EmulsionFaceSPF30_50ml.png","contentUrl":"https:\/\/esthetiquenovani.com\/wp-content\/uploads\/2020\/04\/50106619-EmulsionFaceSPF30_50ml.png","width":1000,"height":1000,"caption":"dr Renaud - cr\u00e8me solaire visage anti-\u00e2ge et anti-ride"},{"@type":"BreadcrumbList","@id":"https:\/\/esthetiquenovani.com\/boutique\/gammes\/laboratoire-dr-renaud\/solaires-celldefense\/dr-renaud-emulsion-hydratante-antirides-large-spectre-fps-15-%e2%80%a2-visage\/#breadcrumb","itemListElement":[{"@type":"ListItem","position":1,"name":"Accueil","item":"https:\/\/esthetiquenovani.com\/en\/"},{"@type":"ListItem","position":2,"name":"Boutique","item":"https:\/\/esthetiquenovani.com\/boutique\/"},{"@type":"ListItem","position":3,"name":"Dr Renaud &#8211; \u00c9mulsion hydratante visage \u00e0 large spectre FPS 30"}]},{"@type":"WebSite","@id":"https:\/\/esthetiquenovani.com\/#website","url":"https:\/\/esthetiquenovani.com\/","name":"Clinique d'Esth&eacute;tique Novani","description":"Brossard, Longueil &amp; Chambly","publisher":{"@id":"https:\/\/esthetiquenovani.com\/#organization"},"potentialAction":[{"@type":"SearchAction","target":{"@type":"EntryPoint","urlTemplate":"https:\/\/esthetiquenovani.com\/?s={search_term_string}"},"query-input":{"@type":"PropertyValueSpecification","valueRequired":true,"valueName":"search_term_string"}}],"inLanguage":"en-US"},{"@type":"Organization","@id":"https:\/\/esthetiquenovani.com\/#organization","name":"Esth\u00e9tique Huguette Turcotte","url":"https:\/\/esthetiquenovani.com\/","logo":{"@type":"ImageObject","inLanguage":"en-US","@id":"https:\/\/esthetiquenovani.com\/#\/schema\/logo\/image\/","url":"https:\/\/esthetiquenovani.com\/wp-content\/uploads\/2018\/01\/qui-sommes-nous.jpg","contentUrl":"https:\/\/esthetiquenovani.com\/wp-content\/uploads\/2018\/01\/qui-sommes-nous.jpg","width":637,"height":425,"caption":"Esth\u00e9tique Huguette Turcotte"},"image":{"@id":"https:\/\/esthetiquenovani.com\/#\/schema\/logo\/image\/"},"sameAs":["https:\/\/www.facebook.com\/esthetiquehturcotte"]}]}},"_links":{"self":[{"href":"https:\/\/esthetiquenovani.com\/en\/wp-json\/wp\/v2\/product\/3673","targetHints":{"allow":["GET"]}}],"collection":[{"href":"https:\/\/esthetiquenovani.com\/en\/wp-json\/wp\/v2\/product"}],"about":[{"href":"https:\/\/esthetiquenovani.com\/en\/wp-json\/wp\/v2\/types\/product"}],"wp:featuredmedia":[{"embeddable":true,"href":"https:\/\/esthetiquenovani.com\/en\/wp-json\/wp\/v2\/media\/7525"}],"wp:attachment":[{"href":"https:\/\/esthetiquenovani.com\/en\/wp-json\/wp\/v2\/media?parent=3673"}],"wp:term":[{"taxonomy":"product_brand","embeddable":true,"href":"https:\/\/esthetiquenovani.com\/en\/wp-json\/wp\/v2\/product_brand?post=3673"},{"taxonomy":"product_cat","embeddable":true,"href":"https:\/\/esthetiquenovani.com\/en\/wp-json\/wp\/v2\/product_cat?post=3673"},{"taxonomy":"product_tag","embeddable":true,"href":"https:\/\/esthetiquenovani.com\/en\/wp-json\/wp\/v2\/product_tag?post=3673"}],"curies":[{"name":"wp","href":"https:\/\/api.w.org\/{rel}","templated":true}]}}