{"id":6912,"date":"2020-08-20T19:51:37","date_gmt":"2020-08-20T23:51:37","guid":{"rendered":"https:\/\/esthetiquenovani.com\/?post_type=product&#038;p=6912"},"modified":"2026-02-05T11:03:34","modified_gmt":"2026-02-05T16:03:34","slug":"dr-renaud-uv-science-fps-30-emulsion-riche","status":"publish","type":"product","link":"https:\/\/esthetiquenovani.com\/en\/boutique\/gammes\/laboratoire-dr-renaud\/solaires-celldefense\/dr-renaud-uv-science-fps-30-emulsion-riche\/","title":{"rendered":"Dr Renaud &#8211; UV-Science FPS 30 \u2013 \u00c9mulsion riche"},"content":{"rendered":"","protected":false},"excerpt":{"rendered":"<p>Soin visage solaire protecteur et anti-\u00e2ge qui prot\u00e8ge contre les UVA, les UVB et autres agresseurs ext\u00e9rieurs. Sa formule hydratante est une excellente base de maquillage. Ce soin unique, formul\u00e9 sans parab\u00e8nes ni parfum, convient \u00e0 tous les types de peau pour une utilisation quotidienne.<\/p>\n<ul>\n<li>Pr\u00e9vient l\u2019apparition de taches pigmentaires<\/li>\n<li>Combat l\u2019apparition des rides<\/li>\n<li>Prot\u00e8ge des effets du vieillissement pr\u00e9matur\u00e9<\/li>\n<li>Convient \u00e0 tous les types de peau pour une utilisation quotidienne<\/li>\n<li>Formul\u00e9 sans parab\u00e8nes et sans parfum<\/li>\n<\/ul>\n<table class=\"table\">\n<tbody>\n<tr>\n<td>Conseils d&#8217;utilisation<\/td>\n<td>Chaque matin, sans exception, appliquer UV-Science g\u00e9n\u00e9reusement et uniform\u00e9ment, seul ou sur vos produits de soins habituels. Proc\u00e9der au maquillage si d\u00e9sir\u00e9. R\u00e9p\u00e9ter l\u2019application aux deux heures lors d\u2019une exposition solaire prolong\u00e9e, ainsi qu\u2019apr\u00e8s la baignade ou une transpiration excessive.<\/td>\n<\/tr>\n<\/tbody>\n<\/table>\n<p>50 ml<\/p>\n","protected":false},"featured_media":6913,"template":"","meta":{"_et_pb_use_builder":"","_et_pb_old_content":"","_et_gb_content_width":""},"product_brand":[],"product_cat":[113,63,62,68,48,66,53],"product_tag":[],"class_list":{"0":"post-6912","1":"product","2":"type-product","3":"status-publish","4":"has-post-thumbnail","6":"product_cat-solaires-celldefense","7":"product_cat-acne","8":"product_cat-cremes","9":"product_cat-laboratoire-dr-renaud","10":"product_cat-sensibilites-et-rougeurs","11":"product_cat-solaire","12":"product_cat-taches-pigmentaires-et-teint-terne","14":"first","15":"instock","16":"taxable","17":"shipping-taxable","18":"purchasable","19":"product-type-simple"},"yoast_head":"<!-- This site is optimized with the Yoast SEO plugin v27.4 - https:\/\/yoast.com\/product\/yoast-seo-wordpress\/ -->\n<title>cr\u00e8me solaire \u00e9cran min\u00e9ral - visage - anti tache pigmentaire<\/title>\n<meta name=\"description\" content=\"Cr\u00e8me solaire visage, id\u00e9al apr\u00e8s traitement IPL. Pr\u00e9vient l\u2019apparition de taches pigmentaires et des rides. Essentiel ski alpin, bateau etc\" \/>\n<meta name=\"robots\" content=\"index, follow, max-snippet:-1, max-image-preview:large, max-video-preview:-1\" \/>\n<link rel=\"canonical\" href=\"https:\/\/esthetiquenovani.com\/boutique\/gammes\/laboratoire-dr-renaud\/solaires-celldefense\/dr-renaud-uv-science-fps-30-emulsion-riche\/\" \/>\n<meta property=\"og:locale\" content=\"en_US\" \/>\n<meta property=\"og:type\" content=\"article\" \/>\n<meta property=\"og:title\" content=\"cr\u00e8me solaire \u00e9cran min\u00e9ral - visage - anti tache pigmentaire\" \/>\n<meta property=\"og:description\" content=\"Cr\u00e8me solaire visage, id\u00e9al apr\u00e8s traitement IPL. Pr\u00e9vient l\u2019apparition de taches pigmentaires et des rides. Essentiel ski alpin, bateau etc\" \/>\n<meta property=\"og:url\" content=\"https:\/\/esthetiquenovani.com\/boutique\/gammes\/laboratoire-dr-renaud\/solaires-celldefense\/dr-renaud-uv-science-fps-30-emulsion-riche\/\" \/>\n<meta property=\"og:site_name\" content=\"Clinique d&#039;Esth&eacute;tique Novani\" \/>\n<meta property=\"article:publisher\" content=\"https:\/\/www.facebook.com\/esthetiquehturcotte\" \/>\n<meta property=\"article:modified_time\" content=\"2026-02-05T16:03:34+00:00\" \/>\n<meta property=\"og:image\" content=\"https:\/\/esthetiquenovani.com\/wp-content\/uploads\/2020\/08\/10372-UV-Science_SPF30_Rich_50ml.jpg\" \/>\n\t<meta property=\"og:image:width\" content=\"1500\" \/>\n\t<meta property=\"og:image:height\" content=\"1500\" \/>\n\t<meta property=\"og:image:type\" content=\"image\/jpeg\" \/>\n<meta name=\"twitter:card\" content=\"summary_large_image\" \/>\n<script type=\"application\/ld+json\" class=\"yoast-schema-graph\">{\"@context\":\"https:\\\/\\\/schema.org\",\"@graph\":[{\"@type\":\"WebPage\",\"@id\":\"https:\\\/\\\/esthetiquenovani.com\\\/boutique\\\/gammes\\\/laboratoire-dr-renaud\\\/solaires-celldefense\\\/dr-renaud-uv-science-fps-30-emulsion-riche\\\/\",\"url\":\"https:\\\/\\\/esthetiquenovani.com\\\/boutique\\\/gammes\\\/laboratoire-dr-renaud\\\/solaires-celldefense\\\/dr-renaud-uv-science-fps-30-emulsion-riche\\\/\",\"name\":\"cr\u00e8me solaire \u00e9cran min\u00e9ral - visage - anti tache pigmentaire\",\"isPartOf\":{\"@id\":\"https:\\\/\\\/esthetiquenovani.com\\\/#website\"},\"primaryImageOfPage\":{\"@id\":\"https:\\\/\\\/esthetiquenovani.com\\\/boutique\\\/gammes\\\/laboratoire-dr-renaud\\\/solaires-celldefense\\\/dr-renaud-uv-science-fps-30-emulsion-riche\\\/#primaryimage\"},\"image\":{\"@id\":\"https:\\\/\\\/esthetiquenovani.com\\\/boutique\\\/gammes\\\/laboratoire-dr-renaud\\\/solaires-celldefense\\\/dr-renaud-uv-science-fps-30-emulsion-riche\\\/#primaryimage\"},\"thumbnailUrl\":\"https:\\\/\\\/esthetiquenovani.com\\\/wp-content\\\/uploads\\\/2020\\\/08\\\/10372-UV-Science_SPF30_Rich_50ml.jpg\",\"datePublished\":\"2020-08-20T23:51:37+00:00\",\"dateModified\":\"2026-02-05T16:03:34+00:00\",\"description\":\"Cr\u00e8me solaire visage, id\u00e9al apr\u00e8s traitement IPL. Pr\u00e9vient l\u2019apparition de taches pigmentaires et des rides. Essentiel ski alpin, bateau etc\",\"breadcrumb\":{\"@id\":\"https:\\\/\\\/esthetiquenovani.com\\\/boutique\\\/gammes\\\/laboratoire-dr-renaud\\\/solaires-celldefense\\\/dr-renaud-uv-science-fps-30-emulsion-riche\\\/#breadcrumb\"},\"inLanguage\":\"en-US\",\"potentialAction\":[{\"@type\":\"ReadAction\",\"target\":[\"https:\\\/\\\/esthetiquenovani.com\\\/boutique\\\/gammes\\\/laboratoire-dr-renaud\\\/solaires-celldefense\\\/dr-renaud-uv-science-fps-30-emulsion-riche\\\/\"]}]},{\"@type\":\"ImageObject\",\"inLanguage\":\"en-US\",\"@id\":\"https:\\\/\\\/esthetiquenovani.com\\\/boutique\\\/gammes\\\/laboratoire-dr-renaud\\\/solaires-celldefense\\\/dr-renaud-uv-science-fps-30-emulsion-riche\\\/#primaryimage\",\"url\":\"https:\\\/\\\/esthetiquenovani.com\\\/wp-content\\\/uploads\\\/2020\\\/08\\\/10372-UV-Science_SPF30_Rich_50ml.jpg\",\"contentUrl\":\"https:\\\/\\\/esthetiquenovani.com\\\/wp-content\\\/uploads\\\/2020\\\/08\\\/10372-UV-Science_SPF30_Rich_50ml.jpg\",\"width\":1500,\"height\":1500,\"caption\":\"Promotion Boutique en ligne esth\u00e9tique soins visage et corps Longueuil\"},{\"@type\":\"BreadcrumbList\",\"@id\":\"https:\\\/\\\/esthetiquenovani.com\\\/boutique\\\/gammes\\\/laboratoire-dr-renaud\\\/solaires-celldefense\\\/dr-renaud-uv-science-fps-30-emulsion-riche\\\/#breadcrumb\",\"itemListElement\":[{\"@type\":\"ListItem\",\"position\":1,\"name\":\"Accueil\",\"item\":\"https:\\\/\\\/esthetiquenovani.com\\\/en\\\/\"},{\"@type\":\"ListItem\",\"position\":2,\"name\":\"Boutique\",\"item\":\"https:\\\/\\\/esthetiquenovani.com\\\/boutique\\\/\"},{\"@type\":\"ListItem\",\"position\":3,\"name\":\"Dr Renaud &#8211; UV-Science FPS 30 \u2013 \u00c9mulsion riche\"}]},{\"@type\":\"WebSite\",\"@id\":\"https:\\\/\\\/esthetiquenovani.com\\\/#website\",\"url\":\"https:\\\/\\\/esthetiquenovani.com\\\/\",\"name\":\"Clinique d'Esth&eacute;tique Novani\",\"description\":\"Brossard, Longueil &amp; Chambly\",\"publisher\":{\"@id\":\"https:\\\/\\\/esthetiquenovani.com\\\/#organization\"},\"potentialAction\":[{\"@type\":\"SearchAction\",\"target\":{\"@type\":\"EntryPoint\",\"urlTemplate\":\"https:\\\/\\\/esthetiquenovani.com\\\/?s={search_term_string}\"},\"query-input\":{\"@type\":\"PropertyValueSpecification\",\"valueRequired\":true,\"valueName\":\"search_term_string\"}}],\"inLanguage\":\"en-US\"},{\"@type\":\"Organization\",\"@id\":\"https:\\\/\\\/esthetiquenovani.com\\\/#organization\",\"name\":\"Esth\u00e9tique Huguette Turcotte\",\"url\":\"https:\\\/\\\/esthetiquenovani.com\\\/\",\"logo\":{\"@type\":\"ImageObject\",\"inLanguage\":\"en-US\",\"@id\":\"https:\\\/\\\/esthetiquenovani.com\\\/#\\\/schema\\\/logo\\\/image\\\/\",\"url\":\"https:\\\/\\\/esthetiquenovani.com\\\/wp-content\\\/uploads\\\/2018\\\/01\\\/qui-sommes-nous.jpg\",\"contentUrl\":\"https:\\\/\\\/esthetiquenovani.com\\\/wp-content\\\/uploads\\\/2018\\\/01\\\/qui-sommes-nous.jpg\",\"width\":637,\"height\":425,\"caption\":\"Esth\u00e9tique Huguette Turcotte\"},\"image\":{\"@id\":\"https:\\\/\\\/esthetiquenovani.com\\\/#\\\/schema\\\/logo\\\/image\\\/\"},\"sameAs\":[\"https:\\\/\\\/www.facebook.com\\\/esthetiquehturcotte\"]}]}<\/script>\n<!-- \/ Yoast SEO plugin. -->","yoast_head_json":{"title":"cr\u00e8me solaire \u00e9cran min\u00e9ral - visage - anti tache pigmentaire","description":"Cr\u00e8me solaire visage, id\u00e9al apr\u00e8s traitement IPL. Pr\u00e9vient l\u2019apparition de taches pigmentaires et des rides. Essentiel ski alpin, bateau etc","robots":{"index":"index","follow":"follow","max-snippet":"max-snippet:-1","max-image-preview":"max-image-preview:large","max-video-preview":"max-video-preview:-1"},"canonical":"https:\/\/esthetiquenovani.com\/boutique\/gammes\/laboratoire-dr-renaud\/solaires-celldefense\/dr-renaud-uv-science-fps-30-emulsion-riche\/","og_locale":"en_US","og_type":"article","og_title":"cr\u00e8me solaire \u00e9cran min\u00e9ral - visage - anti tache pigmentaire","og_description":"Cr\u00e8me solaire visage, id\u00e9al apr\u00e8s traitement IPL. Pr\u00e9vient l\u2019apparition de taches pigmentaires et des rides. Essentiel ski alpin, bateau etc","og_url":"https:\/\/esthetiquenovani.com\/boutique\/gammes\/laboratoire-dr-renaud\/solaires-celldefense\/dr-renaud-uv-science-fps-30-emulsion-riche\/","og_site_name":"Clinique d'Esth&eacute;tique Novani","article_publisher":"https:\/\/www.facebook.com\/esthetiquehturcotte","article_modified_time":"2026-02-05T16:03:34+00:00","og_image":[{"width":1500,"height":1500,"url":"https:\/\/esthetiquenovani.com\/wp-content\/uploads\/2020\/08\/10372-UV-Science_SPF30_Rich_50ml.jpg","type":"image\/jpeg"}],"twitter_card":"summary_large_image","schema":{"@context":"https:\/\/schema.org","@graph":[{"@type":"WebPage","@id":"https:\/\/esthetiquenovani.com\/boutique\/gammes\/laboratoire-dr-renaud\/solaires-celldefense\/dr-renaud-uv-science-fps-30-emulsion-riche\/","url":"https:\/\/esthetiquenovani.com\/boutique\/gammes\/laboratoire-dr-renaud\/solaires-celldefense\/dr-renaud-uv-science-fps-30-emulsion-riche\/","name":"cr\u00e8me solaire \u00e9cran min\u00e9ral - visage - anti tache pigmentaire","isPartOf":{"@id":"https:\/\/esthetiquenovani.com\/#website"},"primaryImageOfPage":{"@id":"https:\/\/esthetiquenovani.com\/boutique\/gammes\/laboratoire-dr-renaud\/solaires-celldefense\/dr-renaud-uv-science-fps-30-emulsion-riche\/#primaryimage"},"image":{"@id":"https:\/\/esthetiquenovani.com\/boutique\/gammes\/laboratoire-dr-renaud\/solaires-celldefense\/dr-renaud-uv-science-fps-30-emulsion-riche\/#primaryimage"},"thumbnailUrl":"https:\/\/esthetiquenovani.com\/wp-content\/uploads\/2020\/08\/10372-UV-Science_SPF30_Rich_50ml.jpg","datePublished":"2020-08-20T23:51:37+00:00","dateModified":"2026-02-05T16:03:34+00:00","description":"Cr\u00e8me solaire visage, id\u00e9al apr\u00e8s traitement IPL. Pr\u00e9vient l\u2019apparition de taches pigmentaires et des rides. Essentiel ski alpin, bateau etc","breadcrumb":{"@id":"https:\/\/esthetiquenovani.com\/boutique\/gammes\/laboratoire-dr-renaud\/solaires-celldefense\/dr-renaud-uv-science-fps-30-emulsion-riche\/#breadcrumb"},"inLanguage":"en-US","potentialAction":[{"@type":"ReadAction","target":["https:\/\/esthetiquenovani.com\/boutique\/gammes\/laboratoire-dr-renaud\/solaires-celldefense\/dr-renaud-uv-science-fps-30-emulsion-riche\/"]}]},{"@type":"ImageObject","inLanguage":"en-US","@id":"https:\/\/esthetiquenovani.com\/boutique\/gammes\/laboratoire-dr-renaud\/solaires-celldefense\/dr-renaud-uv-science-fps-30-emulsion-riche\/#primaryimage","url":"https:\/\/esthetiquenovani.com\/wp-content\/uploads\/2020\/08\/10372-UV-Science_SPF30_Rich_50ml.jpg","contentUrl":"https:\/\/esthetiquenovani.com\/wp-content\/uploads\/2020\/08\/10372-UV-Science_SPF30_Rich_50ml.jpg","width":1500,"height":1500,"caption":"Promotion Boutique en ligne esth\u00e9tique soins visage et corps Longueuil"},{"@type":"BreadcrumbList","@id":"https:\/\/esthetiquenovani.com\/boutique\/gammes\/laboratoire-dr-renaud\/solaires-celldefense\/dr-renaud-uv-science-fps-30-emulsion-riche\/#breadcrumb","itemListElement":[{"@type":"ListItem","position":1,"name":"Accueil","item":"https:\/\/esthetiquenovani.com\/en\/"},{"@type":"ListItem","position":2,"name":"Boutique","item":"https:\/\/esthetiquenovani.com\/boutique\/"},{"@type":"ListItem","position":3,"name":"Dr Renaud &#8211; UV-Science FPS 30 \u2013 \u00c9mulsion riche"}]},{"@type":"WebSite","@id":"https:\/\/esthetiquenovani.com\/#website","url":"https:\/\/esthetiquenovani.com\/","name":"Clinique d'Esth&eacute;tique Novani","description":"Brossard, Longueil &amp; Chambly","publisher":{"@id":"https:\/\/esthetiquenovani.com\/#organization"},"potentialAction":[{"@type":"SearchAction","target":{"@type":"EntryPoint","urlTemplate":"https:\/\/esthetiquenovani.com\/?s={search_term_string}"},"query-input":{"@type":"PropertyValueSpecification","valueRequired":true,"valueName":"search_term_string"}}],"inLanguage":"en-US"},{"@type":"Organization","@id":"https:\/\/esthetiquenovani.com\/#organization","name":"Esth\u00e9tique Huguette Turcotte","url":"https:\/\/esthetiquenovani.com\/","logo":{"@type":"ImageObject","inLanguage":"en-US","@id":"https:\/\/esthetiquenovani.com\/#\/schema\/logo\/image\/","url":"https:\/\/esthetiquenovani.com\/wp-content\/uploads\/2018\/01\/qui-sommes-nous.jpg","contentUrl":"https:\/\/esthetiquenovani.com\/wp-content\/uploads\/2018\/01\/qui-sommes-nous.jpg","width":637,"height":425,"caption":"Esth\u00e9tique Huguette Turcotte"},"image":{"@id":"https:\/\/esthetiquenovani.com\/#\/schema\/logo\/image\/"},"sameAs":["https:\/\/www.facebook.com\/esthetiquehturcotte"]}]}},"_links":{"self":[{"href":"https:\/\/esthetiquenovani.com\/en\/wp-json\/wp\/v2\/product\/6912","targetHints":{"allow":["GET"]}}],"collection":[{"href":"https:\/\/esthetiquenovani.com\/en\/wp-json\/wp\/v2\/product"}],"about":[{"href":"https:\/\/esthetiquenovani.com\/en\/wp-json\/wp\/v2\/types\/product"}],"wp:featuredmedia":[{"embeddable":true,"href":"https:\/\/esthetiquenovani.com\/en\/wp-json\/wp\/v2\/media\/6913"}],"wp:attachment":[{"href":"https:\/\/esthetiquenovani.com\/en\/wp-json\/wp\/v2\/media?parent=6912"}],"wp:term":[{"taxonomy":"product_brand","embeddable":true,"href":"https:\/\/esthetiquenovani.com\/en\/wp-json\/wp\/v2\/product_brand?post=6912"},{"taxonomy":"product_cat","embeddable":true,"href":"https:\/\/esthetiquenovani.com\/en\/wp-json\/wp\/v2\/product_cat?post=6912"},{"taxonomy":"product_tag","embeddable":true,"href":"https:\/\/esthetiquenovani.com\/en\/wp-json\/wp\/v2\/product_tag?post=6912"}],"curies":[{"name":"wp","href":"https:\/\/api.w.org\/{rel}","templated":true}]}}