{"id":6949,"date":"2020-10-06T15:44:10","date_gmt":"2020-10-06T19:44:10","guid":{"rendered":"https:\/\/esthetiquenovani.com\/?post_type=product&#038;p=6949"},"modified":"2026-01-06T17:26:32","modified_gmt":"2026-01-06T22:26:32","slug":"esthederm-intensive-propolis-kaolin-masque-purifiant","status":"publish","type":"product","link":"https:\/\/esthetiquenovani.com\/en\/boutique\/gammes\/esthederm-meilleures-cremes-anti-rides-estheticienne-longueuil\/masques\/esthederm-intensive-propolis-kaolin-masque-purifiant\/","title":{"rendered":"Esthederm &#8211; Intensive Propolis+ Kaolin &#8211; Masque Purifiant"},"content":{"rendered":"<p>INTENSIVE, l\u2019efficacit\u00e9 d\u00e9montr\u00e9e de mol\u00e9cules de r\u00e9f\u00e9rence en dermo-esth\u00e9tique, s\u00e9lectionn\u00e9es et parfaitement dos\u00e9es par la recherche Esthederm pour des r\u00e9sultats rapides et durables sur les signes visibles des d\u00e9s\u00e9quilibres de la peau et de son vieillissement.<\/p>\n","protected":false},"excerpt":{"rendered":"<p>&nbsp;<\/p>\n<p>Ce masque nettoie la peau et d\u00e9sincruste les pores pour att\u00e9nuer l\u2019apparence des irr\u00e9gularit\u00e9s et retrouver une peau lisse et nette.<\/p>\n<div class=\"product__collapse \">\n<div id=\"benefits\" class=\"product__collapse-panel\">\n<p>Boost\u00e9 avec le kaolin et ses propri\u00e9t\u00e9s absorbantes, Intensive Propolis+ Masque Purifiant absorbe l\u2019exc\u00e8s de s\u00e9bum pour diminuer visiblement les brillances. Avec sa texture cr\u00e8me non dess\u00e9chante formul\u00e9 avec la propolis, choisie pour ses propri\u00e9t\u00e9s apaisantes et purifiantes, ce masque nettoie, d\u00e9sincruste et resserre visiblement les pores, et affine le grain de peau.<\/p>\n<\/div>\n<\/div>\n<div class=\"product__collapse \">\n<p>&nbsp;<\/p>\n<p class=\"h5\">CONSEILS D&#8217;APPLICATION<\/p>\n<div id=\"benefitsd'application\" class=\"product__collapse-panel\">\n<p>Appliquer en couche fine sur la peau propre et s\u00e8che du visage et du cou. Laisser s\u00e9cher 15 minutes, puis rincer abondamment. Pour une action intensive, utiliser quotidiennement pendant 7 jours, puis 2 \u00e0 3 fois par semaine. Peut \u00e9galement s\u2019appliquer localement sur les irr\u00e9gularit\u00e9s. Destin\u00e9 aux adultes. La collection INTENSIVE s\u2019utilise en alternance avec les soins habituels ou en compl\u00e9ment d\u2019actes esth\u00e9tiques.<\/p>\n<\/div>\n<\/div>\n","protected":false},"featured_media":6950,"template":"","meta":{"_et_pb_use_builder":"","_et_pb_old_content":"","_et_gb_content_width":""},"product_brand":[],"product_cat":[101,63,57,103,50,64,52],"product_tag":[],"class_list":{"0":"post-6949","1":"product","2":"type-product","3":"status-publish","4":"has-post-thumbnail","6":"product_cat-masques","7":"product_cat-acne","8":"product_cat-collection-intensive-esthederm","9":"product_cat-collection-molecules-intensives","10":"product_cat-esthederm-meilleures-cremes-anti-rides-estheticienne-longueuil","11":"product_cat-masques-et-huiles","12":"product_cat-peau-grasse-et-pores-dilates","14":"first","15":"instock","16":"taxable","17":"shipping-taxable","18":"purchasable","19":"product-type-simple"},"yoast_head":"<!-- This site is optimized with the Yoast SEO plugin v27.4 - https:\/\/yoast.com\/product\/yoast-seo-wordpress\/ -->\n<title>Masque Propolis anti-\u00e2ge. Id\u00e9al pour traiter les peaux grasses et matures.<\/title>\n<meta name=\"description\" content=\"Ce masque nettoie la peau et d\u00e9sincruste les pores pour att\u00e9nuer l\u2019apparence des irr\u00e9gularit\u00e9s et retrouver une peau lisse et nette.\" \/>\n<meta name=\"robots\" content=\"index, follow, max-snippet:-1, max-image-preview:large, max-video-preview:-1\" \/>\n<link rel=\"canonical\" href=\"https:\/\/esthetiquenovani.com\/boutique\/gammes\/esthederm-meilleures-cremes-anti-rides-estheticienne-longueuil\/masques\/esthederm-intensive-propolis-kaolin-masque-purifiant\/\" \/>\n<meta property=\"og:locale\" content=\"en_US\" \/>\n<meta property=\"og:type\" content=\"article\" \/>\n<meta property=\"og:title\" content=\"Masque Propolis anti-\u00e2ge. Id\u00e9al pour traiter les peaux grasses et matures.\" \/>\n<meta property=\"og:description\" content=\"Ce masque nettoie la peau et d\u00e9sincruste les pores pour att\u00e9nuer l\u2019apparence des irr\u00e9gularit\u00e9s et retrouver une peau lisse et nette.\" \/>\n<meta property=\"og:url\" content=\"https:\/\/esthetiquenovani.com\/boutique\/gammes\/esthederm-meilleures-cremes-anti-rides-estheticienne-longueuil\/masques\/esthederm-intensive-propolis-kaolin-masque-purifiant\/\" \/>\n<meta property=\"og:site_name\" content=\"Clinique d&#039;Esth&eacute;tique Novani\" \/>\n<meta property=\"article:publisher\" content=\"https:\/\/www.facebook.com\/esthetiquehturcotte\" \/>\n<meta property=\"article:modified_time\" content=\"2026-01-06T22:26:32+00:00\" \/>\n<meta property=\"og:image\" content=\"https:\/\/esthetiquenovani.com\/wp-content\/uploads\/2020\/10\/v631400-ntensive-propolis-masque-purifiant-web-1080x1080-ombre.png\" \/>\n\t<meta property=\"og:image:width\" content=\"1081\" \/>\n\t<meta property=\"og:image:height\" content=\"1081\" \/>\n\t<meta property=\"og:image:type\" content=\"image\/png\" \/>\n<meta name=\"twitter:card\" content=\"summary_large_image\" \/>\n<meta name=\"twitter:label1\" content=\"Est. reading time\" \/>\n\t<meta name=\"twitter:data1\" content=\"1 minute\" \/>\n<script type=\"application\/ld+json\" class=\"yoast-schema-graph\">{\"@context\":\"https:\\\/\\\/schema.org\",\"@graph\":[{\"@type\":\"WebPage\",\"@id\":\"https:\\\/\\\/esthetiquenovani.com\\\/boutique\\\/gammes\\\/esthederm-meilleures-cremes-anti-rides-estheticienne-longueuil\\\/masques\\\/esthederm-intensive-propolis-kaolin-masque-purifiant\\\/\",\"url\":\"https:\\\/\\\/esthetiquenovani.com\\\/boutique\\\/gammes\\\/esthederm-meilleures-cremes-anti-rides-estheticienne-longueuil\\\/masques\\\/esthederm-intensive-propolis-kaolin-masque-purifiant\\\/\",\"name\":\"Masque Propolis anti-\u00e2ge. Id\u00e9al pour traiter les peaux grasses et matures.\",\"isPartOf\":{\"@id\":\"https:\\\/\\\/esthetiquenovani.com\\\/#website\"},\"primaryImageOfPage\":{\"@id\":\"https:\\\/\\\/esthetiquenovani.com\\\/boutique\\\/gammes\\\/esthederm-meilleures-cremes-anti-rides-estheticienne-longueuil\\\/masques\\\/esthederm-intensive-propolis-kaolin-masque-purifiant\\\/#primaryimage\"},\"image\":{\"@id\":\"https:\\\/\\\/esthetiquenovani.com\\\/boutique\\\/gammes\\\/esthederm-meilleures-cremes-anti-rides-estheticienne-longueuil\\\/masques\\\/esthederm-intensive-propolis-kaolin-masque-purifiant\\\/#primaryimage\"},\"thumbnailUrl\":\"https:\\\/\\\/esthetiquenovani.com\\\/wp-content\\\/uploads\\\/2020\\\/10\\\/v631400-ntensive-propolis-masque-purifiant-web-1080x1080-ombre.png\",\"datePublished\":\"2020-10-06T19:44:10+00:00\",\"dateModified\":\"2026-01-06T22:26:32+00:00\",\"description\":\"Ce masque nettoie la peau et d\u00e9sincruste les pores pour att\u00e9nuer l\u2019apparence des irr\u00e9gularit\u00e9s et retrouver une peau lisse et nette.\",\"breadcrumb\":{\"@id\":\"https:\\\/\\\/esthetiquenovani.com\\\/boutique\\\/gammes\\\/esthederm-meilleures-cremes-anti-rides-estheticienne-longueuil\\\/masques\\\/esthederm-intensive-propolis-kaolin-masque-purifiant\\\/#breadcrumb\"},\"inLanguage\":\"en-US\",\"potentialAction\":[{\"@type\":\"ReadAction\",\"target\":[\"https:\\\/\\\/esthetiquenovani.com\\\/boutique\\\/gammes\\\/esthederm-meilleures-cremes-anti-rides-estheticienne-longueuil\\\/masques\\\/esthederm-intensive-propolis-kaolin-masque-purifiant\\\/\"]}]},{\"@type\":\"ImageObject\",\"inLanguage\":\"en-US\",\"@id\":\"https:\\\/\\\/esthetiquenovani.com\\\/boutique\\\/gammes\\\/esthederm-meilleures-cremes-anti-rides-estheticienne-longueuil\\\/masques\\\/esthederm-intensive-propolis-kaolin-masque-purifiant\\\/#primaryimage\",\"url\":\"https:\\\/\\\/esthetiquenovani.com\\\/wp-content\\\/uploads\\\/2020\\\/10\\\/v631400-ntensive-propolis-masque-purifiant-web-1080x1080-ombre.png\",\"contentUrl\":\"https:\\\/\\\/esthetiquenovani.com\\\/wp-content\\\/uploads\\\/2020\\\/10\\\/v631400-ntensive-propolis-masque-purifiant-web-1080x1080-ombre.png\",\"width\":1081,\"height\":1081,\"caption\":\"Promotion Boutique en ligne esth\u00e9tique soins visage et corps Longueuil\"},{\"@type\":\"BreadcrumbList\",\"@id\":\"https:\\\/\\\/esthetiquenovani.com\\\/boutique\\\/gammes\\\/esthederm-meilleures-cremes-anti-rides-estheticienne-longueuil\\\/masques\\\/esthederm-intensive-propolis-kaolin-masque-purifiant\\\/#breadcrumb\",\"itemListElement\":[{\"@type\":\"ListItem\",\"position\":1,\"name\":\"Accueil\",\"item\":\"https:\\\/\\\/esthetiquenovani.com\\\/en\\\/\"},{\"@type\":\"ListItem\",\"position\":2,\"name\":\"Boutique\",\"item\":\"https:\\\/\\\/esthetiquenovani.com\\\/boutique\\\/\"},{\"@type\":\"ListItem\",\"position\":3,\"name\":\"Esthederm &#8211; Intensive Propolis+ Kaolin &#8211; Masque Purifiant\"}]},{\"@type\":\"WebSite\",\"@id\":\"https:\\\/\\\/esthetiquenovani.com\\\/#website\",\"url\":\"https:\\\/\\\/esthetiquenovani.com\\\/\",\"name\":\"Clinique d'Esth&eacute;tique Novani\",\"description\":\"Brossard, Longueil &amp; Chambly\",\"publisher\":{\"@id\":\"https:\\\/\\\/esthetiquenovani.com\\\/#organization\"},\"potentialAction\":[{\"@type\":\"SearchAction\",\"target\":{\"@type\":\"EntryPoint\",\"urlTemplate\":\"https:\\\/\\\/esthetiquenovani.com\\\/?s={search_term_string}\"},\"query-input\":{\"@type\":\"PropertyValueSpecification\",\"valueRequired\":true,\"valueName\":\"search_term_string\"}}],\"inLanguage\":\"en-US\"},{\"@type\":\"Organization\",\"@id\":\"https:\\\/\\\/esthetiquenovani.com\\\/#organization\",\"name\":\"Esth\u00e9tique Huguette Turcotte\",\"url\":\"https:\\\/\\\/esthetiquenovani.com\\\/\",\"logo\":{\"@type\":\"ImageObject\",\"inLanguage\":\"en-US\",\"@id\":\"https:\\\/\\\/esthetiquenovani.com\\\/#\\\/schema\\\/logo\\\/image\\\/\",\"url\":\"https:\\\/\\\/esthetiquenovani.com\\\/wp-content\\\/uploads\\\/2018\\\/01\\\/qui-sommes-nous.jpg\",\"contentUrl\":\"https:\\\/\\\/esthetiquenovani.com\\\/wp-content\\\/uploads\\\/2018\\\/01\\\/qui-sommes-nous.jpg\",\"width\":637,\"height\":425,\"caption\":\"Esth\u00e9tique Huguette Turcotte\"},\"image\":{\"@id\":\"https:\\\/\\\/esthetiquenovani.com\\\/#\\\/schema\\\/logo\\\/image\\\/\"},\"sameAs\":[\"https:\\\/\\\/www.facebook.com\\\/esthetiquehturcotte\"]}]}<\/script>\n<!-- \/ Yoast SEO plugin. -->","yoast_head_json":{"title":"Masque Propolis anti-\u00e2ge. Id\u00e9al pour traiter les peaux grasses et matures.","description":"Ce masque nettoie la peau et d\u00e9sincruste les pores pour att\u00e9nuer l\u2019apparence des irr\u00e9gularit\u00e9s et retrouver une peau lisse et nette.","robots":{"index":"index","follow":"follow","max-snippet":"max-snippet:-1","max-image-preview":"max-image-preview:large","max-video-preview":"max-video-preview:-1"},"canonical":"https:\/\/esthetiquenovani.com\/boutique\/gammes\/esthederm-meilleures-cremes-anti-rides-estheticienne-longueuil\/masques\/esthederm-intensive-propolis-kaolin-masque-purifiant\/","og_locale":"en_US","og_type":"article","og_title":"Masque Propolis anti-\u00e2ge. Id\u00e9al pour traiter les peaux grasses et matures.","og_description":"Ce masque nettoie la peau et d\u00e9sincruste les pores pour att\u00e9nuer l\u2019apparence des irr\u00e9gularit\u00e9s et retrouver une peau lisse et nette.","og_url":"https:\/\/esthetiquenovani.com\/boutique\/gammes\/esthederm-meilleures-cremes-anti-rides-estheticienne-longueuil\/masques\/esthederm-intensive-propolis-kaolin-masque-purifiant\/","og_site_name":"Clinique d'Esth&eacute;tique Novani","article_publisher":"https:\/\/www.facebook.com\/esthetiquehturcotte","article_modified_time":"2026-01-06T22:26:32+00:00","og_image":[{"width":1081,"height":1081,"url":"https:\/\/esthetiquenovani.com\/wp-content\/uploads\/2020\/10\/v631400-ntensive-propolis-masque-purifiant-web-1080x1080-ombre.png","type":"image\/png"}],"twitter_card":"summary_large_image","twitter_misc":{"Est. reading time":"1 minute"},"schema":{"@context":"https:\/\/schema.org","@graph":[{"@type":"WebPage","@id":"https:\/\/esthetiquenovani.com\/boutique\/gammes\/esthederm-meilleures-cremes-anti-rides-estheticienne-longueuil\/masques\/esthederm-intensive-propolis-kaolin-masque-purifiant\/","url":"https:\/\/esthetiquenovani.com\/boutique\/gammes\/esthederm-meilleures-cremes-anti-rides-estheticienne-longueuil\/masques\/esthederm-intensive-propolis-kaolin-masque-purifiant\/","name":"Masque Propolis anti-\u00e2ge. Id\u00e9al pour traiter les peaux grasses et matures.","isPartOf":{"@id":"https:\/\/esthetiquenovani.com\/#website"},"primaryImageOfPage":{"@id":"https:\/\/esthetiquenovani.com\/boutique\/gammes\/esthederm-meilleures-cremes-anti-rides-estheticienne-longueuil\/masques\/esthederm-intensive-propolis-kaolin-masque-purifiant\/#primaryimage"},"image":{"@id":"https:\/\/esthetiquenovani.com\/boutique\/gammes\/esthederm-meilleures-cremes-anti-rides-estheticienne-longueuil\/masques\/esthederm-intensive-propolis-kaolin-masque-purifiant\/#primaryimage"},"thumbnailUrl":"https:\/\/esthetiquenovani.com\/wp-content\/uploads\/2020\/10\/v631400-ntensive-propolis-masque-purifiant-web-1080x1080-ombre.png","datePublished":"2020-10-06T19:44:10+00:00","dateModified":"2026-01-06T22:26:32+00:00","description":"Ce masque nettoie la peau et d\u00e9sincruste les pores pour att\u00e9nuer l\u2019apparence des irr\u00e9gularit\u00e9s et retrouver une peau lisse et nette.","breadcrumb":{"@id":"https:\/\/esthetiquenovani.com\/boutique\/gammes\/esthederm-meilleures-cremes-anti-rides-estheticienne-longueuil\/masques\/esthederm-intensive-propolis-kaolin-masque-purifiant\/#breadcrumb"},"inLanguage":"en-US","potentialAction":[{"@type":"ReadAction","target":["https:\/\/esthetiquenovani.com\/boutique\/gammes\/esthederm-meilleures-cremes-anti-rides-estheticienne-longueuil\/masques\/esthederm-intensive-propolis-kaolin-masque-purifiant\/"]}]},{"@type":"ImageObject","inLanguage":"en-US","@id":"https:\/\/esthetiquenovani.com\/boutique\/gammes\/esthederm-meilleures-cremes-anti-rides-estheticienne-longueuil\/masques\/esthederm-intensive-propolis-kaolin-masque-purifiant\/#primaryimage","url":"https:\/\/esthetiquenovani.com\/wp-content\/uploads\/2020\/10\/v631400-ntensive-propolis-masque-purifiant-web-1080x1080-ombre.png","contentUrl":"https:\/\/esthetiquenovani.com\/wp-content\/uploads\/2020\/10\/v631400-ntensive-propolis-masque-purifiant-web-1080x1080-ombre.png","width":1081,"height":1081,"caption":"Promotion Boutique en ligne esth\u00e9tique soins visage et corps Longueuil"},{"@type":"BreadcrumbList","@id":"https:\/\/esthetiquenovani.com\/boutique\/gammes\/esthederm-meilleures-cremes-anti-rides-estheticienne-longueuil\/masques\/esthederm-intensive-propolis-kaolin-masque-purifiant\/#breadcrumb","itemListElement":[{"@type":"ListItem","position":1,"name":"Accueil","item":"https:\/\/esthetiquenovani.com\/en\/"},{"@type":"ListItem","position":2,"name":"Boutique","item":"https:\/\/esthetiquenovani.com\/boutique\/"},{"@type":"ListItem","position":3,"name":"Esthederm &#8211; Intensive Propolis+ Kaolin &#8211; Masque Purifiant"}]},{"@type":"WebSite","@id":"https:\/\/esthetiquenovani.com\/#website","url":"https:\/\/esthetiquenovani.com\/","name":"Clinique d'Esth&eacute;tique Novani","description":"Brossard, Longueil &amp; Chambly","publisher":{"@id":"https:\/\/esthetiquenovani.com\/#organization"},"potentialAction":[{"@type":"SearchAction","target":{"@type":"EntryPoint","urlTemplate":"https:\/\/esthetiquenovani.com\/?s={search_term_string}"},"query-input":{"@type":"PropertyValueSpecification","valueRequired":true,"valueName":"search_term_string"}}],"inLanguage":"en-US"},{"@type":"Organization","@id":"https:\/\/esthetiquenovani.com\/#organization","name":"Esth\u00e9tique Huguette Turcotte","url":"https:\/\/esthetiquenovani.com\/","logo":{"@type":"ImageObject","inLanguage":"en-US","@id":"https:\/\/esthetiquenovani.com\/#\/schema\/logo\/image\/","url":"https:\/\/esthetiquenovani.com\/wp-content\/uploads\/2018\/01\/qui-sommes-nous.jpg","contentUrl":"https:\/\/esthetiquenovani.com\/wp-content\/uploads\/2018\/01\/qui-sommes-nous.jpg","width":637,"height":425,"caption":"Esth\u00e9tique Huguette Turcotte"},"image":{"@id":"https:\/\/esthetiquenovani.com\/#\/schema\/logo\/image\/"},"sameAs":["https:\/\/www.facebook.com\/esthetiquehturcotte"]}]}},"_links":{"self":[{"href":"https:\/\/esthetiquenovani.com\/en\/wp-json\/wp\/v2\/product\/6949","targetHints":{"allow":["GET"]}}],"collection":[{"href":"https:\/\/esthetiquenovani.com\/en\/wp-json\/wp\/v2\/product"}],"about":[{"href":"https:\/\/esthetiquenovani.com\/en\/wp-json\/wp\/v2\/types\/product"}],"wp:featuredmedia":[{"embeddable":true,"href":"https:\/\/esthetiquenovani.com\/en\/wp-json\/wp\/v2\/media\/6950"}],"wp:attachment":[{"href":"https:\/\/esthetiquenovani.com\/en\/wp-json\/wp\/v2\/media?parent=6949"}],"wp:term":[{"taxonomy":"product_brand","embeddable":true,"href":"https:\/\/esthetiquenovani.com\/en\/wp-json\/wp\/v2\/product_brand?post=6949"},{"taxonomy":"product_cat","embeddable":true,"href":"https:\/\/esthetiquenovani.com\/en\/wp-json\/wp\/v2\/product_cat?post=6949"},{"taxonomy":"product_tag","embeddable":true,"href":"https:\/\/esthetiquenovani.com\/en\/wp-json\/wp\/v2\/product_tag?post=6949"}],"curies":[{"name":"wp","href":"https:\/\/api.w.org\/{rel}","templated":true}]}}