{"id":6964,"date":"2020-10-07T22:32:32","date_gmt":"2020-10-08T02:32:32","guid":{"rendered":"https:\/\/esthetiquenovani.com\/?post_type=product&#038;p=6964"},"modified":"2025-12-30T12:47:15","modified_gmt":"2025-12-30T17:47:15","slug":"esthederm-eau-cellulaire-creme-hydratante-fondante","status":"publish","type":"product","link":"https:\/\/esthetiquenovani.com\/en\/boutique\/gammes\/esthederm-meilleures-cremes-anti-rides-estheticienne-longueuil\/cremes-gels-et-baumes\/esthederm-eau-cellulaire-creme-hydratante-fondante\/","title":{"rendered":"Esthederm- Eau Cellulaire &#8211; Cr\u00e8me d&#8217;Eau Cellulaire Hydratante Fondante"},"content":{"rendered":"","protected":false},"excerpt":{"rendered":"<p>Soin hydratant visage adapt\u00e9 \u00e0 tous les types de peaux, pour une peau r\u00e9hydrat\u00e9e, \u00e9clatante de sant\u00e9 comme \u00e9nergis\u00e9e.<\/p>\n<div class=\"product__collapse \">\n<p class=\"h5\">BIENFAITS<\/p>\n<div id=\"benefits\" class=\"product__collapse-panel\">\n<p>Hydrate intens\u00e9ment la peau, elle semble prot\u00e9g\u00e9e des agressions ext\u00e9rieures gr\u00e2ce \u00e0 sa technologie anti-pollution.<\/p>\n<\/div>\n<\/div>\n<div class=\"product__collapse \">\n<p class=\"h5\">CONSEILS D&#8217;APPLICATION<\/p>\n<div id=\"benefitsd'application\" class=\"product__collapse-panel\">\n<p>Appliquer matin et soir sur la peau du visage et du cou, seule ou associ\u00e9e au s\u00e9rum Concentr\u00e9 Cellulaire.<\/p>\n<p>50ml<\/p>\n<\/div>\n<\/div>\n","protected":false},"featured_media":8016,"template":"","meta":{"_et_pb_use_builder":"","_et_pb_old_content":"","_et_gb_content_width":""},"product_brand":[],"product_cat":[99,62,51,50,55,56],"product_tag":[],"class_list":{"0":"post-6964","1":"product","2":"type-product","3":"status-publish","4":"has-post-thumbnail","6":"product_cat-cremes-gels-et-baumes","7":"product_cat-cremes","8":"product_cat-deshydratation-et-secheresse","9":"product_cat-esthederm-meilleures-cremes-anti-rides-estheticienne-longueuil","10":"product_cat-jeunesse-prevention","11":"product_cat-premiers-signes-de-lage","13":"first","14":"instock","15":"taxable","16":"shipping-taxable","17":"purchasable","18":"product-type-simple"},"yoast_head":"<!-- This site is optimized with the Yoast SEO plugin v27.4 - https:\/\/yoast.com\/product\/yoast-seo-wordpress\/ -->\n<title>Eau Cellulaire Institut Esthederm | hydratation | Esth\u00e9ticienne Longueuil<\/title>\n<meta name=\"description\" content=\"Cr\u00e8me hydratante fondante. Inspir\u00e9e de l&#039;eau naturellement pr\u00e9sente dans la peau, Esthederm a d\u00e9velopp\u00e9 l&#039;Eau Cellulaire.\" \/>\n<meta name=\"robots\" content=\"index, follow, max-snippet:-1, max-image-preview:large, max-video-preview:-1\" \/>\n<link rel=\"canonical\" href=\"https:\/\/esthetiquenovani.com\/boutique\/gammes\/esthederm-meilleures-cremes-anti-rides-estheticienne-longueuil\/cremes-gels-et-baumes\/esthederm-eau-cellulaire-creme-hydratante-fondante\/\" \/>\n<meta property=\"og:locale\" content=\"en_US\" \/>\n<meta property=\"og:type\" content=\"article\" \/>\n<meta property=\"og:title\" content=\"Eau Cellulaire Institut Esthederm | hydratation | Esth\u00e9ticienne Longueuil\" \/>\n<meta property=\"og:description\" content=\"Cr\u00e8me hydratante fondante. Inspir\u00e9e de l&#039;eau naturellement pr\u00e9sente dans la peau, Esthederm a d\u00e9velopp\u00e9 l&#039;Eau Cellulaire.\" \/>\n<meta property=\"og:url\" content=\"https:\/\/esthetiquenovani.com\/boutique\/gammes\/esthederm-meilleures-cremes-anti-rides-estheticienne-longueuil\/cremes-gels-et-baumes\/esthederm-eau-cellulaire-creme-hydratante-fondante\/\" \/>\n<meta property=\"og:site_name\" content=\"Clinique d&#039;Esth&eacute;tique Novani\" \/>\n<meta property=\"article:publisher\" content=\"https:\/\/www.facebook.com\/esthetiquehturcotte\" \/>\n<meta property=\"article:modified_time\" content=\"2025-12-30T17:47:15+00:00\" \/>\n<meta property=\"og:image\" content=\"https:\/\/esthetiquenovani.com\/wp-content\/uploads\/2020\/10\/1_Creme_Eau_Cellulaire_FR_Produit_3000-600x600-1.jpg\" \/>\n\t<meta property=\"og:image:width\" content=\"600\" \/>\n\t<meta property=\"og:image:height\" content=\"600\" \/>\n\t<meta property=\"og:image:type\" content=\"image\/jpeg\" \/>\n<meta name=\"twitter:card\" content=\"summary_large_image\" \/>\n<script type=\"application\/ld+json\" class=\"yoast-schema-graph\">{\"@context\":\"https:\\\/\\\/schema.org\",\"@graph\":[{\"@type\":\"WebPage\",\"@id\":\"https:\\\/\\\/esthetiquenovani.com\\\/boutique\\\/gammes\\\/esthederm-meilleures-cremes-anti-rides-estheticienne-longueuil\\\/cremes-gels-et-baumes\\\/esthederm-eau-cellulaire-creme-hydratante-fondante\\\/\",\"url\":\"https:\\\/\\\/esthetiquenovani.com\\\/boutique\\\/gammes\\\/esthederm-meilleures-cremes-anti-rides-estheticienne-longueuil\\\/cremes-gels-et-baumes\\\/esthederm-eau-cellulaire-creme-hydratante-fondante\\\/\",\"name\":\"Eau Cellulaire Institut Esthederm | hydratation | Esth\u00e9ticienne Longueuil\",\"isPartOf\":{\"@id\":\"https:\\\/\\\/esthetiquenovani.com\\\/#website\"},\"primaryImageOfPage\":{\"@id\":\"https:\\\/\\\/esthetiquenovani.com\\\/boutique\\\/gammes\\\/esthederm-meilleures-cremes-anti-rides-estheticienne-longueuil\\\/cremes-gels-et-baumes\\\/esthederm-eau-cellulaire-creme-hydratante-fondante\\\/#primaryimage\"},\"image\":{\"@id\":\"https:\\\/\\\/esthetiquenovani.com\\\/boutique\\\/gammes\\\/esthederm-meilleures-cremes-anti-rides-estheticienne-longueuil\\\/cremes-gels-et-baumes\\\/esthederm-eau-cellulaire-creme-hydratante-fondante\\\/#primaryimage\"},\"thumbnailUrl\":\"https:\\\/\\\/esthetiquenovani.com\\\/wp-content\\\/uploads\\\/2020\\\/10\\\/1_Creme_Eau_Cellulaire_FR_Produit_3000-600x600-1.jpg\",\"datePublished\":\"2020-10-08T02:32:32+00:00\",\"dateModified\":\"2025-12-30T17:47:15+00:00\",\"description\":\"Cr\u00e8me hydratante fondante. Inspir\u00e9e de l'eau naturellement pr\u00e9sente dans la peau, Esthederm a d\u00e9velopp\u00e9 l'Eau Cellulaire.\",\"breadcrumb\":{\"@id\":\"https:\\\/\\\/esthetiquenovani.com\\\/boutique\\\/gammes\\\/esthederm-meilleures-cremes-anti-rides-estheticienne-longueuil\\\/cremes-gels-et-baumes\\\/esthederm-eau-cellulaire-creme-hydratante-fondante\\\/#breadcrumb\"},\"inLanguage\":\"en-US\",\"potentialAction\":[{\"@type\":\"ReadAction\",\"target\":[\"https:\\\/\\\/esthetiquenovani.com\\\/boutique\\\/gammes\\\/esthederm-meilleures-cremes-anti-rides-estheticienne-longueuil\\\/cremes-gels-et-baumes\\\/esthederm-eau-cellulaire-creme-hydratante-fondante\\\/\"]}]},{\"@type\":\"ImageObject\",\"inLanguage\":\"en-US\",\"@id\":\"https:\\\/\\\/esthetiquenovani.com\\\/boutique\\\/gammes\\\/esthederm-meilleures-cremes-anti-rides-estheticienne-longueuil\\\/cremes-gels-et-baumes\\\/esthederm-eau-cellulaire-creme-hydratante-fondante\\\/#primaryimage\",\"url\":\"https:\\\/\\\/esthetiquenovani.com\\\/wp-content\\\/uploads\\\/2020\\\/10\\\/1_Creme_Eau_Cellulaire_FR_Produit_3000-600x600-1.jpg\",\"contentUrl\":\"https:\\\/\\\/esthetiquenovani.com\\\/wp-content\\\/uploads\\\/2020\\\/10\\\/1_Creme_Eau_Cellulaire_FR_Produit_3000-600x600-1.jpg\",\"width\":\"600\",\"height\":\"600\",\"caption\":\"Cr\u00e8eme hydratante Eau Cellulaire Esthederm | Esth\u00e9ticienne Longueuil\"},{\"@type\":\"BreadcrumbList\",\"@id\":\"https:\\\/\\\/esthetiquenovani.com\\\/boutique\\\/gammes\\\/esthederm-meilleures-cremes-anti-rides-estheticienne-longueuil\\\/cremes-gels-et-baumes\\\/esthederm-eau-cellulaire-creme-hydratante-fondante\\\/#breadcrumb\",\"itemListElement\":[{\"@type\":\"ListItem\",\"position\":1,\"name\":\"Accueil\",\"item\":\"https:\\\/\\\/esthetiquenovani.com\\\/en\\\/\"},{\"@type\":\"ListItem\",\"position\":2,\"name\":\"Boutique\",\"item\":\"https:\\\/\\\/esthetiquenovani.com\\\/boutique\\\/\"},{\"@type\":\"ListItem\",\"position\":3,\"name\":\"Esthederm- Eau Cellulaire &#8211; Cr\u00e8me d&rsquo;Eau Cellulaire Hydratante Fondante\"}]},{\"@type\":\"WebSite\",\"@id\":\"https:\\\/\\\/esthetiquenovani.com\\\/#website\",\"url\":\"https:\\\/\\\/esthetiquenovani.com\\\/\",\"name\":\"Clinique d'Esth&eacute;tique Novani\",\"description\":\"Brossard, Longueil &amp; Chambly\",\"publisher\":{\"@id\":\"https:\\\/\\\/esthetiquenovani.com\\\/#organization\"},\"potentialAction\":[{\"@type\":\"SearchAction\",\"target\":{\"@type\":\"EntryPoint\",\"urlTemplate\":\"https:\\\/\\\/esthetiquenovani.com\\\/?s={search_term_string}\"},\"query-input\":{\"@type\":\"PropertyValueSpecification\",\"valueRequired\":true,\"valueName\":\"search_term_string\"}}],\"inLanguage\":\"en-US\"},{\"@type\":\"Organization\",\"@id\":\"https:\\\/\\\/esthetiquenovani.com\\\/#organization\",\"name\":\"Esth\u00e9tique Huguette Turcotte\",\"url\":\"https:\\\/\\\/esthetiquenovani.com\\\/\",\"logo\":{\"@type\":\"ImageObject\",\"inLanguage\":\"en-US\",\"@id\":\"https:\\\/\\\/esthetiquenovani.com\\\/#\\\/schema\\\/logo\\\/image\\\/\",\"url\":\"https:\\\/\\\/esthetiquenovani.com\\\/wp-content\\\/uploads\\\/2018\\\/01\\\/qui-sommes-nous.jpg\",\"contentUrl\":\"https:\\\/\\\/esthetiquenovani.com\\\/wp-content\\\/uploads\\\/2018\\\/01\\\/qui-sommes-nous.jpg\",\"width\":637,\"height\":425,\"caption\":\"Esth\u00e9tique Huguette Turcotte\"},\"image\":{\"@id\":\"https:\\\/\\\/esthetiquenovani.com\\\/#\\\/schema\\\/logo\\\/image\\\/\"},\"sameAs\":[\"https:\\\/\\\/www.facebook.com\\\/esthetiquehturcotte\"]}]}<\/script>\n<!-- \/ Yoast SEO plugin. -->","yoast_head_json":{"title":"Eau Cellulaire Institut Esthederm | hydratation | Esth\u00e9ticienne Longueuil","description":"Cr\u00e8me hydratante fondante. Inspir\u00e9e de l'eau naturellement pr\u00e9sente dans la peau, Esthederm a d\u00e9velopp\u00e9 l'Eau Cellulaire.","robots":{"index":"index","follow":"follow","max-snippet":"max-snippet:-1","max-image-preview":"max-image-preview:large","max-video-preview":"max-video-preview:-1"},"canonical":"https:\/\/esthetiquenovani.com\/boutique\/gammes\/esthederm-meilleures-cremes-anti-rides-estheticienne-longueuil\/cremes-gels-et-baumes\/esthederm-eau-cellulaire-creme-hydratante-fondante\/","og_locale":"en_US","og_type":"article","og_title":"Eau Cellulaire Institut Esthederm | hydratation | Esth\u00e9ticienne Longueuil","og_description":"Cr\u00e8me hydratante fondante. Inspir\u00e9e de l'eau naturellement pr\u00e9sente dans la peau, Esthederm a d\u00e9velopp\u00e9 l'Eau Cellulaire.","og_url":"https:\/\/esthetiquenovani.com\/boutique\/gammes\/esthederm-meilleures-cremes-anti-rides-estheticienne-longueuil\/cremes-gels-et-baumes\/esthederm-eau-cellulaire-creme-hydratante-fondante\/","og_site_name":"Clinique d'Esth&eacute;tique Novani","article_publisher":"https:\/\/www.facebook.com\/esthetiquehturcotte","article_modified_time":"2025-12-30T17:47:15+00:00","og_image":[{"width":600,"height":600,"url":"https:\/\/esthetiquenovani.com\/wp-content\/uploads\/2020\/10\/1_Creme_Eau_Cellulaire_FR_Produit_3000-600x600-1.jpg","type":"image\/jpeg"}],"twitter_card":"summary_large_image","schema":{"@context":"https:\/\/schema.org","@graph":[{"@type":"WebPage","@id":"https:\/\/esthetiquenovani.com\/boutique\/gammes\/esthederm-meilleures-cremes-anti-rides-estheticienne-longueuil\/cremes-gels-et-baumes\/esthederm-eau-cellulaire-creme-hydratante-fondante\/","url":"https:\/\/esthetiquenovani.com\/boutique\/gammes\/esthederm-meilleures-cremes-anti-rides-estheticienne-longueuil\/cremes-gels-et-baumes\/esthederm-eau-cellulaire-creme-hydratante-fondante\/","name":"Eau Cellulaire Institut Esthederm | hydratation | Esth\u00e9ticienne Longueuil","isPartOf":{"@id":"https:\/\/esthetiquenovani.com\/#website"},"primaryImageOfPage":{"@id":"https:\/\/esthetiquenovani.com\/boutique\/gammes\/esthederm-meilleures-cremes-anti-rides-estheticienne-longueuil\/cremes-gels-et-baumes\/esthederm-eau-cellulaire-creme-hydratante-fondante\/#primaryimage"},"image":{"@id":"https:\/\/esthetiquenovani.com\/boutique\/gammes\/esthederm-meilleures-cremes-anti-rides-estheticienne-longueuil\/cremes-gels-et-baumes\/esthederm-eau-cellulaire-creme-hydratante-fondante\/#primaryimage"},"thumbnailUrl":"https:\/\/esthetiquenovani.com\/wp-content\/uploads\/2020\/10\/1_Creme_Eau_Cellulaire_FR_Produit_3000-600x600-1.jpg","datePublished":"2020-10-08T02:32:32+00:00","dateModified":"2025-12-30T17:47:15+00:00","description":"Cr\u00e8me hydratante fondante. Inspir\u00e9e de l'eau naturellement pr\u00e9sente dans la peau, Esthederm a d\u00e9velopp\u00e9 l'Eau Cellulaire.","breadcrumb":{"@id":"https:\/\/esthetiquenovani.com\/boutique\/gammes\/esthederm-meilleures-cremes-anti-rides-estheticienne-longueuil\/cremes-gels-et-baumes\/esthederm-eau-cellulaire-creme-hydratante-fondante\/#breadcrumb"},"inLanguage":"en-US","potentialAction":[{"@type":"ReadAction","target":["https:\/\/esthetiquenovani.com\/boutique\/gammes\/esthederm-meilleures-cremes-anti-rides-estheticienne-longueuil\/cremes-gels-et-baumes\/esthederm-eau-cellulaire-creme-hydratante-fondante\/"]}]},{"@type":"ImageObject","inLanguage":"en-US","@id":"https:\/\/esthetiquenovani.com\/boutique\/gammes\/esthederm-meilleures-cremes-anti-rides-estheticienne-longueuil\/cremes-gels-et-baumes\/esthederm-eau-cellulaire-creme-hydratante-fondante\/#primaryimage","url":"https:\/\/esthetiquenovani.com\/wp-content\/uploads\/2020\/10\/1_Creme_Eau_Cellulaire_FR_Produit_3000-600x600-1.jpg","contentUrl":"https:\/\/esthetiquenovani.com\/wp-content\/uploads\/2020\/10\/1_Creme_Eau_Cellulaire_FR_Produit_3000-600x600-1.jpg","width":"600","height":"600","caption":"Cr\u00e8eme hydratante Eau Cellulaire Esthederm | Esth\u00e9ticienne Longueuil"},{"@type":"BreadcrumbList","@id":"https:\/\/esthetiquenovani.com\/boutique\/gammes\/esthederm-meilleures-cremes-anti-rides-estheticienne-longueuil\/cremes-gels-et-baumes\/esthederm-eau-cellulaire-creme-hydratante-fondante\/#breadcrumb","itemListElement":[{"@type":"ListItem","position":1,"name":"Accueil","item":"https:\/\/esthetiquenovani.com\/en\/"},{"@type":"ListItem","position":2,"name":"Boutique","item":"https:\/\/esthetiquenovani.com\/boutique\/"},{"@type":"ListItem","position":3,"name":"Esthederm- Eau Cellulaire &#8211; Cr\u00e8me d&rsquo;Eau Cellulaire Hydratante Fondante"}]},{"@type":"WebSite","@id":"https:\/\/esthetiquenovani.com\/#website","url":"https:\/\/esthetiquenovani.com\/","name":"Clinique d'Esth&eacute;tique Novani","description":"Brossard, Longueil &amp; Chambly","publisher":{"@id":"https:\/\/esthetiquenovani.com\/#organization"},"potentialAction":[{"@type":"SearchAction","target":{"@type":"EntryPoint","urlTemplate":"https:\/\/esthetiquenovani.com\/?s={search_term_string}"},"query-input":{"@type":"PropertyValueSpecification","valueRequired":true,"valueName":"search_term_string"}}],"inLanguage":"en-US"},{"@type":"Organization","@id":"https:\/\/esthetiquenovani.com\/#organization","name":"Esth\u00e9tique Huguette Turcotte","url":"https:\/\/esthetiquenovani.com\/","logo":{"@type":"ImageObject","inLanguage":"en-US","@id":"https:\/\/esthetiquenovani.com\/#\/schema\/logo\/image\/","url":"https:\/\/esthetiquenovani.com\/wp-content\/uploads\/2018\/01\/qui-sommes-nous.jpg","contentUrl":"https:\/\/esthetiquenovani.com\/wp-content\/uploads\/2018\/01\/qui-sommes-nous.jpg","width":637,"height":425,"caption":"Esth\u00e9tique Huguette Turcotte"},"image":{"@id":"https:\/\/esthetiquenovani.com\/#\/schema\/logo\/image\/"},"sameAs":["https:\/\/www.facebook.com\/esthetiquehturcotte"]}]}},"_links":{"self":[{"href":"https:\/\/esthetiquenovani.com\/en\/wp-json\/wp\/v2\/product\/6964","targetHints":{"allow":["GET"]}}],"collection":[{"href":"https:\/\/esthetiquenovani.com\/en\/wp-json\/wp\/v2\/product"}],"about":[{"href":"https:\/\/esthetiquenovani.com\/en\/wp-json\/wp\/v2\/types\/product"}],"wp:featuredmedia":[{"embeddable":true,"href":"https:\/\/esthetiquenovani.com\/en\/wp-json\/wp\/v2\/media\/8016"}],"wp:attachment":[{"href":"https:\/\/esthetiquenovani.com\/en\/wp-json\/wp\/v2\/media?parent=6964"}],"wp:term":[{"taxonomy":"product_brand","embeddable":true,"href":"https:\/\/esthetiquenovani.com\/en\/wp-json\/wp\/v2\/product_brand?post=6964"},{"taxonomy":"product_cat","embeddable":true,"href":"https:\/\/esthetiquenovani.com\/en\/wp-json\/wp\/v2\/product_cat?post=6964"},{"taxonomy":"product_tag","embeddable":true,"href":"https:\/\/esthetiquenovani.com\/en\/wp-json\/wp\/v2\/product_tag?post=6964"}],"curies":[{"name":"wp","href":"https:\/\/api.w.org\/{rel}","templated":true}]}}