{"id":6966,"date":"2020-10-07T22:43:47","date_gmt":"2020-10-08T02:43:47","guid":{"rendered":"https:\/\/esthetiquenovani.com\/?post_type=product&#038;p=6966"},"modified":"2025-12-30T12:46:34","modified_gmt":"2025-12-30T17:46:34","slug":"esthederm-eau-cellulaire-gel-hydratant-fraicheur","status":"publish","type":"product","link":"https:\/\/esthetiquenovani.com\/en\/boutique\/gammes\/esthederm-meilleures-cremes-anti-rides-estheticienne-longueuil\/cremes-gels-et-baumes\/esthederm-eau-cellulaire-gel-hydratant-fraicheur\/","title":{"rendered":"Esthederm &#8211; Eau Cellulaire &#8211; Gel d&#8217;Eau Cellulaire Hydratant Fra\u00eecheur"},"content":{"rendered":"","protected":false},"excerpt":{"rendered":"<p>Gel anti-pollution frais et l\u00e9ger qui p\u00e9n\u00e8tre rapidement et offre vitalit\u00e9 \u00e0 la peau.<\/p>\n<div class=\"product__collapse \">\n<div id=\"benefits\" class=\"product__collapse-panel\">\n<p>Offre une sensation de fra\u00eecheur intense. La peau est comme \u00e9nergis\u00e9e, hydrat\u00e9e et \u00e9clatante.<\/p>\n<\/div>\n<\/div>\n<div class=\"product__collapse \">\n<p class=\"h5\">CONSEILS D&#8217;APPLICATION<\/p>\n<div id=\"benefitsd'application\" class=\"product__collapse-panel\">\n<p>Appliquer matin et soir sur la peau du visage et du cou, seule ou associ\u00e9e au Concentr\u00e9 Cellulaire.<\/p>\n<p>40ml<\/p>\n<\/div>\n<\/div>\n","protected":false},"featured_media":6967,"template":"","meta":{"_et_pb_use_builder":"","_et_pb_old_content":"","_et_gb_content_width":""},"product_brand":[],"product_cat":[99,62,51,50,55,52,56],"product_tag":[],"class_list":{"0":"post-6966","1":"product","2":"type-product","3":"status-publish","4":"has-post-thumbnail","6":"product_cat-cremes-gels-et-baumes","7":"product_cat-cremes","8":"product_cat-deshydratation-et-secheresse","9":"product_cat-esthederm-meilleures-cremes-anti-rides-estheticienne-longueuil","10":"product_cat-jeunesse-prevention","11":"product_cat-peau-grasse-et-pores-dilates","12":"product_cat-premiers-signes-de-lage","14":"first","15":"instock","16":"taxable","17":"shipping-taxable","18":"purchasable","19":"product-type-simple"},"yoast_head":"<!-- This site is optimized with the Yoast SEO plugin v27.4 - https:\/\/yoast.com\/product\/yoast-seo-wordpress\/ -->\n<title>Gel d&#039;Eau Cellulaire | Esthederm | Boutique en ligne | Esth\u00e9tique Longueuil<\/title>\n<meta name=\"description\" content=\"Gel hydratant anti-pollution frais et l\u00e9ger qui p\u00e9n\u00e8tre rapidement et offre vitalit\u00e9 \u00e0 la peau. Excellent pour les peaux grasses.\" \/>\n<meta name=\"robots\" content=\"index, follow, max-snippet:-1, max-image-preview:large, max-video-preview:-1\" \/>\n<link rel=\"canonical\" href=\"https:\/\/esthetiquenovani.com\/boutique\/gammes\/esthederm-meilleures-cremes-anti-rides-estheticienne-longueuil\/cremes-gels-et-baumes\/esthederm-eau-cellulaire-gel-hydratant-fraicheur\/\" \/>\n<meta property=\"og:locale\" content=\"en_US\" \/>\n<meta property=\"og:type\" content=\"article\" \/>\n<meta property=\"og:title\" content=\"Gel d&#039;Eau Cellulaire | Esthederm | Boutique en ligne | Esth\u00e9tique Longueuil\" \/>\n<meta property=\"og:description\" content=\"Gel hydratant anti-pollution frais et l\u00e9ger qui p\u00e9n\u00e8tre rapidement et offre vitalit\u00e9 \u00e0 la peau. Excellent pour les peaux grasses.\" \/>\n<meta property=\"og:url\" content=\"https:\/\/esthetiquenovani.com\/boutique\/gammes\/esthederm-meilleures-cremes-anti-rides-estheticienne-longueuil\/cremes-gels-et-baumes\/esthederm-eau-cellulaire-gel-hydratant-fraicheur\/\" \/>\n<meta property=\"og:site_name\" content=\"Clinique d&#039;Esth&eacute;tique Novani\" \/>\n<meta property=\"article:publisher\" content=\"https:\/\/www.facebook.com\/esthetiquehturcotte\" \/>\n<meta property=\"article:modified_time\" content=\"2025-12-30T17:46:34+00:00\" \/>\n<meta property=\"og:image\" content=\"https:\/\/esthetiquenovani.com\/wp-content\/uploads\/2020\/10\/gel-eau-cellulaire.jpg\" \/>\n\t<meta property=\"og:image:width\" content=\"1080\" \/>\n\t<meta property=\"og:image:height\" content=\"1080\" \/>\n\t<meta property=\"og:image:type\" content=\"image\/jpeg\" \/>\n<meta name=\"twitter:card\" content=\"summary_large_image\" \/>\n<script type=\"application\/ld+json\" class=\"yoast-schema-graph\">{\"@context\":\"https:\\\/\\\/schema.org\",\"@graph\":[{\"@type\":\"WebPage\",\"@id\":\"https:\\\/\\\/esthetiquenovani.com\\\/boutique\\\/gammes\\\/esthederm-meilleures-cremes-anti-rides-estheticienne-longueuil\\\/cremes-gels-et-baumes\\\/esthederm-eau-cellulaire-gel-hydratant-fraicheur\\\/\",\"url\":\"https:\\\/\\\/esthetiquenovani.com\\\/boutique\\\/gammes\\\/esthederm-meilleures-cremes-anti-rides-estheticienne-longueuil\\\/cremes-gels-et-baumes\\\/esthederm-eau-cellulaire-gel-hydratant-fraicheur\\\/\",\"name\":\"Gel d'Eau Cellulaire | Esthederm | Boutique en ligne | Esth\u00e9tique Longueuil\",\"isPartOf\":{\"@id\":\"https:\\\/\\\/esthetiquenovani.com\\\/#website\"},\"primaryImageOfPage\":{\"@id\":\"https:\\\/\\\/esthetiquenovani.com\\\/boutique\\\/gammes\\\/esthederm-meilleures-cremes-anti-rides-estheticienne-longueuil\\\/cremes-gels-et-baumes\\\/esthederm-eau-cellulaire-gel-hydratant-fraicheur\\\/#primaryimage\"},\"image\":{\"@id\":\"https:\\\/\\\/esthetiquenovani.com\\\/boutique\\\/gammes\\\/esthederm-meilleures-cremes-anti-rides-estheticienne-longueuil\\\/cremes-gels-et-baumes\\\/esthederm-eau-cellulaire-gel-hydratant-fraicheur\\\/#primaryimage\"},\"thumbnailUrl\":\"https:\\\/\\\/esthetiquenovani.com\\\/wp-content\\\/uploads\\\/2020\\\/10\\\/gel-eau-cellulaire.jpg\",\"datePublished\":\"2020-10-08T02:43:47+00:00\",\"dateModified\":\"2025-12-30T17:46:34+00:00\",\"description\":\"Gel hydratant anti-pollution frais et l\u00e9ger qui p\u00e9n\u00e8tre rapidement et offre vitalit\u00e9 \u00e0 la peau. Excellent pour les peaux grasses.\",\"breadcrumb\":{\"@id\":\"https:\\\/\\\/esthetiquenovani.com\\\/boutique\\\/gammes\\\/esthederm-meilleures-cremes-anti-rides-estheticienne-longueuil\\\/cremes-gels-et-baumes\\\/esthederm-eau-cellulaire-gel-hydratant-fraicheur\\\/#breadcrumb\"},\"inLanguage\":\"en-US\",\"potentialAction\":[{\"@type\":\"ReadAction\",\"target\":[\"https:\\\/\\\/esthetiquenovani.com\\\/boutique\\\/gammes\\\/esthederm-meilleures-cremes-anti-rides-estheticienne-longueuil\\\/cremes-gels-et-baumes\\\/esthederm-eau-cellulaire-gel-hydratant-fraicheur\\\/\"]}]},{\"@type\":\"ImageObject\",\"inLanguage\":\"en-US\",\"@id\":\"https:\\\/\\\/esthetiquenovani.com\\\/boutique\\\/gammes\\\/esthederm-meilleures-cremes-anti-rides-estheticienne-longueuil\\\/cremes-gels-et-baumes\\\/esthederm-eau-cellulaire-gel-hydratant-fraicheur\\\/#primaryimage\",\"url\":\"https:\\\/\\\/esthetiquenovani.com\\\/wp-content\\\/uploads\\\/2020\\\/10\\\/gel-eau-cellulaire.jpg\",\"contentUrl\":\"https:\\\/\\\/esthetiquenovani.com\\\/wp-content\\\/uploads\\\/2020\\\/10\\\/gel-eau-cellulaire.jpg\",\"width\":1080,\"height\":1080,\"caption\":\"Esthederm Gel Eau Cellulaire Boutique en ligne Esth\u00e9ticienne Longueuil\"},{\"@type\":\"BreadcrumbList\",\"@id\":\"https:\\\/\\\/esthetiquenovani.com\\\/boutique\\\/gammes\\\/esthederm-meilleures-cremes-anti-rides-estheticienne-longueuil\\\/cremes-gels-et-baumes\\\/esthederm-eau-cellulaire-gel-hydratant-fraicheur\\\/#breadcrumb\",\"itemListElement\":[{\"@type\":\"ListItem\",\"position\":1,\"name\":\"Accueil\",\"item\":\"https:\\\/\\\/esthetiquenovani.com\\\/en\\\/\"},{\"@type\":\"ListItem\",\"position\":2,\"name\":\"Boutique\",\"item\":\"https:\\\/\\\/esthetiquenovani.com\\\/boutique\\\/\"},{\"@type\":\"ListItem\",\"position\":3,\"name\":\"Esthederm &#8211; Eau Cellulaire &#8211; Gel d&rsquo;Eau Cellulaire Hydratant Fra\u00eecheur\"}]},{\"@type\":\"WebSite\",\"@id\":\"https:\\\/\\\/esthetiquenovani.com\\\/#website\",\"url\":\"https:\\\/\\\/esthetiquenovani.com\\\/\",\"name\":\"Clinique d'Esth&eacute;tique Novani\",\"description\":\"Brossard, Longueil &amp; Chambly\",\"publisher\":{\"@id\":\"https:\\\/\\\/esthetiquenovani.com\\\/#organization\"},\"potentialAction\":[{\"@type\":\"SearchAction\",\"target\":{\"@type\":\"EntryPoint\",\"urlTemplate\":\"https:\\\/\\\/esthetiquenovani.com\\\/?s={search_term_string}\"},\"query-input\":{\"@type\":\"PropertyValueSpecification\",\"valueRequired\":true,\"valueName\":\"search_term_string\"}}],\"inLanguage\":\"en-US\"},{\"@type\":\"Organization\",\"@id\":\"https:\\\/\\\/esthetiquenovani.com\\\/#organization\",\"name\":\"Esth\u00e9tique Huguette Turcotte\",\"url\":\"https:\\\/\\\/esthetiquenovani.com\\\/\",\"logo\":{\"@type\":\"ImageObject\",\"inLanguage\":\"en-US\",\"@id\":\"https:\\\/\\\/esthetiquenovani.com\\\/#\\\/schema\\\/logo\\\/image\\\/\",\"url\":\"https:\\\/\\\/esthetiquenovani.com\\\/wp-content\\\/uploads\\\/2018\\\/01\\\/qui-sommes-nous.jpg\",\"contentUrl\":\"https:\\\/\\\/esthetiquenovani.com\\\/wp-content\\\/uploads\\\/2018\\\/01\\\/qui-sommes-nous.jpg\",\"width\":637,\"height\":425,\"caption\":\"Esth\u00e9tique Huguette Turcotte\"},\"image\":{\"@id\":\"https:\\\/\\\/esthetiquenovani.com\\\/#\\\/schema\\\/logo\\\/image\\\/\"},\"sameAs\":[\"https:\\\/\\\/www.facebook.com\\\/esthetiquehturcotte\"]}]}<\/script>\n<!-- \/ Yoast SEO plugin. -->","yoast_head_json":{"title":"Gel d'Eau Cellulaire | Esthederm | Boutique en ligne | Esth\u00e9tique Longueuil","description":"Gel hydratant anti-pollution frais et l\u00e9ger qui p\u00e9n\u00e8tre rapidement et offre vitalit\u00e9 \u00e0 la peau. Excellent pour les peaux grasses.","robots":{"index":"index","follow":"follow","max-snippet":"max-snippet:-1","max-image-preview":"max-image-preview:large","max-video-preview":"max-video-preview:-1"},"canonical":"https:\/\/esthetiquenovani.com\/boutique\/gammes\/esthederm-meilleures-cremes-anti-rides-estheticienne-longueuil\/cremes-gels-et-baumes\/esthederm-eau-cellulaire-gel-hydratant-fraicheur\/","og_locale":"en_US","og_type":"article","og_title":"Gel d'Eau Cellulaire | Esthederm | Boutique en ligne | Esth\u00e9tique Longueuil","og_description":"Gel hydratant anti-pollution frais et l\u00e9ger qui p\u00e9n\u00e8tre rapidement et offre vitalit\u00e9 \u00e0 la peau. Excellent pour les peaux grasses.","og_url":"https:\/\/esthetiquenovani.com\/boutique\/gammes\/esthederm-meilleures-cremes-anti-rides-estheticienne-longueuil\/cremes-gels-et-baumes\/esthederm-eau-cellulaire-gel-hydratant-fraicheur\/","og_site_name":"Clinique d'Esth&eacute;tique Novani","article_publisher":"https:\/\/www.facebook.com\/esthetiquehturcotte","article_modified_time":"2025-12-30T17:46:34+00:00","og_image":[{"width":1080,"height":1080,"url":"https:\/\/esthetiquenovani.com\/wp-content\/uploads\/2020\/10\/gel-eau-cellulaire.jpg","type":"image\/jpeg"}],"twitter_card":"summary_large_image","schema":{"@context":"https:\/\/schema.org","@graph":[{"@type":"WebPage","@id":"https:\/\/esthetiquenovani.com\/boutique\/gammes\/esthederm-meilleures-cremes-anti-rides-estheticienne-longueuil\/cremes-gels-et-baumes\/esthederm-eau-cellulaire-gel-hydratant-fraicheur\/","url":"https:\/\/esthetiquenovani.com\/boutique\/gammes\/esthederm-meilleures-cremes-anti-rides-estheticienne-longueuil\/cremes-gels-et-baumes\/esthederm-eau-cellulaire-gel-hydratant-fraicheur\/","name":"Gel d'Eau Cellulaire | Esthederm | Boutique en ligne | Esth\u00e9tique Longueuil","isPartOf":{"@id":"https:\/\/esthetiquenovani.com\/#website"},"primaryImageOfPage":{"@id":"https:\/\/esthetiquenovani.com\/boutique\/gammes\/esthederm-meilleures-cremes-anti-rides-estheticienne-longueuil\/cremes-gels-et-baumes\/esthederm-eau-cellulaire-gel-hydratant-fraicheur\/#primaryimage"},"image":{"@id":"https:\/\/esthetiquenovani.com\/boutique\/gammes\/esthederm-meilleures-cremes-anti-rides-estheticienne-longueuil\/cremes-gels-et-baumes\/esthederm-eau-cellulaire-gel-hydratant-fraicheur\/#primaryimage"},"thumbnailUrl":"https:\/\/esthetiquenovani.com\/wp-content\/uploads\/2020\/10\/gel-eau-cellulaire.jpg","datePublished":"2020-10-08T02:43:47+00:00","dateModified":"2025-12-30T17:46:34+00:00","description":"Gel hydratant anti-pollution frais et l\u00e9ger qui p\u00e9n\u00e8tre rapidement et offre vitalit\u00e9 \u00e0 la peau. Excellent pour les peaux grasses.","breadcrumb":{"@id":"https:\/\/esthetiquenovani.com\/boutique\/gammes\/esthederm-meilleures-cremes-anti-rides-estheticienne-longueuil\/cremes-gels-et-baumes\/esthederm-eau-cellulaire-gel-hydratant-fraicheur\/#breadcrumb"},"inLanguage":"en-US","potentialAction":[{"@type":"ReadAction","target":["https:\/\/esthetiquenovani.com\/boutique\/gammes\/esthederm-meilleures-cremes-anti-rides-estheticienne-longueuil\/cremes-gels-et-baumes\/esthederm-eau-cellulaire-gel-hydratant-fraicheur\/"]}]},{"@type":"ImageObject","inLanguage":"en-US","@id":"https:\/\/esthetiquenovani.com\/boutique\/gammes\/esthederm-meilleures-cremes-anti-rides-estheticienne-longueuil\/cremes-gels-et-baumes\/esthederm-eau-cellulaire-gel-hydratant-fraicheur\/#primaryimage","url":"https:\/\/esthetiquenovani.com\/wp-content\/uploads\/2020\/10\/gel-eau-cellulaire.jpg","contentUrl":"https:\/\/esthetiquenovani.com\/wp-content\/uploads\/2020\/10\/gel-eau-cellulaire.jpg","width":1080,"height":1080,"caption":"Esthederm Gel Eau Cellulaire Boutique en ligne Esth\u00e9ticienne Longueuil"},{"@type":"BreadcrumbList","@id":"https:\/\/esthetiquenovani.com\/boutique\/gammes\/esthederm-meilleures-cremes-anti-rides-estheticienne-longueuil\/cremes-gels-et-baumes\/esthederm-eau-cellulaire-gel-hydratant-fraicheur\/#breadcrumb","itemListElement":[{"@type":"ListItem","position":1,"name":"Accueil","item":"https:\/\/esthetiquenovani.com\/en\/"},{"@type":"ListItem","position":2,"name":"Boutique","item":"https:\/\/esthetiquenovani.com\/boutique\/"},{"@type":"ListItem","position":3,"name":"Esthederm &#8211; Eau Cellulaire &#8211; Gel d&rsquo;Eau Cellulaire Hydratant Fra\u00eecheur"}]},{"@type":"WebSite","@id":"https:\/\/esthetiquenovani.com\/#website","url":"https:\/\/esthetiquenovani.com\/","name":"Clinique d'Esth&eacute;tique Novani","description":"Brossard, Longueil &amp; Chambly","publisher":{"@id":"https:\/\/esthetiquenovani.com\/#organization"},"potentialAction":[{"@type":"SearchAction","target":{"@type":"EntryPoint","urlTemplate":"https:\/\/esthetiquenovani.com\/?s={search_term_string}"},"query-input":{"@type":"PropertyValueSpecification","valueRequired":true,"valueName":"search_term_string"}}],"inLanguage":"en-US"},{"@type":"Organization","@id":"https:\/\/esthetiquenovani.com\/#organization","name":"Esth\u00e9tique Huguette Turcotte","url":"https:\/\/esthetiquenovani.com\/","logo":{"@type":"ImageObject","inLanguage":"en-US","@id":"https:\/\/esthetiquenovani.com\/#\/schema\/logo\/image\/","url":"https:\/\/esthetiquenovani.com\/wp-content\/uploads\/2018\/01\/qui-sommes-nous.jpg","contentUrl":"https:\/\/esthetiquenovani.com\/wp-content\/uploads\/2018\/01\/qui-sommes-nous.jpg","width":637,"height":425,"caption":"Esth\u00e9tique Huguette Turcotte"},"image":{"@id":"https:\/\/esthetiquenovani.com\/#\/schema\/logo\/image\/"},"sameAs":["https:\/\/www.facebook.com\/esthetiquehturcotte"]}]}},"_links":{"self":[{"href":"https:\/\/esthetiquenovani.com\/en\/wp-json\/wp\/v2\/product\/6966","targetHints":{"allow":["GET"]}}],"collection":[{"href":"https:\/\/esthetiquenovani.com\/en\/wp-json\/wp\/v2\/product"}],"about":[{"href":"https:\/\/esthetiquenovani.com\/en\/wp-json\/wp\/v2\/types\/product"}],"wp:featuredmedia":[{"embeddable":true,"href":"https:\/\/esthetiquenovani.com\/en\/wp-json\/wp\/v2\/media\/6967"}],"wp:attachment":[{"href":"https:\/\/esthetiquenovani.com\/en\/wp-json\/wp\/v2\/media?parent=6966"}],"wp:term":[{"taxonomy":"product_brand","embeddable":true,"href":"https:\/\/esthetiquenovani.com\/en\/wp-json\/wp\/v2\/product_brand?post=6966"},{"taxonomy":"product_cat","embeddable":true,"href":"https:\/\/esthetiquenovani.com\/en\/wp-json\/wp\/v2\/product_cat?post=6966"},{"taxonomy":"product_tag","embeddable":true,"href":"https:\/\/esthetiquenovani.com\/en\/wp-json\/wp\/v2\/product_tag?post=6966"}],"curies":[{"name":"wp","href":"https:\/\/api.w.org\/{rel}","templated":true}]}}