{"id":6968,"date":"2020-10-07T22:47:37","date_gmt":"2020-10-08T02:47:37","guid":{"rendered":"https:\/\/esthetiquenovani.com\/?post_type=product&#038;p=6968"},"modified":"2024-01-03T14:34:26","modified_gmt":"2024-01-03T19:34:26","slug":"esthederm-eau-cellulaire-lotion-essence","status":"publish","type":"product","link":"https:\/\/esthetiquenovani.com\/en\/boutique\/gammes\/esthederm-meilleures-cremes-anti-rides-estheticienne-longueuil\/2-lotions-et-toniques\/esthederm-eau-cellulaire-lotion-essence\/","title":{"rendered":"Esthederm &#8211; Eau Cellulaire &#8211; Lotion Essence Detox"},"content":{"rendered":"","protected":false},"excerpt":{"rendered":"<p>Ce nouveau geste associe la fra\u00eecheur d\u2019une lotion \u00e0 l\u2019efficacit\u00e9 d\u2019un soin d\u2019exception. Enrichie en acide hyaluronique, sa texture ultra-l\u00e9g\u00e8re procure l\u2019effet \u201cglow\u201d d\u2019une peau gorg\u00e9e d\u2019eau.<\/p>\n<div class=\"product__collapse \">\n<p class=\"h5\">BIENFAITS<\/p>\n<div id=\"benefits\" class=\"product__collapse-panel\">\n<p>La formule d\u00e9tox de la Lotion Essence rend la peau plus \u00e9clatante et plus r\u00e9sistante au stress. Le teint est lumineux, la peau ressourc\u00e9e. Instantan\u00e9ment hydrat\u00e9e, elle est plus r\u00e9ceptive aux soins.<\/p>\n<\/div>\n<\/div>\n<div class=\"product__collapse \">\n<p class=\"h5\">CONSEILS D&#8217;APPLICATION<\/p>\n<div id=\"benefitsd'application\" class=\"product__collapse-panel\">\n<p>Appliquer matin et\/ou soir sur le visage et le cou parfaitement nettoy\u00e9s aux doigts ou \u00e0 l\u2019aide d\u2019un coton. Ce nouveau soin s\u2019applique avant tout s\u00e9rum ou toute cr\u00e8me.<\/p>\n<p>125ml<\/p>\n<\/div>\n<\/div>\n","protected":false},"featured_media":6969,"template":"","meta":{"_et_pb_use_builder":"","_et_pb_old_content":"","_et_gb_content_width":""},"product_brand":[],"product_cat":[102,51,50,55,45,52,56,59],"product_tag":[],"class_list":{"0":"post-6968","1":"product","2":"type-product","3":"status-publish","4":"has-post-thumbnail","6":"product_cat-2-lotions-et-toniques","7":"product_cat-deshydratation-et-secheresse","8":"product_cat-esthederm-meilleures-cremes-anti-rides-estheticienne-longueuil","9":"product_cat-jeunesse-prevention","10":"product_cat-nettoyants-demaquillants-et-lotions","11":"product_cat-peau-grasse-et-pores-dilates","12":"product_cat-premiers-signes-de-lage","13":"product_cat-serums","15":"first","16":"instock","17":"taxable","18":"shipping-taxable","19":"purchasable","20":"product-type-simple"},"yoast_head":"<!-- This site is optimized with the Yoast SEO plugin v27.4 - https:\/\/yoast.com\/product\/yoast-seo-wordpress\/ -->\n<title>Esthederm - Eau Cellulaire - Lotion Essence Detox &#8902; Clinique d&#039;Esth&eacute;tique Novani<\/title>\n<meta name=\"robots\" content=\"index, follow, max-snippet:-1, max-image-preview:large, max-video-preview:-1\" \/>\n<link rel=\"canonical\" href=\"https:\/\/esthetiquenovani.com\/boutique\/gammes\/esthederm-meilleures-cremes-anti-rides-estheticienne-longueuil\/2-lotions-et-toniques\/esthederm-eau-cellulaire-lotion-essence\/\" \/>\n<meta property=\"og:locale\" content=\"en_US\" \/>\n<meta property=\"og:type\" content=\"article\" \/>\n<meta property=\"og:title\" content=\"Esthederm - Eau Cellulaire - Lotion Essence Detox &#8902; Clinique d&#039;Esth&eacute;tique Novani\" \/>\n<meta property=\"og:description\" content=\"Ce nouveau geste associe la fra\u00eecheur d\u2019une lotion \u00e0 l\u2019efficacit\u00e9 d\u2019un soin d\u2019exception. Enrichie en acide hyaluronique, sa texture ultra-l\u00e9g\u00e8re procure l\u2019effet \u201cglow\u201d d\u2019une peau gorg\u00e9e d\u2019eau.  BIENFAITS    La formule d\u00e9tox de la Lotion Essence rend la peau plus \u00e9clatante et plus r\u00e9sistante au stress. Le teint est lumineux, la peau ressourc\u00e9e. Instantan\u00e9ment hydrat\u00e9e, elle est plus r\u00e9ceptive aux soins.     CONSEILS D&#039;APPLICATION    Appliquer matin et\/ou soir sur le visage et le cou parfaitement nettoy\u00e9s aux doigts ou \u00e0 l\u2019aide d\u2019un coton. Ce nouveau soin s\u2019applique avant tout s\u00e9rum ou toute cr\u00e8me.  125ml\" \/>\n<meta property=\"og:url\" content=\"https:\/\/esthetiquenovani.com\/boutique\/gammes\/esthederm-meilleures-cremes-anti-rides-estheticienne-longueuil\/2-lotions-et-toniques\/esthederm-eau-cellulaire-lotion-essence\/\" \/>\n<meta property=\"og:site_name\" content=\"Clinique d&#039;Esth&eacute;tique Novani\" \/>\n<meta property=\"article:publisher\" content=\"https:\/\/www.facebook.com\/esthetiquehturcotte\" \/>\n<meta property=\"article:modified_time\" content=\"2024-01-03T19:34:26+00:00\" \/>\n<meta property=\"og:image\" content=\"https:\/\/esthetiquenovani.com\/wp-content\/uploads\/2020\/10\/Eau-cellulaire-lotion-anti-pollution-Esthederm.png\" \/>\n\t<meta property=\"og:image:width\" content=\"413\" \/>\n\t<meta property=\"og:image:height\" content=\"455\" \/>\n\t<meta property=\"og:image:type\" content=\"image\/png\" \/>\n<meta name=\"twitter:card\" content=\"summary_large_image\" \/>\n<script type=\"application\/ld+json\" class=\"yoast-schema-graph\">{\"@context\":\"https:\\\/\\\/schema.org\",\"@graph\":[{\"@type\":\"WebPage\",\"@id\":\"https:\\\/\\\/esthetiquenovani.com\\\/boutique\\\/gammes\\\/esthederm-meilleures-cremes-anti-rides-estheticienne-longueuil\\\/2-lotions-et-toniques\\\/esthederm-eau-cellulaire-lotion-essence\\\/\",\"url\":\"https:\\\/\\\/esthetiquenovani.com\\\/boutique\\\/gammes\\\/esthederm-meilleures-cremes-anti-rides-estheticienne-longueuil\\\/2-lotions-et-toniques\\\/esthederm-eau-cellulaire-lotion-essence\\\/\",\"name\":\"Esthederm - Eau Cellulaire - Lotion Essence Detox &#8902; Clinique d'Esth&eacute;tique Novani\",\"isPartOf\":{\"@id\":\"https:\\\/\\\/esthetiquenovani.com\\\/#website\"},\"primaryImageOfPage\":{\"@id\":\"https:\\\/\\\/esthetiquenovani.com\\\/boutique\\\/gammes\\\/esthederm-meilleures-cremes-anti-rides-estheticienne-longueuil\\\/2-lotions-et-toniques\\\/esthederm-eau-cellulaire-lotion-essence\\\/#primaryimage\"},\"image\":{\"@id\":\"https:\\\/\\\/esthetiquenovani.com\\\/boutique\\\/gammes\\\/esthederm-meilleures-cremes-anti-rides-estheticienne-longueuil\\\/2-lotions-et-toniques\\\/esthederm-eau-cellulaire-lotion-essence\\\/#primaryimage\"},\"thumbnailUrl\":\"https:\\\/\\\/esthetiquenovani.com\\\/wp-content\\\/uploads\\\/2020\\\/10\\\/Eau-cellulaire-lotion-anti-pollution-Esthederm.png\",\"datePublished\":\"2020-10-08T02:47:37+00:00\",\"dateModified\":\"2024-01-03T19:34:26+00:00\",\"breadcrumb\":{\"@id\":\"https:\\\/\\\/esthetiquenovani.com\\\/boutique\\\/gammes\\\/esthederm-meilleures-cremes-anti-rides-estheticienne-longueuil\\\/2-lotions-et-toniques\\\/esthederm-eau-cellulaire-lotion-essence\\\/#breadcrumb\"},\"inLanguage\":\"en-US\",\"potentialAction\":[{\"@type\":\"ReadAction\",\"target\":[\"https:\\\/\\\/esthetiquenovani.com\\\/boutique\\\/gammes\\\/esthederm-meilleures-cremes-anti-rides-estheticienne-longueuil\\\/2-lotions-et-toniques\\\/esthederm-eau-cellulaire-lotion-essence\\\/\"]}]},{\"@type\":\"ImageObject\",\"inLanguage\":\"en-US\",\"@id\":\"https:\\\/\\\/esthetiquenovani.com\\\/boutique\\\/gammes\\\/esthederm-meilleures-cremes-anti-rides-estheticienne-longueuil\\\/2-lotions-et-toniques\\\/esthederm-eau-cellulaire-lotion-essence\\\/#primaryimage\",\"url\":\"https:\\\/\\\/esthetiquenovani.com\\\/wp-content\\\/uploads\\\/2020\\\/10\\\/Eau-cellulaire-lotion-anti-pollution-Esthederm.png\",\"contentUrl\":\"https:\\\/\\\/esthetiquenovani.com\\\/wp-content\\\/uploads\\\/2020\\\/10\\\/Eau-cellulaire-lotion-anti-pollution-Esthederm.png\",\"width\":413,\"height\":455,\"caption\":\"Promotion Boutique en ligne esth\u00e9tique soins visage et corps Longueuil\"},{\"@type\":\"BreadcrumbList\",\"@id\":\"https:\\\/\\\/esthetiquenovani.com\\\/boutique\\\/gammes\\\/esthederm-meilleures-cremes-anti-rides-estheticienne-longueuil\\\/2-lotions-et-toniques\\\/esthederm-eau-cellulaire-lotion-essence\\\/#breadcrumb\",\"itemListElement\":[{\"@type\":\"ListItem\",\"position\":1,\"name\":\"Accueil\",\"item\":\"https:\\\/\\\/esthetiquenovani.com\\\/en\\\/\"},{\"@type\":\"ListItem\",\"position\":2,\"name\":\"Boutique\",\"item\":\"https:\\\/\\\/esthetiquenovani.com\\\/boutique\\\/\"},{\"@type\":\"ListItem\",\"position\":3,\"name\":\"Esthederm &#8211; Eau Cellulaire &#8211; Lotion Essence Detox\"}]},{\"@type\":\"WebSite\",\"@id\":\"https:\\\/\\\/esthetiquenovani.com\\\/#website\",\"url\":\"https:\\\/\\\/esthetiquenovani.com\\\/\",\"name\":\"Clinique d'Esth&eacute;tique Novani\",\"description\":\"Brossard, Longueil &amp; Chambly\",\"publisher\":{\"@id\":\"https:\\\/\\\/esthetiquenovani.com\\\/#organization\"},\"potentialAction\":[{\"@type\":\"SearchAction\",\"target\":{\"@type\":\"EntryPoint\",\"urlTemplate\":\"https:\\\/\\\/esthetiquenovani.com\\\/?s={search_term_string}\"},\"query-input\":{\"@type\":\"PropertyValueSpecification\",\"valueRequired\":true,\"valueName\":\"search_term_string\"}}],\"inLanguage\":\"en-US\"},{\"@type\":\"Organization\",\"@id\":\"https:\\\/\\\/esthetiquenovani.com\\\/#organization\",\"name\":\"Esth\u00e9tique Huguette Turcotte\",\"url\":\"https:\\\/\\\/esthetiquenovani.com\\\/\",\"logo\":{\"@type\":\"ImageObject\",\"inLanguage\":\"en-US\",\"@id\":\"https:\\\/\\\/esthetiquenovani.com\\\/#\\\/schema\\\/logo\\\/image\\\/\",\"url\":\"https:\\\/\\\/esthetiquenovani.com\\\/wp-content\\\/uploads\\\/2018\\\/01\\\/qui-sommes-nous.jpg\",\"contentUrl\":\"https:\\\/\\\/esthetiquenovani.com\\\/wp-content\\\/uploads\\\/2018\\\/01\\\/qui-sommes-nous.jpg\",\"width\":637,\"height\":425,\"caption\":\"Esth\u00e9tique Huguette Turcotte\"},\"image\":{\"@id\":\"https:\\\/\\\/esthetiquenovani.com\\\/#\\\/schema\\\/logo\\\/image\\\/\"},\"sameAs\":[\"https:\\\/\\\/www.facebook.com\\\/esthetiquehturcotte\"]}]}<\/script>\n<!-- \/ Yoast SEO plugin. -->","yoast_head_json":{"title":"Esthederm - Eau Cellulaire - Lotion Essence Detox &#8902; Clinique d'Esth&eacute;tique Novani","robots":{"index":"index","follow":"follow","max-snippet":"max-snippet:-1","max-image-preview":"max-image-preview:large","max-video-preview":"max-video-preview:-1"},"canonical":"https:\/\/esthetiquenovani.com\/boutique\/gammes\/esthederm-meilleures-cremes-anti-rides-estheticienne-longueuil\/2-lotions-et-toniques\/esthederm-eau-cellulaire-lotion-essence\/","og_locale":"en_US","og_type":"article","og_title":"Esthederm - Eau Cellulaire - Lotion Essence Detox &#8902; Clinique d'Esth&eacute;tique Novani","og_description":"Ce nouveau geste associe la fra\u00eecheur d\u2019une lotion \u00e0 l\u2019efficacit\u00e9 d\u2019un soin d\u2019exception. Enrichie en acide hyaluronique, sa texture ultra-l\u00e9g\u00e8re procure l\u2019effet \u201cglow\u201d d\u2019une peau gorg\u00e9e d\u2019eau.  BIENFAITS    La formule d\u00e9tox de la Lotion Essence rend la peau plus \u00e9clatante et plus r\u00e9sistante au stress. Le teint est lumineux, la peau ressourc\u00e9e. Instantan\u00e9ment hydrat\u00e9e, elle est plus r\u00e9ceptive aux soins.     CONSEILS D'APPLICATION    Appliquer matin et\/ou soir sur le visage et le cou parfaitement nettoy\u00e9s aux doigts ou \u00e0 l\u2019aide d\u2019un coton. Ce nouveau soin s\u2019applique avant tout s\u00e9rum ou toute cr\u00e8me.  125ml","og_url":"https:\/\/esthetiquenovani.com\/boutique\/gammes\/esthederm-meilleures-cremes-anti-rides-estheticienne-longueuil\/2-lotions-et-toniques\/esthederm-eau-cellulaire-lotion-essence\/","og_site_name":"Clinique d'Esth&eacute;tique Novani","article_publisher":"https:\/\/www.facebook.com\/esthetiquehturcotte","article_modified_time":"2024-01-03T19:34:26+00:00","og_image":[{"width":413,"height":455,"url":"https:\/\/esthetiquenovani.com\/wp-content\/uploads\/2020\/10\/Eau-cellulaire-lotion-anti-pollution-Esthederm.png","type":"image\/png"}],"twitter_card":"summary_large_image","schema":{"@context":"https:\/\/schema.org","@graph":[{"@type":"WebPage","@id":"https:\/\/esthetiquenovani.com\/boutique\/gammes\/esthederm-meilleures-cremes-anti-rides-estheticienne-longueuil\/2-lotions-et-toniques\/esthederm-eau-cellulaire-lotion-essence\/","url":"https:\/\/esthetiquenovani.com\/boutique\/gammes\/esthederm-meilleures-cremes-anti-rides-estheticienne-longueuil\/2-lotions-et-toniques\/esthederm-eau-cellulaire-lotion-essence\/","name":"Esthederm - Eau Cellulaire - Lotion Essence Detox &#8902; Clinique d'Esth&eacute;tique Novani","isPartOf":{"@id":"https:\/\/esthetiquenovani.com\/#website"},"primaryImageOfPage":{"@id":"https:\/\/esthetiquenovani.com\/boutique\/gammes\/esthederm-meilleures-cremes-anti-rides-estheticienne-longueuil\/2-lotions-et-toniques\/esthederm-eau-cellulaire-lotion-essence\/#primaryimage"},"image":{"@id":"https:\/\/esthetiquenovani.com\/boutique\/gammes\/esthederm-meilleures-cremes-anti-rides-estheticienne-longueuil\/2-lotions-et-toniques\/esthederm-eau-cellulaire-lotion-essence\/#primaryimage"},"thumbnailUrl":"https:\/\/esthetiquenovani.com\/wp-content\/uploads\/2020\/10\/Eau-cellulaire-lotion-anti-pollution-Esthederm.png","datePublished":"2020-10-08T02:47:37+00:00","dateModified":"2024-01-03T19:34:26+00:00","breadcrumb":{"@id":"https:\/\/esthetiquenovani.com\/boutique\/gammes\/esthederm-meilleures-cremes-anti-rides-estheticienne-longueuil\/2-lotions-et-toniques\/esthederm-eau-cellulaire-lotion-essence\/#breadcrumb"},"inLanguage":"en-US","potentialAction":[{"@type":"ReadAction","target":["https:\/\/esthetiquenovani.com\/boutique\/gammes\/esthederm-meilleures-cremes-anti-rides-estheticienne-longueuil\/2-lotions-et-toniques\/esthederm-eau-cellulaire-lotion-essence\/"]}]},{"@type":"ImageObject","inLanguage":"en-US","@id":"https:\/\/esthetiquenovani.com\/boutique\/gammes\/esthederm-meilleures-cremes-anti-rides-estheticienne-longueuil\/2-lotions-et-toniques\/esthederm-eau-cellulaire-lotion-essence\/#primaryimage","url":"https:\/\/esthetiquenovani.com\/wp-content\/uploads\/2020\/10\/Eau-cellulaire-lotion-anti-pollution-Esthederm.png","contentUrl":"https:\/\/esthetiquenovani.com\/wp-content\/uploads\/2020\/10\/Eau-cellulaire-lotion-anti-pollution-Esthederm.png","width":413,"height":455,"caption":"Promotion Boutique en ligne esth\u00e9tique soins visage et corps Longueuil"},{"@type":"BreadcrumbList","@id":"https:\/\/esthetiquenovani.com\/boutique\/gammes\/esthederm-meilleures-cremes-anti-rides-estheticienne-longueuil\/2-lotions-et-toniques\/esthederm-eau-cellulaire-lotion-essence\/#breadcrumb","itemListElement":[{"@type":"ListItem","position":1,"name":"Accueil","item":"https:\/\/esthetiquenovani.com\/en\/"},{"@type":"ListItem","position":2,"name":"Boutique","item":"https:\/\/esthetiquenovani.com\/boutique\/"},{"@type":"ListItem","position":3,"name":"Esthederm &#8211; Eau Cellulaire &#8211; Lotion Essence Detox"}]},{"@type":"WebSite","@id":"https:\/\/esthetiquenovani.com\/#website","url":"https:\/\/esthetiquenovani.com\/","name":"Clinique d'Esth&eacute;tique Novani","description":"Brossard, Longueil &amp; Chambly","publisher":{"@id":"https:\/\/esthetiquenovani.com\/#organization"},"potentialAction":[{"@type":"SearchAction","target":{"@type":"EntryPoint","urlTemplate":"https:\/\/esthetiquenovani.com\/?s={search_term_string}"},"query-input":{"@type":"PropertyValueSpecification","valueRequired":true,"valueName":"search_term_string"}}],"inLanguage":"en-US"},{"@type":"Organization","@id":"https:\/\/esthetiquenovani.com\/#organization","name":"Esth\u00e9tique Huguette Turcotte","url":"https:\/\/esthetiquenovani.com\/","logo":{"@type":"ImageObject","inLanguage":"en-US","@id":"https:\/\/esthetiquenovani.com\/#\/schema\/logo\/image\/","url":"https:\/\/esthetiquenovani.com\/wp-content\/uploads\/2018\/01\/qui-sommes-nous.jpg","contentUrl":"https:\/\/esthetiquenovani.com\/wp-content\/uploads\/2018\/01\/qui-sommes-nous.jpg","width":637,"height":425,"caption":"Esth\u00e9tique Huguette Turcotte"},"image":{"@id":"https:\/\/esthetiquenovani.com\/#\/schema\/logo\/image\/"},"sameAs":["https:\/\/www.facebook.com\/esthetiquehturcotte"]}]}},"_links":{"self":[{"href":"https:\/\/esthetiquenovani.com\/en\/wp-json\/wp\/v2\/product\/6968","targetHints":{"allow":["GET"]}}],"collection":[{"href":"https:\/\/esthetiquenovani.com\/en\/wp-json\/wp\/v2\/product"}],"about":[{"href":"https:\/\/esthetiquenovani.com\/en\/wp-json\/wp\/v2\/types\/product"}],"wp:featuredmedia":[{"embeddable":true,"href":"https:\/\/esthetiquenovani.com\/en\/wp-json\/wp\/v2\/media\/6969"}],"wp:attachment":[{"href":"https:\/\/esthetiquenovani.com\/en\/wp-json\/wp\/v2\/media?parent=6968"}],"wp:term":[{"taxonomy":"product_brand","embeddable":true,"href":"https:\/\/esthetiquenovani.com\/en\/wp-json\/wp\/v2\/product_brand?post=6968"},{"taxonomy":"product_cat","embeddable":true,"href":"https:\/\/esthetiquenovani.com\/en\/wp-json\/wp\/v2\/product_cat?post=6968"},{"taxonomy":"product_tag","embeddable":true,"href":"https:\/\/esthetiquenovani.com\/en\/wp-json\/wp\/v2\/product_tag?post=6968"}],"curies":[{"name":"wp","href":"https:\/\/api.w.org\/{rel}","templated":true}]}}