{"id":6970,"date":"2020-10-07T22:56:18","date_gmt":"2020-10-08T02:56:18","guid":{"rendered":"https:\/\/esthetiquenovani.com\/?post_type=product&#038;p=6970"},"modified":"2025-12-30T12:47:32","modified_gmt":"2025-12-30T17:47:32","slug":"esthederm-concentre-cellulaire-serum-fondamental","status":"publish","type":"product","link":"https:\/\/esthetiquenovani.com\/en\/boutique\/gammes\/esthederm-meilleures-cremes-anti-rides-estheticienne-longueuil\/3-serums-et-concentres\/esthederm-concentre-cellulaire-serum-fondamental\/","title":{"rendered":"Esthederm &#8211; Concentr\u00e9 Cellulaire s\u00e9rum Fondamental"},"content":{"rendered":"","protected":false},"excerpt":{"rendered":"<p>S\u00e9rum concentr\u00e9 universel, enrichi en Eau Cellulaire pour hydrater, apaiser et cibler tous types de dysfonctionnements cutan\u00e9s.\u00a0 R\u00e9\u00e9quilibre la flore cutan\u00e9e pour diminuer progressivement les principaux types de dysfonctionnements : s\u00e9cheresse, brillance, d\u00e9shydratation, sensibilit\u00e9, apparence des rougeurs.<\/p>\n<div class=\"product__collapse \">\n<p class=\"h5\">CONSEILS D&#8217;APPLICATION<\/p>\n<div id=\"benefitsd'application\" class=\"product__collapse-panel\">\n<p>Appliquer matin et soir sur l\u2019ensemble du visage, cou et d\u00e9collet\u00e9. S\u2019utilise seul ou en dessous des soins Pr\u00e9vention Jeunesse pour optimiser leur efficacit\u00e9 et accro\u00eetre les r\u00e9sultats.<\/p>\n<p>30ml<\/p>\n<\/div>\n<\/div>\n","protected":false},"featured_media":6971,"template":"","meta":{"_et_pb_use_builder":"","_et_pb_old_content":"","_et_gb_content_width":""},"product_brand":[],"product_cat":[98,51,50,55,52,56,48,59],"product_tag":[],"class_list":{"0":"post-6970","1":"product","2":"type-product","3":"status-publish","4":"has-post-thumbnail","6":"product_cat-3-serums-et-concentres","7":"product_cat-deshydratation-et-secheresse","8":"product_cat-esthederm-meilleures-cremes-anti-rides-estheticienne-longueuil","9":"product_cat-jeunesse-prevention","10":"product_cat-peau-grasse-et-pores-dilates","11":"product_cat-premiers-signes-de-lage","12":"product_cat-sensibilites-et-rougeurs","13":"product_cat-serums","15":"first","16":"instock","17":"taxable","18":"shipping-taxable","19":"purchasable","20":"product-type-simple"},"yoast_head":"<!-- This site is optimized with the Yoast SEO plugin v27.4 - https:\/\/yoast.com\/product\/yoast-seo-wordpress\/ -->\n<title>Esthederm - S\u00e9rum fondamental toutes peaux - Concentr\u00e9 Cellulaire<\/title>\n<meta name=\"description\" content=\"S\u00e9rum universel r\u00e9\u00e9quilibrant les principaux types de dysfonctionnements : s\u00e9cheresse, brillance, d\u00e9shydratation, sensibilit\u00e9, rougeurs\" \/>\n<meta name=\"robots\" content=\"index, follow, max-snippet:-1, max-image-preview:large, max-video-preview:-1\" \/>\n<link rel=\"canonical\" href=\"https:\/\/esthetiquenovani.com\/boutique\/gammes\/esthederm-meilleures-cremes-anti-rides-estheticienne-longueuil\/3-serums-et-concentres\/esthederm-concentre-cellulaire-serum-fondamental\/\" \/>\n<meta property=\"og:locale\" content=\"en_US\" \/>\n<meta property=\"og:type\" content=\"article\" \/>\n<meta property=\"og:title\" content=\"Esthederm - S\u00e9rum fondamental toutes peaux - Concentr\u00e9 Cellulaire\" \/>\n<meta property=\"og:description\" content=\"S\u00e9rum universel r\u00e9\u00e9quilibrant les principaux types de dysfonctionnements : s\u00e9cheresse, brillance, d\u00e9shydratation, sensibilit\u00e9, rougeurs\" \/>\n<meta property=\"og:url\" content=\"https:\/\/esthetiquenovani.com\/boutique\/gammes\/esthederm-meilleures-cremes-anti-rides-estheticienne-longueuil\/3-serums-et-concentres\/esthederm-concentre-cellulaire-serum-fondamental\/\" \/>\n<meta property=\"og:site_name\" content=\"Clinique d&#039;Esth&eacute;tique Novani\" \/>\n<meta property=\"article:publisher\" content=\"https:\/\/www.facebook.com\/esthetiquehturcotte\" \/>\n<meta property=\"article:modified_time\" content=\"2025-12-30T17:47:32+00:00\" \/>\n<meta property=\"og:image\" content=\"https:\/\/esthetiquenovani.com\/wp-content\/uploads\/2020\/10\/v7001-concentre-cellulaire-serum-1080x1080-1.png\" \/>\n\t<meta property=\"og:image:width\" content=\"1080\" \/>\n\t<meta property=\"og:image:height\" content=\"1080\" \/>\n\t<meta property=\"og:image:type\" content=\"image\/png\" \/>\n<meta name=\"twitter:card\" content=\"summary_large_image\" \/>\n<script type=\"application\/ld+json\" class=\"yoast-schema-graph\">{\"@context\":\"https:\\\/\\\/schema.org\",\"@graph\":[{\"@type\":\"WebPage\",\"@id\":\"https:\\\/\\\/esthetiquenovani.com\\\/boutique\\\/gammes\\\/esthederm-meilleures-cremes-anti-rides-estheticienne-longueuil\\\/3-serums-et-concentres\\\/esthederm-concentre-cellulaire-serum-fondamental\\\/\",\"url\":\"https:\\\/\\\/esthetiquenovani.com\\\/boutique\\\/gammes\\\/esthederm-meilleures-cremes-anti-rides-estheticienne-longueuil\\\/3-serums-et-concentres\\\/esthederm-concentre-cellulaire-serum-fondamental\\\/\",\"name\":\"Esthederm - S\u00e9rum fondamental toutes peaux - Concentr\u00e9 Cellulaire\",\"isPartOf\":{\"@id\":\"https:\\\/\\\/esthetiquenovani.com\\\/#website\"},\"primaryImageOfPage\":{\"@id\":\"https:\\\/\\\/esthetiquenovani.com\\\/boutique\\\/gammes\\\/esthederm-meilleures-cremes-anti-rides-estheticienne-longueuil\\\/3-serums-et-concentres\\\/esthederm-concentre-cellulaire-serum-fondamental\\\/#primaryimage\"},\"image\":{\"@id\":\"https:\\\/\\\/esthetiquenovani.com\\\/boutique\\\/gammes\\\/esthederm-meilleures-cremes-anti-rides-estheticienne-longueuil\\\/3-serums-et-concentres\\\/esthederm-concentre-cellulaire-serum-fondamental\\\/#primaryimage\"},\"thumbnailUrl\":\"https:\\\/\\\/esthetiquenovani.com\\\/wp-content\\\/uploads\\\/2020\\\/10\\\/v7001-concentre-cellulaire-serum-1080x1080-1.png\",\"datePublished\":\"2020-10-08T02:56:18+00:00\",\"dateModified\":\"2025-12-30T17:47:32+00:00\",\"description\":\"S\u00e9rum universel r\u00e9\u00e9quilibrant les principaux types de dysfonctionnements : s\u00e9cheresse, brillance, d\u00e9shydratation, sensibilit\u00e9, rougeurs\",\"breadcrumb\":{\"@id\":\"https:\\\/\\\/esthetiquenovani.com\\\/boutique\\\/gammes\\\/esthederm-meilleures-cremes-anti-rides-estheticienne-longueuil\\\/3-serums-et-concentres\\\/esthederm-concentre-cellulaire-serum-fondamental\\\/#breadcrumb\"},\"inLanguage\":\"en-US\",\"potentialAction\":[{\"@type\":\"ReadAction\",\"target\":[\"https:\\\/\\\/esthetiquenovani.com\\\/boutique\\\/gammes\\\/esthederm-meilleures-cremes-anti-rides-estheticienne-longueuil\\\/3-serums-et-concentres\\\/esthederm-concentre-cellulaire-serum-fondamental\\\/\"]}]},{\"@type\":\"ImageObject\",\"inLanguage\":\"en-US\",\"@id\":\"https:\\\/\\\/esthetiquenovani.com\\\/boutique\\\/gammes\\\/esthederm-meilleures-cremes-anti-rides-estheticienne-longueuil\\\/3-serums-et-concentres\\\/esthederm-concentre-cellulaire-serum-fondamental\\\/#primaryimage\",\"url\":\"https:\\\/\\\/esthetiquenovani.com\\\/wp-content\\\/uploads\\\/2020\\\/10\\\/v7001-concentre-cellulaire-serum-1080x1080-1.png\",\"contentUrl\":\"https:\\\/\\\/esthetiquenovani.com\\\/wp-content\\\/uploads\\\/2020\\\/10\\\/v7001-concentre-cellulaire-serum-1080x1080-1.png\",\"width\":1080,\"height\":1080,\"caption\":\"Esthederm Promotion Boutique en ligne esth\u00e9tique soins visage et corps Longueuil\"},{\"@type\":\"BreadcrumbList\",\"@id\":\"https:\\\/\\\/esthetiquenovani.com\\\/boutique\\\/gammes\\\/esthederm-meilleures-cremes-anti-rides-estheticienne-longueuil\\\/3-serums-et-concentres\\\/esthederm-concentre-cellulaire-serum-fondamental\\\/#breadcrumb\",\"itemListElement\":[{\"@type\":\"ListItem\",\"position\":1,\"name\":\"Accueil\",\"item\":\"https:\\\/\\\/esthetiquenovani.com\\\/en\\\/\"},{\"@type\":\"ListItem\",\"position\":2,\"name\":\"Boutique\",\"item\":\"https:\\\/\\\/esthetiquenovani.com\\\/boutique\\\/\"},{\"@type\":\"ListItem\",\"position\":3,\"name\":\"Esthederm &#8211; Concentr\u00e9 Cellulaire s\u00e9rum Fondamental\"}]},{\"@type\":\"WebSite\",\"@id\":\"https:\\\/\\\/esthetiquenovani.com\\\/#website\",\"url\":\"https:\\\/\\\/esthetiquenovani.com\\\/\",\"name\":\"Clinique d'Esth&eacute;tique Novani\",\"description\":\"Brossard, Longueil &amp; Chambly\",\"publisher\":{\"@id\":\"https:\\\/\\\/esthetiquenovani.com\\\/#organization\"},\"potentialAction\":[{\"@type\":\"SearchAction\",\"target\":{\"@type\":\"EntryPoint\",\"urlTemplate\":\"https:\\\/\\\/esthetiquenovani.com\\\/?s={search_term_string}\"},\"query-input\":{\"@type\":\"PropertyValueSpecification\",\"valueRequired\":true,\"valueName\":\"search_term_string\"}}],\"inLanguage\":\"en-US\"},{\"@type\":\"Organization\",\"@id\":\"https:\\\/\\\/esthetiquenovani.com\\\/#organization\",\"name\":\"Esth\u00e9tique Huguette Turcotte\",\"url\":\"https:\\\/\\\/esthetiquenovani.com\\\/\",\"logo\":{\"@type\":\"ImageObject\",\"inLanguage\":\"en-US\",\"@id\":\"https:\\\/\\\/esthetiquenovani.com\\\/#\\\/schema\\\/logo\\\/image\\\/\",\"url\":\"https:\\\/\\\/esthetiquenovani.com\\\/wp-content\\\/uploads\\\/2018\\\/01\\\/qui-sommes-nous.jpg\",\"contentUrl\":\"https:\\\/\\\/esthetiquenovani.com\\\/wp-content\\\/uploads\\\/2018\\\/01\\\/qui-sommes-nous.jpg\",\"width\":637,\"height\":425,\"caption\":\"Esth\u00e9tique Huguette Turcotte\"},\"image\":{\"@id\":\"https:\\\/\\\/esthetiquenovani.com\\\/#\\\/schema\\\/logo\\\/image\\\/\"},\"sameAs\":[\"https:\\\/\\\/www.facebook.com\\\/esthetiquehturcotte\"]}]}<\/script>\n<!-- \/ Yoast SEO plugin. -->","yoast_head_json":{"title":"Esthederm - S\u00e9rum fondamental toutes peaux - Concentr\u00e9 Cellulaire","description":"S\u00e9rum universel r\u00e9\u00e9quilibrant les principaux types de dysfonctionnements : s\u00e9cheresse, brillance, d\u00e9shydratation, sensibilit\u00e9, rougeurs","robots":{"index":"index","follow":"follow","max-snippet":"max-snippet:-1","max-image-preview":"max-image-preview:large","max-video-preview":"max-video-preview:-1"},"canonical":"https:\/\/esthetiquenovani.com\/boutique\/gammes\/esthederm-meilleures-cremes-anti-rides-estheticienne-longueuil\/3-serums-et-concentres\/esthederm-concentre-cellulaire-serum-fondamental\/","og_locale":"en_US","og_type":"article","og_title":"Esthederm - S\u00e9rum fondamental toutes peaux - Concentr\u00e9 Cellulaire","og_description":"S\u00e9rum universel r\u00e9\u00e9quilibrant les principaux types de dysfonctionnements : s\u00e9cheresse, brillance, d\u00e9shydratation, sensibilit\u00e9, rougeurs","og_url":"https:\/\/esthetiquenovani.com\/boutique\/gammes\/esthederm-meilleures-cremes-anti-rides-estheticienne-longueuil\/3-serums-et-concentres\/esthederm-concentre-cellulaire-serum-fondamental\/","og_site_name":"Clinique d'Esth&eacute;tique Novani","article_publisher":"https:\/\/www.facebook.com\/esthetiquehturcotte","article_modified_time":"2025-12-30T17:47:32+00:00","og_image":[{"width":1080,"height":1080,"url":"https:\/\/esthetiquenovani.com\/wp-content\/uploads\/2020\/10\/v7001-concentre-cellulaire-serum-1080x1080-1.png","type":"image\/png"}],"twitter_card":"summary_large_image","schema":{"@context":"https:\/\/schema.org","@graph":[{"@type":"WebPage","@id":"https:\/\/esthetiquenovani.com\/boutique\/gammes\/esthederm-meilleures-cremes-anti-rides-estheticienne-longueuil\/3-serums-et-concentres\/esthederm-concentre-cellulaire-serum-fondamental\/","url":"https:\/\/esthetiquenovani.com\/boutique\/gammes\/esthederm-meilleures-cremes-anti-rides-estheticienne-longueuil\/3-serums-et-concentres\/esthederm-concentre-cellulaire-serum-fondamental\/","name":"Esthederm - S\u00e9rum fondamental toutes peaux - Concentr\u00e9 Cellulaire","isPartOf":{"@id":"https:\/\/esthetiquenovani.com\/#website"},"primaryImageOfPage":{"@id":"https:\/\/esthetiquenovani.com\/boutique\/gammes\/esthederm-meilleures-cremes-anti-rides-estheticienne-longueuil\/3-serums-et-concentres\/esthederm-concentre-cellulaire-serum-fondamental\/#primaryimage"},"image":{"@id":"https:\/\/esthetiquenovani.com\/boutique\/gammes\/esthederm-meilleures-cremes-anti-rides-estheticienne-longueuil\/3-serums-et-concentres\/esthederm-concentre-cellulaire-serum-fondamental\/#primaryimage"},"thumbnailUrl":"https:\/\/esthetiquenovani.com\/wp-content\/uploads\/2020\/10\/v7001-concentre-cellulaire-serum-1080x1080-1.png","datePublished":"2020-10-08T02:56:18+00:00","dateModified":"2025-12-30T17:47:32+00:00","description":"S\u00e9rum universel r\u00e9\u00e9quilibrant les principaux types de dysfonctionnements : s\u00e9cheresse, brillance, d\u00e9shydratation, sensibilit\u00e9, rougeurs","breadcrumb":{"@id":"https:\/\/esthetiquenovani.com\/boutique\/gammes\/esthederm-meilleures-cremes-anti-rides-estheticienne-longueuil\/3-serums-et-concentres\/esthederm-concentre-cellulaire-serum-fondamental\/#breadcrumb"},"inLanguage":"en-US","potentialAction":[{"@type":"ReadAction","target":["https:\/\/esthetiquenovani.com\/boutique\/gammes\/esthederm-meilleures-cremes-anti-rides-estheticienne-longueuil\/3-serums-et-concentres\/esthederm-concentre-cellulaire-serum-fondamental\/"]}]},{"@type":"ImageObject","inLanguage":"en-US","@id":"https:\/\/esthetiquenovani.com\/boutique\/gammes\/esthederm-meilleures-cremes-anti-rides-estheticienne-longueuil\/3-serums-et-concentres\/esthederm-concentre-cellulaire-serum-fondamental\/#primaryimage","url":"https:\/\/esthetiquenovani.com\/wp-content\/uploads\/2020\/10\/v7001-concentre-cellulaire-serum-1080x1080-1.png","contentUrl":"https:\/\/esthetiquenovani.com\/wp-content\/uploads\/2020\/10\/v7001-concentre-cellulaire-serum-1080x1080-1.png","width":1080,"height":1080,"caption":"Esthederm Promotion Boutique en ligne esth\u00e9tique soins visage et corps Longueuil"},{"@type":"BreadcrumbList","@id":"https:\/\/esthetiquenovani.com\/boutique\/gammes\/esthederm-meilleures-cremes-anti-rides-estheticienne-longueuil\/3-serums-et-concentres\/esthederm-concentre-cellulaire-serum-fondamental\/#breadcrumb","itemListElement":[{"@type":"ListItem","position":1,"name":"Accueil","item":"https:\/\/esthetiquenovani.com\/en\/"},{"@type":"ListItem","position":2,"name":"Boutique","item":"https:\/\/esthetiquenovani.com\/boutique\/"},{"@type":"ListItem","position":3,"name":"Esthederm &#8211; Concentr\u00e9 Cellulaire s\u00e9rum Fondamental"}]},{"@type":"WebSite","@id":"https:\/\/esthetiquenovani.com\/#website","url":"https:\/\/esthetiquenovani.com\/","name":"Clinique d'Esth&eacute;tique Novani","description":"Brossard, Longueil &amp; Chambly","publisher":{"@id":"https:\/\/esthetiquenovani.com\/#organization"},"potentialAction":[{"@type":"SearchAction","target":{"@type":"EntryPoint","urlTemplate":"https:\/\/esthetiquenovani.com\/?s={search_term_string}"},"query-input":{"@type":"PropertyValueSpecification","valueRequired":true,"valueName":"search_term_string"}}],"inLanguage":"en-US"},{"@type":"Organization","@id":"https:\/\/esthetiquenovani.com\/#organization","name":"Esth\u00e9tique Huguette Turcotte","url":"https:\/\/esthetiquenovani.com\/","logo":{"@type":"ImageObject","inLanguage":"en-US","@id":"https:\/\/esthetiquenovani.com\/#\/schema\/logo\/image\/","url":"https:\/\/esthetiquenovani.com\/wp-content\/uploads\/2018\/01\/qui-sommes-nous.jpg","contentUrl":"https:\/\/esthetiquenovani.com\/wp-content\/uploads\/2018\/01\/qui-sommes-nous.jpg","width":637,"height":425,"caption":"Esth\u00e9tique Huguette Turcotte"},"image":{"@id":"https:\/\/esthetiquenovani.com\/#\/schema\/logo\/image\/"},"sameAs":["https:\/\/www.facebook.com\/esthetiquehturcotte"]}]}},"_links":{"self":[{"href":"https:\/\/esthetiquenovani.com\/en\/wp-json\/wp\/v2\/product\/6970","targetHints":{"allow":["GET"]}}],"collection":[{"href":"https:\/\/esthetiquenovani.com\/en\/wp-json\/wp\/v2\/product"}],"about":[{"href":"https:\/\/esthetiquenovani.com\/en\/wp-json\/wp\/v2\/types\/product"}],"wp:featuredmedia":[{"embeddable":true,"href":"https:\/\/esthetiquenovani.com\/en\/wp-json\/wp\/v2\/media\/6971"}],"wp:attachment":[{"href":"https:\/\/esthetiquenovani.com\/en\/wp-json\/wp\/v2\/media?parent=6970"}],"wp:term":[{"taxonomy":"product_brand","embeddable":true,"href":"https:\/\/esthetiquenovani.com\/en\/wp-json\/wp\/v2\/product_brand?post=6970"},{"taxonomy":"product_cat","embeddable":true,"href":"https:\/\/esthetiquenovani.com\/en\/wp-json\/wp\/v2\/product_cat?post=6970"},{"taxonomy":"product_tag","embeddable":true,"href":"https:\/\/esthetiquenovani.com\/en\/wp-json\/wp\/v2\/product_tag?post=6970"}],"curies":[{"name":"wp","href":"https:\/\/api.w.org\/{rel}","templated":true}]}}