{"id":7056,"date":"2020-11-02T20:08:21","date_gmt":"2020-11-03T01:08:21","guid":{"rendered":"https:\/\/esthetiquenovani.com\/?post_type=product&#038;p=7056"},"modified":"2023-11-20T17:16:09","modified_gmt":"2023-11-20T22:16:09","slug":"dr-renaud-lait-corps-hydratation-intense-bionutrition","status":"publish","type":"product","link":"https:\/\/esthetiquenovani.com\/en\/boutique\/gammes\/laboratoire-dr-renaud\/5-cremes-contour-des-yeux\/dr-renaud-lait-corps-hydratation-intense-bionutrition\/","title":{"rendered":"Dr Renaud &#8211;  Lait corps hydratation intense BioNutrition"},"content":{"rendered":"","protected":false},"excerpt":{"rendered":"<ul>\n<li>Apaise les d\u00e9mangeaisons caus\u00e9es par une peau s\u00e8che et\/ou d\u00e9shydrat\u00e9e<\/li>\n<li>Am\u00e9liore l\u2019aspect squameux et rend la surface de la peau plus lisse<\/li>\n<li>Augmente l\u2019\u00e9lasticit\u00e9, corrige et pr\u00e9vient le vieillissement pr\u00e9matur\u00e9 de la peau<\/li>\n<li>Renforce la fonction de protection naturelle en r\u00e9\u00e9quilibrant le microbiote de la peau<\/li>\n<\/ul>\n<p>Le lait corps BioNutrition conf\u00e8re une hydratation quotidienne qui r\u00e9pond aux besoins de votre peau. Cette \u00e9mulsion fluide renferme 3,5% d\u2019ur\u00e9e, 5,5% d\u2019hydroxy\u00e9thyl ur\u00e9e et des agents \u00e9mollients comme l\u2019huile de Purcelline pour permettre la r\u00e9g\u00e9n\u00e9ration instantan\u00e9e du film hydrolipidique, ainsi que du niacinamide pour stimuler l\u2019autor\u00e9g\u00e9n\u00e9ration de la barri\u00e8re cutan\u00e9e tout en nourrissant la peau en profondeur afin d\u2019att\u00e9nuer et pr\u00e9venir les signes visibles de vieillissement acc\u00e9l\u00e9r\u00e9.<\/p>\n<table class=\"table\">\n<tbody>\n<tr>\n<td>Conseils d&#8217;utilisation<\/td>\n<td>Appliquer deux fois par jour sur une peau pr\u00e9alablement nettoy\u00e9e et l\u00e9g\u00e8rement humide.<\/p>\n<p>Mises en garde : Pour usage externe seulement. \u00c9viter le contact direct avec les yeux et les muqueuses. Garder hors de la port\u00e9e des enfants. Garder dans un endroit frais et de pr\u00e9f\u00e9rence \u00e0 l\u2019abri de la lumi\u00e8re.<\/td>\n<\/tr>\n<tr>\n<td>Format du produit<\/td>\n<td>225 ml<\/td>\n<\/tr>\n<\/tbody>\n<\/table>\n","protected":false},"featured_media":7060,"template":"","meta":{"_et_pb_use_builder":"","_et_pb_old_content":"","_et_gb_content_width":""},"product_brand":[],"product_cat":[111,62,51,72,68,48,54],"product_tag":[],"class_list":{"0":"post-7056","1":"product","2":"type-product","3":"status-publish","4":"has-post-thumbnail","6":"product_cat-5-cremes-contour-des-yeux","7":"product_cat-cremes","8":"product_cat-deshydratation-et-secheresse","9":"product_cat-esthederm-joli-body","10":"product_cat-laboratoire-dr-renaud","11":"product_cat-sensibilites-et-rougeurs","12":"product_cat-yeux-cou-levres-mains","14":"first","15":"onbackorder","16":"taxable","17":"shipping-taxable","18":"purchasable","19":"product-type-simple"},"yoast_head":"<!-- This site is optimized with the Yoast SEO plugin v27.4 - https:\/\/yoast.com\/product\/yoast-seo-wordpress\/ -->\n<title>Lait corps BioNutrition - hydratation &amp; nutrition intense- produit qu\u00e9b\u00e9cois<\/title>\n<meta name=\"description\" content=\"Apaise les d\u00e9mangeaisons caus\u00e9es par une peau s\u00e8che ou d\u00e9shydrat\u00e9e. Augmente l\u2019\u00e9lasticit\u00e9, pr\u00e9vient le vieillissement pr\u00e9matur\u00e9de la peau.\" \/>\n<meta name=\"robots\" content=\"index, follow, max-snippet:-1, max-image-preview:large, max-video-preview:-1\" \/>\n<link rel=\"canonical\" href=\"https:\/\/esthetiquenovani.com\/boutique\/gammes\/laboratoire-dr-renaud\/5-cremes-contour-des-yeux\/dr-renaud-lait-corps-hydratation-intense-bionutrition\/\" \/>\n<meta property=\"og:locale\" content=\"en_US\" \/>\n<meta property=\"og:type\" content=\"article\" \/>\n<meta property=\"og:title\" content=\"Lait corps BioNutrition - hydratation &amp; nutrition intense- produit qu\u00e9b\u00e9cois\" \/>\n<meta property=\"og:description\" content=\"Apaise les d\u00e9mangeaisons caus\u00e9es par une peau s\u00e8che ou d\u00e9shydrat\u00e9e. Augmente l\u2019\u00e9lasticit\u00e9, pr\u00e9vient le vieillissement pr\u00e9matur\u00e9de la peau.\" \/>\n<meta property=\"og:url\" content=\"https:\/\/esthetiquenovani.com\/boutique\/gammes\/laboratoire-dr-renaud\/5-cremes-contour-des-yeux\/dr-renaud-lait-corps-hydratation-intense-bionutrition\/\" \/>\n<meta property=\"og:site_name\" content=\"Clinique d&#039;Esth&eacute;tique Novani\" \/>\n<meta property=\"article:publisher\" content=\"https:\/\/www.facebook.com\/esthetiquehturcotte\" \/>\n<meta property=\"article:modified_time\" content=\"2023-11-20T22:16:09+00:00\" \/>\n<meta property=\"og:image\" content=\"https:\/\/esthetiquenovani.com\/wp-content\/uploads\/2020\/11\/BioNutrition-promo-launch-lancement_1000x1000px-002.jpg\" \/>\n\t<meta property=\"og:image:width\" content=\"1000\" \/>\n\t<meta property=\"og:image:height\" content=\"1000\" \/>\n\t<meta property=\"og:image:type\" content=\"image\/jpeg\" \/>\n<meta name=\"twitter:card\" content=\"summary_large_image\" \/>\n<script type=\"application\/ld+json\" class=\"yoast-schema-graph\">{\"@context\":\"https:\\\/\\\/schema.org\",\"@graph\":[{\"@type\":\"WebPage\",\"@id\":\"https:\\\/\\\/esthetiquenovani.com\\\/boutique\\\/gammes\\\/laboratoire-dr-renaud\\\/5-cremes-contour-des-yeux\\\/dr-renaud-lait-corps-hydratation-intense-bionutrition\\\/\",\"url\":\"https:\\\/\\\/esthetiquenovani.com\\\/boutique\\\/gammes\\\/laboratoire-dr-renaud\\\/5-cremes-contour-des-yeux\\\/dr-renaud-lait-corps-hydratation-intense-bionutrition\\\/\",\"name\":\"Lait corps BioNutrition - hydratation & nutrition intense- produit qu\u00e9b\u00e9cois\",\"isPartOf\":{\"@id\":\"https:\\\/\\\/esthetiquenovani.com\\\/#website\"},\"primaryImageOfPage\":{\"@id\":\"https:\\\/\\\/esthetiquenovani.com\\\/boutique\\\/gammes\\\/laboratoire-dr-renaud\\\/5-cremes-contour-des-yeux\\\/dr-renaud-lait-corps-hydratation-intense-bionutrition\\\/#primaryimage\"},\"image\":{\"@id\":\"https:\\\/\\\/esthetiquenovani.com\\\/boutique\\\/gammes\\\/laboratoire-dr-renaud\\\/5-cremes-contour-des-yeux\\\/dr-renaud-lait-corps-hydratation-intense-bionutrition\\\/#primaryimage\"},\"thumbnailUrl\":\"https:\\\/\\\/esthetiquenovani.com\\\/wp-content\\\/uploads\\\/2020\\\/11\\\/BioNutrition-promo-launch-lancement_1000x1000px-002.jpg\",\"datePublished\":\"2020-11-03T01:08:21+00:00\",\"dateModified\":\"2023-11-20T22:16:09+00:00\",\"description\":\"Apaise les d\u00e9mangeaisons caus\u00e9es par une peau s\u00e8che ou d\u00e9shydrat\u00e9e. Augmente l\u2019\u00e9lasticit\u00e9, pr\u00e9vient le vieillissement pr\u00e9matur\u00e9de la peau.\",\"breadcrumb\":{\"@id\":\"https:\\\/\\\/esthetiquenovani.com\\\/boutique\\\/gammes\\\/laboratoire-dr-renaud\\\/5-cremes-contour-des-yeux\\\/dr-renaud-lait-corps-hydratation-intense-bionutrition\\\/#breadcrumb\"},\"inLanguage\":\"en-US\",\"potentialAction\":[{\"@type\":\"ReadAction\",\"target\":[\"https:\\\/\\\/esthetiquenovani.com\\\/boutique\\\/gammes\\\/laboratoire-dr-renaud\\\/5-cremes-contour-des-yeux\\\/dr-renaud-lait-corps-hydratation-intense-bionutrition\\\/\"]}]},{\"@type\":\"ImageObject\",\"inLanguage\":\"en-US\",\"@id\":\"https:\\\/\\\/esthetiquenovani.com\\\/boutique\\\/gammes\\\/laboratoire-dr-renaud\\\/5-cremes-contour-des-yeux\\\/dr-renaud-lait-corps-hydratation-intense-bionutrition\\\/#primaryimage\",\"url\":\"https:\\\/\\\/esthetiquenovani.com\\\/wp-content\\\/uploads\\\/2020\\\/11\\\/BioNutrition-promo-launch-lancement_1000x1000px-002.jpg\",\"contentUrl\":\"https:\\\/\\\/esthetiquenovani.com\\\/wp-content\\\/uploads\\\/2020\\\/11\\\/BioNutrition-promo-launch-lancement_1000x1000px-002.jpg\",\"width\":1000,\"height\":1000,\"caption\":\"Promotion Boutique en ligne esth\u00e9tique soins visage et corps Longueuil\"},{\"@type\":\"BreadcrumbList\",\"@id\":\"https:\\\/\\\/esthetiquenovani.com\\\/boutique\\\/gammes\\\/laboratoire-dr-renaud\\\/5-cremes-contour-des-yeux\\\/dr-renaud-lait-corps-hydratation-intense-bionutrition\\\/#breadcrumb\",\"itemListElement\":[{\"@type\":\"ListItem\",\"position\":1,\"name\":\"Accueil\",\"item\":\"https:\\\/\\\/esthetiquenovani.com\\\/en\\\/\"},{\"@type\":\"ListItem\",\"position\":2,\"name\":\"Boutique\",\"item\":\"https:\\\/\\\/esthetiquenovani.com\\\/boutique\\\/\"},{\"@type\":\"ListItem\",\"position\":3,\"name\":\"Dr Renaud &#8211; Lait corps hydratation intense BioNutrition\"}]},{\"@type\":\"WebSite\",\"@id\":\"https:\\\/\\\/esthetiquenovani.com\\\/#website\",\"url\":\"https:\\\/\\\/esthetiquenovani.com\\\/\",\"name\":\"Clinique d'Esth&eacute;tique Novani\",\"description\":\"Brossard, Longueil &amp; Chambly\",\"publisher\":{\"@id\":\"https:\\\/\\\/esthetiquenovani.com\\\/#organization\"},\"potentialAction\":[{\"@type\":\"SearchAction\",\"target\":{\"@type\":\"EntryPoint\",\"urlTemplate\":\"https:\\\/\\\/esthetiquenovani.com\\\/?s={search_term_string}\"},\"query-input\":{\"@type\":\"PropertyValueSpecification\",\"valueRequired\":true,\"valueName\":\"search_term_string\"}}],\"inLanguage\":\"en-US\"},{\"@type\":\"Organization\",\"@id\":\"https:\\\/\\\/esthetiquenovani.com\\\/#organization\",\"name\":\"Esth\u00e9tique Huguette Turcotte\",\"url\":\"https:\\\/\\\/esthetiquenovani.com\\\/\",\"logo\":{\"@type\":\"ImageObject\",\"inLanguage\":\"en-US\",\"@id\":\"https:\\\/\\\/esthetiquenovani.com\\\/#\\\/schema\\\/logo\\\/image\\\/\",\"url\":\"https:\\\/\\\/esthetiquenovani.com\\\/wp-content\\\/uploads\\\/2018\\\/01\\\/qui-sommes-nous.jpg\",\"contentUrl\":\"https:\\\/\\\/esthetiquenovani.com\\\/wp-content\\\/uploads\\\/2018\\\/01\\\/qui-sommes-nous.jpg\",\"width\":637,\"height\":425,\"caption\":\"Esth\u00e9tique Huguette Turcotte\"},\"image\":{\"@id\":\"https:\\\/\\\/esthetiquenovani.com\\\/#\\\/schema\\\/logo\\\/image\\\/\"},\"sameAs\":[\"https:\\\/\\\/www.facebook.com\\\/esthetiquehturcotte\"]}]}<\/script>\n<!-- \/ Yoast SEO plugin. -->","yoast_head_json":{"title":"Lait corps BioNutrition - hydratation & nutrition intense- produit qu\u00e9b\u00e9cois","description":"Apaise les d\u00e9mangeaisons caus\u00e9es par une peau s\u00e8che ou d\u00e9shydrat\u00e9e. Augmente l\u2019\u00e9lasticit\u00e9, pr\u00e9vient le vieillissement pr\u00e9matur\u00e9de la peau.","robots":{"index":"index","follow":"follow","max-snippet":"max-snippet:-1","max-image-preview":"max-image-preview:large","max-video-preview":"max-video-preview:-1"},"canonical":"https:\/\/esthetiquenovani.com\/boutique\/gammes\/laboratoire-dr-renaud\/5-cremes-contour-des-yeux\/dr-renaud-lait-corps-hydratation-intense-bionutrition\/","og_locale":"en_US","og_type":"article","og_title":"Lait corps BioNutrition - hydratation & nutrition intense- produit qu\u00e9b\u00e9cois","og_description":"Apaise les d\u00e9mangeaisons caus\u00e9es par une peau s\u00e8che ou d\u00e9shydrat\u00e9e. Augmente l\u2019\u00e9lasticit\u00e9, pr\u00e9vient le vieillissement pr\u00e9matur\u00e9de la peau.","og_url":"https:\/\/esthetiquenovani.com\/boutique\/gammes\/laboratoire-dr-renaud\/5-cremes-contour-des-yeux\/dr-renaud-lait-corps-hydratation-intense-bionutrition\/","og_site_name":"Clinique d'Esth&eacute;tique Novani","article_publisher":"https:\/\/www.facebook.com\/esthetiquehturcotte","article_modified_time":"2023-11-20T22:16:09+00:00","og_image":[{"width":1000,"height":1000,"url":"https:\/\/esthetiquenovani.com\/wp-content\/uploads\/2020\/11\/BioNutrition-promo-launch-lancement_1000x1000px-002.jpg","type":"image\/jpeg"}],"twitter_card":"summary_large_image","schema":{"@context":"https:\/\/schema.org","@graph":[{"@type":"WebPage","@id":"https:\/\/esthetiquenovani.com\/boutique\/gammes\/laboratoire-dr-renaud\/5-cremes-contour-des-yeux\/dr-renaud-lait-corps-hydratation-intense-bionutrition\/","url":"https:\/\/esthetiquenovani.com\/boutique\/gammes\/laboratoire-dr-renaud\/5-cremes-contour-des-yeux\/dr-renaud-lait-corps-hydratation-intense-bionutrition\/","name":"Lait corps BioNutrition - hydratation & nutrition intense- produit qu\u00e9b\u00e9cois","isPartOf":{"@id":"https:\/\/esthetiquenovani.com\/#website"},"primaryImageOfPage":{"@id":"https:\/\/esthetiquenovani.com\/boutique\/gammes\/laboratoire-dr-renaud\/5-cremes-contour-des-yeux\/dr-renaud-lait-corps-hydratation-intense-bionutrition\/#primaryimage"},"image":{"@id":"https:\/\/esthetiquenovani.com\/boutique\/gammes\/laboratoire-dr-renaud\/5-cremes-contour-des-yeux\/dr-renaud-lait-corps-hydratation-intense-bionutrition\/#primaryimage"},"thumbnailUrl":"https:\/\/esthetiquenovani.com\/wp-content\/uploads\/2020\/11\/BioNutrition-promo-launch-lancement_1000x1000px-002.jpg","datePublished":"2020-11-03T01:08:21+00:00","dateModified":"2023-11-20T22:16:09+00:00","description":"Apaise les d\u00e9mangeaisons caus\u00e9es par une peau s\u00e8che ou d\u00e9shydrat\u00e9e. Augmente l\u2019\u00e9lasticit\u00e9, pr\u00e9vient le vieillissement pr\u00e9matur\u00e9de la peau.","breadcrumb":{"@id":"https:\/\/esthetiquenovani.com\/boutique\/gammes\/laboratoire-dr-renaud\/5-cremes-contour-des-yeux\/dr-renaud-lait-corps-hydratation-intense-bionutrition\/#breadcrumb"},"inLanguage":"en-US","potentialAction":[{"@type":"ReadAction","target":["https:\/\/esthetiquenovani.com\/boutique\/gammes\/laboratoire-dr-renaud\/5-cremes-contour-des-yeux\/dr-renaud-lait-corps-hydratation-intense-bionutrition\/"]}]},{"@type":"ImageObject","inLanguage":"en-US","@id":"https:\/\/esthetiquenovani.com\/boutique\/gammes\/laboratoire-dr-renaud\/5-cremes-contour-des-yeux\/dr-renaud-lait-corps-hydratation-intense-bionutrition\/#primaryimage","url":"https:\/\/esthetiquenovani.com\/wp-content\/uploads\/2020\/11\/BioNutrition-promo-launch-lancement_1000x1000px-002.jpg","contentUrl":"https:\/\/esthetiquenovani.com\/wp-content\/uploads\/2020\/11\/BioNutrition-promo-launch-lancement_1000x1000px-002.jpg","width":1000,"height":1000,"caption":"Promotion Boutique en ligne esth\u00e9tique soins visage et corps Longueuil"},{"@type":"BreadcrumbList","@id":"https:\/\/esthetiquenovani.com\/boutique\/gammes\/laboratoire-dr-renaud\/5-cremes-contour-des-yeux\/dr-renaud-lait-corps-hydratation-intense-bionutrition\/#breadcrumb","itemListElement":[{"@type":"ListItem","position":1,"name":"Accueil","item":"https:\/\/esthetiquenovani.com\/en\/"},{"@type":"ListItem","position":2,"name":"Boutique","item":"https:\/\/esthetiquenovani.com\/boutique\/"},{"@type":"ListItem","position":3,"name":"Dr Renaud &#8211; Lait corps hydratation intense BioNutrition"}]},{"@type":"WebSite","@id":"https:\/\/esthetiquenovani.com\/#website","url":"https:\/\/esthetiquenovani.com\/","name":"Clinique d'Esth&eacute;tique Novani","description":"Brossard, Longueil &amp; Chambly","publisher":{"@id":"https:\/\/esthetiquenovani.com\/#organization"},"potentialAction":[{"@type":"SearchAction","target":{"@type":"EntryPoint","urlTemplate":"https:\/\/esthetiquenovani.com\/?s={search_term_string}"},"query-input":{"@type":"PropertyValueSpecification","valueRequired":true,"valueName":"search_term_string"}}],"inLanguage":"en-US"},{"@type":"Organization","@id":"https:\/\/esthetiquenovani.com\/#organization","name":"Esth\u00e9tique Huguette Turcotte","url":"https:\/\/esthetiquenovani.com\/","logo":{"@type":"ImageObject","inLanguage":"en-US","@id":"https:\/\/esthetiquenovani.com\/#\/schema\/logo\/image\/","url":"https:\/\/esthetiquenovani.com\/wp-content\/uploads\/2018\/01\/qui-sommes-nous.jpg","contentUrl":"https:\/\/esthetiquenovani.com\/wp-content\/uploads\/2018\/01\/qui-sommes-nous.jpg","width":637,"height":425,"caption":"Esth\u00e9tique Huguette Turcotte"},"image":{"@id":"https:\/\/esthetiquenovani.com\/#\/schema\/logo\/image\/"},"sameAs":["https:\/\/www.facebook.com\/esthetiquehturcotte"]}]}},"_links":{"self":[{"href":"https:\/\/esthetiquenovani.com\/en\/wp-json\/wp\/v2\/product\/7056","targetHints":{"allow":["GET"]}}],"collection":[{"href":"https:\/\/esthetiquenovani.com\/en\/wp-json\/wp\/v2\/product"}],"about":[{"href":"https:\/\/esthetiquenovani.com\/en\/wp-json\/wp\/v2\/types\/product"}],"wp:featuredmedia":[{"embeddable":true,"href":"https:\/\/esthetiquenovani.com\/en\/wp-json\/wp\/v2\/media\/7060"}],"wp:attachment":[{"href":"https:\/\/esthetiquenovani.com\/en\/wp-json\/wp\/v2\/media?parent=7056"}],"wp:term":[{"taxonomy":"product_brand","embeddable":true,"href":"https:\/\/esthetiquenovani.com\/en\/wp-json\/wp\/v2\/product_brand?post=7056"},{"taxonomy":"product_cat","embeddable":true,"href":"https:\/\/esthetiquenovani.com\/en\/wp-json\/wp\/v2\/product_cat?post=7056"},{"taxonomy":"product_tag","embeddable":true,"href":"https:\/\/esthetiquenovani.com\/en\/wp-json\/wp\/v2\/product_tag?post=7056"}],"curies":[{"name":"wp","href":"https:\/\/api.w.org\/{rel}","templated":true}]}}