{"id":7088,"date":"2020-11-13T19:56:09","date_gmt":"2020-11-14T00:56:09","guid":{"rendered":"https:\/\/esthetiquenovani.com\/?post_type=product&#038;p=7088"},"modified":"2024-01-03T14:30:35","modified_gmt":"2024-01-03T19:30:35","slug":"esthederm-nutri-system-creme-vitale-a-la-gelee-royale","status":"publish","type":"product","link":"https:\/\/esthetiquenovani.com\/en\/boutique\/gammes\/esthederm-meilleures-cremes-anti-rides-estheticienne-longueuil\/cremes-gels-et-baumes\/esthederm-nutri-system-creme-vitale-a-la-gelee-royale\/","title":{"rendered":"Esthederm &#8211; Nutri System &#8211; Cr\u00e8me Vitale \u00e0 la Gel\u00e9e Royale"},"content":{"rendered":"","protected":false},"excerpt":{"rendered":"<div class=\"product__collapse \">\n<div class=\"woocommerce-product-details__short-description\">\n<p>Un soin jeunesse sp\u00e9cialement con\u00e7u pour apporter \u00e0 la peau tous les \u00e9l\u00e9ments indispensables au maintien de son \u00e9quilibre nutritionnel.<\/p>\n<\/div>\n<div id=\"benefits-bienfaits\" class=\"product__collapse-panel\">\n<p>Gr\u00e2ce \u00e0 une haute concentration en gel\u00e9e royale, la peau est intens\u00e9ment, durablement nourrie et fortifi\u00e9e.<\/p>\n<\/div>\n<\/div>\n<div class=\"product__collapse \">\n<p class=\"h5\">CONSEILS D&#8217;APPLICATION<\/p>\n<div id=\"benefits-dapplication\" class=\"product__collapse-panel\">\n<p>Appliquer matin et\/ou soir, seul ou en compl\u00e9ment du Concentr\u00e9 Cellulaire, sur le visage et le cou. Peut s\u2019utiliser en cure intensive d\u2019un mois, au cours des changements de saison et pendant l\u2019hiver.<\/p>\n<\/div>\n<\/div>\n","protected":false},"featured_media":7089,"template":"","meta":{"_et_pb_use_builder":"","_et_pb_old_content":"","_et_gb_content_width":""},"product_brand":[],"product_cat":[99,62,51,50,55,56,48],"product_tag":[],"class_list":{"0":"post-7088","1":"product","2":"type-product","3":"status-publish","4":"has-post-thumbnail","6":"product_cat-cremes-gels-et-baumes","7":"product_cat-cremes","8":"product_cat-deshydratation-et-secheresse","9":"product_cat-esthederm-meilleures-cremes-anti-rides-estheticienne-longueuil","10":"product_cat-jeunesse-prevention","11":"product_cat-premiers-signes-de-lage","12":"product_cat-sensibilites-et-rougeurs","14":"first","15":"instock","16":"taxable","17":"shipping-taxable","18":"purchasable","19":"product-type-simple"},"yoast_head":"<!-- This site is optimized with the Yoast SEO plugin v27.4 - https:\/\/yoast.com\/product\/yoast-seo-wordpress\/ -->\n<title>Esthederm - Cr\u00e8me vitale gel\u00e9e royale - pour peau d\u00e9nutrie, d\u00e9shydrat\u00e9e<\/title>\n<meta name=\"description\" content=\"Gr\u00e2ce \u00e0 une haute concentration en gel\u00e9e royale, la peau est intens\u00e9ment, durablement nourrie et fortifi\u00e9e.\" \/>\n<meta name=\"robots\" content=\"index, follow, max-snippet:-1, max-image-preview:large, max-video-preview:-1\" \/>\n<link rel=\"canonical\" href=\"https:\/\/esthetiquenovani.com\/boutique\/gammes\/esthederm-meilleures-cremes-anti-rides-estheticienne-longueuil\/cremes-gels-et-baumes\/esthederm-nutri-system-creme-vitale-a-la-gelee-royale\/\" \/>\n<meta property=\"og:locale\" content=\"en_US\" \/>\n<meta property=\"og:type\" content=\"article\" \/>\n<meta property=\"og:title\" content=\"Esthederm - Cr\u00e8me vitale gel\u00e9e royale - pour peau d\u00e9nutrie, d\u00e9shydrat\u00e9e\" \/>\n<meta property=\"og:description\" content=\"Gr\u00e2ce \u00e0 une haute concentration en gel\u00e9e royale, la peau est intens\u00e9ment, durablement nourrie et fortifi\u00e9e.\" \/>\n<meta property=\"og:url\" content=\"https:\/\/esthetiquenovani.com\/boutique\/gammes\/esthederm-meilleures-cremes-anti-rides-estheticienne-longueuil\/cremes-gels-et-baumes\/esthederm-nutri-system-creme-vitale-a-la-gelee-royale\/\" \/>\n<meta property=\"og:site_name\" content=\"Clinique d&#039;Esth&eacute;tique Novani\" \/>\n<meta property=\"article:publisher\" content=\"https:\/\/www.facebook.com\/esthetiquehturcotte\" \/>\n<meta property=\"article:modified_time\" content=\"2024-01-03T19:30:35+00:00\" \/>\n<meta property=\"og:image\" content=\"https:\/\/esthetiquenovani.com\/wp-content\/uploads\/2020\/11\/gelee-royale-nutri-system-esthederm.png\" \/>\n\t<meta property=\"og:image:width\" content=\"519\" \/>\n\t<meta property=\"og:image:height\" content=\"521\" \/>\n\t<meta property=\"og:image:type\" content=\"image\/png\" \/>\n<meta name=\"twitter:card\" content=\"summary_large_image\" \/>\n<script type=\"application\/ld+json\" class=\"yoast-schema-graph\">{\"@context\":\"https:\\\/\\\/schema.org\",\"@graph\":[{\"@type\":\"WebPage\",\"@id\":\"https:\\\/\\\/esthetiquenovani.com\\\/boutique\\\/gammes\\\/esthederm-meilleures-cremes-anti-rides-estheticienne-longueuil\\\/cremes-gels-et-baumes\\\/esthederm-nutri-system-creme-vitale-a-la-gelee-royale\\\/\",\"url\":\"https:\\\/\\\/esthetiquenovani.com\\\/boutique\\\/gammes\\\/esthederm-meilleures-cremes-anti-rides-estheticienne-longueuil\\\/cremes-gels-et-baumes\\\/esthederm-nutri-system-creme-vitale-a-la-gelee-royale\\\/\",\"name\":\"Esthederm - Cr\u00e8me vitale gel\u00e9e royale - pour peau d\u00e9nutrie, d\u00e9shydrat\u00e9e\",\"isPartOf\":{\"@id\":\"https:\\\/\\\/esthetiquenovani.com\\\/#website\"},\"primaryImageOfPage\":{\"@id\":\"https:\\\/\\\/esthetiquenovani.com\\\/boutique\\\/gammes\\\/esthederm-meilleures-cremes-anti-rides-estheticienne-longueuil\\\/cremes-gels-et-baumes\\\/esthederm-nutri-system-creme-vitale-a-la-gelee-royale\\\/#primaryimage\"},\"image\":{\"@id\":\"https:\\\/\\\/esthetiquenovani.com\\\/boutique\\\/gammes\\\/esthederm-meilleures-cremes-anti-rides-estheticienne-longueuil\\\/cremes-gels-et-baumes\\\/esthederm-nutri-system-creme-vitale-a-la-gelee-royale\\\/#primaryimage\"},\"thumbnailUrl\":\"https:\\\/\\\/esthetiquenovani.com\\\/wp-content\\\/uploads\\\/2020\\\/11\\\/gelee-royale-nutri-system-esthederm.png\",\"datePublished\":\"2020-11-14T00:56:09+00:00\",\"dateModified\":\"2024-01-03T19:30:35+00:00\",\"description\":\"Gr\u00e2ce \u00e0 une haute concentration en gel\u00e9e royale, la peau est intens\u00e9ment, durablement nourrie et fortifi\u00e9e.\",\"breadcrumb\":{\"@id\":\"https:\\\/\\\/esthetiquenovani.com\\\/boutique\\\/gammes\\\/esthederm-meilleures-cremes-anti-rides-estheticienne-longueuil\\\/cremes-gels-et-baumes\\\/esthederm-nutri-system-creme-vitale-a-la-gelee-royale\\\/#breadcrumb\"},\"inLanguage\":\"en-US\",\"potentialAction\":[{\"@type\":\"ReadAction\",\"target\":[\"https:\\\/\\\/esthetiquenovani.com\\\/boutique\\\/gammes\\\/esthederm-meilleures-cremes-anti-rides-estheticienne-longueuil\\\/cremes-gels-et-baumes\\\/esthederm-nutri-system-creme-vitale-a-la-gelee-royale\\\/\"]}]},{\"@type\":\"ImageObject\",\"inLanguage\":\"en-US\",\"@id\":\"https:\\\/\\\/esthetiquenovani.com\\\/boutique\\\/gammes\\\/esthederm-meilleures-cremes-anti-rides-estheticienne-longueuil\\\/cremes-gels-et-baumes\\\/esthederm-nutri-system-creme-vitale-a-la-gelee-royale\\\/#primaryimage\",\"url\":\"https:\\\/\\\/esthetiquenovani.com\\\/wp-content\\\/uploads\\\/2020\\\/11\\\/gelee-royale-nutri-system-esthederm.png\",\"contentUrl\":\"https:\\\/\\\/esthetiquenovani.com\\\/wp-content\\\/uploads\\\/2020\\\/11\\\/gelee-royale-nutri-system-esthederm.png\",\"width\":519,\"height\":521,\"caption\":\"Promotion Boutique en ligne esth\u00e9tique soins visage et corps Longueuil\"},{\"@type\":\"BreadcrumbList\",\"@id\":\"https:\\\/\\\/esthetiquenovani.com\\\/boutique\\\/gammes\\\/esthederm-meilleures-cremes-anti-rides-estheticienne-longueuil\\\/cremes-gels-et-baumes\\\/esthederm-nutri-system-creme-vitale-a-la-gelee-royale\\\/#breadcrumb\",\"itemListElement\":[{\"@type\":\"ListItem\",\"position\":1,\"name\":\"Accueil\",\"item\":\"https:\\\/\\\/esthetiquenovani.com\\\/en\\\/\"},{\"@type\":\"ListItem\",\"position\":2,\"name\":\"Boutique\",\"item\":\"https:\\\/\\\/esthetiquenovani.com\\\/boutique\\\/\"},{\"@type\":\"ListItem\",\"position\":3,\"name\":\"Esthederm &#8211; Nutri System &#8211; Cr\u00e8me Vitale \u00e0 la Gel\u00e9e Royale\"}]},{\"@type\":\"WebSite\",\"@id\":\"https:\\\/\\\/esthetiquenovani.com\\\/#website\",\"url\":\"https:\\\/\\\/esthetiquenovani.com\\\/\",\"name\":\"Clinique d'Esth&eacute;tique Novani\",\"description\":\"Brossard, Longueil &amp; Chambly\",\"publisher\":{\"@id\":\"https:\\\/\\\/esthetiquenovani.com\\\/#organization\"},\"potentialAction\":[{\"@type\":\"SearchAction\",\"target\":{\"@type\":\"EntryPoint\",\"urlTemplate\":\"https:\\\/\\\/esthetiquenovani.com\\\/?s={search_term_string}\"},\"query-input\":{\"@type\":\"PropertyValueSpecification\",\"valueRequired\":true,\"valueName\":\"search_term_string\"}}],\"inLanguage\":\"en-US\"},{\"@type\":\"Organization\",\"@id\":\"https:\\\/\\\/esthetiquenovani.com\\\/#organization\",\"name\":\"Esth\u00e9tique Huguette Turcotte\",\"url\":\"https:\\\/\\\/esthetiquenovani.com\\\/\",\"logo\":{\"@type\":\"ImageObject\",\"inLanguage\":\"en-US\",\"@id\":\"https:\\\/\\\/esthetiquenovani.com\\\/#\\\/schema\\\/logo\\\/image\\\/\",\"url\":\"https:\\\/\\\/esthetiquenovani.com\\\/wp-content\\\/uploads\\\/2018\\\/01\\\/qui-sommes-nous.jpg\",\"contentUrl\":\"https:\\\/\\\/esthetiquenovani.com\\\/wp-content\\\/uploads\\\/2018\\\/01\\\/qui-sommes-nous.jpg\",\"width\":637,\"height\":425,\"caption\":\"Esth\u00e9tique Huguette Turcotte\"},\"image\":{\"@id\":\"https:\\\/\\\/esthetiquenovani.com\\\/#\\\/schema\\\/logo\\\/image\\\/\"},\"sameAs\":[\"https:\\\/\\\/www.facebook.com\\\/esthetiquehturcotte\"]}]}<\/script>\n<!-- \/ Yoast SEO plugin. -->","yoast_head_json":{"title":"Esthederm - Cr\u00e8me vitale gel\u00e9e royale - pour peau d\u00e9nutrie, d\u00e9shydrat\u00e9e","description":"Gr\u00e2ce \u00e0 une haute concentration en gel\u00e9e royale, la peau est intens\u00e9ment, durablement nourrie et fortifi\u00e9e.","robots":{"index":"index","follow":"follow","max-snippet":"max-snippet:-1","max-image-preview":"max-image-preview:large","max-video-preview":"max-video-preview:-1"},"canonical":"https:\/\/esthetiquenovani.com\/boutique\/gammes\/esthederm-meilleures-cremes-anti-rides-estheticienne-longueuil\/cremes-gels-et-baumes\/esthederm-nutri-system-creme-vitale-a-la-gelee-royale\/","og_locale":"en_US","og_type":"article","og_title":"Esthederm - Cr\u00e8me vitale gel\u00e9e royale - pour peau d\u00e9nutrie, d\u00e9shydrat\u00e9e","og_description":"Gr\u00e2ce \u00e0 une haute concentration en gel\u00e9e royale, la peau est intens\u00e9ment, durablement nourrie et fortifi\u00e9e.","og_url":"https:\/\/esthetiquenovani.com\/boutique\/gammes\/esthederm-meilleures-cremes-anti-rides-estheticienne-longueuil\/cremes-gels-et-baumes\/esthederm-nutri-system-creme-vitale-a-la-gelee-royale\/","og_site_name":"Clinique d'Esth&eacute;tique Novani","article_publisher":"https:\/\/www.facebook.com\/esthetiquehturcotte","article_modified_time":"2024-01-03T19:30:35+00:00","og_image":[{"width":519,"height":521,"url":"https:\/\/esthetiquenovani.com\/wp-content\/uploads\/2020\/11\/gelee-royale-nutri-system-esthederm.png","type":"image\/png"}],"twitter_card":"summary_large_image","schema":{"@context":"https:\/\/schema.org","@graph":[{"@type":"WebPage","@id":"https:\/\/esthetiquenovani.com\/boutique\/gammes\/esthederm-meilleures-cremes-anti-rides-estheticienne-longueuil\/cremes-gels-et-baumes\/esthederm-nutri-system-creme-vitale-a-la-gelee-royale\/","url":"https:\/\/esthetiquenovani.com\/boutique\/gammes\/esthederm-meilleures-cremes-anti-rides-estheticienne-longueuil\/cremes-gels-et-baumes\/esthederm-nutri-system-creme-vitale-a-la-gelee-royale\/","name":"Esthederm - Cr\u00e8me vitale gel\u00e9e royale - pour peau d\u00e9nutrie, d\u00e9shydrat\u00e9e","isPartOf":{"@id":"https:\/\/esthetiquenovani.com\/#website"},"primaryImageOfPage":{"@id":"https:\/\/esthetiquenovani.com\/boutique\/gammes\/esthederm-meilleures-cremes-anti-rides-estheticienne-longueuil\/cremes-gels-et-baumes\/esthederm-nutri-system-creme-vitale-a-la-gelee-royale\/#primaryimage"},"image":{"@id":"https:\/\/esthetiquenovani.com\/boutique\/gammes\/esthederm-meilleures-cremes-anti-rides-estheticienne-longueuil\/cremes-gels-et-baumes\/esthederm-nutri-system-creme-vitale-a-la-gelee-royale\/#primaryimage"},"thumbnailUrl":"https:\/\/esthetiquenovani.com\/wp-content\/uploads\/2020\/11\/gelee-royale-nutri-system-esthederm.png","datePublished":"2020-11-14T00:56:09+00:00","dateModified":"2024-01-03T19:30:35+00:00","description":"Gr\u00e2ce \u00e0 une haute concentration en gel\u00e9e royale, la peau est intens\u00e9ment, durablement nourrie et fortifi\u00e9e.","breadcrumb":{"@id":"https:\/\/esthetiquenovani.com\/boutique\/gammes\/esthederm-meilleures-cremes-anti-rides-estheticienne-longueuil\/cremes-gels-et-baumes\/esthederm-nutri-system-creme-vitale-a-la-gelee-royale\/#breadcrumb"},"inLanguage":"en-US","potentialAction":[{"@type":"ReadAction","target":["https:\/\/esthetiquenovani.com\/boutique\/gammes\/esthederm-meilleures-cremes-anti-rides-estheticienne-longueuil\/cremes-gels-et-baumes\/esthederm-nutri-system-creme-vitale-a-la-gelee-royale\/"]}]},{"@type":"ImageObject","inLanguage":"en-US","@id":"https:\/\/esthetiquenovani.com\/boutique\/gammes\/esthederm-meilleures-cremes-anti-rides-estheticienne-longueuil\/cremes-gels-et-baumes\/esthederm-nutri-system-creme-vitale-a-la-gelee-royale\/#primaryimage","url":"https:\/\/esthetiquenovani.com\/wp-content\/uploads\/2020\/11\/gelee-royale-nutri-system-esthederm.png","contentUrl":"https:\/\/esthetiquenovani.com\/wp-content\/uploads\/2020\/11\/gelee-royale-nutri-system-esthederm.png","width":519,"height":521,"caption":"Promotion Boutique en ligne esth\u00e9tique soins visage et corps Longueuil"},{"@type":"BreadcrumbList","@id":"https:\/\/esthetiquenovani.com\/boutique\/gammes\/esthederm-meilleures-cremes-anti-rides-estheticienne-longueuil\/cremes-gels-et-baumes\/esthederm-nutri-system-creme-vitale-a-la-gelee-royale\/#breadcrumb","itemListElement":[{"@type":"ListItem","position":1,"name":"Accueil","item":"https:\/\/esthetiquenovani.com\/en\/"},{"@type":"ListItem","position":2,"name":"Boutique","item":"https:\/\/esthetiquenovani.com\/boutique\/"},{"@type":"ListItem","position":3,"name":"Esthederm &#8211; Nutri System &#8211; Cr\u00e8me Vitale \u00e0 la Gel\u00e9e Royale"}]},{"@type":"WebSite","@id":"https:\/\/esthetiquenovani.com\/#website","url":"https:\/\/esthetiquenovani.com\/","name":"Clinique d'Esth&eacute;tique Novani","description":"Brossard, Longueil &amp; Chambly","publisher":{"@id":"https:\/\/esthetiquenovani.com\/#organization"},"potentialAction":[{"@type":"SearchAction","target":{"@type":"EntryPoint","urlTemplate":"https:\/\/esthetiquenovani.com\/?s={search_term_string}"},"query-input":{"@type":"PropertyValueSpecification","valueRequired":true,"valueName":"search_term_string"}}],"inLanguage":"en-US"},{"@type":"Organization","@id":"https:\/\/esthetiquenovani.com\/#organization","name":"Esth\u00e9tique Huguette Turcotte","url":"https:\/\/esthetiquenovani.com\/","logo":{"@type":"ImageObject","inLanguage":"en-US","@id":"https:\/\/esthetiquenovani.com\/#\/schema\/logo\/image\/","url":"https:\/\/esthetiquenovani.com\/wp-content\/uploads\/2018\/01\/qui-sommes-nous.jpg","contentUrl":"https:\/\/esthetiquenovani.com\/wp-content\/uploads\/2018\/01\/qui-sommes-nous.jpg","width":637,"height":425,"caption":"Esth\u00e9tique Huguette Turcotte"},"image":{"@id":"https:\/\/esthetiquenovani.com\/#\/schema\/logo\/image\/"},"sameAs":["https:\/\/www.facebook.com\/esthetiquehturcotte"]}]}},"_links":{"self":[{"href":"https:\/\/esthetiquenovani.com\/en\/wp-json\/wp\/v2\/product\/7088","targetHints":{"allow":["GET"]}}],"collection":[{"href":"https:\/\/esthetiquenovani.com\/en\/wp-json\/wp\/v2\/product"}],"about":[{"href":"https:\/\/esthetiquenovani.com\/en\/wp-json\/wp\/v2\/types\/product"}],"wp:featuredmedia":[{"embeddable":true,"href":"https:\/\/esthetiquenovani.com\/en\/wp-json\/wp\/v2\/media\/7089"}],"wp:attachment":[{"href":"https:\/\/esthetiquenovani.com\/en\/wp-json\/wp\/v2\/media?parent=7088"}],"wp:term":[{"taxonomy":"product_brand","embeddable":true,"href":"https:\/\/esthetiquenovani.com\/en\/wp-json\/wp\/v2\/product_brand?post=7088"},{"taxonomy":"product_cat","embeddable":true,"href":"https:\/\/esthetiquenovani.com\/en\/wp-json\/wp\/v2\/product_cat?post=7088"},{"taxonomy":"product_tag","embeddable":true,"href":"https:\/\/esthetiquenovani.com\/en\/wp-json\/wp\/v2\/product_tag?post=7088"}],"curies":[{"name":"wp","href":"https:\/\/api.w.org\/{rel}","templated":true}]}}